{"id":10312,"date":"2025-04-21T15:52:44","date_gmt":"2025-04-21T13:52:44","guid":{"rendered":"https:\/\/cdgolf33.com\/?page_id=10312"},"modified":"2025-05-03T10:15:40","modified_gmt":"2025-05-03T08:15:40","slug":"pitch-putt-2025-tour-5-compte-rendu","status":"publish","type":"page","link":"https:\/\/cdgolf33.com\/index.php\/pitch-putt-2025-tour-5-compte-rendu\/","title":{"rendered":"Pitch &#038; Putt 2025 : Tour 5, compte-rendu"},"content":{"rendered":"\t\t<div data-elementor-type=\"wp-page\" data-elementor-id=\"10312\" class=\"elementor elementor-10312\">\n\t\t\t\t<div class=\"elementor-element elementor-element-81ae8ba e-flex e-con-boxed e-con e-parent\" data-id=\"81ae8ba\" data-element_type=\"container\" data-e-type=\"container\">\n\t\t\t\t\t<div class=\"e-con-inner\">\n\t\t\t\t<div class=\"elementor-element elementor-element-a0a7c90 elementor-align-center elementor-widget elementor-widget-button\" data-id=\"a0a7c90\" data-element_type=\"widget\" data-e-type=\"widget\" data-widget_type=\"button.default\">\n\t\t\t\t<div class=\"elementor-widget-container\">\n\t\t\t\t\t\t\t\t\t<div class=\"elementor-button-wrapper\">\n\t\t\t\t\t<a class=\"elementor-button elementor-button-link elementor-size-sm\" href=\"https:\/\/cdgolf33.com\/index.php\/pitch-putt-2025-video-tour1\/\">\n\t\t\t\t\t\t<span class=\"elementor-button-content-wrapper\">\n\t\t\t\t\t\t<span class=\"elementor-button-icon\">\n\t\t\t\t<svg aria-hidden=\"true\" class=\"e-font-icon-svg e-fas-video\" viewBox=\"0 0 576 512\" xmlns=\"http:\/\/www.w3.org\/2000\/svg\"><path d=\"M336.2 64H47.8C21.4 64 0 85.4 0 111.8v288.4C0 426.6 21.4 448 47.8 448h288.4c26.4 0 47.8-21.4 47.8-47.8V111.8c0-26.4-21.4-47.8-47.8-47.8zm189.4 37.7L416 177.3v157.4l109.6 75.5c21.2 14.6 50.4-.3 50.4-25.8V127.5c0-25.4-29.1-40.4-50.4-25.8z\"><\/path><\/svg>\t\t\t<\/span>\n\t\t\t\t\t\t\t\t\t<span class=\"elementor-button-text\">Vid\u00e9os des Tours 1, 2, 3, 4, 5<\/span>\n\t\t\t\t\t<\/span>\n\t\t\t\t\t<\/a>\n\t\t\t\t<\/div>\n\t\t\t\t\t\t\t\t<\/div>\n\t\t\t\t<\/div>\n\t\t\t\t\t<\/div>\n\t\t\t\t<\/div>\n\t\t<div class=\"elementor-element elementor-element-f236390 e-flex e-con-boxed e-con e-parent\" data-id=\"f236390\" data-element_type=\"container\" data-e-type=\"container\">\n\t\t\t\t\t<div class=\"e-con-inner\">\n\t\t\t\t<div class=\"elementor-element elementor-element-834d0f1 elementor-widget-divider--separator-type-pattern elementor-widget-divider--view-line elementor-widget elementor-widget-divider\" data-id=\"834d0f1\" data-element_type=\"widget\" data-e-type=\"widget\" data-widget_type=\"divider.default\">\n\t\t\t\t<div class=\"elementor-widget-container\">\n\t\t\t\t\t\t\t<div class=\"elementor-divider\" style=\"--divider-pattern-url: url(&quot;data:image\/svg+xml,%3Csvg xmlns=&#039;http:\/\/www.w3.org\/2000\/svg&#039; preserveAspectRatio=&#039;none&#039; overflow=&#039;visible&#039; height=&#039;100%&#039; viewBox=&#039;0 0 24 24&#039; fill=&#039;none&#039; stroke=&#039;black&#039; stroke-width=&#039;1&#039; stroke-linecap=&#039;square&#039; stroke-miterlimit=&#039;10&#039;%3E%3Cpath d=&#039;M0,6c6,0,0.9,11.1,6.9,11.1S18,6,24,6&#039;\/%3E%3C\/svg%3E&quot;);\">\n\t\t\t<span class=\"elementor-divider-separator\">\n\t\t\t\t\t\t<\/span>\n\t\t<\/div>\n\t\t\t\t\t\t<\/div>\n\t\t\t\t<\/div>\n\t\t\t\t\t<\/div>\n\t\t\t\t<\/div>\n\t\t<div class=\"elementor-element elementor-element-6116343 e-flex e-con-boxed e-con e-parent\" data-id=\"6116343\" data-element_type=\"container\" data-e-type=\"container\">\n\t\t\t\t\t<div class=\"e-con-inner\">\n\t\t\t\t<div class=\"elementor-element elementor-element-c45c156 elementor-widget elementor-widget-text-editor\" data-id=\"c45c156\" data-element_type=\"widget\" data-e-type=\"widget\" data-widget_type=\"text-editor.default\">\n\t\t\t\t<div class=\"elementor-widget-container\">\n\t\t\t\t\t\t\t\t\t<p style=\"text-align: center;\"><span style=\"color: #000000; font-family: Arial, Helvetica, sans-serif; font-size: 24px;\"><b>\u00a0<\/b><\/span><b style=\"color: #000000; font-family: Arial, Helvetica, sans-serif; font-size: 24px;\">Pitch &amp; Putt 2025 : TOUR 5<\/b><\/p><p style=\"text-align: center;\"><span style=\"font-size: 24px;\"><strong><span style=\"color: #000000; font-family: Arial, Helvetica, sans-serif;\">au Golf de Cameyrac ayant eu lieu le 26 Avril 2025<\/span><\/strong><\/span><\/p><p style=\"text-align: center;\"><\/p>\t\t\t\t\t\t\t\t<\/div>\n\t\t\t\t<\/div>\n\t\t\t\t\t<\/div>\n\t\t\t\t<\/div>\n\t\t<div class=\"elementor-element elementor-element-619b976 e-flex e-con-boxed e-con e-parent\" data-id=\"619b976\" data-element_type=\"container\" data-e-type=\"container\">\n\t\t\t\t\t<div class=\"e-con-inner\">\n\t\t\t\t<div class=\"elementor-element elementor-element-9f59cac elementor-widget elementor-widget-image\" data-id=\"9f59cac\" data-element_type=\"widget\" data-e-type=\"widget\" data-widget_type=\"image.default\">\n\t\t\t\t<div class=\"elementor-widget-container\">\n\t\t\t\t\t\t\t\t\t\t\t\t\t\t\t<img fetchpriority=\"high\" decoding=\"async\" width=\"2048\" height=\"1536\" src=\"https:\/\/cdgolf33.com\/wp-content\/uploads\/2025\/05\/20250426_084700-2048x1536.webp\" class=\"attachment-2048x2048 size-2048x2048 wp-image-10577\" alt=\"\" srcset=\"https:\/\/cdgolf33.com\/wp-content\/uploads\/2025\/05\/20250426_084700-2048x1536.webp 2048w, https:\/\/cdgolf33.com\/wp-content\/uploads\/2025\/05\/20250426_084700-300x225.webp 300w, https:\/\/cdgolf33.com\/wp-content\/uploads\/2025\/05\/20250426_084700-1024x768.webp 1024w, https:\/\/cdgolf33.com\/wp-content\/uploads\/2025\/05\/20250426_084700-768x576.webp 768w, https:\/\/cdgolf33.com\/wp-content\/uploads\/2025\/05\/20250426_084700-1536x1152.webp 1536w\" sizes=\"(max-width: 2048px) 100vw, 2048px\" \/>\t\t\t\t\t\t\t\t\t\t\t\t\t\t\t<\/div>\n\t\t\t\t<\/div>\n\t\t\t\t<div class=\"elementor-element elementor-element-b69789f elementor-widget elementor-widget-image\" data-id=\"b69789f\" data-element_type=\"widget\" data-e-type=\"widget\" data-widget_type=\"image.default\">\n\t\t\t\t<div class=\"elementor-widget-container\">\n\t\t\t\t\t\t\t\t\t\t\t\t\t\t\t<img decoding=\"async\" width=\"2048\" height=\"1536\" src=\"https:\/\/cdgolf33.com\/wp-content\/uploads\/2025\/05\/20250426_114153-2048x1536.webp\" class=\"attachment-2048x2048 size-2048x2048 wp-image-10578\" alt=\"\" srcset=\"https:\/\/cdgolf33.com\/wp-content\/uploads\/2025\/05\/20250426_114153-2048x1536.webp 2048w, https:\/\/cdgolf33.com\/wp-content\/uploads\/2025\/05\/20250426_114153-300x225.webp 300w, https:\/\/cdgolf33.com\/wp-content\/uploads\/2025\/05\/20250426_114153-1024x768.webp 1024w, https:\/\/cdgolf33.com\/wp-content\/uploads\/2025\/05\/20250426_114153-768x576.webp 768w, https:\/\/cdgolf33.com\/wp-content\/uploads\/2025\/05\/20250426_114153-1536x1152.webp 1536w\" sizes=\"(max-width: 2048px) 100vw, 2048px\" \/>\t\t\t\t\t\t\t\t\t\t\t\t\t\t\t<\/div>\n\t\t\t\t<\/div>\n\t\t\t\t\t<\/div>\n\t\t\t\t<\/div>\n\t\t<div class=\"elementor-element elementor-element-ca12159 e-flex e-con-boxed e-con e-parent\" data-id=\"ca12159\" data-element_type=\"container\" data-e-type=\"container\">\n\t\t\t\t\t<div class=\"e-con-inner\">\n\t\t\t\t<div class=\"elementor-element elementor-element-dba9587 elementor-widget elementor-widget-text-editor\" data-id=\"dba9587\" data-element_type=\"widget\" data-e-type=\"widget\" data-widget_type=\"text-editor.default\">\n\t\t\t\t<div class=\"elementor-widget-container\">\n\t\t\t\t\t\t\t\t\t<p style=\"text-align: center;\"><span style=\"color: #000000; font-family: Arial, Helvetica, sans-serif; font-size: 24px;\"><b>\u00a0<\/b><\/span><span style=\"font-size: 20px; color: #000000; font-family: Arial, Helvetica, sans-serif;\">\u00a0<\/span><span style=\"font-size: 20px; color: #000000; font-family: Arial, Helvetica, sans-serif;\">Deux des trois vagues de d\u00e9parts \u00e0 Cameyrac<\/span><\/p><p style=\"text-align: center;\"><\/p>\t\t\t\t\t\t\t\t<\/div>\n\t\t\t\t<\/div>\n\t\t\t\t\t<\/div>\n\t\t\t\t<\/div>\n\t\t<div class=\"elementor-element elementor-element-ff48a28 e-flex e-con-boxed e-con e-parent\" data-id=\"ff48a28\" data-element_type=\"container\" data-e-type=\"container\">\n\t\t\t\t\t<div class=\"e-con-inner\">\n\t\t\t\t<div class=\"elementor-element elementor-element-3b2d5c7 elementor-widget elementor-widget-image\" data-id=\"3b2d5c7\" data-element_type=\"widget\" data-e-type=\"widget\" data-widget_type=\"image.default\">\n\t\t\t\t<div class=\"elementor-widget-container\">\n\t\t\t\t\t\t\t\t\t\t\t\t\t\t\t<img decoding=\"async\" width=\"300\" height=\"130\" src=\"https:\/\/cdgolf33.com\/wp-content\/uploads\/2025\/03\/Logo-PitchandPutt2025-300x130.png\" class=\"attachment-medium size-medium wp-image-9227\" alt=\"\" srcset=\"https:\/\/cdgolf33.com\/wp-content\/uploads\/2025\/03\/Logo-PitchandPutt2025-300x130.png 300w, https:\/\/cdgolf33.com\/wp-content\/uploads\/2025\/03\/Logo-PitchandPutt2025-1024x443.png 1024w, https:\/\/cdgolf33.com\/wp-content\/uploads\/2025\/03\/Logo-PitchandPutt2025-768x332.png 768w, https:\/\/cdgolf33.com\/wp-content\/uploads\/2025\/03\/Logo-PitchandPutt2025-1536x665.png 1536w, https:\/\/cdgolf33.com\/wp-content\/uploads\/2025\/03\/Logo-PitchandPutt2025.png 2010w\" sizes=\"(max-width: 300px) 100vw, 300px\" \/>\t\t\t\t\t\t\t\t\t\t\t\t\t\t\t<\/div>\n\t\t\t\t<\/div>\n\t\t\t\t\t<\/div>\n\t\t\t\t<\/div>\n\t\t<div class=\"elementor-element elementor-element-5fc3f13 e-flex e-con-boxed e-con e-parent\" data-id=\"5fc3f13\" data-element_type=\"container\" data-e-type=\"container\">\n\t\t\t\t\t<div class=\"e-con-inner\">\n\t\t\t\t<div class=\"elementor-element elementor-element-ad59dbf elementor-widget elementor-widget-text-editor\" data-id=\"ad59dbf\" data-element_type=\"widget\" data-e-type=\"widget\" data-widget_type=\"text-editor.default\">\n\t\t\t\t<div class=\"elementor-widget-container\">\n\t\t\t\t\t\t\t\t\t<p style=\"text-align: center;\"><span style=\"color: #000000; font-family: Arial, Helvetica, sans-serif; font-size: 16px; text-align: start;\">L\u2019aventure du Pitch &amp; Putt Tour\u00a0continue.<\/span><br style=\"color: #000000; font-family: Arial, Helvetica, sans-serif; font-size: 16px; text-align: start;\" \/><span style=\"color: #000000; font-family: Arial, Helvetica, sans-serif; font-size: 16px; text-align: start;\">Tous les joueurs\u00a0inscrits\u00a0on r\u00e9pondu pr\u00e9sent malgr\u00e9 une m\u00e9t\u00e9o\u00a0annonc\u00e9e comme compliqu\u00e9e.<\/span><br style=\"color: #000000; font-family: Arial, Helvetica, sans-serif; font-size: 16px; text-align: start;\" \/><span style=\"color: #000000; font-family: Arial, Helvetica, sans-serif; font-size: 16px; text-align: start;\">La premi\u00e8re vague de 9h\u00a0n\u2019a pas eu de pluie, la deuxi\u00e8me vague de 12h\u00a0non plus, et\u00a0la troisi\u00e8me vague de 15 heures a eu\u00a0quelques gouttes de pluie.<\/span><br style=\"color: #000000; font-family: Arial, Helvetica, sans-serif; font-size: 16px; text-align: start;\" \/><span style=\"color: #000000; font-family: Arial, Helvetica, sans-serif; font-size: 16px; text-align: start;\">La comp\u00e9tition s\u2019est d\u00e9roul\u00e9e sur un terrain plut\u00f4t gras, mais n\u2019a pas emp\u00each\u00e9 certain joueurs de performer.<\/span><br style=\"color: #000000; font-family: Arial, Helvetica, sans-serif; font-size: 16px; text-align: start;\" \/><span style=\"color: #000000; font-family: Arial, Helvetica, sans-serif; font-size: 16px; text-align: start;\">\u00a0Nous remercions toute l\u2019\u00e9quipe\u00a0du Golf De Cameyrac pour sa collaboration et l&rsquo;implication dans le d\u00e9roulement de notre comp\u00e9tition.<\/span><\/p><p style=\"text-align: center;\"><a href=\"https:\/\/cdgolf33.com\/index.php\/pitch-putt-2025-video-tour1\/\" title=\"Vid\u00e9o du Tour 5\"><span style=\"color: #000000; font-family: Arial, Helvetica, sans-serif; font-size: 16px; text-align: start;\"><span style=\"color: #339966;\"><strong>&gt;&gt; Vid\u00e9o du Tour 5<\/strong><\/span><\/span><\/a><\/p><p style=\"text-align: center;\"><span style=\"color: #000000; font-family: Arial, Helvetica, sans-serif; font-size: 16px; text-align: start;\"><b>Rendez-vous dimanche 18 mai 2025 \u00e0 Bordeaux-Lac pour le 6i\u00e8me et dernier tour, et conna\u00eetre les finalistes de cette belle comp\u00e9tition.<\/b><\/span><\/p><p style=\"text-align: center;\"><span style=\"color: #000000; font-family: Arial, Helvetica, sans-serif; font-size: 16px; text-align: start;\">Toute l\u2019\u00e9quipe du comit\u00e9 de Gironde, vous remercie pour votre participation au Pitch &amp; Putt Tour.<\/span><\/p><p style=\"text-align: center;\"><span style=\"font-family: arial, helvetica, sans-serif; font-size: inherit;\">\u00a0Bon golf \u00e0 vous !\u00a0 \u00a0<\/span><\/p><div style=\"text-align: center;\"><p><strong style=\"font-size: inherit;\"><span style=\"color: #61b6ce; font-family: Arial, Helvetica, sans-serif; font-size: 16px;\">L&rsquo;\u00e9quipe du Pitch &amp; Putt Tour 2025<\/span><\/strong><\/p><\/div>\t\t\t\t\t\t\t\t<\/div>\n\t\t\t\t<\/div>\n\t\t\t\t\t<\/div>\n\t\t\t\t<\/div>\n\t\t<div class=\"elementor-element elementor-element-1a52e1a e-flex e-con-boxed e-con e-parent\" data-id=\"1a52e1a\" data-element_type=\"container\" data-e-type=\"container\">\n\t\t\t\t\t<div class=\"e-con-inner\">\n\t\t\t\t<div class=\"elementor-element elementor-element-6edad6b elementor-widget elementor-widget-shortcode\" data-id=\"6edad6b\" data-element_type=\"widget\" data-e-type=\"widget\" data-widget_type=\"shortcode.default\">\n\t\t\t\t<div class=\"elementor-widget-container\">\n\t\t\t\t\t\t\t<div class=\"elementor-shortcode\"><input type=\"button\" value=\"Retour\" class=\"alg_back_button_input button\" style=\"background-color:#61B6CE\" onclick=\"window.history.back()\" \/><\/div>\n\t\t\t\t\t\t<\/div>\n\t\t\t\t<\/div>\n\t\t\t\t\t<\/div>\n\t\t\t\t<\/div>\n\t\t\t\t<\/div>\n\t\t","protected":false},"excerpt":{"rendered":"<p>Vid\u00e9os des Tours 1, 2, 3, 4, 5 \u00a0Pitch &amp; Putt 2025 : TOUR 5 au Golf de Cameyrac ayant eu lieu le 26 Avril 2025 \u00a0\u00a0Deux des trois vagues de d\u00e9parts \u00e0 Cameyrac L\u2019aventure du Pitch &amp; Putt Tour\u00a0continue.Tous les joueurs\u00a0inscrits\u00a0on r\u00e9pondu pr\u00e9sent malgr\u00e9 une m\u00e9t\u00e9o\u00a0annonc\u00e9e comme compliqu\u00e9e.La premi\u00e8re [&hellip;]<\/p>\n","protected":false},"author":2,"featured_media":0,"parent":0,"menu_order":0,"comment_status":"closed","ping_status":"closed","template":"","meta":{"footnotes":""},"class_list":["post-10312","page","type-page","status-publish","hentry"],"yoast_head":"<!-- This site is optimized with the Yoast SEO plugin v27.4 - https:\/\/yoast.com\/product\/yoast-seo-wordpress\/ -->\n<title>Pitch &amp; Putt 2025 : Tour 5, compte-rendu - Comit\u00e9 D\u00e9partemental de Golf de Gironde<\/title>\n<meta name=\"robots\" content=\"index, follow, max-snippet:-1, max-image-preview:large, max-video-preview:-1\" \/>\n<link rel=\"canonical\" href=\"https:\/\/cdgolf33.com\/index.php\/pitch-putt-2025-tour-5-compte-rendu\/\" \/>\n<meta property=\"og:locale\" content=\"fr_FR\" \/>\n<meta property=\"og:type\" content=\"article\" \/>\n<meta property=\"og:title\" content=\"Pitch &amp; Putt 2025 : Tour 5, compte-rendu - Comit\u00e9 D\u00e9partemental de Golf de Gironde\" \/>\n<meta property=\"og:description\" content=\"Vid\u00e9os des Tours 1, 2, 3, 4, 5 \u00a0Pitch &amp; Putt 2025 : TOUR 5 au Golf de Cameyrac ayant eu lieu le 26 Avril 2025 \u00a0\u00a0Deux des trois vagues de d\u00e9parts \u00e0 Cameyrac L\u2019aventure du Pitch &amp; Putt Tour\u00a0continue.Tous les joueurs\u00a0inscrits\u00a0on r\u00e9pondu pr\u00e9sent malgr\u00e9 une m\u00e9t\u00e9o\u00a0annonc\u00e9e comme compliqu\u00e9e.La premi\u00e8re [&hellip;]\" \/>\n<meta property=\"og:url\" content=\"https:\/\/cdgolf33.com\/index.php\/pitch-putt-2025-tour-5-compte-rendu\/\" \/>\n<meta property=\"og:site_name\" content=\"Comit\u00e9 D\u00e9partemental de Golf de Gironde\" \/>\n<meta property=\"article:modified_time\" content=\"2025-05-03T08:15:40+00:00\" \/>\n<meta property=\"og:image\" content=\"https:\/\/cdgolf33.com\/wp-content\/uploads\/2025\/05\/20250426_084700-scaled.webp\" \/>\n\t<meta property=\"og:image:width\" content=\"2560\" \/>\n\t<meta property=\"og:image:height\" content=\"1920\" \/>\n\t<meta property=\"og:image:type\" content=\"image\/jpeg\" \/>\n<meta name=\"twitter:card\" content=\"summary_large_image\" \/>\n<meta name=\"twitter:site\" content=\"@comitegolf33\" \/>\n<meta name=\"twitter:label1\" content=\"Dur\u00e9e de lecture estim\u00e9e\" \/>\n\t<meta name=\"twitter:data1\" content=\"2 minutes\" \/>\n<script type=\"application\/ld+json\" class=\"yoast-schema-graph\">{\"@context\":\"https:\\\/\\\/schema.org\",\"@graph\":[{\"@type\":\"WebPage\",\"@id\":\"https:\\\/\\\/cdgolf33.com\\\/index.php\\\/pitch-putt-2025-tour-5-compte-rendu\\\/\",\"url\":\"https:\\\/\\\/cdgolf33.com\\\/index.php\\\/pitch-putt-2025-tour-5-compte-rendu\\\/\",\"name\":\"Pitch & Putt 2025 : Tour 5, compte-rendu - Comit\u00e9 D\u00e9partemental de Golf de Gironde\",\"isPartOf\":{\"@id\":\"https:\\\/\\\/cdgolf33.com\\\/#website\"},\"primaryImageOfPage\":{\"@id\":\"https:\\\/\\\/cdgolf33.com\\\/index.php\\\/pitch-putt-2025-tour-5-compte-rendu\\\/#primaryimage\"},\"image\":{\"@id\":\"https:\\\/\\\/cdgolf33.com\\\/index.php\\\/pitch-putt-2025-tour-5-compte-rendu\\\/#primaryimage\"},\"thumbnailUrl\":\"https:\\\/\\\/cdgolf33.com\\\/wp-content\\\/uploads\\\/2025\\\/05\\\/20250426_084700-2048x1536.webp\",\"datePublished\":\"2025-04-21T13:52:44+00:00\",\"dateModified\":\"2025-05-03T08:15:40+00:00\",\"breadcrumb\":{\"@id\":\"https:\\\/\\\/cdgolf33.com\\\/index.php\\\/pitch-putt-2025-tour-5-compte-rendu\\\/#breadcrumb\"},\"inLanguage\":\"fr-FR\",\"potentialAction\":[{\"@type\":\"ReadAction\",\"target\":[\"https:\\\/\\\/cdgolf33.com\\\/index.php\\\/pitch-putt-2025-tour-5-compte-rendu\\\/\"]}]},{\"@type\":\"ImageObject\",\"inLanguage\":\"fr-FR\",\"@id\":\"https:\\\/\\\/cdgolf33.com\\\/index.php\\\/pitch-putt-2025-tour-5-compte-rendu\\\/#primaryimage\",\"url\":\"https:\\\/\\\/cdgolf33.com\\\/wp-content\\\/uploads\\\/2025\\\/05\\\/20250426_084700-scaled.webp\",\"contentUrl\":\"https:\\\/\\\/cdgolf33.com\\\/wp-content\\\/uploads\\\/2025\\\/05\\\/20250426_084700-scaled.webp\",\"width\":2560,\"height\":1920},{\"@type\":\"BreadcrumbList\",\"@id\":\"https:\\\/\\\/cdgolf33.com\\\/index.php\\\/pitch-putt-2025-tour-5-compte-rendu\\\/#breadcrumb\",\"itemListElement\":[{\"@type\":\"ListItem\",\"position\":1,\"name\":\"Accueil\",\"item\":\"https:\\\/\\\/cdgolf33.com\\\/\"},{\"@type\":\"ListItem\",\"position\":2,\"name\":\"Pitch &#038; Putt 2025 : Tour 5, compte-rendu\"}]},{\"@type\":\"WebSite\",\"@id\":\"https:\\\/\\\/cdgolf33.com\\\/#website\",\"url\":\"https:\\\/\\\/cdgolf33.com\\\/\",\"name\":\"Comit\u00e9 D\u00e9partemental de Golf de Gironde\",\"description\":\"Le Comit\u00e9 de Gironde de Golf vous souhaite la bienvenue sur son site !\",\"publisher\":{\"@id\":\"https:\\\/\\\/cdgolf33.com\\\/#organization\"},\"potentialAction\":[{\"@type\":\"SearchAction\",\"target\":{\"@type\":\"EntryPoint\",\"urlTemplate\":\"https:\\\/\\\/cdgolf33.com\\\/?s={search_term_string}\"},\"query-input\":{\"@type\":\"PropertyValueSpecification\",\"valueRequired\":true,\"valueName\":\"search_term_string\"}}],\"inLanguage\":\"fr-FR\"},{\"@type\":\"Organization\",\"@id\":\"https:\\\/\\\/cdgolf33.com\\\/#organization\",\"name\":\"Comit\u00e9 de Golf de Gironde\",\"url\":\"https:\\\/\\\/cdgolf33.com\\\/\",\"logo\":{\"@type\":\"ImageObject\",\"inLanguage\":\"fr-FR\",\"@id\":\"https:\\\/\\\/cdgolf33.com\\\/#\\\/schema\\\/logo\\\/image\\\/\",\"url\":\"https:\\\/\\\/cdgolf33.com\\\/wp-content\\\/uploads\\\/2019\\\/05\\\/LOGOCD33.jpg\",\"contentUrl\":\"https:\\\/\\\/cdgolf33.com\\\/wp-content\\\/uploads\\\/2019\\\/05\\\/LOGOCD33.jpg\",\"width\":220,\"height\":233,\"caption\":\"Comit\u00e9 de Golf de Gironde\"},\"image\":{\"@id\":\"https:\\\/\\\/cdgolf33.com\\\/#\\\/schema\\\/logo\\\/image\\\/\"},\"sameAs\":[\"https:\\\/\\\/x.com\\\/comitegolf33\"]}]}<\/script>\n<!-- \/ Yoast SEO plugin. -->","yoast_head_json":{"title":"Pitch & Putt 2025 : Tour 5, compte-rendu - Comit\u00e9 D\u00e9partemental de Golf de Gironde","robots":{"index":"index","follow":"follow","max-snippet":"max-snippet:-1","max-image-preview":"max-image-preview:large","max-video-preview":"max-video-preview:-1"},"canonical":"https:\/\/cdgolf33.com\/index.php\/pitch-putt-2025-tour-5-compte-rendu\/","og_locale":"fr_FR","og_type":"article","og_title":"Pitch & Putt 2025 : Tour 5, compte-rendu - Comit\u00e9 D\u00e9partemental de Golf de Gironde","og_description":"Vid\u00e9os des Tours 1, 2, 3, 4, 5 \u00a0Pitch &amp; Putt 2025 : TOUR 5 au Golf de Cameyrac ayant eu lieu le 26 Avril 2025 \u00a0\u00a0Deux des trois vagues de d\u00e9parts \u00e0 Cameyrac L\u2019aventure du Pitch &amp; Putt Tour\u00a0continue.Tous les joueurs\u00a0inscrits\u00a0on r\u00e9pondu pr\u00e9sent malgr\u00e9 une m\u00e9t\u00e9o\u00a0annonc\u00e9e comme compliqu\u00e9e.La premi\u00e8re [&hellip;]","og_url":"https:\/\/cdgolf33.com\/index.php\/pitch-putt-2025-tour-5-compte-rendu\/","og_site_name":"Comit\u00e9 D\u00e9partemental de Golf de Gironde","article_modified_time":"2025-05-03T08:15:40+00:00","og_image":[{"width":2560,"height":1920,"url":"https:\/\/cdgolf33.com\/wp-content\/uploads\/2025\/05\/20250426_084700-scaled.webp","type":"image\/jpeg"}],"twitter_card":"summary_large_image","twitter_site":"@comitegolf33","twitter_misc":{"Dur\u00e9e de lecture estim\u00e9e":"2 minutes"},"schema":{"@context":"https:\/\/schema.org","@graph":[{"@type":"WebPage","@id":"https:\/\/cdgolf33.com\/index.php\/pitch-putt-2025-tour-5-compte-rendu\/","url":"https:\/\/cdgolf33.com\/index.php\/pitch-putt-2025-tour-5-compte-rendu\/","name":"Pitch & Putt 2025 : Tour 5, compte-rendu - Comit\u00e9 D\u00e9partemental de Golf de Gironde","isPartOf":{"@id":"https:\/\/cdgolf33.com\/#website"},"primaryImageOfPage":{"@id":"https:\/\/cdgolf33.com\/index.php\/pitch-putt-2025-tour-5-compte-rendu\/#primaryimage"},"image":{"@id":"https:\/\/cdgolf33.com\/index.php\/pitch-putt-2025-tour-5-compte-rendu\/#primaryimage"},"thumbnailUrl":"https:\/\/cdgolf33.com\/wp-content\/uploads\/2025\/05\/20250426_084700-2048x1536.webp","datePublished":"2025-04-21T13:52:44+00:00","dateModified":"2025-05-03T08:15:40+00:00","breadcrumb":{"@id":"https:\/\/cdgolf33.com\/index.php\/pitch-putt-2025-tour-5-compte-rendu\/#breadcrumb"},"inLanguage":"fr-FR","potentialAction":[{"@type":"ReadAction","target":["https:\/\/cdgolf33.com\/index.php\/pitch-putt-2025-tour-5-compte-rendu\/"]}]},{"@type":"ImageObject","inLanguage":"fr-FR","@id":"https:\/\/cdgolf33.com\/index.php\/pitch-putt-2025-tour-5-compte-rendu\/#primaryimage","url":"https:\/\/cdgolf33.com\/wp-content\/uploads\/2025\/05\/20250426_084700-scaled.webp","contentUrl":"https:\/\/cdgolf33.com\/wp-content\/uploads\/2025\/05\/20250426_084700-scaled.webp","width":2560,"height":1920},{"@type":"BreadcrumbList","@id":"https:\/\/cdgolf33.com\/index.php\/pitch-putt-2025-tour-5-compte-rendu\/#breadcrumb","itemListElement":[{"@type":"ListItem","position":1,"name":"Accueil","item":"https:\/\/cdgolf33.com\/"},{"@type":"ListItem","position":2,"name":"Pitch &#038; Putt 2025 : Tour 5, compte-rendu"}]},{"@type":"WebSite","@id":"https:\/\/cdgolf33.com\/#website","url":"https:\/\/cdgolf33.com\/","name":"Comit\u00e9 D\u00e9partemental de Golf de Gironde","description":"Le Comit\u00e9 de Gironde de Golf vous souhaite la bienvenue sur son site !","publisher":{"@id":"https:\/\/cdgolf33.com\/#organization"},"potentialAction":[{"@type":"SearchAction","target":{"@type":"EntryPoint","urlTemplate":"https:\/\/cdgolf33.com\/?s={search_term_string}"},"query-input":{"@type":"PropertyValueSpecification","valueRequired":true,"valueName":"search_term_string"}}],"inLanguage":"fr-FR"},{"@type":"Organization","@id":"https:\/\/cdgolf33.com\/#organization","name":"Comit\u00e9 de Golf de Gironde","url":"https:\/\/cdgolf33.com\/","logo":{"@type":"ImageObject","inLanguage":"fr-FR","@id":"https:\/\/cdgolf33.com\/#\/schema\/logo\/image\/","url":"https:\/\/cdgolf33.com\/wp-content\/uploads\/2019\/05\/LOGOCD33.jpg","contentUrl":"https:\/\/cdgolf33.com\/wp-content\/uploads\/2019\/05\/LOGOCD33.jpg","width":220,"height":233,"caption":"Comit\u00e9 de Golf de Gironde"},"image":{"@id":"https:\/\/cdgolf33.com\/#\/schema\/logo\/image\/"},"sameAs":["https:\/\/x.com\/comitegolf33"]}]}},"_links":{"self":[{"href":"https:\/\/cdgolf33.com\/index.php\/wp-json\/wp\/v2\/pages\/10312","targetHints":{"allow":["GET"]}}],"collection":[{"href":"https:\/\/cdgolf33.com\/index.php\/wp-json\/wp\/v2\/pages"}],"about":[{"href":"https:\/\/cdgolf33.com\/index.php\/wp-json\/wp\/v2\/types\/page"}],"author":[{"embeddable":true,"href":"https:\/\/cdgolf33.com\/index.php\/wp-json\/wp\/v2\/users\/2"}],"replies":[{"embeddable":true,"href":"https:\/\/cdgolf33.com\/index.php\/wp-json\/wp\/v2\/comments?post=10312"}],"version-history":[{"count":26,"href":"https:\/\/cdgolf33.com\/index.php\/wp-json\/wp\/v2\/pages\/10312\/revisions"}],"predecessor-version":[{"id":10927,"href":"https:\/\/cdgolf33.com\/index.php\/wp-json\/wp\/v2\/pages\/10312\/revisions\/10927"}],"wp:attachment":[{"href":"https:\/\/cdgolf33.com\/index.php\/wp-json\/wp\/v2\/media?parent=10312"}],"curies":[{"name":"wp","href":"https:\/\/api.w.org\/{rel}","templated":true}]}}