{"id":1040,"date":"2014-05-06T22:34:39","date_gmt":"2014-05-06T21:34:39","guid":{"rendered":"http:\/\/www.cdgolf33.com\/?page_id=1040"},"modified":"2014-05-06T22:34:39","modified_gmt":"2014-05-06T21:34:39","slug":"championnat-de-pitch-putt-2014-t4","status":"publish","type":"page","link":"https:\/\/cdgolf33.com\/index.php\/championnat-de-pitch-putt-2014-t4\/","title":{"rendered":"Championnat de pitch &#038; putt 2014 \u2013 T4"},"content":{"rendered":"<p style=\"text-align: justify;\">Malgr\u00e9 une petite fra\u00eecheur matinale, le soleil a \u00e9t\u00e9 pour tous au rendez-vous de ce 4\u00e8me tour du championnat d\u00e9partemental de pitch &amp; putt. Peu de d\u00e9fections et des sourires sur tous les visages.<br \/>\nDe bonnes cartes rendues dont, en particulier, celle de Jean-Marc PONS (A\u00e9rospatiale) avec une carte de 51 (-3).<br \/>\nLe parcours, parfois un peu gras encore, \u00e9tait cependant excellent et les greens tr\u00e8s bien pr\u00e9par\u00e9s.<\/p>\n<p style=\"text-align: justify;\">Le prochain tour qui sera le dernier, aura lieu sur le parcours pitch&amp; putt de CAMEYRAC le dimanche 18 mai. Les inscriptions sont \u00e0 effectuer aupr\u00e8s du club avant le mercredi 14 mai \u00e0 15h00 par t\u00e9l\u00e9phone au <strong>05 56 72 96 79<\/strong> ou mail \u00e0 <strong><a href=\"mailto:contact@golf-bordeaux-cameyrac.com\">contact@golf-bordeaux-cameyrac.com<\/a><\/strong><\/p>\n<p style=\"text-align: justify;\">La finale aura lieu d\u00e8s le dimanche suivant, le 25 mai au BAGANAIS. Merci \u00e0 celles et ceux qui seraient d\u00e9j\u00e0 dans les probables qualifi\u00e9s (27 premiers) et qui seraient absents ce dimanche-l\u00e0, de bien vouloir nous le signaler d\u00e8s \u00e0 pr\u00e9sent.<\/p>\n<p style=\"text-align: justify;\">\u2192\u00a0 <strong><a href=\"http:\/\/www.cdgolf33.com\/wp-content\/uploads\/2014\/05\/2014_PP_R\u00e9sultatsT4.pdf\" target=\"_blank\" rel=\"noopener noreferrer\">R\u00e9sultats T4<\/a><\/strong><\/p>\n<p style=\"text-align: justify;\">\n<p style=\"text-align: right;\">\u2192  <strong><a href=\"http:\/\/www.cdgolf33.com\/pitch-putt\/\">retour<\/a><\/strong><\/p>\n","protected":false},"excerpt":{"rendered":"<p>Malgr\u00e9 une petite fra\u00eecheur matinale, le soleil a \u00e9t\u00e9 pour tous au rendez-vous de ce 4\u00e8me tour du championnat d\u00e9partemental de pitch &amp; putt. Peu de d\u00e9fections et des sourires sur tous les visages. De bonnes cartes rendues dont, en particulier, celle de Jean-Marc PONS (A\u00e9rospatiale) avec une carte de [&hellip;]<\/p>\n","protected":false},"author":1,"featured_media":0,"parent":0,"menu_order":0,"comment_status":"closed","ping_status":"open","template":"","meta":{"footnotes":""},"class_list":["post-1040","page","type-page","status-publish","hentry"],"yoast_head":"<!-- This site is optimized with the Yoast SEO plugin v27.4 - https:\/\/yoast.com\/product\/yoast-seo-wordpress\/ -->\n<title>Championnat de pitch &amp; putt 2014 \u2013 T4 - Comit\u00e9 D\u00e9partemental de Golf de Gironde<\/title>\n<meta name=\"robots\" content=\"index, follow, max-snippet:-1, max-image-preview:large, max-video-preview:-1\" \/>\n<link rel=\"canonical\" href=\"https:\/\/cdgolf33.com\/index.php\/championnat-de-pitch-putt-2014-t4\/\" \/>\n<meta property=\"og:locale\" content=\"fr_FR\" \/>\n<meta property=\"og:type\" content=\"article\" \/>\n<meta property=\"og:title\" content=\"Championnat de pitch &amp; putt 2014 \u2013 T4 - Comit\u00e9 D\u00e9partemental de Golf de Gironde\" \/>\n<meta property=\"og:description\" content=\"Malgr\u00e9 une petite fra\u00eecheur matinale, le soleil a \u00e9t\u00e9 pour tous au rendez-vous de ce 4\u00e8me tour du championnat d\u00e9partemental de pitch &amp; putt. Peu de d\u00e9fections et des sourires sur tous les visages. De bonnes cartes rendues dont, en particulier, celle de Jean-Marc PONS (A\u00e9rospatiale) avec une carte de [&hellip;]\" \/>\n<meta property=\"og:url\" content=\"https:\/\/cdgolf33.com\/index.php\/championnat-de-pitch-putt-2014-t4\/\" \/>\n<meta property=\"og:site_name\" content=\"Comit\u00e9 D\u00e9partemental de Golf de Gironde\" \/>\n<meta name=\"twitter:card\" content=\"summary_large_image\" \/>\n<meta name=\"twitter:site\" content=\"@comitegolf33\" \/>\n<meta name=\"twitter:label1\" content=\"Dur\u00e9e de lecture estim\u00e9e\" \/>\n\t<meta name=\"twitter:data1\" content=\"1 minute\" \/>\n<script type=\"application\/ld+json\" class=\"yoast-schema-graph\">{\"@context\":\"https:\\\/\\\/schema.org\",\"@graph\":[{\"@type\":\"WebPage\",\"@id\":\"https:\\\/\\\/cdgolf33.com\\\/index.php\\\/championnat-de-pitch-putt-2014-t4\\\/\",\"url\":\"https:\\\/\\\/cdgolf33.com\\\/index.php\\\/championnat-de-pitch-putt-2014-t4\\\/\",\"name\":\"Championnat de pitch & putt 2014 \u2013 T4 - Comit\u00e9 D\u00e9partemental de Golf de Gironde\",\"isPartOf\":{\"@id\":\"https:\\\/\\\/cdgolf33.com\\\/#website\"},\"datePublished\":\"2014-05-06T21:34:39+00:00\",\"breadcrumb\":{\"@id\":\"https:\\\/\\\/cdgolf33.com\\\/index.php\\\/championnat-de-pitch-putt-2014-t4\\\/#breadcrumb\"},\"inLanguage\":\"fr-FR\",\"potentialAction\":[{\"@type\":\"ReadAction\",\"target\":[\"https:\\\/\\\/cdgolf33.com\\\/index.php\\\/championnat-de-pitch-putt-2014-t4\\\/\"]}]},{\"@type\":\"BreadcrumbList\",\"@id\":\"https:\\\/\\\/cdgolf33.com\\\/index.php\\\/championnat-de-pitch-putt-2014-t4\\\/#breadcrumb\",\"itemListElement\":[{\"@type\":\"ListItem\",\"position\":1,\"name\":\"Accueil\",\"item\":\"https:\\\/\\\/cdgolf33.com\\\/\"},{\"@type\":\"ListItem\",\"position\":2,\"name\":\"Championnat de pitch &#038; putt 2014 \u2013 T4\"}]},{\"@type\":\"WebSite\",\"@id\":\"https:\\\/\\\/cdgolf33.com\\\/#website\",\"url\":\"https:\\\/\\\/cdgolf33.com\\\/\",\"name\":\"Comit\u00e9 D\u00e9partemental de Golf de Gironde\",\"description\":\"Le Comit\u00e9 de Gironde de Golf vous souhaite la bienvenue sur son site !\",\"publisher\":{\"@id\":\"https:\\\/\\\/cdgolf33.com\\\/#organization\"},\"potentialAction\":[{\"@type\":\"SearchAction\",\"target\":{\"@type\":\"EntryPoint\",\"urlTemplate\":\"https:\\\/\\\/cdgolf33.com\\\/?s={search_term_string}\"},\"query-input\":{\"@type\":\"PropertyValueSpecification\",\"valueRequired\":true,\"valueName\":\"search_term_string\"}}],\"inLanguage\":\"fr-FR\"},{\"@type\":\"Organization\",\"@id\":\"https:\\\/\\\/cdgolf33.com\\\/#organization\",\"name\":\"Comit\u00e9 de Golf de Gironde\",\"url\":\"https:\\\/\\\/cdgolf33.com\\\/\",\"logo\":{\"@type\":\"ImageObject\",\"inLanguage\":\"fr-FR\",\"@id\":\"https:\\\/\\\/cdgolf33.com\\\/#\\\/schema\\\/logo\\\/image\\\/\",\"url\":\"https:\\\/\\\/cdgolf33.com\\\/wp-content\\\/uploads\\\/2019\\\/05\\\/LOGOCD33.jpg\",\"contentUrl\":\"https:\\\/\\\/cdgolf33.com\\\/wp-content\\\/uploads\\\/2019\\\/05\\\/LOGOCD33.jpg\",\"width\":220,\"height\":233,\"caption\":\"Comit\u00e9 de Golf de Gironde\"},\"image\":{\"@id\":\"https:\\\/\\\/cdgolf33.com\\\/#\\\/schema\\\/logo\\\/image\\\/\"},\"sameAs\":[\"https:\\\/\\\/x.com\\\/comitegolf33\"]}]}<\/script>\n<!-- \/ Yoast SEO plugin. -->","yoast_head_json":{"title":"Championnat de pitch & putt 2014 \u2013 T4 - Comit\u00e9 D\u00e9partemental de Golf de Gironde","robots":{"index":"index","follow":"follow","max-snippet":"max-snippet:-1","max-image-preview":"max-image-preview:large","max-video-preview":"max-video-preview:-1"},"canonical":"https:\/\/cdgolf33.com\/index.php\/championnat-de-pitch-putt-2014-t4\/","og_locale":"fr_FR","og_type":"article","og_title":"Championnat de pitch & putt 2014 \u2013 T4 - Comit\u00e9 D\u00e9partemental de Golf de Gironde","og_description":"Malgr\u00e9 une petite fra\u00eecheur matinale, le soleil a \u00e9t\u00e9 pour tous au rendez-vous de ce 4\u00e8me tour du championnat d\u00e9partemental de pitch &amp; putt. Peu de d\u00e9fections et des sourires sur tous les visages. De bonnes cartes rendues dont, en particulier, celle de Jean-Marc PONS (A\u00e9rospatiale) avec une carte de [&hellip;]","og_url":"https:\/\/cdgolf33.com\/index.php\/championnat-de-pitch-putt-2014-t4\/","og_site_name":"Comit\u00e9 D\u00e9partemental de Golf de Gironde","twitter_card":"summary_large_image","twitter_site":"@comitegolf33","twitter_misc":{"Dur\u00e9e de lecture estim\u00e9e":"1 minute"},"schema":{"@context":"https:\/\/schema.org","@graph":[{"@type":"WebPage","@id":"https:\/\/cdgolf33.com\/index.php\/championnat-de-pitch-putt-2014-t4\/","url":"https:\/\/cdgolf33.com\/index.php\/championnat-de-pitch-putt-2014-t4\/","name":"Championnat de pitch & putt 2014 \u2013 T4 - Comit\u00e9 D\u00e9partemental de Golf de Gironde","isPartOf":{"@id":"https:\/\/cdgolf33.com\/#website"},"datePublished":"2014-05-06T21:34:39+00:00","breadcrumb":{"@id":"https:\/\/cdgolf33.com\/index.php\/championnat-de-pitch-putt-2014-t4\/#breadcrumb"},"inLanguage":"fr-FR","potentialAction":[{"@type":"ReadAction","target":["https:\/\/cdgolf33.com\/index.php\/championnat-de-pitch-putt-2014-t4\/"]}]},{"@type":"BreadcrumbList","@id":"https:\/\/cdgolf33.com\/index.php\/championnat-de-pitch-putt-2014-t4\/#breadcrumb","itemListElement":[{"@type":"ListItem","position":1,"name":"Accueil","item":"https:\/\/cdgolf33.com\/"},{"@type":"ListItem","position":2,"name":"Championnat de pitch &#038; putt 2014 \u2013 T4"}]},{"@type":"WebSite","@id":"https:\/\/cdgolf33.com\/#website","url":"https:\/\/cdgolf33.com\/","name":"Comit\u00e9 D\u00e9partemental de Golf de Gironde","description":"Le Comit\u00e9 de Gironde de Golf vous souhaite la bienvenue sur son site !","publisher":{"@id":"https:\/\/cdgolf33.com\/#organization"},"potentialAction":[{"@type":"SearchAction","target":{"@type":"EntryPoint","urlTemplate":"https:\/\/cdgolf33.com\/?s={search_term_string}"},"query-input":{"@type":"PropertyValueSpecification","valueRequired":true,"valueName":"search_term_string"}}],"inLanguage":"fr-FR"},{"@type":"Organization","@id":"https:\/\/cdgolf33.com\/#organization","name":"Comit\u00e9 de Golf de Gironde","url":"https:\/\/cdgolf33.com\/","logo":{"@type":"ImageObject","inLanguage":"fr-FR","@id":"https:\/\/cdgolf33.com\/#\/schema\/logo\/image\/","url":"https:\/\/cdgolf33.com\/wp-content\/uploads\/2019\/05\/LOGOCD33.jpg","contentUrl":"https:\/\/cdgolf33.com\/wp-content\/uploads\/2019\/05\/LOGOCD33.jpg","width":220,"height":233,"caption":"Comit\u00e9 de Golf de Gironde"},"image":{"@id":"https:\/\/cdgolf33.com\/#\/schema\/logo\/image\/"},"sameAs":["https:\/\/x.com\/comitegolf33"]}]}},"_links":{"self":[{"href":"https:\/\/cdgolf33.com\/index.php\/wp-json\/wp\/v2\/pages\/1040","targetHints":{"allow":["GET"]}}],"collection":[{"href":"https:\/\/cdgolf33.com\/index.php\/wp-json\/wp\/v2\/pages"}],"about":[{"href":"https:\/\/cdgolf33.com\/index.php\/wp-json\/wp\/v2\/types\/page"}],"author":[{"embeddable":true,"href":"https:\/\/cdgolf33.com\/index.php\/wp-json\/wp\/v2\/users\/1"}],"replies":[{"embeddable":true,"href":"https:\/\/cdgolf33.com\/index.php\/wp-json\/wp\/v2\/comments?post=1040"}],"version-history":[{"count":0,"href":"https:\/\/cdgolf33.com\/index.php\/wp-json\/wp\/v2\/pages\/1040\/revisions"}],"wp:attachment":[{"href":"https:\/\/cdgolf33.com\/index.php\/wp-json\/wp\/v2\/media?parent=1040"}],"curies":[{"name":"wp","href":"https:\/\/api.w.org\/{rel}","templated":true}]}}