{"id":10915,"date":"2025-05-20T22:02:54","date_gmt":"2025-05-20T20:02:54","guid":{"rendered":"https:\/\/cdgolf33.com\/?page_id=10915"},"modified":"2025-05-20T22:19:31","modified_gmt":"2025-05-20T20:19:31","slug":"pitch-putt-tour-2025-tour-6-compte-rendu","status":"publish","type":"page","link":"https:\/\/cdgolf33.com\/index.php\/pitch-putt-tour-2025-tour-6-compte-rendu\/","title":{"rendered":"Pitch &#038; Putt 2025 : Tour 6, compte-rendu"},"content":{"rendered":"\t\t<div data-elementor-type=\"wp-page\" data-elementor-id=\"10915\" class=\"elementor elementor-10915\">\n\t\t\t\t<div class=\"elementor-element elementor-element-2570af3 e-flex e-con-boxed e-con e-parent\" data-id=\"2570af3\" data-element_type=\"container\" data-e-type=\"container\">\n\t\t\t\t\t<div class=\"e-con-inner\">\n\t\t\t\t<div class=\"elementor-element elementor-element-f970a6d elementor-align-center elementor-widget elementor-widget-button\" data-id=\"f970a6d\" data-element_type=\"widget\" data-e-type=\"widget\" data-widget_type=\"button.default\">\n\t\t\t\t<div class=\"elementor-widget-container\">\n\t\t\t\t\t\t\t\t\t<div class=\"elementor-button-wrapper\">\n\t\t\t\t\t<a class=\"elementor-button elementor-button-link elementor-size-sm\" href=\"https:\/\/cdgolf33.com\/index.php\/pitch-putt-2025-video-tour1\/\">\n\t\t\t\t\t\t<span class=\"elementor-button-content-wrapper\">\n\t\t\t\t\t\t<span class=\"elementor-button-icon\">\n\t\t\t\t<svg aria-hidden=\"true\" class=\"e-font-icon-svg e-fas-video\" viewBox=\"0 0 576 512\" xmlns=\"http:\/\/www.w3.org\/2000\/svg\"><path d=\"M336.2 64H47.8C21.4 64 0 85.4 0 111.8v288.4C0 426.6 21.4 448 47.8 448h288.4c26.4 0 47.8-21.4 47.8-47.8V111.8c0-26.4-21.4-47.8-47.8-47.8zm189.4 37.7L416 177.3v157.4l109.6 75.5c21.2 14.6 50.4-.3 50.4-25.8V127.5c0-25.4-29.1-40.4-50.4-25.8z\"><\/path><\/svg>\t\t\t<\/span>\n\t\t\t\t\t\t\t\t\t<span class=\"elementor-button-text\">Vid\u00e9os des Tours 1, 2, 3, 4, 5, 6<\/span>\n\t\t\t\t\t<\/span>\n\t\t\t\t\t<\/a>\n\t\t\t\t<\/div>\n\t\t\t\t\t\t\t\t<\/div>\n\t\t\t\t<\/div>\n\t\t\t\t\t<\/div>\n\t\t\t\t<\/div>\n\t\t<div class=\"elementor-element elementor-element-8928c41 e-flex e-con-boxed e-con e-parent\" data-id=\"8928c41\" data-element_type=\"container\" data-e-type=\"container\">\n\t\t\t\t\t<div class=\"e-con-inner\">\n\t\t\t\t<div class=\"elementor-element elementor-element-8b65756 elementor-widget-divider--separator-type-pattern elementor-widget-divider--view-line elementor-widget elementor-widget-divider\" data-id=\"8b65756\" data-element_type=\"widget\" data-e-type=\"widget\" data-widget_type=\"divider.default\">\n\t\t\t\t<div class=\"elementor-widget-container\">\n\t\t\t\t\t\t\t<div class=\"elementor-divider\" style=\"--divider-pattern-url: url(&quot;data:image\/svg+xml,%3Csvg xmlns=&#039;http:\/\/www.w3.org\/2000\/svg&#039; preserveAspectRatio=&#039;none&#039; overflow=&#039;visible&#039; height=&#039;100%&#039; viewBox=&#039;0 0 24 24&#039; fill=&#039;none&#039; stroke=&#039;black&#039; stroke-width=&#039;1&#039; stroke-linecap=&#039;square&#039; stroke-miterlimit=&#039;10&#039;%3E%3Cpath d=&#039;M0,6c6,0,0.9,11.1,6.9,11.1S18,6,24,6&#039;\/%3E%3C\/svg%3E&quot;);\">\n\t\t\t<span class=\"elementor-divider-separator\">\n\t\t\t\t\t\t<\/span>\n\t\t<\/div>\n\t\t\t\t\t\t<\/div>\n\t\t\t\t<\/div>\n\t\t\t\t\t<\/div>\n\t\t\t\t<\/div>\n\t\t<div class=\"elementor-element elementor-element-6d069ca e-flex e-con-boxed e-con e-parent\" data-id=\"6d069ca\" data-element_type=\"container\" data-e-type=\"container\">\n\t\t\t\t\t<div class=\"e-con-inner\">\n\t\t\t\t<div class=\"elementor-element elementor-element-6597bb8 elementor-widget elementor-widget-text-editor\" data-id=\"6597bb8\" data-element_type=\"widget\" data-e-type=\"widget\" data-widget_type=\"text-editor.default\">\n\t\t\t\t<div class=\"elementor-widget-container\">\n\t\t\t\t\t\t\t\t\t<p style=\"text-align: center;\"><span style=\"color: #000000; font-family: Arial, Helvetica, sans-serif; font-size: 24px;\"><b>\u00a0<\/b><\/span><b style=\"color: #000000; font-family: Arial, Helvetica, sans-serif; font-size: 24px;\">Pitch &amp; Putt 2025 : TOUR 6<\/b><\/p><p style=\"text-align: center;\"><span style=\"font-size: 24px;\"><strong><span style=\"color: #000000; font-family: Arial, Helvetica, sans-serif;\">au Golf de Bordeaux-Lac ayant eu lieu le 18 Mai 2025<\/span><\/strong><\/span><\/p><p style=\"text-align: center;\"><\/p>\t\t\t\t\t\t\t\t<\/div>\n\t\t\t\t<\/div>\n\t\t\t\t\t<\/div>\n\t\t\t\t<\/div>\n\t\t<div class=\"elementor-element elementor-element-6915ef5 e-flex e-con-boxed e-con e-parent\" data-id=\"6915ef5\" data-element_type=\"container\" data-e-type=\"container\">\n\t\t\t\t\t<div class=\"e-con-inner\">\n\t\t\t\t<div class=\"elementor-element elementor-element-e7cd72f elementor-widget elementor-widget-image\" data-id=\"e7cd72f\" data-element_type=\"widget\" data-e-type=\"widget\" data-widget_type=\"image.default\">\n\t\t\t\t<div class=\"elementor-widget-container\">\n\t\t\t\t\t\t\t\t\t\t\t\t\t\t\t<img fetchpriority=\"high\" decoding=\"async\" width=\"680\" height=\"453\" src=\"https:\/\/cdgolf33.com\/wp-content\/uploads\/2025\/05\/BG19-BxLac@aLamoureux_DJI_0844.webp\" class=\"attachment-1536x1536 size-1536x1536 wp-image-10929\" alt=\"\" srcset=\"https:\/\/cdgolf33.com\/wp-content\/uploads\/2025\/05\/BG19-BxLac@aLamoureux_DJI_0844.webp 680w, https:\/\/cdgolf33.com\/wp-content\/uploads\/2025\/05\/BG19-BxLac@aLamoureux_DJI_0844-600x400.webp 600w, https:\/\/cdgolf33.com\/wp-content\/uploads\/2025\/05\/BG19-BxLac@aLamoureux_DJI_0844-300x200.webp 300w, https:\/\/cdgolf33.com\/wp-content\/uploads\/2025\/05\/BG19-BxLac@aLamoureux_DJI_0844-360x240.webp 360w\" sizes=\"(max-width: 680px) 100vw, 680px\" \/>\t\t\t\t\t\t\t\t\t\t\t\t\t\t\t<\/div>\n\t\t\t\t<\/div>\n\t\t\t\t<div class=\"elementor-element elementor-element-af569ad e-transform elementor-widget elementor-widget-image\" data-id=\"af569ad\" data-element_type=\"widget\" data-e-type=\"widget\" data-settings=\"{&quot;_transform_scale_effect&quot;:{&quot;unit&quot;:&quot;px&quot;,&quot;size&quot;:0.9,&quot;sizes&quot;:[]},&quot;_transform_scale_effect_tablet&quot;:{&quot;unit&quot;:&quot;px&quot;,&quot;size&quot;:&quot;&quot;,&quot;sizes&quot;:[]},&quot;_transform_scale_effect_mobile&quot;:{&quot;unit&quot;:&quot;px&quot;,&quot;size&quot;:&quot;&quot;,&quot;sizes&quot;:[]}}\" data-widget_type=\"image.default\">\n\t\t\t\t<div class=\"elementor-widget-container\">\n\t\t\t\t\t\t\t\t\t\t\t\t\t\t\t<img decoding=\"async\" width=\"750\" height=\"1000\" src=\"https:\/\/cdgolf33.com\/wp-content\/uploads\/2025\/05\/IMG_2242-768x1024.webp\" class=\"attachment-medium_large size-medium_large wp-image-10930\" alt=\"\" srcset=\"https:\/\/cdgolf33.com\/wp-content\/uploads\/2025\/05\/IMG_2242-768x1024.webp 768w, https:\/\/cdgolf33.com\/wp-content\/uploads\/2025\/05\/IMG_2242-600x800.webp 600w, https:\/\/cdgolf33.com\/wp-content\/uploads\/2025\/05\/IMG_2242-225x300.webp 225w, https:\/\/cdgolf33.com\/wp-content\/uploads\/2025\/05\/IMG_2242-1152x1536.webp 1152w, https:\/\/cdgolf33.com\/wp-content\/uploads\/2025\/05\/IMG_2242.webp 1536w\" sizes=\"(max-width: 750px) 100vw, 750px\" \/>\t\t\t\t\t\t\t\t\t\t\t\t\t\t\t<\/div>\n\t\t\t\t<\/div>\n\t\t\t\t\t<\/div>\n\t\t\t\t<\/div>\n\t\t<div class=\"elementor-element elementor-element-d05d264 e-flex e-con-boxed e-con e-parent\" data-id=\"d05d264\" data-element_type=\"container\" data-e-type=\"container\">\n\t\t\t\t\t<div class=\"e-con-inner\">\n\t\t\t\t<div class=\"elementor-element elementor-element-dcba98c elementor-widget elementor-widget-image\" data-id=\"dcba98c\" data-element_type=\"widget\" data-e-type=\"widget\" data-widget_type=\"image.default\">\n\t\t\t\t<div class=\"elementor-widget-container\">\n\t\t\t\t\t\t\t\t\t\t\t\t\t\t\t<img decoding=\"async\" width=\"300\" height=\"130\" src=\"https:\/\/cdgolf33.com\/wp-content\/uploads\/2025\/03\/Logo-PitchandPutt2025-300x130.png\" class=\"attachment-medium size-medium wp-image-9227\" alt=\"\" srcset=\"https:\/\/cdgolf33.com\/wp-content\/uploads\/2025\/03\/Logo-PitchandPutt2025-300x130.png 300w, https:\/\/cdgolf33.com\/wp-content\/uploads\/2025\/03\/Logo-PitchandPutt2025-1024x443.png 1024w, https:\/\/cdgolf33.com\/wp-content\/uploads\/2025\/03\/Logo-PitchandPutt2025-768x332.png 768w, https:\/\/cdgolf33.com\/wp-content\/uploads\/2025\/03\/Logo-PitchandPutt2025-1536x665.png 1536w, https:\/\/cdgolf33.com\/wp-content\/uploads\/2025\/03\/Logo-PitchandPutt2025.png 2010w\" sizes=\"(max-width: 300px) 100vw, 300px\" \/>\t\t\t\t\t\t\t\t\t\t\t\t\t\t\t<\/div>\n\t\t\t\t<\/div>\n\t\t\t\t\t<\/div>\n\t\t\t\t<\/div>\n\t\t<div class=\"elementor-element elementor-element-e7e452a e-flex e-con-boxed e-con e-parent\" data-id=\"e7e452a\" data-element_type=\"container\" data-e-type=\"container\">\n\t\t\t\t\t<div class=\"e-con-inner\">\n\t\t\t\t<div class=\"elementor-element elementor-element-fde57d2 elementor-widget elementor-widget-text-editor\" data-id=\"fde57d2\" data-element_type=\"widget\" data-e-type=\"widget\" data-widget_type=\"text-editor.default\">\n\t\t\t\t<div class=\"elementor-widget-container\">\n\t\t\t\t\t\t\t\t\t<div style=\"font-family: Arial, Helvetica, sans-serif; font-size: 16px; color: #000000; text-align: center;\">Nous venons de vivre le dernier tour de qualification de notre championnat de Gironde<br \/>\u00a0sur le magnifique parcours de Pitch &amp; Putt\u00a0du Golf de Bordeaux-Lac parfaitement bien\u00a0pr\u00e9par\u00e9\u00a0pour l\u2019occasion.<br \/>Merci \u00e0 toute l\u2019\u00e9quipe du Golf\u00a0pour son\u00a0accueil et sa collaboration.<br \/>Encore une belle\u00a0journ\u00e9e o\u00f9\u00a0nous nous sommes tous retrouv\u00e9s avec toujours\u00a0l\u2019ambiance et la convivialit\u00e9<br \/>qui font du Pitch &amp; Putt un moment toujours aussi agr\u00e9able.\u00a0\u00a0<\/div><div style=\"font-family: Arial, Helvetica, sans-serif; font-size: 16px; color: #000000; text-align: center;\"><\/div><div style=\"font-family: Arial, Helvetica, sans-serif; font-size: 16px; color: #000000; text-align: center;\"><p>\u200cToute l&rsquo;\u00e9quipe du comit\u00e9 de gironde vous f\u00e9licite pour votre implication et votre bonne humeur<br \/>qui ont fait de cet \u00e9v\u00e8nement un v\u00e9ritable succ\u00e8s.<\/p><\/div><p style=\"text-align: center;\"><a href=\"https:\/\/cdgolf33.com\/index.php\/pitch-putt-2025-video-tour1\/\" title=\"Vid\u00e9o du Tour 5\"><span style=\"color: #000000; font-family: Arial, Helvetica, sans-serif; font-size: 16px; text-align: start;\"><span style=\"color: #339966;\"><strong>&gt;&gt; Vid\u00e9o du Tour 6<\/strong><\/span><\/span><\/a><\/p><p style=\"text-align: center;\"><span style=\"color: #000000; font-family: Arial, Helvetica, sans-serif; font-size: 16px; text-align: start;\"><b>Rendez-vous dimanche 22 Juin 2025 au golf des Argileyres \u00e0 Cestas pour la finale,\u00a0<\/b><\/span><\/p><p style=\"text-align: center;\"><span style=\"color: #000000; font-family: Arial, Helvetica, sans-serif; font-size: 16px; text-align: start;\"><b>soit en tant que joueur qualifi\u00e9, soit en tant qu&rsquo;accompagnant, joueur non finaliste, ou supporter.<\/b><\/span><\/p><p style=\"text-align: center;\"><span style=\"color: #000000; font-family: Arial, Helvetica, sans-serif; font-size: 16px; text-align: start;\"><b>\u00a0<\/b><\/span><\/p><p style=\"text-align: center;\"><span style=\"color: #000000; font-family: Arial, Helvetica, sans-serif; font-size: 16px; text-align: start;\">Toute l\u2019\u00e9quipe du comit\u00e9 de Gironde, vous remercie pour votre participation au Pitch &amp; Putt Tour.<\/span><\/p><p style=\"text-align: center;\"><span style=\"font-family: arial, helvetica, sans-serif; font-size: inherit;\">\u00a0Bon golf \u00e0 vous !\u00a0 \u00a0<\/span><\/p><div style=\"text-align: center;\"><p><strong style=\"font-size: inherit;\"><span style=\"color: #61b6ce; font-family: Arial, Helvetica, sans-serif; font-size: 16px;\">L&rsquo;\u00e9quipe du Pitch &amp; Putt Tour 2025<\/span><\/strong><\/p><\/div>\t\t\t\t\t\t\t\t<\/div>\n\t\t\t\t<\/div>\n\t\t\t\t\t<\/div>\n\t\t\t\t<\/div>\n\t\t<div class=\"elementor-element elementor-element-3684614 e-flex e-con-boxed e-con e-parent\" data-id=\"3684614\" data-element_type=\"container\" data-e-type=\"container\">\n\t\t\t\t\t<div class=\"e-con-inner\">\n\t\t\t\t<div class=\"elementor-element elementor-element-fb91d16 elementor-widget elementor-widget-shortcode\" data-id=\"fb91d16\" data-element_type=\"widget\" data-e-type=\"widget\" data-widget_type=\"shortcode.default\">\n\t\t\t\t<div class=\"elementor-widget-container\">\n\t\t\t\t\t\t\t<div class=\"elementor-shortcode\"><input type=\"button\" value=\"Retour\" class=\"alg_back_button_input button\" style=\"background-color:#61B6CE\" onclick=\"window.history.back()\" \/><\/div>\n\t\t\t\t\t\t<\/div>\n\t\t\t\t<\/div>\n\t\t\t\t\t<\/div>\n\t\t\t\t<\/div>\n\t\t\t\t<\/div>\n\t\t","protected":false},"excerpt":{"rendered":"<p>Vid\u00e9os des Tours 1, 2, 3, 4, 5, 6 \u00a0Pitch &amp; Putt 2025 : TOUR 6 au Golf de Bordeaux-Lac ayant eu lieu le 18 Mai 2025 Nous venons de vivre le dernier tour de qualification de notre championnat de Gironde\u00a0sur le magnifique parcours de Pitch &amp; Putt\u00a0du Golf de [&hellip;]<\/p>\n","protected":false},"author":2,"featured_media":0,"parent":0,"menu_order":0,"comment_status":"closed","ping_status":"closed","template":"","meta":{"footnotes":""},"class_list":["post-10915","page","type-page","status-publish","hentry"],"yoast_head":"<!-- This site is optimized with the Yoast SEO plugin v27.4 - https:\/\/yoast.com\/product\/yoast-seo-wordpress\/ -->\n<title>Pitch &amp; Putt 2025 : Tour 6, compte-rendu - Comit\u00e9 D\u00e9partemental de Golf de Gironde<\/title>\n<meta name=\"robots\" content=\"index, follow, max-snippet:-1, max-image-preview:large, max-video-preview:-1\" \/>\n<link rel=\"canonical\" href=\"https:\/\/cdgolf33.com\/index.php\/pitch-putt-tour-2025-tour-6-compte-rendu\/\" \/>\n<meta property=\"og:locale\" content=\"fr_FR\" \/>\n<meta property=\"og:type\" content=\"article\" \/>\n<meta property=\"og:title\" content=\"Pitch &amp; Putt 2025 : Tour 6, compte-rendu - Comit\u00e9 D\u00e9partemental de Golf de Gironde\" \/>\n<meta property=\"og:description\" content=\"Vid\u00e9os des Tours 1, 2, 3, 4, 5, 6 \u00a0Pitch &amp; Putt 2025 : TOUR 6 au Golf de Bordeaux-Lac ayant eu lieu le 18 Mai 2025 Nous venons de vivre le dernier tour de qualification de notre championnat de Gironde\u00a0sur le magnifique parcours de Pitch &amp; Putt\u00a0du Golf de [&hellip;]\" \/>\n<meta property=\"og:url\" content=\"https:\/\/cdgolf33.com\/index.php\/pitch-putt-tour-2025-tour-6-compte-rendu\/\" \/>\n<meta property=\"og:site_name\" content=\"Comit\u00e9 D\u00e9partemental de Golf de Gironde\" \/>\n<meta property=\"article:modified_time\" content=\"2025-05-20T20:19:31+00:00\" \/>\n<meta property=\"og:image\" content=\"https:\/\/cdgolf33.com\/wp-content\/uploads\/2025\/05\/BG19-BxLac@aLamoureux_DJI_0844.webp\" \/>\n\t<meta property=\"og:image:width\" content=\"680\" \/>\n\t<meta property=\"og:image:height\" content=\"453\" \/>\n\t<meta property=\"og:image:type\" content=\"image\/webp\" \/>\n<meta name=\"twitter:card\" content=\"summary_large_image\" \/>\n<meta name=\"twitter:site\" content=\"@comitegolf33\" \/>\n<meta name=\"twitter:label1\" content=\"Dur\u00e9e de lecture estim\u00e9e\" \/>\n\t<meta name=\"twitter:data1\" content=\"2 minutes\" \/>\n<script type=\"application\/ld+json\" class=\"yoast-schema-graph\">{\"@context\":\"https:\\\/\\\/schema.org\",\"@graph\":[{\"@type\":\"WebPage\",\"@id\":\"https:\\\/\\\/cdgolf33.com\\\/index.php\\\/pitch-putt-tour-2025-tour-6-compte-rendu\\\/\",\"url\":\"https:\\\/\\\/cdgolf33.com\\\/index.php\\\/pitch-putt-tour-2025-tour-6-compte-rendu\\\/\",\"name\":\"Pitch & Putt 2025 : Tour 6, compte-rendu - Comit\u00e9 D\u00e9partemental de Golf de Gironde\",\"isPartOf\":{\"@id\":\"https:\\\/\\\/cdgolf33.com\\\/#website\"},\"primaryImageOfPage\":{\"@id\":\"https:\\\/\\\/cdgolf33.com\\\/index.php\\\/pitch-putt-tour-2025-tour-6-compte-rendu\\\/#primaryimage\"},\"image\":{\"@id\":\"https:\\\/\\\/cdgolf33.com\\\/index.php\\\/pitch-putt-tour-2025-tour-6-compte-rendu\\\/#primaryimage\"},\"thumbnailUrl\":\"https:\\\/\\\/cdgolf33.com\\\/wp-content\\\/uploads\\\/2025\\\/05\\\/BG19-BxLac@aLamoureux_DJI_0844.webp\",\"datePublished\":\"2025-05-20T20:02:54+00:00\",\"dateModified\":\"2025-05-20T20:19:31+00:00\",\"breadcrumb\":{\"@id\":\"https:\\\/\\\/cdgolf33.com\\\/index.php\\\/pitch-putt-tour-2025-tour-6-compte-rendu\\\/#breadcrumb\"},\"inLanguage\":\"fr-FR\",\"potentialAction\":[{\"@type\":\"ReadAction\",\"target\":[\"https:\\\/\\\/cdgolf33.com\\\/index.php\\\/pitch-putt-tour-2025-tour-6-compte-rendu\\\/\"]}]},{\"@type\":\"ImageObject\",\"inLanguage\":\"fr-FR\",\"@id\":\"https:\\\/\\\/cdgolf33.com\\\/index.php\\\/pitch-putt-tour-2025-tour-6-compte-rendu\\\/#primaryimage\",\"url\":\"https:\\\/\\\/cdgolf33.com\\\/wp-content\\\/uploads\\\/2025\\\/05\\\/BG19-BxLac@aLamoureux_DJI_0844.webp\",\"contentUrl\":\"https:\\\/\\\/cdgolf33.com\\\/wp-content\\\/uploads\\\/2025\\\/05\\\/BG19-BxLac@aLamoureux_DJI_0844.webp\",\"width\":680,\"height\":453},{\"@type\":\"BreadcrumbList\",\"@id\":\"https:\\\/\\\/cdgolf33.com\\\/index.php\\\/pitch-putt-tour-2025-tour-6-compte-rendu\\\/#breadcrumb\",\"itemListElement\":[{\"@type\":\"ListItem\",\"position\":1,\"name\":\"Accueil\",\"item\":\"https:\\\/\\\/cdgolf33.com\\\/\"},{\"@type\":\"ListItem\",\"position\":2,\"name\":\"Pitch &#038; Putt 2025 : Tour 6, compte-rendu\"}]},{\"@type\":\"WebSite\",\"@id\":\"https:\\\/\\\/cdgolf33.com\\\/#website\",\"url\":\"https:\\\/\\\/cdgolf33.com\\\/\",\"name\":\"Comit\u00e9 D\u00e9partemental de Golf de Gironde\",\"description\":\"Le Comit\u00e9 de Gironde de Golf vous souhaite la bienvenue sur son site !\",\"publisher\":{\"@id\":\"https:\\\/\\\/cdgolf33.com\\\/#organization\"},\"potentialAction\":[{\"@type\":\"SearchAction\",\"target\":{\"@type\":\"EntryPoint\",\"urlTemplate\":\"https:\\\/\\\/cdgolf33.com\\\/?s={search_term_string}\"},\"query-input\":{\"@type\":\"PropertyValueSpecification\",\"valueRequired\":true,\"valueName\":\"search_term_string\"}}],\"inLanguage\":\"fr-FR\"},{\"@type\":\"Organization\",\"@id\":\"https:\\\/\\\/cdgolf33.com\\\/#organization\",\"name\":\"Comit\u00e9 de Golf de Gironde\",\"url\":\"https:\\\/\\\/cdgolf33.com\\\/\",\"logo\":{\"@type\":\"ImageObject\",\"inLanguage\":\"fr-FR\",\"@id\":\"https:\\\/\\\/cdgolf33.com\\\/#\\\/schema\\\/logo\\\/image\\\/\",\"url\":\"https:\\\/\\\/cdgolf33.com\\\/wp-content\\\/uploads\\\/2019\\\/05\\\/LOGOCD33.jpg\",\"contentUrl\":\"https:\\\/\\\/cdgolf33.com\\\/wp-content\\\/uploads\\\/2019\\\/05\\\/LOGOCD33.jpg\",\"width\":220,\"height\":233,\"caption\":\"Comit\u00e9 de Golf de Gironde\"},\"image\":{\"@id\":\"https:\\\/\\\/cdgolf33.com\\\/#\\\/schema\\\/logo\\\/image\\\/\"},\"sameAs\":[\"https:\\\/\\\/x.com\\\/comitegolf33\"]}]}<\/script>\n<!-- \/ Yoast SEO plugin. -->","yoast_head_json":{"title":"Pitch & Putt 2025 : Tour 6, compte-rendu - Comit\u00e9 D\u00e9partemental de Golf de Gironde","robots":{"index":"index","follow":"follow","max-snippet":"max-snippet:-1","max-image-preview":"max-image-preview:large","max-video-preview":"max-video-preview:-1"},"canonical":"https:\/\/cdgolf33.com\/index.php\/pitch-putt-tour-2025-tour-6-compte-rendu\/","og_locale":"fr_FR","og_type":"article","og_title":"Pitch & Putt 2025 : Tour 6, compte-rendu - Comit\u00e9 D\u00e9partemental de Golf de Gironde","og_description":"Vid\u00e9os des Tours 1, 2, 3, 4, 5, 6 \u00a0Pitch &amp; Putt 2025 : TOUR 6 au Golf de Bordeaux-Lac ayant eu lieu le 18 Mai 2025 Nous venons de vivre le dernier tour de qualification de notre championnat de Gironde\u00a0sur le magnifique parcours de Pitch &amp; Putt\u00a0du Golf de [&hellip;]","og_url":"https:\/\/cdgolf33.com\/index.php\/pitch-putt-tour-2025-tour-6-compte-rendu\/","og_site_name":"Comit\u00e9 D\u00e9partemental de Golf de Gironde","article_modified_time":"2025-05-20T20:19:31+00:00","og_image":[{"width":680,"height":453,"url":"https:\/\/cdgolf33.com\/wp-content\/uploads\/2025\/05\/BG19-BxLac@aLamoureux_DJI_0844.webp","type":"image\/webp"}],"twitter_card":"summary_large_image","twitter_site":"@comitegolf33","twitter_misc":{"Dur\u00e9e de lecture estim\u00e9e":"2 minutes"},"schema":{"@context":"https:\/\/schema.org","@graph":[{"@type":"WebPage","@id":"https:\/\/cdgolf33.com\/index.php\/pitch-putt-tour-2025-tour-6-compte-rendu\/","url":"https:\/\/cdgolf33.com\/index.php\/pitch-putt-tour-2025-tour-6-compte-rendu\/","name":"Pitch & Putt 2025 : Tour 6, compte-rendu - Comit\u00e9 D\u00e9partemental de Golf de Gironde","isPartOf":{"@id":"https:\/\/cdgolf33.com\/#website"},"primaryImageOfPage":{"@id":"https:\/\/cdgolf33.com\/index.php\/pitch-putt-tour-2025-tour-6-compte-rendu\/#primaryimage"},"image":{"@id":"https:\/\/cdgolf33.com\/index.php\/pitch-putt-tour-2025-tour-6-compte-rendu\/#primaryimage"},"thumbnailUrl":"https:\/\/cdgolf33.com\/wp-content\/uploads\/2025\/05\/BG19-BxLac@aLamoureux_DJI_0844.webp","datePublished":"2025-05-20T20:02:54+00:00","dateModified":"2025-05-20T20:19:31+00:00","breadcrumb":{"@id":"https:\/\/cdgolf33.com\/index.php\/pitch-putt-tour-2025-tour-6-compte-rendu\/#breadcrumb"},"inLanguage":"fr-FR","potentialAction":[{"@type":"ReadAction","target":["https:\/\/cdgolf33.com\/index.php\/pitch-putt-tour-2025-tour-6-compte-rendu\/"]}]},{"@type":"ImageObject","inLanguage":"fr-FR","@id":"https:\/\/cdgolf33.com\/index.php\/pitch-putt-tour-2025-tour-6-compte-rendu\/#primaryimage","url":"https:\/\/cdgolf33.com\/wp-content\/uploads\/2025\/05\/BG19-BxLac@aLamoureux_DJI_0844.webp","contentUrl":"https:\/\/cdgolf33.com\/wp-content\/uploads\/2025\/05\/BG19-BxLac@aLamoureux_DJI_0844.webp","width":680,"height":453},{"@type":"BreadcrumbList","@id":"https:\/\/cdgolf33.com\/index.php\/pitch-putt-tour-2025-tour-6-compte-rendu\/#breadcrumb","itemListElement":[{"@type":"ListItem","position":1,"name":"Accueil","item":"https:\/\/cdgolf33.com\/"},{"@type":"ListItem","position":2,"name":"Pitch &#038; Putt 2025 : Tour 6, compte-rendu"}]},{"@type":"WebSite","@id":"https:\/\/cdgolf33.com\/#website","url":"https:\/\/cdgolf33.com\/","name":"Comit\u00e9 D\u00e9partemental de Golf de Gironde","description":"Le Comit\u00e9 de Gironde de Golf vous souhaite la bienvenue sur son site !","publisher":{"@id":"https:\/\/cdgolf33.com\/#organization"},"potentialAction":[{"@type":"SearchAction","target":{"@type":"EntryPoint","urlTemplate":"https:\/\/cdgolf33.com\/?s={search_term_string}"},"query-input":{"@type":"PropertyValueSpecification","valueRequired":true,"valueName":"search_term_string"}}],"inLanguage":"fr-FR"},{"@type":"Organization","@id":"https:\/\/cdgolf33.com\/#organization","name":"Comit\u00e9 de Golf de Gironde","url":"https:\/\/cdgolf33.com\/","logo":{"@type":"ImageObject","inLanguage":"fr-FR","@id":"https:\/\/cdgolf33.com\/#\/schema\/logo\/image\/","url":"https:\/\/cdgolf33.com\/wp-content\/uploads\/2019\/05\/LOGOCD33.jpg","contentUrl":"https:\/\/cdgolf33.com\/wp-content\/uploads\/2019\/05\/LOGOCD33.jpg","width":220,"height":233,"caption":"Comit\u00e9 de Golf de Gironde"},"image":{"@id":"https:\/\/cdgolf33.com\/#\/schema\/logo\/image\/"},"sameAs":["https:\/\/x.com\/comitegolf33"]}]}},"_links":{"self":[{"href":"https:\/\/cdgolf33.com\/index.php\/wp-json\/wp\/v2\/pages\/10915","targetHints":{"allow":["GET"]}}],"collection":[{"href":"https:\/\/cdgolf33.com\/index.php\/wp-json\/wp\/v2\/pages"}],"about":[{"href":"https:\/\/cdgolf33.com\/index.php\/wp-json\/wp\/v2\/types\/page"}],"author":[{"embeddable":true,"href":"https:\/\/cdgolf33.com\/index.php\/wp-json\/wp\/v2\/users\/2"}],"replies":[{"embeddable":true,"href":"https:\/\/cdgolf33.com\/index.php\/wp-json\/wp\/v2\/comments?post=10915"}],"version-history":[{"count":12,"href":"https:\/\/cdgolf33.com\/index.php\/wp-json\/wp\/v2\/pages\/10915\/revisions"}],"predecessor-version":[{"id":10933,"href":"https:\/\/cdgolf33.com\/index.php\/wp-json\/wp\/v2\/pages\/10915\/revisions\/10933"}],"wp:attachment":[{"href":"https:\/\/cdgolf33.com\/index.php\/wp-json\/wp\/v2\/media?parent=10915"}],"curies":[{"name":"wp","href":"https:\/\/api.w.org\/{rel}","templated":true}]}}