{"id":11205,"date":"2025-06-24T15:10:41","date_gmt":"2025-06-24T13:10:41","guid":{"rendered":"https:\/\/cdgolf33.com\/?page_id=11205"},"modified":"2025-06-24T15:17:29","modified_gmt":"2025-06-24T13:17:29","slug":"pitch-putt-2025-les-resultats-de-la-finale","status":"publish","type":"page","link":"https:\/\/cdgolf33.com\/index.php\/pitch-putt-2025-les-resultats-de-la-finale\/","title":{"rendered":"Pitch &#038; Putt 2025 : les r\u00e9sultats de la finale"},"content":{"rendered":"\n<h2><strong>Les r\u00e9sultats de la finale.<\/strong><\/h2>\n<h4><span style=\"color: #61b6ce;\"><strong>Au golf des Argileyres \u00e0 Cestas, le 22 Juin 2025.<\/strong><\/span><\/h4>\n<p><strong>Mise \u00e0 jour : 24\/06\/2025-16:00<\/strong><\/p>\n<p><strong>1) Les r\u00e9sultats \u00ab\u00a0Messieurs\u00a0\u00bb.<\/strong><\/p>\n\n\n\n<div data-wp-interactive=\"core\/file\" class=\"wp-block-file\"><object data-wp-bind--hidden=\"!state.hasPdfPreview\" hidden class=\"wp-block-file__embed\" data=\"https:\/\/cdgolf33.com\/wp-content\/uploads\/2025\/06\/Resultats-Finale-PP-Messieurs-2025.pdf\" type=\"application\/pdf\" style=\"width:100%;height:600px\" aria-label=\"Contenu embarqu\u00e9 Resultats Finale P&amp;P Messieurs 2025.\"><\/object><a id=\"wp-block-file--media-e4e0a60b-ff45-431b-8fad-3beab82f84a3\" href=\"https:\/\/cdgolf33.com\/wp-content\/uploads\/2025\/06\/Resultats-Finale-PP-Messieurs-2025.pdf\">Resultats Finale P&#038;P Messieurs 2025<\/a><a href=\"https:\/\/cdgolf33.com\/wp-content\/uploads\/2025\/06\/Resultats-Finale-PP-Messieurs-2025.pdf\" class=\"wp-block-file__button wp-element-button\" download aria-describedby=\"wp-block-file--media-e4e0a60b-ff45-431b-8fad-3beab82f84a3\">T\u00e9l\u00e9charger<\/a><\/div>\n\n\n\n<p><strong>2) Les r\u00e9sultats \u00ab\u00a0Dames\u00a0\u00bb.<\/strong><\/p>\n<p><\/p>\n\n\n\n<div data-wp-interactive=\"core\/file\" class=\"wp-block-file\"><object data-wp-bind--hidden=\"!state.hasPdfPreview\" hidden class=\"wp-block-file__embed\" data=\"https:\/\/cdgolf33.com\/wp-content\/uploads\/2025\/06\/Resultats-Finale-PP-Dames-2025.pdf\" type=\"application\/pdf\" style=\"width:100%;height:600px\" aria-label=\"Contenu embarqu\u00e9 Resultats Finale P&amp;P Dames 2025.\"><\/object><a id=\"wp-block-file--media-3322a681-4bc9-4817-8623-6f0911680f6a\" href=\"https:\/\/cdgolf33.com\/wp-content\/uploads\/2025\/06\/Resultats-Finale-PP-Dames-2025.pdf\">Resultats Finale P&#038;P Dames 2025<\/a><a href=\"https:\/\/cdgolf33.com\/wp-content\/uploads\/2025\/06\/Resultats-Finale-PP-Dames-2025.pdf\" class=\"wp-block-file__button wp-element-button\" download aria-describedby=\"wp-block-file--media-3322a681-4bc9-4817-8623-6f0911680f6a\">T\u00e9l\u00e9charger<\/a><\/div>\n\n\n\n<p><strong>3) Les r\u00e9sultats \u00ab\u00a0U16\u00a0\u00bb.<\/strong><\/p>\n<p><\/p>\n\n\n\n<div data-wp-interactive=\"core\/file\" class=\"wp-block-file\"><object data-wp-bind--hidden=\"!state.hasPdfPreview\" hidden class=\"wp-block-file__embed\" data=\"https:\/\/cdgolf33.com\/wp-content\/uploads\/2025\/06\/Resultats-PP-Finale-U16-2025.pdf\" type=\"application\/pdf\" style=\"width:100%;height:600px\" aria-label=\"Contenu embarqu\u00e9 Resultats P&amp;P Finale U16 2025.\"><\/object><a id=\"wp-block-file--media-49d9cec3-f10c-4839-9562-ea7134b9cb0a\" href=\"https:\/\/cdgolf33.com\/wp-content\/uploads\/2025\/06\/Resultats-PP-Finale-U16-2025.pdf\">Resultats P&#038;P Finale U16 2025<\/a><a href=\"https:\/\/cdgolf33.com\/wp-content\/uploads\/2025\/06\/Resultats-PP-Finale-U16-2025.pdf\" class=\"wp-block-file__button wp-element-button\" download aria-describedby=\"wp-block-file--media-49d9cec3-f10c-4839-9562-ea7134b9cb0a\">T\u00e9l\u00e9charger<\/a><\/div>\n\n\n<input type=\"button\" value=\"Retour\" class=\"alg_back_button_input button\" style=\"background-color:#61B6CE\" onclick=\"window.history.back()\" \/>\n","protected":false},"excerpt":{"rendered":"<p>Les r\u00e9sultats de la finale. Au golf des Argileyres \u00e0 Cestas, le 22 Juin 2025. Mise \u00e0 jour : 24\/06\/2025-16:00 1) Les r\u00e9sultats \u00ab\u00a0Messieurs\u00a0\u00bb. 2) Les r\u00e9sultats \u00ab\u00a0Dames\u00a0\u00bb. 3) Les r\u00e9sultats \u00ab\u00a0U16\u00a0\u00bb.<\/p>\n","protected":false},"author":2,"featured_media":0,"parent":0,"menu_order":0,"comment_status":"closed","ping_status":"closed","template":"","meta":{"footnotes":""},"class_list":["post-11205","page","type-page","status-publish","hentry"],"yoast_head":"<!-- This site is optimized with the Yoast SEO plugin v27.3 - https:\/\/yoast.com\/product\/yoast-seo-wordpress\/ -->\n<title>Pitch &amp; Putt 2025 : les r\u00e9sultats de la finale - Comit\u00e9 D\u00e9partemental de Golf de Gironde<\/title>\n<meta name=\"robots\" content=\"index, follow, max-snippet:-1, max-image-preview:large, max-video-preview:-1\" \/>\n<link rel=\"canonical\" href=\"https:\/\/cdgolf33.com\/index.php\/pitch-putt-2025-les-resultats-de-la-finale\/\" \/>\n<meta property=\"og:locale\" content=\"fr_FR\" \/>\n<meta property=\"og:type\" content=\"article\" \/>\n<meta property=\"og:title\" content=\"Pitch &amp; Putt 2025 : les r\u00e9sultats de la finale - Comit\u00e9 D\u00e9partemental de Golf de Gironde\" \/>\n<meta property=\"og:description\" content=\"Les r\u00e9sultats de la finale. Au golf des Argileyres \u00e0 Cestas, le 22 Juin 2025. Mise \u00e0 jour : 24\/06\/2025-16:00 1) Les r\u00e9sultats \u00ab\u00a0Messieurs\u00a0\u00bb. 2) Les r\u00e9sultats \u00ab\u00a0Dames\u00a0\u00bb. 3) Les r\u00e9sultats \u00ab\u00a0U16\u00a0\u00bb.\" \/>\n<meta property=\"og:url\" content=\"https:\/\/cdgolf33.com\/index.php\/pitch-putt-2025-les-resultats-de-la-finale\/\" \/>\n<meta property=\"og:site_name\" content=\"Comit\u00e9 D\u00e9partemental de Golf de Gironde\" \/>\n<meta property=\"article:modified_time\" content=\"2025-06-24T13:17:29+00:00\" \/>\n<meta name=\"twitter:card\" content=\"summary_large_image\" \/>\n<meta name=\"twitter:site\" content=\"@comitegolf33\" \/>\n<meta name=\"twitter:label1\" content=\"Dur\u00e9e de lecture estim\u00e9e\" \/>\n\t<meta name=\"twitter:data1\" content=\"1 minute\" \/>\n<script type=\"application\/ld+json\" class=\"yoast-schema-graph\">{\"@context\":\"https:\\\/\\\/schema.org\",\"@graph\":[{\"@type\":\"WebPage\",\"@id\":\"https:\\\/\\\/cdgolf33.com\\\/index.php\\\/pitch-putt-2025-les-resultats-de-la-finale\\\/\",\"url\":\"https:\\\/\\\/cdgolf33.com\\\/index.php\\\/pitch-putt-2025-les-resultats-de-la-finale\\\/\",\"name\":\"Pitch & Putt 2025 : les r\u00e9sultats de la finale - Comit\u00e9 D\u00e9partemental de Golf de Gironde\",\"isPartOf\":{\"@id\":\"https:\\\/\\\/cdgolf33.com\\\/#website\"},\"datePublished\":\"2025-06-24T13:10:41+00:00\",\"dateModified\":\"2025-06-24T13:17:29+00:00\",\"breadcrumb\":{\"@id\":\"https:\\\/\\\/cdgolf33.com\\\/index.php\\\/pitch-putt-2025-les-resultats-de-la-finale\\\/#breadcrumb\"},\"inLanguage\":\"fr-FR\",\"potentialAction\":[{\"@type\":\"ReadAction\",\"target\":[\"https:\\\/\\\/cdgolf33.com\\\/index.php\\\/pitch-putt-2025-les-resultats-de-la-finale\\\/\"]}]},{\"@type\":\"BreadcrumbList\",\"@id\":\"https:\\\/\\\/cdgolf33.com\\\/index.php\\\/pitch-putt-2025-les-resultats-de-la-finale\\\/#breadcrumb\",\"itemListElement\":[{\"@type\":\"ListItem\",\"position\":1,\"name\":\"Accueil\",\"item\":\"https:\\\/\\\/cdgolf33.com\\\/\"},{\"@type\":\"ListItem\",\"position\":2,\"name\":\"Pitch &#038; Putt 2025 : les r\u00e9sultats de la finale\"}]},{\"@type\":\"WebSite\",\"@id\":\"https:\\\/\\\/cdgolf33.com\\\/#website\",\"url\":\"https:\\\/\\\/cdgolf33.com\\\/\",\"name\":\"Comit\u00e9 D\u00e9partemental de Golf de Gironde\",\"description\":\"Le Comit\u00e9 de Gironde de Golf vous souhaite la bienvenue sur son site !\",\"publisher\":{\"@id\":\"https:\\\/\\\/cdgolf33.com\\\/#organization\"},\"potentialAction\":[{\"@type\":\"SearchAction\",\"target\":{\"@type\":\"EntryPoint\",\"urlTemplate\":\"https:\\\/\\\/cdgolf33.com\\\/?s={search_term_string}\"},\"query-input\":{\"@type\":\"PropertyValueSpecification\",\"valueRequired\":true,\"valueName\":\"search_term_string\"}}],\"inLanguage\":\"fr-FR\"},{\"@type\":\"Organization\",\"@id\":\"https:\\\/\\\/cdgolf33.com\\\/#organization\",\"name\":\"Comit\u00e9 de Golf de Gironde\",\"url\":\"https:\\\/\\\/cdgolf33.com\\\/\",\"logo\":{\"@type\":\"ImageObject\",\"inLanguage\":\"fr-FR\",\"@id\":\"https:\\\/\\\/cdgolf33.com\\\/#\\\/schema\\\/logo\\\/image\\\/\",\"url\":\"https:\\\/\\\/cdgolf33.com\\\/wp-content\\\/uploads\\\/2019\\\/05\\\/LOGOCD33.jpg\",\"contentUrl\":\"https:\\\/\\\/cdgolf33.com\\\/wp-content\\\/uploads\\\/2019\\\/05\\\/LOGOCD33.jpg\",\"width\":220,\"height\":233,\"caption\":\"Comit\u00e9 de Golf de Gironde\"},\"image\":{\"@id\":\"https:\\\/\\\/cdgolf33.com\\\/#\\\/schema\\\/logo\\\/image\\\/\"},\"sameAs\":[\"https:\\\/\\\/x.com\\\/comitegolf33\"]}]}<\/script>\n<!-- \/ Yoast SEO plugin. -->","yoast_head_json":{"title":"Pitch & Putt 2025 : les r\u00e9sultats de la finale - Comit\u00e9 D\u00e9partemental de Golf de Gironde","robots":{"index":"index","follow":"follow","max-snippet":"max-snippet:-1","max-image-preview":"max-image-preview:large","max-video-preview":"max-video-preview:-1"},"canonical":"https:\/\/cdgolf33.com\/index.php\/pitch-putt-2025-les-resultats-de-la-finale\/","og_locale":"fr_FR","og_type":"article","og_title":"Pitch & Putt 2025 : les r\u00e9sultats de la finale - Comit\u00e9 D\u00e9partemental de Golf de Gironde","og_description":"Les r\u00e9sultats de la finale. Au golf des Argileyres \u00e0 Cestas, le 22 Juin 2025. Mise \u00e0 jour : 24\/06\/2025-16:00 1) Les r\u00e9sultats \u00ab\u00a0Messieurs\u00a0\u00bb. 2) Les r\u00e9sultats \u00ab\u00a0Dames\u00a0\u00bb. 3) Les r\u00e9sultats \u00ab\u00a0U16\u00a0\u00bb.","og_url":"https:\/\/cdgolf33.com\/index.php\/pitch-putt-2025-les-resultats-de-la-finale\/","og_site_name":"Comit\u00e9 D\u00e9partemental de Golf de Gironde","article_modified_time":"2025-06-24T13:17:29+00:00","twitter_card":"summary_large_image","twitter_site":"@comitegolf33","twitter_misc":{"Dur\u00e9e de lecture estim\u00e9e":"1 minute"},"schema":{"@context":"https:\/\/schema.org","@graph":[{"@type":"WebPage","@id":"https:\/\/cdgolf33.com\/index.php\/pitch-putt-2025-les-resultats-de-la-finale\/","url":"https:\/\/cdgolf33.com\/index.php\/pitch-putt-2025-les-resultats-de-la-finale\/","name":"Pitch & Putt 2025 : les r\u00e9sultats de la finale - Comit\u00e9 D\u00e9partemental de Golf de Gironde","isPartOf":{"@id":"https:\/\/cdgolf33.com\/#website"},"datePublished":"2025-06-24T13:10:41+00:00","dateModified":"2025-06-24T13:17:29+00:00","breadcrumb":{"@id":"https:\/\/cdgolf33.com\/index.php\/pitch-putt-2025-les-resultats-de-la-finale\/#breadcrumb"},"inLanguage":"fr-FR","potentialAction":[{"@type":"ReadAction","target":["https:\/\/cdgolf33.com\/index.php\/pitch-putt-2025-les-resultats-de-la-finale\/"]}]},{"@type":"BreadcrumbList","@id":"https:\/\/cdgolf33.com\/index.php\/pitch-putt-2025-les-resultats-de-la-finale\/#breadcrumb","itemListElement":[{"@type":"ListItem","position":1,"name":"Accueil","item":"https:\/\/cdgolf33.com\/"},{"@type":"ListItem","position":2,"name":"Pitch &#038; Putt 2025 : les r\u00e9sultats de la finale"}]},{"@type":"WebSite","@id":"https:\/\/cdgolf33.com\/#website","url":"https:\/\/cdgolf33.com\/","name":"Comit\u00e9 D\u00e9partemental de Golf de Gironde","description":"Le Comit\u00e9 de Gironde de Golf vous souhaite la bienvenue sur son site !","publisher":{"@id":"https:\/\/cdgolf33.com\/#organization"},"potentialAction":[{"@type":"SearchAction","target":{"@type":"EntryPoint","urlTemplate":"https:\/\/cdgolf33.com\/?s={search_term_string}"},"query-input":{"@type":"PropertyValueSpecification","valueRequired":true,"valueName":"search_term_string"}}],"inLanguage":"fr-FR"},{"@type":"Organization","@id":"https:\/\/cdgolf33.com\/#organization","name":"Comit\u00e9 de Golf de Gironde","url":"https:\/\/cdgolf33.com\/","logo":{"@type":"ImageObject","inLanguage":"fr-FR","@id":"https:\/\/cdgolf33.com\/#\/schema\/logo\/image\/","url":"https:\/\/cdgolf33.com\/wp-content\/uploads\/2019\/05\/LOGOCD33.jpg","contentUrl":"https:\/\/cdgolf33.com\/wp-content\/uploads\/2019\/05\/LOGOCD33.jpg","width":220,"height":233,"caption":"Comit\u00e9 de Golf de Gironde"},"image":{"@id":"https:\/\/cdgolf33.com\/#\/schema\/logo\/image\/"},"sameAs":["https:\/\/x.com\/comitegolf33"]}]}},"_links":{"self":[{"href":"https:\/\/cdgolf33.com\/index.php\/wp-json\/wp\/v2\/pages\/11205","targetHints":{"allow":["GET"]}}],"collection":[{"href":"https:\/\/cdgolf33.com\/index.php\/wp-json\/wp\/v2\/pages"}],"about":[{"href":"https:\/\/cdgolf33.com\/index.php\/wp-json\/wp\/v2\/types\/page"}],"author":[{"embeddable":true,"href":"https:\/\/cdgolf33.com\/index.php\/wp-json\/wp\/v2\/users\/2"}],"replies":[{"embeddable":true,"href":"https:\/\/cdgolf33.com\/index.php\/wp-json\/wp\/v2\/comments?post=11205"}],"version-history":[{"count":5,"href":"https:\/\/cdgolf33.com\/index.php\/wp-json\/wp\/v2\/pages\/11205\/revisions"}],"predecessor-version":[{"id":11214,"href":"https:\/\/cdgolf33.com\/index.php\/wp-json\/wp\/v2\/pages\/11205\/revisions\/11214"}],"wp:attachment":[{"href":"https:\/\/cdgolf33.com\/index.php\/wp-json\/wp\/v2\/media?parent=11205"}],"curies":[{"name":"wp","href":"https:\/\/api.w.org\/{rel}","templated":true}]}}