{"id":1143,"date":"2014-05-25T21:58:39","date_gmt":"2014-05-25T20:58:39","guid":{"rendered":"http:\/\/www.cdgolf33.com\/?page_id=1143"},"modified":"2014-05-25T21:58:39","modified_gmt":"2014-05-25T20:58:39","slug":"championnat-de-pitch-putt-t3","status":"publish","type":"page","link":"https:\/\/cdgolf33.com\/index.php\/championnat-de-pitch-putt-t3\/","title":{"rendered":"Championnat de pitch &#038; putt 2014 &#8211; T3"},"content":{"rendered":"<p style=\"text-align: justify;\">Brouillard le matin, soleil en fin de matin\u00e9e et un thermom\u00e8tre frisant les 25\u00b0 en d\u00e9but d&rsquo;apr\u00e8s midi.<br \/>\nQuelques d\u00e9fections la veille ou le jour m\u00eame et quelques soucis pour ceux qui ont d\u00fb malheureusement abandonner le matin en d\u00e9but de parcours.<\/p>\n<p style=\"text-align: justify;\">Fin de la tradition du trou en 1, ce dimanche au Baganais mais cependant quelques cartes int\u00e9ressantes et quelques nouvelles t\u00eates sympathiques d\u00e9couvrant le pitch &amp; putt sur un parcours tr\u00e8s bien pr\u00e9par\u00e9 par l&rsquo;\u00e9quipe de Beno\u00eet Cl\u00e9rici.<\/p>\n<p>Le prochain tour aura lieu sur le parcours P&amp;P de Bordeaux-Lac le dimanche 4 mai.<br \/>\nInscriptions aupr\u00e8s du club avant le 30 avril.<\/p>\n<p>\u2192 <strong><a href=\"http:\/\/www.cdgolf33.com\/wp-content\/uploads\/2014\/04\/2014_PP_R\u00e9sultatsT3.pdf\" target=\"_blank\" rel=\"noopener noreferrer\">R\u00e9sultats du T3<br \/>\n<\/a><\/strong><\/p>\n<p style=\"text-align: right;\">\u2192 <strong><a href=\"http:\/\/www.cdgolf33.com\/pitch-putt\/\">retour<\/a><\/strong><\/p>\n","protected":false},"excerpt":{"rendered":"<p>Brouillard le matin, soleil en fin de matin\u00e9e et un thermom\u00e8tre frisant les 25\u00b0 en d\u00e9but d&rsquo;apr\u00e8s midi. Quelques d\u00e9fections la veille ou le jour m\u00eame et quelques soucis pour ceux qui ont d\u00fb malheureusement abandonner le matin en d\u00e9but de parcours. Fin de la tradition du trou en 1, [&hellip;]<\/p>\n","protected":false},"author":1,"featured_media":0,"parent":0,"menu_order":0,"comment_status":"closed","ping_status":"open","template":"","meta":{"footnotes":""},"class_list":["post-1143","page","type-page","status-publish","hentry"],"yoast_head":"<!-- This site is optimized with the Yoast SEO plugin v27.5 - https:\/\/yoast.com\/product\/yoast-seo-wordpress\/ -->\n<title>Championnat de pitch &amp; putt 2014 - T3 - Comit\u00e9 D\u00e9partemental de Golf de Gironde<\/title>\n<meta name=\"robots\" content=\"index, follow, max-snippet:-1, max-image-preview:large, max-video-preview:-1\" \/>\n<link rel=\"canonical\" href=\"https:\/\/cdgolf33.com\/index.php\/championnat-de-pitch-putt-t3\/\" \/>\n<meta property=\"og:locale\" content=\"fr_FR\" \/>\n<meta property=\"og:type\" content=\"article\" \/>\n<meta property=\"og:title\" content=\"Championnat de pitch &amp; putt 2014 - T3 - Comit\u00e9 D\u00e9partemental de Golf de Gironde\" \/>\n<meta property=\"og:description\" content=\"Brouillard le matin, soleil en fin de matin\u00e9e et un thermom\u00e8tre frisant les 25\u00b0 en d\u00e9but d&rsquo;apr\u00e8s midi. Quelques d\u00e9fections la veille ou le jour m\u00eame et quelques soucis pour ceux qui ont d\u00fb malheureusement abandonner le matin en d\u00e9but de parcours. Fin de la tradition du trou en 1, [&hellip;]\" \/>\n<meta property=\"og:url\" content=\"https:\/\/cdgolf33.com\/index.php\/championnat-de-pitch-putt-t3\/\" \/>\n<meta property=\"og:site_name\" content=\"Comit\u00e9 D\u00e9partemental de Golf de Gironde\" \/>\n<meta name=\"twitter:card\" content=\"summary_large_image\" \/>\n<meta name=\"twitter:site\" content=\"@comitegolf33\" \/>\n<meta name=\"twitter:label1\" content=\"Dur\u00e9e de lecture estim\u00e9e\" \/>\n\t<meta name=\"twitter:data1\" content=\"1 minute\" \/>\n<script type=\"application\/ld+json\" class=\"yoast-schema-graph\">{\"@context\":\"https:\\\/\\\/schema.org\",\"@graph\":[{\"@type\":\"WebPage\",\"@id\":\"https:\\\/\\\/cdgolf33.com\\\/index.php\\\/championnat-de-pitch-putt-t3\\\/\",\"url\":\"https:\\\/\\\/cdgolf33.com\\\/index.php\\\/championnat-de-pitch-putt-t3\\\/\",\"name\":\"Championnat de pitch & putt 2014 - T3 - Comit\u00e9 D\u00e9partemental de Golf de Gironde\",\"isPartOf\":{\"@id\":\"https:\\\/\\\/cdgolf33.com\\\/#website\"},\"datePublished\":\"2014-05-25T20:58:39+00:00\",\"breadcrumb\":{\"@id\":\"https:\\\/\\\/cdgolf33.com\\\/index.php\\\/championnat-de-pitch-putt-t3\\\/#breadcrumb\"},\"inLanguage\":\"fr-FR\",\"potentialAction\":[{\"@type\":\"ReadAction\",\"target\":[\"https:\\\/\\\/cdgolf33.com\\\/index.php\\\/championnat-de-pitch-putt-t3\\\/\"]}]},{\"@type\":\"BreadcrumbList\",\"@id\":\"https:\\\/\\\/cdgolf33.com\\\/index.php\\\/championnat-de-pitch-putt-t3\\\/#breadcrumb\",\"itemListElement\":[{\"@type\":\"ListItem\",\"position\":1,\"name\":\"Accueil\",\"item\":\"https:\\\/\\\/cdgolf33.com\\\/\"},{\"@type\":\"ListItem\",\"position\":2,\"name\":\"Championnat de pitch &#038; putt 2014 &#8211; T3\"}]},{\"@type\":\"WebSite\",\"@id\":\"https:\\\/\\\/cdgolf33.com\\\/#website\",\"url\":\"https:\\\/\\\/cdgolf33.com\\\/\",\"name\":\"Comit\u00e9 D\u00e9partemental de Golf de Gironde\",\"description\":\"Le Comit\u00e9 de Gironde de Golf vous souhaite la bienvenue sur son site !\",\"publisher\":{\"@id\":\"https:\\\/\\\/cdgolf33.com\\\/#organization\"},\"potentialAction\":[{\"@type\":\"SearchAction\",\"target\":{\"@type\":\"EntryPoint\",\"urlTemplate\":\"https:\\\/\\\/cdgolf33.com\\\/?s={search_term_string}\"},\"query-input\":{\"@type\":\"PropertyValueSpecification\",\"valueRequired\":true,\"valueName\":\"search_term_string\"}}],\"inLanguage\":\"fr-FR\"},{\"@type\":\"Organization\",\"@id\":\"https:\\\/\\\/cdgolf33.com\\\/#organization\",\"name\":\"Comit\u00e9 de Golf de Gironde\",\"url\":\"https:\\\/\\\/cdgolf33.com\\\/\",\"logo\":{\"@type\":\"ImageObject\",\"inLanguage\":\"fr-FR\",\"@id\":\"https:\\\/\\\/cdgolf33.com\\\/#\\\/schema\\\/logo\\\/image\\\/\",\"url\":\"https:\\\/\\\/cdgolf33.com\\\/wp-content\\\/uploads\\\/2019\\\/05\\\/LOGOCD33.jpg\",\"contentUrl\":\"https:\\\/\\\/cdgolf33.com\\\/wp-content\\\/uploads\\\/2019\\\/05\\\/LOGOCD33.jpg\",\"width\":220,\"height\":233,\"caption\":\"Comit\u00e9 de Golf de Gironde\"},\"image\":{\"@id\":\"https:\\\/\\\/cdgolf33.com\\\/#\\\/schema\\\/logo\\\/image\\\/\"},\"sameAs\":[\"https:\\\/\\\/x.com\\\/comitegolf33\"]}]}<\/script>\n<!-- \/ Yoast SEO plugin. -->","yoast_head_json":{"title":"Championnat de pitch & putt 2014 - T3 - Comit\u00e9 D\u00e9partemental de Golf de Gironde","robots":{"index":"index","follow":"follow","max-snippet":"max-snippet:-1","max-image-preview":"max-image-preview:large","max-video-preview":"max-video-preview:-1"},"canonical":"https:\/\/cdgolf33.com\/index.php\/championnat-de-pitch-putt-t3\/","og_locale":"fr_FR","og_type":"article","og_title":"Championnat de pitch & putt 2014 - T3 - Comit\u00e9 D\u00e9partemental de Golf de Gironde","og_description":"Brouillard le matin, soleil en fin de matin\u00e9e et un thermom\u00e8tre frisant les 25\u00b0 en d\u00e9but d&rsquo;apr\u00e8s midi. Quelques d\u00e9fections la veille ou le jour m\u00eame et quelques soucis pour ceux qui ont d\u00fb malheureusement abandonner le matin en d\u00e9but de parcours. Fin de la tradition du trou en 1, [&hellip;]","og_url":"https:\/\/cdgolf33.com\/index.php\/championnat-de-pitch-putt-t3\/","og_site_name":"Comit\u00e9 D\u00e9partemental de Golf de Gironde","twitter_card":"summary_large_image","twitter_site":"@comitegolf33","twitter_misc":{"Dur\u00e9e de lecture estim\u00e9e":"1 minute"},"schema":{"@context":"https:\/\/schema.org","@graph":[{"@type":"WebPage","@id":"https:\/\/cdgolf33.com\/index.php\/championnat-de-pitch-putt-t3\/","url":"https:\/\/cdgolf33.com\/index.php\/championnat-de-pitch-putt-t3\/","name":"Championnat de pitch & putt 2014 - T3 - Comit\u00e9 D\u00e9partemental de Golf de Gironde","isPartOf":{"@id":"https:\/\/cdgolf33.com\/#website"},"datePublished":"2014-05-25T20:58:39+00:00","breadcrumb":{"@id":"https:\/\/cdgolf33.com\/index.php\/championnat-de-pitch-putt-t3\/#breadcrumb"},"inLanguage":"fr-FR","potentialAction":[{"@type":"ReadAction","target":["https:\/\/cdgolf33.com\/index.php\/championnat-de-pitch-putt-t3\/"]}]},{"@type":"BreadcrumbList","@id":"https:\/\/cdgolf33.com\/index.php\/championnat-de-pitch-putt-t3\/#breadcrumb","itemListElement":[{"@type":"ListItem","position":1,"name":"Accueil","item":"https:\/\/cdgolf33.com\/"},{"@type":"ListItem","position":2,"name":"Championnat de pitch &#038; putt 2014 &#8211; T3"}]},{"@type":"WebSite","@id":"https:\/\/cdgolf33.com\/#website","url":"https:\/\/cdgolf33.com\/","name":"Comit\u00e9 D\u00e9partemental de Golf de Gironde","description":"Le Comit\u00e9 de Gironde de Golf vous souhaite la bienvenue sur son site !","publisher":{"@id":"https:\/\/cdgolf33.com\/#organization"},"potentialAction":[{"@type":"SearchAction","target":{"@type":"EntryPoint","urlTemplate":"https:\/\/cdgolf33.com\/?s={search_term_string}"},"query-input":{"@type":"PropertyValueSpecification","valueRequired":true,"valueName":"search_term_string"}}],"inLanguage":"fr-FR"},{"@type":"Organization","@id":"https:\/\/cdgolf33.com\/#organization","name":"Comit\u00e9 de Golf de Gironde","url":"https:\/\/cdgolf33.com\/","logo":{"@type":"ImageObject","inLanguage":"fr-FR","@id":"https:\/\/cdgolf33.com\/#\/schema\/logo\/image\/","url":"https:\/\/cdgolf33.com\/wp-content\/uploads\/2019\/05\/LOGOCD33.jpg","contentUrl":"https:\/\/cdgolf33.com\/wp-content\/uploads\/2019\/05\/LOGOCD33.jpg","width":220,"height":233,"caption":"Comit\u00e9 de Golf de Gironde"},"image":{"@id":"https:\/\/cdgolf33.com\/#\/schema\/logo\/image\/"},"sameAs":["https:\/\/x.com\/comitegolf33"]}]}},"_links":{"self":[{"href":"https:\/\/cdgolf33.com\/index.php\/wp-json\/wp\/v2\/pages\/1143","targetHints":{"allow":["GET"]}}],"collection":[{"href":"https:\/\/cdgolf33.com\/index.php\/wp-json\/wp\/v2\/pages"}],"about":[{"href":"https:\/\/cdgolf33.com\/index.php\/wp-json\/wp\/v2\/types\/page"}],"author":[{"embeddable":true,"href":"https:\/\/cdgolf33.com\/index.php\/wp-json\/wp\/v2\/users\/1"}],"replies":[{"embeddable":true,"href":"https:\/\/cdgolf33.com\/index.php\/wp-json\/wp\/v2\/comments?post=1143"}],"version-history":[{"count":0,"href":"https:\/\/cdgolf33.com\/index.php\/wp-json\/wp\/v2\/pages\/1143\/revisions"}],"wp:attachment":[{"href":"https:\/\/cdgolf33.com\/index.php\/wp-json\/wp\/v2\/media?parent=1143"}],"curies":[{"name":"wp","href":"https:\/\/api.w.org\/{rel}","templated":true}]}}