{"id":1153,"date":"2014-05-25T22:08:01","date_gmt":"2014-05-25T21:08:01","guid":{"rendered":"http:\/\/www.cdgolf33.com\/?page_id=1153"},"modified":"2014-05-25T22:08:01","modified_gmt":"2014-05-25T21:08:01","slug":"pitch-t2","status":"publish","type":"page","link":"https:\/\/cdgolf33.com\/index.php\/pitch-t2\/","title":{"rendered":"Championnat de pitch &#038; putt 2014 &#8211; T2"},"content":{"rendered":"<p style=\"text-align: justify;\">Si en tout d\u00e9but de matin\u00e9e le soleil a jou\u00e9 \u00e0 cache-cache avec les giboul\u00e9es, la fin de matin\u00e9e fut ensoleill\u00e9e et le temps presque agr\u00e9able, si ce n&rsquo;\u00e9tait un vent pas tr\u00e8s chaud. Mais nous ne sommes qu&rsquo;en mars !<\/p>\n<p style=\"text-align: justify;\">C&rsquo;est sans doute cette fraicheur qui explique des scores moins \u00e9lev\u00e9s qu&rsquo;au tour pr\u00e9c\u00e9dent : meilleure carte de 57 (+3) pour Jean-Marc PONS de l&rsquo;A\u00e9rospatiale, m\u00eame si la moyenne g\u00e9n\u00e9rale reste constante.<br \/>\nLe parcours avait \u00e9t\u00e9 tr\u00e8s bien pr\u00e9par\u00e9 par Micha\u00ebl MINASSIAN, malgr\u00e9 la pluie des derni\u00e8res 24 heures.<br \/>\nFid\u00e8le \u00e0 la tradition du championnat Pitch &amp; Putt, le jeune Jules MALLARD d&rsquo;Arcachon a rendu une carte avec 2 trous en 1 (trous 4 et 9). F\u00e9licitations \u00e0 lui.<\/p>\n<p style=\"text-align: justify;\">\u2192 <strong><a href=\"http:\/\/www.cdgolf33.com\/wp-content\/uploads\/2014\/03\/2014_PP_R\u00e9sultatT2.pdf\" target=\"_blank\" rel=\"noopener noreferrer\">R\u00e9sultats du 2\u00e8me tour<\/a><\/strong><\/p>\n<p style=\"text-align: right;\">\u2192 <strong><a href=\"http:\/\/www.cdgolf33.com\/pitch-putt\/\">retour<\/a><\/strong><\/p>\n","protected":false},"excerpt":{"rendered":"<p>Si en tout d\u00e9but de matin\u00e9e le soleil a jou\u00e9 \u00e0 cache-cache avec les giboul\u00e9es, la fin de matin\u00e9e fut ensoleill\u00e9e et le temps presque agr\u00e9able, si ce n&rsquo;\u00e9tait un vent pas tr\u00e8s chaud. Mais nous ne sommes qu&rsquo;en mars ! C&rsquo;est sans doute cette fraicheur qui explique des scores [&hellip;]<\/p>\n","protected":false},"author":1,"featured_media":0,"parent":0,"menu_order":0,"comment_status":"closed","ping_status":"open","template":"","meta":{"footnotes":""},"class_list":["post-1153","page","type-page","status-publish","hentry"],"yoast_head":"<!-- This site is optimized with the Yoast SEO plugin v27.4 - https:\/\/yoast.com\/product\/yoast-seo-wordpress\/ -->\n<title>Championnat de pitch &amp; putt 2014 - T2 - Comit\u00e9 D\u00e9partemental de Golf de Gironde<\/title>\n<meta name=\"robots\" content=\"index, follow, max-snippet:-1, max-image-preview:large, max-video-preview:-1\" \/>\n<link rel=\"canonical\" href=\"https:\/\/cdgolf33.com\/index.php\/pitch-t2\/\" \/>\n<meta property=\"og:locale\" content=\"fr_FR\" \/>\n<meta property=\"og:type\" content=\"article\" \/>\n<meta property=\"og:title\" content=\"Championnat de pitch &amp; putt 2014 - T2 - Comit\u00e9 D\u00e9partemental de Golf de Gironde\" \/>\n<meta property=\"og:description\" content=\"Si en tout d\u00e9but de matin\u00e9e le soleil a jou\u00e9 \u00e0 cache-cache avec les giboul\u00e9es, la fin de matin\u00e9e fut ensoleill\u00e9e et le temps presque agr\u00e9able, si ce n&rsquo;\u00e9tait un vent pas tr\u00e8s chaud. Mais nous ne sommes qu&rsquo;en mars ! C&rsquo;est sans doute cette fraicheur qui explique des scores [&hellip;]\" \/>\n<meta property=\"og:url\" content=\"https:\/\/cdgolf33.com\/index.php\/pitch-t2\/\" \/>\n<meta property=\"og:site_name\" content=\"Comit\u00e9 D\u00e9partemental de Golf de Gironde\" \/>\n<meta name=\"twitter:card\" content=\"summary_large_image\" \/>\n<meta name=\"twitter:site\" content=\"@comitegolf33\" \/>\n<meta name=\"twitter:label1\" content=\"Dur\u00e9e de lecture estim\u00e9e\" \/>\n\t<meta name=\"twitter:data1\" content=\"1 minute\" \/>\n<script type=\"application\/ld+json\" class=\"yoast-schema-graph\">{\"@context\":\"https:\\\/\\\/schema.org\",\"@graph\":[{\"@type\":\"WebPage\",\"@id\":\"https:\\\/\\\/cdgolf33.com\\\/index.php\\\/pitch-t2\\\/\",\"url\":\"https:\\\/\\\/cdgolf33.com\\\/index.php\\\/pitch-t2\\\/\",\"name\":\"Championnat de pitch & putt 2014 - T2 - Comit\u00e9 D\u00e9partemental de Golf de Gironde\",\"isPartOf\":{\"@id\":\"https:\\\/\\\/cdgolf33.com\\\/#website\"},\"datePublished\":\"2014-05-25T21:08:01+00:00\",\"breadcrumb\":{\"@id\":\"https:\\\/\\\/cdgolf33.com\\\/index.php\\\/pitch-t2\\\/#breadcrumb\"},\"inLanguage\":\"fr-FR\",\"potentialAction\":[{\"@type\":\"ReadAction\",\"target\":[\"https:\\\/\\\/cdgolf33.com\\\/index.php\\\/pitch-t2\\\/\"]}]},{\"@type\":\"BreadcrumbList\",\"@id\":\"https:\\\/\\\/cdgolf33.com\\\/index.php\\\/pitch-t2\\\/#breadcrumb\",\"itemListElement\":[{\"@type\":\"ListItem\",\"position\":1,\"name\":\"Accueil\",\"item\":\"https:\\\/\\\/cdgolf33.com\\\/\"},{\"@type\":\"ListItem\",\"position\":2,\"name\":\"Championnat de pitch &#038; putt 2014 &#8211; T2\"}]},{\"@type\":\"WebSite\",\"@id\":\"https:\\\/\\\/cdgolf33.com\\\/#website\",\"url\":\"https:\\\/\\\/cdgolf33.com\\\/\",\"name\":\"Comit\u00e9 D\u00e9partemental de Golf de Gironde\",\"description\":\"Le Comit\u00e9 de Gironde de Golf vous souhaite la bienvenue sur son site !\",\"publisher\":{\"@id\":\"https:\\\/\\\/cdgolf33.com\\\/#organization\"},\"potentialAction\":[{\"@type\":\"SearchAction\",\"target\":{\"@type\":\"EntryPoint\",\"urlTemplate\":\"https:\\\/\\\/cdgolf33.com\\\/?s={search_term_string}\"},\"query-input\":{\"@type\":\"PropertyValueSpecification\",\"valueRequired\":true,\"valueName\":\"search_term_string\"}}],\"inLanguage\":\"fr-FR\"},{\"@type\":\"Organization\",\"@id\":\"https:\\\/\\\/cdgolf33.com\\\/#organization\",\"name\":\"Comit\u00e9 de Golf de Gironde\",\"url\":\"https:\\\/\\\/cdgolf33.com\\\/\",\"logo\":{\"@type\":\"ImageObject\",\"inLanguage\":\"fr-FR\",\"@id\":\"https:\\\/\\\/cdgolf33.com\\\/#\\\/schema\\\/logo\\\/image\\\/\",\"url\":\"https:\\\/\\\/cdgolf33.com\\\/wp-content\\\/uploads\\\/2019\\\/05\\\/LOGOCD33.jpg\",\"contentUrl\":\"https:\\\/\\\/cdgolf33.com\\\/wp-content\\\/uploads\\\/2019\\\/05\\\/LOGOCD33.jpg\",\"width\":220,\"height\":233,\"caption\":\"Comit\u00e9 de Golf de Gironde\"},\"image\":{\"@id\":\"https:\\\/\\\/cdgolf33.com\\\/#\\\/schema\\\/logo\\\/image\\\/\"},\"sameAs\":[\"https:\\\/\\\/x.com\\\/comitegolf33\"]}]}<\/script>\n<!-- \/ Yoast SEO plugin. -->","yoast_head_json":{"title":"Championnat de pitch & putt 2014 - T2 - Comit\u00e9 D\u00e9partemental de Golf de Gironde","robots":{"index":"index","follow":"follow","max-snippet":"max-snippet:-1","max-image-preview":"max-image-preview:large","max-video-preview":"max-video-preview:-1"},"canonical":"https:\/\/cdgolf33.com\/index.php\/pitch-t2\/","og_locale":"fr_FR","og_type":"article","og_title":"Championnat de pitch & putt 2014 - T2 - Comit\u00e9 D\u00e9partemental de Golf de Gironde","og_description":"Si en tout d\u00e9but de matin\u00e9e le soleil a jou\u00e9 \u00e0 cache-cache avec les giboul\u00e9es, la fin de matin\u00e9e fut ensoleill\u00e9e et le temps presque agr\u00e9able, si ce n&rsquo;\u00e9tait un vent pas tr\u00e8s chaud. Mais nous ne sommes qu&rsquo;en mars ! C&rsquo;est sans doute cette fraicheur qui explique des scores [&hellip;]","og_url":"https:\/\/cdgolf33.com\/index.php\/pitch-t2\/","og_site_name":"Comit\u00e9 D\u00e9partemental de Golf de Gironde","twitter_card":"summary_large_image","twitter_site":"@comitegolf33","twitter_misc":{"Dur\u00e9e de lecture estim\u00e9e":"1 minute"},"schema":{"@context":"https:\/\/schema.org","@graph":[{"@type":"WebPage","@id":"https:\/\/cdgolf33.com\/index.php\/pitch-t2\/","url":"https:\/\/cdgolf33.com\/index.php\/pitch-t2\/","name":"Championnat de pitch & putt 2014 - T2 - Comit\u00e9 D\u00e9partemental de Golf de Gironde","isPartOf":{"@id":"https:\/\/cdgolf33.com\/#website"},"datePublished":"2014-05-25T21:08:01+00:00","breadcrumb":{"@id":"https:\/\/cdgolf33.com\/index.php\/pitch-t2\/#breadcrumb"},"inLanguage":"fr-FR","potentialAction":[{"@type":"ReadAction","target":["https:\/\/cdgolf33.com\/index.php\/pitch-t2\/"]}]},{"@type":"BreadcrumbList","@id":"https:\/\/cdgolf33.com\/index.php\/pitch-t2\/#breadcrumb","itemListElement":[{"@type":"ListItem","position":1,"name":"Accueil","item":"https:\/\/cdgolf33.com\/"},{"@type":"ListItem","position":2,"name":"Championnat de pitch &#038; putt 2014 &#8211; T2"}]},{"@type":"WebSite","@id":"https:\/\/cdgolf33.com\/#website","url":"https:\/\/cdgolf33.com\/","name":"Comit\u00e9 D\u00e9partemental de Golf de Gironde","description":"Le Comit\u00e9 de Gironde de Golf vous souhaite la bienvenue sur son site !","publisher":{"@id":"https:\/\/cdgolf33.com\/#organization"},"potentialAction":[{"@type":"SearchAction","target":{"@type":"EntryPoint","urlTemplate":"https:\/\/cdgolf33.com\/?s={search_term_string}"},"query-input":{"@type":"PropertyValueSpecification","valueRequired":true,"valueName":"search_term_string"}}],"inLanguage":"fr-FR"},{"@type":"Organization","@id":"https:\/\/cdgolf33.com\/#organization","name":"Comit\u00e9 de Golf de Gironde","url":"https:\/\/cdgolf33.com\/","logo":{"@type":"ImageObject","inLanguage":"fr-FR","@id":"https:\/\/cdgolf33.com\/#\/schema\/logo\/image\/","url":"https:\/\/cdgolf33.com\/wp-content\/uploads\/2019\/05\/LOGOCD33.jpg","contentUrl":"https:\/\/cdgolf33.com\/wp-content\/uploads\/2019\/05\/LOGOCD33.jpg","width":220,"height":233,"caption":"Comit\u00e9 de Golf de Gironde"},"image":{"@id":"https:\/\/cdgolf33.com\/#\/schema\/logo\/image\/"},"sameAs":["https:\/\/x.com\/comitegolf33"]}]}},"_links":{"self":[{"href":"https:\/\/cdgolf33.com\/index.php\/wp-json\/wp\/v2\/pages\/1153","targetHints":{"allow":["GET"]}}],"collection":[{"href":"https:\/\/cdgolf33.com\/index.php\/wp-json\/wp\/v2\/pages"}],"about":[{"href":"https:\/\/cdgolf33.com\/index.php\/wp-json\/wp\/v2\/types\/page"}],"author":[{"embeddable":true,"href":"https:\/\/cdgolf33.com\/index.php\/wp-json\/wp\/v2\/users\/1"}],"replies":[{"embeddable":true,"href":"https:\/\/cdgolf33.com\/index.php\/wp-json\/wp\/v2\/comments?post=1153"}],"version-history":[{"count":0,"href":"https:\/\/cdgolf33.com\/index.php\/wp-json\/wp\/v2\/pages\/1153\/revisions"}],"wp:attachment":[{"href":"https:\/\/cdgolf33.com\/index.php\/wp-json\/wp\/v2\/media?parent=1153"}],"curies":[{"name":"wp","href":"https:\/\/api.w.org\/{rel}","templated":true}]}}