{"id":11798,"date":"2025-09-10T18:31:42","date_gmt":"2025-09-10T16:31:42","guid":{"rendered":"https:\/\/cdgolf33.com\/?page_id=11798"},"modified":"2025-09-16T12:21:13","modified_gmt":"2025-09-16T10:21:13","slug":"pitch-putt-2025-la-finale-interclubs-par-equipes-compte-rendu","status":"publish","type":"page","link":"https:\/\/cdgolf33.com\/index.php\/pitch-putt-2025-la-finale-interclubs-par-equipes-compte-rendu\/","title":{"rendered":"Pitch &#038; Putt 2025 : la finale interclubs (par \u00e9quipes), compte-rendu"},"content":{"rendered":"\t\t<div data-elementor-type=\"wp-page\" data-elementor-id=\"11798\" class=\"elementor elementor-11798\">\n\t\t\t\t<div class=\"elementor-element elementor-element-bc2136c e-flex e-con-boxed e-con e-parent\" data-id=\"bc2136c\" data-element_type=\"container\" data-e-type=\"container\">\n\t\t\t\t\t<div class=\"e-con-inner\">\n\t\t\t\t<div class=\"elementor-element elementor-element-373e6bc elementor-align-center elementor-widget elementor-widget-button\" data-id=\"373e6bc\" data-element_type=\"widget\" data-e-type=\"widget\" data-widget_type=\"button.default\">\n\t\t\t\t<div class=\"elementor-widget-container\">\n\t\t\t\t\t\t\t\t\t<div class=\"elementor-button-wrapper\">\n\t\t\t\t\t<a class=\"elementor-button elementor-button-link elementor-size-sm\" href=\"https:\/\/cdgolf33.com\/index.php\/pitch-putt-2025-video-tour1\/\">\n\t\t\t\t\t\t<span class=\"elementor-button-content-wrapper\">\n\t\t\t\t\t\t<span class=\"elementor-button-icon\">\n\t\t\t\t<svg aria-hidden=\"true\" class=\"e-font-icon-svg e-fas-video\" viewBox=\"0 0 576 512\" xmlns=\"http:\/\/www.w3.org\/2000\/svg\"><path d=\"M336.2 64H47.8C21.4 64 0 85.4 0 111.8v288.4C0 426.6 21.4 448 47.8 448h288.4c26.4 0 47.8-21.4 47.8-47.8V111.8c0-26.4-21.4-47.8-47.8-47.8zm189.4 37.7L416 177.3v157.4l109.6 75.5c21.2 14.6 50.4-.3 50.4-25.8V127.5c0-25.4-29.1-40.4-50.4-25.8z\"><\/path><\/svg>\t\t\t<\/span>\n\t\t\t\t\t\t\t\t\t<span class=\"elementor-button-text\">Vid\u00e9os des Tours 1, 2, 3, 4, 5, 6, finale individuelle, finale interclubs par \u00e9quipes<\/span>\n\t\t\t\t\t<\/span>\n\t\t\t\t\t<\/a>\n\t\t\t\t<\/div>\n\t\t\t\t\t\t\t\t<\/div>\n\t\t\t\t<\/div>\n\t\t\t\t\t<\/div>\n\t\t\t\t<\/div>\n\t\t<div class=\"elementor-element elementor-element-4aefcba e-flex e-con-boxed e-con e-parent\" data-id=\"4aefcba\" data-element_type=\"container\" data-e-type=\"container\">\n\t\t\t\t\t<div class=\"e-con-inner\">\n\t\t\t\t<div class=\"elementor-element elementor-element-9302b90 elementor-widget-divider--separator-type-pattern elementor-widget-divider--view-line elementor-widget elementor-widget-divider\" data-id=\"9302b90\" data-element_type=\"widget\" data-e-type=\"widget\" data-widget_type=\"divider.default\">\n\t\t\t\t<div class=\"elementor-widget-container\">\n\t\t\t\t\t\t\t<div class=\"elementor-divider\" style=\"--divider-pattern-url: url(&quot;data:image\/svg+xml,%3Csvg xmlns=&#039;http:\/\/www.w3.org\/2000\/svg&#039; preserveAspectRatio=&#039;none&#039; overflow=&#039;visible&#039; height=&#039;100%&#039; viewBox=&#039;0 0 24 24&#039; fill=&#039;none&#039; stroke=&#039;black&#039; stroke-width=&#039;1&#039; stroke-linecap=&#039;square&#039; stroke-miterlimit=&#039;10&#039;%3E%3Cpath d=&#039;M0,6c6,0,0.9,11.1,6.9,11.1S18,6,24,6&#039;\/%3E%3C\/svg%3E&quot;);\">\n\t\t\t<span class=\"elementor-divider-separator\">\n\t\t\t\t\t\t<\/span>\n\t\t<\/div>\n\t\t\t\t\t\t<\/div>\n\t\t\t\t<\/div>\n\t\t\t\t\t<\/div>\n\t\t\t\t<\/div>\n\t\t<div class=\"elementor-element elementor-element-ef9e95e e-flex e-con-boxed e-con e-parent\" data-id=\"ef9e95e\" data-element_type=\"container\" data-e-type=\"container\">\n\t\t\t\t\t<div class=\"e-con-inner\">\n\t\t\t\t<div class=\"elementor-element elementor-element-b6b5f7a elementor-widget elementor-widget-text-editor\" data-id=\"b6b5f7a\" data-element_type=\"widget\" data-e-type=\"widget\" data-widget_type=\"text-editor.default\">\n\t\t\t\t<div class=\"elementor-widget-container\">\n\t\t\t\t\t\t\t\t\t<p style=\"text-align: center;\"><span style=\"color: #000000; font-family: Arial, Helvetica, sans-serif; font-size: 24px;\"><b>\u00a0<\/b><\/span><b style=\"color: #000000; font-family: Arial, Helvetica, sans-serif; font-size: 24px;\">Pitch &amp; Putt 2025 : finale interclubs par \u00e9quipes de la Gironde <\/b><strong style=\"font-size: 24px;\"><span style=\"color: #000000; font-family: Arial, Helvetica, sans-serif;\">au Golf de Gujan-Mestras ayant eu lieu\u00a0<\/span><\/strong><\/p><p style=\"text-align: center;\"><strong style=\"font-size: 24px;\"><span style=\"color: #000000; font-family: Arial, Helvetica, sans-serif;\">le 7 septembre 2025<\/span><\/strong><\/p><p style=\"text-align: center;\"><\/p>\t\t\t\t\t\t\t\t<\/div>\n\t\t\t\t<\/div>\n\t\t\t\t\t<\/div>\n\t\t\t\t<\/div>\n\t\t<div class=\"elementor-element elementor-element-dacdc44 e-flex e-con-boxed e-con e-parent\" data-id=\"dacdc44\" data-element_type=\"container\" data-e-type=\"container\">\n\t\t\t\t\t<div class=\"e-con-inner\">\n\t\t\t\t<div class=\"elementor-element elementor-element-64bad9e elementor-widget elementor-widget-image\" data-id=\"64bad9e\" data-element_type=\"widget\" data-e-type=\"widget\" data-widget_type=\"image.default\">\n\t\t\t\t<div class=\"elementor-widget-container\">\n\t\t\t\t\t\t\t\t\t\t\t\t\t\t\t<img decoding=\"async\" width=\"300\" height=\"130\" src=\"https:\/\/cdgolf33.com\/wp-content\/uploads\/2025\/03\/Logo-PitchandPutt2025-300x130.png\" class=\"attachment-medium size-medium wp-image-9227\" alt=\"\" srcset=\"https:\/\/cdgolf33.com\/wp-content\/uploads\/2025\/03\/Logo-PitchandPutt2025-300x130.png 300w, https:\/\/cdgolf33.com\/wp-content\/uploads\/2025\/03\/Logo-PitchandPutt2025-1024x443.png 1024w, https:\/\/cdgolf33.com\/wp-content\/uploads\/2025\/03\/Logo-PitchandPutt2025-768x332.png 768w, https:\/\/cdgolf33.com\/wp-content\/uploads\/2025\/03\/Logo-PitchandPutt2025-1536x665.png 1536w, https:\/\/cdgolf33.com\/wp-content\/uploads\/2025\/03\/Logo-PitchandPutt2025.png 2010w\" sizes=\"(max-width: 300px) 100vw, 300px\" \/>\t\t\t\t\t\t\t\t\t\t\t\t\t\t\t<\/div>\n\t\t\t\t<\/div>\n\t\t\t\t\t<\/div>\n\t\t\t\t<\/div>\n\t\t<div class=\"elementor-element elementor-element-5a04bb4 e-flex e-con-boxed e-con e-parent\" data-id=\"5a04bb4\" data-element_type=\"container\" data-e-type=\"container\">\n\t\t\t\t\t<div class=\"e-con-inner\">\n\t\t\t\t<div class=\"elementor-element elementor-element-f357626 elementor-widget elementor-widget-text-editor\" data-id=\"f357626\" data-element_type=\"widget\" data-e-type=\"widget\" data-widget_type=\"text-editor.default\">\n\t\t\t\t<div class=\"elementor-widget-container\">\n\t\t\t\t\t\t\t\t\t<p style=\"text-align: center;\"><span style=\"color: #000000; font-family: Arial, Helvetica, sans-serif; font-size: 16px; text-align: start;\">Le Pitch &amp; Putt Tour 2025 arrive \u00e0 son terme.<\/span><br style=\"color: #000000; font-family: Arial, Helvetica, sans-serif; font-size: 16px; text-align: start;\" \/><br style=\"color: #000000; font-family: Arial, Helvetica, sans-serif; font-size: 16px; text-align: start;\" \/><b><span style=\"color: #000000; font-family: Arial, Helvetica, sans-serif; font-size: 16px; text-align: start;\">Finale interclubs, championnat de Gironde,<\/span><br style=\"color: #000000; font-family: Arial, Helvetica, sans-serif; font-size: 16px; text-align: start;\" \/><span style=\"color: #000000; font-family: Arial, Helvetica, sans-serif; font-size: 16px; text-align: start;\">Golf de\u00a0Gujan, le 7 septembre 2025<\/span><\/b><br style=\"color: #000000; font-family: Arial, Helvetica, sans-serif; font-size: 16px; text-align: start;\" \/><br style=\"color: #000000; font-family: Arial, Helvetica, sans-serif; font-size: 16px; text-align: start;\" \/><span style=\"color: #000000; font-family: Arial, Helvetica, sans-serif; font-size: 16px; text-align: start;\">\u00a0 \u00a0C\u2019est encore avec une belle m\u00e9t\u00e9o que les six \u00e9quipes de 4 joueurs se sont retrouv\u00e9es sur ce nouveau parcours Pitch &amp; Putt de Gujan-Mestras, parfaitement pr\u00e9par\u00e9 pour la comp\u00e9tition.<\/span><br style=\"color: #000000; font-family: Arial, Helvetica, sans-serif; font-size: 16px; text-align: start;\" \/><span style=\"color: #000000; font-family: Arial, Helvetica, sans-serif; font-size: 16px; text-align: start;\">Comme d\u2019habitude, nous avons pu appr\u00e9cier la complicit\u00e9 entre les joueurs de chaque \u00e9quipe, mais surtout entre les \u00e9quipes, ce qui fait tout le charme de cette belle comp\u00e9tition qu&rsquo;est le Pitch &amp; Putt.<\/span><br style=\"color: #000000; font-family: Arial, Helvetica, sans-serif; font-size: 16px; text-align: start;\" \/><span style=\"color: #000000; font-family: Arial, Helvetica, sans-serif; font-size: 16px; text-align: start;\">\u00a0 \u00a0 \u00a0\u00a0<\/span><br style=\"color: #000000; font-family: Arial, Helvetica, sans-serif; font-size: 16px; text-align: start;\" \/><span style=\"color: #000000; font-family: Arial, Helvetica, sans-serif; font-size: 16px; text-align: start;\">\u00a0 \u00a0\u00a0C\u2019est au terme de 3 \u00d7 9 trous (individuel,\u00a0scramble et foursome)\u00a0que les six \u00e9quipes se sont d\u00e9partag\u00e9es et ont permis \u00e0 l\u2019\u00e9quipe de l\u2019<b>AS GAZELEC<\/b>\u00a0de remporter\u00a0<\/span><span style=\"color: #000000; font-family: Arial, Helvetica, sans-serif; font-size: 16px; text-align: start;\">avec des scores tr\u00e8s serr\u00e9s\u00a0<\/span><span style=\"color: #000000; font-family: Arial, Helvetica, sans-serif; font-size: 16px; text-align: start;\">le troph\u00e9e de :\u00a0<\/span><\/p><p style=\"text-align: center;\"><span style=\"color: #000000; font-family: Arial, Helvetica, sans-serif; font-size: 16px; text-align: start;\"><b>CHAMPION DE GIRONDE DE PITCH &amp; PUTT 2025<\/b>\u00a0<b>PAR EQUIPES<\/b>\u00a0<\/span><span style=\"color: #000000; font-family: Arial, Helvetica, sans-serif; font-size: 16px; text-align: start;\">\u00a0 \u00a0\u00a0<\/span><\/p>\t\t\t\t\t\t\t\t<\/div>\n\t\t\t\t<\/div>\n\t\t\t\t<div class=\"elementor-element elementor-element-1a6c738 elementor-widget elementor-widget-image\" data-id=\"1a6c738\" data-element_type=\"widget\" data-e-type=\"widget\" data-widget_type=\"image.default\">\n\t\t\t\t<div class=\"elementor-widget-container\">\n\t\t\t\t\t\t\t\t\t\t\t\t\t\t\t<img fetchpriority=\"high\" decoding=\"async\" width=\"750\" height=\"563\" src=\"https:\/\/cdgolf33.com\/wp-content\/uploads\/2025\/09\/20250907_153205-1024x768.webp\" class=\"attachment-large size-large wp-image-11863\" alt=\"\" srcset=\"https:\/\/cdgolf33.com\/wp-content\/uploads\/2025\/09\/20250907_153205-1024x768.webp 1024w, https:\/\/cdgolf33.com\/wp-content\/uploads\/2025\/09\/20250907_153205-300x225.webp 300w, https:\/\/cdgolf33.com\/wp-content\/uploads\/2025\/09\/20250907_153205-768x576.webp 768w, https:\/\/cdgolf33.com\/wp-content\/uploads\/2025\/09\/20250907_153205-1536x1152.webp 1536w, https:\/\/cdgolf33.com\/wp-content\/uploads\/2025\/09\/20250907_153205-2048x1536.webp 2048w\" sizes=\"(max-width: 750px) 100vw, 750px\" \/>\t\t\t\t\t\t\t\t\t\t\t\t\t\t\t<\/div>\n\t\t\t\t<\/div>\n\t\t\t\t<div class=\"elementor-element elementor-element-7baa2ba elementor-widget elementor-widget-text-editor\" data-id=\"7baa2ba\" data-element_type=\"widget\" data-e-type=\"widget\" data-widget_type=\"text-editor.default\">\n\t\t\t\t<div class=\"elementor-widget-container\">\n\t\t\t\t\t\t\t\t\t<div style=\"font-family: Arial, Helvetica, sans-serif; font-size: 16px; color: #000000; text-align: center;\">\n<p><span><img decoding=\"async\" src=\"https:\/\/cdgolf33.com\/wp-content\/uploads\/2025\/09\/20250907_084408-scaled.webp\" alt=\"\" width=\"2560\" height=\"1920\"><\/span><\/p>\n<p>Le Comit\u00e9 de golf de la&nbsp;<span style=\"font-size: inherit;\">Gironde remercie le&nbsp;<\/span><span style=\"font-size: inherit;\">Golf de Gujan-Mestras&nbsp;<\/span><span style=\"font-size: inherit;\">pour leur implication sur cette finale.<\/span><\/p>\n<p><span style=\"text-align: start;\">Toute l&rsquo;\u00e9quipe du comit\u00e9 de golf de la Gironde vous remercie pour votre implication \u00e0 tous et toutes, ce qui a fait de cette comp\u00e9tition un v\u00e9ritable succ\u00e8s.<\/span><br style=\"text-align: start;\"><br style=\"text-align: start;\"><span style=\"text-align: start;\">&nbsp; &nbsp; &nbsp;Merci encore \u00e0 tous et toutes et nous comptons sur vous pour le PITCH &amp; PUTT Tour 2026 !<\/span><span><\/span><\/p>\n<p><strong>&nbsp; &nbsp; &nbsp; &nbsp; &nbsp; &nbsp; &nbsp;Rendez vous \u00e0 tous pour le Pitch &amp; Putt Tour 2026 !<\/strong><\/p>\n<p><strong>&nbsp;<\/strong><\/p>\n<\/div>\n<div style=\"text-align: center;\">\n<p><strong style=\"font-size: inherit;\"><span style=\"color: #61b6ce; font-family: Arial, Helvetica, sans-serif; font-size: 16px;\">&nbsp; &nbsp; &nbsp; L&rsquo;\u00e9quipe du Pitch &amp; Putt Tour&nbsp;<\/span><\/strong><\/p>\n<\/div>\t\t\t\t\t\t\t\t<\/div>\n\t\t\t\t<\/div>\n\t\t\t\t\t<\/div>\n\t\t\t\t<\/div>\n\t\t<div class=\"elementor-element elementor-element-32435f7 e-flex e-con-boxed e-con e-parent\" data-id=\"32435f7\" data-element_type=\"container\" data-e-type=\"container\">\n\t\t\t\t\t<div class=\"e-con-inner\">\n\t\t\t\t<div class=\"elementor-element elementor-element-1130dbf elementor-widget elementor-widget-shortcode\" data-id=\"1130dbf\" data-element_type=\"widget\" data-e-type=\"widget\" data-widget_type=\"shortcode.default\">\n\t\t\t\t<div class=\"elementor-widget-container\">\n\t\t\t\t\t\t\t<div class=\"elementor-shortcode\"><input type=\"button\" value=\"Retour\" class=\"alg_back_button_input button\" style=\"background-color:#61B6CE\" onclick=\"window.history.back()\" \/><\/div>\n\t\t\t\t\t\t<\/div>\n\t\t\t\t<\/div>\n\t\t\t\t\t<\/div>\n\t\t\t\t<\/div>\n\t\t\t\t<\/div>\n\t\t","protected":false},"excerpt":{"rendered":"<p>Vid\u00e9os des Tours 1, 2, 3, 4, 5, 6, finale individuelle, finale interclubs par \u00e9quipes \u00a0Pitch &amp; Putt 2025 : finale interclubs par \u00e9quipes de la Gironde au Golf de Gujan-Mestras ayant eu lieu\u00a0 le 7 septembre 2025 Le Pitch &amp; Putt Tour 2025 arrive \u00e0 son terme.Finale interclubs, championnat [&hellip;]<\/p>\n","protected":false},"author":2,"featured_media":11809,"parent":0,"menu_order":0,"comment_status":"closed","ping_status":"closed","template":"","meta":{"footnotes":""},"class_list":["post-11798","page","type-page","status-publish","has-post-thumbnail","hentry"],"yoast_head":"<!-- This site is optimized with the Yoast SEO plugin v27.4 - https:\/\/yoast.com\/product\/yoast-seo-wordpress\/ -->\n<title>Pitch &amp; Putt 2025 : la finale interclubs (par \u00e9quipes), compte-rendu - Comit\u00e9 D\u00e9partemental de Golf de Gironde<\/title>\n<meta name=\"robots\" content=\"index, follow, max-snippet:-1, max-image-preview:large, max-video-preview:-1\" \/>\n<link rel=\"canonical\" href=\"https:\/\/cdgolf33.com\/index.php\/pitch-putt-2025-la-finale-interclubs-par-equipes-compte-rendu\/\" \/>\n<meta property=\"og:locale\" content=\"fr_FR\" \/>\n<meta property=\"og:type\" content=\"article\" \/>\n<meta property=\"og:title\" content=\"Pitch &amp; Putt 2025 : la finale interclubs (par \u00e9quipes), compte-rendu - Comit\u00e9 D\u00e9partemental de Golf de Gironde\" \/>\n<meta property=\"og:description\" content=\"Vid\u00e9os des Tours 1, 2, 3, 4, 5, 6, finale individuelle, finale interclubs par \u00e9quipes \u00a0Pitch &amp; Putt 2025 : finale interclubs par \u00e9quipes de la Gironde au Golf de Gujan-Mestras ayant eu lieu\u00a0 le 7 septembre 2025 Le Pitch &amp; Putt Tour 2025 arrive \u00e0 son terme.Finale interclubs, championnat [&hellip;]\" \/>\n<meta property=\"og:url\" content=\"https:\/\/cdgolf33.com\/index.php\/pitch-putt-2025-la-finale-interclubs-par-equipes-compte-rendu\/\" \/>\n<meta property=\"og:site_name\" content=\"Comit\u00e9 D\u00e9partemental de Golf de Gironde\" \/>\n<meta property=\"article:modified_time\" content=\"2025-09-16T10:21:13+00:00\" \/>\n<meta property=\"og:image\" content=\"https:\/\/cdgolf33.com\/wp-content\/uploads\/2025\/09\/20250907_084408-scaled.webp\" \/>\n\t<meta property=\"og:image:width\" content=\"2560\" \/>\n\t<meta property=\"og:image:height\" content=\"1920\" \/>\n\t<meta property=\"og:image:type\" content=\"image\/jpeg\" \/>\n<meta name=\"twitter:card\" content=\"summary_large_image\" \/>\n<meta name=\"twitter:site\" content=\"@comitegolf33\" \/>\n<meta name=\"twitter:label1\" content=\"Dur\u00e9e de lecture estim\u00e9e\" \/>\n\t<meta name=\"twitter:data1\" content=\"2 minutes\" \/>\n<script type=\"application\/ld+json\" class=\"yoast-schema-graph\">{\"@context\":\"https:\\\/\\\/schema.org\",\"@graph\":[{\"@type\":\"WebPage\",\"@id\":\"https:\\\/\\\/cdgolf33.com\\\/index.php\\\/pitch-putt-2025-la-finale-interclubs-par-equipes-compte-rendu\\\/\",\"url\":\"https:\\\/\\\/cdgolf33.com\\\/index.php\\\/pitch-putt-2025-la-finale-interclubs-par-equipes-compte-rendu\\\/\",\"name\":\"Pitch & Putt 2025 : la finale interclubs (par \u00e9quipes), compte-rendu - Comit\u00e9 D\u00e9partemental de Golf de Gironde\",\"isPartOf\":{\"@id\":\"https:\\\/\\\/cdgolf33.com\\\/#website\"},\"primaryImageOfPage\":{\"@id\":\"https:\\\/\\\/cdgolf33.com\\\/index.php\\\/pitch-putt-2025-la-finale-interclubs-par-equipes-compte-rendu\\\/#primaryimage\"},\"image\":{\"@id\":\"https:\\\/\\\/cdgolf33.com\\\/index.php\\\/pitch-putt-2025-la-finale-interclubs-par-equipes-compte-rendu\\\/#primaryimage\"},\"thumbnailUrl\":\"https:\\\/\\\/cdgolf33.com\\\/wp-content\\\/uploads\\\/2025\\\/09\\\/20250907_084408-scaled.webp\",\"datePublished\":\"2025-09-10T16:31:42+00:00\",\"dateModified\":\"2025-09-16T10:21:13+00:00\",\"breadcrumb\":{\"@id\":\"https:\\\/\\\/cdgolf33.com\\\/index.php\\\/pitch-putt-2025-la-finale-interclubs-par-equipes-compte-rendu\\\/#breadcrumb\"},\"inLanguage\":\"fr-FR\",\"potentialAction\":[{\"@type\":\"ReadAction\",\"target\":[\"https:\\\/\\\/cdgolf33.com\\\/index.php\\\/pitch-putt-2025-la-finale-interclubs-par-equipes-compte-rendu\\\/\"]}]},{\"@type\":\"ImageObject\",\"inLanguage\":\"fr-FR\",\"@id\":\"https:\\\/\\\/cdgolf33.com\\\/index.php\\\/pitch-putt-2025-la-finale-interclubs-par-equipes-compte-rendu\\\/#primaryimage\",\"url\":\"https:\\\/\\\/cdgolf33.com\\\/wp-content\\\/uploads\\\/2025\\\/09\\\/20250907_084408-scaled.webp\",\"contentUrl\":\"https:\\\/\\\/cdgolf33.com\\\/wp-content\\\/uploads\\\/2025\\\/09\\\/20250907_084408-scaled.webp\",\"width\":2560,\"height\":1920},{\"@type\":\"BreadcrumbList\",\"@id\":\"https:\\\/\\\/cdgolf33.com\\\/index.php\\\/pitch-putt-2025-la-finale-interclubs-par-equipes-compte-rendu\\\/#breadcrumb\",\"itemListElement\":[{\"@type\":\"ListItem\",\"position\":1,\"name\":\"Accueil\",\"item\":\"https:\\\/\\\/cdgolf33.com\\\/\"},{\"@type\":\"ListItem\",\"position\":2,\"name\":\"Pitch &#038; Putt 2025 : la finale interclubs (par \u00e9quipes), compte-rendu\"}]},{\"@type\":\"WebSite\",\"@id\":\"https:\\\/\\\/cdgolf33.com\\\/#website\",\"url\":\"https:\\\/\\\/cdgolf33.com\\\/\",\"name\":\"Comit\u00e9 D\u00e9partemental de Golf de Gironde\",\"description\":\"Le Comit\u00e9 de Gironde de Golf vous souhaite la bienvenue sur son site !\",\"publisher\":{\"@id\":\"https:\\\/\\\/cdgolf33.com\\\/#organization\"},\"potentialAction\":[{\"@type\":\"SearchAction\",\"target\":{\"@type\":\"EntryPoint\",\"urlTemplate\":\"https:\\\/\\\/cdgolf33.com\\\/?s={search_term_string}\"},\"query-input\":{\"@type\":\"PropertyValueSpecification\",\"valueRequired\":true,\"valueName\":\"search_term_string\"}}],\"inLanguage\":\"fr-FR\"},{\"@type\":\"Organization\",\"@id\":\"https:\\\/\\\/cdgolf33.com\\\/#organization\",\"name\":\"Comit\u00e9 de Golf de Gironde\",\"url\":\"https:\\\/\\\/cdgolf33.com\\\/\",\"logo\":{\"@type\":\"ImageObject\",\"inLanguage\":\"fr-FR\",\"@id\":\"https:\\\/\\\/cdgolf33.com\\\/#\\\/schema\\\/logo\\\/image\\\/\",\"url\":\"https:\\\/\\\/cdgolf33.com\\\/wp-content\\\/uploads\\\/2019\\\/05\\\/LOGOCD33.jpg\",\"contentUrl\":\"https:\\\/\\\/cdgolf33.com\\\/wp-content\\\/uploads\\\/2019\\\/05\\\/LOGOCD33.jpg\",\"width\":220,\"height\":233,\"caption\":\"Comit\u00e9 de Golf de Gironde\"},\"image\":{\"@id\":\"https:\\\/\\\/cdgolf33.com\\\/#\\\/schema\\\/logo\\\/image\\\/\"},\"sameAs\":[\"https:\\\/\\\/x.com\\\/comitegolf33\"]}]}<\/script>\n<!-- \/ Yoast SEO plugin. -->","yoast_head_json":{"title":"Pitch & Putt 2025 : la finale interclubs (par \u00e9quipes), compte-rendu - Comit\u00e9 D\u00e9partemental de Golf de Gironde","robots":{"index":"index","follow":"follow","max-snippet":"max-snippet:-1","max-image-preview":"max-image-preview:large","max-video-preview":"max-video-preview:-1"},"canonical":"https:\/\/cdgolf33.com\/index.php\/pitch-putt-2025-la-finale-interclubs-par-equipes-compte-rendu\/","og_locale":"fr_FR","og_type":"article","og_title":"Pitch & Putt 2025 : la finale interclubs (par \u00e9quipes), compte-rendu - Comit\u00e9 D\u00e9partemental de Golf de Gironde","og_description":"Vid\u00e9os des Tours 1, 2, 3, 4, 5, 6, finale individuelle, finale interclubs par \u00e9quipes \u00a0Pitch &amp; Putt 2025 : finale interclubs par \u00e9quipes de la Gironde au Golf de Gujan-Mestras ayant eu lieu\u00a0 le 7 septembre 2025 Le Pitch &amp; Putt Tour 2025 arrive \u00e0 son terme.Finale interclubs, championnat [&hellip;]","og_url":"https:\/\/cdgolf33.com\/index.php\/pitch-putt-2025-la-finale-interclubs-par-equipes-compte-rendu\/","og_site_name":"Comit\u00e9 D\u00e9partemental de Golf de Gironde","article_modified_time":"2025-09-16T10:21:13+00:00","og_image":[{"width":2560,"height":1920,"url":"https:\/\/cdgolf33.com\/wp-content\/uploads\/2025\/09\/20250907_084408-scaled.webp","type":"image\/jpeg"}],"twitter_card":"summary_large_image","twitter_site":"@comitegolf33","twitter_misc":{"Dur\u00e9e de lecture estim\u00e9e":"2 minutes"},"schema":{"@context":"https:\/\/schema.org","@graph":[{"@type":"WebPage","@id":"https:\/\/cdgolf33.com\/index.php\/pitch-putt-2025-la-finale-interclubs-par-equipes-compte-rendu\/","url":"https:\/\/cdgolf33.com\/index.php\/pitch-putt-2025-la-finale-interclubs-par-equipes-compte-rendu\/","name":"Pitch & Putt 2025 : la finale interclubs (par \u00e9quipes), compte-rendu - Comit\u00e9 D\u00e9partemental de Golf de Gironde","isPartOf":{"@id":"https:\/\/cdgolf33.com\/#website"},"primaryImageOfPage":{"@id":"https:\/\/cdgolf33.com\/index.php\/pitch-putt-2025-la-finale-interclubs-par-equipes-compte-rendu\/#primaryimage"},"image":{"@id":"https:\/\/cdgolf33.com\/index.php\/pitch-putt-2025-la-finale-interclubs-par-equipes-compte-rendu\/#primaryimage"},"thumbnailUrl":"https:\/\/cdgolf33.com\/wp-content\/uploads\/2025\/09\/20250907_084408-scaled.webp","datePublished":"2025-09-10T16:31:42+00:00","dateModified":"2025-09-16T10:21:13+00:00","breadcrumb":{"@id":"https:\/\/cdgolf33.com\/index.php\/pitch-putt-2025-la-finale-interclubs-par-equipes-compte-rendu\/#breadcrumb"},"inLanguage":"fr-FR","potentialAction":[{"@type":"ReadAction","target":["https:\/\/cdgolf33.com\/index.php\/pitch-putt-2025-la-finale-interclubs-par-equipes-compte-rendu\/"]}]},{"@type":"ImageObject","inLanguage":"fr-FR","@id":"https:\/\/cdgolf33.com\/index.php\/pitch-putt-2025-la-finale-interclubs-par-equipes-compte-rendu\/#primaryimage","url":"https:\/\/cdgolf33.com\/wp-content\/uploads\/2025\/09\/20250907_084408-scaled.webp","contentUrl":"https:\/\/cdgolf33.com\/wp-content\/uploads\/2025\/09\/20250907_084408-scaled.webp","width":2560,"height":1920},{"@type":"BreadcrumbList","@id":"https:\/\/cdgolf33.com\/index.php\/pitch-putt-2025-la-finale-interclubs-par-equipes-compte-rendu\/#breadcrumb","itemListElement":[{"@type":"ListItem","position":1,"name":"Accueil","item":"https:\/\/cdgolf33.com\/"},{"@type":"ListItem","position":2,"name":"Pitch &#038; Putt 2025 : la finale interclubs (par \u00e9quipes), compte-rendu"}]},{"@type":"WebSite","@id":"https:\/\/cdgolf33.com\/#website","url":"https:\/\/cdgolf33.com\/","name":"Comit\u00e9 D\u00e9partemental de Golf de Gironde","description":"Le Comit\u00e9 de Gironde de Golf vous souhaite la bienvenue sur son site !","publisher":{"@id":"https:\/\/cdgolf33.com\/#organization"},"potentialAction":[{"@type":"SearchAction","target":{"@type":"EntryPoint","urlTemplate":"https:\/\/cdgolf33.com\/?s={search_term_string}"},"query-input":{"@type":"PropertyValueSpecification","valueRequired":true,"valueName":"search_term_string"}}],"inLanguage":"fr-FR"},{"@type":"Organization","@id":"https:\/\/cdgolf33.com\/#organization","name":"Comit\u00e9 de Golf de Gironde","url":"https:\/\/cdgolf33.com\/","logo":{"@type":"ImageObject","inLanguage":"fr-FR","@id":"https:\/\/cdgolf33.com\/#\/schema\/logo\/image\/","url":"https:\/\/cdgolf33.com\/wp-content\/uploads\/2019\/05\/LOGOCD33.jpg","contentUrl":"https:\/\/cdgolf33.com\/wp-content\/uploads\/2019\/05\/LOGOCD33.jpg","width":220,"height":233,"caption":"Comit\u00e9 de Golf de Gironde"},"image":{"@id":"https:\/\/cdgolf33.com\/#\/schema\/logo\/image\/"},"sameAs":["https:\/\/x.com\/comitegolf33"]}]}},"_links":{"self":[{"href":"https:\/\/cdgolf33.com\/index.php\/wp-json\/wp\/v2\/pages\/11798","targetHints":{"allow":["GET"]}}],"collection":[{"href":"https:\/\/cdgolf33.com\/index.php\/wp-json\/wp\/v2\/pages"}],"about":[{"href":"https:\/\/cdgolf33.com\/index.php\/wp-json\/wp\/v2\/types\/page"}],"author":[{"embeddable":true,"href":"https:\/\/cdgolf33.com\/index.php\/wp-json\/wp\/v2\/users\/2"}],"replies":[{"embeddable":true,"href":"https:\/\/cdgolf33.com\/index.php\/wp-json\/wp\/v2\/comments?post=11798"}],"version-history":[{"count":29,"href":"https:\/\/cdgolf33.com\/index.php\/wp-json\/wp\/v2\/pages\/11798\/revisions"}],"predecessor-version":[{"id":11888,"href":"https:\/\/cdgolf33.com\/index.php\/wp-json\/wp\/v2\/pages\/11798\/revisions\/11888"}],"wp:featuredmedia":[{"embeddable":true,"href":"https:\/\/cdgolf33.com\/index.php\/wp-json\/wp\/v2\/media\/11809"}],"wp:attachment":[{"href":"https:\/\/cdgolf33.com\/index.php\/wp-json\/wp\/v2\/media?parent=11798"}],"curies":[{"name":"wp","href":"https:\/\/api.w.org\/{rel}","templated":true}]}}