{"id":13589,"date":"2026-03-30T14:35:08","date_gmt":"2026-03-30T12:35:08","guid":{"rendered":"https:\/\/cdgolf33.com\/?page_id=13589"},"modified":"2026-04-14T14:10:43","modified_gmt":"2026-04-14T12:10:43","slug":"pitch-putt-2026-liste-des-departs-au-tour-n3","status":"publish","type":"page","link":"https:\/\/cdgolf33.com\/index.php\/pitch-putt-2026-liste-des-departs-au-tour-n3\/","title":{"rendered":"Pitch &#038; Putt 2026 : liste des d\u00e9parts au Tour N\u00b03"},"content":{"rendered":"\n<h4><strong><span>Listes des 3 vagues de <span style=\"background-color: #ffffff;\">d\u00e9parts (9h, 12h, 15h) au golf du Baganais \u00e0 Lacanau.<\/span><\/span><\/strong><\/h4>\n<p>Mise \u00e0 jour : 14\/04\/2026.<\/p>\n<p><span style=\"color: #ff0000;\">V\u00e9rifier que votre certificat m\u00e9dical ou questionnaire de sant\u00e9 est \u00e0 jour sur le site de la FFG pour permettre \u00e0 l&rsquo;\u00e9quipe d&rsquo;organisation d&rsquo;enregistrer votre carte de score.<\/span><\/p>\n<p><span style=\"color: #ff0000;\">Les joueurs et joueuses en jaune ne sont pas \u00e0 jour.<\/span><\/p>\n<p><span style=\"color: #ff0000;\">Se pr\u00e9senter au briefing 1\/2 heure avant le d\u00e9part.<\/span><\/p>\n<p><\/p>\n\n\n\n<div data-wp-interactive=\"core\/file\" class=\"wp-block-file\"><object data-wp-bind--hidden=\"!state.hasPdfPreview\" hidden class=\"wp-block-file__embed\" data=\"https:\/\/cdgolf33.com\/wp-content\/uploads\/2026\/04\/PitchPutt-T3-V1-2026.pdf\" type=\"application\/pdf\" style=\"width:100%;height:600px\" aria-label=\"Contenu embarqu\u00e9 Pitch&amp;Putt T3-V1 2026.\"><\/object><a id=\"wp-block-file--media-ab8a3903-b691-4938-81dc-2a2971761b8c\" href=\"https:\/\/cdgolf33.com\/wp-content\/uploads\/2026\/04\/PitchPutt-T3-V1-2026.pdf\">Pitch&amp;Putt T3-V1 2026<\/a><a href=\"https:\/\/cdgolf33.com\/wp-content\/uploads\/2026\/04\/PitchPutt-T3-V1-2026.pdf\" class=\"wp-block-file__button wp-element-button\" download aria-describedby=\"wp-block-file--media-ab8a3903-b691-4938-81dc-2a2971761b8c\">T\u00e9l\u00e9charger<\/a><\/div>\n\n\n\n<div data-wp-interactive=\"core\/file\" class=\"wp-block-file\"><object data-wp-bind--hidden=\"!state.hasPdfPreview\" hidden class=\"wp-block-file__embed\" data=\"https:\/\/cdgolf33.com\/wp-content\/uploads\/2026\/04\/PitchPutt-T3-V2-2026.pdf\" type=\"application\/pdf\" style=\"width:100%;height:600px\" aria-label=\"Contenu embarqu\u00e9 Pitch&amp;Putt T3-V2 2026.\"><\/object><a id=\"wp-block-file--media-eace5ead-9f66-4fa2-9edf-bcb85198221c\" href=\"https:\/\/cdgolf33.com\/wp-content\/uploads\/2026\/04\/PitchPutt-T3-V2-2026.pdf\">Pitch&amp;Putt T3-V2 2026<\/a><a href=\"https:\/\/cdgolf33.com\/wp-content\/uploads\/2026\/04\/PitchPutt-T3-V2-2026.pdf\" class=\"wp-block-file__button wp-element-button\" download aria-describedby=\"wp-block-file--media-eace5ead-9f66-4fa2-9edf-bcb85198221c\">T\u00e9l\u00e9charger<\/a><\/div>\n\n\n\n<div data-wp-interactive=\"core\/file\" class=\"wp-block-file\"><object data-wp-bind--hidden=\"!state.hasPdfPreview\" hidden class=\"wp-block-file__embed\" data=\"https:\/\/cdgolf33.com\/wp-content\/uploads\/2026\/04\/PitchPutt-T3-V3-2026.pdf\" type=\"application\/pdf\" style=\"width:100%;height:600px\" aria-label=\"Contenu embarqu\u00e9 Pitch&amp;Putt T3-V3 2026.\"><\/object><a id=\"wp-block-file--media-b5c78c6a-8cc7-427e-a68c-2ab96d2a9dc1\" href=\"https:\/\/cdgolf33.com\/wp-content\/uploads\/2026\/04\/PitchPutt-T3-V3-2026.pdf\">Pitch&amp;Putt T3-V3 2026<\/a><a href=\"https:\/\/cdgolf33.com\/wp-content\/uploads\/2026\/04\/PitchPutt-T3-V3-2026.pdf\" class=\"wp-block-file__button wp-element-button\" download aria-describedby=\"wp-block-file--media-b5c78c6a-8cc7-427e-a68c-2ab96d2a9dc1\">T\u00e9l\u00e9charger<\/a><\/div>\n\n\n<input type=\"button\" value=\"Retour\" class=\"alg_back_button_input button\" style=\"background-color:#61B6CE\" onclick=\"window.history.back()\" \/>\n","protected":false},"excerpt":{"rendered":"<p>Listes des 3 vagues de d\u00e9parts (9h, 12h, 15h) au golf du Baganais \u00e0 Lacanau. Mise \u00e0 jour : 14\/04\/2026. V\u00e9rifier que votre certificat m\u00e9dical ou questionnaire de sant\u00e9 est \u00e0 jour sur le site de la FFG pour permettre \u00e0 l&rsquo;\u00e9quipe d&rsquo;organisation d&rsquo;enregistrer votre carte de score. Les joueurs [&hellip;]<\/p>\n","protected":false},"author":2,"featured_media":0,"parent":0,"menu_order":0,"comment_status":"closed","ping_status":"closed","template":"","meta":{"footnotes":""},"class_list":["post-13589","page","type-page","status-publish","hentry"],"yoast_head":"<!-- This site is optimized with the Yoast SEO plugin v27.4 - https:\/\/yoast.com\/product\/yoast-seo-wordpress\/ -->\n<title>Pitch &amp; Putt 2026 : liste des d\u00e9parts au Tour N\u00b03 - Comit\u00e9 D\u00e9partemental de Golf de Gironde<\/title>\n<meta name=\"robots\" content=\"index, follow, max-snippet:-1, max-image-preview:large, max-video-preview:-1\" \/>\n<link rel=\"canonical\" href=\"https:\/\/cdgolf33.com\/index.php\/pitch-putt-2026-liste-des-departs-au-tour-n3\/\" \/>\n<meta property=\"og:locale\" content=\"fr_FR\" \/>\n<meta property=\"og:type\" content=\"article\" \/>\n<meta property=\"og:title\" content=\"Pitch &amp; Putt 2026 : liste des d\u00e9parts au Tour N\u00b03 - Comit\u00e9 D\u00e9partemental de Golf de Gironde\" \/>\n<meta property=\"og:description\" content=\"Listes des 3 vagues de d\u00e9parts (9h, 12h, 15h) au golf du Baganais \u00e0 Lacanau. Mise \u00e0 jour : 14\/04\/2026. V\u00e9rifier que votre certificat m\u00e9dical ou questionnaire de sant\u00e9 est \u00e0 jour sur le site de la FFG pour permettre \u00e0 l&rsquo;\u00e9quipe d&rsquo;organisation d&rsquo;enregistrer votre carte de score. Les joueurs [&hellip;]\" \/>\n<meta property=\"og:url\" content=\"https:\/\/cdgolf33.com\/index.php\/pitch-putt-2026-liste-des-departs-au-tour-n3\/\" \/>\n<meta property=\"og:site_name\" content=\"Comit\u00e9 D\u00e9partemental de Golf de Gironde\" \/>\n<meta property=\"article:modified_time\" content=\"2026-04-14T12:10:43+00:00\" \/>\n<meta name=\"twitter:card\" content=\"summary_large_image\" \/>\n<meta name=\"twitter:site\" content=\"@comitegolf33\" \/>\n<meta name=\"twitter:label1\" content=\"Dur\u00e9e de lecture estim\u00e9e\" \/>\n\t<meta name=\"twitter:data1\" content=\"1 minute\" \/>\n<script type=\"application\/ld+json\" class=\"yoast-schema-graph\">{\"@context\":\"https:\\\/\\\/schema.org\",\"@graph\":[{\"@type\":\"WebPage\",\"@id\":\"https:\\\/\\\/cdgolf33.com\\\/index.php\\\/pitch-putt-2026-liste-des-departs-au-tour-n3\\\/\",\"url\":\"https:\\\/\\\/cdgolf33.com\\\/index.php\\\/pitch-putt-2026-liste-des-departs-au-tour-n3\\\/\",\"name\":\"Pitch & Putt 2026 : liste des d\u00e9parts au Tour N\u00b03 - Comit\u00e9 D\u00e9partemental de Golf de Gironde\",\"isPartOf\":{\"@id\":\"https:\\\/\\\/cdgolf33.com\\\/#website\"},\"datePublished\":\"2026-03-30T12:35:08+00:00\",\"dateModified\":\"2026-04-14T12:10:43+00:00\",\"breadcrumb\":{\"@id\":\"https:\\\/\\\/cdgolf33.com\\\/index.php\\\/pitch-putt-2026-liste-des-departs-au-tour-n3\\\/#breadcrumb\"},\"inLanguage\":\"fr-FR\",\"potentialAction\":[{\"@type\":\"ReadAction\",\"target\":[\"https:\\\/\\\/cdgolf33.com\\\/index.php\\\/pitch-putt-2026-liste-des-departs-au-tour-n3\\\/\"]}]},{\"@type\":\"BreadcrumbList\",\"@id\":\"https:\\\/\\\/cdgolf33.com\\\/index.php\\\/pitch-putt-2026-liste-des-departs-au-tour-n3\\\/#breadcrumb\",\"itemListElement\":[{\"@type\":\"ListItem\",\"position\":1,\"name\":\"Accueil\",\"item\":\"https:\\\/\\\/cdgolf33.com\\\/\"},{\"@type\":\"ListItem\",\"position\":2,\"name\":\"Pitch &#038; Putt 2026 : liste des d\u00e9parts au Tour N\u00b03\"}]},{\"@type\":\"WebSite\",\"@id\":\"https:\\\/\\\/cdgolf33.com\\\/#website\",\"url\":\"https:\\\/\\\/cdgolf33.com\\\/\",\"name\":\"Comit\u00e9 D\u00e9partemental de Golf de Gironde\",\"description\":\"Le Comit\u00e9 de Gironde de Golf vous souhaite la bienvenue sur son site !\",\"publisher\":{\"@id\":\"https:\\\/\\\/cdgolf33.com\\\/#organization\"},\"potentialAction\":[{\"@type\":\"SearchAction\",\"target\":{\"@type\":\"EntryPoint\",\"urlTemplate\":\"https:\\\/\\\/cdgolf33.com\\\/?s={search_term_string}\"},\"query-input\":{\"@type\":\"PropertyValueSpecification\",\"valueRequired\":true,\"valueName\":\"search_term_string\"}}],\"inLanguage\":\"fr-FR\"},{\"@type\":\"Organization\",\"@id\":\"https:\\\/\\\/cdgolf33.com\\\/#organization\",\"name\":\"Comit\u00e9 de Golf de Gironde\",\"url\":\"https:\\\/\\\/cdgolf33.com\\\/\",\"logo\":{\"@type\":\"ImageObject\",\"inLanguage\":\"fr-FR\",\"@id\":\"https:\\\/\\\/cdgolf33.com\\\/#\\\/schema\\\/logo\\\/image\\\/\",\"url\":\"https:\\\/\\\/cdgolf33.com\\\/wp-content\\\/uploads\\\/2019\\\/05\\\/LOGOCD33.jpg\",\"contentUrl\":\"https:\\\/\\\/cdgolf33.com\\\/wp-content\\\/uploads\\\/2019\\\/05\\\/LOGOCD33.jpg\",\"width\":220,\"height\":233,\"caption\":\"Comit\u00e9 de Golf de Gironde\"},\"image\":{\"@id\":\"https:\\\/\\\/cdgolf33.com\\\/#\\\/schema\\\/logo\\\/image\\\/\"},\"sameAs\":[\"https:\\\/\\\/x.com\\\/comitegolf33\"]}]}<\/script>\n<!-- \/ Yoast SEO plugin. -->","yoast_head_json":{"title":"Pitch & Putt 2026 : liste des d\u00e9parts au Tour N\u00b03 - Comit\u00e9 D\u00e9partemental de Golf de Gironde","robots":{"index":"index","follow":"follow","max-snippet":"max-snippet:-1","max-image-preview":"max-image-preview:large","max-video-preview":"max-video-preview:-1"},"canonical":"https:\/\/cdgolf33.com\/index.php\/pitch-putt-2026-liste-des-departs-au-tour-n3\/","og_locale":"fr_FR","og_type":"article","og_title":"Pitch & Putt 2026 : liste des d\u00e9parts au Tour N\u00b03 - Comit\u00e9 D\u00e9partemental de Golf de Gironde","og_description":"Listes des 3 vagues de d\u00e9parts (9h, 12h, 15h) au golf du Baganais \u00e0 Lacanau. Mise \u00e0 jour : 14\/04\/2026. V\u00e9rifier que votre certificat m\u00e9dical ou questionnaire de sant\u00e9 est \u00e0 jour sur le site de la FFG pour permettre \u00e0 l&rsquo;\u00e9quipe d&rsquo;organisation d&rsquo;enregistrer votre carte de score. Les joueurs [&hellip;]","og_url":"https:\/\/cdgolf33.com\/index.php\/pitch-putt-2026-liste-des-departs-au-tour-n3\/","og_site_name":"Comit\u00e9 D\u00e9partemental de Golf de Gironde","article_modified_time":"2026-04-14T12:10:43+00:00","twitter_card":"summary_large_image","twitter_site":"@comitegolf33","twitter_misc":{"Dur\u00e9e de lecture estim\u00e9e":"1 minute"},"schema":{"@context":"https:\/\/schema.org","@graph":[{"@type":"WebPage","@id":"https:\/\/cdgolf33.com\/index.php\/pitch-putt-2026-liste-des-departs-au-tour-n3\/","url":"https:\/\/cdgolf33.com\/index.php\/pitch-putt-2026-liste-des-departs-au-tour-n3\/","name":"Pitch & Putt 2026 : liste des d\u00e9parts au Tour N\u00b03 - Comit\u00e9 D\u00e9partemental de Golf de Gironde","isPartOf":{"@id":"https:\/\/cdgolf33.com\/#website"},"datePublished":"2026-03-30T12:35:08+00:00","dateModified":"2026-04-14T12:10:43+00:00","breadcrumb":{"@id":"https:\/\/cdgolf33.com\/index.php\/pitch-putt-2026-liste-des-departs-au-tour-n3\/#breadcrumb"},"inLanguage":"fr-FR","potentialAction":[{"@type":"ReadAction","target":["https:\/\/cdgolf33.com\/index.php\/pitch-putt-2026-liste-des-departs-au-tour-n3\/"]}]},{"@type":"BreadcrumbList","@id":"https:\/\/cdgolf33.com\/index.php\/pitch-putt-2026-liste-des-departs-au-tour-n3\/#breadcrumb","itemListElement":[{"@type":"ListItem","position":1,"name":"Accueil","item":"https:\/\/cdgolf33.com\/"},{"@type":"ListItem","position":2,"name":"Pitch &#038; Putt 2026 : liste des d\u00e9parts au Tour N\u00b03"}]},{"@type":"WebSite","@id":"https:\/\/cdgolf33.com\/#website","url":"https:\/\/cdgolf33.com\/","name":"Comit\u00e9 D\u00e9partemental de Golf de Gironde","description":"Le Comit\u00e9 de Gironde de Golf vous souhaite la bienvenue sur son site !","publisher":{"@id":"https:\/\/cdgolf33.com\/#organization"},"potentialAction":[{"@type":"SearchAction","target":{"@type":"EntryPoint","urlTemplate":"https:\/\/cdgolf33.com\/?s={search_term_string}"},"query-input":{"@type":"PropertyValueSpecification","valueRequired":true,"valueName":"search_term_string"}}],"inLanguage":"fr-FR"},{"@type":"Organization","@id":"https:\/\/cdgolf33.com\/#organization","name":"Comit\u00e9 de Golf de Gironde","url":"https:\/\/cdgolf33.com\/","logo":{"@type":"ImageObject","inLanguage":"fr-FR","@id":"https:\/\/cdgolf33.com\/#\/schema\/logo\/image\/","url":"https:\/\/cdgolf33.com\/wp-content\/uploads\/2019\/05\/LOGOCD33.jpg","contentUrl":"https:\/\/cdgolf33.com\/wp-content\/uploads\/2019\/05\/LOGOCD33.jpg","width":220,"height":233,"caption":"Comit\u00e9 de Golf de Gironde"},"image":{"@id":"https:\/\/cdgolf33.com\/#\/schema\/logo\/image\/"},"sameAs":["https:\/\/x.com\/comitegolf33"]}]}},"_links":{"self":[{"href":"https:\/\/cdgolf33.com\/index.php\/wp-json\/wp\/v2\/pages\/13589","targetHints":{"allow":["GET"]}}],"collection":[{"href":"https:\/\/cdgolf33.com\/index.php\/wp-json\/wp\/v2\/pages"}],"about":[{"href":"https:\/\/cdgolf33.com\/index.php\/wp-json\/wp\/v2\/types\/page"}],"author":[{"embeddable":true,"href":"https:\/\/cdgolf33.com\/index.php\/wp-json\/wp\/v2\/users\/2"}],"replies":[{"embeddable":true,"href":"https:\/\/cdgolf33.com\/index.php\/wp-json\/wp\/v2\/comments?post=13589"}],"version-history":[{"count":5,"href":"https:\/\/cdgolf33.com\/index.php\/wp-json\/wp\/v2\/pages\/13589\/revisions"}],"predecessor-version":[{"id":13835,"href":"https:\/\/cdgolf33.com\/index.php\/wp-json\/wp\/v2\/pages\/13589\/revisions\/13835"}],"wp:attachment":[{"href":"https:\/\/cdgolf33.com\/index.php\/wp-json\/wp\/v2\/media?parent=13589"}],"curies":[{"name":"wp","href":"https:\/\/api.w.org\/{rel}","templated":true}]}}