{"id":1366,"date":"2014-11-22T19:01:37","date_gmt":"2014-11-22T18:01:37","guid":{"rendered":"http:\/\/www.cdgolf33.com\/?page_id=1366"},"modified":"2014-11-22T19:01:37","modified_gmt":"2014-11-22T18:01:37","slug":"seniors-2014","status":"publish","type":"page","link":"https:\/\/cdgolf33.com\/index.php\/seniors-2014\/","title":{"rendered":"Seniors 2014"},"content":{"rendered":"<ul>\n<li>\n<div><strong>Dames<\/strong><\/div>\n<\/li>\n<\/ul>\n<p><strong>\u2192\u00a0 <a href=\"http:\/\/www.cdgolf33.com\/wp-content\/uploads\/2014\/06\/2014_send_classement.pdf\" target=\"_blank\" rel=\"noopener noreferrer\">voir les r\u00e9sultats 2014<\/a><\/strong><br \/>\nC&rsquo;est l&rsquo;\u00e9quipe du <strong>Golf Bordelais<\/strong> qui a remport\u00e9 \u00e0 nouveau le titre en dominant en finale l&rsquo;\u00e9quipe d&rsquo;<strong>Arcachon<\/strong> lors de la finale en match play qui a eu lieu sur le golf des Graves &amp; Sauternais le mardi 10 juin.<\/p>\n<div style=\"text-align: center;\">\n<dl id=\"attachment_1199\">\n<dt><a href=\"http:\/\/www.cdgolf33.com\/wp-content\/uploads\/2014\/06\/2014_send_finale_photo.jpg\"><img fetchpriority=\"high\" decoding=\"async\" class=\"aligncenter\" src=\"http:\/\/www.cdgolf33.com\/wp-content\/uploads\/2014\/06\/2014_send_finale_photo-300x225.jpg\" alt=\"L'\u00e9quipe du Golf Bordelais championne 2014\" width=\"300\" height=\"225\" \/><\/a><\/dt>\n<dd>L&rsquo;\u00e9quipe du Golf Bordelais vainqueur du championnat seniors dames 2014<\/dd>\n<dd><\/dd>\n<\/dl>\n<\/div>\n<ul>\n<li><strong>Hommes<\/strong><\/li>\n<\/ul>\n<p><strong>\u2192\u00a0 <a href=\"http:\/\/www.cdgolf33.com\/wp-content\/uploads\/2014\/05\/2014_senh_classement.pdf\" target=\"_blank\" rel=\"noopener noreferrer\">voir les r\u00e9sultats 2014<\/a><\/strong><br \/>\nDans la finale en match play qui s&rsquo;est d\u00e9roul\u00e9e sur le golf des Graves &amp; Sauternais le mercredi 4 juin, c&rsquo;est l&rsquo;\u00e9quipe de <strong>Bordeaux Lac<\/strong> qui s&rsquo;est impos\u00e9e face \u00e0 <strong>Arcachon<\/strong>.<\/p>\n<div style=\"text-align: center;\">\n<dl id=\"attachment_1161\">\n<dt><a href=\"http:\/\/www.cdgolf33.com\/wp-content\/uploads\/2014\/06\/2014_seniorsh_photoFinale.jpg\"><img decoding=\"async\" class=\"aligncenter\" src=\"http:\/\/www.cdgolf33.com\/wp-content\/uploads\/2014\/06\/2014_seniorsh_photoFinale-300x199.jpg\" alt=\"L'\u00e9quipe de Bordeaux Lac vainqueur du championnat seniors hommes 2014\" width=\"300\" height=\"199\" \/><\/a><\/dt>\n<dd>L&rsquo;\u00e9quipe de Bordeaux Lac vainqueur du championnat seniors hommes 2014<\/dd>\n<\/dl>\n<p style=\"text-align: right;\">\u00a0\u2192\u00a0 <strong><a href=\"http:\/\/www.cdgolf33.com\/seniors\/\">retour<\/a><\/strong><\/p>\n<\/div>\n","protected":false},"excerpt":{"rendered":"<p>Dames \u2192\u00a0 voir les r\u00e9sultats 2014 C&rsquo;est l&rsquo;\u00e9quipe du Golf Bordelais qui a remport\u00e9 \u00e0 nouveau le titre en dominant en finale l&rsquo;\u00e9quipe d&rsquo;Arcachon lors de la finale en match play qui a eu lieu sur le golf des Graves &amp; Sauternais le mardi 10 juin. L&rsquo;\u00e9quipe du Golf Bordelais [&hellip;]<\/p>\n","protected":false},"author":1,"featured_media":0,"parent":0,"menu_order":0,"comment_status":"closed","ping_status":"open","template":"","meta":{"footnotes":""},"class_list":["post-1366","page","type-page","status-publish","hentry"],"yoast_head":"<!-- This site is optimized with the Yoast SEO plugin v27.5 - https:\/\/yoast.com\/product\/yoast-seo-wordpress\/ -->\n<title>Seniors 2014 - Comit\u00e9 D\u00e9partemental de Golf de Gironde<\/title>\n<meta name=\"robots\" content=\"index, follow, max-snippet:-1, max-image-preview:large, max-video-preview:-1\" \/>\n<link rel=\"canonical\" href=\"https:\/\/cdgolf33.com\/index.php\/seniors-2014\/\" \/>\n<meta property=\"og:locale\" content=\"fr_FR\" \/>\n<meta property=\"og:type\" content=\"article\" \/>\n<meta property=\"og:title\" content=\"Seniors 2014 - Comit\u00e9 D\u00e9partemental de Golf de Gironde\" \/>\n<meta property=\"og:description\" content=\"Dames \u2192\u00a0 voir les r\u00e9sultats 2014 C&rsquo;est l&rsquo;\u00e9quipe du Golf Bordelais qui a remport\u00e9 \u00e0 nouveau le titre en dominant en finale l&rsquo;\u00e9quipe d&rsquo;Arcachon lors de la finale en match play qui a eu lieu sur le golf des Graves &amp; Sauternais le mardi 10 juin. L&rsquo;\u00e9quipe du Golf Bordelais [&hellip;]\" \/>\n<meta property=\"og:url\" content=\"https:\/\/cdgolf33.com\/index.php\/seniors-2014\/\" \/>\n<meta property=\"og:site_name\" content=\"Comit\u00e9 D\u00e9partemental de Golf de Gironde\" \/>\n<meta property=\"og:image\" content=\"http:\/\/www.cdgolf33.com\/wp-content\/uploads\/2014\/06\/2014_send_finale_photo-300x225.jpg\" \/>\n<meta name=\"twitter:card\" content=\"summary_large_image\" \/>\n<meta name=\"twitter:site\" content=\"@comitegolf33\" \/>\n<meta name=\"twitter:label1\" content=\"Dur\u00e9e de lecture estim\u00e9e\" \/>\n\t<meta name=\"twitter:data1\" content=\"1 minute\" \/>\n<script type=\"application\/ld+json\" class=\"yoast-schema-graph\">{\"@context\":\"https:\\\/\\\/schema.org\",\"@graph\":[{\"@type\":\"WebPage\",\"@id\":\"https:\\\/\\\/cdgolf33.com\\\/index.php\\\/seniors-2014\\\/\",\"url\":\"https:\\\/\\\/cdgolf33.com\\\/index.php\\\/seniors-2014\\\/\",\"name\":\"Seniors 2014 - Comit\u00e9 D\u00e9partemental de Golf de Gironde\",\"isPartOf\":{\"@id\":\"https:\\\/\\\/cdgolf33.com\\\/#website\"},\"primaryImageOfPage\":{\"@id\":\"https:\\\/\\\/cdgolf33.com\\\/index.php\\\/seniors-2014\\\/#primaryimage\"},\"image\":{\"@id\":\"https:\\\/\\\/cdgolf33.com\\\/index.php\\\/seniors-2014\\\/#primaryimage\"},\"thumbnailUrl\":\"http:\\\/\\\/www.cdgolf33.com\\\/wp-content\\\/uploads\\\/2014\\\/06\\\/2014_send_finale_photo-300x225.jpg\",\"datePublished\":\"2014-11-22T18:01:37+00:00\",\"breadcrumb\":{\"@id\":\"https:\\\/\\\/cdgolf33.com\\\/index.php\\\/seniors-2014\\\/#breadcrumb\"},\"inLanguage\":\"fr-FR\",\"potentialAction\":[{\"@type\":\"ReadAction\",\"target\":[\"https:\\\/\\\/cdgolf33.com\\\/index.php\\\/seniors-2014\\\/\"]}]},{\"@type\":\"ImageObject\",\"inLanguage\":\"fr-FR\",\"@id\":\"https:\\\/\\\/cdgolf33.com\\\/index.php\\\/seniors-2014\\\/#primaryimage\",\"url\":\"http:\\\/\\\/www.cdgolf33.com\\\/wp-content\\\/uploads\\\/2014\\\/06\\\/2014_send_finale_photo-300x225.jpg\",\"contentUrl\":\"http:\\\/\\\/www.cdgolf33.com\\\/wp-content\\\/uploads\\\/2014\\\/06\\\/2014_send_finale_photo-300x225.jpg\"},{\"@type\":\"BreadcrumbList\",\"@id\":\"https:\\\/\\\/cdgolf33.com\\\/index.php\\\/seniors-2014\\\/#breadcrumb\",\"itemListElement\":[{\"@type\":\"ListItem\",\"position\":1,\"name\":\"Accueil\",\"item\":\"https:\\\/\\\/cdgolf33.com\\\/\"},{\"@type\":\"ListItem\",\"position\":2,\"name\":\"Seniors 2014\"}]},{\"@type\":\"WebSite\",\"@id\":\"https:\\\/\\\/cdgolf33.com\\\/#website\",\"url\":\"https:\\\/\\\/cdgolf33.com\\\/\",\"name\":\"Comit\u00e9 D\u00e9partemental de Golf de Gironde\",\"description\":\"Le Comit\u00e9 de Gironde de Golf vous souhaite la bienvenue sur son site !\",\"publisher\":{\"@id\":\"https:\\\/\\\/cdgolf33.com\\\/#organization\"},\"potentialAction\":[{\"@type\":\"SearchAction\",\"target\":{\"@type\":\"EntryPoint\",\"urlTemplate\":\"https:\\\/\\\/cdgolf33.com\\\/?s={search_term_string}\"},\"query-input\":{\"@type\":\"PropertyValueSpecification\",\"valueRequired\":true,\"valueName\":\"search_term_string\"}}],\"inLanguage\":\"fr-FR\"},{\"@type\":\"Organization\",\"@id\":\"https:\\\/\\\/cdgolf33.com\\\/#organization\",\"name\":\"Comit\u00e9 de Golf de Gironde\",\"url\":\"https:\\\/\\\/cdgolf33.com\\\/\",\"logo\":{\"@type\":\"ImageObject\",\"inLanguage\":\"fr-FR\",\"@id\":\"https:\\\/\\\/cdgolf33.com\\\/#\\\/schema\\\/logo\\\/image\\\/\",\"url\":\"https:\\\/\\\/cdgolf33.com\\\/wp-content\\\/uploads\\\/2019\\\/05\\\/LOGOCD33.jpg\",\"contentUrl\":\"https:\\\/\\\/cdgolf33.com\\\/wp-content\\\/uploads\\\/2019\\\/05\\\/LOGOCD33.jpg\",\"width\":220,\"height\":233,\"caption\":\"Comit\u00e9 de Golf de Gironde\"},\"image\":{\"@id\":\"https:\\\/\\\/cdgolf33.com\\\/#\\\/schema\\\/logo\\\/image\\\/\"},\"sameAs\":[\"https:\\\/\\\/x.com\\\/comitegolf33\"]}]}<\/script>\n<!-- \/ Yoast SEO plugin. -->","yoast_head_json":{"title":"Seniors 2014 - Comit\u00e9 D\u00e9partemental de Golf de Gironde","robots":{"index":"index","follow":"follow","max-snippet":"max-snippet:-1","max-image-preview":"max-image-preview:large","max-video-preview":"max-video-preview:-1"},"canonical":"https:\/\/cdgolf33.com\/index.php\/seniors-2014\/","og_locale":"fr_FR","og_type":"article","og_title":"Seniors 2014 - Comit\u00e9 D\u00e9partemental de Golf de Gironde","og_description":"Dames \u2192\u00a0 voir les r\u00e9sultats 2014 C&rsquo;est l&rsquo;\u00e9quipe du Golf Bordelais qui a remport\u00e9 \u00e0 nouveau le titre en dominant en finale l&rsquo;\u00e9quipe d&rsquo;Arcachon lors de la finale en match play qui a eu lieu sur le golf des Graves &amp; Sauternais le mardi 10 juin. L&rsquo;\u00e9quipe du Golf Bordelais [&hellip;]","og_url":"https:\/\/cdgolf33.com\/index.php\/seniors-2014\/","og_site_name":"Comit\u00e9 D\u00e9partemental de Golf de Gironde","og_image":[{"url":"http:\/\/www.cdgolf33.com\/wp-content\/uploads\/2014\/06\/2014_send_finale_photo-300x225.jpg","type":"","width":"","height":""}],"twitter_card":"summary_large_image","twitter_site":"@comitegolf33","twitter_misc":{"Dur\u00e9e de lecture estim\u00e9e":"1 minute"},"schema":{"@context":"https:\/\/schema.org","@graph":[{"@type":"WebPage","@id":"https:\/\/cdgolf33.com\/index.php\/seniors-2014\/","url":"https:\/\/cdgolf33.com\/index.php\/seniors-2014\/","name":"Seniors 2014 - Comit\u00e9 D\u00e9partemental de Golf de Gironde","isPartOf":{"@id":"https:\/\/cdgolf33.com\/#website"},"primaryImageOfPage":{"@id":"https:\/\/cdgolf33.com\/index.php\/seniors-2014\/#primaryimage"},"image":{"@id":"https:\/\/cdgolf33.com\/index.php\/seniors-2014\/#primaryimage"},"thumbnailUrl":"http:\/\/www.cdgolf33.com\/wp-content\/uploads\/2014\/06\/2014_send_finale_photo-300x225.jpg","datePublished":"2014-11-22T18:01:37+00:00","breadcrumb":{"@id":"https:\/\/cdgolf33.com\/index.php\/seniors-2014\/#breadcrumb"},"inLanguage":"fr-FR","potentialAction":[{"@type":"ReadAction","target":["https:\/\/cdgolf33.com\/index.php\/seniors-2014\/"]}]},{"@type":"ImageObject","inLanguage":"fr-FR","@id":"https:\/\/cdgolf33.com\/index.php\/seniors-2014\/#primaryimage","url":"http:\/\/www.cdgolf33.com\/wp-content\/uploads\/2014\/06\/2014_send_finale_photo-300x225.jpg","contentUrl":"http:\/\/www.cdgolf33.com\/wp-content\/uploads\/2014\/06\/2014_send_finale_photo-300x225.jpg"},{"@type":"BreadcrumbList","@id":"https:\/\/cdgolf33.com\/index.php\/seniors-2014\/#breadcrumb","itemListElement":[{"@type":"ListItem","position":1,"name":"Accueil","item":"https:\/\/cdgolf33.com\/"},{"@type":"ListItem","position":2,"name":"Seniors 2014"}]},{"@type":"WebSite","@id":"https:\/\/cdgolf33.com\/#website","url":"https:\/\/cdgolf33.com\/","name":"Comit\u00e9 D\u00e9partemental de Golf de Gironde","description":"Le Comit\u00e9 de Gironde de Golf vous souhaite la bienvenue sur son site !","publisher":{"@id":"https:\/\/cdgolf33.com\/#organization"},"potentialAction":[{"@type":"SearchAction","target":{"@type":"EntryPoint","urlTemplate":"https:\/\/cdgolf33.com\/?s={search_term_string}"},"query-input":{"@type":"PropertyValueSpecification","valueRequired":true,"valueName":"search_term_string"}}],"inLanguage":"fr-FR"},{"@type":"Organization","@id":"https:\/\/cdgolf33.com\/#organization","name":"Comit\u00e9 de Golf de Gironde","url":"https:\/\/cdgolf33.com\/","logo":{"@type":"ImageObject","inLanguage":"fr-FR","@id":"https:\/\/cdgolf33.com\/#\/schema\/logo\/image\/","url":"https:\/\/cdgolf33.com\/wp-content\/uploads\/2019\/05\/LOGOCD33.jpg","contentUrl":"https:\/\/cdgolf33.com\/wp-content\/uploads\/2019\/05\/LOGOCD33.jpg","width":220,"height":233,"caption":"Comit\u00e9 de Golf de Gironde"},"image":{"@id":"https:\/\/cdgolf33.com\/#\/schema\/logo\/image\/"},"sameAs":["https:\/\/x.com\/comitegolf33"]}]}},"_links":{"self":[{"href":"https:\/\/cdgolf33.com\/index.php\/wp-json\/wp\/v2\/pages\/1366","targetHints":{"allow":["GET"]}}],"collection":[{"href":"https:\/\/cdgolf33.com\/index.php\/wp-json\/wp\/v2\/pages"}],"about":[{"href":"https:\/\/cdgolf33.com\/index.php\/wp-json\/wp\/v2\/types\/page"}],"author":[{"embeddable":true,"href":"https:\/\/cdgolf33.com\/index.php\/wp-json\/wp\/v2\/users\/1"}],"replies":[{"embeddable":true,"href":"https:\/\/cdgolf33.com\/index.php\/wp-json\/wp\/v2\/comments?post=1366"}],"version-history":[{"count":0,"href":"https:\/\/cdgolf33.com\/index.php\/wp-json\/wp\/v2\/pages\/1366\/revisions"}],"wp:attachment":[{"href":"https:\/\/cdgolf33.com\/index.php\/wp-json\/wp\/v2\/media?parent=1366"}],"curies":[{"name":"wp","href":"https:\/\/api.w.org\/{rel}","templated":true}]}}