{"id":1754,"date":"2015-05-11T10:16:59","date_gmt":"2015-05-11T09:16:59","guid":{"rendered":"http:\/\/www.cdgolf33.com\/?page_id=1754"},"modified":"2015-05-11T10:16:59","modified_gmt":"2015-05-11T09:16:59","slug":"championnat-de-pitch-putt-2015-t4","status":"publish","type":"page","link":"https:\/\/cdgolf33.com\/index.php\/championnat-de-pitch-putt-2015-t4\/","title":{"rendered":"Championnat de pitch &#038; putt 2015 \u2013 T4"},"content":{"rendered":"<p style=\"text-align: justify;\">La concurrence \u00e9tait rude ce dimanche \u00e0 PESSAC o\u00f9 avait lieu \u00e0 la m\u00eame date le Championnat de l&rsquo;A.S. du club. Ajout\u00e9 \u00e0 cela, le week-end prolong\u00e9 du 8 mai et vous obtenez une faible participation (44 joueurs) \u00e0 ce 4<sup>\u00e8me<\/sup> tour du Championnat de Gironde de pitch &amp; putt.<br \/>\nLes absents ont eu tort car le temps \u00e9tait id\u00e9al avec 28 degr\u00e9s et une l\u00e9g\u00e8re brise rafraichissante. Le parcours \u00e9tait bien pr\u00e9par\u00e9 m\u00eame si la ros\u00e9e matinale a un peu contrari\u00e9 quelques balles de la premi\u00e8re vague de 8h30.<br \/>\nLe jeune\u00a0 Paul NO\u00cbL (LACANAU), arriv\u00e9 deuxi\u00e8me \u00e0 CAMEYRAC, a sign\u00e9 une carte de\u00a056, soit 2 au dessus du par et partage ainsi la premi\u00e8re place avec Marc VIDAL des AIGUILLES Vertes. Pas de trou en 1 cette fois-ci mais les greens \u00e9taient difficiles.<\/p>\n<p><strong><a href=\"http:\/\/www.cdgolf33.com\/wp-content\/uploads\/2015\/05\/2015_PP_T4_classement.pdf\" target=\"_blank\" rel=\"noopener noreferrer\">Classement du T4<\/a><\/strong><\/p>\n<p><strong><a href=\"http:\/\/www.cdgolf33.com\/wp-content\/uploads\/2015\/05\/2015_PP_classement.pdf\" target=\"_blank\" rel=\"noopener noreferrer\">Classement provisoire apr\u00e8s 4 tours<\/a><\/strong><\/p>\n<p>Pour le prochain et dernier\u00a0tour avant la finale, rendez-vous sur le parcours du golf de BORDEAUX Lac\u00a0 le dimanche 31 mai. Notez \u00e9galement que la finale se d\u00e9roulera au BAGANAIS le dimanche 14 juin et la finale interd\u00e9partementale le dimanche 21 juin \u00e0 HAGETMAU dans les Landes.<\/p>\n<p>&nbsp;<\/p>\n<p style=\"text-align: right;\">\u2192 <strong><a href=\"http:\/\/www.cdgolf33.com\/pitch-putt\/\">retour<\/a><\/strong><\/p>\n","protected":false},"excerpt":{"rendered":"<p>La concurrence \u00e9tait rude ce dimanche \u00e0 PESSAC o\u00f9 avait lieu \u00e0 la m\u00eame date le Championnat de l&rsquo;A.S. du club. Ajout\u00e9 \u00e0 cela, le week-end prolong\u00e9 du 8 mai et vous obtenez une faible participation (44 joueurs) \u00e0 ce 4\u00e8me tour du Championnat de Gironde de pitch &amp; putt. [&hellip;]<\/p>\n","protected":false},"author":1,"featured_media":0,"parent":0,"menu_order":0,"comment_status":"closed","ping_status":"open","template":"","meta":{"footnotes":""},"class_list":["post-1754","page","type-page","status-publish","hentry"],"yoast_head":"<!-- This site is optimized with the Yoast SEO plugin v27.5 - https:\/\/yoast.com\/product\/yoast-seo-wordpress\/ -->\n<title>Championnat de pitch &amp; putt 2015 \u2013 T4 - Comit\u00e9 D\u00e9partemental de Golf de Gironde<\/title>\n<meta name=\"robots\" content=\"index, follow, max-snippet:-1, max-image-preview:large, max-video-preview:-1\" \/>\n<link rel=\"canonical\" href=\"https:\/\/cdgolf33.com\/index.php\/championnat-de-pitch-putt-2015-t4\/\" \/>\n<meta property=\"og:locale\" content=\"fr_FR\" \/>\n<meta property=\"og:type\" content=\"article\" \/>\n<meta property=\"og:title\" content=\"Championnat de pitch &amp; putt 2015 \u2013 T4 - Comit\u00e9 D\u00e9partemental de Golf de Gironde\" \/>\n<meta property=\"og:description\" content=\"La concurrence \u00e9tait rude ce dimanche \u00e0 PESSAC o\u00f9 avait lieu \u00e0 la m\u00eame date le Championnat de l&rsquo;A.S. du club. Ajout\u00e9 \u00e0 cela, le week-end prolong\u00e9 du 8 mai et vous obtenez une faible participation (44 joueurs) \u00e0 ce 4\u00e8me tour du Championnat de Gironde de pitch &amp; putt. [&hellip;]\" \/>\n<meta property=\"og:url\" content=\"https:\/\/cdgolf33.com\/index.php\/championnat-de-pitch-putt-2015-t4\/\" \/>\n<meta property=\"og:site_name\" content=\"Comit\u00e9 D\u00e9partemental de Golf de Gironde\" \/>\n<meta name=\"twitter:card\" content=\"summary_large_image\" \/>\n<meta name=\"twitter:site\" content=\"@comitegolf33\" \/>\n<meta name=\"twitter:label1\" content=\"Dur\u00e9e de lecture estim\u00e9e\" \/>\n\t<meta name=\"twitter:data1\" content=\"1 minute\" \/>\n<script type=\"application\/ld+json\" class=\"yoast-schema-graph\">{\"@context\":\"https:\\\/\\\/schema.org\",\"@graph\":[{\"@type\":\"WebPage\",\"@id\":\"https:\\\/\\\/cdgolf33.com\\\/index.php\\\/championnat-de-pitch-putt-2015-t4\\\/\",\"url\":\"https:\\\/\\\/cdgolf33.com\\\/index.php\\\/championnat-de-pitch-putt-2015-t4\\\/\",\"name\":\"Championnat de pitch & putt 2015 \u2013 T4 - Comit\u00e9 D\u00e9partemental de Golf de Gironde\",\"isPartOf\":{\"@id\":\"https:\\\/\\\/cdgolf33.com\\\/#website\"},\"datePublished\":\"2015-05-11T09:16:59+00:00\",\"breadcrumb\":{\"@id\":\"https:\\\/\\\/cdgolf33.com\\\/index.php\\\/championnat-de-pitch-putt-2015-t4\\\/#breadcrumb\"},\"inLanguage\":\"fr-FR\",\"potentialAction\":[{\"@type\":\"ReadAction\",\"target\":[\"https:\\\/\\\/cdgolf33.com\\\/index.php\\\/championnat-de-pitch-putt-2015-t4\\\/\"]}]},{\"@type\":\"BreadcrumbList\",\"@id\":\"https:\\\/\\\/cdgolf33.com\\\/index.php\\\/championnat-de-pitch-putt-2015-t4\\\/#breadcrumb\",\"itemListElement\":[{\"@type\":\"ListItem\",\"position\":1,\"name\":\"Accueil\",\"item\":\"https:\\\/\\\/cdgolf33.com\\\/\"},{\"@type\":\"ListItem\",\"position\":2,\"name\":\"Championnat de pitch &#038; putt 2015 \u2013 T4\"}]},{\"@type\":\"WebSite\",\"@id\":\"https:\\\/\\\/cdgolf33.com\\\/#website\",\"url\":\"https:\\\/\\\/cdgolf33.com\\\/\",\"name\":\"Comit\u00e9 D\u00e9partemental de Golf de Gironde\",\"description\":\"Le Comit\u00e9 de Gironde de Golf vous souhaite la bienvenue sur son site !\",\"publisher\":{\"@id\":\"https:\\\/\\\/cdgolf33.com\\\/#organization\"},\"potentialAction\":[{\"@type\":\"SearchAction\",\"target\":{\"@type\":\"EntryPoint\",\"urlTemplate\":\"https:\\\/\\\/cdgolf33.com\\\/?s={search_term_string}\"},\"query-input\":{\"@type\":\"PropertyValueSpecification\",\"valueRequired\":true,\"valueName\":\"search_term_string\"}}],\"inLanguage\":\"fr-FR\"},{\"@type\":\"Organization\",\"@id\":\"https:\\\/\\\/cdgolf33.com\\\/#organization\",\"name\":\"Comit\u00e9 de Golf de Gironde\",\"url\":\"https:\\\/\\\/cdgolf33.com\\\/\",\"logo\":{\"@type\":\"ImageObject\",\"inLanguage\":\"fr-FR\",\"@id\":\"https:\\\/\\\/cdgolf33.com\\\/#\\\/schema\\\/logo\\\/image\\\/\",\"url\":\"https:\\\/\\\/cdgolf33.com\\\/wp-content\\\/uploads\\\/2019\\\/05\\\/LOGOCD33.jpg\",\"contentUrl\":\"https:\\\/\\\/cdgolf33.com\\\/wp-content\\\/uploads\\\/2019\\\/05\\\/LOGOCD33.jpg\",\"width\":220,\"height\":233,\"caption\":\"Comit\u00e9 de Golf de Gironde\"},\"image\":{\"@id\":\"https:\\\/\\\/cdgolf33.com\\\/#\\\/schema\\\/logo\\\/image\\\/\"},\"sameAs\":[\"https:\\\/\\\/x.com\\\/comitegolf33\"]}]}<\/script>\n<!-- \/ Yoast SEO plugin. -->","yoast_head_json":{"title":"Championnat de pitch & putt 2015 \u2013 T4 - Comit\u00e9 D\u00e9partemental de Golf de Gironde","robots":{"index":"index","follow":"follow","max-snippet":"max-snippet:-1","max-image-preview":"max-image-preview:large","max-video-preview":"max-video-preview:-1"},"canonical":"https:\/\/cdgolf33.com\/index.php\/championnat-de-pitch-putt-2015-t4\/","og_locale":"fr_FR","og_type":"article","og_title":"Championnat de pitch & putt 2015 \u2013 T4 - Comit\u00e9 D\u00e9partemental de Golf de Gironde","og_description":"La concurrence \u00e9tait rude ce dimanche \u00e0 PESSAC o\u00f9 avait lieu \u00e0 la m\u00eame date le Championnat de l&rsquo;A.S. du club. Ajout\u00e9 \u00e0 cela, le week-end prolong\u00e9 du 8 mai et vous obtenez une faible participation (44 joueurs) \u00e0 ce 4\u00e8me tour du Championnat de Gironde de pitch &amp; putt. [&hellip;]","og_url":"https:\/\/cdgolf33.com\/index.php\/championnat-de-pitch-putt-2015-t4\/","og_site_name":"Comit\u00e9 D\u00e9partemental de Golf de Gironde","twitter_card":"summary_large_image","twitter_site":"@comitegolf33","twitter_misc":{"Dur\u00e9e de lecture estim\u00e9e":"1 minute"},"schema":{"@context":"https:\/\/schema.org","@graph":[{"@type":"WebPage","@id":"https:\/\/cdgolf33.com\/index.php\/championnat-de-pitch-putt-2015-t4\/","url":"https:\/\/cdgolf33.com\/index.php\/championnat-de-pitch-putt-2015-t4\/","name":"Championnat de pitch & putt 2015 \u2013 T4 - Comit\u00e9 D\u00e9partemental de Golf de Gironde","isPartOf":{"@id":"https:\/\/cdgolf33.com\/#website"},"datePublished":"2015-05-11T09:16:59+00:00","breadcrumb":{"@id":"https:\/\/cdgolf33.com\/index.php\/championnat-de-pitch-putt-2015-t4\/#breadcrumb"},"inLanguage":"fr-FR","potentialAction":[{"@type":"ReadAction","target":["https:\/\/cdgolf33.com\/index.php\/championnat-de-pitch-putt-2015-t4\/"]}]},{"@type":"BreadcrumbList","@id":"https:\/\/cdgolf33.com\/index.php\/championnat-de-pitch-putt-2015-t4\/#breadcrumb","itemListElement":[{"@type":"ListItem","position":1,"name":"Accueil","item":"https:\/\/cdgolf33.com\/"},{"@type":"ListItem","position":2,"name":"Championnat de pitch &#038; putt 2015 \u2013 T4"}]},{"@type":"WebSite","@id":"https:\/\/cdgolf33.com\/#website","url":"https:\/\/cdgolf33.com\/","name":"Comit\u00e9 D\u00e9partemental de Golf de Gironde","description":"Le Comit\u00e9 de Gironde de Golf vous souhaite la bienvenue sur son site !","publisher":{"@id":"https:\/\/cdgolf33.com\/#organization"},"potentialAction":[{"@type":"SearchAction","target":{"@type":"EntryPoint","urlTemplate":"https:\/\/cdgolf33.com\/?s={search_term_string}"},"query-input":{"@type":"PropertyValueSpecification","valueRequired":true,"valueName":"search_term_string"}}],"inLanguage":"fr-FR"},{"@type":"Organization","@id":"https:\/\/cdgolf33.com\/#organization","name":"Comit\u00e9 de Golf de Gironde","url":"https:\/\/cdgolf33.com\/","logo":{"@type":"ImageObject","inLanguage":"fr-FR","@id":"https:\/\/cdgolf33.com\/#\/schema\/logo\/image\/","url":"https:\/\/cdgolf33.com\/wp-content\/uploads\/2019\/05\/LOGOCD33.jpg","contentUrl":"https:\/\/cdgolf33.com\/wp-content\/uploads\/2019\/05\/LOGOCD33.jpg","width":220,"height":233,"caption":"Comit\u00e9 de Golf de Gironde"},"image":{"@id":"https:\/\/cdgolf33.com\/#\/schema\/logo\/image\/"},"sameAs":["https:\/\/x.com\/comitegolf33"]}]}},"_links":{"self":[{"href":"https:\/\/cdgolf33.com\/index.php\/wp-json\/wp\/v2\/pages\/1754","targetHints":{"allow":["GET"]}}],"collection":[{"href":"https:\/\/cdgolf33.com\/index.php\/wp-json\/wp\/v2\/pages"}],"about":[{"href":"https:\/\/cdgolf33.com\/index.php\/wp-json\/wp\/v2\/types\/page"}],"author":[{"embeddable":true,"href":"https:\/\/cdgolf33.com\/index.php\/wp-json\/wp\/v2\/users\/1"}],"replies":[{"embeddable":true,"href":"https:\/\/cdgolf33.com\/index.php\/wp-json\/wp\/v2\/comments?post=1754"}],"version-history":[{"count":0,"href":"https:\/\/cdgolf33.com\/index.php\/wp-json\/wp\/v2\/pages\/1754\/revisions"}],"wp:attachment":[{"href":"https:\/\/cdgolf33.com\/index.php\/wp-json\/wp\/v2\/media?parent=1754"}],"curies":[{"name":"wp","href":"https:\/\/api.w.org\/{rel}","templated":true}]}}