{"id":1956,"date":"2015-10-29T12:06:46","date_gmt":"2015-10-29T11:06:46","guid":{"rendered":"http:\/\/www.cdgolf33.com\/?page_id=1956"},"modified":"2015-10-29T12:06:46","modified_gmt":"2015-10-29T11:06:46","slug":"seniors-2015","status":"publish","type":"page","link":"https:\/\/cdgolf33.com\/index.php\/seniors-2015\/","title":{"rendered":"Seniors 2015"},"content":{"rendered":"<ul>\n<li>\u00a0<strong>Dames<\/strong><\/li>\n<\/ul>\n<p>Biscarrosse ayant d\u00e9clar\u00e9 forfait, la finale n\u2019a pas pu se disputer en match play et a \u00e9t\u00e9 remplac\u00e9e par un 5\u00e8me tour. En s\u2019imposant, \u00e0 \u00e9galit\u00e9 avec PESSAC, l\u2019\u00e9quipe du BORDELAIS est revenue \u00e0 hauteur de BORDEAUX Lac au classement final et s\u2019est m\u00eame impos\u00e9e au b\u00e9n\u00e9fice d\u2019une meilleure 3\u00e8me carte. Le BORDELAIS est donc le champion 2015.<strong><br \/>\n\u2192 <a href=\"http:\/\/www.cdgolf33.com\/wp-content\/uploads\/2015\/06\/2015_send_classement.pdf\" target=\"_blank\" rel=\"noopener noreferrer\"><span style=\"color: #656b00;\">classement final<\/span><\/a><\/strong><\/p>\n<ul>\n<li><strong>Hommes<\/strong><\/li>\n<\/ul>\n<p>En s\u2019imposant en match play face \u00e0 BORDEAUX Lac, ARCACHON remporte le titre de champion 2015.<br \/>\n<strong>\u2192 <a href=\"http:\/\/www.cdgolf33.com\/wp-content\/uploads\/2015\/06\/2015_senh_classement.pdf\" target=\"_blank\" rel=\"noopener noreferrer\"><span style=\"color: #656b00;\">classement final<\/span><\/a><br \/>\n<\/strong><\/p>\n<p style=\"text-align: center;\"><a href=\"http:\/\/www.cdgolf33.com\/wp-content\/uploads\/2015\/06\/2015_senh_Arcachon.jpg\"><img fetchpriority=\"high\" decoding=\"async\" class=\"alignnone size-medium wp-image-1833\" src=\"http:\/\/www.cdgolf33.com\/wp-content\/uploads\/2015\/06\/2015_senh_Arcachon-300x217.jpg\" alt=\"2015_senh_Arcachon\" width=\"300\" height=\"217\" \/><\/a><br \/>\nl&rsquo;\u00e9quipe d&rsquo;ARCACHON<\/p>\n<p style=\"text-align: right;\">\u00a0\u00a0\u2192\u00a0 <strong><a href=\"http:\/\/www.cdgolf33.com\/seniors\/\">retour<\/a><\/strong><\/p>\n","protected":false},"excerpt":{"rendered":"<p>\u00a0Dames Biscarrosse ayant d\u00e9clar\u00e9 forfait, la finale n\u2019a pas pu se disputer en match play et a \u00e9t\u00e9 remplac\u00e9e par un 5\u00e8me tour. En s\u2019imposant, \u00e0 \u00e9galit\u00e9 avec PESSAC, l\u2019\u00e9quipe du BORDELAIS est revenue \u00e0 hauteur de BORDEAUX Lac au classement final et s\u2019est m\u00eame impos\u00e9e au b\u00e9n\u00e9fice d\u2019une meilleure [&hellip;]<\/p>\n","protected":false},"author":1,"featured_media":0,"parent":0,"menu_order":0,"comment_status":"closed","ping_status":"open","template":"","meta":{"footnotes":""},"class_list":["post-1956","page","type-page","status-publish","hentry"],"yoast_head":"<!-- This site is optimized with the Yoast SEO plugin v27.5 - https:\/\/yoast.com\/product\/yoast-seo-wordpress\/ -->\n<title>Seniors 2015 - Comit\u00e9 D\u00e9partemental de Golf de Gironde<\/title>\n<meta name=\"robots\" content=\"index, follow, max-snippet:-1, max-image-preview:large, max-video-preview:-1\" \/>\n<link rel=\"canonical\" href=\"https:\/\/cdgolf33.com\/index.php\/seniors-2015\/\" \/>\n<meta property=\"og:locale\" content=\"fr_FR\" \/>\n<meta property=\"og:type\" content=\"article\" \/>\n<meta property=\"og:title\" content=\"Seniors 2015 - Comit\u00e9 D\u00e9partemental de Golf de Gironde\" \/>\n<meta property=\"og:description\" content=\"\u00a0Dames Biscarrosse ayant d\u00e9clar\u00e9 forfait, la finale n\u2019a pas pu se disputer en match play et a \u00e9t\u00e9 remplac\u00e9e par un 5\u00e8me tour. En s\u2019imposant, \u00e0 \u00e9galit\u00e9 avec PESSAC, l\u2019\u00e9quipe du BORDELAIS est revenue \u00e0 hauteur de BORDEAUX Lac au classement final et s\u2019est m\u00eame impos\u00e9e au b\u00e9n\u00e9fice d\u2019une meilleure [&hellip;]\" \/>\n<meta property=\"og:url\" content=\"https:\/\/cdgolf33.com\/index.php\/seniors-2015\/\" \/>\n<meta property=\"og:site_name\" content=\"Comit\u00e9 D\u00e9partemental de Golf de Gironde\" \/>\n<meta property=\"og:image\" content=\"http:\/\/www.cdgolf33.com\/wp-content\/uploads\/2015\/06\/2015_senh_Arcachon-300x217.jpg\" \/>\n<meta name=\"twitter:card\" content=\"summary_large_image\" \/>\n<meta name=\"twitter:site\" content=\"@comitegolf33\" \/>\n<script type=\"application\/ld+json\" class=\"yoast-schema-graph\">{\"@context\":\"https:\\\/\\\/schema.org\",\"@graph\":[{\"@type\":\"WebPage\",\"@id\":\"https:\\\/\\\/cdgolf33.com\\\/index.php\\\/seniors-2015\\\/\",\"url\":\"https:\\\/\\\/cdgolf33.com\\\/index.php\\\/seniors-2015\\\/\",\"name\":\"Seniors 2015 - Comit\u00e9 D\u00e9partemental de Golf de Gironde\",\"isPartOf\":{\"@id\":\"https:\\\/\\\/cdgolf33.com\\\/#website\"},\"primaryImageOfPage\":{\"@id\":\"https:\\\/\\\/cdgolf33.com\\\/index.php\\\/seniors-2015\\\/#primaryimage\"},\"image\":{\"@id\":\"https:\\\/\\\/cdgolf33.com\\\/index.php\\\/seniors-2015\\\/#primaryimage\"},\"thumbnailUrl\":\"http:\\\/\\\/www.cdgolf33.com\\\/wp-content\\\/uploads\\\/2015\\\/06\\\/2015_senh_Arcachon-300x217.jpg\",\"datePublished\":\"2015-10-29T11:06:46+00:00\",\"breadcrumb\":{\"@id\":\"https:\\\/\\\/cdgolf33.com\\\/index.php\\\/seniors-2015\\\/#breadcrumb\"},\"inLanguage\":\"fr-FR\",\"potentialAction\":[{\"@type\":\"ReadAction\",\"target\":[\"https:\\\/\\\/cdgolf33.com\\\/index.php\\\/seniors-2015\\\/\"]}]},{\"@type\":\"ImageObject\",\"inLanguage\":\"fr-FR\",\"@id\":\"https:\\\/\\\/cdgolf33.com\\\/index.php\\\/seniors-2015\\\/#primaryimage\",\"url\":\"http:\\\/\\\/www.cdgolf33.com\\\/wp-content\\\/uploads\\\/2015\\\/06\\\/2015_senh_Arcachon-300x217.jpg\",\"contentUrl\":\"http:\\\/\\\/www.cdgolf33.com\\\/wp-content\\\/uploads\\\/2015\\\/06\\\/2015_senh_Arcachon-300x217.jpg\"},{\"@type\":\"BreadcrumbList\",\"@id\":\"https:\\\/\\\/cdgolf33.com\\\/index.php\\\/seniors-2015\\\/#breadcrumb\",\"itemListElement\":[{\"@type\":\"ListItem\",\"position\":1,\"name\":\"Accueil\",\"item\":\"https:\\\/\\\/cdgolf33.com\\\/\"},{\"@type\":\"ListItem\",\"position\":2,\"name\":\"Seniors 2015\"}]},{\"@type\":\"WebSite\",\"@id\":\"https:\\\/\\\/cdgolf33.com\\\/#website\",\"url\":\"https:\\\/\\\/cdgolf33.com\\\/\",\"name\":\"Comit\u00e9 D\u00e9partemental de Golf de Gironde\",\"description\":\"Le Comit\u00e9 de Gironde de Golf vous souhaite la bienvenue sur son site !\",\"publisher\":{\"@id\":\"https:\\\/\\\/cdgolf33.com\\\/#organization\"},\"potentialAction\":[{\"@type\":\"SearchAction\",\"target\":{\"@type\":\"EntryPoint\",\"urlTemplate\":\"https:\\\/\\\/cdgolf33.com\\\/?s={search_term_string}\"},\"query-input\":{\"@type\":\"PropertyValueSpecification\",\"valueRequired\":true,\"valueName\":\"search_term_string\"}}],\"inLanguage\":\"fr-FR\"},{\"@type\":\"Organization\",\"@id\":\"https:\\\/\\\/cdgolf33.com\\\/#organization\",\"name\":\"Comit\u00e9 de Golf de Gironde\",\"url\":\"https:\\\/\\\/cdgolf33.com\\\/\",\"logo\":{\"@type\":\"ImageObject\",\"inLanguage\":\"fr-FR\",\"@id\":\"https:\\\/\\\/cdgolf33.com\\\/#\\\/schema\\\/logo\\\/image\\\/\",\"url\":\"https:\\\/\\\/cdgolf33.com\\\/wp-content\\\/uploads\\\/2019\\\/05\\\/LOGOCD33.jpg\",\"contentUrl\":\"https:\\\/\\\/cdgolf33.com\\\/wp-content\\\/uploads\\\/2019\\\/05\\\/LOGOCD33.jpg\",\"width\":220,\"height\":233,\"caption\":\"Comit\u00e9 de Golf de Gironde\"},\"image\":{\"@id\":\"https:\\\/\\\/cdgolf33.com\\\/#\\\/schema\\\/logo\\\/image\\\/\"},\"sameAs\":[\"https:\\\/\\\/x.com\\\/comitegolf33\"]}]}<\/script>\n<!-- \/ Yoast SEO plugin. -->","yoast_head_json":{"title":"Seniors 2015 - Comit\u00e9 D\u00e9partemental de Golf de Gironde","robots":{"index":"index","follow":"follow","max-snippet":"max-snippet:-1","max-image-preview":"max-image-preview:large","max-video-preview":"max-video-preview:-1"},"canonical":"https:\/\/cdgolf33.com\/index.php\/seniors-2015\/","og_locale":"fr_FR","og_type":"article","og_title":"Seniors 2015 - Comit\u00e9 D\u00e9partemental de Golf de Gironde","og_description":"\u00a0Dames Biscarrosse ayant d\u00e9clar\u00e9 forfait, la finale n\u2019a pas pu se disputer en match play et a \u00e9t\u00e9 remplac\u00e9e par un 5\u00e8me tour. En s\u2019imposant, \u00e0 \u00e9galit\u00e9 avec PESSAC, l\u2019\u00e9quipe du BORDELAIS est revenue \u00e0 hauteur de BORDEAUX Lac au classement final et s\u2019est m\u00eame impos\u00e9e au b\u00e9n\u00e9fice d\u2019une meilleure [&hellip;]","og_url":"https:\/\/cdgolf33.com\/index.php\/seniors-2015\/","og_site_name":"Comit\u00e9 D\u00e9partemental de Golf de Gironde","og_image":[{"url":"http:\/\/www.cdgolf33.com\/wp-content\/uploads\/2015\/06\/2015_senh_Arcachon-300x217.jpg","type":"","width":"","height":""}],"twitter_card":"summary_large_image","twitter_site":"@comitegolf33","schema":{"@context":"https:\/\/schema.org","@graph":[{"@type":"WebPage","@id":"https:\/\/cdgolf33.com\/index.php\/seniors-2015\/","url":"https:\/\/cdgolf33.com\/index.php\/seniors-2015\/","name":"Seniors 2015 - Comit\u00e9 D\u00e9partemental de Golf de Gironde","isPartOf":{"@id":"https:\/\/cdgolf33.com\/#website"},"primaryImageOfPage":{"@id":"https:\/\/cdgolf33.com\/index.php\/seniors-2015\/#primaryimage"},"image":{"@id":"https:\/\/cdgolf33.com\/index.php\/seniors-2015\/#primaryimage"},"thumbnailUrl":"http:\/\/www.cdgolf33.com\/wp-content\/uploads\/2015\/06\/2015_senh_Arcachon-300x217.jpg","datePublished":"2015-10-29T11:06:46+00:00","breadcrumb":{"@id":"https:\/\/cdgolf33.com\/index.php\/seniors-2015\/#breadcrumb"},"inLanguage":"fr-FR","potentialAction":[{"@type":"ReadAction","target":["https:\/\/cdgolf33.com\/index.php\/seniors-2015\/"]}]},{"@type":"ImageObject","inLanguage":"fr-FR","@id":"https:\/\/cdgolf33.com\/index.php\/seniors-2015\/#primaryimage","url":"http:\/\/www.cdgolf33.com\/wp-content\/uploads\/2015\/06\/2015_senh_Arcachon-300x217.jpg","contentUrl":"http:\/\/www.cdgolf33.com\/wp-content\/uploads\/2015\/06\/2015_senh_Arcachon-300x217.jpg"},{"@type":"BreadcrumbList","@id":"https:\/\/cdgolf33.com\/index.php\/seniors-2015\/#breadcrumb","itemListElement":[{"@type":"ListItem","position":1,"name":"Accueil","item":"https:\/\/cdgolf33.com\/"},{"@type":"ListItem","position":2,"name":"Seniors 2015"}]},{"@type":"WebSite","@id":"https:\/\/cdgolf33.com\/#website","url":"https:\/\/cdgolf33.com\/","name":"Comit\u00e9 D\u00e9partemental de Golf de Gironde","description":"Le Comit\u00e9 de Gironde de Golf vous souhaite la bienvenue sur son site !","publisher":{"@id":"https:\/\/cdgolf33.com\/#organization"},"potentialAction":[{"@type":"SearchAction","target":{"@type":"EntryPoint","urlTemplate":"https:\/\/cdgolf33.com\/?s={search_term_string}"},"query-input":{"@type":"PropertyValueSpecification","valueRequired":true,"valueName":"search_term_string"}}],"inLanguage":"fr-FR"},{"@type":"Organization","@id":"https:\/\/cdgolf33.com\/#organization","name":"Comit\u00e9 de Golf de Gironde","url":"https:\/\/cdgolf33.com\/","logo":{"@type":"ImageObject","inLanguage":"fr-FR","@id":"https:\/\/cdgolf33.com\/#\/schema\/logo\/image\/","url":"https:\/\/cdgolf33.com\/wp-content\/uploads\/2019\/05\/LOGOCD33.jpg","contentUrl":"https:\/\/cdgolf33.com\/wp-content\/uploads\/2019\/05\/LOGOCD33.jpg","width":220,"height":233,"caption":"Comit\u00e9 de Golf de Gironde"},"image":{"@id":"https:\/\/cdgolf33.com\/#\/schema\/logo\/image\/"},"sameAs":["https:\/\/x.com\/comitegolf33"]}]}},"_links":{"self":[{"href":"https:\/\/cdgolf33.com\/index.php\/wp-json\/wp\/v2\/pages\/1956","targetHints":{"allow":["GET"]}}],"collection":[{"href":"https:\/\/cdgolf33.com\/index.php\/wp-json\/wp\/v2\/pages"}],"about":[{"href":"https:\/\/cdgolf33.com\/index.php\/wp-json\/wp\/v2\/types\/page"}],"author":[{"embeddable":true,"href":"https:\/\/cdgolf33.com\/index.php\/wp-json\/wp\/v2\/users\/1"}],"replies":[{"embeddable":true,"href":"https:\/\/cdgolf33.com\/index.php\/wp-json\/wp\/v2\/comments?post=1956"}],"version-history":[{"count":0,"href":"https:\/\/cdgolf33.com\/index.php\/wp-json\/wp\/v2\/pages\/1956\/revisions"}],"wp:attachment":[{"href":"https:\/\/cdgolf33.com\/index.php\/wp-json\/wp\/v2\/media?parent=1956"}],"curies":[{"name":"wp","href":"https:\/\/api.w.org\/{rel}","templated":true}]}}