{"id":2107,"date":"2014-05-25T11:51:30","date_gmt":"2014-05-25T10:51:30","guid":{"rendered":"http:\/\/www.cdgolf33.com\/?page_id=2107"},"modified":"2014-05-25T11:51:30","modified_gmt":"2014-05-25T10:51:30","slug":"finale-championnat-de-gironde-2014-de-pitch-putt","status":"publish","type":"page","link":"https:\/\/cdgolf33.com\/index.php\/finale-championnat-de-gironde-2014-de-pitch-putt\/","title":{"rendered":"Finale championnat de Gironde 2014 de pitch &#038; putt"},"content":{"rendered":"<p>\t\t\t\t<strong>Jean Marc PONS champion de Gironde 2014 de pitch &amp; putt.<\/strong><\/p>\n<p style=\"text-align: justify;\">Ils avaient termin\u00e9 dans cet ordre \u00e0 l&rsquo;issue des 5 tours qualificatifs, Jean-Marc PONS (A\u00e9rospatiale), Denis CARLETTI et St\u00e9phane GUERIN (Aiguilles Vertes) ont confirm\u00e9 ce classement lors de cette neuvi\u00e8me finale d\u00e9partementale du championnat de Gironde de pitch &amp; putt.<\/p>\n<p style=\"text-align: justify;\">Pour s&rsquo;imposer, nos trois champions ont chacun rendu une carte sous le par : Jean-Marc PONS 49 (-4), Denis CARLETTI 51 (-3) et St\u00e9phane GUERIN 53 (-1). Le suspense a \u00e9t\u00e9 entier puisqu&rsquo;il a fallu attendre le dernier putt de Denis\u00a0CARLETTI (qui n&rsquo;est pas rentr\u00e9) pour que Jean-Marc PONS puisse s&#8217;emparer du titre.<\/p>\n<div id=\"attachment_1134\" style=\"width: 310px\" class=\"wp-caption aligncenter\"><a href=\"http:\/\/www.cdgolf33.com\/wp-content\/uploads\/2014\/05\/2014_PP_podium.jpg\"><img fetchpriority=\"high\" decoding=\"async\" aria-describedby=\"caption-attachment-1134\" class=\"size-medium wp-image-1134\" src=\"http:\/\/www.cdgolf33.com\/wp-content\/uploads\/2014\/05\/2014_PP_podium-300x172.jpg\" alt=\"Jean-Marc PONS vainqueur devant Denis CARLETTI et St\u00e9phane GUERIN\" width=\"300\" height=\"172\" srcset=\"https:\/\/cdgolf33.com\/wp-content\/uploads\/2014\/05\/2014_PP_podium-300x172.jpg 300w, https:\/\/cdgolf33.com\/wp-content\/uploads\/2014\/05\/2014_PP_podium.jpg 726w\" sizes=\"(max-width: 300px) 100vw, 300px\" \/><\/a><p id=\"caption-attachment-1134\" class=\"wp-caption-text\">Jean-Marc PONS vainqueur devant Denis CARLETTI et St\u00e9phane GUERIN<\/p><\/div>\n<p style=\"text-align: justify;\">Une tr\u00e8s belle finale que le ciel a bien voulu \u00e9pargner de la pluie annonc\u00e9e. Les 27 participants ont \u00e9t\u00e9 particuli\u00e8rement satisfaits de la pr\u00e9paration du terrain par l&rsquo;\u00e9quipe de Beno\u00eet CLERICI, le directeur des golfs UCPA du Baganais et de La M\u00e9jane.<\/p>\n<p>\u2192\u00a0 <strong><a href=\"http:\/\/www.cdgolf33.com\/wp-content\/uploads\/2014\/05\/2014_PP_finale_r\u00e9sultats.pdf\" target=\"_blank\" rel=\"noopener noreferrer\">voir les r\u00e9sultats<\/a><\/strong><\/p>\n<p style=\"text-align: justify;\">Tout le monde s&rsquo;est retrouv\u00e9 autour d&rsquo;un buffet offert par le Comit\u00e9 de Gironde et s&rsquo;est donn\u00e9 rendez vous pour l&rsquo;\u00e9dition 2015 qui f\u00eatera le dixi\u00e8me anniversaire de cette comp\u00e9tition.<\/p>\n<p style=\"text-align: justify;\">Auparavant, Les 10 premiers de cette finale d\u00e9partementale disputeront le dimanche 22 juin prochain, la finale inter-d\u00e9partementale sur le parcours pitch &amp; putt de Bordeaux Lac (d\u00e9parts en shot gun pr\u00e9vu \u00e0 10 heures).<\/p>\n<p style=\"text-align: center;\"><a href=\"http:\/\/www.cdgolf33.com\/wp-content\/uploads\/2014\/05\/2014_PP_photo.jpg\"><img decoding=\"async\" class=\"alignnone size-medium wp-image-1133\" src=\"http:\/\/www.cdgolf33.com\/wp-content\/uploads\/2014\/05\/2014_PP_photo-300x226.jpg\" alt=\"2014_PP_photo\" width=\"300\" height=\"226\" srcset=\"https:\/\/cdgolf33.com\/wp-content\/uploads\/2014\/05\/2014_PP_photo-300x226.jpg 300w, https:\/\/cdgolf33.com\/wp-content\/uploads\/2014\/05\/2014_PP_photo-768x579.jpg 768w, https:\/\/cdgolf33.com\/wp-content\/uploads\/2014\/05\/2014_PP_photo-1024x773.jpg 1024w, https:\/\/cdgolf33.com\/wp-content\/uploads\/2014\/05\/2014_PP_photo.jpg 2048w\" sizes=\"(max-width: 300px) 100vw, 300px\" \/><\/a><\/p>\n<p>&nbsp;<\/p>\n<p style=\"text-align: right;\">\u2192  <strong><a href=\"http:\/\/www.cdgolf33.com\/pitch-putt\/\">retour<\/a><\/strong><\/p>\n","protected":false},"excerpt":{"rendered":"<p>Jean Marc PONS champion de Gironde 2014 de pitch &amp; putt. Ils avaient termin\u00e9 dans cet ordre \u00e0 l&rsquo;issue des 5 tours qualificatifs, Jean-Marc PONS (A\u00e9rospatiale), Denis CARLETTI et St\u00e9phane GUERIN (Aiguilles Vertes) ont confirm\u00e9 ce classement lors de cette neuvi\u00e8me finale d\u00e9partementale du championnat de Gironde de pitch &amp; [&hellip;]<\/p>\n","protected":false},"author":1,"featured_media":0,"parent":0,"menu_order":0,"comment_status":"closed","ping_status":"closed","template":"","meta":{"footnotes":""},"class_list":["post-2107","page","type-page","status-publish","hentry"],"yoast_head":"<!-- This site is optimized with the Yoast SEO plugin v27.5 - https:\/\/yoast.com\/product\/yoast-seo-wordpress\/ -->\n<title>Finale championnat de Gironde 2014 de pitch &amp; putt - Comit\u00e9 D\u00e9partemental de Golf de Gironde<\/title>\n<meta name=\"robots\" content=\"index, follow, max-snippet:-1, max-image-preview:large, max-video-preview:-1\" \/>\n<link rel=\"canonical\" href=\"https:\/\/cdgolf33.com\/index.php\/finale-championnat-de-gironde-2014-de-pitch-putt\/\" \/>\n<meta property=\"og:locale\" content=\"fr_FR\" \/>\n<meta property=\"og:type\" content=\"article\" \/>\n<meta property=\"og:title\" content=\"Finale championnat de Gironde 2014 de pitch &amp; putt - Comit\u00e9 D\u00e9partemental de Golf de Gironde\" \/>\n<meta property=\"og:description\" content=\"Jean Marc PONS champion de Gironde 2014 de pitch &amp; putt. Ils avaient termin\u00e9 dans cet ordre \u00e0 l&rsquo;issue des 5 tours qualificatifs, Jean-Marc PONS (A\u00e9rospatiale), Denis CARLETTI et St\u00e9phane GUERIN (Aiguilles Vertes) ont confirm\u00e9 ce classement lors de cette neuvi\u00e8me finale d\u00e9partementale du championnat de Gironde de pitch &amp; [&hellip;]\" \/>\n<meta property=\"og:url\" content=\"https:\/\/cdgolf33.com\/index.php\/finale-championnat-de-gironde-2014-de-pitch-putt\/\" \/>\n<meta property=\"og:site_name\" content=\"Comit\u00e9 D\u00e9partemental de Golf de Gironde\" \/>\n<meta property=\"og:image\" content=\"http:\/\/www.cdgolf33.com\/wp-content\/uploads\/2014\/05\/2014_PP_podium-300x172.jpg\" \/>\n<meta name=\"twitter:card\" content=\"summary_large_image\" \/>\n<meta name=\"twitter:site\" content=\"@comitegolf33\" \/>\n<meta name=\"twitter:label1\" content=\"Dur\u00e9e de lecture estim\u00e9e\" \/>\n\t<meta name=\"twitter:data1\" content=\"1 minute\" \/>\n<script type=\"application\/ld+json\" class=\"yoast-schema-graph\">{\"@context\":\"https:\\\/\\\/schema.org\",\"@graph\":[{\"@type\":\"WebPage\",\"@id\":\"https:\\\/\\\/cdgolf33.com\\\/index.php\\\/finale-championnat-de-gironde-2014-de-pitch-putt\\\/\",\"url\":\"https:\\\/\\\/cdgolf33.com\\\/index.php\\\/finale-championnat-de-gironde-2014-de-pitch-putt\\\/\",\"name\":\"Finale championnat de Gironde 2014 de pitch & putt - Comit\u00e9 D\u00e9partemental de Golf de Gironde\",\"isPartOf\":{\"@id\":\"https:\\\/\\\/cdgolf33.com\\\/#website\"},\"primaryImageOfPage\":{\"@id\":\"https:\\\/\\\/cdgolf33.com\\\/index.php\\\/finale-championnat-de-gironde-2014-de-pitch-putt\\\/#primaryimage\"},\"image\":{\"@id\":\"https:\\\/\\\/cdgolf33.com\\\/index.php\\\/finale-championnat-de-gironde-2014-de-pitch-putt\\\/#primaryimage\"},\"thumbnailUrl\":\"http:\\\/\\\/www.cdgolf33.com\\\/wp-content\\\/uploads\\\/2014\\\/05\\\/2014_PP_podium-300x172.jpg\",\"datePublished\":\"2014-05-25T10:51:30+00:00\",\"breadcrumb\":{\"@id\":\"https:\\\/\\\/cdgolf33.com\\\/index.php\\\/finale-championnat-de-gironde-2014-de-pitch-putt\\\/#breadcrumb\"},\"inLanguage\":\"fr-FR\",\"potentialAction\":[{\"@type\":\"ReadAction\",\"target\":[\"https:\\\/\\\/cdgolf33.com\\\/index.php\\\/finale-championnat-de-gironde-2014-de-pitch-putt\\\/\"]}]},{\"@type\":\"ImageObject\",\"inLanguage\":\"fr-FR\",\"@id\":\"https:\\\/\\\/cdgolf33.com\\\/index.php\\\/finale-championnat-de-gironde-2014-de-pitch-putt\\\/#primaryimage\",\"url\":\"http:\\\/\\\/www.cdgolf33.com\\\/wp-content\\\/uploads\\\/2014\\\/05\\\/2014_PP_podium-300x172.jpg\",\"contentUrl\":\"http:\\\/\\\/www.cdgolf33.com\\\/wp-content\\\/uploads\\\/2014\\\/05\\\/2014_PP_podium-300x172.jpg\"},{\"@type\":\"BreadcrumbList\",\"@id\":\"https:\\\/\\\/cdgolf33.com\\\/index.php\\\/finale-championnat-de-gironde-2014-de-pitch-putt\\\/#breadcrumb\",\"itemListElement\":[{\"@type\":\"ListItem\",\"position\":1,\"name\":\"Accueil\",\"item\":\"https:\\\/\\\/cdgolf33.com\\\/\"},{\"@type\":\"ListItem\",\"position\":2,\"name\":\"Finale championnat de Gironde 2014 de pitch &#038; putt\"}]},{\"@type\":\"WebSite\",\"@id\":\"https:\\\/\\\/cdgolf33.com\\\/#website\",\"url\":\"https:\\\/\\\/cdgolf33.com\\\/\",\"name\":\"Comit\u00e9 D\u00e9partemental de Golf de Gironde\",\"description\":\"Le Comit\u00e9 de Gironde de Golf vous souhaite la bienvenue sur son site !\",\"publisher\":{\"@id\":\"https:\\\/\\\/cdgolf33.com\\\/#organization\"},\"potentialAction\":[{\"@type\":\"SearchAction\",\"target\":{\"@type\":\"EntryPoint\",\"urlTemplate\":\"https:\\\/\\\/cdgolf33.com\\\/?s={search_term_string}\"},\"query-input\":{\"@type\":\"PropertyValueSpecification\",\"valueRequired\":true,\"valueName\":\"search_term_string\"}}],\"inLanguage\":\"fr-FR\"},{\"@type\":\"Organization\",\"@id\":\"https:\\\/\\\/cdgolf33.com\\\/#organization\",\"name\":\"Comit\u00e9 de Golf de Gironde\",\"url\":\"https:\\\/\\\/cdgolf33.com\\\/\",\"logo\":{\"@type\":\"ImageObject\",\"inLanguage\":\"fr-FR\",\"@id\":\"https:\\\/\\\/cdgolf33.com\\\/#\\\/schema\\\/logo\\\/image\\\/\",\"url\":\"https:\\\/\\\/cdgolf33.com\\\/wp-content\\\/uploads\\\/2019\\\/05\\\/LOGOCD33.jpg\",\"contentUrl\":\"https:\\\/\\\/cdgolf33.com\\\/wp-content\\\/uploads\\\/2019\\\/05\\\/LOGOCD33.jpg\",\"width\":220,\"height\":233,\"caption\":\"Comit\u00e9 de Golf de Gironde\"},\"image\":{\"@id\":\"https:\\\/\\\/cdgolf33.com\\\/#\\\/schema\\\/logo\\\/image\\\/\"},\"sameAs\":[\"https:\\\/\\\/x.com\\\/comitegolf33\"]}]}<\/script>\n<!-- \/ Yoast SEO plugin. -->","yoast_head_json":{"title":"Finale championnat de Gironde 2014 de pitch & putt - Comit\u00e9 D\u00e9partemental de Golf de Gironde","robots":{"index":"index","follow":"follow","max-snippet":"max-snippet:-1","max-image-preview":"max-image-preview:large","max-video-preview":"max-video-preview:-1"},"canonical":"https:\/\/cdgolf33.com\/index.php\/finale-championnat-de-gironde-2014-de-pitch-putt\/","og_locale":"fr_FR","og_type":"article","og_title":"Finale championnat de Gironde 2014 de pitch & putt - Comit\u00e9 D\u00e9partemental de Golf de Gironde","og_description":"Jean Marc PONS champion de Gironde 2014 de pitch &amp; putt. Ils avaient termin\u00e9 dans cet ordre \u00e0 l&rsquo;issue des 5 tours qualificatifs, Jean-Marc PONS (A\u00e9rospatiale), Denis CARLETTI et St\u00e9phane GUERIN (Aiguilles Vertes) ont confirm\u00e9 ce classement lors de cette neuvi\u00e8me finale d\u00e9partementale du championnat de Gironde de pitch &amp; [&hellip;]","og_url":"https:\/\/cdgolf33.com\/index.php\/finale-championnat-de-gironde-2014-de-pitch-putt\/","og_site_name":"Comit\u00e9 D\u00e9partemental de Golf de Gironde","og_image":[{"url":"http:\/\/www.cdgolf33.com\/wp-content\/uploads\/2014\/05\/2014_PP_podium-300x172.jpg","type":"","width":"","height":""}],"twitter_card":"summary_large_image","twitter_site":"@comitegolf33","twitter_misc":{"Dur\u00e9e de lecture estim\u00e9e":"1 minute"},"schema":{"@context":"https:\/\/schema.org","@graph":[{"@type":"WebPage","@id":"https:\/\/cdgolf33.com\/index.php\/finale-championnat-de-gironde-2014-de-pitch-putt\/","url":"https:\/\/cdgolf33.com\/index.php\/finale-championnat-de-gironde-2014-de-pitch-putt\/","name":"Finale championnat de Gironde 2014 de pitch & putt - Comit\u00e9 D\u00e9partemental de Golf de Gironde","isPartOf":{"@id":"https:\/\/cdgolf33.com\/#website"},"primaryImageOfPage":{"@id":"https:\/\/cdgolf33.com\/index.php\/finale-championnat-de-gironde-2014-de-pitch-putt\/#primaryimage"},"image":{"@id":"https:\/\/cdgolf33.com\/index.php\/finale-championnat-de-gironde-2014-de-pitch-putt\/#primaryimage"},"thumbnailUrl":"http:\/\/www.cdgolf33.com\/wp-content\/uploads\/2014\/05\/2014_PP_podium-300x172.jpg","datePublished":"2014-05-25T10:51:30+00:00","breadcrumb":{"@id":"https:\/\/cdgolf33.com\/index.php\/finale-championnat-de-gironde-2014-de-pitch-putt\/#breadcrumb"},"inLanguage":"fr-FR","potentialAction":[{"@type":"ReadAction","target":["https:\/\/cdgolf33.com\/index.php\/finale-championnat-de-gironde-2014-de-pitch-putt\/"]}]},{"@type":"ImageObject","inLanguage":"fr-FR","@id":"https:\/\/cdgolf33.com\/index.php\/finale-championnat-de-gironde-2014-de-pitch-putt\/#primaryimage","url":"http:\/\/www.cdgolf33.com\/wp-content\/uploads\/2014\/05\/2014_PP_podium-300x172.jpg","contentUrl":"http:\/\/www.cdgolf33.com\/wp-content\/uploads\/2014\/05\/2014_PP_podium-300x172.jpg"},{"@type":"BreadcrumbList","@id":"https:\/\/cdgolf33.com\/index.php\/finale-championnat-de-gironde-2014-de-pitch-putt\/#breadcrumb","itemListElement":[{"@type":"ListItem","position":1,"name":"Accueil","item":"https:\/\/cdgolf33.com\/"},{"@type":"ListItem","position":2,"name":"Finale championnat de Gironde 2014 de pitch &#038; putt"}]},{"@type":"WebSite","@id":"https:\/\/cdgolf33.com\/#website","url":"https:\/\/cdgolf33.com\/","name":"Comit\u00e9 D\u00e9partemental de Golf de Gironde","description":"Le Comit\u00e9 de Gironde de Golf vous souhaite la bienvenue sur son site !","publisher":{"@id":"https:\/\/cdgolf33.com\/#organization"},"potentialAction":[{"@type":"SearchAction","target":{"@type":"EntryPoint","urlTemplate":"https:\/\/cdgolf33.com\/?s={search_term_string}"},"query-input":{"@type":"PropertyValueSpecification","valueRequired":true,"valueName":"search_term_string"}}],"inLanguage":"fr-FR"},{"@type":"Organization","@id":"https:\/\/cdgolf33.com\/#organization","name":"Comit\u00e9 de Golf de Gironde","url":"https:\/\/cdgolf33.com\/","logo":{"@type":"ImageObject","inLanguage":"fr-FR","@id":"https:\/\/cdgolf33.com\/#\/schema\/logo\/image\/","url":"https:\/\/cdgolf33.com\/wp-content\/uploads\/2019\/05\/LOGOCD33.jpg","contentUrl":"https:\/\/cdgolf33.com\/wp-content\/uploads\/2019\/05\/LOGOCD33.jpg","width":220,"height":233,"caption":"Comit\u00e9 de Golf de Gironde"},"image":{"@id":"https:\/\/cdgolf33.com\/#\/schema\/logo\/image\/"},"sameAs":["https:\/\/x.com\/comitegolf33"]}]}},"_links":{"self":[{"href":"https:\/\/cdgolf33.com\/index.php\/wp-json\/wp\/v2\/pages\/2107","targetHints":{"allow":["GET"]}}],"collection":[{"href":"https:\/\/cdgolf33.com\/index.php\/wp-json\/wp\/v2\/pages"}],"about":[{"href":"https:\/\/cdgolf33.com\/index.php\/wp-json\/wp\/v2\/types\/page"}],"author":[{"embeddable":true,"href":"https:\/\/cdgolf33.com\/index.php\/wp-json\/wp\/v2\/users\/1"}],"replies":[{"embeddable":true,"href":"https:\/\/cdgolf33.com\/index.php\/wp-json\/wp\/v2\/comments?post=2107"}],"version-history":[{"count":0,"href":"https:\/\/cdgolf33.com\/index.php\/wp-json\/wp\/v2\/pages\/2107\/revisions"}],"wp:attachment":[{"href":"https:\/\/cdgolf33.com\/index.php\/wp-json\/wp\/v2\/media?parent=2107"}],"curies":[{"name":"wp","href":"https:\/\/api.w.org\/{rel}","templated":true}]}}