{"id":2110,"date":"2014-06-22T19:57:12","date_gmt":"2014-06-22T18:57:12","guid":{"rendered":"http:\/\/www.cdgolf33.com\/?page_id=2110"},"modified":"2014-06-22T19:57:12","modified_gmt":"2014-06-22T18:57:12","slug":"pitch-putt-finale-inter-departementale-2014","status":"publish","type":"page","link":"https:\/\/cdgolf33.com\/index.php\/pitch-putt-finale-inter-departementale-2014\/","title":{"rendered":"Pitch &#038; putt finale inter d\u00e9partementale 2014"},"content":{"rendered":"<p>\t\t\t\t<strong>Jean-Marc PONS remporte la finale inter d\u00e9partementale de pitch &amp; putt.<\/strong><\/p>\n<p style=\"text-align: justify;\">Ce dimanche 22 juin se d\u00e9roulait sur le difficile parcours de Bordeaux Lac, la finale interd\u00e9partementale de pitch &amp; putt.<\/p>\n<p style=\"text-align: justify;\">27 joueurs s&rsquo;\u00e9taient qualifi\u00e9s dans les championnats d\u00e9partementaux des Pyr\u00e9n\u00e9es Atlantiques, des Landes et de la Gironde et s&rsquo;affrontaient sur 18 trous (on jouait 2 fois les 9 trous du parcours).<\/p>\n<p style=\"text-align: justify;\">Le suspense a \u00e9t\u00e9 total jusqu&rsquo;au dernier putt du dernier trou. Sur le seizi\u00e8me trou, Alan HUIBAN de Moliets rentrait un chip de l&rsquo;ext\u00e9rieur du green pour sauver le par et conserver un coup d&rsquo;avance sur Jean-Marc PONS (A\u00e9rospatiale) avec qui il partageait la partie. Sur le 17, Jean-Marc r\u00e9ussissait un birdie et revenait \u00e0 \u00e9galit\u00e9 avec Alan. Il restait un trou (le 1 car la partie avait d\u00e9but\u00e9 le shot gun au trou num\u00e9ro 2). Les deux joueurs se mettaient en position de birdie. Jean-Marc PONS rentrait son putt de 4 m\u00e8tres. Alan HUIBAN avait maintenant un putt de 1m80 pour arracher le play off. Malheureusement le jeune landais, qui avait eu jusque l\u00e0 un putting brillant, sans doute victime de la pression, ratait son putt et laissait la victoire au girondin.<\/p>\n<div id=\"attachment_1234\" style=\"width: 310px\" class=\"wp-caption aligncenter\"><a href=\"http:\/\/www.cdgolf33.com\/wp-content\/uploads\/2014\/06\/2014_PP_finale_Aquitaine_puttJMP.jpg\"><img decoding=\"async\" aria-describedby=\"caption-attachment-1234\" class=\"size-medium wp-image-1234\" src=\"http:\/\/www.cdgolf33.com\/wp-content\/uploads\/2014\/06\/2014_PP_finale_Aquitaine_puttJMP-300x166.jpg\" alt=\"Le putt victorieux de Jean-Marc PONS\" width=\"300\" height=\"166\" \/><\/a><p id=\"caption-attachment-1234\" class=\"wp-caption-text\">Le putt victorieux de Jean-Marc PONS<\/p><\/div>\n<div id=\"attachment_1233\" style=\"width: 310px\" class=\"wp-caption aligncenter\"><a href=\"http:\/\/www.cdgolf33.com\/wp-content\/uploads\/2014\/06\/2014_PP_finale_Aquitaine_puttAH.jpg\"><img fetchpriority=\"high\" decoding=\"async\" aria-describedby=\"caption-attachment-1233\" class=\"size-medium wp-image-1233\" src=\"http:\/\/www.cdgolf33.com\/wp-content\/uploads\/2014\/06\/2014_PP_finale_Aquitaine_puttAH-300x182.jpg\" alt=\"Le putt d'Alan HUIBAN pour partir en play off\" width=\"300\" height=\"182\" \/><\/a><p id=\"caption-attachment-1233\" class=\"wp-caption-text\">Le putt d&rsquo;Alan HUIBAN pour partir en play off<\/p><\/div>\n<p style=\"text-align: justify;\">Jean-Marc PONS, d\u00e9j\u00e0 champion de Gironde 2014, s&rsquo;impose donc avec un score de -4 devant Alan HUIBAN \u00e0 -3. Un autre jeune landais de Mimizan, Anthony POMPIDOU compl\u00e8te le podium \u00e0 -1. Par \u00e9quipe, ce sont les Landes qui l&#8217;emportent devant la Gironde et les Pyr\u00e9n\u00e9es Atlantiques.<\/p>\n<div id=\"attachment_1231\" style=\"width: 310px\" class=\"wp-caption aligncenter\"><a href=\"http:\/\/www.cdgolf33.com\/wp-content\/uploads\/2014\/06\/2014_PP_finale_Aquitaine_podium.jpg\"><img decoding=\"async\" aria-describedby=\"caption-attachment-1231\" class=\"size-medium wp-image-1231\" src=\"http:\/\/www.cdgolf33.com\/wp-content\/uploads\/2014\/06\/2014_PP_finale_Aquitaine_podium-300x180.jpg\" alt=\"Podium de la finale inter d\u00e9partementale de pitch &amp; putt 2014\" width=\"300\" height=\"180\" \/><\/a><p id=\"caption-attachment-1231\" class=\"wp-caption-text\">Podium de la finale inter d\u00e9partementale de pitch &amp; putt 2014<\/p><\/div>\n<div id=\"attachment_1243\" style=\"width: 310px\" class=\"wp-caption aligncenter\"><a href=\"http:\/\/www.cdgolf33.com\/wp-content\/uploads\/2014\/06\/2014_PP_finale_Aquitaine_Landes.jpg\"><img loading=\"lazy\" decoding=\"async\" aria-describedby=\"caption-attachment-1243\" class=\"size-medium wp-image-1243\" src=\"http:\/\/www.cdgolf33.com\/wp-content\/uploads\/2014\/06\/2014_PP_finale_Aquitaine_Landes-300x238.jpg\" alt=\"Alan HUIBAN, Christian COLLOMBAT et Antony POMPIDOU vainqueurs par \u00e9quipes avec les Landes, entour\u00e9s de Jean-Claude BENITEZ (arbitre) et S\u00e9bastien BARANICKA directeur du golf de Bordeaux Lac\" width=\"300\" height=\"238\" srcset=\"https:\/\/cdgolf33.com\/wp-content\/uploads\/2014\/06\/2014_PP_finale_Aquitaine_Landes-300x238.jpg 300w, https:\/\/cdgolf33.com\/wp-content\/uploads\/2014\/06\/2014_PP_finale_Aquitaine_Landes-768x610.jpg 768w, https:\/\/cdgolf33.com\/wp-content\/uploads\/2014\/06\/2014_PP_finale_Aquitaine_Landes-1024x813.jpg 1024w, https:\/\/cdgolf33.com\/wp-content\/uploads\/2014\/06\/2014_PP_finale_Aquitaine_Landes.jpg 1066w\" sizes=\"(max-width: 300px) 100vw, 300px\" \/><\/a><p id=\"caption-attachment-1243\" class=\"wp-caption-text\">Alan HUIBAN, Christian COLLOMBAT et Antony POMPIDOU vainqueurs par \u00e9quipes avec les Landes, entour\u00e9s de Jean-Claude BENITEZ (arbitre) et S\u00e9bastien BARANICKA directeur du golf de Bordeaux Lac<\/p><\/div>\n<p style=\"text-align: justify;\">Tout le monde s&rsquo;est retrouv\u00e9 pour un repas en commun pr\u00e9par\u00e9 par Christian et Thibault BASQUE. A l&rsquo;issue de celui-ci Jos\u00e9 MUNOZ, pr\u00e9sident du Comit\u00e9 de Gironde qui avait en charge cette ann\u00e9e l&rsquo;organisation de l&rsquo;\u00e9preuve et Jean-Claude SIRE responsable du pitch &amp; putt remettaient les r\u00e9compenses et donnaient rendez-vous l&rsquo;ann\u00e9e prochaine dans les Landes en esp\u00e9rant que la Dordogne et le Lot et Garonne participent pour un v\u00e9ritable championnat d&rsquo;Aquitaine.<\/p>\n<p style=\"text-align: justify;\">F\u00e9licitations \u00e0 l&rsquo;ensemble des participants qui ont su garder la bonne humeur malgr\u00e9 l&rsquo;enjeu. Remerciements \u00e0 Jean-Claude BENITEZ l&rsquo;arbitre qui n&rsquo;a pas eu \u00e0 intervenir en raison du comportement exemplaire de tous les joueurs.<\/p>\n<p style=\"text-align: justify;\">\u2192 <strong><a href=\"http:\/\/www.cdgolf33.com\/wp-content\/uploads\/2014\/06\/2014_PP_finaleAquitaine_r\u00e9sultats.pdf\" target=\"_blank\" rel=\"noopener noreferrer\">voir le classement<\/a><\/strong><\/p>\n<p style=\"text-align: justify;\">\u2192 <strong><a href=\"http:\/\/www.cdgolf33.com\/wp-content\/uploads\/2014\/06\/2014_PP_finale_Aquitaine_scores.pdf\" target=\"_blank\" rel=\"noopener noreferrer\">voir le d\u00e9tail des scores<\/a><\/strong><\/p>\n<p style=\"text-align: right;\">\u2192  <strong><a href=\"http:\/\/www.cdgolf33.com\/pitch-putt\/\">retour<\/a><\/strong><\/p>\n","protected":false},"excerpt":{"rendered":"<p>Jean-Marc PONS remporte la finale inter d\u00e9partementale de pitch &amp; putt. Ce dimanche 22 juin se d\u00e9roulait sur le difficile parcours de Bordeaux Lac, la finale interd\u00e9partementale de pitch &amp; putt. 27 joueurs s&rsquo;\u00e9taient qualifi\u00e9s dans les championnats d\u00e9partementaux des Pyr\u00e9n\u00e9es Atlantiques, des Landes et de la Gironde et s&rsquo;affrontaient [&hellip;]<\/p>\n","protected":false},"author":1,"featured_media":0,"parent":0,"menu_order":0,"comment_status":"closed","ping_status":"closed","template":"","meta":{"footnotes":""},"class_list":["post-2110","page","type-page","status-publish","hentry"],"yoast_head":"<!-- This site is optimized with the Yoast SEO plugin v27.4 - https:\/\/yoast.com\/product\/yoast-seo-wordpress\/ -->\n<title>Pitch &amp; putt finale inter d\u00e9partementale 2014 - Comit\u00e9 D\u00e9partemental de Golf de Gironde<\/title>\n<meta name=\"robots\" content=\"index, follow, max-snippet:-1, max-image-preview:large, max-video-preview:-1\" \/>\n<link rel=\"canonical\" href=\"https:\/\/cdgolf33.com\/index.php\/pitch-putt-finale-inter-departementale-2014\/\" \/>\n<meta property=\"og:locale\" content=\"fr_FR\" \/>\n<meta property=\"og:type\" content=\"article\" \/>\n<meta property=\"og:title\" content=\"Pitch &amp; putt finale inter d\u00e9partementale 2014 - Comit\u00e9 D\u00e9partemental de Golf de Gironde\" \/>\n<meta property=\"og:description\" content=\"Jean-Marc PONS remporte la finale inter d\u00e9partementale de pitch &amp; putt. Ce dimanche 22 juin se d\u00e9roulait sur le difficile parcours de Bordeaux Lac, la finale interd\u00e9partementale de pitch &amp; putt. 27 joueurs s&rsquo;\u00e9taient qualifi\u00e9s dans les championnats d\u00e9partementaux des Pyr\u00e9n\u00e9es Atlantiques, des Landes et de la Gironde et s&rsquo;affrontaient [&hellip;]\" \/>\n<meta property=\"og:url\" content=\"https:\/\/cdgolf33.com\/index.php\/pitch-putt-finale-inter-departementale-2014\/\" \/>\n<meta property=\"og:site_name\" content=\"Comit\u00e9 D\u00e9partemental de Golf de Gironde\" \/>\n<meta property=\"og:image\" content=\"http:\/\/www.cdgolf33.com\/wp-content\/uploads\/2014\/06\/2014_PP_finale_Aquitaine_puttJMP-300x166.jpg\" \/>\n<meta name=\"twitter:card\" content=\"summary_large_image\" \/>\n<meta name=\"twitter:site\" content=\"@comitegolf33\" \/>\n<meta name=\"twitter:label1\" content=\"Dur\u00e9e de lecture estim\u00e9e\" \/>\n\t<meta name=\"twitter:data1\" content=\"2 minutes\" \/>\n<script type=\"application\/ld+json\" class=\"yoast-schema-graph\">{\"@context\":\"https:\\\/\\\/schema.org\",\"@graph\":[{\"@type\":\"WebPage\",\"@id\":\"https:\\\/\\\/cdgolf33.com\\\/index.php\\\/pitch-putt-finale-inter-departementale-2014\\\/\",\"url\":\"https:\\\/\\\/cdgolf33.com\\\/index.php\\\/pitch-putt-finale-inter-departementale-2014\\\/\",\"name\":\"Pitch & putt finale inter d\u00e9partementale 2014 - Comit\u00e9 D\u00e9partemental de Golf de Gironde\",\"isPartOf\":{\"@id\":\"https:\\\/\\\/cdgolf33.com\\\/#website\"},\"primaryImageOfPage\":{\"@id\":\"https:\\\/\\\/cdgolf33.com\\\/index.php\\\/pitch-putt-finale-inter-departementale-2014\\\/#primaryimage\"},\"image\":{\"@id\":\"https:\\\/\\\/cdgolf33.com\\\/index.php\\\/pitch-putt-finale-inter-departementale-2014\\\/#primaryimage\"},\"thumbnailUrl\":\"http:\\\/\\\/www.cdgolf33.com\\\/wp-content\\\/uploads\\\/2014\\\/06\\\/2014_PP_finale_Aquitaine_puttJMP-300x166.jpg\",\"datePublished\":\"2014-06-22T18:57:12+00:00\",\"breadcrumb\":{\"@id\":\"https:\\\/\\\/cdgolf33.com\\\/index.php\\\/pitch-putt-finale-inter-departementale-2014\\\/#breadcrumb\"},\"inLanguage\":\"fr-FR\",\"potentialAction\":[{\"@type\":\"ReadAction\",\"target\":[\"https:\\\/\\\/cdgolf33.com\\\/index.php\\\/pitch-putt-finale-inter-departementale-2014\\\/\"]}]},{\"@type\":\"ImageObject\",\"inLanguage\":\"fr-FR\",\"@id\":\"https:\\\/\\\/cdgolf33.com\\\/index.php\\\/pitch-putt-finale-inter-departementale-2014\\\/#primaryimage\",\"url\":\"http:\\\/\\\/www.cdgolf33.com\\\/wp-content\\\/uploads\\\/2014\\\/06\\\/2014_PP_finale_Aquitaine_puttJMP-300x166.jpg\",\"contentUrl\":\"http:\\\/\\\/www.cdgolf33.com\\\/wp-content\\\/uploads\\\/2014\\\/06\\\/2014_PP_finale_Aquitaine_puttJMP-300x166.jpg\"},{\"@type\":\"BreadcrumbList\",\"@id\":\"https:\\\/\\\/cdgolf33.com\\\/index.php\\\/pitch-putt-finale-inter-departementale-2014\\\/#breadcrumb\",\"itemListElement\":[{\"@type\":\"ListItem\",\"position\":1,\"name\":\"Accueil\",\"item\":\"https:\\\/\\\/cdgolf33.com\\\/\"},{\"@type\":\"ListItem\",\"position\":2,\"name\":\"Pitch &#038; putt finale inter d\u00e9partementale 2014\"}]},{\"@type\":\"WebSite\",\"@id\":\"https:\\\/\\\/cdgolf33.com\\\/#website\",\"url\":\"https:\\\/\\\/cdgolf33.com\\\/\",\"name\":\"Comit\u00e9 D\u00e9partemental de Golf de Gironde\",\"description\":\"Le Comit\u00e9 de Gironde de Golf vous souhaite la bienvenue sur son site !\",\"publisher\":{\"@id\":\"https:\\\/\\\/cdgolf33.com\\\/#organization\"},\"potentialAction\":[{\"@type\":\"SearchAction\",\"target\":{\"@type\":\"EntryPoint\",\"urlTemplate\":\"https:\\\/\\\/cdgolf33.com\\\/?s={search_term_string}\"},\"query-input\":{\"@type\":\"PropertyValueSpecification\",\"valueRequired\":true,\"valueName\":\"search_term_string\"}}],\"inLanguage\":\"fr-FR\"},{\"@type\":\"Organization\",\"@id\":\"https:\\\/\\\/cdgolf33.com\\\/#organization\",\"name\":\"Comit\u00e9 de Golf de Gironde\",\"url\":\"https:\\\/\\\/cdgolf33.com\\\/\",\"logo\":{\"@type\":\"ImageObject\",\"inLanguage\":\"fr-FR\",\"@id\":\"https:\\\/\\\/cdgolf33.com\\\/#\\\/schema\\\/logo\\\/image\\\/\",\"url\":\"https:\\\/\\\/cdgolf33.com\\\/wp-content\\\/uploads\\\/2019\\\/05\\\/LOGOCD33.jpg\",\"contentUrl\":\"https:\\\/\\\/cdgolf33.com\\\/wp-content\\\/uploads\\\/2019\\\/05\\\/LOGOCD33.jpg\",\"width\":220,\"height\":233,\"caption\":\"Comit\u00e9 de Golf de Gironde\"},\"image\":{\"@id\":\"https:\\\/\\\/cdgolf33.com\\\/#\\\/schema\\\/logo\\\/image\\\/\"},\"sameAs\":[\"https:\\\/\\\/x.com\\\/comitegolf33\"]}]}<\/script>\n<!-- \/ Yoast SEO plugin. -->","yoast_head_json":{"title":"Pitch & putt finale inter d\u00e9partementale 2014 - Comit\u00e9 D\u00e9partemental de Golf de Gironde","robots":{"index":"index","follow":"follow","max-snippet":"max-snippet:-1","max-image-preview":"max-image-preview:large","max-video-preview":"max-video-preview:-1"},"canonical":"https:\/\/cdgolf33.com\/index.php\/pitch-putt-finale-inter-departementale-2014\/","og_locale":"fr_FR","og_type":"article","og_title":"Pitch & putt finale inter d\u00e9partementale 2014 - Comit\u00e9 D\u00e9partemental de Golf de Gironde","og_description":"Jean-Marc PONS remporte la finale inter d\u00e9partementale de pitch &amp; putt. Ce dimanche 22 juin se d\u00e9roulait sur le difficile parcours de Bordeaux Lac, la finale interd\u00e9partementale de pitch &amp; putt. 27 joueurs s&rsquo;\u00e9taient qualifi\u00e9s dans les championnats d\u00e9partementaux des Pyr\u00e9n\u00e9es Atlantiques, des Landes et de la Gironde et s&rsquo;affrontaient [&hellip;]","og_url":"https:\/\/cdgolf33.com\/index.php\/pitch-putt-finale-inter-departementale-2014\/","og_site_name":"Comit\u00e9 D\u00e9partemental de Golf de Gironde","og_image":[{"url":"http:\/\/www.cdgolf33.com\/wp-content\/uploads\/2014\/06\/2014_PP_finale_Aquitaine_puttJMP-300x166.jpg","type":"","width":"","height":""}],"twitter_card":"summary_large_image","twitter_site":"@comitegolf33","twitter_misc":{"Dur\u00e9e de lecture estim\u00e9e":"2 minutes"},"schema":{"@context":"https:\/\/schema.org","@graph":[{"@type":"WebPage","@id":"https:\/\/cdgolf33.com\/index.php\/pitch-putt-finale-inter-departementale-2014\/","url":"https:\/\/cdgolf33.com\/index.php\/pitch-putt-finale-inter-departementale-2014\/","name":"Pitch & putt finale inter d\u00e9partementale 2014 - Comit\u00e9 D\u00e9partemental de Golf de Gironde","isPartOf":{"@id":"https:\/\/cdgolf33.com\/#website"},"primaryImageOfPage":{"@id":"https:\/\/cdgolf33.com\/index.php\/pitch-putt-finale-inter-departementale-2014\/#primaryimage"},"image":{"@id":"https:\/\/cdgolf33.com\/index.php\/pitch-putt-finale-inter-departementale-2014\/#primaryimage"},"thumbnailUrl":"http:\/\/www.cdgolf33.com\/wp-content\/uploads\/2014\/06\/2014_PP_finale_Aquitaine_puttJMP-300x166.jpg","datePublished":"2014-06-22T18:57:12+00:00","breadcrumb":{"@id":"https:\/\/cdgolf33.com\/index.php\/pitch-putt-finale-inter-departementale-2014\/#breadcrumb"},"inLanguage":"fr-FR","potentialAction":[{"@type":"ReadAction","target":["https:\/\/cdgolf33.com\/index.php\/pitch-putt-finale-inter-departementale-2014\/"]}]},{"@type":"ImageObject","inLanguage":"fr-FR","@id":"https:\/\/cdgolf33.com\/index.php\/pitch-putt-finale-inter-departementale-2014\/#primaryimage","url":"http:\/\/www.cdgolf33.com\/wp-content\/uploads\/2014\/06\/2014_PP_finale_Aquitaine_puttJMP-300x166.jpg","contentUrl":"http:\/\/www.cdgolf33.com\/wp-content\/uploads\/2014\/06\/2014_PP_finale_Aquitaine_puttJMP-300x166.jpg"},{"@type":"BreadcrumbList","@id":"https:\/\/cdgolf33.com\/index.php\/pitch-putt-finale-inter-departementale-2014\/#breadcrumb","itemListElement":[{"@type":"ListItem","position":1,"name":"Accueil","item":"https:\/\/cdgolf33.com\/"},{"@type":"ListItem","position":2,"name":"Pitch &#038; putt finale inter d\u00e9partementale 2014"}]},{"@type":"WebSite","@id":"https:\/\/cdgolf33.com\/#website","url":"https:\/\/cdgolf33.com\/","name":"Comit\u00e9 D\u00e9partemental de Golf de Gironde","description":"Le Comit\u00e9 de Gironde de Golf vous souhaite la bienvenue sur son site !","publisher":{"@id":"https:\/\/cdgolf33.com\/#organization"},"potentialAction":[{"@type":"SearchAction","target":{"@type":"EntryPoint","urlTemplate":"https:\/\/cdgolf33.com\/?s={search_term_string}"},"query-input":{"@type":"PropertyValueSpecification","valueRequired":true,"valueName":"search_term_string"}}],"inLanguage":"fr-FR"},{"@type":"Organization","@id":"https:\/\/cdgolf33.com\/#organization","name":"Comit\u00e9 de Golf de Gironde","url":"https:\/\/cdgolf33.com\/","logo":{"@type":"ImageObject","inLanguage":"fr-FR","@id":"https:\/\/cdgolf33.com\/#\/schema\/logo\/image\/","url":"https:\/\/cdgolf33.com\/wp-content\/uploads\/2019\/05\/LOGOCD33.jpg","contentUrl":"https:\/\/cdgolf33.com\/wp-content\/uploads\/2019\/05\/LOGOCD33.jpg","width":220,"height":233,"caption":"Comit\u00e9 de Golf de Gironde"},"image":{"@id":"https:\/\/cdgolf33.com\/#\/schema\/logo\/image\/"},"sameAs":["https:\/\/x.com\/comitegolf33"]}]}},"_links":{"self":[{"href":"https:\/\/cdgolf33.com\/index.php\/wp-json\/wp\/v2\/pages\/2110","targetHints":{"allow":["GET"]}}],"collection":[{"href":"https:\/\/cdgolf33.com\/index.php\/wp-json\/wp\/v2\/pages"}],"about":[{"href":"https:\/\/cdgolf33.com\/index.php\/wp-json\/wp\/v2\/types\/page"}],"author":[{"embeddable":true,"href":"https:\/\/cdgolf33.com\/index.php\/wp-json\/wp\/v2\/users\/1"}],"replies":[{"embeddable":true,"href":"https:\/\/cdgolf33.com\/index.php\/wp-json\/wp\/v2\/comments?post=2110"}],"version-history":[{"count":0,"href":"https:\/\/cdgolf33.com\/index.php\/wp-json\/wp\/v2\/pages\/2110\/revisions"}],"wp:attachment":[{"href":"https:\/\/cdgolf33.com\/index.php\/wp-json\/wp\/v2\/media?parent=2110"}],"curies":[{"name":"wp","href":"https:\/\/api.w.org\/{rel}","templated":true}]}}