{"id":2115,"date":"2014-12-07T20:06:36","date_gmt":"2014-12-07T19:06:36","guid":{"rendered":"http:\/\/www.cdgolf33.com\/?page_id=2115"},"modified":"2014-12-07T20:06:36","modified_gmt":"2014-12-07T19:06:36","slug":"championnat-de-gironde-des-jeunes-2014","status":"publish","type":"page","link":"https:\/\/cdgolf33.com\/index.php\/championnat-de-gironde-des-jeunes-2014\/","title":{"rendered":"Championnat de Gironde des Jeunes 2014"},"content":{"rendered":"<p style=\"text-align: justify;\">Le troisi\u00e8me tour du championnat de Gironde des jeunes a rencontr\u00e9 beaucoup de probl\u00e8mes pour pouvoir se d\u00e9rouler.<\/p>\n<p style=\"text-align: center;\"><a href=\"http:\/\/www.cdgolf33.com\/wp-content\/uploads\/2014\/12\/2014_champGironde.jpg\"><img fetchpriority=\"high\" decoding=\"async\" class=\"alignnone size-medium wp-image-1410\" src=\"http:\/\/www.cdgolf33.com\/wp-content\/uploads\/2014\/12\/2014_champGironde-300x225.jpg\" alt=\"2014_champGironde\" width=\"300\" height=\"225\" srcset=\"https:\/\/cdgolf33.com\/wp-content\/uploads\/2014\/12\/2014_champGironde-300x225.jpg 300w, https:\/\/cdgolf33.com\/wp-content\/uploads\/2014\/12\/2014_champGironde-768x576.jpg 768w, https:\/\/cdgolf33.com\/wp-content\/uploads\/2014\/12\/2014_champGironde-1024x768.jpg 1024w, https:\/\/cdgolf33.com\/wp-content\/uploads\/2014\/12\/2014_champGironde.jpg 2048w\" sizes=\"(max-width: 300px) 100vw, 300px\" \/><\/a><\/p>\n<p style=\"text-align: justify;\">Initialement pr\u00e9vu le dimanche 16 novembre \u00e0 Bordeaux Lac, il a d\u00fb \u00eatre annul\u00e9 le matin m\u00eame, en raison des fortes pluies intervenues dans la nuit rendant le terrain impraticable et des risques d\u2019orage annonc\u00e9s dans la matin\u00e9e. Gr\u00e2ce \u00e0 la bonne volont\u00e9 de l\u2019accueil du golf, de nombreux coups de t\u00e9l\u00e9phone furent donn\u00e9s pour \u00e9viter aux joueurs un d\u00e9placement inutile. Malheureusement certains se d\u00e9plac\u00e8rent, parfois de loin, mais il fallut se rendre \u00e0 l\u2019\u00e9vidence, on ne pourrait pas jouer. Compte tenu de la disponibilit\u00e9 des parcours, la date du 7 d\u00e9cembre fut la seule date de report possible.<\/p>\n<p style=\"text-align: justify;\">Tout s\u2019annon\u00e7ait bien pour ce dimanche 7 d\u00e9cembre. La m\u00e9t\u00e9o pr\u00e9voyait du beau temps froid. Elle ne s\u2019\u00e9tait pas tromp\u00e9e mais la temp\u00e9rature fut plus basse que pr\u00e9vue. A 8 heures, le thermom\u00e8tre affichait -2. Ce score n\u2019est pas mauvais golf \u2026 sauf pour le parcours qui \u00e9tait gel\u00e9. Apr\u00e8s concertation avec le directeur du golf S\u00e9bastien BARANICKA, qu\u2019il convient de remercier pour sa parfaite collaboration, il f\u00fbt d\u00e9cid\u00e9 de maintenir la comp\u00e9tition en repoussant les d\u00e9parts de 2 heures pour permettre aux parcours de d\u00e9geler. Avec ce d\u00e9calage, compte tenu de la r\u00e9duction du temps de jeu disponible, il n\u2019\u00e9tait plus possible que tout le monde joue 18 trous. Il f\u00fbt alors d\u00e9cid\u00e9 que seuls les minimes filles et gar\u00e7ons joueraient 18 trous et que les cat\u00e9gories plus jeunes devraient se contenter de 9 trous. Pour permettre aux membres du golf de pouvoir \u00e9galement jouer, on r\u00e9partit les minimes et benjamins sur La Jalle et les moins de 13 ans sur Les Etangs. Il ne restait plus qu\u2019\u00e0 tenir compte de tous ces changements dans le logiciel informatique de la FFGolf pour la gestion de la comp\u00e9tition. Ce qui ne f\u00fbt pas une mince affaire \u2026<\/p>\n<p style=\"text-align: justify;\">Finalement, tout se passa bien. Le troisi\u00e8me tour put se d\u00e9rouler, certes un peu tronqu\u00e9 pour certains, et il ne restait plus qu\u2019\u00e0 effectuer les derniers calculs pour \u00e9tablir le classement final et d\u00e9cerner les titres de champions de Gironde 2014.<\/p>\n<p style=\"text-align: justify;\">Lors de la remise des prix, Jos\u00e9 MUNOZ, le Pr\u00e9sident du Comit\u00e9 d\u00e9partemental remercia tous ceux qui avaient contribu\u00e9 malgr\u00e9 tout, au bon d\u00e9roulement du championnat : joueurs, accompagnateurs, \u00e9coles de golf, pros, golfs ayant accueilli les comp\u00e9titions, organisateurs b\u00e9n\u00e9voles. On put alors annoncer le nom des diff\u00e9rents champions de Gironde 2014.<\/p>\n<p>&#8211; Moins de 13 ans : <strong>L\u00e9a LADURELLE<\/strong> (Bordeaux Lac) et <strong>Cl\u00e9ment LOURAU<\/strong> (Golf Bordelais).<br \/>\n&#8211; Benjamins : <strong>Margaux BONAFE<\/strong> et <strong>Matthieu TAICLET<\/strong> (Bordeaux Lac)<br \/>\n&#8211; Minimes : <strong>Gala DUMEZ<\/strong> (Bordeaux Lac) et <strong>Louis RICARD<\/strong> (M\u00e9doc)<\/p>\n<p>\u2192 <strong><a href=\"http:\/\/www.cdgolf33.com\/wp-content\/uploads\/2014\/12\/2014_ChamptGironde_classt2.pdf\" target=\"_blank\" rel=\"noopener noreferrer\">voir le classement final du Championnat de Gironde 2014<\/a><br \/>\n<\/strong>\u2192 T1 : <a href=\"http:\/\/www.cdgolf33.com\/wp-content\/uploads\/2014\/10\/2014_ChptGironde_R\u00e9sultatsT1.pdf\" target=\"_blank\" rel=\"noopener noreferrer\">voir tous les r\u00e9sultats<\/a><br \/>\n\u2192 T2 : <a href=\"http:\/\/www.cdgolf33.com\/wp-content\/uploads\/2014\/11\/2014_champGironde_T2_r\u00e9sultats.pdf\" target=\"_blank\" rel=\"noopener noreferrer\">voir tous les r\u00e9sultats<\/a><strong><br \/>\n<\/strong>\u2192 T3 :\u00a0<a href=\"http:\/\/www.cdgolf33.com\/wp-content\/uploads\/2014\/12\/2014_champGironde_T3_result_benj-M13.pdf\" target=\"_blank\" rel=\"noopener noreferrer\">voir Benjamins &amp; Moins de 13 ans<\/a> &#8211; <a href=\"http:\/\/www.cdgolf33.com\/wp-content\/uploads\/2014\/12\/2014_champGironde_T3_result_minimes.pdf\" target=\"_blank\" rel=\"noopener noreferrer\">voir Minimes<\/a><\/p>\n<p>&nbsp;<\/p>\n<p style=\"text-align: right;\">\u2192 <strong><a href=\"http:\/\/www.cdgolf33.com\/jeunes\/championnat-de-gironde\/\">retour<\/a><\/strong><\/p>\n","protected":false},"excerpt":{"rendered":"<p>Le troisi\u00e8me tour du championnat de Gironde des jeunes a rencontr\u00e9 beaucoup de probl\u00e8mes pour pouvoir se d\u00e9rouler. Initialement pr\u00e9vu le dimanche 16 novembre \u00e0 Bordeaux Lac, il a d\u00fb \u00eatre annul\u00e9 le matin m\u00eame, en raison des fortes pluies intervenues dans la nuit rendant le terrain impraticable et des [&hellip;]<\/p>\n","protected":false},"author":1,"featured_media":0,"parent":0,"menu_order":0,"comment_status":"closed","ping_status":"closed","template":"","meta":{"footnotes":""},"class_list":["post-2115","page","type-page","status-publish","hentry"],"yoast_head":"<!-- This site is optimized with the Yoast SEO plugin v27.4 - https:\/\/yoast.com\/product\/yoast-seo-wordpress\/ -->\n<title>Championnat de Gironde des Jeunes 2014 - Comit\u00e9 D\u00e9partemental de Golf de Gironde<\/title>\n<meta name=\"robots\" content=\"index, follow, max-snippet:-1, max-image-preview:large, max-video-preview:-1\" \/>\n<link rel=\"canonical\" href=\"https:\/\/cdgolf33.com\/index.php\/championnat-de-gironde-des-jeunes-2014\/\" \/>\n<meta property=\"og:locale\" content=\"fr_FR\" \/>\n<meta property=\"og:type\" content=\"article\" \/>\n<meta property=\"og:title\" content=\"Championnat de Gironde des Jeunes 2014 - Comit\u00e9 D\u00e9partemental de Golf de Gironde\" \/>\n<meta property=\"og:description\" content=\"Le troisi\u00e8me tour du championnat de Gironde des jeunes a rencontr\u00e9 beaucoup de probl\u00e8mes pour pouvoir se d\u00e9rouler. Initialement pr\u00e9vu le dimanche 16 novembre \u00e0 Bordeaux Lac, il a d\u00fb \u00eatre annul\u00e9 le matin m\u00eame, en raison des fortes pluies intervenues dans la nuit rendant le terrain impraticable et des [&hellip;]\" \/>\n<meta property=\"og:url\" content=\"https:\/\/cdgolf33.com\/index.php\/championnat-de-gironde-des-jeunes-2014\/\" \/>\n<meta property=\"og:site_name\" content=\"Comit\u00e9 D\u00e9partemental de Golf de Gironde\" \/>\n<meta property=\"og:image\" content=\"http:\/\/www.cdgolf33.com\/wp-content\/uploads\/2014\/12\/2014_champGironde-300x225.jpg\" \/>\n<meta name=\"twitter:card\" content=\"summary_large_image\" \/>\n<meta name=\"twitter:site\" content=\"@comitegolf33\" \/>\n<meta name=\"twitter:label1\" content=\"Dur\u00e9e de lecture estim\u00e9e\" \/>\n\t<meta name=\"twitter:data1\" content=\"3 minutes\" \/>\n<script type=\"application\/ld+json\" class=\"yoast-schema-graph\">{\"@context\":\"https:\\\/\\\/schema.org\",\"@graph\":[{\"@type\":\"WebPage\",\"@id\":\"https:\\\/\\\/cdgolf33.com\\\/index.php\\\/championnat-de-gironde-des-jeunes-2014\\\/\",\"url\":\"https:\\\/\\\/cdgolf33.com\\\/index.php\\\/championnat-de-gironde-des-jeunes-2014\\\/\",\"name\":\"Championnat de Gironde des Jeunes 2014 - Comit\u00e9 D\u00e9partemental de Golf de Gironde\",\"isPartOf\":{\"@id\":\"https:\\\/\\\/cdgolf33.com\\\/#website\"},\"primaryImageOfPage\":{\"@id\":\"https:\\\/\\\/cdgolf33.com\\\/index.php\\\/championnat-de-gironde-des-jeunes-2014\\\/#primaryimage\"},\"image\":{\"@id\":\"https:\\\/\\\/cdgolf33.com\\\/index.php\\\/championnat-de-gironde-des-jeunes-2014\\\/#primaryimage\"},\"thumbnailUrl\":\"http:\\\/\\\/www.cdgolf33.com\\\/wp-content\\\/uploads\\\/2014\\\/12\\\/2014_champGironde-300x225.jpg\",\"datePublished\":\"2014-12-07T19:06:36+00:00\",\"breadcrumb\":{\"@id\":\"https:\\\/\\\/cdgolf33.com\\\/index.php\\\/championnat-de-gironde-des-jeunes-2014\\\/#breadcrumb\"},\"inLanguage\":\"fr-FR\",\"potentialAction\":[{\"@type\":\"ReadAction\",\"target\":[\"https:\\\/\\\/cdgolf33.com\\\/index.php\\\/championnat-de-gironde-des-jeunes-2014\\\/\"]}]},{\"@type\":\"ImageObject\",\"inLanguage\":\"fr-FR\",\"@id\":\"https:\\\/\\\/cdgolf33.com\\\/index.php\\\/championnat-de-gironde-des-jeunes-2014\\\/#primaryimage\",\"url\":\"http:\\\/\\\/www.cdgolf33.com\\\/wp-content\\\/uploads\\\/2014\\\/12\\\/2014_champGironde-300x225.jpg\",\"contentUrl\":\"http:\\\/\\\/www.cdgolf33.com\\\/wp-content\\\/uploads\\\/2014\\\/12\\\/2014_champGironde-300x225.jpg\"},{\"@type\":\"BreadcrumbList\",\"@id\":\"https:\\\/\\\/cdgolf33.com\\\/index.php\\\/championnat-de-gironde-des-jeunes-2014\\\/#breadcrumb\",\"itemListElement\":[{\"@type\":\"ListItem\",\"position\":1,\"name\":\"Accueil\",\"item\":\"https:\\\/\\\/cdgolf33.com\\\/\"},{\"@type\":\"ListItem\",\"position\":2,\"name\":\"Championnat de Gironde des Jeunes 2014\"}]},{\"@type\":\"WebSite\",\"@id\":\"https:\\\/\\\/cdgolf33.com\\\/#website\",\"url\":\"https:\\\/\\\/cdgolf33.com\\\/\",\"name\":\"Comit\u00e9 D\u00e9partemental de Golf de Gironde\",\"description\":\"Le Comit\u00e9 de Gironde de Golf vous souhaite la bienvenue sur son site !\",\"publisher\":{\"@id\":\"https:\\\/\\\/cdgolf33.com\\\/#organization\"},\"potentialAction\":[{\"@type\":\"SearchAction\",\"target\":{\"@type\":\"EntryPoint\",\"urlTemplate\":\"https:\\\/\\\/cdgolf33.com\\\/?s={search_term_string}\"},\"query-input\":{\"@type\":\"PropertyValueSpecification\",\"valueRequired\":true,\"valueName\":\"search_term_string\"}}],\"inLanguage\":\"fr-FR\"},{\"@type\":\"Organization\",\"@id\":\"https:\\\/\\\/cdgolf33.com\\\/#organization\",\"name\":\"Comit\u00e9 de Golf de Gironde\",\"url\":\"https:\\\/\\\/cdgolf33.com\\\/\",\"logo\":{\"@type\":\"ImageObject\",\"inLanguage\":\"fr-FR\",\"@id\":\"https:\\\/\\\/cdgolf33.com\\\/#\\\/schema\\\/logo\\\/image\\\/\",\"url\":\"https:\\\/\\\/cdgolf33.com\\\/wp-content\\\/uploads\\\/2019\\\/05\\\/LOGOCD33.jpg\",\"contentUrl\":\"https:\\\/\\\/cdgolf33.com\\\/wp-content\\\/uploads\\\/2019\\\/05\\\/LOGOCD33.jpg\",\"width\":220,\"height\":233,\"caption\":\"Comit\u00e9 de Golf de Gironde\"},\"image\":{\"@id\":\"https:\\\/\\\/cdgolf33.com\\\/#\\\/schema\\\/logo\\\/image\\\/\"},\"sameAs\":[\"https:\\\/\\\/x.com\\\/comitegolf33\"]}]}<\/script>\n<!-- \/ Yoast SEO plugin. -->","yoast_head_json":{"title":"Championnat de Gironde des Jeunes 2014 - Comit\u00e9 D\u00e9partemental de Golf de Gironde","robots":{"index":"index","follow":"follow","max-snippet":"max-snippet:-1","max-image-preview":"max-image-preview:large","max-video-preview":"max-video-preview:-1"},"canonical":"https:\/\/cdgolf33.com\/index.php\/championnat-de-gironde-des-jeunes-2014\/","og_locale":"fr_FR","og_type":"article","og_title":"Championnat de Gironde des Jeunes 2014 - Comit\u00e9 D\u00e9partemental de Golf de Gironde","og_description":"Le troisi\u00e8me tour du championnat de Gironde des jeunes a rencontr\u00e9 beaucoup de probl\u00e8mes pour pouvoir se d\u00e9rouler. Initialement pr\u00e9vu le dimanche 16 novembre \u00e0 Bordeaux Lac, il a d\u00fb \u00eatre annul\u00e9 le matin m\u00eame, en raison des fortes pluies intervenues dans la nuit rendant le terrain impraticable et des [&hellip;]","og_url":"https:\/\/cdgolf33.com\/index.php\/championnat-de-gironde-des-jeunes-2014\/","og_site_name":"Comit\u00e9 D\u00e9partemental de Golf de Gironde","og_image":[{"url":"http:\/\/www.cdgolf33.com\/wp-content\/uploads\/2014\/12\/2014_champGironde-300x225.jpg","type":"","width":"","height":""}],"twitter_card":"summary_large_image","twitter_site":"@comitegolf33","twitter_misc":{"Dur\u00e9e de lecture estim\u00e9e":"3 minutes"},"schema":{"@context":"https:\/\/schema.org","@graph":[{"@type":"WebPage","@id":"https:\/\/cdgolf33.com\/index.php\/championnat-de-gironde-des-jeunes-2014\/","url":"https:\/\/cdgolf33.com\/index.php\/championnat-de-gironde-des-jeunes-2014\/","name":"Championnat de Gironde des Jeunes 2014 - Comit\u00e9 D\u00e9partemental de Golf de Gironde","isPartOf":{"@id":"https:\/\/cdgolf33.com\/#website"},"primaryImageOfPage":{"@id":"https:\/\/cdgolf33.com\/index.php\/championnat-de-gironde-des-jeunes-2014\/#primaryimage"},"image":{"@id":"https:\/\/cdgolf33.com\/index.php\/championnat-de-gironde-des-jeunes-2014\/#primaryimage"},"thumbnailUrl":"http:\/\/www.cdgolf33.com\/wp-content\/uploads\/2014\/12\/2014_champGironde-300x225.jpg","datePublished":"2014-12-07T19:06:36+00:00","breadcrumb":{"@id":"https:\/\/cdgolf33.com\/index.php\/championnat-de-gironde-des-jeunes-2014\/#breadcrumb"},"inLanguage":"fr-FR","potentialAction":[{"@type":"ReadAction","target":["https:\/\/cdgolf33.com\/index.php\/championnat-de-gironde-des-jeunes-2014\/"]}]},{"@type":"ImageObject","inLanguage":"fr-FR","@id":"https:\/\/cdgolf33.com\/index.php\/championnat-de-gironde-des-jeunes-2014\/#primaryimage","url":"http:\/\/www.cdgolf33.com\/wp-content\/uploads\/2014\/12\/2014_champGironde-300x225.jpg","contentUrl":"http:\/\/www.cdgolf33.com\/wp-content\/uploads\/2014\/12\/2014_champGironde-300x225.jpg"},{"@type":"BreadcrumbList","@id":"https:\/\/cdgolf33.com\/index.php\/championnat-de-gironde-des-jeunes-2014\/#breadcrumb","itemListElement":[{"@type":"ListItem","position":1,"name":"Accueil","item":"https:\/\/cdgolf33.com\/"},{"@type":"ListItem","position":2,"name":"Championnat de Gironde des Jeunes 2014"}]},{"@type":"WebSite","@id":"https:\/\/cdgolf33.com\/#website","url":"https:\/\/cdgolf33.com\/","name":"Comit\u00e9 D\u00e9partemental de Golf de Gironde","description":"Le Comit\u00e9 de Gironde de Golf vous souhaite la bienvenue sur son site !","publisher":{"@id":"https:\/\/cdgolf33.com\/#organization"},"potentialAction":[{"@type":"SearchAction","target":{"@type":"EntryPoint","urlTemplate":"https:\/\/cdgolf33.com\/?s={search_term_string}"},"query-input":{"@type":"PropertyValueSpecification","valueRequired":true,"valueName":"search_term_string"}}],"inLanguage":"fr-FR"},{"@type":"Organization","@id":"https:\/\/cdgolf33.com\/#organization","name":"Comit\u00e9 de Golf de Gironde","url":"https:\/\/cdgolf33.com\/","logo":{"@type":"ImageObject","inLanguage":"fr-FR","@id":"https:\/\/cdgolf33.com\/#\/schema\/logo\/image\/","url":"https:\/\/cdgolf33.com\/wp-content\/uploads\/2019\/05\/LOGOCD33.jpg","contentUrl":"https:\/\/cdgolf33.com\/wp-content\/uploads\/2019\/05\/LOGOCD33.jpg","width":220,"height":233,"caption":"Comit\u00e9 de Golf de Gironde"},"image":{"@id":"https:\/\/cdgolf33.com\/#\/schema\/logo\/image\/"},"sameAs":["https:\/\/x.com\/comitegolf33"]}]}},"_links":{"self":[{"href":"https:\/\/cdgolf33.com\/index.php\/wp-json\/wp\/v2\/pages\/2115","targetHints":{"allow":["GET"]}}],"collection":[{"href":"https:\/\/cdgolf33.com\/index.php\/wp-json\/wp\/v2\/pages"}],"about":[{"href":"https:\/\/cdgolf33.com\/index.php\/wp-json\/wp\/v2\/types\/page"}],"author":[{"embeddable":true,"href":"https:\/\/cdgolf33.com\/index.php\/wp-json\/wp\/v2\/users\/1"}],"replies":[{"embeddable":true,"href":"https:\/\/cdgolf33.com\/index.php\/wp-json\/wp\/v2\/comments?post=2115"}],"version-history":[{"count":0,"href":"https:\/\/cdgolf33.com\/index.php\/wp-json\/wp\/v2\/pages\/2115\/revisions"}],"wp:attachment":[{"href":"https:\/\/cdgolf33.com\/index.php\/wp-json\/wp\/v2\/media?parent=2115"}],"curies":[{"name":"wp","href":"https:\/\/api.w.org\/{rel}","templated":true}]}}