{"id":2197,"date":"2016-03-21T00:14:20","date_gmt":"2016-03-20T23:14:20","guid":{"rendered":"http:\/\/www.cdgolf33.com\/?page_id=2197"},"modified":"2016-03-21T00:14:20","modified_gmt":"2016-03-20T23:14:20","slug":"championnat-de-pitch-putt-2016-t2","status":"publish","type":"page","link":"https:\/\/cdgolf33.com\/index.php\/championnat-de-pitch-putt-2016-t2\/","title":{"rendered":"Championnat de pitch &#038; putt 2016 &#8211; T2"},"content":{"rendered":"<p style=\"text-align: justify;\">La deuxi\u00e8me \u00e9tape du championnat de Gironde de pitch &amp; putt 2016 s&rsquo;est d\u00e9roul\u00e9e sur le parcours des Aiguilles Vertes \u00e0 Lanton dirig\u00e9 par son sympathique directeur Micha\u00ebl MINASSIAN. Apr\u00e8s les petites pluies de la nuit (4 millim\u00e8tres), les quelques gouttes anecdotiques du matin n&rsquo;ont pas r\u00e9ussi \u00e0 contrarier les joueurs de la vague de 9h00. Ceux de la vague de 11h30 ont m\u00eame r\u00e9ussi \u00e0 apercevoir un p\u00e2le soleil permettant au mercure de monter \u00e0 15\u00b0.<\/p>\n<p style=\"text-align: justify;\">On aurait pu attendre davantage de joueurs mais c&rsquo;\u00e9tait sans compter sur la concurrence du championnat inter d\u00e9partemental des jeunes et des diff\u00e9rents championnats d&rsquo;Aquitaine par \u00e9quipes auxquels participaient notamment l&rsquo;\u00e9quipe des Aiguilles Vertes qui participe habituellement en grand nombre au championnat de pitch &amp; putt.<\/p>\n<p style=\"text-align: justify;\">En l&rsquo;absence des stars locales donc, c&rsquo;est le jeune Jean BRETEAU LE GAL de Pessac qui l&rsquo;a emport\u00e9 en rendant une tr\u00e8s belle carte de 56 (+2) devan\u00e7ant d&rsquo;un petit point Bernard CHEMINADE de Lacanau 87 (+3), le champion de Gironde en titre. Un classement tr\u00e8s serr\u00e9 puisqu&rsquo;on trouve pas moins de 17 joueurs qui se tiennent en 7 points.<\/p>\n<p>\u2192\u00a0 <a href=\"http:\/\/www.cdgolf33.com\/wp-content\/uploads\/2016\/03\/2016_PP_T2_r\u00e9sultats.pdf\" target=\"_blank\" rel=\"noopener noreferrer\">classement du T2<\/a><\/p>\n<p>&nbsp;<\/p>\n<p style=\"text-align: right;\">\u2192 <strong><a href=\"http:\/\/www.cdgolf33.com\/pitch-putt\/\">retour<\/a><\/strong><\/p>\n","protected":false},"excerpt":{"rendered":"<p>La deuxi\u00e8me \u00e9tape du championnat de Gironde de pitch &amp; putt 2016 s&rsquo;est d\u00e9roul\u00e9e sur le parcours des Aiguilles Vertes \u00e0 Lanton dirig\u00e9 par son sympathique directeur Micha\u00ebl MINASSIAN. Apr\u00e8s les petites pluies de la nuit (4 millim\u00e8tres), les quelques gouttes anecdotiques du matin n&rsquo;ont pas r\u00e9ussi \u00e0 contrarier les [&hellip;]<\/p>\n","protected":false},"author":1,"featured_media":0,"parent":0,"menu_order":0,"comment_status":"closed","ping_status":"closed","template":"","meta":{"footnotes":""},"class_list":["post-2197","page","type-page","status-publish","hentry"],"yoast_head":"<!-- This site is optimized with the Yoast SEO plugin v27.5 - https:\/\/yoast.com\/product\/yoast-seo-wordpress\/ -->\n<title>Championnat de pitch &amp; putt 2016 - T2 - Comit\u00e9 D\u00e9partemental de Golf de Gironde<\/title>\n<meta name=\"robots\" content=\"index, follow, max-snippet:-1, max-image-preview:large, max-video-preview:-1\" \/>\n<link rel=\"canonical\" href=\"https:\/\/cdgolf33.com\/index.php\/championnat-de-pitch-putt-2016-t2\/\" \/>\n<meta property=\"og:locale\" content=\"fr_FR\" \/>\n<meta property=\"og:type\" content=\"article\" \/>\n<meta property=\"og:title\" content=\"Championnat de pitch &amp; putt 2016 - T2 - Comit\u00e9 D\u00e9partemental de Golf de Gironde\" \/>\n<meta property=\"og:description\" content=\"La deuxi\u00e8me \u00e9tape du championnat de Gironde de pitch &amp; putt 2016 s&rsquo;est d\u00e9roul\u00e9e sur le parcours des Aiguilles Vertes \u00e0 Lanton dirig\u00e9 par son sympathique directeur Micha\u00ebl MINASSIAN. Apr\u00e8s les petites pluies de la nuit (4 millim\u00e8tres), les quelques gouttes anecdotiques du matin n&rsquo;ont pas r\u00e9ussi \u00e0 contrarier les [&hellip;]\" \/>\n<meta property=\"og:url\" content=\"https:\/\/cdgolf33.com\/index.php\/championnat-de-pitch-putt-2016-t2\/\" \/>\n<meta property=\"og:site_name\" content=\"Comit\u00e9 D\u00e9partemental de Golf de Gironde\" \/>\n<meta name=\"twitter:card\" content=\"summary_large_image\" \/>\n<meta name=\"twitter:site\" content=\"@comitegolf33\" \/>\n<meta name=\"twitter:label1\" content=\"Dur\u00e9e de lecture estim\u00e9e\" \/>\n\t<meta name=\"twitter:data1\" content=\"1 minute\" \/>\n<script type=\"application\/ld+json\" class=\"yoast-schema-graph\">{\"@context\":\"https:\\\/\\\/schema.org\",\"@graph\":[{\"@type\":\"WebPage\",\"@id\":\"https:\\\/\\\/cdgolf33.com\\\/index.php\\\/championnat-de-pitch-putt-2016-t2\\\/\",\"url\":\"https:\\\/\\\/cdgolf33.com\\\/index.php\\\/championnat-de-pitch-putt-2016-t2\\\/\",\"name\":\"Championnat de pitch & putt 2016 - T2 - Comit\u00e9 D\u00e9partemental de Golf de Gironde\",\"isPartOf\":{\"@id\":\"https:\\\/\\\/cdgolf33.com\\\/#website\"},\"datePublished\":\"2016-03-20T23:14:20+00:00\",\"breadcrumb\":{\"@id\":\"https:\\\/\\\/cdgolf33.com\\\/index.php\\\/championnat-de-pitch-putt-2016-t2\\\/#breadcrumb\"},\"inLanguage\":\"fr-FR\",\"potentialAction\":[{\"@type\":\"ReadAction\",\"target\":[\"https:\\\/\\\/cdgolf33.com\\\/index.php\\\/championnat-de-pitch-putt-2016-t2\\\/\"]}]},{\"@type\":\"BreadcrumbList\",\"@id\":\"https:\\\/\\\/cdgolf33.com\\\/index.php\\\/championnat-de-pitch-putt-2016-t2\\\/#breadcrumb\",\"itemListElement\":[{\"@type\":\"ListItem\",\"position\":1,\"name\":\"Accueil\",\"item\":\"https:\\\/\\\/cdgolf33.com\\\/\"},{\"@type\":\"ListItem\",\"position\":2,\"name\":\"Championnat de pitch &#038; putt 2016 &#8211; T2\"}]},{\"@type\":\"WebSite\",\"@id\":\"https:\\\/\\\/cdgolf33.com\\\/#website\",\"url\":\"https:\\\/\\\/cdgolf33.com\\\/\",\"name\":\"Comit\u00e9 D\u00e9partemental de Golf de Gironde\",\"description\":\"Le Comit\u00e9 de Gironde de Golf vous souhaite la bienvenue sur son site !\",\"publisher\":{\"@id\":\"https:\\\/\\\/cdgolf33.com\\\/#organization\"},\"potentialAction\":[{\"@type\":\"SearchAction\",\"target\":{\"@type\":\"EntryPoint\",\"urlTemplate\":\"https:\\\/\\\/cdgolf33.com\\\/?s={search_term_string}\"},\"query-input\":{\"@type\":\"PropertyValueSpecification\",\"valueRequired\":true,\"valueName\":\"search_term_string\"}}],\"inLanguage\":\"fr-FR\"},{\"@type\":\"Organization\",\"@id\":\"https:\\\/\\\/cdgolf33.com\\\/#organization\",\"name\":\"Comit\u00e9 de Golf de Gironde\",\"url\":\"https:\\\/\\\/cdgolf33.com\\\/\",\"logo\":{\"@type\":\"ImageObject\",\"inLanguage\":\"fr-FR\",\"@id\":\"https:\\\/\\\/cdgolf33.com\\\/#\\\/schema\\\/logo\\\/image\\\/\",\"url\":\"https:\\\/\\\/cdgolf33.com\\\/wp-content\\\/uploads\\\/2019\\\/05\\\/LOGOCD33.jpg\",\"contentUrl\":\"https:\\\/\\\/cdgolf33.com\\\/wp-content\\\/uploads\\\/2019\\\/05\\\/LOGOCD33.jpg\",\"width\":220,\"height\":233,\"caption\":\"Comit\u00e9 de Golf de Gironde\"},\"image\":{\"@id\":\"https:\\\/\\\/cdgolf33.com\\\/#\\\/schema\\\/logo\\\/image\\\/\"},\"sameAs\":[\"https:\\\/\\\/x.com\\\/comitegolf33\"]}]}<\/script>\n<!-- \/ Yoast SEO plugin. -->","yoast_head_json":{"title":"Championnat de pitch & putt 2016 - T2 - Comit\u00e9 D\u00e9partemental de Golf de Gironde","robots":{"index":"index","follow":"follow","max-snippet":"max-snippet:-1","max-image-preview":"max-image-preview:large","max-video-preview":"max-video-preview:-1"},"canonical":"https:\/\/cdgolf33.com\/index.php\/championnat-de-pitch-putt-2016-t2\/","og_locale":"fr_FR","og_type":"article","og_title":"Championnat de pitch & putt 2016 - T2 - Comit\u00e9 D\u00e9partemental de Golf de Gironde","og_description":"La deuxi\u00e8me \u00e9tape du championnat de Gironde de pitch &amp; putt 2016 s&rsquo;est d\u00e9roul\u00e9e sur le parcours des Aiguilles Vertes \u00e0 Lanton dirig\u00e9 par son sympathique directeur Micha\u00ebl MINASSIAN. Apr\u00e8s les petites pluies de la nuit (4 millim\u00e8tres), les quelques gouttes anecdotiques du matin n&rsquo;ont pas r\u00e9ussi \u00e0 contrarier les [&hellip;]","og_url":"https:\/\/cdgolf33.com\/index.php\/championnat-de-pitch-putt-2016-t2\/","og_site_name":"Comit\u00e9 D\u00e9partemental de Golf de Gironde","twitter_card":"summary_large_image","twitter_site":"@comitegolf33","twitter_misc":{"Dur\u00e9e de lecture estim\u00e9e":"1 minute"},"schema":{"@context":"https:\/\/schema.org","@graph":[{"@type":"WebPage","@id":"https:\/\/cdgolf33.com\/index.php\/championnat-de-pitch-putt-2016-t2\/","url":"https:\/\/cdgolf33.com\/index.php\/championnat-de-pitch-putt-2016-t2\/","name":"Championnat de pitch & putt 2016 - T2 - Comit\u00e9 D\u00e9partemental de Golf de Gironde","isPartOf":{"@id":"https:\/\/cdgolf33.com\/#website"},"datePublished":"2016-03-20T23:14:20+00:00","breadcrumb":{"@id":"https:\/\/cdgolf33.com\/index.php\/championnat-de-pitch-putt-2016-t2\/#breadcrumb"},"inLanguage":"fr-FR","potentialAction":[{"@type":"ReadAction","target":["https:\/\/cdgolf33.com\/index.php\/championnat-de-pitch-putt-2016-t2\/"]}]},{"@type":"BreadcrumbList","@id":"https:\/\/cdgolf33.com\/index.php\/championnat-de-pitch-putt-2016-t2\/#breadcrumb","itemListElement":[{"@type":"ListItem","position":1,"name":"Accueil","item":"https:\/\/cdgolf33.com\/"},{"@type":"ListItem","position":2,"name":"Championnat de pitch &#038; putt 2016 &#8211; T2"}]},{"@type":"WebSite","@id":"https:\/\/cdgolf33.com\/#website","url":"https:\/\/cdgolf33.com\/","name":"Comit\u00e9 D\u00e9partemental de Golf de Gironde","description":"Le Comit\u00e9 de Gironde de Golf vous souhaite la bienvenue sur son site !","publisher":{"@id":"https:\/\/cdgolf33.com\/#organization"},"potentialAction":[{"@type":"SearchAction","target":{"@type":"EntryPoint","urlTemplate":"https:\/\/cdgolf33.com\/?s={search_term_string}"},"query-input":{"@type":"PropertyValueSpecification","valueRequired":true,"valueName":"search_term_string"}}],"inLanguage":"fr-FR"},{"@type":"Organization","@id":"https:\/\/cdgolf33.com\/#organization","name":"Comit\u00e9 de Golf de Gironde","url":"https:\/\/cdgolf33.com\/","logo":{"@type":"ImageObject","inLanguage":"fr-FR","@id":"https:\/\/cdgolf33.com\/#\/schema\/logo\/image\/","url":"https:\/\/cdgolf33.com\/wp-content\/uploads\/2019\/05\/LOGOCD33.jpg","contentUrl":"https:\/\/cdgolf33.com\/wp-content\/uploads\/2019\/05\/LOGOCD33.jpg","width":220,"height":233,"caption":"Comit\u00e9 de Golf de Gironde"},"image":{"@id":"https:\/\/cdgolf33.com\/#\/schema\/logo\/image\/"},"sameAs":["https:\/\/x.com\/comitegolf33"]}]}},"_links":{"self":[{"href":"https:\/\/cdgolf33.com\/index.php\/wp-json\/wp\/v2\/pages\/2197","targetHints":{"allow":["GET"]}}],"collection":[{"href":"https:\/\/cdgolf33.com\/index.php\/wp-json\/wp\/v2\/pages"}],"about":[{"href":"https:\/\/cdgolf33.com\/index.php\/wp-json\/wp\/v2\/types\/page"}],"author":[{"embeddable":true,"href":"https:\/\/cdgolf33.com\/index.php\/wp-json\/wp\/v2\/users\/1"}],"replies":[{"embeddable":true,"href":"https:\/\/cdgolf33.com\/index.php\/wp-json\/wp\/v2\/comments?post=2197"}],"version-history":[{"count":0,"href":"https:\/\/cdgolf33.com\/index.php\/wp-json\/wp\/v2\/pages\/2197\/revisions"}],"wp:attachment":[{"href":"https:\/\/cdgolf33.com\/index.php\/wp-json\/wp\/v2\/media?parent=2197"}],"curies":[{"name":"wp","href":"https:\/\/api.w.org\/{rel}","templated":true}]}}