{"id":2326,"date":"2016-04-26T23:08:24","date_gmt":"2016-04-26T22:08:24","guid":{"rendered":"http:\/\/www.cdgolf33.com\/?page_id=2326"},"modified":"2016-04-26T23:08:24","modified_gmt":"2016-04-26T22:08:24","slug":"championnat-de-pitch-putt-2016-t4","status":"publish","type":"page","link":"https:\/\/cdgolf33.com\/index.php\/championnat-de-pitch-putt-2016-t4\/","title":{"rendered":"Championnat de pitch &#038; putt 2016 &#8211; T4"},"content":{"rendered":"<p>\t\t\t\tPetite participation pour ce quatri\u00e8me tour du championnat de Gironde de pitch &amp; putt. Est-ce la concurrence d&rsquo;autres comp\u00e9titions ? Est-ce le choix du parcours ? &#8230;<\/p>\n<p style=\"text-align: justify;\">Denis CARLETTI des Aiguilles Vertes, ne s&rsquo;est pas pos\u00e9 toutes ces questions et l&rsquo;a emport\u00e9 une nouvelle fois en rendant une belle carte dans le par (54)\u00a0 avec un coup de mieux que son camarade de club Denis TAVERNIER 55 (+1). Alain LEMAINQUE de l&rsquo;ATSCAF compl\u00e8te le podium avec une carte de 57 (+3).<\/p>\n<p>\u2192\u00a0 <strong><a href=\"http:\/\/www.cdgolf33.com\/wp-content\/uploads\/2016\/04\/2016_PP_T4_r\u00e9sultats.pdf\" target=\"_blank\" rel=\"noopener noreferrer\">r\u00e9sultats du T4<\/a><\/strong><\/p>\n<p>Prochaine \u00e9tape : <strong>Dimanche 8 Mai \u00e0 Cameyrac<\/strong>.<br \/>\nInscriptions directement au golf jusqu&rsquo;au mercredi 4 Mai \u00e0 12h00.<br \/>\n&#8211; T\u00e9l. 05 56 72 96 79<\/p>\n<p style=\"text-align: right;\">\u2192 <strong><a href=\"http:\/\/www.cdgolf33.com\/pitch-putt\/\">retour<\/a><\/strong><\/p>\n","protected":false},"excerpt":{"rendered":"<p>Petite participation pour ce quatri\u00e8me tour du championnat de Gironde de pitch &amp; putt. Est-ce la concurrence d&rsquo;autres comp\u00e9titions ? Est-ce le choix du parcours ? &#8230; Denis CARLETTI des Aiguilles Vertes, ne s&rsquo;est pas pos\u00e9 toutes ces questions et l&rsquo;a emport\u00e9 une nouvelle fois en rendant une belle carte [&hellip;]<\/p>\n","protected":false},"author":1,"featured_media":0,"parent":0,"menu_order":0,"comment_status":"closed","ping_status":"closed","template":"","meta":{"footnotes":""},"class_list":["post-2326","page","type-page","status-publish","hentry"],"yoast_head":"<!-- This site is optimized with the Yoast SEO plugin v27.4 - https:\/\/yoast.com\/product\/yoast-seo-wordpress\/ -->\n<title>Championnat de pitch &amp; putt 2016 - T4 - Comit\u00e9 D\u00e9partemental de Golf de Gironde<\/title>\n<meta name=\"robots\" content=\"index, follow, max-snippet:-1, max-image-preview:large, max-video-preview:-1\" \/>\n<link rel=\"canonical\" href=\"https:\/\/cdgolf33.com\/index.php\/championnat-de-pitch-putt-2016-t4\/\" \/>\n<meta property=\"og:locale\" content=\"fr_FR\" \/>\n<meta property=\"og:type\" content=\"article\" \/>\n<meta property=\"og:title\" content=\"Championnat de pitch &amp; putt 2016 - T4 - Comit\u00e9 D\u00e9partemental de Golf de Gironde\" \/>\n<meta property=\"og:description\" content=\"Petite participation pour ce quatri\u00e8me tour du championnat de Gironde de pitch &amp; putt. Est-ce la concurrence d&rsquo;autres comp\u00e9titions ? Est-ce le choix du parcours ? &#8230; Denis CARLETTI des Aiguilles Vertes, ne s&rsquo;est pas pos\u00e9 toutes ces questions et l&rsquo;a emport\u00e9 une nouvelle fois en rendant une belle carte [&hellip;]\" \/>\n<meta property=\"og:url\" content=\"https:\/\/cdgolf33.com\/index.php\/championnat-de-pitch-putt-2016-t4\/\" \/>\n<meta property=\"og:site_name\" content=\"Comit\u00e9 D\u00e9partemental de Golf de Gironde\" \/>\n<meta name=\"twitter:card\" content=\"summary_large_image\" \/>\n<meta name=\"twitter:site\" content=\"@comitegolf33\" \/>\n<script type=\"application\/ld+json\" class=\"yoast-schema-graph\">{\"@context\":\"https:\\\/\\\/schema.org\",\"@graph\":[{\"@type\":\"WebPage\",\"@id\":\"https:\\\/\\\/cdgolf33.com\\\/index.php\\\/championnat-de-pitch-putt-2016-t4\\\/\",\"url\":\"https:\\\/\\\/cdgolf33.com\\\/index.php\\\/championnat-de-pitch-putt-2016-t4\\\/\",\"name\":\"Championnat de pitch & putt 2016 - T4 - Comit\u00e9 D\u00e9partemental de Golf de Gironde\",\"isPartOf\":{\"@id\":\"https:\\\/\\\/cdgolf33.com\\\/#website\"},\"datePublished\":\"2016-04-26T22:08:24+00:00\",\"breadcrumb\":{\"@id\":\"https:\\\/\\\/cdgolf33.com\\\/index.php\\\/championnat-de-pitch-putt-2016-t4\\\/#breadcrumb\"},\"inLanguage\":\"fr-FR\",\"potentialAction\":[{\"@type\":\"ReadAction\",\"target\":[\"https:\\\/\\\/cdgolf33.com\\\/index.php\\\/championnat-de-pitch-putt-2016-t4\\\/\"]}]},{\"@type\":\"BreadcrumbList\",\"@id\":\"https:\\\/\\\/cdgolf33.com\\\/index.php\\\/championnat-de-pitch-putt-2016-t4\\\/#breadcrumb\",\"itemListElement\":[{\"@type\":\"ListItem\",\"position\":1,\"name\":\"Accueil\",\"item\":\"https:\\\/\\\/cdgolf33.com\\\/\"},{\"@type\":\"ListItem\",\"position\":2,\"name\":\"Championnat de pitch &#038; putt 2016 &#8211; T4\"}]},{\"@type\":\"WebSite\",\"@id\":\"https:\\\/\\\/cdgolf33.com\\\/#website\",\"url\":\"https:\\\/\\\/cdgolf33.com\\\/\",\"name\":\"Comit\u00e9 D\u00e9partemental de Golf de Gironde\",\"description\":\"Le Comit\u00e9 de Gironde de Golf vous souhaite la bienvenue sur son site !\",\"publisher\":{\"@id\":\"https:\\\/\\\/cdgolf33.com\\\/#organization\"},\"potentialAction\":[{\"@type\":\"SearchAction\",\"target\":{\"@type\":\"EntryPoint\",\"urlTemplate\":\"https:\\\/\\\/cdgolf33.com\\\/?s={search_term_string}\"},\"query-input\":{\"@type\":\"PropertyValueSpecification\",\"valueRequired\":true,\"valueName\":\"search_term_string\"}}],\"inLanguage\":\"fr-FR\"},{\"@type\":\"Organization\",\"@id\":\"https:\\\/\\\/cdgolf33.com\\\/#organization\",\"name\":\"Comit\u00e9 de Golf de Gironde\",\"url\":\"https:\\\/\\\/cdgolf33.com\\\/\",\"logo\":{\"@type\":\"ImageObject\",\"inLanguage\":\"fr-FR\",\"@id\":\"https:\\\/\\\/cdgolf33.com\\\/#\\\/schema\\\/logo\\\/image\\\/\",\"url\":\"https:\\\/\\\/cdgolf33.com\\\/wp-content\\\/uploads\\\/2019\\\/05\\\/LOGOCD33.jpg\",\"contentUrl\":\"https:\\\/\\\/cdgolf33.com\\\/wp-content\\\/uploads\\\/2019\\\/05\\\/LOGOCD33.jpg\",\"width\":220,\"height\":233,\"caption\":\"Comit\u00e9 de Golf de Gironde\"},\"image\":{\"@id\":\"https:\\\/\\\/cdgolf33.com\\\/#\\\/schema\\\/logo\\\/image\\\/\"},\"sameAs\":[\"https:\\\/\\\/x.com\\\/comitegolf33\"]}]}<\/script>\n<!-- \/ Yoast SEO plugin. -->","yoast_head_json":{"title":"Championnat de pitch & putt 2016 - T4 - Comit\u00e9 D\u00e9partemental de Golf de Gironde","robots":{"index":"index","follow":"follow","max-snippet":"max-snippet:-1","max-image-preview":"max-image-preview:large","max-video-preview":"max-video-preview:-1"},"canonical":"https:\/\/cdgolf33.com\/index.php\/championnat-de-pitch-putt-2016-t4\/","og_locale":"fr_FR","og_type":"article","og_title":"Championnat de pitch & putt 2016 - T4 - Comit\u00e9 D\u00e9partemental de Golf de Gironde","og_description":"Petite participation pour ce quatri\u00e8me tour du championnat de Gironde de pitch &amp; putt. Est-ce la concurrence d&rsquo;autres comp\u00e9titions ? Est-ce le choix du parcours ? &#8230; Denis CARLETTI des Aiguilles Vertes, ne s&rsquo;est pas pos\u00e9 toutes ces questions et l&rsquo;a emport\u00e9 une nouvelle fois en rendant une belle carte [&hellip;]","og_url":"https:\/\/cdgolf33.com\/index.php\/championnat-de-pitch-putt-2016-t4\/","og_site_name":"Comit\u00e9 D\u00e9partemental de Golf de Gironde","twitter_card":"summary_large_image","twitter_site":"@comitegolf33","schema":{"@context":"https:\/\/schema.org","@graph":[{"@type":"WebPage","@id":"https:\/\/cdgolf33.com\/index.php\/championnat-de-pitch-putt-2016-t4\/","url":"https:\/\/cdgolf33.com\/index.php\/championnat-de-pitch-putt-2016-t4\/","name":"Championnat de pitch & putt 2016 - T4 - Comit\u00e9 D\u00e9partemental de Golf de Gironde","isPartOf":{"@id":"https:\/\/cdgolf33.com\/#website"},"datePublished":"2016-04-26T22:08:24+00:00","breadcrumb":{"@id":"https:\/\/cdgolf33.com\/index.php\/championnat-de-pitch-putt-2016-t4\/#breadcrumb"},"inLanguage":"fr-FR","potentialAction":[{"@type":"ReadAction","target":["https:\/\/cdgolf33.com\/index.php\/championnat-de-pitch-putt-2016-t4\/"]}]},{"@type":"BreadcrumbList","@id":"https:\/\/cdgolf33.com\/index.php\/championnat-de-pitch-putt-2016-t4\/#breadcrumb","itemListElement":[{"@type":"ListItem","position":1,"name":"Accueil","item":"https:\/\/cdgolf33.com\/"},{"@type":"ListItem","position":2,"name":"Championnat de pitch &#038; putt 2016 &#8211; T4"}]},{"@type":"WebSite","@id":"https:\/\/cdgolf33.com\/#website","url":"https:\/\/cdgolf33.com\/","name":"Comit\u00e9 D\u00e9partemental de Golf de Gironde","description":"Le Comit\u00e9 de Gironde de Golf vous souhaite la bienvenue sur son site !","publisher":{"@id":"https:\/\/cdgolf33.com\/#organization"},"potentialAction":[{"@type":"SearchAction","target":{"@type":"EntryPoint","urlTemplate":"https:\/\/cdgolf33.com\/?s={search_term_string}"},"query-input":{"@type":"PropertyValueSpecification","valueRequired":true,"valueName":"search_term_string"}}],"inLanguage":"fr-FR"},{"@type":"Organization","@id":"https:\/\/cdgolf33.com\/#organization","name":"Comit\u00e9 de Golf de Gironde","url":"https:\/\/cdgolf33.com\/","logo":{"@type":"ImageObject","inLanguage":"fr-FR","@id":"https:\/\/cdgolf33.com\/#\/schema\/logo\/image\/","url":"https:\/\/cdgolf33.com\/wp-content\/uploads\/2019\/05\/LOGOCD33.jpg","contentUrl":"https:\/\/cdgolf33.com\/wp-content\/uploads\/2019\/05\/LOGOCD33.jpg","width":220,"height":233,"caption":"Comit\u00e9 de Golf de Gironde"},"image":{"@id":"https:\/\/cdgolf33.com\/#\/schema\/logo\/image\/"},"sameAs":["https:\/\/x.com\/comitegolf33"]}]}},"_links":{"self":[{"href":"https:\/\/cdgolf33.com\/index.php\/wp-json\/wp\/v2\/pages\/2326","targetHints":{"allow":["GET"]}}],"collection":[{"href":"https:\/\/cdgolf33.com\/index.php\/wp-json\/wp\/v2\/pages"}],"about":[{"href":"https:\/\/cdgolf33.com\/index.php\/wp-json\/wp\/v2\/types\/page"}],"author":[{"embeddable":true,"href":"https:\/\/cdgolf33.com\/index.php\/wp-json\/wp\/v2\/users\/1"}],"replies":[{"embeddable":true,"href":"https:\/\/cdgolf33.com\/index.php\/wp-json\/wp\/v2\/comments?post=2326"}],"version-history":[{"count":0,"href":"https:\/\/cdgolf33.com\/index.php\/wp-json\/wp\/v2\/pages\/2326\/revisions"}],"wp:attachment":[{"href":"https:\/\/cdgolf33.com\/index.php\/wp-json\/wp\/v2\/media?parent=2326"}],"curies":[{"name":"wp","href":"https:\/\/api.w.org\/{rel}","templated":true}]}}