{"id":2374,"date":"2016-05-08T23:33:41","date_gmt":"2016-05-08T22:33:41","guid":{"rendered":"http:\/\/www.cdgolf33.com\/?page_id=2374"},"modified":"2016-05-08T23:33:41","modified_gmt":"2016-05-08T22:33:41","slug":"championnat-de-pitch-putt-2016-t5","status":"publish","type":"page","link":"https:\/\/cdgolf33.com\/index.php\/championnat-de-pitch-putt-2016-t5\/","title":{"rendered":"Championnat de pitch &#038; putt 2016 &#8211; T5"},"content":{"rendered":"<p style=\"text-align: justify;\">En ce dimanche de comm\u00e9moration de la fin de la deuxi\u00e8me guerre mondiale, pas de tr\u00eave pour le championnat de Gironde de pitch &amp; putt qui faisait \u00e9tape sur la rive droite \u00e0 Cameyrac. Pas de tr\u00eave donc mais &#8230; peu de combattants !<\/p>\n<p style=\"text-align: justify;\">Les conditions de jeu difficiles avec beaucoup de vent et des greens tr\u00e8s durs n&rsquo;ont pas permis des scores de tout premier plan. C&rsquo;est le r\u00e9gional de l&rsquo;\u00e9tape, le sympathique Claude SYLVAIN qui resta le ma\u00eetre des lieux avec une carte de 59 (+5), 2 coups devant le jeune Hugo PESSOTTO de Lacanau 61 (+7) et 3 coups devant le chevronn\u00e9 Denis TAVERNIER des Aiguilles Vertes 62 (+8).<\/p>\n<p>\u2192\u00a0 <strong><a href=\"http:\/\/www.cdgolf33.com\/wp-content\/uploads\/2016\/05\/2016_PP_T5_r\u00e9sultats.pdf\" target=\"_blank\" rel=\"noopener noreferrer\">r\u00e9sultats du T5<\/a><\/strong><\/p>\n<p>Prochain tour : <strong>Dimanche 22 Mai \u00e0 Pessac<\/strong>.<br \/>\nCe sera la derni\u00e8re comp\u00e9tition pour tenter de se qualifier pour la finale.<br \/>\nInscriptions aupr\u00e8s du golf (t\u00e9l. 05 57 26 03 33) jusqu&rsquo;au mercredi 18 Mai.<\/p>\n<p style=\"text-align: right;\">\u2192 <strong><a href=\"http:\/\/www.cdgolf33.com\/pitch-putt\/\">retour<\/a><\/strong><\/p>\n","protected":false},"excerpt":{"rendered":"<p>En ce dimanche de comm\u00e9moration de la fin de la deuxi\u00e8me guerre mondiale, pas de tr\u00eave pour le championnat de Gironde de pitch &amp; putt qui faisait \u00e9tape sur la rive droite \u00e0 Cameyrac. Pas de tr\u00eave donc mais &#8230; peu de combattants ! Les conditions de jeu difficiles avec [&hellip;]<\/p>\n","protected":false},"author":1,"featured_media":0,"parent":0,"menu_order":0,"comment_status":"closed","ping_status":"closed","template":"","meta":{"footnotes":""},"class_list":["post-2374","page","type-page","status-publish","hentry"],"yoast_head":"<!-- This site is optimized with the Yoast SEO plugin v27.4 - https:\/\/yoast.com\/product\/yoast-seo-wordpress\/ -->\n<title>Championnat de pitch &amp; putt 2016 - T5 - Comit\u00e9 D\u00e9partemental de Golf de Gironde<\/title>\n<meta name=\"robots\" content=\"index, follow, max-snippet:-1, max-image-preview:large, max-video-preview:-1\" \/>\n<link rel=\"canonical\" href=\"https:\/\/cdgolf33.com\/index.php\/championnat-de-pitch-putt-2016-t5\/\" \/>\n<meta property=\"og:locale\" content=\"fr_FR\" \/>\n<meta property=\"og:type\" content=\"article\" \/>\n<meta property=\"og:title\" content=\"Championnat de pitch &amp; putt 2016 - T5 - Comit\u00e9 D\u00e9partemental de Golf de Gironde\" \/>\n<meta property=\"og:description\" content=\"En ce dimanche de comm\u00e9moration de la fin de la deuxi\u00e8me guerre mondiale, pas de tr\u00eave pour le championnat de Gironde de pitch &amp; putt qui faisait \u00e9tape sur la rive droite \u00e0 Cameyrac. Pas de tr\u00eave donc mais &#8230; peu de combattants ! Les conditions de jeu difficiles avec [&hellip;]\" \/>\n<meta property=\"og:url\" content=\"https:\/\/cdgolf33.com\/index.php\/championnat-de-pitch-putt-2016-t5\/\" \/>\n<meta property=\"og:site_name\" content=\"Comit\u00e9 D\u00e9partemental de Golf de Gironde\" \/>\n<meta name=\"twitter:card\" content=\"summary_large_image\" \/>\n<meta name=\"twitter:site\" content=\"@comitegolf33\" \/>\n<meta name=\"twitter:label1\" content=\"Dur\u00e9e de lecture estim\u00e9e\" \/>\n\t<meta name=\"twitter:data1\" content=\"1 minute\" \/>\n<script type=\"application\/ld+json\" class=\"yoast-schema-graph\">{\"@context\":\"https:\\\/\\\/schema.org\",\"@graph\":[{\"@type\":\"WebPage\",\"@id\":\"https:\\\/\\\/cdgolf33.com\\\/index.php\\\/championnat-de-pitch-putt-2016-t5\\\/\",\"url\":\"https:\\\/\\\/cdgolf33.com\\\/index.php\\\/championnat-de-pitch-putt-2016-t5\\\/\",\"name\":\"Championnat de pitch & putt 2016 - T5 - Comit\u00e9 D\u00e9partemental de Golf de Gironde\",\"isPartOf\":{\"@id\":\"https:\\\/\\\/cdgolf33.com\\\/#website\"},\"datePublished\":\"2016-05-08T22:33:41+00:00\",\"breadcrumb\":{\"@id\":\"https:\\\/\\\/cdgolf33.com\\\/index.php\\\/championnat-de-pitch-putt-2016-t5\\\/#breadcrumb\"},\"inLanguage\":\"fr-FR\",\"potentialAction\":[{\"@type\":\"ReadAction\",\"target\":[\"https:\\\/\\\/cdgolf33.com\\\/index.php\\\/championnat-de-pitch-putt-2016-t5\\\/\"]}]},{\"@type\":\"BreadcrumbList\",\"@id\":\"https:\\\/\\\/cdgolf33.com\\\/index.php\\\/championnat-de-pitch-putt-2016-t5\\\/#breadcrumb\",\"itemListElement\":[{\"@type\":\"ListItem\",\"position\":1,\"name\":\"Accueil\",\"item\":\"https:\\\/\\\/cdgolf33.com\\\/\"},{\"@type\":\"ListItem\",\"position\":2,\"name\":\"Championnat de pitch &#038; putt 2016 &#8211; T5\"}]},{\"@type\":\"WebSite\",\"@id\":\"https:\\\/\\\/cdgolf33.com\\\/#website\",\"url\":\"https:\\\/\\\/cdgolf33.com\\\/\",\"name\":\"Comit\u00e9 D\u00e9partemental de Golf de Gironde\",\"description\":\"Le Comit\u00e9 de Gironde de Golf vous souhaite la bienvenue sur son site !\",\"publisher\":{\"@id\":\"https:\\\/\\\/cdgolf33.com\\\/#organization\"},\"potentialAction\":[{\"@type\":\"SearchAction\",\"target\":{\"@type\":\"EntryPoint\",\"urlTemplate\":\"https:\\\/\\\/cdgolf33.com\\\/?s={search_term_string}\"},\"query-input\":{\"@type\":\"PropertyValueSpecification\",\"valueRequired\":true,\"valueName\":\"search_term_string\"}}],\"inLanguage\":\"fr-FR\"},{\"@type\":\"Organization\",\"@id\":\"https:\\\/\\\/cdgolf33.com\\\/#organization\",\"name\":\"Comit\u00e9 de Golf de Gironde\",\"url\":\"https:\\\/\\\/cdgolf33.com\\\/\",\"logo\":{\"@type\":\"ImageObject\",\"inLanguage\":\"fr-FR\",\"@id\":\"https:\\\/\\\/cdgolf33.com\\\/#\\\/schema\\\/logo\\\/image\\\/\",\"url\":\"https:\\\/\\\/cdgolf33.com\\\/wp-content\\\/uploads\\\/2019\\\/05\\\/LOGOCD33.jpg\",\"contentUrl\":\"https:\\\/\\\/cdgolf33.com\\\/wp-content\\\/uploads\\\/2019\\\/05\\\/LOGOCD33.jpg\",\"width\":220,\"height\":233,\"caption\":\"Comit\u00e9 de Golf de Gironde\"},\"image\":{\"@id\":\"https:\\\/\\\/cdgolf33.com\\\/#\\\/schema\\\/logo\\\/image\\\/\"},\"sameAs\":[\"https:\\\/\\\/x.com\\\/comitegolf33\"]}]}<\/script>\n<!-- \/ Yoast SEO plugin. -->","yoast_head_json":{"title":"Championnat de pitch & putt 2016 - T5 - Comit\u00e9 D\u00e9partemental de Golf de Gironde","robots":{"index":"index","follow":"follow","max-snippet":"max-snippet:-1","max-image-preview":"max-image-preview:large","max-video-preview":"max-video-preview:-1"},"canonical":"https:\/\/cdgolf33.com\/index.php\/championnat-de-pitch-putt-2016-t5\/","og_locale":"fr_FR","og_type":"article","og_title":"Championnat de pitch & putt 2016 - T5 - Comit\u00e9 D\u00e9partemental de Golf de Gironde","og_description":"En ce dimanche de comm\u00e9moration de la fin de la deuxi\u00e8me guerre mondiale, pas de tr\u00eave pour le championnat de Gironde de pitch &amp; putt qui faisait \u00e9tape sur la rive droite \u00e0 Cameyrac. Pas de tr\u00eave donc mais &#8230; peu de combattants ! Les conditions de jeu difficiles avec [&hellip;]","og_url":"https:\/\/cdgolf33.com\/index.php\/championnat-de-pitch-putt-2016-t5\/","og_site_name":"Comit\u00e9 D\u00e9partemental de Golf de Gironde","twitter_card":"summary_large_image","twitter_site":"@comitegolf33","twitter_misc":{"Dur\u00e9e de lecture estim\u00e9e":"1 minute"},"schema":{"@context":"https:\/\/schema.org","@graph":[{"@type":"WebPage","@id":"https:\/\/cdgolf33.com\/index.php\/championnat-de-pitch-putt-2016-t5\/","url":"https:\/\/cdgolf33.com\/index.php\/championnat-de-pitch-putt-2016-t5\/","name":"Championnat de pitch & putt 2016 - T5 - Comit\u00e9 D\u00e9partemental de Golf de Gironde","isPartOf":{"@id":"https:\/\/cdgolf33.com\/#website"},"datePublished":"2016-05-08T22:33:41+00:00","breadcrumb":{"@id":"https:\/\/cdgolf33.com\/index.php\/championnat-de-pitch-putt-2016-t5\/#breadcrumb"},"inLanguage":"fr-FR","potentialAction":[{"@type":"ReadAction","target":["https:\/\/cdgolf33.com\/index.php\/championnat-de-pitch-putt-2016-t5\/"]}]},{"@type":"BreadcrumbList","@id":"https:\/\/cdgolf33.com\/index.php\/championnat-de-pitch-putt-2016-t5\/#breadcrumb","itemListElement":[{"@type":"ListItem","position":1,"name":"Accueil","item":"https:\/\/cdgolf33.com\/"},{"@type":"ListItem","position":2,"name":"Championnat de pitch &#038; putt 2016 &#8211; T5"}]},{"@type":"WebSite","@id":"https:\/\/cdgolf33.com\/#website","url":"https:\/\/cdgolf33.com\/","name":"Comit\u00e9 D\u00e9partemental de Golf de Gironde","description":"Le Comit\u00e9 de Gironde de Golf vous souhaite la bienvenue sur son site !","publisher":{"@id":"https:\/\/cdgolf33.com\/#organization"},"potentialAction":[{"@type":"SearchAction","target":{"@type":"EntryPoint","urlTemplate":"https:\/\/cdgolf33.com\/?s={search_term_string}"},"query-input":{"@type":"PropertyValueSpecification","valueRequired":true,"valueName":"search_term_string"}}],"inLanguage":"fr-FR"},{"@type":"Organization","@id":"https:\/\/cdgolf33.com\/#organization","name":"Comit\u00e9 de Golf de Gironde","url":"https:\/\/cdgolf33.com\/","logo":{"@type":"ImageObject","inLanguage":"fr-FR","@id":"https:\/\/cdgolf33.com\/#\/schema\/logo\/image\/","url":"https:\/\/cdgolf33.com\/wp-content\/uploads\/2019\/05\/LOGOCD33.jpg","contentUrl":"https:\/\/cdgolf33.com\/wp-content\/uploads\/2019\/05\/LOGOCD33.jpg","width":220,"height":233,"caption":"Comit\u00e9 de Golf de Gironde"},"image":{"@id":"https:\/\/cdgolf33.com\/#\/schema\/logo\/image\/"},"sameAs":["https:\/\/x.com\/comitegolf33"]}]}},"_links":{"self":[{"href":"https:\/\/cdgolf33.com\/index.php\/wp-json\/wp\/v2\/pages\/2374","targetHints":{"allow":["GET"]}}],"collection":[{"href":"https:\/\/cdgolf33.com\/index.php\/wp-json\/wp\/v2\/pages"}],"about":[{"href":"https:\/\/cdgolf33.com\/index.php\/wp-json\/wp\/v2\/types\/page"}],"author":[{"embeddable":true,"href":"https:\/\/cdgolf33.com\/index.php\/wp-json\/wp\/v2\/users\/1"}],"replies":[{"embeddable":true,"href":"https:\/\/cdgolf33.com\/index.php\/wp-json\/wp\/v2\/comments?post=2374"}],"version-history":[{"count":0,"href":"https:\/\/cdgolf33.com\/index.php\/wp-json\/wp\/v2\/pages\/2374\/revisions"}],"wp:attachment":[{"href":"https:\/\/cdgolf33.com\/index.php\/wp-json\/wp\/v2\/media?parent=2374"}],"curies":[{"name":"wp","href":"https:\/\/api.w.org\/{rel}","templated":true}]}}