{"id":2861,"date":"2017-03-13T15:27:34","date_gmt":"2017-03-13T14:27:34","guid":{"rendered":"http:\/\/www.cdgolf33.com\/?page_id=2861"},"modified":"2017-03-13T15:27:34","modified_gmt":"2017-03-13T14:27:34","slug":"filiere-pitch-putt","status":"publish","type":"page","link":"https:\/\/cdgolf33.com\/index.php\/filiere-pitch-putt\/","title":{"rendered":"Fili\u00e8re Pitch &#038; Putt"},"content":{"rendered":"<table width=\"968\">\n<tbody>\n<tr>\n<td width=\"65\">5<\/td>\n<td width=\"65\">Mars<\/td>\n<td width=\"65\">PP<\/td>\n<td width=\"378\">Chpt de Gironde Pitch &amp; Putt<\/td>\n<td width=\"65\">T1\/6<\/td>\n<td width=\"170\">Cap-Ferret<\/td>\n<td width=\"65\"><a href=\"http:\/\/www.cdgolf33.com\/wp-content\/uploads\/2016\/12\/2017_PP_R%C3%A8glement.pdf\">R\u00e8glement<\/a><\/td>\n<td width=\"95\">D\u00e9parts<\/td>\n<\/tr>\n<tr>\n<td>12<\/td>\n<td>Mars<\/td>\n<td>PP<\/td>\n<td>Chpt de Gironde Pitch &amp; Putt<\/td>\n<td>T2\/6<\/td>\n<td>Baganais<\/td>\n<td><a href=\"http:\/\/www.cdgolf33.com\/wp-content\/uploads\/2016\/12\/2017_PP_R%C3%A8glement.pdf\">R\u00e8glement<\/a><\/td>\n<td>Interrompu<\/td>\n<\/tr>\n<tr>\n<td>9<\/td>\n<td>Avril<\/td>\n<td>PP<\/td>\n<td>Chpt de Gironde Pitch &amp; Putt<\/td>\n<td>T3\/6<\/td>\n<td>Aiguilles Vertes<\/td>\n<td><a href=\"http:\/\/www.cdgolf33.com\/wp-content\/uploads\/2016\/12\/2017_PP_R%C3%A8glement.pdf\">R\u00e8glement<\/a><\/td>\n<td>R\u00e9sultats<\/td>\n<\/tr>\n<tr>\n<td>23<\/td>\n<td>Avril<\/td>\n<td>PP<\/td>\n<td>Chpt de Gironde Pitch &amp; Putt<\/td>\n<td>T4\/6<\/td>\n<td>Pessac<\/td>\n<td><a href=\"http:\/\/www.cdgolf33.com\/wp-content\/uploads\/2016\/12\/2017_PP_R%C3%A8glement.pdf\">R\u00e8glement<\/a><\/td>\n<td>R\u00e9sultats<\/td>\n<\/tr>\n<tr>\n<td>7<\/td>\n<td>Mai<\/td>\n<td>PP<\/td>\n<td>Chpt de Gironde Pitch &amp; Putt<\/td>\n<td>T5\/6<\/td>\n<td>Bordeaux Lac<\/td>\n<td><a href=\"http:\/\/www.cdgolf33.com\/wp-content\/uploads\/2016\/12\/2017_PP_R%C3%A8glement.pdf\">R\u00e8glement<\/a><\/td>\n<td>R\u00e9sultats<\/td>\n<\/tr>\n<tr>\n<td>21<\/td>\n<td>Mai<\/td>\n<td>PP<\/td>\n<td>Chpt de Gironde Pitch &amp; Putt<\/td>\n<td>T6\/6<\/td>\n<td>Cameyrac<\/td>\n<td><a href=\"http:\/\/www.cdgolf33.com\/wp-content\/uploads\/2016\/12\/2017_PP_R%C3%A8glement.pdf\">R\u00e8glement<\/a><\/td>\n<td>R\u00e9sultats<\/td>\n<\/tr>\n<tr>\n<td>11<\/td>\n<td>Juin<\/td>\n<td>PP<\/td>\n<td>Chpt de Gironde Pitch &amp; Putt<\/td>\n<td>Finale<\/td>\n<td>Baganais<\/td>\n<td><a href=\"http:\/\/www.cdgolf33.com\/wp-content\/uploads\/2016\/12\/2017_PP_R%C3%A8glement.pdf\">R\u00e8glement<\/a><\/td>\n<td>R\u00e9sultats<\/td>\n<\/tr>\n<tr>\n<td>25<\/td>\n<td>Juin<\/td>\n<td>PP<\/td>\n<td>Chpt inter-d\u00e9partemental \u00a0 Pitch &amp; Putt<\/td>\n<td>Finale<\/td>\n<td>Pessac<\/td>\n<td><a href=\"http:\/\/www.cdgolf33.com\/wp-content\/uploads\/2016\/12\/2017_PP_R%C3%A8glement.pdf\">R\u00e8glement<\/a><\/td>\n<td>R\u00e9sultats<\/td>\n<\/tr>\n<\/tbody>\n<\/table>\n","protected":false},"excerpt":{"rendered":"<p>5 Mars PP Chpt de Gironde Pitch &amp; Putt T1\/6 Cap-Ferret R\u00e8glement D\u00e9parts 12 Mars PP Chpt de Gironde Pitch &amp; Putt T2\/6 Baganais R\u00e8glement Interrompu 9 Avril PP Chpt de Gironde Pitch &amp; Putt T3\/6 Aiguilles Vertes R\u00e8glement R\u00e9sultats 23 Avril PP Chpt de Gironde Pitch &amp; Putt T4\/6 [&hellip;]<\/p>\n","protected":false},"author":1,"featured_media":0,"parent":0,"menu_order":0,"comment_status":"closed","ping_status":"closed","template":"","meta":{"footnotes":""},"class_list":["post-2861","page","type-page","status-publish","hentry"],"yoast_head":"<!-- This site is optimized with the Yoast SEO plugin v27.4 - https:\/\/yoast.com\/product\/yoast-seo-wordpress\/ -->\n<title>Fili\u00e8re Pitch &amp; Putt - Comit\u00e9 D\u00e9partemental de Golf de Gironde<\/title>\n<meta name=\"robots\" content=\"index, follow, max-snippet:-1, max-image-preview:large, max-video-preview:-1\" \/>\n<link rel=\"canonical\" href=\"https:\/\/cdgolf33.com\/index.php\/filiere-pitch-putt\/\" \/>\n<meta property=\"og:locale\" content=\"fr_FR\" \/>\n<meta property=\"og:type\" content=\"article\" \/>\n<meta property=\"og:title\" content=\"Fili\u00e8re Pitch &amp; Putt - Comit\u00e9 D\u00e9partemental de Golf de Gironde\" \/>\n<meta property=\"og:description\" content=\"5 Mars PP Chpt de Gironde Pitch &amp; Putt T1\/6 Cap-Ferret R\u00e8glement D\u00e9parts 12 Mars PP Chpt de Gironde Pitch &amp; Putt T2\/6 Baganais R\u00e8glement Interrompu 9 Avril PP Chpt de Gironde Pitch &amp; Putt T3\/6 Aiguilles Vertes R\u00e8glement R\u00e9sultats 23 Avril PP Chpt de Gironde Pitch &amp; Putt T4\/6 [&hellip;]\" \/>\n<meta property=\"og:url\" content=\"https:\/\/cdgolf33.com\/index.php\/filiere-pitch-putt\/\" \/>\n<meta property=\"og:site_name\" content=\"Comit\u00e9 D\u00e9partemental de Golf de Gironde\" \/>\n<meta name=\"twitter:card\" content=\"summary_large_image\" \/>\n<meta name=\"twitter:site\" content=\"@comitegolf33\" \/>\n<meta name=\"twitter:label1\" content=\"Dur\u00e9e de lecture estim\u00e9e\" \/>\n\t<meta name=\"twitter:data1\" content=\"1 minute\" \/>\n<script type=\"application\/ld+json\" class=\"yoast-schema-graph\">{\"@context\":\"https:\\\/\\\/schema.org\",\"@graph\":[{\"@type\":\"WebPage\",\"@id\":\"https:\\\/\\\/cdgolf33.com\\\/index.php\\\/filiere-pitch-putt\\\/\",\"url\":\"https:\\\/\\\/cdgolf33.com\\\/index.php\\\/filiere-pitch-putt\\\/\",\"name\":\"Fili\u00e8re Pitch & Putt - Comit\u00e9 D\u00e9partemental de Golf de Gironde\",\"isPartOf\":{\"@id\":\"https:\\\/\\\/cdgolf33.com\\\/#website\"},\"datePublished\":\"2017-03-13T14:27:34+00:00\",\"breadcrumb\":{\"@id\":\"https:\\\/\\\/cdgolf33.com\\\/index.php\\\/filiere-pitch-putt\\\/#breadcrumb\"},\"inLanguage\":\"fr-FR\",\"potentialAction\":[{\"@type\":\"ReadAction\",\"target\":[\"https:\\\/\\\/cdgolf33.com\\\/index.php\\\/filiere-pitch-putt\\\/\"]}]},{\"@type\":\"BreadcrumbList\",\"@id\":\"https:\\\/\\\/cdgolf33.com\\\/index.php\\\/filiere-pitch-putt\\\/#breadcrumb\",\"itemListElement\":[{\"@type\":\"ListItem\",\"position\":1,\"name\":\"Accueil\",\"item\":\"https:\\\/\\\/cdgolf33.com\\\/\"},{\"@type\":\"ListItem\",\"position\":2,\"name\":\"Fili\u00e8re Pitch &#038; Putt\"}]},{\"@type\":\"WebSite\",\"@id\":\"https:\\\/\\\/cdgolf33.com\\\/#website\",\"url\":\"https:\\\/\\\/cdgolf33.com\\\/\",\"name\":\"Comit\u00e9 D\u00e9partemental de Golf de Gironde\",\"description\":\"Le Comit\u00e9 de Gironde de Golf vous souhaite la bienvenue sur son site !\",\"publisher\":{\"@id\":\"https:\\\/\\\/cdgolf33.com\\\/#organization\"},\"potentialAction\":[{\"@type\":\"SearchAction\",\"target\":{\"@type\":\"EntryPoint\",\"urlTemplate\":\"https:\\\/\\\/cdgolf33.com\\\/?s={search_term_string}\"},\"query-input\":{\"@type\":\"PropertyValueSpecification\",\"valueRequired\":true,\"valueName\":\"search_term_string\"}}],\"inLanguage\":\"fr-FR\"},{\"@type\":\"Organization\",\"@id\":\"https:\\\/\\\/cdgolf33.com\\\/#organization\",\"name\":\"Comit\u00e9 de Golf de Gironde\",\"url\":\"https:\\\/\\\/cdgolf33.com\\\/\",\"logo\":{\"@type\":\"ImageObject\",\"inLanguage\":\"fr-FR\",\"@id\":\"https:\\\/\\\/cdgolf33.com\\\/#\\\/schema\\\/logo\\\/image\\\/\",\"url\":\"https:\\\/\\\/cdgolf33.com\\\/wp-content\\\/uploads\\\/2019\\\/05\\\/LOGOCD33.jpg\",\"contentUrl\":\"https:\\\/\\\/cdgolf33.com\\\/wp-content\\\/uploads\\\/2019\\\/05\\\/LOGOCD33.jpg\",\"width\":220,\"height\":233,\"caption\":\"Comit\u00e9 de Golf de Gironde\"},\"image\":{\"@id\":\"https:\\\/\\\/cdgolf33.com\\\/#\\\/schema\\\/logo\\\/image\\\/\"},\"sameAs\":[\"https:\\\/\\\/x.com\\\/comitegolf33\"]}]}<\/script>\n<!-- \/ Yoast SEO plugin. -->","yoast_head_json":{"title":"Fili\u00e8re Pitch & Putt - Comit\u00e9 D\u00e9partemental de Golf de Gironde","robots":{"index":"index","follow":"follow","max-snippet":"max-snippet:-1","max-image-preview":"max-image-preview:large","max-video-preview":"max-video-preview:-1"},"canonical":"https:\/\/cdgolf33.com\/index.php\/filiere-pitch-putt\/","og_locale":"fr_FR","og_type":"article","og_title":"Fili\u00e8re Pitch & Putt - Comit\u00e9 D\u00e9partemental de Golf de Gironde","og_description":"5 Mars PP Chpt de Gironde Pitch &amp; Putt T1\/6 Cap-Ferret R\u00e8glement D\u00e9parts 12 Mars PP Chpt de Gironde Pitch &amp; Putt T2\/6 Baganais R\u00e8glement Interrompu 9 Avril PP Chpt de Gironde Pitch &amp; Putt T3\/6 Aiguilles Vertes R\u00e8glement R\u00e9sultats 23 Avril PP Chpt de Gironde Pitch &amp; Putt T4\/6 [&hellip;]","og_url":"https:\/\/cdgolf33.com\/index.php\/filiere-pitch-putt\/","og_site_name":"Comit\u00e9 D\u00e9partemental de Golf de Gironde","twitter_card":"summary_large_image","twitter_site":"@comitegolf33","twitter_misc":{"Dur\u00e9e de lecture estim\u00e9e":"1 minute"},"schema":{"@context":"https:\/\/schema.org","@graph":[{"@type":"WebPage","@id":"https:\/\/cdgolf33.com\/index.php\/filiere-pitch-putt\/","url":"https:\/\/cdgolf33.com\/index.php\/filiere-pitch-putt\/","name":"Fili\u00e8re Pitch & Putt - Comit\u00e9 D\u00e9partemental de Golf de Gironde","isPartOf":{"@id":"https:\/\/cdgolf33.com\/#website"},"datePublished":"2017-03-13T14:27:34+00:00","breadcrumb":{"@id":"https:\/\/cdgolf33.com\/index.php\/filiere-pitch-putt\/#breadcrumb"},"inLanguage":"fr-FR","potentialAction":[{"@type":"ReadAction","target":["https:\/\/cdgolf33.com\/index.php\/filiere-pitch-putt\/"]}]},{"@type":"BreadcrumbList","@id":"https:\/\/cdgolf33.com\/index.php\/filiere-pitch-putt\/#breadcrumb","itemListElement":[{"@type":"ListItem","position":1,"name":"Accueil","item":"https:\/\/cdgolf33.com\/"},{"@type":"ListItem","position":2,"name":"Fili\u00e8re Pitch &#038; Putt"}]},{"@type":"WebSite","@id":"https:\/\/cdgolf33.com\/#website","url":"https:\/\/cdgolf33.com\/","name":"Comit\u00e9 D\u00e9partemental de Golf de Gironde","description":"Le Comit\u00e9 de Gironde de Golf vous souhaite la bienvenue sur son site !","publisher":{"@id":"https:\/\/cdgolf33.com\/#organization"},"potentialAction":[{"@type":"SearchAction","target":{"@type":"EntryPoint","urlTemplate":"https:\/\/cdgolf33.com\/?s={search_term_string}"},"query-input":{"@type":"PropertyValueSpecification","valueRequired":true,"valueName":"search_term_string"}}],"inLanguage":"fr-FR"},{"@type":"Organization","@id":"https:\/\/cdgolf33.com\/#organization","name":"Comit\u00e9 de Golf de Gironde","url":"https:\/\/cdgolf33.com\/","logo":{"@type":"ImageObject","inLanguage":"fr-FR","@id":"https:\/\/cdgolf33.com\/#\/schema\/logo\/image\/","url":"https:\/\/cdgolf33.com\/wp-content\/uploads\/2019\/05\/LOGOCD33.jpg","contentUrl":"https:\/\/cdgolf33.com\/wp-content\/uploads\/2019\/05\/LOGOCD33.jpg","width":220,"height":233,"caption":"Comit\u00e9 de Golf de Gironde"},"image":{"@id":"https:\/\/cdgolf33.com\/#\/schema\/logo\/image\/"},"sameAs":["https:\/\/x.com\/comitegolf33"]}]}},"_links":{"self":[{"href":"https:\/\/cdgolf33.com\/index.php\/wp-json\/wp\/v2\/pages\/2861","targetHints":{"allow":["GET"]}}],"collection":[{"href":"https:\/\/cdgolf33.com\/index.php\/wp-json\/wp\/v2\/pages"}],"about":[{"href":"https:\/\/cdgolf33.com\/index.php\/wp-json\/wp\/v2\/types\/page"}],"author":[{"embeddable":true,"href":"https:\/\/cdgolf33.com\/index.php\/wp-json\/wp\/v2\/users\/1"}],"replies":[{"embeddable":true,"href":"https:\/\/cdgolf33.com\/index.php\/wp-json\/wp\/v2\/comments?post=2861"}],"version-history":[{"count":0,"href":"https:\/\/cdgolf33.com\/index.php\/wp-json\/wp\/v2\/pages\/2861\/revisions"}],"wp:attachment":[{"href":"https:\/\/cdgolf33.com\/index.php\/wp-json\/wp\/v2\/media?parent=2861"}],"curies":[{"name":"wp","href":"https:\/\/api.w.org\/{rel}","templated":true}]}}