{"id":2869,"date":"2017-03-13T15:32:05","date_gmt":"2017-03-13T14:32:05","guid":{"rendered":"http:\/\/www.cdgolf33.com\/?page_id=2869"},"modified":"2017-03-13T15:32:05","modified_gmt":"2017-03-13T14:32:05","slug":"grands-prix-gironde","status":"publish","type":"page","link":"https:\/\/cdgolf33.com\/index.php\/grands-prix-gironde\/","title":{"rendered":"Grands Prix Gironde"},"content":{"rendered":"<table style=\"height: 452px;\" width=\"1133\">\n<tbody>\n<tr>\n<td width=\"65\">31<\/td>\n<td width=\"65\">Mars<\/td>\n<td width=\"65\">GP<\/td>\n<td width=\"378\">Grand Prix de Bordeaux Lac<\/td>\n<td width=\"65\"><\/td>\n<td width=\"170\">Bordeaux Lac<\/td>\n<td width=\"65\"><a href=\"http:\/\/www.ligue-golf-aquitaine.fr\/fileadmin\/user_upload\/Documents\/Reglements\/17Reg0322GPBordeauxLac.pdf\">R\u00e8glement<\/a><\/td>\n<td width=\"95\">R\u00e9sultats<\/td>\n<\/tr>\n<tr>\n<td>5<\/td>\n<td>Avril<\/td>\n<td>GPS<\/td>\n<td>Troph\u00e9e s\u00e9niors Arcachon<\/td>\n<td><\/td>\n<td>Arcachon<\/td>\n<td><a href=\"http:\/\/www.golfarcachon.org\/wp-content\/uploads\/2017\/02\/R%C3%A8glement-Trophee-Seniors-Arcachon-2017.pdf\">R\u00e8glement<\/a><\/td>\n<td>R\u00e9sultats<\/td>\n<\/tr>\n<tr>\n<td>14<\/td>\n<td>Avril<\/td>\n<td>GP<\/td>\n<td>Open Arcachon<\/td>\n<td><\/td>\n<td>Arcachon<\/td>\n<td><a href=\"http:\/\/www.golfarcachon.org\/wp-content\/uploads\/2017\/02\/R%C3%A8glement-Open-dArcachon-2017.pdf\">R\u00e8glement<\/a><\/td>\n<td>R\u00e9sultats<\/td>\n<\/tr>\n<tr>\n<td>29<\/td>\n<td>Avril<\/td>\n<td>GP<\/td>\n<td>Grand Prix des Graves et Sauternais<\/td>\n<td><\/td>\n<td>Graves et Sauternais<\/td>\n<td>R\u00e8glement<\/td>\n<td>R\u00e9sultats<\/td>\n<\/tr>\n<tr>\n<td>2<\/td>\n<td>Mai<\/td>\n<td>GPS<\/td>\n<td>Troph\u00e9e s\u00e9niors Gujan<\/td>\n<td><\/td>\n<td>Gujan<\/td>\n<td>R\u00e8glement<\/td>\n<td>R\u00e9sultats<\/td>\n<\/tr>\n<tr>\n<td>16<\/td>\n<td>Mai<\/td>\n<td>GPS<\/td>\n<td>Troph\u00e9e S\u00e9niors Pessac<\/td>\n<td><\/td>\n<td>Pessac<\/td>\n<td>R\u00e8glement<\/td>\n<td>R\u00e9sultats<\/td>\n<\/tr>\n<tr>\n<td>1<\/td>\n<td>Juillet<\/td>\n<td>GP<\/td>\n<td>Grand Prix Gujan<\/td>\n<td><\/td>\n<td>Gujan<\/td>\n<td>R\u00e8glement<\/td>\n<td>R\u00e9sultats<\/td>\n<\/tr>\n<tr>\n<td>17<\/td>\n<td>Ao\u00fbt<\/td>\n<td>GP<\/td>\n<td>Grand Prix du Medoc<\/td>\n<td><\/td>\n<td>Medoc<\/td>\n<td>R\u00e8glement<\/td>\n<td>R\u00e9sultats<\/td>\n<\/tr>\n<tr>\n<td>26<\/td>\n<td>Ao\u00fbt<\/td>\n<td>GPS<\/td>\n<td>Troph\u00e9e S\u00e9niors de Bordeaux Lac<\/td>\n<td><\/td>\n<td>Bordeaux Lac<\/td>\n<td>R\u00e8glement<\/td>\n<td>R\u00e9sultats<\/td>\n<\/tr>\n<tr>\n<td>2<\/td>\n<td>Septembre<\/td>\n<td>GP<\/td>\n<td>Grand Prix du Golf Bordelais<\/td>\n<td><\/td>\n<td>Bordelais<\/td>\n<td>R\u00e8glement<\/td>\n<td>R\u00e9sultats<\/td>\n<\/tr>\n<tr>\n<td>16<\/td>\n<td>Octobre<\/td>\n<td>GP<\/td>\n<td>Classic Mid-Am Gujan<\/td>\n<td><\/td>\n<td>Gujan<\/td>\n<td>R\u00e8glement<\/td>\n<td>R\u00e9sultats<\/td>\n<\/tr>\n<tr>\n<td>16<\/td>\n<td>Novembre<\/td>\n<td>GP<\/td>\n<td>Grand Prix de Lacanau<\/td>\n<td><\/td>\n<td>Lacanau<\/td>\n<td>R\u00e8glement<\/td>\n<td>R\u00e9sultats<\/td>\n<\/tr>\n<tr>\n<td>10<\/td>\n<td>Octobre<\/td>\n<td>GPS<\/td>\n<td>Troph\u00e9e S\u00e9niors du M\u00e9doc<\/td>\n<td><\/td>\n<td>M\u00e9doc<\/td>\n<td>R\u00e8glement<\/td>\n<td>R\u00e9sultats<\/td>\n<\/tr>\n<tr>\n<td>14<\/td>\n<td>Octobre<\/td>\n<td>GP<\/td>\n<td>Grand Prix de Pessac<\/td>\n<td><\/td>\n<td>Pessac<\/td>\n<td>R\u00e8glement<\/td>\n<td>R\u00e9sultats<\/td>\n<\/tr>\n<tr>\n<td>25<\/td>\n<td>Octobre<\/td>\n<td>GPS<\/td>\n<td>Troph\u00e9e S\u00e9niors du Bordelais<\/td>\n<td><\/td>\n<td>Bordelais<\/td>\n<td>R\u00e8glement<\/td>\n<td>R\u00e9sultats<\/td>\n<\/tr>\n<\/tbody>\n<\/table>\n<p>GP : Grands Prix<\/p>\n<p>GPS : Grands Prix et Troph\u00e9es S\u00e9niors\t\t<\/p>\n","protected":false},"excerpt":{"rendered":"<p>31 Mars GP Grand Prix de Bordeaux Lac Bordeaux Lac R\u00e8glement R\u00e9sultats 5 Avril GPS Troph\u00e9e s\u00e9niors Arcachon Arcachon R\u00e8glement R\u00e9sultats 14 Avril GP Open Arcachon Arcachon R\u00e8glement R\u00e9sultats 29 Avril GP Grand Prix des Graves et Sauternais Graves et Sauternais R\u00e8glement R\u00e9sultats 2 Mai GPS Troph\u00e9e s\u00e9niors Gujan Gujan [&hellip;]<\/p>\n","protected":false},"author":1,"featured_media":0,"parent":0,"menu_order":0,"comment_status":"closed","ping_status":"closed","template":"","meta":{"footnotes":""},"class_list":["post-2869","page","type-page","status-publish","hentry"],"yoast_head":"<!-- This site is optimized with the Yoast SEO plugin v27.6 - https:\/\/yoast.com\/product\/yoast-seo-wordpress\/ -->\n<title>Grands Prix Gironde - Comit\u00e9 D\u00e9partemental de Golf de Gironde<\/title>\n<meta name=\"robots\" content=\"index, follow, max-snippet:-1, max-image-preview:large, max-video-preview:-1\" \/>\n<link rel=\"canonical\" href=\"https:\/\/cdgolf33.com\/index.php\/grands-prix-gironde\/\" \/>\n<meta property=\"og:locale\" content=\"fr_FR\" \/>\n<meta property=\"og:type\" content=\"article\" \/>\n<meta property=\"og:title\" content=\"Grands Prix Gironde - Comit\u00e9 D\u00e9partemental de Golf de Gironde\" \/>\n<meta property=\"og:description\" content=\"31 Mars GP Grand Prix de Bordeaux Lac Bordeaux Lac R\u00e8glement R\u00e9sultats 5 Avril GPS Troph\u00e9e s\u00e9niors Arcachon Arcachon R\u00e8glement R\u00e9sultats 14 Avril GP Open Arcachon Arcachon R\u00e8glement R\u00e9sultats 29 Avril GP Grand Prix des Graves et Sauternais Graves et Sauternais R\u00e8glement R\u00e9sultats 2 Mai GPS Troph\u00e9e s\u00e9niors Gujan Gujan [&hellip;]\" \/>\n<meta property=\"og:url\" content=\"https:\/\/cdgolf33.com\/index.php\/grands-prix-gironde\/\" \/>\n<meta property=\"og:site_name\" content=\"Comit\u00e9 D\u00e9partemental de Golf de Gironde\" \/>\n<meta name=\"twitter:card\" content=\"summary_large_image\" \/>\n<meta name=\"twitter:site\" content=\"@comitegolf33\" \/>\n<meta name=\"twitter:label1\" content=\"Dur\u00e9e de lecture estim\u00e9e\" \/>\n\t<meta name=\"twitter:data1\" content=\"1 minute\" \/>\n<script type=\"application\/ld+json\" class=\"yoast-schema-graph\">{\"@context\":\"https:\\\/\\\/schema.org\",\"@graph\":[{\"@type\":\"WebPage\",\"@id\":\"https:\\\/\\\/cdgolf33.com\\\/index.php\\\/grands-prix-gironde\\\/\",\"url\":\"https:\\\/\\\/cdgolf33.com\\\/index.php\\\/grands-prix-gironde\\\/\",\"name\":\"Grands Prix Gironde - Comit\u00e9 D\u00e9partemental de Golf de Gironde\",\"isPartOf\":{\"@id\":\"https:\\\/\\\/cdgolf33.com\\\/#website\"},\"datePublished\":\"2017-03-13T14:32:05+00:00\",\"breadcrumb\":{\"@id\":\"https:\\\/\\\/cdgolf33.com\\\/index.php\\\/grands-prix-gironde\\\/#breadcrumb\"},\"inLanguage\":\"fr-FR\",\"potentialAction\":[{\"@type\":\"ReadAction\",\"target\":[\"https:\\\/\\\/cdgolf33.com\\\/index.php\\\/grands-prix-gironde\\\/\"]}]},{\"@type\":\"BreadcrumbList\",\"@id\":\"https:\\\/\\\/cdgolf33.com\\\/index.php\\\/grands-prix-gironde\\\/#breadcrumb\",\"itemListElement\":[{\"@type\":\"ListItem\",\"position\":1,\"name\":\"Accueil\",\"item\":\"https:\\\/\\\/cdgolf33.com\\\/\"},{\"@type\":\"ListItem\",\"position\":2,\"name\":\"Grands Prix Gironde\"}]},{\"@type\":\"WebSite\",\"@id\":\"https:\\\/\\\/cdgolf33.com\\\/#website\",\"url\":\"https:\\\/\\\/cdgolf33.com\\\/\",\"name\":\"Comit\u00e9 D\u00e9partemental de Golf de Gironde\",\"description\":\"Le Comit\u00e9 de Gironde de Golf vous souhaite la bienvenue sur son site !\",\"publisher\":{\"@id\":\"https:\\\/\\\/cdgolf33.com\\\/#organization\"},\"potentialAction\":[{\"@type\":\"SearchAction\",\"target\":{\"@type\":\"EntryPoint\",\"urlTemplate\":\"https:\\\/\\\/cdgolf33.com\\\/?s={search_term_string}\"},\"query-input\":{\"@type\":\"PropertyValueSpecification\",\"valueRequired\":true,\"valueName\":\"search_term_string\"}}],\"inLanguage\":\"fr-FR\"},{\"@type\":\"Organization\",\"@id\":\"https:\\\/\\\/cdgolf33.com\\\/#organization\",\"name\":\"Comit\u00e9 de Golf de Gironde\",\"url\":\"https:\\\/\\\/cdgolf33.com\\\/\",\"logo\":{\"@type\":\"ImageObject\",\"inLanguage\":\"fr-FR\",\"@id\":\"https:\\\/\\\/cdgolf33.com\\\/#\\\/schema\\\/logo\\\/image\\\/\",\"url\":\"https:\\\/\\\/cdgolf33.com\\\/wp-content\\\/uploads\\\/2019\\\/05\\\/LOGOCD33.jpg\",\"contentUrl\":\"https:\\\/\\\/cdgolf33.com\\\/wp-content\\\/uploads\\\/2019\\\/05\\\/LOGOCD33.jpg\",\"width\":220,\"height\":233,\"caption\":\"Comit\u00e9 de Golf de Gironde\"},\"image\":{\"@id\":\"https:\\\/\\\/cdgolf33.com\\\/#\\\/schema\\\/logo\\\/image\\\/\"},\"sameAs\":[\"https:\\\/\\\/x.com\\\/comitegolf33\"]}]}<\/script>\n<!-- \/ Yoast SEO plugin. -->","yoast_head_json":{"title":"Grands Prix Gironde - Comit\u00e9 D\u00e9partemental de Golf de Gironde","robots":{"index":"index","follow":"follow","max-snippet":"max-snippet:-1","max-image-preview":"max-image-preview:large","max-video-preview":"max-video-preview:-1"},"canonical":"https:\/\/cdgolf33.com\/index.php\/grands-prix-gironde\/","og_locale":"fr_FR","og_type":"article","og_title":"Grands Prix Gironde - Comit\u00e9 D\u00e9partemental de Golf de Gironde","og_description":"31 Mars GP Grand Prix de Bordeaux Lac Bordeaux Lac R\u00e8glement R\u00e9sultats 5 Avril GPS Troph\u00e9e s\u00e9niors Arcachon Arcachon R\u00e8glement R\u00e9sultats 14 Avril GP Open Arcachon Arcachon R\u00e8glement R\u00e9sultats 29 Avril GP Grand Prix des Graves et Sauternais Graves et Sauternais R\u00e8glement R\u00e9sultats 2 Mai GPS Troph\u00e9e s\u00e9niors Gujan Gujan [&hellip;]","og_url":"https:\/\/cdgolf33.com\/index.php\/grands-prix-gironde\/","og_site_name":"Comit\u00e9 D\u00e9partemental de Golf de Gironde","twitter_card":"summary_large_image","twitter_site":"@comitegolf33","twitter_misc":{"Dur\u00e9e de lecture estim\u00e9e":"1 minute"},"schema":{"@context":"https:\/\/schema.org","@graph":[{"@type":"WebPage","@id":"https:\/\/cdgolf33.com\/index.php\/grands-prix-gironde\/","url":"https:\/\/cdgolf33.com\/index.php\/grands-prix-gironde\/","name":"Grands Prix Gironde - Comit\u00e9 D\u00e9partemental de Golf de Gironde","isPartOf":{"@id":"https:\/\/cdgolf33.com\/#website"},"datePublished":"2017-03-13T14:32:05+00:00","breadcrumb":{"@id":"https:\/\/cdgolf33.com\/index.php\/grands-prix-gironde\/#breadcrumb"},"inLanguage":"fr-FR","potentialAction":[{"@type":"ReadAction","target":["https:\/\/cdgolf33.com\/index.php\/grands-prix-gironde\/"]}]},{"@type":"BreadcrumbList","@id":"https:\/\/cdgolf33.com\/index.php\/grands-prix-gironde\/#breadcrumb","itemListElement":[{"@type":"ListItem","position":1,"name":"Accueil","item":"https:\/\/cdgolf33.com\/"},{"@type":"ListItem","position":2,"name":"Grands Prix Gironde"}]},{"@type":"WebSite","@id":"https:\/\/cdgolf33.com\/#website","url":"https:\/\/cdgolf33.com\/","name":"Comit\u00e9 D\u00e9partemental de Golf de Gironde","description":"Le Comit\u00e9 de Gironde de Golf vous souhaite la bienvenue sur son site !","publisher":{"@id":"https:\/\/cdgolf33.com\/#organization"},"potentialAction":[{"@type":"SearchAction","target":{"@type":"EntryPoint","urlTemplate":"https:\/\/cdgolf33.com\/?s={search_term_string}"},"query-input":{"@type":"PropertyValueSpecification","valueRequired":true,"valueName":"search_term_string"}}],"inLanguage":"fr-FR"},{"@type":"Organization","@id":"https:\/\/cdgolf33.com\/#organization","name":"Comit\u00e9 de Golf de Gironde","url":"https:\/\/cdgolf33.com\/","logo":{"@type":"ImageObject","inLanguage":"fr-FR","@id":"https:\/\/cdgolf33.com\/#\/schema\/logo\/image\/","url":"https:\/\/cdgolf33.com\/wp-content\/uploads\/2019\/05\/LOGOCD33.jpg","contentUrl":"https:\/\/cdgolf33.com\/wp-content\/uploads\/2019\/05\/LOGOCD33.jpg","width":220,"height":233,"caption":"Comit\u00e9 de Golf de Gironde"},"image":{"@id":"https:\/\/cdgolf33.com\/#\/schema\/logo\/image\/"},"sameAs":["https:\/\/x.com\/comitegolf33"]}]}},"_links":{"self":[{"href":"https:\/\/cdgolf33.com\/index.php\/wp-json\/wp\/v2\/pages\/2869","targetHints":{"allow":["GET"]}}],"collection":[{"href":"https:\/\/cdgolf33.com\/index.php\/wp-json\/wp\/v2\/pages"}],"about":[{"href":"https:\/\/cdgolf33.com\/index.php\/wp-json\/wp\/v2\/types\/page"}],"author":[{"embeddable":true,"href":"https:\/\/cdgolf33.com\/index.php\/wp-json\/wp\/v2\/users\/1"}],"replies":[{"embeddable":true,"href":"https:\/\/cdgolf33.com\/index.php\/wp-json\/wp\/v2\/comments?post=2869"}],"version-history":[{"count":0,"href":"https:\/\/cdgolf33.com\/index.php\/wp-json\/wp\/v2\/pages\/2869\/revisions"}],"wp:attachment":[{"href":"https:\/\/cdgolf33.com\/index.php\/wp-json\/wp\/v2\/media?parent=2869"}],"curies":[{"name":"wp","href":"https:\/\/api.w.org\/{rel}","templated":true}]}}