{"id":3946,"date":"2016-05-01T10:36:34","date_gmt":"2016-05-01T09:36:34","guid":{"rendered":"http:\/\/www.cdgolf33.com\/?page_id=2"},"modified":"2016-05-01T10:36:34","modified_gmt":"2016-05-01T09:36:34","slug":"championnat_interdepartemental","status":"publish","type":"page","link":"https:\/\/cdgolf33.com\/index.php\/championnat_interdepartemental\/","title":{"rendered":"CID &#8211; Championnat Inter D\u00e9partemental"},"content":{"rendered":"<p style=\"text-align: justify;\" align=\"LEFT\">Le <strong>Championnat Inter D\u00e9partemental (CID)\u00a0Aquitaine Nord<\/strong> s&rsquo;adresse aux jeunes des d\u00e9partements de Dordogne, de Gironde ou de Lot et Garonne.<\/p>\n<p style=\"text-align: justify;\" align=\"LEFT\">Pour la premi\u00e8re ann\u00e9e, ils ne concernent que les U12 et les U14, la fili\u00e8re U16 devenant sp\u00e9cifique.<\/p>\n<p style=\"text-align: justify;\" align=\"LEFT\">Il se dispute sur 2 \u00a0comp\u00e9titions de 18 trous en stroke play.<\/p>\n<p style=\"text-align: justify;\" align=\"LEFT\">Le r\u00e9sultat final du <strong>CID Aquitaine Nord<\/strong>\u00a0permet de d\u00e9terminer les joueurs et les joueuses qualifi\u00e9s pour le <strong>Championnat R\u00e9gional<\/strong> (<strong>CR<\/strong>).<\/p>\n<p>\u2192\u00a0\u00a0\u00a0<strong><a href=\"http:\/\/www.cdgolf33.com\/wp-content\/uploads\/2017\/04\/CIDNA17-Re\u0300glement-1.doc\" target=\"_blank\" rel=\"noopener noreferrer\">R\u00e8glement 2016 CID Aquitaine Nord<\/a>\u00a0<\/strong><\/p>\n<p style=\"text-align: left;\">Pour la premi\u00e8re journ\u00e9e \u00e0 Bordeaux Lac, vous trouverez les r\u00e9sultats ci-dessous :<\/p>\n<p style=\"text-align: left;\">R\u00e9sultats :\u00a0<a style=\"color: #ff0000;\" href=\"http:\/\/www.cdgolf33.com\/wp-content\/uploads\/2017\/04\/benjamines.pdf\">BENJAMINES<\/a> &#8211; <a style=\"color: #ff0000;\" href=\"http:\/\/www.cdgolf33.com\/wp-content\/uploads\/2017\/04\/benjamin.pdf\">BENJAMINS<\/a>\u00a0&#8211; <a style=\"color: #ff0000;\" href=\"http:\/\/www.cdgolf33.com\/wp-content\/uploads\/2017\/04\/U12F.pdf\">U12 FILLES<\/a> &#8211; <a style=\"color: #ff0000;\" href=\"http:\/\/www.cdgolf33.com\/wp-content\/uploads\/2017\/04\/U12G.pdf\">U12 GAR\u00c7ONS<\/a><\/p>\n<p style=\"text-align: left;\">Classement \u00e0 l&rsquo;issue du Tour 1 : (En attente)<\/p>\n<p>&nbsp;\t\t<\/p>\n","protected":false},"excerpt":{"rendered":"<p>Le Championnat Inter D\u00e9partemental (CID)\u00a0Aquitaine Nord s&rsquo;adresse aux jeunes des d\u00e9partements de Dordogne, de Gironde ou de Lot et Garonne. Pour la premi\u00e8re ann\u00e9e, ils ne concernent que les U12 et les U14, la fili\u00e8re U16 devenant sp\u00e9cifique. Il se dispute sur 2 \u00a0comp\u00e9titions de 18 trous en stroke play. [&hellip;]<\/p>\n","protected":false},"author":1,"featured_media":0,"parent":0,"menu_order":0,"comment_status":"closed","ping_status":"open","template":"","meta":{"footnotes":""},"class_list":["post-3946","page","type-page","status-publish","hentry"],"yoast_head":"<!-- This site is optimized with the Yoast SEO plugin v27.4 - https:\/\/yoast.com\/product\/yoast-seo-wordpress\/ -->\n<title>CID - Championnat Inter D\u00e9partemental - Comit\u00e9 D\u00e9partemental de Golf de Gironde<\/title>\n<meta name=\"robots\" content=\"index, follow, max-snippet:-1, max-image-preview:large, max-video-preview:-1\" \/>\n<link rel=\"canonical\" href=\"https:\/\/cdgolf33.com\/index.php\/championnat_interdepartemental\/\" \/>\n<meta property=\"og:locale\" content=\"fr_FR\" \/>\n<meta property=\"og:type\" content=\"article\" \/>\n<meta property=\"og:title\" content=\"CID - Championnat Inter D\u00e9partemental - Comit\u00e9 D\u00e9partemental de Golf de Gironde\" \/>\n<meta property=\"og:description\" content=\"Le Championnat Inter D\u00e9partemental (CID)\u00a0Aquitaine Nord s&rsquo;adresse aux jeunes des d\u00e9partements de Dordogne, de Gironde ou de Lot et Garonne. Pour la premi\u00e8re ann\u00e9e, ils ne concernent que les U12 et les U14, la fili\u00e8re U16 devenant sp\u00e9cifique. Il se dispute sur 2 \u00a0comp\u00e9titions de 18 trous en stroke play. [&hellip;]\" \/>\n<meta property=\"og:url\" content=\"https:\/\/cdgolf33.com\/index.php\/championnat_interdepartemental\/\" \/>\n<meta property=\"og:site_name\" content=\"Comit\u00e9 D\u00e9partemental de Golf de Gironde\" \/>\n<meta name=\"twitter:card\" content=\"summary_large_image\" \/>\n<meta name=\"twitter:site\" content=\"@comitegolf33\" \/>\n<meta name=\"twitter:label1\" content=\"Dur\u00e9e de lecture estim\u00e9e\" \/>\n\t<meta name=\"twitter:data1\" content=\"1 minute\" \/>\n<script type=\"application\/ld+json\" class=\"yoast-schema-graph\">{\"@context\":\"https:\\\/\\\/schema.org\",\"@graph\":[{\"@type\":\"WebPage\",\"@id\":\"https:\\\/\\\/cdgolf33.com\\\/index.php\\\/championnat_interdepartemental\\\/\",\"url\":\"https:\\\/\\\/cdgolf33.com\\\/index.php\\\/championnat_interdepartemental\\\/\",\"name\":\"CID - Championnat Inter D\u00e9partemental - Comit\u00e9 D\u00e9partemental de Golf de Gironde\",\"isPartOf\":{\"@id\":\"https:\\\/\\\/cdgolf33.com\\\/#website\"},\"datePublished\":\"2016-05-01T09:36:34+00:00\",\"breadcrumb\":{\"@id\":\"https:\\\/\\\/cdgolf33.com\\\/index.php\\\/championnat_interdepartemental\\\/#breadcrumb\"},\"inLanguage\":\"fr-FR\",\"potentialAction\":[{\"@type\":\"ReadAction\",\"target\":[\"https:\\\/\\\/cdgolf33.com\\\/index.php\\\/championnat_interdepartemental\\\/\"]}]},{\"@type\":\"BreadcrumbList\",\"@id\":\"https:\\\/\\\/cdgolf33.com\\\/index.php\\\/championnat_interdepartemental\\\/#breadcrumb\",\"itemListElement\":[{\"@type\":\"ListItem\",\"position\":1,\"name\":\"Accueil\",\"item\":\"https:\\\/\\\/cdgolf33.com\\\/\"},{\"@type\":\"ListItem\",\"position\":2,\"name\":\"CID &#8211; Championnat Inter D\u00e9partemental\"}]},{\"@type\":\"WebSite\",\"@id\":\"https:\\\/\\\/cdgolf33.com\\\/#website\",\"url\":\"https:\\\/\\\/cdgolf33.com\\\/\",\"name\":\"Comit\u00e9 D\u00e9partemental de Golf de Gironde\",\"description\":\"Le Comit\u00e9 de Gironde de Golf vous souhaite la bienvenue sur son site !\",\"publisher\":{\"@id\":\"https:\\\/\\\/cdgolf33.com\\\/#organization\"},\"potentialAction\":[{\"@type\":\"SearchAction\",\"target\":{\"@type\":\"EntryPoint\",\"urlTemplate\":\"https:\\\/\\\/cdgolf33.com\\\/?s={search_term_string}\"},\"query-input\":{\"@type\":\"PropertyValueSpecification\",\"valueRequired\":true,\"valueName\":\"search_term_string\"}}],\"inLanguage\":\"fr-FR\"},{\"@type\":\"Organization\",\"@id\":\"https:\\\/\\\/cdgolf33.com\\\/#organization\",\"name\":\"Comit\u00e9 de Golf de Gironde\",\"url\":\"https:\\\/\\\/cdgolf33.com\\\/\",\"logo\":{\"@type\":\"ImageObject\",\"inLanguage\":\"fr-FR\",\"@id\":\"https:\\\/\\\/cdgolf33.com\\\/#\\\/schema\\\/logo\\\/image\\\/\",\"url\":\"https:\\\/\\\/cdgolf33.com\\\/wp-content\\\/uploads\\\/2019\\\/05\\\/LOGOCD33.jpg\",\"contentUrl\":\"https:\\\/\\\/cdgolf33.com\\\/wp-content\\\/uploads\\\/2019\\\/05\\\/LOGOCD33.jpg\",\"width\":220,\"height\":233,\"caption\":\"Comit\u00e9 de Golf de Gironde\"},\"image\":{\"@id\":\"https:\\\/\\\/cdgolf33.com\\\/#\\\/schema\\\/logo\\\/image\\\/\"},\"sameAs\":[\"https:\\\/\\\/x.com\\\/comitegolf33\"]}]}<\/script>\n<!-- \/ Yoast SEO plugin. -->","yoast_head_json":{"title":"CID - Championnat Inter D\u00e9partemental - Comit\u00e9 D\u00e9partemental de Golf de Gironde","robots":{"index":"index","follow":"follow","max-snippet":"max-snippet:-1","max-image-preview":"max-image-preview:large","max-video-preview":"max-video-preview:-1"},"canonical":"https:\/\/cdgolf33.com\/index.php\/championnat_interdepartemental\/","og_locale":"fr_FR","og_type":"article","og_title":"CID - Championnat Inter D\u00e9partemental - Comit\u00e9 D\u00e9partemental de Golf de Gironde","og_description":"Le Championnat Inter D\u00e9partemental (CID)\u00a0Aquitaine Nord s&rsquo;adresse aux jeunes des d\u00e9partements de Dordogne, de Gironde ou de Lot et Garonne. Pour la premi\u00e8re ann\u00e9e, ils ne concernent que les U12 et les U14, la fili\u00e8re U16 devenant sp\u00e9cifique. Il se dispute sur 2 \u00a0comp\u00e9titions de 18 trous en stroke play. [&hellip;]","og_url":"https:\/\/cdgolf33.com\/index.php\/championnat_interdepartemental\/","og_site_name":"Comit\u00e9 D\u00e9partemental de Golf de Gironde","twitter_card":"summary_large_image","twitter_site":"@comitegolf33","twitter_misc":{"Dur\u00e9e de lecture estim\u00e9e":"1 minute"},"schema":{"@context":"https:\/\/schema.org","@graph":[{"@type":"WebPage","@id":"https:\/\/cdgolf33.com\/index.php\/championnat_interdepartemental\/","url":"https:\/\/cdgolf33.com\/index.php\/championnat_interdepartemental\/","name":"CID - Championnat Inter D\u00e9partemental - Comit\u00e9 D\u00e9partemental de Golf de Gironde","isPartOf":{"@id":"https:\/\/cdgolf33.com\/#website"},"datePublished":"2016-05-01T09:36:34+00:00","breadcrumb":{"@id":"https:\/\/cdgolf33.com\/index.php\/championnat_interdepartemental\/#breadcrumb"},"inLanguage":"fr-FR","potentialAction":[{"@type":"ReadAction","target":["https:\/\/cdgolf33.com\/index.php\/championnat_interdepartemental\/"]}]},{"@type":"BreadcrumbList","@id":"https:\/\/cdgolf33.com\/index.php\/championnat_interdepartemental\/#breadcrumb","itemListElement":[{"@type":"ListItem","position":1,"name":"Accueil","item":"https:\/\/cdgolf33.com\/"},{"@type":"ListItem","position":2,"name":"CID &#8211; Championnat Inter D\u00e9partemental"}]},{"@type":"WebSite","@id":"https:\/\/cdgolf33.com\/#website","url":"https:\/\/cdgolf33.com\/","name":"Comit\u00e9 D\u00e9partemental de Golf de Gironde","description":"Le Comit\u00e9 de Gironde de Golf vous souhaite la bienvenue sur son site !","publisher":{"@id":"https:\/\/cdgolf33.com\/#organization"},"potentialAction":[{"@type":"SearchAction","target":{"@type":"EntryPoint","urlTemplate":"https:\/\/cdgolf33.com\/?s={search_term_string}"},"query-input":{"@type":"PropertyValueSpecification","valueRequired":true,"valueName":"search_term_string"}}],"inLanguage":"fr-FR"},{"@type":"Organization","@id":"https:\/\/cdgolf33.com\/#organization","name":"Comit\u00e9 de Golf de Gironde","url":"https:\/\/cdgolf33.com\/","logo":{"@type":"ImageObject","inLanguage":"fr-FR","@id":"https:\/\/cdgolf33.com\/#\/schema\/logo\/image\/","url":"https:\/\/cdgolf33.com\/wp-content\/uploads\/2019\/05\/LOGOCD33.jpg","contentUrl":"https:\/\/cdgolf33.com\/wp-content\/uploads\/2019\/05\/LOGOCD33.jpg","width":220,"height":233,"caption":"Comit\u00e9 de Golf de Gironde"},"image":{"@id":"https:\/\/cdgolf33.com\/#\/schema\/logo\/image\/"},"sameAs":["https:\/\/x.com\/comitegolf33"]}]}},"_links":{"self":[{"href":"https:\/\/cdgolf33.com\/index.php\/wp-json\/wp\/v2\/pages\/3946","targetHints":{"allow":["GET"]}}],"collection":[{"href":"https:\/\/cdgolf33.com\/index.php\/wp-json\/wp\/v2\/pages"}],"about":[{"href":"https:\/\/cdgolf33.com\/index.php\/wp-json\/wp\/v2\/types\/page"}],"author":[{"embeddable":true,"href":"https:\/\/cdgolf33.com\/index.php\/wp-json\/wp\/v2\/users\/1"}],"replies":[{"embeddable":true,"href":"https:\/\/cdgolf33.com\/index.php\/wp-json\/wp\/v2\/comments?post=3946"}],"version-history":[{"count":0,"href":"https:\/\/cdgolf33.com\/index.php\/wp-json\/wp\/v2\/pages\/3946\/revisions"}],"wp:attachment":[{"href":"https:\/\/cdgolf33.com\/index.php\/wp-json\/wp\/v2\/media?parent=3946"}],"curies":[{"name":"wp","href":"https:\/\/api.w.org\/{rel}","templated":true}]}}