{"id":4077,"date":"2019-02-11T15:05:13","date_gmt":"2019-02-11T14:05:13","guid":{"rendered":"http:\/\/www.cdgolf33.com\/?page_id=4077"},"modified":"2020-11-30T10:36:07","modified_gmt":"2020-11-30T09:36:07","slug":"mentions-legales","status":"publish","type":"page","link":"https:\/\/cdgolf33.com\/index.php\/mentions-legales\/","title":{"rendered":"Mentions L\u00e9gales"},"content":{"rendered":"<p><strong>En application de la loi n\u00b02004-575 du 21 juin 2004 relative \u00e0 la confiance dans l\u2019\u00e9conomie num\u00e9rique, vous trouverez ci-dessous les informations l\u00e9gales concernant ce site : <\/strong><\/p>\n<p><strong>Protection des donn\u00e9es personnelles<\/strong><br \/>\nConform\u00e9ment \u00e0 la loi Informatique et Libert\u00e9s du 6 janvier 1978 (art. 34), vous disposez d\u2019un droit d\u2019acc\u00e8s, de rectification ou de suppression concernant les donn\u00e9es personnelles vous concernant.<strong><br \/>\n<\/strong><\/p>\n<p><strong>Droits d\u2019auteur <\/strong><br \/>\n<a href=\"http:\/\/www.ec44.fr\/tice\/wp-content\/uploads\/2013\/09\/CC.jpg\"><img decoding=\"async\" class=\"alignright size-medium wp-image-199\" src=\"http:\/\/www.ec44.fr\/tice\/wp-content\/uploads\/2013\/09\/CC-300x104.jpg\" sizes=\"(max-width: 87px) 100vw, 87px\" srcset=\"https:\/\/www.ec44.fr\/tice\/wp-content\/uploads\/2013\/09\/CC-300x104.jpg 300w, https:\/\/www.ec44.fr\/tice\/wp-content\/uploads\/2013\/09\/CC.jpg 322w\" alt=\"CC\" width=\"87\" height=\"30\" \/><\/a>Tous les articles et documents de ce site sont sous licence Cr\u00e9ative Commons. Vous pouvez les t\u00e9l\u00e9charger et les utiliser \u00e0 des fins p\u00e9dagogiques. Nous vous demandons de conserver la source.<\/p>\n<p>Malgr\u00e9 tous les soins apport\u00e9s \u00e0 la r\u00e9alisation de ce site et \u00e0 son actualisation r\u00e9guli\u00e8re, des erreurs peuvent s\u2019\u00eatre gliss\u00e9es dans les informations et\/ou documents pr\u00e9sent\u00e9s. Si vous en constatez n\u2019h\u00e9sitez pas \u00e0 nous le faire savoir en nous contactant, nous proc\u00e9derons aux rectifications correspondantes.<\/p>\n<p><strong>Liens hypertextes<\/strong><br \/>\nCe site contient des liens hypertextes permettant l\u2019acc\u00e8s \u00e0 des sites qui ne sont pas \u00e9dit\u00e9s par le responsable de ce site.<br \/>\nEn cons\u00e9quence le directeur de publication ne saurait \u00eatre tenu pour responsable du contenu des sites auxquels l\u2019internaute aurait ainsi acc\u00e8s.<\/p>\n<p><strong>\u00c9diteur responsable<\/strong><br \/>\nLe pr\u00e9sent site est la propri\u00e9t\u00e9 du Comit\u00e9 D\u00e9partemental de Golf de la Gironde.<br \/>\nLa gestion du site est assur\u00e9e par le secr\u00e9taire Alexandre DORET (Contact via le formulaire pr\u00e9sent dans la section <a href=\"https:\/\/cdgolf33.com\/index.php\/nous-contacter\/\">Nous Contacter<\/a>).<\/p>\n<p><strong>Cr\u00e9ation<\/strong><\/p>\n<p>Soci\u00e9t\u00e9 <a href=\"http:\/\/www.alexandre-doret.com\">AD Inc.<\/a><\/p>\n<p><strong>H\u00e9bergement du site<\/strong><\/p>\n<p>Il est h\u00e9berg\u00e9 par l&rsquo;entreprise OVH.<\/p>\n<p><strong>Gestion \u00e9ditoriale<br \/>\n<\/strong>La gestion \u00e9ditoriale du site est assur\u00e9e par :<\/p>\n<p>M. Alexandre DORET, secr\u00e9taire g\u00e9n\u00e9ral (Contact via le formulaire pr\u00e9sent dans la section <a href=\"https:\/\/cdgolf33.com\/index.php\/nous-contacter\/\">Nous Contacter<\/a>).<\/p>\n<p><strong>D\u00e9l\u00e9gu\u00e9 \u00e0 la Protection des Donn\u00e9es (DPO)<\/strong><\/p>\n<p>R\u00e9f\u00e9rent RGPD : M. Alexandre DORET, secr\u00e9taire g\u00e9n\u00e9ral (Contact via le formulaire pr\u00e9sent dans la section <a href=\"https:\/\/cdgolf33.com\/index.php\/nous-contacter\/\">Nous Contacter<\/a>).<\/p>\n","protected":false},"excerpt":{"rendered":"<p>En application de la loi n\u00b02004-575 du 21 juin 2004 relative \u00e0 la confiance dans l\u2019\u00e9conomie num\u00e9rique, vous trouverez ci-dessous les informations l\u00e9gales concernant ce site : Protection des donn\u00e9es personnelles Conform\u00e9ment \u00e0 la loi Informatique et Libert\u00e9s du 6 janvier 1978 (art. 34), vous disposez d\u2019un droit d\u2019acc\u00e8s, de [&hellip;]<\/p>\n","protected":false},"author":1,"featured_media":0,"parent":0,"menu_order":0,"comment_status":"closed","ping_status":"closed","template":"","meta":{"footnotes":""},"class_list":["post-4077","page","type-page","status-publish","hentry"],"yoast_head":"<!-- This site is optimized with the Yoast SEO plugin v27.4 - https:\/\/yoast.com\/product\/yoast-seo-wordpress\/ -->\n<title>Mentions L\u00e9gales - Comit\u00e9 D\u00e9partemental de Golf de Gironde<\/title>\n<meta name=\"robots\" content=\"index, follow, max-snippet:-1, max-image-preview:large, max-video-preview:-1\" \/>\n<link rel=\"canonical\" href=\"https:\/\/cdgolf33.com\/index.php\/mentions-legales\/\" \/>\n<meta property=\"og:locale\" content=\"fr_FR\" \/>\n<meta property=\"og:type\" content=\"article\" \/>\n<meta property=\"og:title\" content=\"Mentions L\u00e9gales - Comit\u00e9 D\u00e9partemental de Golf de Gironde\" \/>\n<meta property=\"og:description\" content=\"En application de la loi n\u00b02004-575 du 21 juin 2004 relative \u00e0 la confiance dans l\u2019\u00e9conomie num\u00e9rique, vous trouverez ci-dessous les informations l\u00e9gales concernant ce site : Protection des donn\u00e9es personnelles Conform\u00e9ment \u00e0 la loi Informatique et Libert\u00e9s du 6 janvier 1978 (art. 34), vous disposez d\u2019un droit d\u2019acc\u00e8s, de [&hellip;]\" \/>\n<meta property=\"og:url\" content=\"https:\/\/cdgolf33.com\/index.php\/mentions-legales\/\" \/>\n<meta property=\"og:site_name\" content=\"Comit\u00e9 D\u00e9partemental de Golf de Gironde\" \/>\n<meta property=\"article:modified_time\" content=\"2020-11-30T09:36:07+00:00\" \/>\n<meta property=\"og:image\" content=\"http:\/\/www.ec44.fr\/tice\/wp-content\/uploads\/2013\/09\/CC-300x104.jpg\" \/>\n<meta name=\"twitter:card\" content=\"summary_large_image\" \/>\n<meta name=\"twitter:site\" content=\"@comitegolf33\" \/>\n<meta name=\"twitter:label1\" content=\"Dur\u00e9e de lecture estim\u00e9e\" \/>\n\t<meta name=\"twitter:data1\" content=\"2 minutes\" \/>\n<script type=\"application\/ld+json\" class=\"yoast-schema-graph\">{\"@context\":\"https:\\\/\\\/schema.org\",\"@graph\":[{\"@type\":\"WebPage\",\"@id\":\"https:\\\/\\\/cdgolf33.com\\\/index.php\\\/mentions-legales\\\/\",\"url\":\"https:\\\/\\\/cdgolf33.com\\\/index.php\\\/mentions-legales\\\/\",\"name\":\"Mentions L\u00e9gales - Comit\u00e9 D\u00e9partemental de Golf de Gironde\",\"isPartOf\":{\"@id\":\"https:\\\/\\\/cdgolf33.com\\\/#website\"},\"primaryImageOfPage\":{\"@id\":\"https:\\\/\\\/cdgolf33.com\\\/index.php\\\/mentions-legales\\\/#primaryimage\"},\"image\":{\"@id\":\"https:\\\/\\\/cdgolf33.com\\\/index.php\\\/mentions-legales\\\/#primaryimage\"},\"thumbnailUrl\":\"http:\\\/\\\/www.ec44.fr\\\/tice\\\/wp-content\\\/uploads\\\/2013\\\/09\\\/CC-300x104.jpg\",\"datePublished\":\"2019-02-11T14:05:13+00:00\",\"dateModified\":\"2020-11-30T09:36:07+00:00\",\"breadcrumb\":{\"@id\":\"https:\\\/\\\/cdgolf33.com\\\/index.php\\\/mentions-legales\\\/#breadcrumb\"},\"inLanguage\":\"fr-FR\",\"potentialAction\":[{\"@type\":\"ReadAction\",\"target\":[\"https:\\\/\\\/cdgolf33.com\\\/index.php\\\/mentions-legales\\\/\"]}]},{\"@type\":\"ImageObject\",\"inLanguage\":\"fr-FR\",\"@id\":\"https:\\\/\\\/cdgolf33.com\\\/index.php\\\/mentions-legales\\\/#primaryimage\",\"url\":\"http:\\\/\\\/www.ec44.fr\\\/tice\\\/wp-content\\\/uploads\\\/2013\\\/09\\\/CC-300x104.jpg\",\"contentUrl\":\"http:\\\/\\\/www.ec44.fr\\\/tice\\\/wp-content\\\/uploads\\\/2013\\\/09\\\/CC-300x104.jpg\"},{\"@type\":\"BreadcrumbList\",\"@id\":\"https:\\\/\\\/cdgolf33.com\\\/index.php\\\/mentions-legales\\\/#breadcrumb\",\"itemListElement\":[{\"@type\":\"ListItem\",\"position\":1,\"name\":\"Accueil\",\"item\":\"https:\\\/\\\/cdgolf33.com\\\/\"},{\"@type\":\"ListItem\",\"position\":2,\"name\":\"Mentions L\u00e9gales\"}]},{\"@type\":\"WebSite\",\"@id\":\"https:\\\/\\\/cdgolf33.com\\\/#website\",\"url\":\"https:\\\/\\\/cdgolf33.com\\\/\",\"name\":\"Comit\u00e9 D\u00e9partemental de Golf de Gironde\",\"description\":\"Le Comit\u00e9 de Gironde de Golf vous souhaite la bienvenue sur son site !\",\"publisher\":{\"@id\":\"https:\\\/\\\/cdgolf33.com\\\/#organization\"},\"potentialAction\":[{\"@type\":\"SearchAction\",\"target\":{\"@type\":\"EntryPoint\",\"urlTemplate\":\"https:\\\/\\\/cdgolf33.com\\\/?s={search_term_string}\"},\"query-input\":{\"@type\":\"PropertyValueSpecification\",\"valueRequired\":true,\"valueName\":\"search_term_string\"}}],\"inLanguage\":\"fr-FR\"},{\"@type\":\"Organization\",\"@id\":\"https:\\\/\\\/cdgolf33.com\\\/#organization\",\"name\":\"Comit\u00e9 de Golf de Gironde\",\"url\":\"https:\\\/\\\/cdgolf33.com\\\/\",\"logo\":{\"@type\":\"ImageObject\",\"inLanguage\":\"fr-FR\",\"@id\":\"https:\\\/\\\/cdgolf33.com\\\/#\\\/schema\\\/logo\\\/image\\\/\",\"url\":\"https:\\\/\\\/cdgolf33.com\\\/wp-content\\\/uploads\\\/2019\\\/05\\\/LOGOCD33.jpg\",\"contentUrl\":\"https:\\\/\\\/cdgolf33.com\\\/wp-content\\\/uploads\\\/2019\\\/05\\\/LOGOCD33.jpg\",\"width\":220,\"height\":233,\"caption\":\"Comit\u00e9 de Golf de Gironde\"},\"image\":{\"@id\":\"https:\\\/\\\/cdgolf33.com\\\/#\\\/schema\\\/logo\\\/image\\\/\"},\"sameAs\":[\"https:\\\/\\\/x.com\\\/comitegolf33\"]}]}<\/script>\n<!-- \/ Yoast SEO plugin. -->","yoast_head_json":{"title":"Mentions L\u00e9gales - Comit\u00e9 D\u00e9partemental de Golf de Gironde","robots":{"index":"index","follow":"follow","max-snippet":"max-snippet:-1","max-image-preview":"max-image-preview:large","max-video-preview":"max-video-preview:-1"},"canonical":"https:\/\/cdgolf33.com\/index.php\/mentions-legales\/","og_locale":"fr_FR","og_type":"article","og_title":"Mentions L\u00e9gales - Comit\u00e9 D\u00e9partemental de Golf de Gironde","og_description":"En application de la loi n\u00b02004-575 du 21 juin 2004 relative \u00e0 la confiance dans l\u2019\u00e9conomie num\u00e9rique, vous trouverez ci-dessous les informations l\u00e9gales concernant ce site : Protection des donn\u00e9es personnelles Conform\u00e9ment \u00e0 la loi Informatique et Libert\u00e9s du 6 janvier 1978 (art. 34), vous disposez d\u2019un droit d\u2019acc\u00e8s, de [&hellip;]","og_url":"https:\/\/cdgolf33.com\/index.php\/mentions-legales\/","og_site_name":"Comit\u00e9 D\u00e9partemental de Golf de Gironde","article_modified_time":"2020-11-30T09:36:07+00:00","og_image":[{"url":"http:\/\/www.ec44.fr\/tice\/wp-content\/uploads\/2013\/09\/CC-300x104.jpg","type":"","width":"","height":""}],"twitter_card":"summary_large_image","twitter_site":"@comitegolf33","twitter_misc":{"Dur\u00e9e de lecture estim\u00e9e":"2 minutes"},"schema":{"@context":"https:\/\/schema.org","@graph":[{"@type":"WebPage","@id":"https:\/\/cdgolf33.com\/index.php\/mentions-legales\/","url":"https:\/\/cdgolf33.com\/index.php\/mentions-legales\/","name":"Mentions L\u00e9gales - Comit\u00e9 D\u00e9partemental de Golf de Gironde","isPartOf":{"@id":"https:\/\/cdgolf33.com\/#website"},"primaryImageOfPage":{"@id":"https:\/\/cdgolf33.com\/index.php\/mentions-legales\/#primaryimage"},"image":{"@id":"https:\/\/cdgolf33.com\/index.php\/mentions-legales\/#primaryimage"},"thumbnailUrl":"http:\/\/www.ec44.fr\/tice\/wp-content\/uploads\/2013\/09\/CC-300x104.jpg","datePublished":"2019-02-11T14:05:13+00:00","dateModified":"2020-11-30T09:36:07+00:00","breadcrumb":{"@id":"https:\/\/cdgolf33.com\/index.php\/mentions-legales\/#breadcrumb"},"inLanguage":"fr-FR","potentialAction":[{"@type":"ReadAction","target":["https:\/\/cdgolf33.com\/index.php\/mentions-legales\/"]}]},{"@type":"ImageObject","inLanguage":"fr-FR","@id":"https:\/\/cdgolf33.com\/index.php\/mentions-legales\/#primaryimage","url":"http:\/\/www.ec44.fr\/tice\/wp-content\/uploads\/2013\/09\/CC-300x104.jpg","contentUrl":"http:\/\/www.ec44.fr\/tice\/wp-content\/uploads\/2013\/09\/CC-300x104.jpg"},{"@type":"BreadcrumbList","@id":"https:\/\/cdgolf33.com\/index.php\/mentions-legales\/#breadcrumb","itemListElement":[{"@type":"ListItem","position":1,"name":"Accueil","item":"https:\/\/cdgolf33.com\/"},{"@type":"ListItem","position":2,"name":"Mentions L\u00e9gales"}]},{"@type":"WebSite","@id":"https:\/\/cdgolf33.com\/#website","url":"https:\/\/cdgolf33.com\/","name":"Comit\u00e9 D\u00e9partemental de Golf de Gironde","description":"Le Comit\u00e9 de Gironde de Golf vous souhaite la bienvenue sur son site !","publisher":{"@id":"https:\/\/cdgolf33.com\/#organization"},"potentialAction":[{"@type":"SearchAction","target":{"@type":"EntryPoint","urlTemplate":"https:\/\/cdgolf33.com\/?s={search_term_string}"},"query-input":{"@type":"PropertyValueSpecification","valueRequired":true,"valueName":"search_term_string"}}],"inLanguage":"fr-FR"},{"@type":"Organization","@id":"https:\/\/cdgolf33.com\/#organization","name":"Comit\u00e9 de Golf de Gironde","url":"https:\/\/cdgolf33.com\/","logo":{"@type":"ImageObject","inLanguage":"fr-FR","@id":"https:\/\/cdgolf33.com\/#\/schema\/logo\/image\/","url":"https:\/\/cdgolf33.com\/wp-content\/uploads\/2019\/05\/LOGOCD33.jpg","contentUrl":"https:\/\/cdgolf33.com\/wp-content\/uploads\/2019\/05\/LOGOCD33.jpg","width":220,"height":233,"caption":"Comit\u00e9 de Golf de Gironde"},"image":{"@id":"https:\/\/cdgolf33.com\/#\/schema\/logo\/image\/"},"sameAs":["https:\/\/x.com\/comitegolf33"]}]}},"_links":{"self":[{"href":"https:\/\/cdgolf33.com\/index.php\/wp-json\/wp\/v2\/pages\/4077","targetHints":{"allow":["GET"]}}],"collection":[{"href":"https:\/\/cdgolf33.com\/index.php\/wp-json\/wp\/v2\/pages"}],"about":[{"href":"https:\/\/cdgolf33.com\/index.php\/wp-json\/wp\/v2\/types\/page"}],"author":[{"embeddable":true,"href":"https:\/\/cdgolf33.com\/index.php\/wp-json\/wp\/v2\/users\/1"}],"replies":[{"embeddable":true,"href":"https:\/\/cdgolf33.com\/index.php\/wp-json\/wp\/v2\/comments?post=4077"}],"version-history":[{"count":8,"href":"https:\/\/cdgolf33.com\/index.php\/wp-json\/wp\/v2\/pages\/4077\/revisions"}],"predecessor-version":[{"id":5415,"href":"https:\/\/cdgolf33.com\/index.php\/wp-json\/wp\/v2\/pages\/4077\/revisions\/5415"}],"wp:attachment":[{"href":"https:\/\/cdgolf33.com\/index.php\/wp-json\/wp\/v2\/media?parent=4077"}],"curies":[{"name":"wp","href":"https:\/\/api.w.org\/{rel}","templated":true}]}}