{"id":4712,"date":"2019-10-24T14:23:21","date_gmt":"2019-10-24T12:23:21","guid":{"rendered":"http:\/\/cdgolf33.com\/?page_id=4712"},"modified":"2019-10-24T14:25:41","modified_gmt":"2019-10-24T12:25:41","slug":"golf-de-lacanau-baganais","status":"publish","type":"page","link":"https:\/\/cdgolf33.com\/index.php\/golf-de-lacanau-baganais\/","title":{"rendered":"Golf de Lacanau &#8211; Baganais"},"content":{"rendered":"<h2>Leurs sites internet \u00e0 visiter:<\/h2>\n<p><a href=\"http:\/\/lacanaugolf.ucpa.com\" target=\"_blank\" rel=\"noopener noreferrer\">&gt;&gt;&gt; Aller vers le site du Golf de Lacanau &#8211; Baganais<\/a><\/p>\n<h2>Les contacter:<\/h2>\n<p>Le t\u00e9l\u00e9phone du Golf du Baganais: 05 56 03 14 56<\/p>\n<p><a href=\"http:\/\/lacanaugolf.ucpa.com\/acces-contact\/\" target=\"_blank\" rel=\"noopener noreferrer\">Contacter les Golfs de Lacanau &#8211; Baganais<\/a><\/p>\n<h2>Y aller:<\/h2>\n<p><strong>Golf &amp; Mini-golf du\u00a0<span data-scayt_word=\"Baganais\" data-scaytid=\"11\">Baganais<\/span><\/strong><\/p>\n<p>Route du\u00a0<span data-scayt_word=\"Baganais\" data-scaytid=\"12\">Baganais<\/span><br \/>\n33680\u00a0<span data-scayt_word=\"Lacanau\" data-scaytid=\"13\">Lacanau<\/span>\u00a0Oc\u00e9an<\/p>\n","protected":false},"excerpt":{"rendered":"<p>Leurs sites internet \u00e0 visiter: &gt;&gt;&gt; Aller vers le site du Golf de Lacanau &#8211; Baganais Les contacter: Le t\u00e9l\u00e9phone du Golf du Baganais: 05 56 03 14 56 Contacter les Golfs de Lacanau &#8211; Baganais Y aller: Golf &amp; Mini-golf du\u00a0Baganais Route du\u00a0Baganais 33680\u00a0Lacanau\u00a0Oc\u00e9an<\/p>\n","protected":false},"author":1,"featured_media":0,"parent":0,"menu_order":0,"comment_status":"closed","ping_status":"closed","template":"","meta":{"footnotes":""},"class_list":["post-4712","page","type-page","status-publish","hentry"],"yoast_head":"<!-- This site is optimized with the Yoast SEO plugin v27.3 - https:\/\/yoast.com\/product\/yoast-seo-wordpress\/ -->\n<title>Golf de Lacanau - Baganais - Comit\u00e9 D\u00e9partemental de Golf de Gironde<\/title>\n<meta name=\"robots\" content=\"index, follow, max-snippet:-1, max-image-preview:large, max-video-preview:-1\" \/>\n<link rel=\"canonical\" href=\"https:\/\/cdgolf33.com\/index.php\/golf-de-lacanau-baganais\/\" \/>\n<meta property=\"og:locale\" content=\"fr_FR\" \/>\n<meta property=\"og:type\" content=\"article\" \/>\n<meta property=\"og:title\" content=\"Golf de Lacanau - Baganais - Comit\u00e9 D\u00e9partemental de Golf de Gironde\" \/>\n<meta property=\"og:description\" content=\"Leurs sites internet \u00e0 visiter: &gt;&gt;&gt; Aller vers le site du Golf de Lacanau &#8211; Baganais Les contacter: Le t\u00e9l\u00e9phone du Golf du Baganais: 05 56 03 14 56 Contacter les Golfs de Lacanau &#8211; Baganais Y aller: Golf &amp; Mini-golf du\u00a0Baganais Route du\u00a0Baganais 33680\u00a0Lacanau\u00a0Oc\u00e9an\" \/>\n<meta property=\"og:url\" content=\"https:\/\/cdgolf33.com\/index.php\/golf-de-lacanau-baganais\/\" \/>\n<meta property=\"og:site_name\" content=\"Comit\u00e9 D\u00e9partemental de Golf de Gironde\" \/>\n<meta property=\"article:modified_time\" content=\"2019-10-24T12:25:41+00:00\" \/>\n<meta name=\"twitter:card\" content=\"summary_large_image\" \/>\n<meta name=\"twitter:site\" content=\"@comitegolf33\" \/>\n<script type=\"application\/ld+json\" class=\"yoast-schema-graph\">{\"@context\":\"https:\\\/\\\/schema.org\",\"@graph\":[{\"@type\":\"WebPage\",\"@id\":\"https:\\\/\\\/cdgolf33.com\\\/index.php\\\/golf-de-lacanau-baganais\\\/\",\"url\":\"https:\\\/\\\/cdgolf33.com\\\/index.php\\\/golf-de-lacanau-baganais\\\/\",\"name\":\"Golf de Lacanau - Baganais - Comit\u00e9 D\u00e9partemental de Golf de Gironde\",\"isPartOf\":{\"@id\":\"https:\\\/\\\/cdgolf33.com\\\/#website\"},\"datePublished\":\"2019-10-24T12:23:21+00:00\",\"dateModified\":\"2019-10-24T12:25:41+00:00\",\"breadcrumb\":{\"@id\":\"https:\\\/\\\/cdgolf33.com\\\/index.php\\\/golf-de-lacanau-baganais\\\/#breadcrumb\"},\"inLanguage\":\"fr-FR\",\"potentialAction\":[{\"@type\":\"ReadAction\",\"target\":[\"https:\\\/\\\/cdgolf33.com\\\/index.php\\\/golf-de-lacanau-baganais\\\/\"]}]},{\"@type\":\"BreadcrumbList\",\"@id\":\"https:\\\/\\\/cdgolf33.com\\\/index.php\\\/golf-de-lacanau-baganais\\\/#breadcrumb\",\"itemListElement\":[{\"@type\":\"ListItem\",\"position\":1,\"name\":\"Accueil\",\"item\":\"https:\\\/\\\/cdgolf33.com\\\/\"},{\"@type\":\"ListItem\",\"position\":2,\"name\":\"Golf de Lacanau &#8211; Baganais\"}]},{\"@type\":\"WebSite\",\"@id\":\"https:\\\/\\\/cdgolf33.com\\\/#website\",\"url\":\"https:\\\/\\\/cdgolf33.com\\\/\",\"name\":\"Comit\u00e9 D\u00e9partemental de Golf de Gironde\",\"description\":\"Le Comit\u00e9 de Gironde de Golf vous souhaite la bienvenue sur son site !\",\"publisher\":{\"@id\":\"https:\\\/\\\/cdgolf33.com\\\/#organization\"},\"potentialAction\":[{\"@type\":\"SearchAction\",\"target\":{\"@type\":\"EntryPoint\",\"urlTemplate\":\"https:\\\/\\\/cdgolf33.com\\\/?s={search_term_string}\"},\"query-input\":{\"@type\":\"PropertyValueSpecification\",\"valueRequired\":true,\"valueName\":\"search_term_string\"}}],\"inLanguage\":\"fr-FR\"},{\"@type\":\"Organization\",\"@id\":\"https:\\\/\\\/cdgolf33.com\\\/#organization\",\"name\":\"Comit\u00e9 de Golf de Gironde\",\"url\":\"https:\\\/\\\/cdgolf33.com\\\/\",\"logo\":{\"@type\":\"ImageObject\",\"inLanguage\":\"fr-FR\",\"@id\":\"https:\\\/\\\/cdgolf33.com\\\/#\\\/schema\\\/logo\\\/image\\\/\",\"url\":\"https:\\\/\\\/cdgolf33.com\\\/wp-content\\\/uploads\\\/2019\\\/05\\\/LOGOCD33.jpg\",\"contentUrl\":\"https:\\\/\\\/cdgolf33.com\\\/wp-content\\\/uploads\\\/2019\\\/05\\\/LOGOCD33.jpg\",\"width\":220,\"height\":233,\"caption\":\"Comit\u00e9 de Golf de Gironde\"},\"image\":{\"@id\":\"https:\\\/\\\/cdgolf33.com\\\/#\\\/schema\\\/logo\\\/image\\\/\"},\"sameAs\":[\"https:\\\/\\\/x.com\\\/comitegolf33\"]}]}<\/script>\n<!-- \/ Yoast SEO plugin. -->","yoast_head_json":{"title":"Golf de Lacanau - Baganais - Comit\u00e9 D\u00e9partemental de Golf de Gironde","robots":{"index":"index","follow":"follow","max-snippet":"max-snippet:-1","max-image-preview":"max-image-preview:large","max-video-preview":"max-video-preview:-1"},"canonical":"https:\/\/cdgolf33.com\/index.php\/golf-de-lacanau-baganais\/","og_locale":"fr_FR","og_type":"article","og_title":"Golf de Lacanau - Baganais - Comit\u00e9 D\u00e9partemental de Golf de Gironde","og_description":"Leurs sites internet \u00e0 visiter: &gt;&gt;&gt; Aller vers le site du Golf de Lacanau &#8211; Baganais Les contacter: Le t\u00e9l\u00e9phone du Golf du Baganais: 05 56 03 14 56 Contacter les Golfs de Lacanau &#8211; Baganais Y aller: Golf &amp; Mini-golf du\u00a0Baganais Route du\u00a0Baganais 33680\u00a0Lacanau\u00a0Oc\u00e9an","og_url":"https:\/\/cdgolf33.com\/index.php\/golf-de-lacanau-baganais\/","og_site_name":"Comit\u00e9 D\u00e9partemental de Golf de Gironde","article_modified_time":"2019-10-24T12:25:41+00:00","twitter_card":"summary_large_image","twitter_site":"@comitegolf33","schema":{"@context":"https:\/\/schema.org","@graph":[{"@type":"WebPage","@id":"https:\/\/cdgolf33.com\/index.php\/golf-de-lacanau-baganais\/","url":"https:\/\/cdgolf33.com\/index.php\/golf-de-lacanau-baganais\/","name":"Golf de Lacanau - Baganais - Comit\u00e9 D\u00e9partemental de Golf de Gironde","isPartOf":{"@id":"https:\/\/cdgolf33.com\/#website"},"datePublished":"2019-10-24T12:23:21+00:00","dateModified":"2019-10-24T12:25:41+00:00","breadcrumb":{"@id":"https:\/\/cdgolf33.com\/index.php\/golf-de-lacanau-baganais\/#breadcrumb"},"inLanguage":"fr-FR","potentialAction":[{"@type":"ReadAction","target":["https:\/\/cdgolf33.com\/index.php\/golf-de-lacanau-baganais\/"]}]},{"@type":"BreadcrumbList","@id":"https:\/\/cdgolf33.com\/index.php\/golf-de-lacanau-baganais\/#breadcrumb","itemListElement":[{"@type":"ListItem","position":1,"name":"Accueil","item":"https:\/\/cdgolf33.com\/"},{"@type":"ListItem","position":2,"name":"Golf de Lacanau &#8211; Baganais"}]},{"@type":"WebSite","@id":"https:\/\/cdgolf33.com\/#website","url":"https:\/\/cdgolf33.com\/","name":"Comit\u00e9 D\u00e9partemental de Golf de Gironde","description":"Le Comit\u00e9 de Gironde de Golf vous souhaite la bienvenue sur son site !","publisher":{"@id":"https:\/\/cdgolf33.com\/#organization"},"potentialAction":[{"@type":"SearchAction","target":{"@type":"EntryPoint","urlTemplate":"https:\/\/cdgolf33.com\/?s={search_term_string}"},"query-input":{"@type":"PropertyValueSpecification","valueRequired":true,"valueName":"search_term_string"}}],"inLanguage":"fr-FR"},{"@type":"Organization","@id":"https:\/\/cdgolf33.com\/#organization","name":"Comit\u00e9 de Golf de Gironde","url":"https:\/\/cdgolf33.com\/","logo":{"@type":"ImageObject","inLanguage":"fr-FR","@id":"https:\/\/cdgolf33.com\/#\/schema\/logo\/image\/","url":"https:\/\/cdgolf33.com\/wp-content\/uploads\/2019\/05\/LOGOCD33.jpg","contentUrl":"https:\/\/cdgolf33.com\/wp-content\/uploads\/2019\/05\/LOGOCD33.jpg","width":220,"height":233,"caption":"Comit\u00e9 de Golf de Gironde"},"image":{"@id":"https:\/\/cdgolf33.com\/#\/schema\/logo\/image\/"},"sameAs":["https:\/\/x.com\/comitegolf33"]}]}},"_links":{"self":[{"href":"https:\/\/cdgolf33.com\/index.php\/wp-json\/wp\/v2\/pages\/4712","targetHints":{"allow":["GET"]}}],"collection":[{"href":"https:\/\/cdgolf33.com\/index.php\/wp-json\/wp\/v2\/pages"}],"about":[{"href":"https:\/\/cdgolf33.com\/index.php\/wp-json\/wp\/v2\/types\/page"}],"author":[{"embeddable":true,"href":"https:\/\/cdgolf33.com\/index.php\/wp-json\/wp\/v2\/users\/1"}],"replies":[{"embeddable":true,"href":"https:\/\/cdgolf33.com\/index.php\/wp-json\/wp\/v2\/comments?post=4712"}],"version-history":[{"count":3,"href":"https:\/\/cdgolf33.com\/index.php\/wp-json\/wp\/v2\/pages\/4712\/revisions"}],"predecessor-version":[{"id":4715,"href":"https:\/\/cdgolf33.com\/index.php\/wp-json\/wp\/v2\/pages\/4712\/revisions\/4715"}],"wp:attachment":[{"href":"https:\/\/cdgolf33.com\/index.php\/wp-json\/wp\/v2\/media?parent=4712"}],"curies":[{"name":"wp","href":"https:\/\/api.w.org\/{rel}","templated":true}]}}