{"id":54,"date":"2013-12-16T15:13:03","date_gmt":"2013-12-16T14:13:03","guid":{"rendered":"http:\/\/kevin.dev\/wordpress\/cdgolf33\/?page_id=54"},"modified":"2013-12-16T15:13:03","modified_gmt":"2013-12-16T14:13:03","slug":"inter-ecoles-de-golf-2","status":"publish","type":"page","link":"https:\/\/cdgolf33.com\/index.php\/jeunes\/inter-ecoles-de-golf-2\/","title":{"rendered":"IEG &#8211; Inter Ecoles de Golf"},"content":{"rendered":"<p style=\"text-align: justify;\"><span style=\"font-size: small;\"><span style=\"font-size: small;\">Anciennement nomm\u00e9e Inter Clubs des Jeunes (ICJ), cette comp\u00e9tition s&rsquo;appelle d\u00e9sormais <strong>Inter \u00c9coles de Golf<\/strong> (<strong>IEG<\/strong>). Il s&rsquo;agit d&rsquo;une \u00e9preuve par \u00e9quipes destin\u00e9e aux \u00e9coles de golf de Gironde pour les jeunes de moins de 13 ans (U12)\u00a0class\u00e9s ou titulaires du Drapeau Blanc et pour les jeunes de moins de 17 ans (U16)\u00a0poss\u00e9dant un classement maximum de 45.<\/span><\/span><\/p>\n<p>\u2192\u00a0\u00a0<strong><a href=\"http:\/\/www.cdgolf33.com\/wp-content\/uploads\/2016\/10\/2017_IEG_r\u00e8glement.pdf\" target=\"_blank\" rel=\"noopener noreferrer\">R\u00e8glement<\/a><\/strong><br \/>\n\u2192\u00a0\u00a0<strong><a href=\"http:\/\/www.cdgolf33.com\/wp-content\/uploads\/2017\/02\/2017_IEG_r\u00e9sultats.pdf\" target=\"_blank\" rel=\"noopener noreferrer\">Calendrier et r\u00e9sultats 2016-2017 connus au 27\/01\/2017<\/a><br \/>\n\u2192\u00a0 <a href=\"http:\/\/www.cdgolf33.com\/wp-content\/uploads\/2016\/11\/CDG33_FeuilleMatchPlay.pdf\" target=\"_blank\" rel=\"noopener noreferrer\">Feuille de match \u00e0 t\u00e9l\u00e9charger<\/a><\/strong><\/p>\n<p>&nbsp;<\/p>\n<p><a href=\"http:\/\/www.cdgolf33.com\/wp-content\/uploads\/2017\/03\/finales-IEG2017.pdf\">R\u00e9sultats des finales ici<\/a><br \/>\n<span style=\"color: #ffffff;\">x<\/span><\/p>\n<p><span style=\"color: #ffffff;\">x<\/span><\/p>\n<p style=\"text-align: justify;\"><span style=\"color: #ffffff;\">\u25ca<strong>x<\/strong><\/span><\/p>\n<p style=\"text-align: justify;\"><a href=\"http:\/\/www.cdgolf33.com\/wp-content\/uploads\/2015\/03\/archives.jpg\"><img decoding=\"async\" class=\"alignnone size-full wp-image-1575\" src=\"http:\/\/www.cdgolf33.com\/wp-content\/uploads\/2015\/03\/archives.jpg\" alt=\"archives\" width=\"190\" height=\"49\" \/><\/a><\/p>\n<p style=\"text-align: justify;\">\u2192\u00a0 <strong><a href=\"http:\/\/www.cdgolf33.com\/wp-content\/uploads\/2016\/01\/2015_IEG_finales.pdf\" target=\"_blank\" rel=\"noopener noreferrer\">Palmar\u00e8s 2015<\/a><\/strong><\/p>\n<p style=\"text-align: justify;\">\u2192\u00a0\u00a0<strong><a href=\"http:\/\/www.cdgolf33.com\/wp-content\/uploads\/2014\/06\/2014_IEG_finales.pdf\" target=\"_blank\" rel=\"noopener noreferrer\">Palmar\u00e8s 2014<\/a><\/strong><\/p>\n","protected":false},"excerpt":{"rendered":"<p>Anciennement nomm\u00e9e Inter Clubs des Jeunes (ICJ), cette comp\u00e9tition s&rsquo;appelle d\u00e9sormais Inter \u00c9coles de Golf (IEG). Il s&rsquo;agit d&rsquo;une \u00e9preuve par \u00e9quipes destin\u00e9e aux \u00e9coles de golf de Gironde pour les jeunes de moins de 13 ans (U12)\u00a0class\u00e9s ou titulaires du Drapeau Blanc et pour les jeunes de moins de [&hellip;]<\/p>\n","protected":false},"author":1,"featured_media":0,"parent":48,"menu_order":0,"comment_status":"closed","ping_status":"closed","template":"","meta":{"footnotes":""},"class_list":["post-54","page","type-page","status-publish","hentry"],"yoast_head":"<!-- This site is optimized with the Yoast SEO plugin v27.5 - https:\/\/yoast.com\/product\/yoast-seo-wordpress\/ -->\n<title>IEG - Inter Ecoles de Golf - Comit\u00e9 D\u00e9partemental de Golf de Gironde<\/title>\n<meta name=\"robots\" content=\"index, follow, max-snippet:-1, max-image-preview:large, max-video-preview:-1\" \/>\n<link rel=\"canonical\" href=\"https:\/\/cdgolf33.com\/index.php\/jeunes\/inter-ecoles-de-golf-2\/\" \/>\n<meta property=\"og:locale\" content=\"fr_FR\" \/>\n<meta property=\"og:type\" content=\"article\" \/>\n<meta property=\"og:title\" content=\"IEG - Inter Ecoles de Golf - Comit\u00e9 D\u00e9partemental de Golf de Gironde\" \/>\n<meta property=\"og:description\" content=\"Anciennement nomm\u00e9e Inter Clubs des Jeunes (ICJ), cette comp\u00e9tition s&rsquo;appelle d\u00e9sormais Inter \u00c9coles de Golf (IEG). Il s&rsquo;agit d&rsquo;une \u00e9preuve par \u00e9quipes destin\u00e9e aux \u00e9coles de golf de Gironde pour les jeunes de moins de 13 ans (U12)\u00a0class\u00e9s ou titulaires du Drapeau Blanc et pour les jeunes de moins de [&hellip;]\" \/>\n<meta property=\"og:url\" content=\"https:\/\/cdgolf33.com\/index.php\/jeunes\/inter-ecoles-de-golf-2\/\" \/>\n<meta property=\"og:site_name\" content=\"Comit\u00e9 D\u00e9partemental de Golf de Gironde\" \/>\n<meta property=\"og:image\" content=\"http:\/\/www.cdgolf33.com\/wp-content\/uploads\/2015\/03\/archives.jpg\" \/>\n<meta name=\"twitter:card\" content=\"summary_large_image\" \/>\n<meta name=\"twitter:site\" content=\"@comitegolf33\" \/>\n<script type=\"application\/ld+json\" class=\"yoast-schema-graph\">{\"@context\":\"https:\\\/\\\/schema.org\",\"@graph\":[{\"@type\":\"WebPage\",\"@id\":\"https:\\\/\\\/cdgolf33.com\\\/index.php\\\/jeunes\\\/inter-ecoles-de-golf-2\\\/\",\"url\":\"https:\\\/\\\/cdgolf33.com\\\/index.php\\\/jeunes\\\/inter-ecoles-de-golf-2\\\/\",\"name\":\"IEG - Inter Ecoles de Golf - Comit\u00e9 D\u00e9partemental de Golf de Gironde\",\"isPartOf\":{\"@id\":\"https:\\\/\\\/cdgolf33.com\\\/#website\"},\"primaryImageOfPage\":{\"@id\":\"https:\\\/\\\/cdgolf33.com\\\/index.php\\\/jeunes\\\/inter-ecoles-de-golf-2\\\/#primaryimage\"},\"image\":{\"@id\":\"https:\\\/\\\/cdgolf33.com\\\/index.php\\\/jeunes\\\/inter-ecoles-de-golf-2\\\/#primaryimage\"},\"thumbnailUrl\":\"http:\\\/\\\/www.cdgolf33.com\\\/wp-content\\\/uploads\\\/2015\\\/03\\\/archives.jpg\",\"datePublished\":\"2013-12-16T14:13:03+00:00\",\"breadcrumb\":{\"@id\":\"https:\\\/\\\/cdgolf33.com\\\/index.php\\\/jeunes\\\/inter-ecoles-de-golf-2\\\/#breadcrumb\"},\"inLanguage\":\"fr-FR\",\"potentialAction\":[{\"@type\":\"ReadAction\",\"target\":[\"https:\\\/\\\/cdgolf33.com\\\/index.php\\\/jeunes\\\/inter-ecoles-de-golf-2\\\/\"]}]},{\"@type\":\"ImageObject\",\"inLanguage\":\"fr-FR\",\"@id\":\"https:\\\/\\\/cdgolf33.com\\\/index.php\\\/jeunes\\\/inter-ecoles-de-golf-2\\\/#primaryimage\",\"url\":\"http:\\\/\\\/www.cdgolf33.com\\\/wp-content\\\/uploads\\\/2015\\\/03\\\/archives.jpg\",\"contentUrl\":\"http:\\\/\\\/www.cdgolf33.com\\\/wp-content\\\/uploads\\\/2015\\\/03\\\/archives.jpg\"},{\"@type\":\"BreadcrumbList\",\"@id\":\"https:\\\/\\\/cdgolf33.com\\\/index.php\\\/jeunes\\\/inter-ecoles-de-golf-2\\\/#breadcrumb\",\"itemListElement\":[{\"@type\":\"ListItem\",\"position\":1,\"name\":\"Accueil\",\"item\":\"https:\\\/\\\/cdgolf33.com\\\/\"},{\"@type\":\"ListItem\",\"position\":2,\"name\":\"Jeunes\",\"item\":\"https:\\\/\\\/cdgolf33.com\\\/index.php\\\/jeunes\\\/\"},{\"@type\":\"ListItem\",\"position\":3,\"name\":\"IEG &#8211; Inter Ecoles de Golf\"}]},{\"@type\":\"WebSite\",\"@id\":\"https:\\\/\\\/cdgolf33.com\\\/#website\",\"url\":\"https:\\\/\\\/cdgolf33.com\\\/\",\"name\":\"Comit\u00e9 D\u00e9partemental de Golf de Gironde\",\"description\":\"Le Comit\u00e9 de Gironde de Golf vous souhaite la bienvenue sur son site !\",\"publisher\":{\"@id\":\"https:\\\/\\\/cdgolf33.com\\\/#organization\"},\"potentialAction\":[{\"@type\":\"SearchAction\",\"target\":{\"@type\":\"EntryPoint\",\"urlTemplate\":\"https:\\\/\\\/cdgolf33.com\\\/?s={search_term_string}\"},\"query-input\":{\"@type\":\"PropertyValueSpecification\",\"valueRequired\":true,\"valueName\":\"search_term_string\"}}],\"inLanguage\":\"fr-FR\"},{\"@type\":\"Organization\",\"@id\":\"https:\\\/\\\/cdgolf33.com\\\/#organization\",\"name\":\"Comit\u00e9 de Golf de Gironde\",\"url\":\"https:\\\/\\\/cdgolf33.com\\\/\",\"logo\":{\"@type\":\"ImageObject\",\"inLanguage\":\"fr-FR\",\"@id\":\"https:\\\/\\\/cdgolf33.com\\\/#\\\/schema\\\/logo\\\/image\\\/\",\"url\":\"https:\\\/\\\/cdgolf33.com\\\/wp-content\\\/uploads\\\/2019\\\/05\\\/LOGOCD33.jpg\",\"contentUrl\":\"https:\\\/\\\/cdgolf33.com\\\/wp-content\\\/uploads\\\/2019\\\/05\\\/LOGOCD33.jpg\",\"width\":220,\"height\":233,\"caption\":\"Comit\u00e9 de Golf de Gironde\"},\"image\":{\"@id\":\"https:\\\/\\\/cdgolf33.com\\\/#\\\/schema\\\/logo\\\/image\\\/\"},\"sameAs\":[\"https:\\\/\\\/x.com\\\/comitegolf33\"]}]}<\/script>\n<!-- \/ Yoast SEO plugin. -->","yoast_head_json":{"title":"IEG - Inter Ecoles de Golf - Comit\u00e9 D\u00e9partemental de Golf de Gironde","robots":{"index":"index","follow":"follow","max-snippet":"max-snippet:-1","max-image-preview":"max-image-preview:large","max-video-preview":"max-video-preview:-1"},"canonical":"https:\/\/cdgolf33.com\/index.php\/jeunes\/inter-ecoles-de-golf-2\/","og_locale":"fr_FR","og_type":"article","og_title":"IEG - Inter Ecoles de Golf - Comit\u00e9 D\u00e9partemental de Golf de Gironde","og_description":"Anciennement nomm\u00e9e Inter Clubs des Jeunes (ICJ), cette comp\u00e9tition s&rsquo;appelle d\u00e9sormais Inter \u00c9coles de Golf (IEG). Il s&rsquo;agit d&rsquo;une \u00e9preuve par \u00e9quipes destin\u00e9e aux \u00e9coles de golf de Gironde pour les jeunes de moins de 13 ans (U12)\u00a0class\u00e9s ou titulaires du Drapeau Blanc et pour les jeunes de moins de [&hellip;]","og_url":"https:\/\/cdgolf33.com\/index.php\/jeunes\/inter-ecoles-de-golf-2\/","og_site_name":"Comit\u00e9 D\u00e9partemental de Golf de Gironde","og_image":[{"url":"http:\/\/www.cdgolf33.com\/wp-content\/uploads\/2015\/03\/archives.jpg","type":"","width":"","height":""}],"twitter_card":"summary_large_image","twitter_site":"@comitegolf33","schema":{"@context":"https:\/\/schema.org","@graph":[{"@type":"WebPage","@id":"https:\/\/cdgolf33.com\/index.php\/jeunes\/inter-ecoles-de-golf-2\/","url":"https:\/\/cdgolf33.com\/index.php\/jeunes\/inter-ecoles-de-golf-2\/","name":"IEG - Inter Ecoles de Golf - Comit\u00e9 D\u00e9partemental de Golf de Gironde","isPartOf":{"@id":"https:\/\/cdgolf33.com\/#website"},"primaryImageOfPage":{"@id":"https:\/\/cdgolf33.com\/index.php\/jeunes\/inter-ecoles-de-golf-2\/#primaryimage"},"image":{"@id":"https:\/\/cdgolf33.com\/index.php\/jeunes\/inter-ecoles-de-golf-2\/#primaryimage"},"thumbnailUrl":"http:\/\/www.cdgolf33.com\/wp-content\/uploads\/2015\/03\/archives.jpg","datePublished":"2013-12-16T14:13:03+00:00","breadcrumb":{"@id":"https:\/\/cdgolf33.com\/index.php\/jeunes\/inter-ecoles-de-golf-2\/#breadcrumb"},"inLanguage":"fr-FR","potentialAction":[{"@type":"ReadAction","target":["https:\/\/cdgolf33.com\/index.php\/jeunes\/inter-ecoles-de-golf-2\/"]}]},{"@type":"ImageObject","inLanguage":"fr-FR","@id":"https:\/\/cdgolf33.com\/index.php\/jeunes\/inter-ecoles-de-golf-2\/#primaryimage","url":"http:\/\/www.cdgolf33.com\/wp-content\/uploads\/2015\/03\/archives.jpg","contentUrl":"http:\/\/www.cdgolf33.com\/wp-content\/uploads\/2015\/03\/archives.jpg"},{"@type":"BreadcrumbList","@id":"https:\/\/cdgolf33.com\/index.php\/jeunes\/inter-ecoles-de-golf-2\/#breadcrumb","itemListElement":[{"@type":"ListItem","position":1,"name":"Accueil","item":"https:\/\/cdgolf33.com\/"},{"@type":"ListItem","position":2,"name":"Jeunes","item":"https:\/\/cdgolf33.com\/index.php\/jeunes\/"},{"@type":"ListItem","position":3,"name":"IEG &#8211; Inter Ecoles de Golf"}]},{"@type":"WebSite","@id":"https:\/\/cdgolf33.com\/#website","url":"https:\/\/cdgolf33.com\/","name":"Comit\u00e9 D\u00e9partemental de Golf de Gironde","description":"Le Comit\u00e9 de Gironde de Golf vous souhaite la bienvenue sur son site !","publisher":{"@id":"https:\/\/cdgolf33.com\/#organization"},"potentialAction":[{"@type":"SearchAction","target":{"@type":"EntryPoint","urlTemplate":"https:\/\/cdgolf33.com\/?s={search_term_string}"},"query-input":{"@type":"PropertyValueSpecification","valueRequired":true,"valueName":"search_term_string"}}],"inLanguage":"fr-FR"},{"@type":"Organization","@id":"https:\/\/cdgolf33.com\/#organization","name":"Comit\u00e9 de Golf de Gironde","url":"https:\/\/cdgolf33.com\/","logo":{"@type":"ImageObject","inLanguage":"fr-FR","@id":"https:\/\/cdgolf33.com\/#\/schema\/logo\/image\/","url":"https:\/\/cdgolf33.com\/wp-content\/uploads\/2019\/05\/LOGOCD33.jpg","contentUrl":"https:\/\/cdgolf33.com\/wp-content\/uploads\/2019\/05\/LOGOCD33.jpg","width":220,"height":233,"caption":"Comit\u00e9 de Golf de Gironde"},"image":{"@id":"https:\/\/cdgolf33.com\/#\/schema\/logo\/image\/"},"sameAs":["https:\/\/x.com\/comitegolf33"]}]}},"_links":{"self":[{"href":"https:\/\/cdgolf33.com\/index.php\/wp-json\/wp\/v2\/pages\/54","targetHints":{"allow":["GET"]}}],"collection":[{"href":"https:\/\/cdgolf33.com\/index.php\/wp-json\/wp\/v2\/pages"}],"about":[{"href":"https:\/\/cdgolf33.com\/index.php\/wp-json\/wp\/v2\/types\/page"}],"author":[{"embeddable":true,"href":"https:\/\/cdgolf33.com\/index.php\/wp-json\/wp\/v2\/users\/1"}],"replies":[{"embeddable":true,"href":"https:\/\/cdgolf33.com\/index.php\/wp-json\/wp\/v2\/comments?post=54"}],"version-history":[{"count":0,"href":"https:\/\/cdgolf33.com\/index.php\/wp-json\/wp\/v2\/pages\/54\/revisions"}],"up":[{"embeddable":true,"href":"https:\/\/cdgolf33.com\/index.php\/wp-json\/wp\/v2\/pages\/48"}],"wp:attachment":[{"href":"https:\/\/cdgolf33.com\/index.php\/wp-json\/wp\/v2\/media?parent=54"}],"curies":[{"name":"wp","href":"https:\/\/api.w.org\/{rel}","templated":true}]}}