{"id":575,"date":"2014-02-26T14:58:22","date_gmt":"2014-02-26T13:58:22","guid":{"rendered":"http:\/\/www.cdgolf33.com\/?page_id=575"},"modified":"2014-02-26T14:58:22","modified_gmt":"2014-02-26T13:58:22","slug":"golf-de-pessac","status":"publish","type":"page","link":"https:\/\/cdgolf33.com\/index.php\/golf-de-pessac\/","title":{"rendered":"Golf de Pessac"},"content":{"rendered":"<h2 style=\"text-align: left;\"><a href=\"\/wp-content\/uploads\/2014\/02\/Pessac.jpg\"><img fetchpriority=\"high\" decoding=\"async\" class=\"aligncenter wp-image-291 size-full\" src=\"http:\/\/www.cdgolf33.com\/wp-content\/uploads\/2014\/02\/Pessac.jpg\" alt=\"Pessac\" width=\"750\" height=\"220\" srcset=\"https:\/\/cdgolf33.com\/wp-content\/uploads\/2014\/02\/Pessac.jpg 750w, https:\/\/cdgolf33.com\/wp-content\/uploads\/2014\/02\/Pessac-300x88.jpg 300w\" sizes=\"(max-width: 750px) 100vw, 750px\" \/><\/a><br \/>\nLeurs sites internet \u00e0 visiter:<\/h2>\n<p><a href=\"https:\/\/pessac.bluegreen.com\/fr\" target=\"_blank\" rel=\"noopener noreferrer\">&gt;&gt;&gt; Aller vers le site du Golf de Pessac<\/a><br \/>\n<a href=\"http:\/\/www.asgolfdepessac.fr\" target=\"_blank\" rel=\"noopener noreferrer\">&gt;&gt;&gt; Aller vers le site de l\u2019Association Sportive de Pessac<\/a><\/p>\n<h2>Les contacter:<\/h2>\n<p>Le t\u00e9l\u00e9phone du Golf et de l\u2019AS: 05 57 26 03 33<\/p>\n<p><a href=\"https:\/\/pessac.bluegreen.com\/fr\/contact\" target=\"_blank\" rel=\"noopener noreferrer\">Contacter le Golf de Pessac<\/a><\/p>\n<p><a href=\"http:\/\/www.asgolfdepessac.fr\" target=\"_blank\" rel=\"noopener noreferrer\">Contacter l\u2019AS (en bas du site \u00e0 gauche)<\/a><\/p>\n<h2>Y aller:<\/h2>\n<p>Golf Blue Green de\u00a0<strong>Pessac<\/strong><br \/>\nRue de la Princesse<br \/>\n33600 Pessac<\/p>\n<p style=\"text-align: center;\"><iframe src=\"https:\/\/www.google.fr\/maps?f=q&amp;source=s_q&amp;hl=fr&amp;geocode=&amp;q=golf+pessac&amp;aq=&amp;sll=45.000867,-1.171836&amp;sspn=0.001682,0.004128&amp;t=h&amp;ie=UTF8&amp;hq=golf&amp;hnear=Pessac,+Gironde,+Aquitaine&amp;fll=44.793835,-0.708532&amp;fspn=0.013507,0.033023&amp;st=109146043351405611748&amp;rq=1&amp;ev=zi&amp;split=1&amp;ll=44.796485,-0.719218&amp;spn=0.010659,0.018239&amp;z=15&amp;output=embed\" width=\"425\" height=\"350\" frameborder=\"0\" marginwidth=\"0\" marginheight=\"0\" scrolling=\"no\"><\/iframe><br \/>\n<small><a style=\"color: #0000ff; text-align: left;\" href=\"https:\/\/www.google.fr\/maps?f=q&amp;source=embed&amp;hl=fr&amp;geocode=&amp;q=golf+pessac&amp;aq=&amp;sll=45.000867,-1.171836&amp;sspn=0.001682,0.004128&amp;t=h&amp;ie=UTF8&amp;hq=golf&amp;hnear=Pessac,+Gironde,+Aquitaine&amp;fll=44.793835,-0.708532&amp;fspn=0.013507,0.033023&amp;st=109146043351405611748&amp;rq=1&amp;ev=zi&amp;split=1&amp;ll=44.796485,-0.719218&amp;spn=0.010659,0.018239&amp;z=15\" target=\"_blank\" rel=\"noopener noreferrer\">Agrandir le plan<\/a><\/small><\/p>\n","protected":false},"excerpt":{"rendered":"<p>Leurs sites internet \u00e0 visiter: &gt;&gt;&gt; Aller vers le site du Golf de Pessac &gt;&gt;&gt; Aller vers le site de l\u2019Association Sportive de Pessac Les contacter: Le t\u00e9l\u00e9phone du Golf et de l\u2019AS: 05 57 26 03 33 Contacter le Golf de Pessac Contacter l\u2019AS (en bas du site \u00e0 [&hellip;]<\/p>\n","protected":false},"author":1,"featured_media":0,"parent":0,"menu_order":0,"comment_status":"closed","ping_status":"open","template":"","meta":{"footnotes":""},"class_list":["post-575","page","type-page","status-publish","hentry"],"yoast_head":"<!-- This site is optimized with the Yoast SEO plugin v27.5 - https:\/\/yoast.com\/product\/yoast-seo-wordpress\/ -->\n<title>Golf de Pessac - Comit\u00e9 D\u00e9partemental de Golf de Gironde<\/title>\n<meta name=\"robots\" content=\"index, follow, max-snippet:-1, max-image-preview:large, max-video-preview:-1\" \/>\n<link rel=\"canonical\" href=\"https:\/\/cdgolf33.com\/index.php\/golf-de-pessac\/\" \/>\n<meta property=\"og:locale\" content=\"fr_FR\" \/>\n<meta property=\"og:type\" content=\"article\" \/>\n<meta property=\"og:title\" content=\"Golf de Pessac - Comit\u00e9 D\u00e9partemental de Golf de Gironde\" \/>\n<meta property=\"og:description\" content=\"Leurs sites internet \u00e0 visiter: &gt;&gt;&gt; Aller vers le site du Golf de Pessac &gt;&gt;&gt; Aller vers le site de l\u2019Association Sportive de Pessac Les contacter: Le t\u00e9l\u00e9phone du Golf et de l\u2019AS: 05 57 26 03 33 Contacter le Golf de Pessac Contacter l\u2019AS (en bas du site \u00e0 [&hellip;]\" \/>\n<meta property=\"og:url\" content=\"https:\/\/cdgolf33.com\/index.php\/golf-de-pessac\/\" \/>\n<meta property=\"og:site_name\" content=\"Comit\u00e9 D\u00e9partemental de Golf de Gironde\" \/>\n<meta property=\"og:image\" content=\"http:\/\/www.cdgolf33.com\/wp-content\/uploads\/2014\/02\/Pessac.jpg\" \/>\n<meta name=\"twitter:card\" content=\"summary_large_image\" \/>\n<meta name=\"twitter:site\" content=\"@comitegolf33\" \/>\n<script type=\"application\/ld+json\" class=\"yoast-schema-graph\">{\"@context\":\"https:\\\/\\\/schema.org\",\"@graph\":[{\"@type\":\"WebPage\",\"@id\":\"https:\\\/\\\/cdgolf33.com\\\/index.php\\\/golf-de-pessac\\\/\",\"url\":\"https:\\\/\\\/cdgolf33.com\\\/index.php\\\/golf-de-pessac\\\/\",\"name\":\"Golf de Pessac - Comit\u00e9 D\u00e9partemental de Golf de Gironde\",\"isPartOf\":{\"@id\":\"https:\\\/\\\/cdgolf33.com\\\/#website\"},\"primaryImageOfPage\":{\"@id\":\"https:\\\/\\\/cdgolf33.com\\\/index.php\\\/golf-de-pessac\\\/#primaryimage\"},\"image\":{\"@id\":\"https:\\\/\\\/cdgolf33.com\\\/index.php\\\/golf-de-pessac\\\/#primaryimage\"},\"thumbnailUrl\":\"http:\\\/\\\/www.cdgolf33.com\\\/wp-content\\\/uploads\\\/2014\\\/02\\\/Pessac.jpg\",\"datePublished\":\"2014-02-26T13:58:22+00:00\",\"breadcrumb\":{\"@id\":\"https:\\\/\\\/cdgolf33.com\\\/index.php\\\/golf-de-pessac\\\/#breadcrumb\"},\"inLanguage\":\"fr-FR\",\"potentialAction\":[{\"@type\":\"ReadAction\",\"target\":[\"https:\\\/\\\/cdgolf33.com\\\/index.php\\\/golf-de-pessac\\\/\"]}]},{\"@type\":\"ImageObject\",\"inLanguage\":\"fr-FR\",\"@id\":\"https:\\\/\\\/cdgolf33.com\\\/index.php\\\/golf-de-pessac\\\/#primaryimage\",\"url\":\"http:\\\/\\\/www.cdgolf33.com\\\/wp-content\\\/uploads\\\/2014\\\/02\\\/Pessac.jpg\",\"contentUrl\":\"http:\\\/\\\/www.cdgolf33.com\\\/wp-content\\\/uploads\\\/2014\\\/02\\\/Pessac.jpg\"},{\"@type\":\"BreadcrumbList\",\"@id\":\"https:\\\/\\\/cdgolf33.com\\\/index.php\\\/golf-de-pessac\\\/#breadcrumb\",\"itemListElement\":[{\"@type\":\"ListItem\",\"position\":1,\"name\":\"Accueil\",\"item\":\"https:\\\/\\\/cdgolf33.com\\\/\"},{\"@type\":\"ListItem\",\"position\":2,\"name\":\"Golf de Pessac\"}]},{\"@type\":\"WebSite\",\"@id\":\"https:\\\/\\\/cdgolf33.com\\\/#website\",\"url\":\"https:\\\/\\\/cdgolf33.com\\\/\",\"name\":\"Comit\u00e9 D\u00e9partemental de Golf de Gironde\",\"description\":\"Le Comit\u00e9 de Gironde de Golf vous souhaite la bienvenue sur son site !\",\"publisher\":{\"@id\":\"https:\\\/\\\/cdgolf33.com\\\/#organization\"},\"potentialAction\":[{\"@type\":\"SearchAction\",\"target\":{\"@type\":\"EntryPoint\",\"urlTemplate\":\"https:\\\/\\\/cdgolf33.com\\\/?s={search_term_string}\"},\"query-input\":{\"@type\":\"PropertyValueSpecification\",\"valueRequired\":true,\"valueName\":\"search_term_string\"}}],\"inLanguage\":\"fr-FR\"},{\"@type\":\"Organization\",\"@id\":\"https:\\\/\\\/cdgolf33.com\\\/#organization\",\"name\":\"Comit\u00e9 de Golf de Gironde\",\"url\":\"https:\\\/\\\/cdgolf33.com\\\/\",\"logo\":{\"@type\":\"ImageObject\",\"inLanguage\":\"fr-FR\",\"@id\":\"https:\\\/\\\/cdgolf33.com\\\/#\\\/schema\\\/logo\\\/image\\\/\",\"url\":\"https:\\\/\\\/cdgolf33.com\\\/wp-content\\\/uploads\\\/2019\\\/05\\\/LOGOCD33.jpg\",\"contentUrl\":\"https:\\\/\\\/cdgolf33.com\\\/wp-content\\\/uploads\\\/2019\\\/05\\\/LOGOCD33.jpg\",\"width\":220,\"height\":233,\"caption\":\"Comit\u00e9 de Golf de Gironde\"},\"image\":{\"@id\":\"https:\\\/\\\/cdgolf33.com\\\/#\\\/schema\\\/logo\\\/image\\\/\"},\"sameAs\":[\"https:\\\/\\\/x.com\\\/comitegolf33\"]}]}<\/script>\n<!-- \/ Yoast SEO plugin. -->","yoast_head_json":{"title":"Golf de Pessac - Comit\u00e9 D\u00e9partemental de Golf de Gironde","robots":{"index":"index","follow":"follow","max-snippet":"max-snippet:-1","max-image-preview":"max-image-preview:large","max-video-preview":"max-video-preview:-1"},"canonical":"https:\/\/cdgolf33.com\/index.php\/golf-de-pessac\/","og_locale":"fr_FR","og_type":"article","og_title":"Golf de Pessac - Comit\u00e9 D\u00e9partemental de Golf de Gironde","og_description":"Leurs sites internet \u00e0 visiter: &gt;&gt;&gt; Aller vers le site du Golf de Pessac &gt;&gt;&gt; Aller vers le site de l\u2019Association Sportive de Pessac Les contacter: Le t\u00e9l\u00e9phone du Golf et de l\u2019AS: 05 57 26 03 33 Contacter le Golf de Pessac Contacter l\u2019AS (en bas du site \u00e0 [&hellip;]","og_url":"https:\/\/cdgolf33.com\/index.php\/golf-de-pessac\/","og_site_name":"Comit\u00e9 D\u00e9partemental de Golf de Gironde","og_image":[{"url":"http:\/\/www.cdgolf33.com\/wp-content\/uploads\/2014\/02\/Pessac.jpg","type":"","width":"","height":""}],"twitter_card":"summary_large_image","twitter_site":"@comitegolf33","schema":{"@context":"https:\/\/schema.org","@graph":[{"@type":"WebPage","@id":"https:\/\/cdgolf33.com\/index.php\/golf-de-pessac\/","url":"https:\/\/cdgolf33.com\/index.php\/golf-de-pessac\/","name":"Golf de Pessac - Comit\u00e9 D\u00e9partemental de Golf de Gironde","isPartOf":{"@id":"https:\/\/cdgolf33.com\/#website"},"primaryImageOfPage":{"@id":"https:\/\/cdgolf33.com\/index.php\/golf-de-pessac\/#primaryimage"},"image":{"@id":"https:\/\/cdgolf33.com\/index.php\/golf-de-pessac\/#primaryimage"},"thumbnailUrl":"http:\/\/www.cdgolf33.com\/wp-content\/uploads\/2014\/02\/Pessac.jpg","datePublished":"2014-02-26T13:58:22+00:00","breadcrumb":{"@id":"https:\/\/cdgolf33.com\/index.php\/golf-de-pessac\/#breadcrumb"},"inLanguage":"fr-FR","potentialAction":[{"@type":"ReadAction","target":["https:\/\/cdgolf33.com\/index.php\/golf-de-pessac\/"]}]},{"@type":"ImageObject","inLanguage":"fr-FR","@id":"https:\/\/cdgolf33.com\/index.php\/golf-de-pessac\/#primaryimage","url":"http:\/\/www.cdgolf33.com\/wp-content\/uploads\/2014\/02\/Pessac.jpg","contentUrl":"http:\/\/www.cdgolf33.com\/wp-content\/uploads\/2014\/02\/Pessac.jpg"},{"@type":"BreadcrumbList","@id":"https:\/\/cdgolf33.com\/index.php\/golf-de-pessac\/#breadcrumb","itemListElement":[{"@type":"ListItem","position":1,"name":"Accueil","item":"https:\/\/cdgolf33.com\/"},{"@type":"ListItem","position":2,"name":"Golf de Pessac"}]},{"@type":"WebSite","@id":"https:\/\/cdgolf33.com\/#website","url":"https:\/\/cdgolf33.com\/","name":"Comit\u00e9 D\u00e9partemental de Golf de Gironde","description":"Le Comit\u00e9 de Gironde de Golf vous souhaite la bienvenue sur son site !","publisher":{"@id":"https:\/\/cdgolf33.com\/#organization"},"potentialAction":[{"@type":"SearchAction","target":{"@type":"EntryPoint","urlTemplate":"https:\/\/cdgolf33.com\/?s={search_term_string}"},"query-input":{"@type":"PropertyValueSpecification","valueRequired":true,"valueName":"search_term_string"}}],"inLanguage":"fr-FR"},{"@type":"Organization","@id":"https:\/\/cdgolf33.com\/#organization","name":"Comit\u00e9 de Golf de Gironde","url":"https:\/\/cdgolf33.com\/","logo":{"@type":"ImageObject","inLanguage":"fr-FR","@id":"https:\/\/cdgolf33.com\/#\/schema\/logo\/image\/","url":"https:\/\/cdgolf33.com\/wp-content\/uploads\/2019\/05\/LOGOCD33.jpg","contentUrl":"https:\/\/cdgolf33.com\/wp-content\/uploads\/2019\/05\/LOGOCD33.jpg","width":220,"height":233,"caption":"Comit\u00e9 de Golf de Gironde"},"image":{"@id":"https:\/\/cdgolf33.com\/#\/schema\/logo\/image\/"},"sameAs":["https:\/\/x.com\/comitegolf33"]}]}},"_links":{"self":[{"href":"https:\/\/cdgolf33.com\/index.php\/wp-json\/wp\/v2\/pages\/575","targetHints":{"allow":["GET"]}}],"collection":[{"href":"https:\/\/cdgolf33.com\/index.php\/wp-json\/wp\/v2\/pages"}],"about":[{"href":"https:\/\/cdgolf33.com\/index.php\/wp-json\/wp\/v2\/types\/page"}],"author":[{"embeddable":true,"href":"https:\/\/cdgolf33.com\/index.php\/wp-json\/wp\/v2\/users\/1"}],"replies":[{"embeddable":true,"href":"https:\/\/cdgolf33.com\/index.php\/wp-json\/wp\/v2\/comments?post=575"}],"version-history":[{"count":0,"href":"https:\/\/cdgolf33.com\/index.php\/wp-json\/wp\/v2\/pages\/575\/revisions"}],"wp:attachment":[{"href":"https:\/\/cdgolf33.com\/index.php\/wp-json\/wp\/v2\/media?parent=575"}],"curies":[{"name":"wp","href":"https:\/\/api.w.org\/{rel}","templated":true}]}}