{"id":598,"date":"2014-02-26T23:41:58","date_gmt":"2014-02-26T22:41:58","guid":{"rendered":"http:\/\/www.cdgolf33.com\/?page_id=598"},"modified":"2014-02-26T23:41:58","modified_gmt":"2014-02-26T22:41:58","slug":"golf-de-lacanau","status":"publish","type":"page","link":"https:\/\/cdgolf33.com\/index.php\/golf-de-lacanau\/","title":{"rendered":"Golf International de Lacanau (UGOLF)"},"content":{"rendered":"<p style=\"text-align: center;\"><a href=\"\/wp-content\/uploads\/2014\/01\/Lacanau1.jpg\"><img fetchpriority=\"high\" decoding=\"async\" class=\"alignnone wp-image-270 size-full\" src=\"http:\/\/www.cdgolf33.com\/wp-content\/uploads\/2014\/01\/Lacanau1.jpg\" alt=\"Lacanau\" width=\"750\" height=\"220\" srcset=\"https:\/\/cdgolf33.com\/wp-content\/uploads\/2014\/01\/Lacanau1.jpg 750w, https:\/\/cdgolf33.com\/wp-content\/uploads\/2014\/01\/Lacanau1-300x88.jpg 300w\" sizes=\"(max-width: 750px) 100vw, 750px\" \/><\/a><\/p>\n<h2>Leurs sites internet \u00e0 visiter:<\/h2>\n<p><a href=\"http:\/\/jouer.golf\/lacanau-ocean\/\" target=\"_blank\" rel=\"noopener noreferrer\">&gt;&gt;&gt; Aller vers le site du Golf International de Lacanau (UGOLF)<\/a><br \/>\n<a href=\"https:\/\/asgolfslacanau.org\" target=\"_blank\" rel=\"noopener noreferrer\">&gt;&gt;&gt; Aller vers le site des Associations Sportive des Golfs de Lacanau<\/a><\/p>\n<h2>Les contacter:<\/h2>\n<p>Le t\u00e9l\u00e9phone du Golf: 05 56 03 92 98<\/p>\n<p><a href=\"http:\/\/jouer.golf\/contacts\/\" target=\"_blank\" rel=\"noopener noreferrer\">Contacter le Golf International de Lacanau (UGOLF)<\/a><\/p>\n<p><a href=\"https:\/\/asgolfslacanau.org\/nous-contacter\/\" target=\"_blank\" rel=\"noopener noreferrer\">Contacter l\u2019AS des diff\u00e9rents Golfs de Lacanau<\/a><\/p>\n<h2>Y aller:<\/h2>\n<p style=\"text-align: left;\">Golf international de <strong>LACANAU OCEAN<\/strong><br \/>\nDomaine de l\u2019Ardilouse<br \/>\n33680 LACANAU OCEAN<\/p>\n<p style=\"text-align: center;\"><iframe src=\"https:\/\/www.google.fr\/maps?f=q&amp;source=s_q&amp;hl=fr&amp;geocode=&amp;q=golf+hotel+ardilouse&amp;aq=&amp;sll=44.998781,-1.171138&amp;sspn=0.013459,0.033023&amp;t=h&amp;ie=UTF8&amp;hq=golf+hotel+ardilouse&amp;hnear=&amp;ll=45.000685,-1.17161&amp;spn=0.002655,0.00456&amp;z=17&amp;output=embed\" width=\"425\" height=\"350\" frameborder=\"0\" marginwidth=\"0\" marginheight=\"0\" scrolling=\"no\"><\/iframe><br \/>\n<small><a style=\"color: #0000ff; text-align: left;\" href=\"https:\/\/www.google.fr\/maps?f=q&amp;source=embed&amp;hl=fr&amp;geocode=&amp;q=golf+hotel+ardilouse&amp;aq=&amp;sll=44.998781,-1.171138&amp;sspn=0.013459,0.033023&amp;t=h&amp;ie=UTF8&amp;hq=golf+hotel+ardilouse&amp;hnear=&amp;ll=45.000685,-1.17161&amp;spn=0.002655,0.00456&amp;z=17\" target=\"blank\" rel=\"noopener noreferrer\">Agrandir le plan<\/a><\/small><\/p>\n","protected":false},"excerpt":{"rendered":"<p>Leurs sites internet \u00e0 visiter: &gt;&gt;&gt; Aller vers le site du Golf International de Lacanau (UGOLF) &gt;&gt;&gt; Aller vers le site des Associations Sportive des Golfs de Lacanau Les contacter: Le t\u00e9l\u00e9phone du Golf: 05 56 03 92 98 Contacter le Golf International de Lacanau (UGOLF) Contacter l\u2019AS des diff\u00e9rents [&hellip;]<\/p>\n","protected":false},"author":1,"featured_media":0,"parent":0,"menu_order":0,"comment_status":"closed","ping_status":"open","template":"","meta":{"footnotes":""},"class_list":["post-598","page","type-page","status-publish","hentry"],"yoast_head":"<!-- This site is optimized with the Yoast SEO plugin v27.4 - https:\/\/yoast.com\/product\/yoast-seo-wordpress\/ -->\n<title>Golf International de Lacanau (UGOLF) - Comit\u00e9 D\u00e9partemental de Golf de Gironde<\/title>\n<meta name=\"robots\" content=\"index, follow, max-snippet:-1, max-image-preview:large, max-video-preview:-1\" \/>\n<link rel=\"canonical\" href=\"https:\/\/cdgolf33.com\/index.php\/golf-de-lacanau\/\" \/>\n<meta property=\"og:locale\" content=\"fr_FR\" \/>\n<meta property=\"og:type\" content=\"article\" \/>\n<meta property=\"og:title\" content=\"Golf International de Lacanau (UGOLF) - Comit\u00e9 D\u00e9partemental de Golf de Gironde\" \/>\n<meta property=\"og:description\" content=\"Leurs sites internet \u00e0 visiter: &gt;&gt;&gt; Aller vers le site du Golf International de Lacanau (UGOLF) &gt;&gt;&gt; Aller vers le site des Associations Sportive des Golfs de Lacanau Les contacter: Le t\u00e9l\u00e9phone du Golf: 05 56 03 92 98 Contacter le Golf International de Lacanau (UGOLF) Contacter l\u2019AS des diff\u00e9rents [&hellip;]\" \/>\n<meta property=\"og:url\" content=\"https:\/\/cdgolf33.com\/index.php\/golf-de-lacanau\/\" \/>\n<meta property=\"og:site_name\" content=\"Comit\u00e9 D\u00e9partemental de Golf de Gironde\" \/>\n<meta property=\"og:image\" content=\"http:\/\/www.cdgolf33.com\/wp-content\/uploads\/2014\/01\/Lacanau1.jpg\" \/>\n<meta name=\"twitter:card\" content=\"summary_large_image\" \/>\n<meta name=\"twitter:site\" content=\"@comitegolf33\" \/>\n<script type=\"application\/ld+json\" class=\"yoast-schema-graph\">{\"@context\":\"https:\\\/\\\/schema.org\",\"@graph\":[{\"@type\":\"WebPage\",\"@id\":\"https:\\\/\\\/cdgolf33.com\\\/index.php\\\/golf-de-lacanau\\\/\",\"url\":\"https:\\\/\\\/cdgolf33.com\\\/index.php\\\/golf-de-lacanau\\\/\",\"name\":\"Golf International de Lacanau (UGOLF) - Comit\u00e9 D\u00e9partemental de Golf de Gironde\",\"isPartOf\":{\"@id\":\"https:\\\/\\\/cdgolf33.com\\\/#website\"},\"primaryImageOfPage\":{\"@id\":\"https:\\\/\\\/cdgolf33.com\\\/index.php\\\/golf-de-lacanau\\\/#primaryimage\"},\"image\":{\"@id\":\"https:\\\/\\\/cdgolf33.com\\\/index.php\\\/golf-de-lacanau\\\/#primaryimage\"},\"thumbnailUrl\":\"http:\\\/\\\/www.cdgolf33.com\\\/wp-content\\\/uploads\\\/2014\\\/01\\\/Lacanau1.jpg\",\"datePublished\":\"2014-02-26T22:41:58+00:00\",\"breadcrumb\":{\"@id\":\"https:\\\/\\\/cdgolf33.com\\\/index.php\\\/golf-de-lacanau\\\/#breadcrumb\"},\"inLanguage\":\"fr-FR\",\"potentialAction\":[{\"@type\":\"ReadAction\",\"target\":[\"https:\\\/\\\/cdgolf33.com\\\/index.php\\\/golf-de-lacanau\\\/\"]}]},{\"@type\":\"ImageObject\",\"inLanguage\":\"fr-FR\",\"@id\":\"https:\\\/\\\/cdgolf33.com\\\/index.php\\\/golf-de-lacanau\\\/#primaryimage\",\"url\":\"http:\\\/\\\/www.cdgolf33.com\\\/wp-content\\\/uploads\\\/2014\\\/01\\\/Lacanau1.jpg\",\"contentUrl\":\"http:\\\/\\\/www.cdgolf33.com\\\/wp-content\\\/uploads\\\/2014\\\/01\\\/Lacanau1.jpg\"},{\"@type\":\"BreadcrumbList\",\"@id\":\"https:\\\/\\\/cdgolf33.com\\\/index.php\\\/golf-de-lacanau\\\/#breadcrumb\",\"itemListElement\":[{\"@type\":\"ListItem\",\"position\":1,\"name\":\"Accueil\",\"item\":\"https:\\\/\\\/cdgolf33.com\\\/\"},{\"@type\":\"ListItem\",\"position\":2,\"name\":\"Golf International de Lacanau (UGOLF)\"}]},{\"@type\":\"WebSite\",\"@id\":\"https:\\\/\\\/cdgolf33.com\\\/#website\",\"url\":\"https:\\\/\\\/cdgolf33.com\\\/\",\"name\":\"Comit\u00e9 D\u00e9partemental de Golf de Gironde\",\"description\":\"Le Comit\u00e9 de Gironde de Golf vous souhaite la bienvenue sur son site !\",\"publisher\":{\"@id\":\"https:\\\/\\\/cdgolf33.com\\\/#organization\"},\"potentialAction\":[{\"@type\":\"SearchAction\",\"target\":{\"@type\":\"EntryPoint\",\"urlTemplate\":\"https:\\\/\\\/cdgolf33.com\\\/?s={search_term_string}\"},\"query-input\":{\"@type\":\"PropertyValueSpecification\",\"valueRequired\":true,\"valueName\":\"search_term_string\"}}],\"inLanguage\":\"fr-FR\"},{\"@type\":\"Organization\",\"@id\":\"https:\\\/\\\/cdgolf33.com\\\/#organization\",\"name\":\"Comit\u00e9 de Golf de Gironde\",\"url\":\"https:\\\/\\\/cdgolf33.com\\\/\",\"logo\":{\"@type\":\"ImageObject\",\"inLanguage\":\"fr-FR\",\"@id\":\"https:\\\/\\\/cdgolf33.com\\\/#\\\/schema\\\/logo\\\/image\\\/\",\"url\":\"https:\\\/\\\/cdgolf33.com\\\/wp-content\\\/uploads\\\/2019\\\/05\\\/LOGOCD33.jpg\",\"contentUrl\":\"https:\\\/\\\/cdgolf33.com\\\/wp-content\\\/uploads\\\/2019\\\/05\\\/LOGOCD33.jpg\",\"width\":220,\"height\":233,\"caption\":\"Comit\u00e9 de Golf de Gironde\"},\"image\":{\"@id\":\"https:\\\/\\\/cdgolf33.com\\\/#\\\/schema\\\/logo\\\/image\\\/\"},\"sameAs\":[\"https:\\\/\\\/x.com\\\/comitegolf33\"]}]}<\/script>\n<!-- \/ Yoast SEO plugin. -->","yoast_head_json":{"title":"Golf International de Lacanau (UGOLF) - Comit\u00e9 D\u00e9partemental de Golf de Gironde","robots":{"index":"index","follow":"follow","max-snippet":"max-snippet:-1","max-image-preview":"max-image-preview:large","max-video-preview":"max-video-preview:-1"},"canonical":"https:\/\/cdgolf33.com\/index.php\/golf-de-lacanau\/","og_locale":"fr_FR","og_type":"article","og_title":"Golf International de Lacanau (UGOLF) - Comit\u00e9 D\u00e9partemental de Golf de Gironde","og_description":"Leurs sites internet \u00e0 visiter: &gt;&gt;&gt; Aller vers le site du Golf International de Lacanau (UGOLF) &gt;&gt;&gt; Aller vers le site des Associations Sportive des Golfs de Lacanau Les contacter: Le t\u00e9l\u00e9phone du Golf: 05 56 03 92 98 Contacter le Golf International de Lacanau (UGOLF) Contacter l\u2019AS des diff\u00e9rents [&hellip;]","og_url":"https:\/\/cdgolf33.com\/index.php\/golf-de-lacanau\/","og_site_name":"Comit\u00e9 D\u00e9partemental de Golf de Gironde","og_image":[{"url":"http:\/\/www.cdgolf33.com\/wp-content\/uploads\/2014\/01\/Lacanau1.jpg","type":"","width":"","height":""}],"twitter_card":"summary_large_image","twitter_site":"@comitegolf33","schema":{"@context":"https:\/\/schema.org","@graph":[{"@type":"WebPage","@id":"https:\/\/cdgolf33.com\/index.php\/golf-de-lacanau\/","url":"https:\/\/cdgolf33.com\/index.php\/golf-de-lacanau\/","name":"Golf International de Lacanau (UGOLF) - Comit\u00e9 D\u00e9partemental de Golf de Gironde","isPartOf":{"@id":"https:\/\/cdgolf33.com\/#website"},"primaryImageOfPage":{"@id":"https:\/\/cdgolf33.com\/index.php\/golf-de-lacanau\/#primaryimage"},"image":{"@id":"https:\/\/cdgolf33.com\/index.php\/golf-de-lacanau\/#primaryimage"},"thumbnailUrl":"http:\/\/www.cdgolf33.com\/wp-content\/uploads\/2014\/01\/Lacanau1.jpg","datePublished":"2014-02-26T22:41:58+00:00","breadcrumb":{"@id":"https:\/\/cdgolf33.com\/index.php\/golf-de-lacanau\/#breadcrumb"},"inLanguage":"fr-FR","potentialAction":[{"@type":"ReadAction","target":["https:\/\/cdgolf33.com\/index.php\/golf-de-lacanau\/"]}]},{"@type":"ImageObject","inLanguage":"fr-FR","@id":"https:\/\/cdgolf33.com\/index.php\/golf-de-lacanau\/#primaryimage","url":"http:\/\/www.cdgolf33.com\/wp-content\/uploads\/2014\/01\/Lacanau1.jpg","contentUrl":"http:\/\/www.cdgolf33.com\/wp-content\/uploads\/2014\/01\/Lacanau1.jpg"},{"@type":"BreadcrumbList","@id":"https:\/\/cdgolf33.com\/index.php\/golf-de-lacanau\/#breadcrumb","itemListElement":[{"@type":"ListItem","position":1,"name":"Accueil","item":"https:\/\/cdgolf33.com\/"},{"@type":"ListItem","position":2,"name":"Golf International de Lacanau (UGOLF)"}]},{"@type":"WebSite","@id":"https:\/\/cdgolf33.com\/#website","url":"https:\/\/cdgolf33.com\/","name":"Comit\u00e9 D\u00e9partemental de Golf de Gironde","description":"Le Comit\u00e9 de Gironde de Golf vous souhaite la bienvenue sur son site !","publisher":{"@id":"https:\/\/cdgolf33.com\/#organization"},"potentialAction":[{"@type":"SearchAction","target":{"@type":"EntryPoint","urlTemplate":"https:\/\/cdgolf33.com\/?s={search_term_string}"},"query-input":{"@type":"PropertyValueSpecification","valueRequired":true,"valueName":"search_term_string"}}],"inLanguage":"fr-FR"},{"@type":"Organization","@id":"https:\/\/cdgolf33.com\/#organization","name":"Comit\u00e9 de Golf de Gironde","url":"https:\/\/cdgolf33.com\/","logo":{"@type":"ImageObject","inLanguage":"fr-FR","@id":"https:\/\/cdgolf33.com\/#\/schema\/logo\/image\/","url":"https:\/\/cdgolf33.com\/wp-content\/uploads\/2019\/05\/LOGOCD33.jpg","contentUrl":"https:\/\/cdgolf33.com\/wp-content\/uploads\/2019\/05\/LOGOCD33.jpg","width":220,"height":233,"caption":"Comit\u00e9 de Golf de Gironde"},"image":{"@id":"https:\/\/cdgolf33.com\/#\/schema\/logo\/image\/"},"sameAs":["https:\/\/x.com\/comitegolf33"]}]}},"_links":{"self":[{"href":"https:\/\/cdgolf33.com\/index.php\/wp-json\/wp\/v2\/pages\/598","targetHints":{"allow":["GET"]}}],"collection":[{"href":"https:\/\/cdgolf33.com\/index.php\/wp-json\/wp\/v2\/pages"}],"about":[{"href":"https:\/\/cdgolf33.com\/index.php\/wp-json\/wp\/v2\/types\/page"}],"author":[{"embeddable":true,"href":"https:\/\/cdgolf33.com\/index.php\/wp-json\/wp\/v2\/users\/1"}],"replies":[{"embeddable":true,"href":"https:\/\/cdgolf33.com\/index.php\/wp-json\/wp\/v2\/comments?post=598"}],"version-history":[{"count":0,"href":"https:\/\/cdgolf33.com\/index.php\/wp-json\/wp\/v2\/pages\/598\/revisions"}],"wp:attachment":[{"href":"https:\/\/cdgolf33.com\/index.php\/wp-json\/wp\/v2\/media?parent=598"}],"curies":[{"name":"wp","href":"https:\/\/api.w.org\/{rel}","templated":true}]}}