{"id":65,"date":"2016-06-14T15:17:46","date_gmt":"2016-06-14T14:17:46","guid":{"rendered":"http:\/\/kevin.dev\/wordpress\/cdgolf33\/?page_id=65"},"modified":"2016-06-14T15:17:46","modified_gmt":"2016-06-14T14:17:46","slug":"pitch-putt","status":"publish","type":"page","link":"https:\/\/cdgolf33.com\/index.php\/pitch-putt\/","title":{"rendered":"Pitch &#038; putt"},"content":{"rendered":"<p style=\"text-align: center;\"><a href=\"http:\/\/www.cdgolf33.com\/wp-content\/uploads\/2017\/06\/IMG_0341.jpg\"><img fetchpriority=\"high\" decoding=\"async\" class=\"alignnone size-full wp-image-3011\" src=\"http:\/\/www.cdgolf33.com\/wp-content\/uploads\/2017\/06\/IMG_0341.jpg\" alt=\"\" width=\"640\" height=\"480\" srcset=\"https:\/\/cdgolf33.com\/wp-content\/uploads\/2017\/06\/IMG_0341.jpg 640w, https:\/\/cdgolf33.com\/wp-content\/uploads\/2017\/06\/IMG_0341-300x225.jpg 300w\" sizes=\"(max-width: 640px) 100vw, 640px\" \/><\/a><\/p>\n<p>Dimanche 11 Juin se tenaient les Championnats de Gironde de Pitch &amp; Putt. Sous un soleil complaisant et sur un parcours remarquablement manucur\u00e9, 27 finalistes se disputaient le titre.<\/p>\n<p>Apr\u00e8s un premier tour en -5, Denis Carletti remporter la mise apr\u00e8s un second tour dans le par.<\/p>\n<p>Par \u00e9quipe, les Aiguilles Vertes remportaient le troph\u00e9e qu&rsquo;ils, comme chaque ann\u00e9e, remettaient en jeu. L&rsquo;ORTF finissaient seconds au b\u00e9n\u00e9fice d&rsquo;une participation assidue.<\/p>\n<p><a href=\"http:\/\/www.cdgolf33.com\/wp-content\/uploads\/2017\/06\/Fibnale-PP-Stroke.pdf\">Finale championnats de Gironde de pitch &amp; putt : Classement apr\u00e8s le 1\u00b0 tour<\/a><\/p>\n<p>Les qualifi\u00e9s pour la finale inter-d\u00e9partementale du 25 Juin \u00e0 Pessac sont :<\/p>\n<p class=\"p1\"><span class=\"s1\">1\u00a0\u00a0CARLETTI DENIS<\/span><\/p>\n<p class=\"p1\"><span class=\"s1\">2\u00a0\u00a0CHEMINADE BERNARD<\/span><\/p>\n<p class=\"p1\"><span class=\"s1\">3\u00a0\u00a0PESSOTTO HUGO<\/span><\/p>\n<p class=\"p1\"><span class=\"s1\">4\u00a0\u00a0SYLVAIN CLAUDE<\/span><\/p>\n<p class=\"p1\"><span class=\"s1\">5\u00a0\u00a0BRILLOUET ERIC<\/span><\/p>\n<p class=\"p1\"><span class=\"s1\">6\u00a0\u00a0NAGEL LYDIE<\/span><\/p>\n<p class=\"p1\"><span class=\"s1\">7\u00a0\u00a0COUSTURES ROBERT<\/span><\/p>\n<p class=\"p1\"><span class=\"s1\">8\u00a0\u00a0KERVIZIC BERNARD<\/span><\/p>\n<p class=\"p1\"><span class=\"s1\">9\u00a0\u00a0TAVERNIER DENIS<\/span><\/p>\n<p class=\"p1\"><span class=\"s1\">10 VIDAL MARC<\/span><\/p>\n<p class=\"p1\">\n<p style=\"text-align: justify;\">Le championnat de Gironde de <strong>Pitch &amp; Putt<\/strong> est ouvert \u00e0 toutes les joueuses et joueurs licenci\u00e9s amateurs de Gironde, titulaires d&rsquo;un index de jeu \u00e9gal ou inf\u00e9rieur \u00e0 53.<\/p>\n<p style=\"text-align: justify;\">Il y a 6 comp\u00e9titions dans l&rsquo;ann\u00e9e qui se jouent sur 2 fois 9 trous, en stroke play, sur des parcours de pitch &amp; putt homologu\u00e9s. A l&rsquo;issue de ces 6 tours, les 27 meilleurs joueurs (en prenant en compte leurs 3 meilleurs r\u00e9sultats) seront qualifi\u00e9s pour la finale d\u00e9partementale qui, elle-m\u00eame d\u00e9signera les joueurs appel\u00e9s \u00e0 participer au championnat interd\u00e9partemental d&rsquo;Aquitaine.<\/p>\n<p style=\"text-align: justify;\">Parall\u00e8lement \u00e0 la comp\u00e9tition individuelle, il sera \u00e9tabli un classement par \u00e9quipes.<\/p>\n<p>\u2192\u00a0 <strong>R\u00e8glement et calendrier 2017<\/strong><\/p>\n<ul>\n<li><a href=\"http:\/\/www.cdgolf33.com\/wp-content\/uploads\/2017\/03\/Chpts-gironde-PP-Cap-ferret-V2.pdf\" target=\"_blank\" rel=\"noopener noreferrer\">D\u00e9parts du 5 Mars 2017 au Cap Ferret<\/a><\/li>\n<li><a href=\"http:\/\/www.cdgolf33.com\/wp-content\/uploads\/2017\/03\/Resultats-PP-17-T1.pdf\">R\u00e9sultats Tour 1 du 5 Mars<\/a><\/li>\n<li>Tour 2 : Annul\u00e9<\/li>\n<li>D\u00e9parts Tour 3 aux Aiguilles Vertes : <a href=\"http:\/\/www.cdgolf33.com\/wp-content\/uploads\/2017\/04\/IMG_0001.pdf\">PAGE 1<\/a> &#8211; <a href=\"http:\/\/www.cdgolf33.com\/wp-content\/uploads\/2017\/04\/IMG.pdf\">PAGE\u00a02<\/a><\/li>\n<li>R\u00e9sultats du Tour 3 : \u00a0<a href=\"http:\/\/www.cdgolf33.com\/wp-content\/uploads\/2017\/04\/Liste-des-Re\u0301sultats.pdf\">Re\u0301sultats<\/a><\/li>\n<li>D\u00e9parts de Tour 4 : <a href=\"http:\/\/www.cdgolf33.com\/wp-content\/uploads\/2016\/06\/De\u0301parts-PP-23.04.pdf\">De\u0301parts PESSAC<\/a><\/li>\n<li>R\u00e9sultats du Tour 4 :\u00a0<a href=\"http:\/\/www.cdgolf33.com\/wp-content\/uploads\/2016\/06\/Re\u0301sultats-PP-23.04.pdf\">Re\u0301sultats P&amp;P 23.04<\/a><\/li>\n<li>R\u00e9sultats du Tour 5 :\u00a0<a href=\"http:\/\/www.cdgolf33.com\/wp-content\/uploads\/2016\/06\/PP-T5.pdf\">R\u00e9sultats P&amp;P T5<\/a><\/li>\n<\/ul>\n<p>CLASSEMENT APR\u00c8S 3 TOURS : <a href=\"http:\/\/www.cdgolf33.com\/wp-content\/uploads\/2017\/04\/p-and-p-classement.pdf\">CLASSEMENT<\/a><\/p>\n<p>CLASSEMENT APR\u00c8S 4\u00a0TOURS :\u00a0<a href=\"http:\/\/www.cdgolf33.com\/wp-content\/uploads\/2016\/06\/CLASSEMENT.pdf\">CLASSEMENT<\/a><\/p>\n<p><span style=\"color: #ff0000;\">Classement Final et qualifi\u00e9s<\/span> :\u00a0<a href=\"http:\/\/www.cdgolf33.com\/wp-content\/uploads\/2016\/06\/p-and-p-classement-final.pdf\">p and p classement final<\/a><\/p>\n<p>&nbsp;<\/p>\n<p><strong>\u00a0<\/strong><\/p>\n<p style=\"text-align: justify;\"><span style=\"color: #ffffff;\">x<\/span><\/p>\n<p><a href=\"http:\/\/www.cdgolf33.com\/wp-content\/uploads\/2015\/03\/archives.jpg\"><img decoding=\"async\" class=\"size-full wp-image-1575 aligncenter\" src=\"http:\/\/www.cdgolf33.com\/wp-content\/uploads\/2015\/03\/archives.jpg\" alt=\"archives\" width=\"190\" height=\"49\" \/><\/a><\/p>\n<ul>\n<li><strong>2016<br \/>\n\u2192\u00a0 <strong><a href=\"http:\/\/www.cdgolf33.com\/championnat-de-pitch-putt-2016-t1\/\">T1<\/a> \u2192\u00a0 <a href=\"http:\/\/www.cdgolf33.com\/championnat-de-pitch-putt-2016-t2\/\">T2<\/a> \u2192\u00a0 <a href=\"http:\/\/www.cdgolf33.com\/championnat-de-pitch-putt-2016-t3\/\">T3<\/a> \u2192\u00a0 <a href=\"http:\/\/www.cdgolf33.com\/championnat-de-pitch-putt-2016-t4\/\">T4<\/a> \u2192\u00a0 <a href=\"http:\/\/www.cdgolf33.com\/championnat-de-pitch-putt-2016-t5\/\">T5<\/a> \u2192\u00a0 <a href=\"http:\/\/www.cdgolf33.com\/championnat-de-pitch-putt-2016-t6\/\">T6<\/a><br \/>\n\u2192\u00a0 <strong><a href=\"http:\/\/www.cdgolf33.com\/wp-content\/uploads\/2016\/06\/2016_PP_classement.pdf\" target=\"_blank\" rel=\"noopener noreferrer\">Classement final individuel<\/a><\/strong><br \/>\n\u2192\u00a0 <a href=\"http:\/\/www.cdgolf33.com\/wp-content\/uploads\/2016\/05\/2016_PP_ClassementEquipe.pdf\" target=\"_blank\" rel=\"noopener noreferrer\"><strong>Classement final par \u00e9quipes<\/strong><\/a><br \/>\n\u2192 <strong><a href=\"http:\/\/www.cdgolf33.com\/championnat-de-pitch-putt-2016-t6\/\">finale d\u00e9partementale<\/a><\/strong><br \/>\n\u2192 <strong><a href=\"http:\/\/www.cdgolf33.com\/finale-inter-departementale-de-pitch-putt-2016\/\">finale inter d\u00e9partementale<\/a><\/strong><br \/>\n<\/strong><br \/>\n<\/strong><\/li>\n<li><strong>2015<br \/>\n\u2192\u00a0 <a title=\"Championnat de pitch &amp; putt 2015 \u2013 T1\" href=\"http:\/\/www.cdgolf33.com\/championnat-de-pitch-putt-2015-t1\/\"><strong>T1<\/strong><\/a> \u2192\u00a0 <a title=\"Championnat de pitch &amp; putt 2015 \u2013 T2\" href=\"http:\/\/www.cdgolf33.com\/championnat-de-pitch-putt-2015-t2\/\"><strong>T2<\/strong><\/a> \u2192\u00a0 <a title=\"Championnat de pitch &amp; putt 2015 \u2013 T3\" href=\"http:\/\/www.cdgolf33.com\/championnat-de-pitch-putt-2015-t3\/\"><strong>T3<\/strong><\/a> \u2192\u00a0 <a title=\"Championnat de pitch &amp; putt 2015 \u2013 T4\" href=\"http:\/\/www.cdgolf33.com\/championnat-de-pitch-putt-2015-t4\/\"><strong>T4<\/strong><\/a> \u2192\u00a0 <a title=\"Championnat de pitch &amp; putt 2015 \u2013 T5\" href=\"http:\/\/www.cdgolf33.com\/championnat-de-pitch-putt-2015-t5\/\"><strong>T5<\/strong><\/a><br \/>\n\u2192\u00a0 <strong><a title=\"Pitch &amp; putt finale d\u00e9partementale 2015\" href=\"http:\/\/www.cdgolf33.com\/pitch-putt-finale-departementale-2015\/\">finale d\u00e9partementale<\/a><\/strong><br \/>\n10\u00e8me anniversaire\u00a0 \u2192 <a href=\"http:\/\/www.cdgolf33.com\/wp-content\/uploads\/2015\/09\/2015_PP_10ans.pdf\" target=\"_blank\" rel=\"noopener noreferrer\">affiche<\/a>\u00a0 \u2192 <a href=\"http:\/\/www.cdgolf33.com\/wp-content\/uploads\/2015\/10\/2015_PP_aniversaire_resultats.pdf\" target=\"_blank\" rel=\"noopener noreferrer\">r\u00e9sultats<\/a><\/strong><\/li>\n<\/ul>\n<ul>\n<li><strong>2014<br \/>\n<\/strong>\u2192\u00a0 <a title=\"Championnat de pitch &amp; putt 2014 \u2013 T1\" href=\"http:\/\/www.cdgolf33.com\/pitch\/\"><strong>T1<\/strong><\/a>\u00a0\u00a0 \u2192\u00a0 <strong><a title=\"Championnat de pitch &amp; putt 2014 \u2013 T2\" href=\"http:\/\/www.cdgolf33.com\/pitch-t2\/\">T2 <\/a><\/strong>\u2192\u00a0 <strong><a title=\"Championnat de pitch &amp; putt 2014 \u2013 T3\" href=\"http:\/\/www.cdgolf33.com\/championnat-de-pitch-putt-t3\/\">T3 <\/a><\/strong>\u2192\u00a0 <strong><a title=\"Championnat de pitch &amp; putt 2014 \u2013 T4\" href=\"http:\/\/www.cdgolf33.com\/championnat-de-pitch-putt-2014-t4\/\">T4 <\/a><\/strong>\u2192\u00a0 <strong><a title=\"Championnat de pitch &amp; putt 2014 \u2013 T5\" href=\"http:\/\/www.cdgolf33.com\/championnat-de-pitch-putt-2014-t5\/\">T5<br \/>\n<\/a><\/strong>\u2192\u00a0 <strong><a href=\"http:\/\/www.cdgolf33.com\/finale-championnat-de-gironde-2014-de-pitch-putt\/\">finale d\u00e9partementale<\/a><\/strong><br \/>\n\u2192\u00a0 <strong><strong><a href=\"http:\/\/www.cdgolf33.com\/pitch-putt-finale-inter-departementale-2014\/\">finale inter d\u00e9partementale<\/a><\/strong><\/strong><\/li>\n<\/ul>\n<p>&nbsp;<\/p>\n<ul>\n<li><strong>2013<br \/>\n<\/strong>\u2192\u00a0\u00a0 <a title=\"Finale 2013 du Championnat de Gironde de pitch &amp; putt\" href=\"\/finale-championnat-de-gironde-de-pitch-putt\/\"><strong>Finale 2013<\/strong><\/a><\/li>\n<\/ul>\n<p>&nbsp;<\/p>\n<p>&nbsp;<\/p>\n<p>&nbsp;\t\t<\/p>\n","protected":false},"excerpt":{"rendered":"<p>Dimanche 11 Juin se tenaient les Championnats de Gironde de Pitch &amp; Putt. Sous un soleil complaisant et sur un parcours remarquablement manucur\u00e9, 27 finalistes se disputaient le titre. Apr\u00e8s un premier tour en -5, Denis Carletti remporter la mise apr\u00e8s un second tour dans le par. Par \u00e9quipe, les [&hellip;]<\/p>\n","protected":false},"author":1,"featured_media":0,"parent":0,"menu_order":0,"comment_status":"closed","ping_status":"closed","template":"","meta":{"footnotes":""},"class_list":["post-65","page","type-page","status-publish","hentry"],"yoast_head":"<!-- This site is optimized with the Yoast SEO plugin v27.5 - https:\/\/yoast.com\/product\/yoast-seo-wordpress\/ -->\n<title>Pitch &amp; putt - Comit\u00e9 D\u00e9partemental de Golf de Gironde<\/title>\n<meta name=\"robots\" content=\"index, follow, max-snippet:-1, max-image-preview:large, max-video-preview:-1\" \/>\n<link rel=\"canonical\" href=\"https:\/\/cdgolf33.com\/index.php\/pitch-putt\/\" \/>\n<meta property=\"og:locale\" content=\"fr_FR\" \/>\n<meta property=\"og:type\" content=\"article\" \/>\n<meta property=\"og:title\" content=\"Pitch &amp; putt - Comit\u00e9 D\u00e9partemental de Golf de Gironde\" \/>\n<meta property=\"og:description\" content=\"Dimanche 11 Juin se tenaient les Championnats de Gironde de Pitch &amp; Putt. Sous un soleil complaisant et sur un parcours remarquablement manucur\u00e9, 27 finalistes se disputaient le titre. Apr\u00e8s un premier tour en -5, Denis Carletti remporter la mise apr\u00e8s un second tour dans le par. Par \u00e9quipe, les [&hellip;]\" \/>\n<meta property=\"og:url\" content=\"https:\/\/cdgolf33.com\/index.php\/pitch-putt\/\" \/>\n<meta property=\"og:site_name\" content=\"Comit\u00e9 D\u00e9partemental de Golf de Gironde\" \/>\n<meta property=\"og:image\" content=\"http:\/\/www.cdgolf33.com\/wp-content\/uploads\/2017\/06\/IMG_0341.jpg\" \/>\n<meta name=\"twitter:card\" content=\"summary_large_image\" \/>\n<meta name=\"twitter:site\" content=\"@comitegolf33\" \/>\n<meta name=\"twitter:label1\" content=\"Dur\u00e9e de lecture estim\u00e9e\" \/>\n\t<meta name=\"twitter:data1\" content=\"2 minutes\" \/>\n<script type=\"application\/ld+json\" class=\"yoast-schema-graph\">{\"@context\":\"https:\\\/\\\/schema.org\",\"@graph\":[{\"@type\":\"WebPage\",\"@id\":\"https:\\\/\\\/cdgolf33.com\\\/index.php\\\/pitch-putt\\\/\",\"url\":\"https:\\\/\\\/cdgolf33.com\\\/index.php\\\/pitch-putt\\\/\",\"name\":\"Pitch & putt - Comit\u00e9 D\u00e9partemental de Golf de Gironde\",\"isPartOf\":{\"@id\":\"https:\\\/\\\/cdgolf33.com\\\/#website\"},\"primaryImageOfPage\":{\"@id\":\"https:\\\/\\\/cdgolf33.com\\\/index.php\\\/pitch-putt\\\/#primaryimage\"},\"image\":{\"@id\":\"https:\\\/\\\/cdgolf33.com\\\/index.php\\\/pitch-putt\\\/#primaryimage\"},\"thumbnailUrl\":\"http:\\\/\\\/www.cdgolf33.com\\\/wp-content\\\/uploads\\\/2017\\\/06\\\/IMG_0341.jpg\",\"datePublished\":\"2016-06-14T14:17:46+00:00\",\"breadcrumb\":{\"@id\":\"https:\\\/\\\/cdgolf33.com\\\/index.php\\\/pitch-putt\\\/#breadcrumb\"},\"inLanguage\":\"fr-FR\",\"potentialAction\":[{\"@type\":\"ReadAction\",\"target\":[\"https:\\\/\\\/cdgolf33.com\\\/index.php\\\/pitch-putt\\\/\"]}]},{\"@type\":\"ImageObject\",\"inLanguage\":\"fr-FR\",\"@id\":\"https:\\\/\\\/cdgolf33.com\\\/index.php\\\/pitch-putt\\\/#primaryimage\",\"url\":\"http:\\\/\\\/www.cdgolf33.com\\\/wp-content\\\/uploads\\\/2017\\\/06\\\/IMG_0341.jpg\",\"contentUrl\":\"http:\\\/\\\/www.cdgolf33.com\\\/wp-content\\\/uploads\\\/2017\\\/06\\\/IMG_0341.jpg\"},{\"@type\":\"BreadcrumbList\",\"@id\":\"https:\\\/\\\/cdgolf33.com\\\/index.php\\\/pitch-putt\\\/#breadcrumb\",\"itemListElement\":[{\"@type\":\"ListItem\",\"position\":1,\"name\":\"Accueil\",\"item\":\"https:\\\/\\\/cdgolf33.com\\\/\"},{\"@type\":\"ListItem\",\"position\":2,\"name\":\"Pitch &#038; putt\"}]},{\"@type\":\"WebSite\",\"@id\":\"https:\\\/\\\/cdgolf33.com\\\/#website\",\"url\":\"https:\\\/\\\/cdgolf33.com\\\/\",\"name\":\"Comit\u00e9 D\u00e9partemental de Golf de Gironde\",\"description\":\"Le Comit\u00e9 de Gironde de Golf vous souhaite la bienvenue sur son site !\",\"publisher\":{\"@id\":\"https:\\\/\\\/cdgolf33.com\\\/#organization\"},\"potentialAction\":[{\"@type\":\"SearchAction\",\"target\":{\"@type\":\"EntryPoint\",\"urlTemplate\":\"https:\\\/\\\/cdgolf33.com\\\/?s={search_term_string}\"},\"query-input\":{\"@type\":\"PropertyValueSpecification\",\"valueRequired\":true,\"valueName\":\"search_term_string\"}}],\"inLanguage\":\"fr-FR\"},{\"@type\":\"Organization\",\"@id\":\"https:\\\/\\\/cdgolf33.com\\\/#organization\",\"name\":\"Comit\u00e9 de Golf de Gironde\",\"url\":\"https:\\\/\\\/cdgolf33.com\\\/\",\"logo\":{\"@type\":\"ImageObject\",\"inLanguage\":\"fr-FR\",\"@id\":\"https:\\\/\\\/cdgolf33.com\\\/#\\\/schema\\\/logo\\\/image\\\/\",\"url\":\"https:\\\/\\\/cdgolf33.com\\\/wp-content\\\/uploads\\\/2019\\\/05\\\/LOGOCD33.jpg\",\"contentUrl\":\"https:\\\/\\\/cdgolf33.com\\\/wp-content\\\/uploads\\\/2019\\\/05\\\/LOGOCD33.jpg\",\"width\":220,\"height\":233,\"caption\":\"Comit\u00e9 de Golf de Gironde\"},\"image\":{\"@id\":\"https:\\\/\\\/cdgolf33.com\\\/#\\\/schema\\\/logo\\\/image\\\/\"},\"sameAs\":[\"https:\\\/\\\/x.com\\\/comitegolf33\"]}]}<\/script>\n<!-- \/ Yoast SEO plugin. -->","yoast_head_json":{"title":"Pitch & putt - Comit\u00e9 D\u00e9partemental de Golf de Gironde","robots":{"index":"index","follow":"follow","max-snippet":"max-snippet:-1","max-image-preview":"max-image-preview:large","max-video-preview":"max-video-preview:-1"},"canonical":"https:\/\/cdgolf33.com\/index.php\/pitch-putt\/","og_locale":"fr_FR","og_type":"article","og_title":"Pitch & putt - Comit\u00e9 D\u00e9partemental de Golf de Gironde","og_description":"Dimanche 11 Juin se tenaient les Championnats de Gironde de Pitch &amp; Putt. Sous un soleil complaisant et sur un parcours remarquablement manucur\u00e9, 27 finalistes se disputaient le titre. Apr\u00e8s un premier tour en -5, Denis Carletti remporter la mise apr\u00e8s un second tour dans le par. Par \u00e9quipe, les [&hellip;]","og_url":"https:\/\/cdgolf33.com\/index.php\/pitch-putt\/","og_site_name":"Comit\u00e9 D\u00e9partemental de Golf de Gironde","og_image":[{"url":"http:\/\/www.cdgolf33.com\/wp-content\/uploads\/2017\/06\/IMG_0341.jpg","type":"","width":"","height":""}],"twitter_card":"summary_large_image","twitter_site":"@comitegolf33","twitter_misc":{"Dur\u00e9e de lecture estim\u00e9e":"2 minutes"},"schema":{"@context":"https:\/\/schema.org","@graph":[{"@type":"WebPage","@id":"https:\/\/cdgolf33.com\/index.php\/pitch-putt\/","url":"https:\/\/cdgolf33.com\/index.php\/pitch-putt\/","name":"Pitch & putt - Comit\u00e9 D\u00e9partemental de Golf de Gironde","isPartOf":{"@id":"https:\/\/cdgolf33.com\/#website"},"primaryImageOfPage":{"@id":"https:\/\/cdgolf33.com\/index.php\/pitch-putt\/#primaryimage"},"image":{"@id":"https:\/\/cdgolf33.com\/index.php\/pitch-putt\/#primaryimage"},"thumbnailUrl":"http:\/\/www.cdgolf33.com\/wp-content\/uploads\/2017\/06\/IMG_0341.jpg","datePublished":"2016-06-14T14:17:46+00:00","breadcrumb":{"@id":"https:\/\/cdgolf33.com\/index.php\/pitch-putt\/#breadcrumb"},"inLanguage":"fr-FR","potentialAction":[{"@type":"ReadAction","target":["https:\/\/cdgolf33.com\/index.php\/pitch-putt\/"]}]},{"@type":"ImageObject","inLanguage":"fr-FR","@id":"https:\/\/cdgolf33.com\/index.php\/pitch-putt\/#primaryimage","url":"http:\/\/www.cdgolf33.com\/wp-content\/uploads\/2017\/06\/IMG_0341.jpg","contentUrl":"http:\/\/www.cdgolf33.com\/wp-content\/uploads\/2017\/06\/IMG_0341.jpg"},{"@type":"BreadcrumbList","@id":"https:\/\/cdgolf33.com\/index.php\/pitch-putt\/#breadcrumb","itemListElement":[{"@type":"ListItem","position":1,"name":"Accueil","item":"https:\/\/cdgolf33.com\/"},{"@type":"ListItem","position":2,"name":"Pitch &#038; putt"}]},{"@type":"WebSite","@id":"https:\/\/cdgolf33.com\/#website","url":"https:\/\/cdgolf33.com\/","name":"Comit\u00e9 D\u00e9partemental de Golf de Gironde","description":"Le Comit\u00e9 de Gironde de Golf vous souhaite la bienvenue sur son site !","publisher":{"@id":"https:\/\/cdgolf33.com\/#organization"},"potentialAction":[{"@type":"SearchAction","target":{"@type":"EntryPoint","urlTemplate":"https:\/\/cdgolf33.com\/?s={search_term_string}"},"query-input":{"@type":"PropertyValueSpecification","valueRequired":true,"valueName":"search_term_string"}}],"inLanguage":"fr-FR"},{"@type":"Organization","@id":"https:\/\/cdgolf33.com\/#organization","name":"Comit\u00e9 de Golf de Gironde","url":"https:\/\/cdgolf33.com\/","logo":{"@type":"ImageObject","inLanguage":"fr-FR","@id":"https:\/\/cdgolf33.com\/#\/schema\/logo\/image\/","url":"https:\/\/cdgolf33.com\/wp-content\/uploads\/2019\/05\/LOGOCD33.jpg","contentUrl":"https:\/\/cdgolf33.com\/wp-content\/uploads\/2019\/05\/LOGOCD33.jpg","width":220,"height":233,"caption":"Comit\u00e9 de Golf de Gironde"},"image":{"@id":"https:\/\/cdgolf33.com\/#\/schema\/logo\/image\/"},"sameAs":["https:\/\/x.com\/comitegolf33"]}]}},"_links":{"self":[{"href":"https:\/\/cdgolf33.com\/index.php\/wp-json\/wp\/v2\/pages\/65","targetHints":{"allow":["GET"]}}],"collection":[{"href":"https:\/\/cdgolf33.com\/index.php\/wp-json\/wp\/v2\/pages"}],"about":[{"href":"https:\/\/cdgolf33.com\/index.php\/wp-json\/wp\/v2\/types\/page"}],"author":[{"embeddable":true,"href":"https:\/\/cdgolf33.com\/index.php\/wp-json\/wp\/v2\/users\/1"}],"replies":[{"embeddable":true,"href":"https:\/\/cdgolf33.com\/index.php\/wp-json\/wp\/v2\/comments?post=65"}],"version-history":[{"count":0,"href":"https:\/\/cdgolf33.com\/index.php\/wp-json\/wp\/v2\/pages\/65\/revisions"}],"wp:attachment":[{"href":"https:\/\/cdgolf33.com\/index.php\/wp-json\/wp\/v2\/media?parent=65"}],"curies":[{"name":"wp","href":"https:\/\/api.w.org\/{rel}","templated":true}]}}