{"id":662,"date":"2014-03-02T13:14:25","date_gmt":"2014-03-02T12:14:25","guid":{"rendered":"http:\/\/www.cdgolf33.com\/?page_id=662"},"modified":"2019-10-24T14:29:16","modified_gmt":"2019-10-24T12:29:16","slug":"golfs","status":"publish","type":"page","link":"https:\/\/cdgolf33.com\/index.php\/golfs\/","title":{"rendered":"Les Golfs"},"content":{"rendered":"<p>&nbsp;<\/p>\n<h3 style=\"text-align: center;\"><a href=\"https:\/\/www.google.fr\/maps\/d\/viewer?mid=14dOZv23q6998EbSOx5Uxc4AkIdNDAcg8&amp;ll=44.79529324025758%2C-0.6798447500000293&amp;z=10\" target=\"_blank\" rel=\"noopener noreferrer\">Cliquez ici pour voir la carte en grand!<\/a><\/h3>\n<p style=\"text-align: center;\"><iframe width=\"640\" height=\"480\" src=\"https:\/\/www.google.fr\/maps\/d\/embed?mid=14dOZv23q6998EbSOx5Uxc4AkIdNDAcg8\"><\/iframe><\/p>\n<h2>La liste des 17 golfs pr\u00e9sents sur cette carte:<\/h2>\n<p><a href=\"http:\/\/cdgolf33.com\/index.php\/golf-des-aiguilles-vertes\/\">Golf des Aiguilles Vertes<\/a><\/p>\n<p><a href=\"http:\/\/www.cdgolf33.com\/index.php\/golf-darcachon\/\">Golf d&rsquo;Arcachon<\/a><\/p>\n<p><a href=\"http:\/\/www.cdgolf33.com\/index.php\/golf-de-bordeaux-lac\/\">Golf de Bordeaux Lac<\/a><\/p>\n<p><a href=\"http:\/\/www.cdgolf33.com\/index.php\/golf-bordelais\/\">Golf Bordelais<\/a><\/p>\n<p><a href=\"http:\/\/www.cdgolf33.com\/index.php\/golf-de-cameyrac\/\">Golf de Cameyrac<\/a><\/p>\n<p><a href=\"http:\/\/www.cdgolf33.com\/index.php\/golf-des-graves-sauternais\/\">Golf des Graves et Sauternais<\/a><\/p>\n<p><a href=\"http:\/\/www.cdgolf33.com\/index.php\/golf-de-gujan\/\">Golf de Gujan<\/a><\/p>\n<p><a href=\"http:\/\/www.cdgolf33.com\/index.php\/golf-de-lacanau\/\">Golf International de Lacanau (UGOLF)<\/a><\/p>\n<p><a href=\"http:\/\/www.cdgolf33.com\/index.php\/golf-de-lacanau-la-mejanne\/\">Golf de Lacanau &#8211; M\u00e9janne<\/a><\/p>\n<p><a href=\"http:\/\/cdgolf33.com\/index.php\/golf-de-lacanau-baganais\/\">Golf de Lacanau &#8211; Baganais<\/a><\/p>\n<p><a href=\"http:\/\/www.cdgolf33.com\/index.php\/golf-de-margaux\/\">Golf de Margaux<\/a><\/p>\n<p><a href=\"http:\/\/www.cdgolf33.com\/index.php\/golf-du-medoc\/\">Golf du M\u00e9doc<\/a><\/p>\n<p><a href=\"http:\/\/www.cdgolf33.com\/index.php\/golf-de-pessac\/\">Golf de Pessac<\/a><\/p>\n<p><a href=\"http:\/\/www.cdgolf33.com\/index.php\/golf-de-teynac\/\">Golf de Teynac<\/a><\/p>\n<p><a href=\"http:\/\/www.cdgolf33.com\/index.php\/golf-de-villenave-dornon\/\">Golf de Villenave-d&rsquo;Ornon *NOUVEAU*<\/a><\/p>\n<p><a href=\"http:\/\/www.cdgolf33.com\/index.php\/golf-du-grand-saint-emilionnais\/\">Golf du Grand Saint Emilionnais *NOUVEAU*<\/a><\/p>\n<p><a href=\"http:\/\/www.cdgolf33.com\/index.php\/golf-du-cap-ferret\/\">Golf du Cap Ferret *NOUVEAU*<\/a><\/p>\n<p><a href=\"http:\/\/www.cdgolf33.com\/index.php\/golf-des-argileyres\/\">Golf des Argileyres *NOUVEAU*<\/a><\/p>\n","protected":false},"excerpt":{"rendered":"<p>&nbsp; Cliquez ici pour voir la carte en grand! La liste des 17 golfs pr\u00e9sents sur cette carte: Golf des Aiguilles Vertes Golf d&rsquo;Arcachon Golf de Bordeaux Lac Golf Bordelais Golf de Cameyrac Golf des Graves et Sauternais Golf de Gujan Golf International de Lacanau (UGOLF) Golf de Lacanau &#8211; [&hellip;]<\/p>\n","protected":false},"author":1,"featured_media":0,"parent":0,"menu_order":0,"comment_status":"closed","ping_status":"open","template":"","meta":{"footnotes":""},"class_list":["post-662","page","type-page","status-publish","hentry"],"yoast_head":"<!-- This site is optimized with the Yoast SEO plugin v27.3 - https:\/\/yoast.com\/product\/yoast-seo-wordpress\/ -->\n<title>Les Golfs - Comit\u00e9 D\u00e9partemental de Golf de Gironde<\/title>\n<meta name=\"robots\" content=\"index, follow, max-snippet:-1, max-image-preview:large, max-video-preview:-1\" \/>\n<link rel=\"canonical\" href=\"https:\/\/cdgolf33.com\/index.php\/golfs\/\" \/>\n<meta property=\"og:locale\" content=\"fr_FR\" \/>\n<meta property=\"og:type\" content=\"article\" \/>\n<meta property=\"og:title\" content=\"Les Golfs - Comit\u00e9 D\u00e9partemental de Golf de Gironde\" \/>\n<meta property=\"og:description\" content=\"&nbsp; Cliquez ici pour voir la carte en grand! La liste des 17 golfs pr\u00e9sents sur cette carte: Golf des Aiguilles Vertes Golf d&rsquo;Arcachon Golf de Bordeaux Lac Golf Bordelais Golf de Cameyrac Golf des Graves et Sauternais Golf de Gujan Golf International de Lacanau (UGOLF) Golf de Lacanau &#8211; [&hellip;]\" \/>\n<meta property=\"og:url\" content=\"https:\/\/cdgolf33.com\/index.php\/golfs\/\" \/>\n<meta property=\"og:site_name\" content=\"Comit\u00e9 D\u00e9partemental de Golf de Gironde\" \/>\n<meta property=\"article:modified_time\" content=\"2019-10-24T12:29:16+00:00\" \/>\n<meta name=\"twitter:card\" content=\"summary_large_image\" \/>\n<meta name=\"twitter:site\" content=\"@comitegolf33\" \/>\n<script type=\"application\/ld+json\" class=\"yoast-schema-graph\">{\"@context\":\"https:\\\/\\\/schema.org\",\"@graph\":[{\"@type\":\"WebPage\",\"@id\":\"https:\\\/\\\/cdgolf33.com\\\/index.php\\\/golfs\\\/\",\"url\":\"https:\\\/\\\/cdgolf33.com\\\/index.php\\\/golfs\\\/\",\"name\":\"Les Golfs - Comit\u00e9 D\u00e9partemental de Golf de Gironde\",\"isPartOf\":{\"@id\":\"https:\\\/\\\/cdgolf33.com\\\/#website\"},\"datePublished\":\"2014-03-02T12:14:25+00:00\",\"dateModified\":\"2019-10-24T12:29:16+00:00\",\"breadcrumb\":{\"@id\":\"https:\\\/\\\/cdgolf33.com\\\/index.php\\\/golfs\\\/#breadcrumb\"},\"inLanguage\":\"fr-FR\",\"potentialAction\":[{\"@type\":\"ReadAction\",\"target\":[\"https:\\\/\\\/cdgolf33.com\\\/index.php\\\/golfs\\\/\"]}]},{\"@type\":\"BreadcrumbList\",\"@id\":\"https:\\\/\\\/cdgolf33.com\\\/index.php\\\/golfs\\\/#breadcrumb\",\"itemListElement\":[{\"@type\":\"ListItem\",\"position\":1,\"name\":\"Accueil\",\"item\":\"https:\\\/\\\/cdgolf33.com\\\/\"},{\"@type\":\"ListItem\",\"position\":2,\"name\":\"Les Golfs\"}]},{\"@type\":\"WebSite\",\"@id\":\"https:\\\/\\\/cdgolf33.com\\\/#website\",\"url\":\"https:\\\/\\\/cdgolf33.com\\\/\",\"name\":\"Comit\u00e9 D\u00e9partemental de Golf de Gironde\",\"description\":\"Le Comit\u00e9 de Gironde de Golf vous souhaite la bienvenue sur son site !\",\"publisher\":{\"@id\":\"https:\\\/\\\/cdgolf33.com\\\/#organization\"},\"potentialAction\":[{\"@type\":\"SearchAction\",\"target\":{\"@type\":\"EntryPoint\",\"urlTemplate\":\"https:\\\/\\\/cdgolf33.com\\\/?s={search_term_string}\"},\"query-input\":{\"@type\":\"PropertyValueSpecification\",\"valueRequired\":true,\"valueName\":\"search_term_string\"}}],\"inLanguage\":\"fr-FR\"},{\"@type\":\"Organization\",\"@id\":\"https:\\\/\\\/cdgolf33.com\\\/#organization\",\"name\":\"Comit\u00e9 de Golf de Gironde\",\"url\":\"https:\\\/\\\/cdgolf33.com\\\/\",\"logo\":{\"@type\":\"ImageObject\",\"inLanguage\":\"fr-FR\",\"@id\":\"https:\\\/\\\/cdgolf33.com\\\/#\\\/schema\\\/logo\\\/image\\\/\",\"url\":\"https:\\\/\\\/cdgolf33.com\\\/wp-content\\\/uploads\\\/2019\\\/05\\\/LOGOCD33.jpg\",\"contentUrl\":\"https:\\\/\\\/cdgolf33.com\\\/wp-content\\\/uploads\\\/2019\\\/05\\\/LOGOCD33.jpg\",\"width\":220,\"height\":233,\"caption\":\"Comit\u00e9 de Golf de Gironde\"},\"image\":{\"@id\":\"https:\\\/\\\/cdgolf33.com\\\/#\\\/schema\\\/logo\\\/image\\\/\"},\"sameAs\":[\"https:\\\/\\\/x.com\\\/comitegolf33\"]}]}<\/script>\n<!-- \/ Yoast SEO plugin. -->","yoast_head_json":{"title":"Les Golfs - Comit\u00e9 D\u00e9partemental de Golf de Gironde","robots":{"index":"index","follow":"follow","max-snippet":"max-snippet:-1","max-image-preview":"max-image-preview:large","max-video-preview":"max-video-preview:-1"},"canonical":"https:\/\/cdgolf33.com\/index.php\/golfs\/","og_locale":"fr_FR","og_type":"article","og_title":"Les Golfs - Comit\u00e9 D\u00e9partemental de Golf de Gironde","og_description":"&nbsp; Cliquez ici pour voir la carte en grand! La liste des 17 golfs pr\u00e9sents sur cette carte: Golf des Aiguilles Vertes Golf d&rsquo;Arcachon Golf de Bordeaux Lac Golf Bordelais Golf de Cameyrac Golf des Graves et Sauternais Golf de Gujan Golf International de Lacanau (UGOLF) Golf de Lacanau &#8211; [&hellip;]","og_url":"https:\/\/cdgolf33.com\/index.php\/golfs\/","og_site_name":"Comit\u00e9 D\u00e9partemental de Golf de Gironde","article_modified_time":"2019-10-24T12:29:16+00:00","twitter_card":"summary_large_image","twitter_site":"@comitegolf33","schema":{"@context":"https:\/\/schema.org","@graph":[{"@type":"WebPage","@id":"https:\/\/cdgolf33.com\/index.php\/golfs\/","url":"https:\/\/cdgolf33.com\/index.php\/golfs\/","name":"Les Golfs - Comit\u00e9 D\u00e9partemental de Golf de Gironde","isPartOf":{"@id":"https:\/\/cdgolf33.com\/#website"},"datePublished":"2014-03-02T12:14:25+00:00","dateModified":"2019-10-24T12:29:16+00:00","breadcrumb":{"@id":"https:\/\/cdgolf33.com\/index.php\/golfs\/#breadcrumb"},"inLanguage":"fr-FR","potentialAction":[{"@type":"ReadAction","target":["https:\/\/cdgolf33.com\/index.php\/golfs\/"]}]},{"@type":"BreadcrumbList","@id":"https:\/\/cdgolf33.com\/index.php\/golfs\/#breadcrumb","itemListElement":[{"@type":"ListItem","position":1,"name":"Accueil","item":"https:\/\/cdgolf33.com\/"},{"@type":"ListItem","position":2,"name":"Les Golfs"}]},{"@type":"WebSite","@id":"https:\/\/cdgolf33.com\/#website","url":"https:\/\/cdgolf33.com\/","name":"Comit\u00e9 D\u00e9partemental de Golf de Gironde","description":"Le Comit\u00e9 de Gironde de Golf vous souhaite la bienvenue sur son site !","publisher":{"@id":"https:\/\/cdgolf33.com\/#organization"},"potentialAction":[{"@type":"SearchAction","target":{"@type":"EntryPoint","urlTemplate":"https:\/\/cdgolf33.com\/?s={search_term_string}"},"query-input":{"@type":"PropertyValueSpecification","valueRequired":true,"valueName":"search_term_string"}}],"inLanguage":"fr-FR"},{"@type":"Organization","@id":"https:\/\/cdgolf33.com\/#organization","name":"Comit\u00e9 de Golf de Gironde","url":"https:\/\/cdgolf33.com\/","logo":{"@type":"ImageObject","inLanguage":"fr-FR","@id":"https:\/\/cdgolf33.com\/#\/schema\/logo\/image\/","url":"https:\/\/cdgolf33.com\/wp-content\/uploads\/2019\/05\/LOGOCD33.jpg","contentUrl":"https:\/\/cdgolf33.com\/wp-content\/uploads\/2019\/05\/LOGOCD33.jpg","width":220,"height":233,"caption":"Comit\u00e9 de Golf de Gironde"},"image":{"@id":"https:\/\/cdgolf33.com\/#\/schema\/logo\/image\/"},"sameAs":["https:\/\/x.com\/comitegolf33"]}]}},"_links":{"self":[{"href":"https:\/\/cdgolf33.com\/index.php\/wp-json\/wp\/v2\/pages\/662","targetHints":{"allow":["GET"]}}],"collection":[{"href":"https:\/\/cdgolf33.com\/index.php\/wp-json\/wp\/v2\/pages"}],"about":[{"href":"https:\/\/cdgolf33.com\/index.php\/wp-json\/wp\/v2\/types\/page"}],"author":[{"embeddable":true,"href":"https:\/\/cdgolf33.com\/index.php\/wp-json\/wp\/v2\/users\/1"}],"replies":[{"embeddable":true,"href":"https:\/\/cdgolf33.com\/index.php\/wp-json\/wp\/v2\/comments?post=662"}],"version-history":[{"count":4,"href":"https:\/\/cdgolf33.com\/index.php\/wp-json\/wp\/v2\/pages\/662\/revisions"}],"predecessor-version":[{"id":4720,"href":"https:\/\/cdgolf33.com\/index.php\/wp-json\/wp\/v2\/pages\/662\/revisions\/4720"}],"wp:attachment":[{"href":"https:\/\/cdgolf33.com\/index.php\/wp-json\/wp\/v2\/media?parent=662"}],"curies":[{"name":"wp","href":"https:\/\/api.w.org\/{rel}","templated":true}]}}