{"id":67,"date":"2013-12-16T15:18:00","date_gmt":"2013-12-16T14:18:00","guid":{"rendered":"http:\/\/kevin.dev\/wordpress\/cdgolf33\/?page_id=67"},"modified":"2013-12-16T15:18:00","modified_gmt":"2013-12-16T14:18:00","slug":"seniors","status":"publish","type":"page","link":"https:\/\/cdgolf33.com\/index.php\/seniors\/","title":{"rendered":"Seniors"},"content":{"rendered":"<p style=\"text-align: justify;\">Comp\u00e9tition par \u00e9quipes ouverte aux membres de toutes les associations sportives avec terrain de la Gironde. Les joueuses et joueurs doivent \u00eatre \u00e2g\u00e9s de 55 ans r\u00e9volus, la veille de la comp\u00e9tition.<\/p>\n<p style=\"text-align: justify;\">\u2192\u00a0<strong><a href=\"http:\/\/www.cdgolf33.com\/wp-content\/uploads\/2016\/11\/2017_r\u00e8glement_Seniors_Dames.pdf\" target=\"_blank\" rel=\"noopener noreferrer\">r\u00e8glement et calendrier dames 2017<\/a><\/strong><br \/>\n\u2192 <strong><a href=\"http:\/\/www.cdgolf33.com\/wp-content\/uploads\/2016\/12\/2017_r\u00e8glement_Seniors_Hommes.pdf\" target=\"_blank\" rel=\"noopener noreferrer\">r\u00e8glement et calendrier hommes 2017<\/a><\/strong><\/p>\n<p><strong><a href=\"http:\/\/www.cdgolf33.com\/wp-content\/uploads\/2015\/03\/archives.jpg\"><img decoding=\"async\" class=\"alignnone size-full wp-image-1575\" src=\"http:\/\/www.cdgolf33.com\/wp-content\/uploads\/2015\/03\/archives.jpg\" alt=\"archives\" width=\"190\" height=\"49\" \/><\/a><\/strong><\/p>\n<p>\u2192\u00a0 <strong><a href=\"http:\/\/www.cdgolf33.com\/seniors-2016\/\">saison 2016<\/a><\/strong><br \/>\n\u2192\u00a0 <strong><a title=\"Seniors 2015\" href=\"http:\/\/www.cdgolf33.com\/seniors-2015\/\">saison 2015<\/a><\/strong><br \/>\n\u2192 \u00a0<strong><a title=\"Seniors 2014\" href=\"http:\/\/www.cdgolf33.com\/seniors-2014\/\">saison 2014<\/a><\/strong>\t\t<\/p>\n","protected":false},"excerpt":{"rendered":"<p>Comp\u00e9tition par \u00e9quipes ouverte aux membres de toutes les associations sportives avec terrain de la Gironde. Les joueuses et joueurs doivent \u00eatre \u00e2g\u00e9s de 55 ans r\u00e9volus, la veille de la comp\u00e9tition. \u2192\u00a0r\u00e8glement et calendrier dames 2017 \u2192 r\u00e8glement et calendrier hommes 2017 \u2192\u00a0 saison 2016 \u2192\u00a0 saison 2015 \u2192 [&hellip;]<\/p>\n","protected":false},"author":1,"featured_media":0,"parent":0,"menu_order":0,"comment_status":"closed","ping_status":"open","template":"","meta":{"footnotes":""},"class_list":["post-67","page","type-page","status-publish","hentry"],"yoast_head":"<!-- This site is optimized with the Yoast SEO plugin v27.5 - https:\/\/yoast.com\/product\/yoast-seo-wordpress\/ -->\n<title>Seniors - Comit\u00e9 D\u00e9partemental de Golf de Gironde<\/title>\n<meta name=\"robots\" content=\"index, follow, max-snippet:-1, max-image-preview:large, max-video-preview:-1\" \/>\n<link rel=\"canonical\" href=\"https:\/\/cdgolf33.com\/index.php\/seniors\/\" \/>\n<meta property=\"og:locale\" content=\"fr_FR\" \/>\n<meta property=\"og:type\" content=\"article\" \/>\n<meta property=\"og:title\" content=\"Seniors - Comit\u00e9 D\u00e9partemental de Golf de Gironde\" \/>\n<meta property=\"og:description\" content=\"Comp\u00e9tition par \u00e9quipes ouverte aux membres de toutes les associations sportives avec terrain de la Gironde. Les joueuses et joueurs doivent \u00eatre \u00e2g\u00e9s de 55 ans r\u00e9volus, la veille de la comp\u00e9tition. \u2192\u00a0r\u00e8glement et calendrier dames 2017 \u2192 r\u00e8glement et calendrier hommes 2017 \u2192\u00a0 saison 2016 \u2192\u00a0 saison 2015 \u2192 [&hellip;]\" \/>\n<meta property=\"og:url\" content=\"https:\/\/cdgolf33.com\/index.php\/seniors\/\" \/>\n<meta property=\"og:site_name\" content=\"Comit\u00e9 D\u00e9partemental de Golf de Gironde\" \/>\n<meta property=\"og:image\" content=\"http:\/\/www.cdgolf33.com\/wp-content\/uploads\/2015\/03\/archives.jpg\" \/>\n<meta name=\"twitter:card\" content=\"summary_large_image\" \/>\n<meta name=\"twitter:site\" content=\"@comitegolf33\" \/>\n<script type=\"application\/ld+json\" class=\"yoast-schema-graph\">{\"@context\":\"https:\\\/\\\/schema.org\",\"@graph\":[{\"@type\":\"WebPage\",\"@id\":\"https:\\\/\\\/cdgolf33.com\\\/index.php\\\/seniors\\\/\",\"url\":\"https:\\\/\\\/cdgolf33.com\\\/index.php\\\/seniors\\\/\",\"name\":\"Seniors - Comit\u00e9 D\u00e9partemental de Golf de Gironde\",\"isPartOf\":{\"@id\":\"https:\\\/\\\/cdgolf33.com\\\/#website\"},\"primaryImageOfPage\":{\"@id\":\"https:\\\/\\\/cdgolf33.com\\\/index.php\\\/seniors\\\/#primaryimage\"},\"image\":{\"@id\":\"https:\\\/\\\/cdgolf33.com\\\/index.php\\\/seniors\\\/#primaryimage\"},\"thumbnailUrl\":\"http:\\\/\\\/www.cdgolf33.com\\\/wp-content\\\/uploads\\\/2015\\\/03\\\/archives.jpg\",\"datePublished\":\"2013-12-16T14:18:00+00:00\",\"breadcrumb\":{\"@id\":\"https:\\\/\\\/cdgolf33.com\\\/index.php\\\/seniors\\\/#breadcrumb\"},\"inLanguage\":\"fr-FR\",\"potentialAction\":[{\"@type\":\"ReadAction\",\"target\":[\"https:\\\/\\\/cdgolf33.com\\\/index.php\\\/seniors\\\/\"]}]},{\"@type\":\"ImageObject\",\"inLanguage\":\"fr-FR\",\"@id\":\"https:\\\/\\\/cdgolf33.com\\\/index.php\\\/seniors\\\/#primaryimage\",\"url\":\"http:\\\/\\\/www.cdgolf33.com\\\/wp-content\\\/uploads\\\/2015\\\/03\\\/archives.jpg\",\"contentUrl\":\"http:\\\/\\\/www.cdgolf33.com\\\/wp-content\\\/uploads\\\/2015\\\/03\\\/archives.jpg\"},{\"@type\":\"BreadcrumbList\",\"@id\":\"https:\\\/\\\/cdgolf33.com\\\/index.php\\\/seniors\\\/#breadcrumb\",\"itemListElement\":[{\"@type\":\"ListItem\",\"position\":1,\"name\":\"Accueil\",\"item\":\"https:\\\/\\\/cdgolf33.com\\\/\"},{\"@type\":\"ListItem\",\"position\":2,\"name\":\"Seniors\"}]},{\"@type\":\"WebSite\",\"@id\":\"https:\\\/\\\/cdgolf33.com\\\/#website\",\"url\":\"https:\\\/\\\/cdgolf33.com\\\/\",\"name\":\"Comit\u00e9 D\u00e9partemental de Golf de Gironde\",\"description\":\"Le Comit\u00e9 de Gironde de Golf vous souhaite la bienvenue sur son site !\",\"publisher\":{\"@id\":\"https:\\\/\\\/cdgolf33.com\\\/#organization\"},\"potentialAction\":[{\"@type\":\"SearchAction\",\"target\":{\"@type\":\"EntryPoint\",\"urlTemplate\":\"https:\\\/\\\/cdgolf33.com\\\/?s={search_term_string}\"},\"query-input\":{\"@type\":\"PropertyValueSpecification\",\"valueRequired\":true,\"valueName\":\"search_term_string\"}}],\"inLanguage\":\"fr-FR\"},{\"@type\":\"Organization\",\"@id\":\"https:\\\/\\\/cdgolf33.com\\\/#organization\",\"name\":\"Comit\u00e9 de Golf de Gironde\",\"url\":\"https:\\\/\\\/cdgolf33.com\\\/\",\"logo\":{\"@type\":\"ImageObject\",\"inLanguage\":\"fr-FR\",\"@id\":\"https:\\\/\\\/cdgolf33.com\\\/#\\\/schema\\\/logo\\\/image\\\/\",\"url\":\"https:\\\/\\\/cdgolf33.com\\\/wp-content\\\/uploads\\\/2019\\\/05\\\/LOGOCD33.jpg\",\"contentUrl\":\"https:\\\/\\\/cdgolf33.com\\\/wp-content\\\/uploads\\\/2019\\\/05\\\/LOGOCD33.jpg\",\"width\":220,\"height\":233,\"caption\":\"Comit\u00e9 de Golf de Gironde\"},\"image\":{\"@id\":\"https:\\\/\\\/cdgolf33.com\\\/#\\\/schema\\\/logo\\\/image\\\/\"},\"sameAs\":[\"https:\\\/\\\/x.com\\\/comitegolf33\"]}]}<\/script>\n<!-- \/ Yoast SEO plugin. -->","yoast_head_json":{"title":"Seniors - Comit\u00e9 D\u00e9partemental de Golf de Gironde","robots":{"index":"index","follow":"follow","max-snippet":"max-snippet:-1","max-image-preview":"max-image-preview:large","max-video-preview":"max-video-preview:-1"},"canonical":"https:\/\/cdgolf33.com\/index.php\/seniors\/","og_locale":"fr_FR","og_type":"article","og_title":"Seniors - Comit\u00e9 D\u00e9partemental de Golf de Gironde","og_description":"Comp\u00e9tition par \u00e9quipes ouverte aux membres de toutes les associations sportives avec terrain de la Gironde. Les joueuses et joueurs doivent \u00eatre \u00e2g\u00e9s de 55 ans r\u00e9volus, la veille de la comp\u00e9tition. \u2192\u00a0r\u00e8glement et calendrier dames 2017 \u2192 r\u00e8glement et calendrier hommes 2017 \u2192\u00a0 saison 2016 \u2192\u00a0 saison 2015 \u2192 [&hellip;]","og_url":"https:\/\/cdgolf33.com\/index.php\/seniors\/","og_site_name":"Comit\u00e9 D\u00e9partemental de Golf de Gironde","og_image":[{"url":"http:\/\/www.cdgolf33.com\/wp-content\/uploads\/2015\/03\/archives.jpg","type":"","width":"","height":""}],"twitter_card":"summary_large_image","twitter_site":"@comitegolf33","schema":{"@context":"https:\/\/schema.org","@graph":[{"@type":"WebPage","@id":"https:\/\/cdgolf33.com\/index.php\/seniors\/","url":"https:\/\/cdgolf33.com\/index.php\/seniors\/","name":"Seniors - Comit\u00e9 D\u00e9partemental de Golf de Gironde","isPartOf":{"@id":"https:\/\/cdgolf33.com\/#website"},"primaryImageOfPage":{"@id":"https:\/\/cdgolf33.com\/index.php\/seniors\/#primaryimage"},"image":{"@id":"https:\/\/cdgolf33.com\/index.php\/seniors\/#primaryimage"},"thumbnailUrl":"http:\/\/www.cdgolf33.com\/wp-content\/uploads\/2015\/03\/archives.jpg","datePublished":"2013-12-16T14:18:00+00:00","breadcrumb":{"@id":"https:\/\/cdgolf33.com\/index.php\/seniors\/#breadcrumb"},"inLanguage":"fr-FR","potentialAction":[{"@type":"ReadAction","target":["https:\/\/cdgolf33.com\/index.php\/seniors\/"]}]},{"@type":"ImageObject","inLanguage":"fr-FR","@id":"https:\/\/cdgolf33.com\/index.php\/seniors\/#primaryimage","url":"http:\/\/www.cdgolf33.com\/wp-content\/uploads\/2015\/03\/archives.jpg","contentUrl":"http:\/\/www.cdgolf33.com\/wp-content\/uploads\/2015\/03\/archives.jpg"},{"@type":"BreadcrumbList","@id":"https:\/\/cdgolf33.com\/index.php\/seniors\/#breadcrumb","itemListElement":[{"@type":"ListItem","position":1,"name":"Accueil","item":"https:\/\/cdgolf33.com\/"},{"@type":"ListItem","position":2,"name":"Seniors"}]},{"@type":"WebSite","@id":"https:\/\/cdgolf33.com\/#website","url":"https:\/\/cdgolf33.com\/","name":"Comit\u00e9 D\u00e9partemental de Golf de Gironde","description":"Le Comit\u00e9 de Gironde de Golf vous souhaite la bienvenue sur son site !","publisher":{"@id":"https:\/\/cdgolf33.com\/#organization"},"potentialAction":[{"@type":"SearchAction","target":{"@type":"EntryPoint","urlTemplate":"https:\/\/cdgolf33.com\/?s={search_term_string}"},"query-input":{"@type":"PropertyValueSpecification","valueRequired":true,"valueName":"search_term_string"}}],"inLanguage":"fr-FR"},{"@type":"Organization","@id":"https:\/\/cdgolf33.com\/#organization","name":"Comit\u00e9 de Golf de Gironde","url":"https:\/\/cdgolf33.com\/","logo":{"@type":"ImageObject","inLanguage":"fr-FR","@id":"https:\/\/cdgolf33.com\/#\/schema\/logo\/image\/","url":"https:\/\/cdgolf33.com\/wp-content\/uploads\/2019\/05\/LOGOCD33.jpg","contentUrl":"https:\/\/cdgolf33.com\/wp-content\/uploads\/2019\/05\/LOGOCD33.jpg","width":220,"height":233,"caption":"Comit\u00e9 de Golf de Gironde"},"image":{"@id":"https:\/\/cdgolf33.com\/#\/schema\/logo\/image\/"},"sameAs":["https:\/\/x.com\/comitegolf33"]}]}},"_links":{"self":[{"href":"https:\/\/cdgolf33.com\/index.php\/wp-json\/wp\/v2\/pages\/67","targetHints":{"allow":["GET"]}}],"collection":[{"href":"https:\/\/cdgolf33.com\/index.php\/wp-json\/wp\/v2\/pages"}],"about":[{"href":"https:\/\/cdgolf33.com\/index.php\/wp-json\/wp\/v2\/types\/page"}],"author":[{"embeddable":true,"href":"https:\/\/cdgolf33.com\/index.php\/wp-json\/wp\/v2\/users\/1"}],"replies":[{"embeddable":true,"href":"https:\/\/cdgolf33.com\/index.php\/wp-json\/wp\/v2\/comments?post=67"}],"version-history":[{"count":0,"href":"https:\/\/cdgolf33.com\/index.php\/wp-json\/wp\/v2\/pages\/67\/revisions"}],"wp:attachment":[{"href":"https:\/\/cdgolf33.com\/index.php\/wp-json\/wp\/v2\/media?parent=67"}],"curies":[{"name":"wp","href":"https:\/\/api.w.org\/{rel}","templated":true}]}}