{"id":6886,"date":"2024-12-01T15:51:39","date_gmt":"2024-12-01T14:51:39","guid":{"rendered":"https:\/\/cdgolf33.com\/?page_id=6886"},"modified":"2024-12-15T12:46:52","modified_gmt":"2024-12-15T11:46:52","slug":"quest-ce-que-le-pitch-putt-du-comite-de-golf-de-gironde","status":"publish","type":"page","link":"https:\/\/cdgolf33.com\/index.php\/quest-ce-que-le-pitch-putt-du-comite-de-golf-de-gironde\/","title":{"rendered":"Qu&rsquo;est-ce que le Pitch &#038; Putt du Comit\u00e9 de Golf de Gironde ?"},"content":{"rendered":"\t\t<div data-elementor-type=\"wp-page\" data-elementor-id=\"6886\" class=\"elementor elementor-6886\">\n\t\t\t\t<div class=\"elementor-element elementor-element-9d219ab e-con-full e-flex e-con e-parent\" data-id=\"9d219ab\" data-element_type=\"container\" data-e-type=\"container\">\n\t\t\t\t<div class=\"elementor-element elementor-element-ad2d363 elementor-widget elementor-widget-heading\" data-id=\"ad2d363\" data-element_type=\"widget\" data-e-type=\"widget\" data-widget_type=\"heading.default\">\n\t\t\t\t<div class=\"elementor-widget-container\">\n\t\t\t\t\t<h2 class=\"elementor-heading-title elementor-size-default\">Le Pitch &amp; Putt : c'est quoi ?<\/h2>\t\t\t\t<\/div>\n\t\t\t\t<\/div>\n\t\t\t\t<\/div>\n\t\t<div class=\"elementor-element elementor-element-5dcdc50d e-flex e-con-boxed e-con e-parent\" data-id=\"5dcdc50d\" data-element_type=\"container\" data-e-type=\"container\">\n\t\t\t\t\t<div class=\"e-con-inner\">\n\t\t\t\t<div class=\"elementor-element elementor-element-69eaf362 elementor-widget elementor-widget-text-editor\" data-id=\"69eaf362\" data-element_type=\"widget\" data-e-type=\"widget\" data-widget_type=\"text-editor.default\">\n\t\t\t\t<div class=\"elementor-widget-container\">\n\t\t\t\t\t\t\t\t\t<h5><\/h5>\n<p style=\"margin-bottom: 11.25pt; line-height: normal; background-image: initial; background-position: initial; background-size: initial; background-repeat: initial; background-attachment: initial; background-origin: initial; background-clip: initial;\"><span style=\"font-size: 16pt; font-family: Arial, sans-serif;\">Pour les non familiers de ce format de jeu, le Pitch&nbsp;&amp; Putt est une&nbsp;<b>forme simplifi\u00e9e du golf<\/b>&nbsp;se pratiquant sur&nbsp;des&nbsp;<b>parcours plus courts<\/b>&nbsp;(1200 m maximum pour un 18 trous)&nbsp;et <strong>avec des trous (que des Par 3) de 90 m maximum<\/strong>.&nbsp;<\/span><\/p>\n<p style=\"margin-bottom: 11.25pt; line-height: normal; background-image: initial; background-position: initial; background-size: initial; background-repeat: initial; background-attachment: initial; background-origin: initial; background-clip: initial;\"><span style=\"font-size: 16pt; font-family: Arial, sans-serif;\">Nous avons la chance d\u2019avoir&nbsp;8 parcours homologu\u00e9s en Gironde.&nbsp;<\/span><o:p><\/o:p><\/p>\n<p><span style=\"font-family: Roboto; font-size: 16pt; color: inherit; text-align: var(--text-align);\">Le Pitch &amp; Putt se joue avec&nbsp;<\/span><b style=\"font-family: Roboto; font-size: 16pt; color: inherit; text-align: var(--text-align);\">3 ou 4 clubs<\/b><span style=\"font-family: Roboto; font-size: 16pt; color: inherit; text-align: var(--text-align);\">&nbsp;selon la formule de&nbsp;jeu, putter compris.<\/span><\/p>\n<p style=\"margin-bottom: 11.25pt; line-height: normal; background-image: initial; background-position: initial; background-size: initial; background-repeat: initial; background-attachment: initial; background-origin: initial; background-clip: initial;\"><span style=\"font-size: 16pt; font-family: Roboto;\">Le&nbsp;Pitch &amp; Putt met l\u2019accent sur le <strong>petit jeu<\/strong> qui repr\u00e9sente <strong>60 % des coups<\/strong><br>sur un parcours classique.<o:p><\/o:p><\/span><\/p>\n<p style=\"margin: 5pt 0cm; line-height: normal; background-image: initial; background-position: initial; background-size: initial; background-repeat: initial; background-attachment: initial; background-origin: initial; background-clip: initial;\"><span style=\"font-size: 16pt; font-family: Roboto;\">Il permet d\u2019am\u00e9liorer le rythme,&nbsp;la pr\u00e9cision, le contr\u00f4le et la technique du swing afin de <\/span><b><span style=\"font-size: 16pt; font-family: Arial, sans-serif;\">mieux&nbsp;scorer sur un parcours de golf classique.<\/span><\/b><o:p><\/o:p><\/p>\n<h6 style=\"margin: 5pt 0cm; line-height: normal; background-image: initial; background-position: initial; background-size: initial; background-repeat: initial; background-attachment: initial; background-origin: initial; background-clip: initial;\"><span style=\"font-size: 22pt; font-family: Roboto;\">&nbsp;<\/span><\/h6>\n<h6 style=\"margin: 5pt 0cm; line-height: normal; background-image: initial; background-position: initial; background-size: initial; background-repeat: initial; background-attachment: initial; background-origin: initial; background-clip: initial;\"><span style=\"font-size: 22pt; font-family: Roboto;\"><strong>Cette discipline est id\u00e9ale pour tous&nbsp;les golfeurs quel que soit leur niveau.<\/strong><o:p><\/o:p><\/span><\/h6>\n<h6 style=\"margin: 5pt 0cm; line-height: normal; background-image: initial; background-position: initial; background-size: initial; background-repeat: initial; background-attachment: initial; background-origin: initial; background-clip: initial;\"><span style=\"font-size: 22pt; font-family: Roboto;\">&nbsp;<\/span><\/h6>\n<p style=\"margin: 5pt 0cm; line-height: normal; background-image: initial; background-position: initial; background-size: initial; background-repeat: initial; background-attachment: initial; background-origin: initial; background-clip: initial;\"><b><span style=\"font-size: 16pt; font-family: Roboto;\">Les joueurs confirm\u00e9s<\/span><\/b><span style=\"font-size: 16pt; font-family: Roboto;\"> vont appr\u00e9cier&nbsp;l\u2019intensit\u00e9 d\u2019une partie avec des coups qui s\u2019enchainent rapidement et \u00e9valuer, am\u00e9liorer la qualit\u00e9 de leur petit jeu. <\/span><o:p><\/o:p><\/p>\n<p style=\"margin: 5pt 0cm; line-height: normal; background-image: initial; background-position: initial; background-size: initial; background-repeat: initial; background-attachment: initial; background-origin: initial; background-clip: initial;\"><b><span style=\"font-size: 16pt; font-family: Roboto;\">Les joueurs d\u00e9butants<\/span><\/b><span style=\"font-size: 16pt; font-family: Roboto;\"> vont appr\u00e9cier les&nbsp;dimensions plus adapt\u00e9es \u00e0 leur jeu et d\u00e9couvrir les r\u00e8gles et la maitrise d\u2019un&nbsp;parcours de golf. <\/span><o:p><\/o:p><\/p>\n<h6 style=\"margin-bottom: 11.25pt; line-height: normal; background-image: initial; background-position: initial; background-size: initial; background-repeat: initial; background-attachment: initial; background-origin: initial; background-clip: initial;\"><b><span style=\"font-size: 16pt; font-family: Roboto;\">&nbsp;<\/span><\/b><\/h6>\n<p style=\"margin-bottom: 11.25pt; line-height: normal; background-image: initial; background-position: initial; background-size: initial; background-repeat: initial; background-attachment: initial; background-origin: initial; background-clip: initial;\"><b style=\"font-size: inherit; text-align: var(--text-align);\"><span style=\"font-size: 16pt; font-family: Roboto;\">Ce&nbsp;format de golf est appr\u00e9ci\u00e9 pour sa rapidit\u00e9 de jeu et son c\u00f4t\u00e9 convivial,&nbsp;<\/span><\/b><b style=\"font-size: inherit; text-align: var(--text-align);\"><span style=\"font-size: 16pt; font-family: Roboto;\">offrant aux joueurs une exp\u00e9rience amusante et vari\u00e9e sur le green.<\/span><\/b><\/p>\n<p style=\"margin-bottom: 11.25pt; line-height: normal; background-image: initial; background-position: initial; background-size: initial; background-repeat: initial; background-attachment: initial; background-origin: initial; background-clip: initial;\"><span style=\"font-size: 16pt; font-family: Roboto;\">Le&nbsp;jeu de Golf Pitch &amp; Putt pr\u00e9sente de nombreux int\u00e9r\u00eats&nbsp;:<o:p><\/o:p><\/span><\/p>\n<ul style=\"margin-top: 0cm;\" type=\"disc\">\n<li style=\"margin-top: 5pt; margin-bottom: 5pt; line-height: normal; background-image: initial; background-position: initial; background-size: initial; background-repeat: initial; background-attachment: initial; background-origin: initial; background-clip: initial;\">\n<p><b><span style=\"font-size: 16pt; font-family: Arial, sans-serif;\">Relie les g\u00e9n\u00e9rations, les joueurs et joueuses, et le bonheur de la<br>nature.<\/span><\/b><\/p>\n<p><o:p><\/o:p><\/p>\n<\/li>\n<li>\n<p><span style=\"font-size: 16pt; font-family: Arial, sans-serif;\"><b>Se joue sur des parcours plus&nbsp;courts, d\u00e9di\u00e9s sur 9 trous en 1 heure et sur 18 trous en 2h<\/b><\/span><\/p>\n<\/li>\n<\/ul>\n<p><b><span style=\"font-size: 16pt; font-family: Arial, sans-serif;\">Attention ! Si&nbsp;vous testez une comp\u00e9tition de Pitch &amp; Putt, vous l\u2019adopterez d\u00e9finitivement !<\/span><\/b><\/p>\n<p><span style=\"color: #666699;\"><b><span style=\"font-size: 16pt; font-family: Arial, sans-serif;\">Pour en savoir plus&nbsp;<\/span><\/b><\/span><span style=\"font-family: Arial, sans-serif; font-size: 16pt; color: rgb(102, 102, 153); font-weight: 700; text-align: var(--text-align);\">sur la discipline du Pitch &amp; Putt<\/span><b style=\"color: rgb(102, 102, 153); font-size: inherit; text-align: var(--text-align);\"><span style=\"font-size: 16pt; font-family: Arial, sans-serif;\">,&nbsp;<\/span><\/b><b style=\"font-size: inherit; text-align: var(--text-align); color: rgb(102, 102, 153);\"><span style=\"font-size: 16pt; font-family: Arial, sans-serif;\">visionnez cette vid\u00e9o r\u00e9alis\u00e9e par Christian Eychenne, Co Pr\u00e9sident du Comit\u00e9 National du Pitch &amp; Putt<\/span><\/b><\/p>\n<p><span style=\"font-size: inherit; text-align: var(--text-align);\">&nbsp;<\/span><\/p>\n<p><span style=\"font-size: inherit; text-align: var(--text-align);\">&nbsp;<\/span><\/p>\t\t\t\t\t\t\t\t<\/div>\n\t\t\t\t<\/div>\n\t\t\t\t<div class=\"elementor-element elementor-element-2c00291 elementor-widget elementor-widget-video\" data-id=\"2c00291\" data-element_type=\"widget\" data-e-type=\"widget\" data-settings=\"{&quot;youtube_url&quot;:&quot;https:\\\/\\\/www.youtube.com\\\/watch?v=yMqcWb39j_4&quot;,&quot;video_type&quot;:&quot;youtube&quot;,&quot;controls&quot;:&quot;yes&quot;}\" data-widget_type=\"video.default\">\n\t\t\t\t<div class=\"elementor-widget-container\">\n\t\t\t\t\t\t\t<div class=\"elementor-wrapper elementor-open-inline\">\n\t\t\t<div class=\"elementor-video\"><\/div>\t\t<\/div>\n\t\t\t\t\t\t<\/div>\n\t\t\t\t<\/div>\n\t\t\t\t\t<\/div>\n\t\t\t\t<\/div>\n\t\t<div class=\"elementor-element elementor-element-dc0d3f3 e-flex e-con-boxed e-con e-parent\" data-id=\"dc0d3f3\" data-element_type=\"container\" data-e-type=\"container\">\n\t\t\t\t\t<div class=\"e-con-inner\">\n\t\t\t\t<div class=\"elementor-element elementor-element-19912c5 elementor-widget elementor-widget-shortcode\" data-id=\"19912c5\" data-element_type=\"widget\" data-e-type=\"widget\" data-widget_type=\"shortcode.default\">\n\t\t\t\t<div class=\"elementor-widget-container\">\n\t\t\t\t\t\t\t<div class=\"elementor-shortcode\"><input type=\"button\" value=\"Retour\" class=\"alg_back_button_input button\" style=\"background-color:#61B6CE\" onclick=\"window.history.back()\" \/><\/div>\n\t\t\t\t\t\t<\/div>\n\t\t\t\t<\/div>\n\t\t\t\t\t<\/div>\n\t\t\t\t<\/div>\n\t\t\t\t<\/div>\n\t\t","protected":false},"excerpt":{"rendered":"<p>Le Pitch &amp; Putt : c&rsquo;est quoi ? Pour les non familiers de ce format de jeu, le Pitch&nbsp;&amp; Putt est une&nbsp;forme simplifi\u00e9e du golf&nbsp;se pratiquant sur&nbsp;des&nbsp;parcours plus courts&nbsp;(1200 m maximum pour un 18 trous)&nbsp;et avec des trous (que des Par 3) de 90 m maximum.&nbsp; Nous avons la chance [&hellip;]<\/p>\n","protected":false},"author":1,"featured_media":0,"parent":0,"menu_order":0,"comment_status":"closed","ping_status":"closed","template":"","meta":{"footnotes":""},"class_list":["post-6886","page","type-page","status-publish","hentry"],"yoast_head":"<!-- This site is optimized with the Yoast SEO plugin v27.4 - https:\/\/yoast.com\/product\/yoast-seo-wordpress\/ -->\n<title>Qu&#039;est-ce que le Pitch &amp; Putt du Comit\u00e9 de Golf de Gironde ? - Comit\u00e9 D\u00e9partemental de Golf de Gironde<\/title>\n<meta name=\"description\" content=\"Qu&#039;est-ce que le Pitch &amp; Putt ?\" \/>\n<meta name=\"robots\" content=\"index, follow, max-snippet:-1, max-image-preview:large, max-video-preview:-1\" \/>\n<link rel=\"canonical\" href=\"https:\/\/cdgolf33.com\/index.php\/quest-ce-que-le-pitch-putt-du-comite-de-golf-de-gironde\/\" \/>\n<meta property=\"og:locale\" content=\"fr_FR\" \/>\n<meta property=\"og:type\" content=\"article\" \/>\n<meta property=\"og:title\" content=\"Qu&#039;est-ce que le Pitch &amp; Putt du Comit\u00e9 de Golf de Gironde ? - Comit\u00e9 D\u00e9partemental de Golf de Gironde\" \/>\n<meta property=\"og:description\" content=\"Qu&#039;est-ce que le Pitch &amp; Putt ?\" \/>\n<meta property=\"og:url\" content=\"https:\/\/cdgolf33.com\/index.php\/quest-ce-que-le-pitch-putt-du-comite-de-golf-de-gironde\/\" \/>\n<meta property=\"og:site_name\" content=\"Comit\u00e9 D\u00e9partemental de Golf de Gironde\" \/>\n<meta property=\"article:modified_time\" content=\"2024-12-15T11:46:52+00:00\" \/>\n<meta name=\"twitter:card\" content=\"summary_large_image\" \/>\n<meta name=\"twitter:site\" content=\"@comitegolf33\" \/>\n<meta name=\"twitter:label1\" content=\"Dur\u00e9e de lecture estim\u00e9e\" \/>\n\t<meta name=\"twitter:data1\" content=\"2 minutes\" \/>\n<script type=\"application\/ld+json\" class=\"yoast-schema-graph\">{\"@context\":\"https:\\\/\\\/schema.org\",\"@graph\":[{\"@type\":\"WebPage\",\"@id\":\"https:\\\/\\\/cdgolf33.com\\\/index.php\\\/quest-ce-que-le-pitch-putt-du-comite-de-golf-de-gironde\\\/\",\"url\":\"https:\\\/\\\/cdgolf33.com\\\/index.php\\\/quest-ce-que-le-pitch-putt-du-comite-de-golf-de-gironde\\\/\",\"name\":\"Qu'est-ce que le Pitch & Putt du Comit\u00e9 de Golf de Gironde ? - Comit\u00e9 D\u00e9partemental de Golf de Gironde\",\"isPartOf\":{\"@id\":\"https:\\\/\\\/cdgolf33.com\\\/#website\"},\"datePublished\":\"2024-12-01T14:51:39+00:00\",\"dateModified\":\"2024-12-15T11:46:52+00:00\",\"description\":\"Qu'est-ce que le Pitch & Putt ?\",\"breadcrumb\":{\"@id\":\"https:\\\/\\\/cdgolf33.com\\\/index.php\\\/quest-ce-que-le-pitch-putt-du-comite-de-golf-de-gironde\\\/#breadcrumb\"},\"inLanguage\":\"fr-FR\",\"potentialAction\":[{\"@type\":\"ReadAction\",\"target\":[\"https:\\\/\\\/cdgolf33.com\\\/index.php\\\/quest-ce-que-le-pitch-putt-du-comite-de-golf-de-gironde\\\/\"]}]},{\"@type\":\"BreadcrumbList\",\"@id\":\"https:\\\/\\\/cdgolf33.com\\\/index.php\\\/quest-ce-que-le-pitch-putt-du-comite-de-golf-de-gironde\\\/#breadcrumb\",\"itemListElement\":[{\"@type\":\"ListItem\",\"position\":1,\"name\":\"Accueil\",\"item\":\"https:\\\/\\\/cdgolf33.com\\\/\"},{\"@type\":\"ListItem\",\"position\":2,\"name\":\"Qu&rsquo;est-ce que le Pitch &#038; Putt du Comit\u00e9 de Golf de Gironde ?\"}]},{\"@type\":\"WebSite\",\"@id\":\"https:\\\/\\\/cdgolf33.com\\\/#website\",\"url\":\"https:\\\/\\\/cdgolf33.com\\\/\",\"name\":\"Comit\u00e9 D\u00e9partemental de Golf de Gironde\",\"description\":\"Le Comit\u00e9 de Gironde de Golf vous souhaite la bienvenue sur son site !\",\"publisher\":{\"@id\":\"https:\\\/\\\/cdgolf33.com\\\/#organization\"},\"potentialAction\":[{\"@type\":\"SearchAction\",\"target\":{\"@type\":\"EntryPoint\",\"urlTemplate\":\"https:\\\/\\\/cdgolf33.com\\\/?s={search_term_string}\"},\"query-input\":{\"@type\":\"PropertyValueSpecification\",\"valueRequired\":true,\"valueName\":\"search_term_string\"}}],\"inLanguage\":\"fr-FR\"},{\"@type\":\"Organization\",\"@id\":\"https:\\\/\\\/cdgolf33.com\\\/#organization\",\"name\":\"Comit\u00e9 de Golf de Gironde\",\"url\":\"https:\\\/\\\/cdgolf33.com\\\/\",\"logo\":{\"@type\":\"ImageObject\",\"inLanguage\":\"fr-FR\",\"@id\":\"https:\\\/\\\/cdgolf33.com\\\/#\\\/schema\\\/logo\\\/image\\\/\",\"url\":\"https:\\\/\\\/cdgolf33.com\\\/wp-content\\\/uploads\\\/2019\\\/05\\\/LOGOCD33.jpg\",\"contentUrl\":\"https:\\\/\\\/cdgolf33.com\\\/wp-content\\\/uploads\\\/2019\\\/05\\\/LOGOCD33.jpg\",\"width\":220,\"height\":233,\"caption\":\"Comit\u00e9 de Golf de Gironde\"},\"image\":{\"@id\":\"https:\\\/\\\/cdgolf33.com\\\/#\\\/schema\\\/logo\\\/image\\\/\"},\"sameAs\":[\"https:\\\/\\\/x.com\\\/comitegolf33\"]}]}<\/script>\n<!-- \/ Yoast SEO plugin. -->","yoast_head_json":{"title":"Qu'est-ce que le Pitch & Putt du Comit\u00e9 de Golf de Gironde ? - Comit\u00e9 D\u00e9partemental de Golf de Gironde","description":"Qu'est-ce que le Pitch & Putt ?","robots":{"index":"index","follow":"follow","max-snippet":"max-snippet:-1","max-image-preview":"max-image-preview:large","max-video-preview":"max-video-preview:-1"},"canonical":"https:\/\/cdgolf33.com\/index.php\/quest-ce-que-le-pitch-putt-du-comite-de-golf-de-gironde\/","og_locale":"fr_FR","og_type":"article","og_title":"Qu'est-ce que le Pitch & Putt du Comit\u00e9 de Golf de Gironde ? - Comit\u00e9 D\u00e9partemental de Golf de Gironde","og_description":"Qu'est-ce que le Pitch & Putt ?","og_url":"https:\/\/cdgolf33.com\/index.php\/quest-ce-que-le-pitch-putt-du-comite-de-golf-de-gironde\/","og_site_name":"Comit\u00e9 D\u00e9partemental de Golf de Gironde","article_modified_time":"2024-12-15T11:46:52+00:00","twitter_card":"summary_large_image","twitter_site":"@comitegolf33","twitter_misc":{"Dur\u00e9e de lecture estim\u00e9e":"2 minutes"},"schema":{"@context":"https:\/\/schema.org","@graph":[{"@type":"WebPage","@id":"https:\/\/cdgolf33.com\/index.php\/quest-ce-que-le-pitch-putt-du-comite-de-golf-de-gironde\/","url":"https:\/\/cdgolf33.com\/index.php\/quest-ce-que-le-pitch-putt-du-comite-de-golf-de-gironde\/","name":"Qu'est-ce que le Pitch & Putt du Comit\u00e9 de Golf de Gironde ? - Comit\u00e9 D\u00e9partemental de Golf de Gironde","isPartOf":{"@id":"https:\/\/cdgolf33.com\/#website"},"datePublished":"2024-12-01T14:51:39+00:00","dateModified":"2024-12-15T11:46:52+00:00","description":"Qu'est-ce que le Pitch & Putt ?","breadcrumb":{"@id":"https:\/\/cdgolf33.com\/index.php\/quest-ce-que-le-pitch-putt-du-comite-de-golf-de-gironde\/#breadcrumb"},"inLanguage":"fr-FR","potentialAction":[{"@type":"ReadAction","target":["https:\/\/cdgolf33.com\/index.php\/quest-ce-que-le-pitch-putt-du-comite-de-golf-de-gironde\/"]}]},{"@type":"BreadcrumbList","@id":"https:\/\/cdgolf33.com\/index.php\/quest-ce-que-le-pitch-putt-du-comite-de-golf-de-gironde\/#breadcrumb","itemListElement":[{"@type":"ListItem","position":1,"name":"Accueil","item":"https:\/\/cdgolf33.com\/"},{"@type":"ListItem","position":2,"name":"Qu&rsquo;est-ce que le Pitch &#038; Putt du Comit\u00e9 de Golf de Gironde ?"}]},{"@type":"WebSite","@id":"https:\/\/cdgolf33.com\/#website","url":"https:\/\/cdgolf33.com\/","name":"Comit\u00e9 D\u00e9partemental de Golf de Gironde","description":"Le Comit\u00e9 de Gironde de Golf vous souhaite la bienvenue sur son site !","publisher":{"@id":"https:\/\/cdgolf33.com\/#organization"},"potentialAction":[{"@type":"SearchAction","target":{"@type":"EntryPoint","urlTemplate":"https:\/\/cdgolf33.com\/?s={search_term_string}"},"query-input":{"@type":"PropertyValueSpecification","valueRequired":true,"valueName":"search_term_string"}}],"inLanguage":"fr-FR"},{"@type":"Organization","@id":"https:\/\/cdgolf33.com\/#organization","name":"Comit\u00e9 de Golf de Gironde","url":"https:\/\/cdgolf33.com\/","logo":{"@type":"ImageObject","inLanguage":"fr-FR","@id":"https:\/\/cdgolf33.com\/#\/schema\/logo\/image\/","url":"https:\/\/cdgolf33.com\/wp-content\/uploads\/2019\/05\/LOGOCD33.jpg","contentUrl":"https:\/\/cdgolf33.com\/wp-content\/uploads\/2019\/05\/LOGOCD33.jpg","width":220,"height":233,"caption":"Comit\u00e9 de Golf de Gironde"},"image":{"@id":"https:\/\/cdgolf33.com\/#\/schema\/logo\/image\/"},"sameAs":["https:\/\/x.com\/comitegolf33"]}]}},"_links":{"self":[{"href":"https:\/\/cdgolf33.com\/index.php\/wp-json\/wp\/v2\/pages\/6886","targetHints":{"allow":["GET"]}}],"collection":[{"href":"https:\/\/cdgolf33.com\/index.php\/wp-json\/wp\/v2\/pages"}],"about":[{"href":"https:\/\/cdgolf33.com\/index.php\/wp-json\/wp\/v2\/types\/page"}],"author":[{"embeddable":true,"href":"https:\/\/cdgolf33.com\/index.php\/wp-json\/wp\/v2\/users\/1"}],"replies":[{"embeddable":true,"href":"https:\/\/cdgolf33.com\/index.php\/wp-json\/wp\/v2\/comments?post=6886"}],"version-history":[{"count":88,"href":"https:\/\/cdgolf33.com\/index.php\/wp-json\/wp\/v2\/pages\/6886\/revisions"}],"predecessor-version":[{"id":7565,"href":"https:\/\/cdgolf33.com\/index.php\/wp-json\/wp\/v2\/pages\/6886\/revisions\/7565"}],"wp:attachment":[{"href":"https:\/\/cdgolf33.com\/index.php\/wp-json\/wp\/v2\/media?parent=6886"}],"curies":[{"name":"wp","href":"https:\/\/api.w.org\/{rel}","templated":true}]}}