{"id":696,"date":"2014-02-26T14:57:38","date_gmt":"2014-02-26T13:57:38","guid":{"rendered":"http:\/\/www.cdgolf33.com\/?page_id=696"},"modified":"2014-02-26T14:57:38","modified_gmt":"2014-02-26T13:57:38","slug":"golf-des-graves-sauternais","status":"publish","type":"page","link":"https:\/\/cdgolf33.com\/index.php\/golf-des-graves-sauternais\/","title":{"rendered":"Golf des Graves &#038; Sauternais"},"content":{"rendered":"<p>\t\t\t\t<a href=\"\/wp-content\/uploads\/2014\/02\/Graves.jpg\"><img fetchpriority=\"high\" decoding=\"async\" class=\"wp-image-287 size-full\" src=\"http:\/\/www.cdgolf33.com\/wp-content\/uploads\/2014\/02\/Graves.jpg\" alt=\"Golf des Graves &amp; Sauternais\" width=\"995\" height=\"298\" srcset=\"https:\/\/cdgolf33.com\/wp-content\/uploads\/2014\/02\/Graves.jpg 995w, https:\/\/cdgolf33.com\/wp-content\/uploads\/2014\/02\/Graves-300x90.jpg 300w, https:\/\/cdgolf33.com\/wp-content\/uploads\/2014\/02\/Graves-768x230.jpg 768w\" sizes=\"(max-width: 995px) 100vw, 995px\" \/><\/a><\/p>\n<h2>Leurs sites internet \u00e0 visiter:<\/h2>\n<p><a href=\"http:\/\/www.golf-des-graves.com\" target=\"_blank\" rel=\"noopener noreferrer\">&gt;&gt;&gt; Aller vers le site du Golf des Graves et Sauternais<\/a><br \/>\n<a href=\"http:\/\/www.golf-des-graves.com\/association-sportive.html\" target=\"_blank\" rel=\"noopener noreferrer\">&gt;&gt;&gt; Aller vers le site de l\u2019Association Sportive des Graves et Sauternais<\/a><\/p>\n<h2>Les contacter:<\/h2>\n<p>Le t\u00e9l\u00e9phone du Golf et de l\u2019AS: 05 56 62 25 43<\/p>\n<p><a href=\"http:\/\/www.golf-des-graves.com\/contact.html\" target=\"_blank\" rel=\"noopener noreferrer\">Contacter le Golf des Graves et Sauternais<\/a><\/p>\n<h2>Y aller:<\/h2>\n<p>Golf des <strong>Graves et du Sauternais<\/strong><br \/>\nLac de Seguin<br \/>\n33210 St Pardon de Conques<\/p>\n<p><iframe src=\"https:\/\/www.google.fr\/maps?f=q&amp;source=s_q&amp;hl=fr&amp;geocode=&amp;q=golf+graves+et+sauternais&amp;aq=&amp;sll=44.910018,-0.568043&amp;sspn=0.013479,0.033023&amp;t=h&amp;ie=UTF8&amp;hq=&amp;hnear=&amp;z=16&amp;output=embed\" width=\"425\" height=\"350\" frameborder=\"0\" marginwidth=\"0\" marginheight=\"0\" scrolling=\"no\"><\/iframe><br \/>\n<small><a style=\"color: #0000ff; text-align: left;\" href=\"https:\/\/www.google.fr\/maps?f=q&amp;source=embed&amp;hl=fr&amp;geocode=&amp;q=golf+graves+et+sauternais&amp;aq=&amp;sll=44.910018,-0.568043&amp;sspn=0.013479,0.033023&amp;t=h&amp;ie=UTF8&amp;hq=&amp;hnear=&amp;z=16\" target=\"_blank\" rel=\"noopener noreferrer\">Agrandir le plan<\/a><\/small>\t\t<\/p>\n","protected":false},"excerpt":{"rendered":"<p>Leurs sites internet \u00e0 visiter: &gt;&gt;&gt; Aller vers le site du Golf des Graves et Sauternais &gt;&gt;&gt; Aller vers le site de l\u2019Association Sportive des Graves et Sauternais Les contacter: Le t\u00e9l\u00e9phone du Golf et de l\u2019AS: 05 56 62 25 43 Contacter le Golf des Graves et Sauternais Y [&hellip;]<\/p>\n","protected":false},"author":1,"featured_media":0,"parent":0,"menu_order":0,"comment_status":"closed","ping_status":"open","template":"","meta":{"footnotes":""},"class_list":["post-696","page","type-page","status-publish","hentry"],"yoast_head":"<!-- This site is optimized with the Yoast SEO plugin v27.5 - https:\/\/yoast.com\/product\/yoast-seo-wordpress\/ -->\n<title>Golf des Graves &amp; Sauternais - Comit\u00e9 D\u00e9partemental de Golf de Gironde<\/title>\n<meta name=\"robots\" content=\"index, follow, max-snippet:-1, max-image-preview:large, max-video-preview:-1\" \/>\n<link rel=\"canonical\" href=\"https:\/\/cdgolf33.com\/index.php\/golf-des-graves-sauternais\/\" \/>\n<meta property=\"og:locale\" content=\"fr_FR\" \/>\n<meta property=\"og:type\" content=\"article\" \/>\n<meta property=\"og:title\" content=\"Golf des Graves &amp; Sauternais - Comit\u00e9 D\u00e9partemental de Golf de Gironde\" \/>\n<meta property=\"og:description\" content=\"Leurs sites internet \u00e0 visiter: &gt;&gt;&gt; Aller vers le site du Golf des Graves et Sauternais &gt;&gt;&gt; Aller vers le site de l\u2019Association Sportive des Graves et Sauternais Les contacter: Le t\u00e9l\u00e9phone du Golf et de l\u2019AS: 05 56 62 25 43 Contacter le Golf des Graves et Sauternais Y [&hellip;]\" \/>\n<meta property=\"og:url\" content=\"https:\/\/cdgolf33.com\/index.php\/golf-des-graves-sauternais\/\" \/>\n<meta property=\"og:site_name\" content=\"Comit\u00e9 D\u00e9partemental de Golf de Gironde\" \/>\n<meta property=\"og:image\" content=\"http:\/\/www.cdgolf33.com\/wp-content\/uploads\/2014\/02\/Graves.jpg\" \/>\n<meta name=\"twitter:card\" content=\"summary_large_image\" \/>\n<meta name=\"twitter:site\" content=\"@comitegolf33\" \/>\n<script type=\"application\/ld+json\" class=\"yoast-schema-graph\">{\"@context\":\"https:\\\/\\\/schema.org\",\"@graph\":[{\"@type\":\"WebPage\",\"@id\":\"https:\\\/\\\/cdgolf33.com\\\/index.php\\\/golf-des-graves-sauternais\\\/\",\"url\":\"https:\\\/\\\/cdgolf33.com\\\/index.php\\\/golf-des-graves-sauternais\\\/\",\"name\":\"Golf des Graves & Sauternais - Comit\u00e9 D\u00e9partemental de Golf de Gironde\",\"isPartOf\":{\"@id\":\"https:\\\/\\\/cdgolf33.com\\\/#website\"},\"primaryImageOfPage\":{\"@id\":\"https:\\\/\\\/cdgolf33.com\\\/index.php\\\/golf-des-graves-sauternais\\\/#primaryimage\"},\"image\":{\"@id\":\"https:\\\/\\\/cdgolf33.com\\\/index.php\\\/golf-des-graves-sauternais\\\/#primaryimage\"},\"thumbnailUrl\":\"http:\\\/\\\/www.cdgolf33.com\\\/wp-content\\\/uploads\\\/2014\\\/02\\\/Graves.jpg\",\"datePublished\":\"2014-02-26T13:57:38+00:00\",\"breadcrumb\":{\"@id\":\"https:\\\/\\\/cdgolf33.com\\\/index.php\\\/golf-des-graves-sauternais\\\/#breadcrumb\"},\"inLanguage\":\"fr-FR\",\"potentialAction\":[{\"@type\":\"ReadAction\",\"target\":[\"https:\\\/\\\/cdgolf33.com\\\/index.php\\\/golf-des-graves-sauternais\\\/\"]}]},{\"@type\":\"ImageObject\",\"inLanguage\":\"fr-FR\",\"@id\":\"https:\\\/\\\/cdgolf33.com\\\/index.php\\\/golf-des-graves-sauternais\\\/#primaryimage\",\"url\":\"http:\\\/\\\/www.cdgolf33.com\\\/wp-content\\\/uploads\\\/2014\\\/02\\\/Graves.jpg\",\"contentUrl\":\"http:\\\/\\\/www.cdgolf33.com\\\/wp-content\\\/uploads\\\/2014\\\/02\\\/Graves.jpg\"},{\"@type\":\"BreadcrumbList\",\"@id\":\"https:\\\/\\\/cdgolf33.com\\\/index.php\\\/golf-des-graves-sauternais\\\/#breadcrumb\",\"itemListElement\":[{\"@type\":\"ListItem\",\"position\":1,\"name\":\"Accueil\",\"item\":\"https:\\\/\\\/cdgolf33.com\\\/\"},{\"@type\":\"ListItem\",\"position\":2,\"name\":\"Golf des Graves &#038; Sauternais\"}]},{\"@type\":\"WebSite\",\"@id\":\"https:\\\/\\\/cdgolf33.com\\\/#website\",\"url\":\"https:\\\/\\\/cdgolf33.com\\\/\",\"name\":\"Comit\u00e9 D\u00e9partemental de Golf de Gironde\",\"description\":\"Le Comit\u00e9 de Gironde de Golf vous souhaite la bienvenue sur son site !\",\"publisher\":{\"@id\":\"https:\\\/\\\/cdgolf33.com\\\/#organization\"},\"potentialAction\":[{\"@type\":\"SearchAction\",\"target\":{\"@type\":\"EntryPoint\",\"urlTemplate\":\"https:\\\/\\\/cdgolf33.com\\\/?s={search_term_string}\"},\"query-input\":{\"@type\":\"PropertyValueSpecification\",\"valueRequired\":true,\"valueName\":\"search_term_string\"}}],\"inLanguage\":\"fr-FR\"},{\"@type\":\"Organization\",\"@id\":\"https:\\\/\\\/cdgolf33.com\\\/#organization\",\"name\":\"Comit\u00e9 de Golf de Gironde\",\"url\":\"https:\\\/\\\/cdgolf33.com\\\/\",\"logo\":{\"@type\":\"ImageObject\",\"inLanguage\":\"fr-FR\",\"@id\":\"https:\\\/\\\/cdgolf33.com\\\/#\\\/schema\\\/logo\\\/image\\\/\",\"url\":\"https:\\\/\\\/cdgolf33.com\\\/wp-content\\\/uploads\\\/2019\\\/05\\\/LOGOCD33.jpg\",\"contentUrl\":\"https:\\\/\\\/cdgolf33.com\\\/wp-content\\\/uploads\\\/2019\\\/05\\\/LOGOCD33.jpg\",\"width\":220,\"height\":233,\"caption\":\"Comit\u00e9 de Golf de Gironde\"},\"image\":{\"@id\":\"https:\\\/\\\/cdgolf33.com\\\/#\\\/schema\\\/logo\\\/image\\\/\"},\"sameAs\":[\"https:\\\/\\\/x.com\\\/comitegolf33\"]}]}<\/script>\n<!-- \/ Yoast SEO plugin. -->","yoast_head_json":{"title":"Golf des Graves & Sauternais - Comit\u00e9 D\u00e9partemental de Golf de Gironde","robots":{"index":"index","follow":"follow","max-snippet":"max-snippet:-1","max-image-preview":"max-image-preview:large","max-video-preview":"max-video-preview:-1"},"canonical":"https:\/\/cdgolf33.com\/index.php\/golf-des-graves-sauternais\/","og_locale":"fr_FR","og_type":"article","og_title":"Golf des Graves & Sauternais - Comit\u00e9 D\u00e9partemental de Golf de Gironde","og_description":"Leurs sites internet \u00e0 visiter: &gt;&gt;&gt; Aller vers le site du Golf des Graves et Sauternais &gt;&gt;&gt; Aller vers le site de l\u2019Association Sportive des Graves et Sauternais Les contacter: Le t\u00e9l\u00e9phone du Golf et de l\u2019AS: 05 56 62 25 43 Contacter le Golf des Graves et Sauternais Y [&hellip;]","og_url":"https:\/\/cdgolf33.com\/index.php\/golf-des-graves-sauternais\/","og_site_name":"Comit\u00e9 D\u00e9partemental de Golf de Gironde","og_image":[{"url":"http:\/\/www.cdgolf33.com\/wp-content\/uploads\/2014\/02\/Graves.jpg","type":"","width":"","height":""}],"twitter_card":"summary_large_image","twitter_site":"@comitegolf33","schema":{"@context":"https:\/\/schema.org","@graph":[{"@type":"WebPage","@id":"https:\/\/cdgolf33.com\/index.php\/golf-des-graves-sauternais\/","url":"https:\/\/cdgolf33.com\/index.php\/golf-des-graves-sauternais\/","name":"Golf des Graves & Sauternais - Comit\u00e9 D\u00e9partemental de Golf de Gironde","isPartOf":{"@id":"https:\/\/cdgolf33.com\/#website"},"primaryImageOfPage":{"@id":"https:\/\/cdgolf33.com\/index.php\/golf-des-graves-sauternais\/#primaryimage"},"image":{"@id":"https:\/\/cdgolf33.com\/index.php\/golf-des-graves-sauternais\/#primaryimage"},"thumbnailUrl":"http:\/\/www.cdgolf33.com\/wp-content\/uploads\/2014\/02\/Graves.jpg","datePublished":"2014-02-26T13:57:38+00:00","breadcrumb":{"@id":"https:\/\/cdgolf33.com\/index.php\/golf-des-graves-sauternais\/#breadcrumb"},"inLanguage":"fr-FR","potentialAction":[{"@type":"ReadAction","target":["https:\/\/cdgolf33.com\/index.php\/golf-des-graves-sauternais\/"]}]},{"@type":"ImageObject","inLanguage":"fr-FR","@id":"https:\/\/cdgolf33.com\/index.php\/golf-des-graves-sauternais\/#primaryimage","url":"http:\/\/www.cdgolf33.com\/wp-content\/uploads\/2014\/02\/Graves.jpg","contentUrl":"http:\/\/www.cdgolf33.com\/wp-content\/uploads\/2014\/02\/Graves.jpg"},{"@type":"BreadcrumbList","@id":"https:\/\/cdgolf33.com\/index.php\/golf-des-graves-sauternais\/#breadcrumb","itemListElement":[{"@type":"ListItem","position":1,"name":"Accueil","item":"https:\/\/cdgolf33.com\/"},{"@type":"ListItem","position":2,"name":"Golf des Graves &#038; Sauternais"}]},{"@type":"WebSite","@id":"https:\/\/cdgolf33.com\/#website","url":"https:\/\/cdgolf33.com\/","name":"Comit\u00e9 D\u00e9partemental de Golf de Gironde","description":"Le Comit\u00e9 de Gironde de Golf vous souhaite la bienvenue sur son site !","publisher":{"@id":"https:\/\/cdgolf33.com\/#organization"},"potentialAction":[{"@type":"SearchAction","target":{"@type":"EntryPoint","urlTemplate":"https:\/\/cdgolf33.com\/?s={search_term_string}"},"query-input":{"@type":"PropertyValueSpecification","valueRequired":true,"valueName":"search_term_string"}}],"inLanguage":"fr-FR"},{"@type":"Organization","@id":"https:\/\/cdgolf33.com\/#organization","name":"Comit\u00e9 de Golf de Gironde","url":"https:\/\/cdgolf33.com\/","logo":{"@type":"ImageObject","inLanguage":"fr-FR","@id":"https:\/\/cdgolf33.com\/#\/schema\/logo\/image\/","url":"https:\/\/cdgolf33.com\/wp-content\/uploads\/2019\/05\/LOGOCD33.jpg","contentUrl":"https:\/\/cdgolf33.com\/wp-content\/uploads\/2019\/05\/LOGOCD33.jpg","width":220,"height":233,"caption":"Comit\u00e9 de Golf de Gironde"},"image":{"@id":"https:\/\/cdgolf33.com\/#\/schema\/logo\/image\/"},"sameAs":["https:\/\/x.com\/comitegolf33"]}]}},"_links":{"self":[{"href":"https:\/\/cdgolf33.com\/index.php\/wp-json\/wp\/v2\/pages\/696","targetHints":{"allow":["GET"]}}],"collection":[{"href":"https:\/\/cdgolf33.com\/index.php\/wp-json\/wp\/v2\/pages"}],"about":[{"href":"https:\/\/cdgolf33.com\/index.php\/wp-json\/wp\/v2\/types\/page"}],"author":[{"embeddable":true,"href":"https:\/\/cdgolf33.com\/index.php\/wp-json\/wp\/v2\/users\/1"}],"replies":[{"embeddable":true,"href":"https:\/\/cdgolf33.com\/index.php\/wp-json\/wp\/v2\/comments?post=696"}],"version-history":[{"count":0,"href":"https:\/\/cdgolf33.com\/index.php\/wp-json\/wp\/v2\/pages\/696\/revisions"}],"wp:attachment":[{"href":"https:\/\/cdgolf33.com\/index.php\/wp-json\/wp\/v2\/media?parent=696"}],"curies":[{"name":"wp","href":"https:\/\/api.w.org\/{rel}","templated":true}]}}