{"id":731,"date":"2014-02-26T18:15:21","date_gmt":"2014-02-26T17:15:21","guid":{"rendered":"http:\/\/www.cdgolf33.com\/?page_id=731"},"modified":"2014-02-26T18:15:21","modified_gmt":"2014-02-26T17:15:21","slug":"golf-des-aiguilles-vertes","status":"publish","type":"page","link":"https:\/\/cdgolf33.com\/index.php\/golf-des-aiguilles-vertes\/","title":{"rendered":"Golf des Aiguilles Vertes"},"content":{"rendered":"<p>\t\t\t\t<a href=\"\/wp-content\/uploads\/2014\/02\/AiguillesVertes.jpg\"><img fetchpriority=\"high\" decoding=\"async\" class=\"aligncenter wp-image-282 size-full\" src=\"http:\/\/www.cdgolf33.com\/wp-content\/uploads\/2014\/02\/AiguillesVertes.jpg\" alt=\"Golf des Aiguilles Vertes\" width=\"750\" height=\"220\" srcset=\"https:\/\/cdgolf33.com\/wp-content\/uploads\/2014\/02\/AiguillesVertes.jpg 750w, https:\/\/cdgolf33.com\/wp-content\/uploads\/2014\/02\/AiguillesVertes-300x88.jpg 300w\" sizes=\"(max-width: 750px) 100vw, 750px\" \/><\/a><\/p>\n<h2>Le site internet \u00e0 visiter:<\/h2>\n<p style=\"text-align: left;\">&gt;&gt;&gt; Aller vers le site du Golf des Aiguilles Vertes <strong>(Indisponible actuellement)<\/strong><\/p>\n<h2 style=\"text-align: left;\">Les contacter:<\/h2>\n<p>Le t\u00e9l\u00e9phone du Golf: 05 56 82 95 71<\/p>\n<p><a href=\"mailto:golf.aiguillesvertes@free.fr\" target=\"_blank\" rel=\"noopener noreferrer\">Contacter le Golf des Aiguilles Vertes<\/a><\/p>\n<h2>Y aller:<\/h2>\n<p>GOLF des <strong>AIGUILLES VERTES<\/strong><br \/>\nRoute de Bordeaux<br \/>\n33138 CASSY \u2013 LANTON<\/p>\n<p style=\"text-align: center;\"><iframe src=\"https:\/\/maps.google.fr\/maps?f=q&amp;source=s_q&amp;hl=fr&amp;geocode=&amp;q=Golf+des+Aiguilles+Vertes,+Lanton&amp;aq=0&amp;oq=golf+des+aiguilles+vertes&amp;sll=45.053454,-0.656261&amp;sspn=0.013446,0.033023&amp;t=h&amp;ie=UTF8&amp;hq=Golf+des+Aiguilles+Vertes,+Lanton&amp;ll=44.732619,-1.042564&amp;spn=0.005335,0.00912&amp;z=16&amp;output=embed\" width=\"425\" height=\"350\" frameborder=\"0\" marginwidth=\"0\" marginheight=\"0\" scrolling=\"no\"><\/iframe><br \/>\n<small><a style=\"color: #0000ff; text-align: left;\" href=\"https:\/\/maps.google.fr\/maps?f=q&amp;source=embed&amp;hl=fr&amp;geocode=&amp;q=Golf+des+Aiguilles+Vertes,+Lanton&amp;aq=0&amp;oq=golf+des+aiguilles+vertes&amp;sll=45.053454,-0.656261&amp;sspn=0.013446,0.033023&amp;t=h&amp;ie=UTF8&amp;hq=Golf+des+Aiguilles+Vertes,+Lanton&amp;ll=44.732619,-1.042564&amp;spn=0.005335,0.00912&amp;z=16\" target=\"_blank\" rel=\"noopener noreferrer\">Agrandir le plan<\/a><\/small><\/p>\n","protected":false},"excerpt":{"rendered":"<p>Le site internet \u00e0 visiter: &gt;&gt;&gt; Aller vers le site du Golf des Aiguilles Vertes (Indisponible actuellement) Les contacter: Le t\u00e9l\u00e9phone du Golf: 05 56 82 95 71 Contacter le Golf des Aiguilles Vertes Y aller: GOLF des AIGUILLES VERTES Route de Bordeaux 33138 CASSY \u2013 LANTON Agrandir le plan<\/p>\n","protected":false},"author":1,"featured_media":0,"parent":0,"menu_order":0,"comment_status":"closed","ping_status":"open","template":"","meta":{"footnotes":""},"class_list":["post-731","page","type-page","status-publish","hentry"],"yoast_head":"<!-- This site is optimized with the Yoast SEO plugin v27.3 - https:\/\/yoast.com\/product\/yoast-seo-wordpress\/ -->\n<title>Golf des Aiguilles Vertes - Comit\u00e9 D\u00e9partemental de Golf de Gironde<\/title>\n<meta name=\"robots\" content=\"index, follow, max-snippet:-1, max-image-preview:large, max-video-preview:-1\" \/>\n<link rel=\"canonical\" href=\"https:\/\/cdgolf33.com\/index.php\/golf-des-aiguilles-vertes\/\" \/>\n<meta property=\"og:locale\" content=\"fr_FR\" \/>\n<meta property=\"og:type\" content=\"article\" \/>\n<meta property=\"og:title\" content=\"Golf des Aiguilles Vertes - Comit\u00e9 D\u00e9partemental de Golf de Gironde\" \/>\n<meta property=\"og:description\" content=\"Le site internet \u00e0 visiter: &gt;&gt;&gt; Aller vers le site du Golf des Aiguilles Vertes (Indisponible actuellement) Les contacter: Le t\u00e9l\u00e9phone du Golf: 05 56 82 95 71 Contacter le Golf des Aiguilles Vertes Y aller: GOLF des AIGUILLES VERTES Route de Bordeaux 33138 CASSY \u2013 LANTON Agrandir le plan\" \/>\n<meta property=\"og:url\" content=\"https:\/\/cdgolf33.com\/index.php\/golf-des-aiguilles-vertes\/\" \/>\n<meta property=\"og:site_name\" content=\"Comit\u00e9 D\u00e9partemental de Golf de Gironde\" \/>\n<meta property=\"og:image\" content=\"http:\/\/www.cdgolf33.com\/wp-content\/uploads\/2014\/02\/AiguillesVertes.jpg\" \/>\n<meta name=\"twitter:card\" content=\"summary_large_image\" \/>\n<meta name=\"twitter:site\" content=\"@comitegolf33\" \/>\n<script type=\"application\/ld+json\" class=\"yoast-schema-graph\">{\"@context\":\"https:\\\/\\\/schema.org\",\"@graph\":[{\"@type\":\"WebPage\",\"@id\":\"https:\\\/\\\/cdgolf33.com\\\/index.php\\\/golf-des-aiguilles-vertes\\\/\",\"url\":\"https:\\\/\\\/cdgolf33.com\\\/index.php\\\/golf-des-aiguilles-vertes\\\/\",\"name\":\"Golf des Aiguilles Vertes - Comit\u00e9 D\u00e9partemental de Golf de Gironde\",\"isPartOf\":{\"@id\":\"https:\\\/\\\/cdgolf33.com\\\/#website\"},\"primaryImageOfPage\":{\"@id\":\"https:\\\/\\\/cdgolf33.com\\\/index.php\\\/golf-des-aiguilles-vertes\\\/#primaryimage\"},\"image\":{\"@id\":\"https:\\\/\\\/cdgolf33.com\\\/index.php\\\/golf-des-aiguilles-vertes\\\/#primaryimage\"},\"thumbnailUrl\":\"http:\\\/\\\/www.cdgolf33.com\\\/wp-content\\\/uploads\\\/2014\\\/02\\\/AiguillesVertes.jpg\",\"datePublished\":\"2014-02-26T17:15:21+00:00\",\"breadcrumb\":{\"@id\":\"https:\\\/\\\/cdgolf33.com\\\/index.php\\\/golf-des-aiguilles-vertes\\\/#breadcrumb\"},\"inLanguage\":\"fr-FR\",\"potentialAction\":[{\"@type\":\"ReadAction\",\"target\":[\"https:\\\/\\\/cdgolf33.com\\\/index.php\\\/golf-des-aiguilles-vertes\\\/\"]}]},{\"@type\":\"ImageObject\",\"inLanguage\":\"fr-FR\",\"@id\":\"https:\\\/\\\/cdgolf33.com\\\/index.php\\\/golf-des-aiguilles-vertes\\\/#primaryimage\",\"url\":\"http:\\\/\\\/www.cdgolf33.com\\\/wp-content\\\/uploads\\\/2014\\\/02\\\/AiguillesVertes.jpg\",\"contentUrl\":\"http:\\\/\\\/www.cdgolf33.com\\\/wp-content\\\/uploads\\\/2014\\\/02\\\/AiguillesVertes.jpg\"},{\"@type\":\"BreadcrumbList\",\"@id\":\"https:\\\/\\\/cdgolf33.com\\\/index.php\\\/golf-des-aiguilles-vertes\\\/#breadcrumb\",\"itemListElement\":[{\"@type\":\"ListItem\",\"position\":1,\"name\":\"Accueil\",\"item\":\"https:\\\/\\\/cdgolf33.com\\\/\"},{\"@type\":\"ListItem\",\"position\":2,\"name\":\"Golf des Aiguilles Vertes\"}]},{\"@type\":\"WebSite\",\"@id\":\"https:\\\/\\\/cdgolf33.com\\\/#website\",\"url\":\"https:\\\/\\\/cdgolf33.com\\\/\",\"name\":\"Comit\u00e9 D\u00e9partemental de Golf de Gironde\",\"description\":\"Le Comit\u00e9 de Gironde de Golf vous souhaite la bienvenue sur son site !\",\"publisher\":{\"@id\":\"https:\\\/\\\/cdgolf33.com\\\/#organization\"},\"potentialAction\":[{\"@type\":\"SearchAction\",\"target\":{\"@type\":\"EntryPoint\",\"urlTemplate\":\"https:\\\/\\\/cdgolf33.com\\\/?s={search_term_string}\"},\"query-input\":{\"@type\":\"PropertyValueSpecification\",\"valueRequired\":true,\"valueName\":\"search_term_string\"}}],\"inLanguage\":\"fr-FR\"},{\"@type\":\"Organization\",\"@id\":\"https:\\\/\\\/cdgolf33.com\\\/#organization\",\"name\":\"Comit\u00e9 de Golf de Gironde\",\"url\":\"https:\\\/\\\/cdgolf33.com\\\/\",\"logo\":{\"@type\":\"ImageObject\",\"inLanguage\":\"fr-FR\",\"@id\":\"https:\\\/\\\/cdgolf33.com\\\/#\\\/schema\\\/logo\\\/image\\\/\",\"url\":\"https:\\\/\\\/cdgolf33.com\\\/wp-content\\\/uploads\\\/2019\\\/05\\\/LOGOCD33.jpg\",\"contentUrl\":\"https:\\\/\\\/cdgolf33.com\\\/wp-content\\\/uploads\\\/2019\\\/05\\\/LOGOCD33.jpg\",\"width\":220,\"height\":233,\"caption\":\"Comit\u00e9 de Golf de Gironde\"},\"image\":{\"@id\":\"https:\\\/\\\/cdgolf33.com\\\/#\\\/schema\\\/logo\\\/image\\\/\"},\"sameAs\":[\"https:\\\/\\\/x.com\\\/comitegolf33\"]}]}<\/script>\n<!-- \/ Yoast SEO plugin. -->","yoast_head_json":{"title":"Golf des Aiguilles Vertes - Comit\u00e9 D\u00e9partemental de Golf de Gironde","robots":{"index":"index","follow":"follow","max-snippet":"max-snippet:-1","max-image-preview":"max-image-preview:large","max-video-preview":"max-video-preview:-1"},"canonical":"https:\/\/cdgolf33.com\/index.php\/golf-des-aiguilles-vertes\/","og_locale":"fr_FR","og_type":"article","og_title":"Golf des Aiguilles Vertes - Comit\u00e9 D\u00e9partemental de Golf de Gironde","og_description":"Le site internet \u00e0 visiter: &gt;&gt;&gt; Aller vers le site du Golf des Aiguilles Vertes (Indisponible actuellement) Les contacter: Le t\u00e9l\u00e9phone du Golf: 05 56 82 95 71 Contacter le Golf des Aiguilles Vertes Y aller: GOLF des AIGUILLES VERTES Route de Bordeaux 33138 CASSY \u2013 LANTON Agrandir le plan","og_url":"https:\/\/cdgolf33.com\/index.php\/golf-des-aiguilles-vertes\/","og_site_name":"Comit\u00e9 D\u00e9partemental de Golf de Gironde","og_image":[{"url":"http:\/\/www.cdgolf33.com\/wp-content\/uploads\/2014\/02\/AiguillesVertes.jpg","type":"","width":"","height":""}],"twitter_card":"summary_large_image","twitter_site":"@comitegolf33","schema":{"@context":"https:\/\/schema.org","@graph":[{"@type":"WebPage","@id":"https:\/\/cdgolf33.com\/index.php\/golf-des-aiguilles-vertes\/","url":"https:\/\/cdgolf33.com\/index.php\/golf-des-aiguilles-vertes\/","name":"Golf des Aiguilles Vertes - Comit\u00e9 D\u00e9partemental de Golf de Gironde","isPartOf":{"@id":"https:\/\/cdgolf33.com\/#website"},"primaryImageOfPage":{"@id":"https:\/\/cdgolf33.com\/index.php\/golf-des-aiguilles-vertes\/#primaryimage"},"image":{"@id":"https:\/\/cdgolf33.com\/index.php\/golf-des-aiguilles-vertes\/#primaryimage"},"thumbnailUrl":"http:\/\/www.cdgolf33.com\/wp-content\/uploads\/2014\/02\/AiguillesVertes.jpg","datePublished":"2014-02-26T17:15:21+00:00","breadcrumb":{"@id":"https:\/\/cdgolf33.com\/index.php\/golf-des-aiguilles-vertes\/#breadcrumb"},"inLanguage":"fr-FR","potentialAction":[{"@type":"ReadAction","target":["https:\/\/cdgolf33.com\/index.php\/golf-des-aiguilles-vertes\/"]}]},{"@type":"ImageObject","inLanguage":"fr-FR","@id":"https:\/\/cdgolf33.com\/index.php\/golf-des-aiguilles-vertes\/#primaryimage","url":"http:\/\/www.cdgolf33.com\/wp-content\/uploads\/2014\/02\/AiguillesVertes.jpg","contentUrl":"http:\/\/www.cdgolf33.com\/wp-content\/uploads\/2014\/02\/AiguillesVertes.jpg"},{"@type":"BreadcrumbList","@id":"https:\/\/cdgolf33.com\/index.php\/golf-des-aiguilles-vertes\/#breadcrumb","itemListElement":[{"@type":"ListItem","position":1,"name":"Accueil","item":"https:\/\/cdgolf33.com\/"},{"@type":"ListItem","position":2,"name":"Golf des Aiguilles Vertes"}]},{"@type":"WebSite","@id":"https:\/\/cdgolf33.com\/#website","url":"https:\/\/cdgolf33.com\/","name":"Comit\u00e9 D\u00e9partemental de Golf de Gironde","description":"Le Comit\u00e9 de Gironde de Golf vous souhaite la bienvenue sur son site !","publisher":{"@id":"https:\/\/cdgolf33.com\/#organization"},"potentialAction":[{"@type":"SearchAction","target":{"@type":"EntryPoint","urlTemplate":"https:\/\/cdgolf33.com\/?s={search_term_string}"},"query-input":{"@type":"PropertyValueSpecification","valueRequired":true,"valueName":"search_term_string"}}],"inLanguage":"fr-FR"},{"@type":"Organization","@id":"https:\/\/cdgolf33.com\/#organization","name":"Comit\u00e9 de Golf de Gironde","url":"https:\/\/cdgolf33.com\/","logo":{"@type":"ImageObject","inLanguage":"fr-FR","@id":"https:\/\/cdgolf33.com\/#\/schema\/logo\/image\/","url":"https:\/\/cdgolf33.com\/wp-content\/uploads\/2019\/05\/LOGOCD33.jpg","contentUrl":"https:\/\/cdgolf33.com\/wp-content\/uploads\/2019\/05\/LOGOCD33.jpg","width":220,"height":233,"caption":"Comit\u00e9 de Golf de Gironde"},"image":{"@id":"https:\/\/cdgolf33.com\/#\/schema\/logo\/image\/"},"sameAs":["https:\/\/x.com\/comitegolf33"]}]}},"_links":{"self":[{"href":"https:\/\/cdgolf33.com\/index.php\/wp-json\/wp\/v2\/pages\/731","targetHints":{"allow":["GET"]}}],"collection":[{"href":"https:\/\/cdgolf33.com\/index.php\/wp-json\/wp\/v2\/pages"}],"about":[{"href":"https:\/\/cdgolf33.com\/index.php\/wp-json\/wp\/v2\/types\/page"}],"author":[{"embeddable":true,"href":"https:\/\/cdgolf33.com\/index.php\/wp-json\/wp\/v2\/users\/1"}],"replies":[{"embeddable":true,"href":"https:\/\/cdgolf33.com\/index.php\/wp-json\/wp\/v2\/comments?post=731"}],"version-history":[{"count":0,"href":"https:\/\/cdgolf33.com\/index.php\/wp-json\/wp\/v2\/pages\/731\/revisions"}],"wp:attachment":[{"href":"https:\/\/cdgolf33.com\/index.php\/wp-json\/wp\/v2\/media?parent=731"}],"curies":[{"name":"wp","href":"https:\/\/api.w.org\/{rel}","templated":true}]}}