{"id":7396,"date":"2024-12-12T16:58:36","date_gmt":"2024-12-12T15:58:36","guid":{"rendered":"https:\/\/cdgolf33.com\/?page_id=7396"},"modified":"2025-09-16T14:14:04","modified_gmt":"2025-09-16T12:14:04","slug":"pitch-putt-2025-infos","status":"publish","type":"page","link":"https:\/\/cdgolf33.com\/index.php\/pitch-putt-2025-infos\/","title":{"rendered":"Pitch &#038; Putt 2025 Infos"},"content":{"rendered":"\t\t<div data-elementor-type=\"wp-page\" data-elementor-id=\"7396\" class=\"elementor elementor-7396\">\n\t\t\t\t<div class=\"elementor-element elementor-element-e9a7d7a e-flex e-con-boxed e-con e-parent\" data-id=\"e9a7d7a\" data-element_type=\"container\" data-e-type=\"container\">\n\t\t\t\t\t<div class=\"e-con-inner\">\n\t\t\t\t<div class=\"elementor-element elementor-element-f132acc elementor-widget elementor-widget-heading\" data-id=\"f132acc\" data-element_type=\"widget\" data-e-type=\"widget\" data-widget_type=\"heading.default\">\n\t\t\t\t<div class=\"elementor-widget-container\">\n\t\t\t\t\t<h2 class=\"elementor-heading-title elementor-size-default\">Derni\u00e8res informations<\/h2>\t\t\t\t<\/div>\n\t\t\t\t<\/div>\n\t\t\t\t\t<\/div>\n\t\t\t\t<\/div>\n\t\t<div class=\"elementor-element elementor-element-c1506f0 e-flex e-con-boxed e-con e-parent\" data-id=\"c1506f0\" data-element_type=\"container\" data-e-type=\"container\">\n\t\t\t\t\t<div class=\"e-con-inner\">\n\t\t\t\t<div class=\"elementor-element elementor-element-a703373 elementor-widget elementor-widget-text-editor\" data-id=\"a703373\" data-element_type=\"widget\" data-e-type=\"widget\" data-widget_type=\"text-editor.default\">\n\t\t\t\t<div class=\"elementor-widget-container\">\n\t\t\t\t\t\t\t\t\t<h3><span style=\"font-size: 24px;\">Les Tours n\u00b01, n\u00b02, n\u00b03, n\u00b04, n\u00b05, n\u00b0 6, la finale (individuel) et la finale interclubs (par \u00e9quipes) sont clos.<\/span><\/h3><h3><span style=\"font-size: 24px; color: inherit;\">R\u00e9sultats individuels et par \u00e9quipe, compte-rendus et vid\u00e9os des Tours 1, 2, 3, 4, 5, 6, finale (individuel) et finale interclubs par \u00e9quipes publi\u00e9s.<\/span><\/h3><div><h3 style=\"color: #7a7a7a;\"><span style=\"font-size: 24px;\"><b>Rendez-vous pour le Pitch &amp; Putt 2026 !<\/b><\/span><\/h3><\/div><div><\/div>\t\t\t\t\t\t\t\t<\/div>\n\t\t\t\t<\/div>\n\t\t\t\t\t<\/div>\n\t\t\t\t<\/div>\n\t\t<div class=\"elementor-element elementor-element-f978a5e e-flex e-con-boxed e-con e-parent\" data-id=\"f978a5e\" data-element_type=\"container\" data-e-type=\"container\">\n\t\t\t\t\t<div class=\"e-con-inner\">\n\t\t\t\t<div class=\"elementor-element elementor-element-575d3ae elementor-widget elementor-widget-shortcode\" data-id=\"575d3ae\" data-element_type=\"widget\" data-e-type=\"widget\" data-widget_type=\"shortcode.default\">\n\t\t\t\t<div class=\"elementor-widget-container\">\n\t\t\t\t\t\t\t<div class=\"elementor-shortcode\"><input type=\"button\" value=\"Retour\" class=\"alg_back_button_input button\" style=\"background-color:#61B6CE\" onclick=\"window.history.back()\" \/><\/div>\n\t\t\t\t\t\t<\/div>\n\t\t\t\t<\/div>\n\t\t\t\t\t<\/div>\n\t\t\t\t<\/div>\n\t\t\t\t<\/div>\n\t\t","protected":false},"excerpt":{"rendered":"<p>Derni\u00e8res informations Les Tours n\u00b01, n\u00b02, n\u00b03, n\u00b04, n\u00b05, n\u00b0 6, la finale (individuel) et la finale interclubs (par \u00e9quipes) sont clos. R\u00e9sultats individuels et par \u00e9quipe, compte-rendus et vid\u00e9os des Tours 1, 2, 3, 4, 5, 6, finale (individuel) et finale interclubs par \u00e9quipes publi\u00e9s. Rendez-vous pour le Pitch [&hellip;]<\/p>\n","protected":false},"author":2,"featured_media":0,"parent":0,"menu_order":0,"comment_status":"closed","ping_status":"closed","template":"","meta":{"footnotes":""},"class_list":["post-7396","page","type-page","status-publish","hentry"],"yoast_head":"<!-- This site is optimized with the Yoast SEO plugin v27.4 - https:\/\/yoast.com\/product\/yoast-seo-wordpress\/ -->\n<title>Pitch &amp; Putt 2025 Infos - Comit\u00e9 D\u00e9partemental de Golf de Gironde<\/title>\n<meta name=\"robots\" content=\"index, follow, max-snippet:-1, max-image-preview:large, max-video-preview:-1\" \/>\n<link rel=\"canonical\" href=\"https:\/\/cdgolf33.com\/index.php\/pitch-putt-2025-infos\/\" \/>\n<meta property=\"og:locale\" content=\"fr_FR\" \/>\n<meta property=\"og:type\" content=\"article\" \/>\n<meta property=\"og:title\" content=\"Pitch &amp; Putt 2025 Infos - Comit\u00e9 D\u00e9partemental de Golf de Gironde\" \/>\n<meta property=\"og:description\" content=\"Derni\u00e8res informations Les Tours n\u00b01, n\u00b02, n\u00b03, n\u00b04, n\u00b05, n\u00b0 6, la finale (individuel) et la finale interclubs (par \u00e9quipes) sont clos. R\u00e9sultats individuels et par \u00e9quipe, compte-rendus et vid\u00e9os des Tours 1, 2, 3, 4, 5, 6, finale (individuel) et finale interclubs par \u00e9quipes publi\u00e9s. Rendez-vous pour le Pitch [&hellip;]\" \/>\n<meta property=\"og:url\" content=\"https:\/\/cdgolf33.com\/index.php\/pitch-putt-2025-infos\/\" \/>\n<meta property=\"og:site_name\" content=\"Comit\u00e9 D\u00e9partemental de Golf de Gironde\" \/>\n<meta property=\"article:modified_time\" content=\"2025-09-16T12:14:04+00:00\" \/>\n<meta name=\"twitter:card\" content=\"summary_large_image\" \/>\n<meta name=\"twitter:site\" content=\"@comitegolf33\" \/>\n<meta name=\"twitter:label1\" content=\"Dur\u00e9e de lecture estim\u00e9e\" \/>\n\t<meta name=\"twitter:data1\" content=\"1 minute\" \/>\n<script type=\"application\/ld+json\" class=\"yoast-schema-graph\">{\"@context\":\"https:\\\/\\\/schema.org\",\"@graph\":[{\"@type\":\"WebPage\",\"@id\":\"https:\\\/\\\/cdgolf33.com\\\/index.php\\\/pitch-putt-2025-infos\\\/\",\"url\":\"https:\\\/\\\/cdgolf33.com\\\/index.php\\\/pitch-putt-2025-infos\\\/\",\"name\":\"Pitch & Putt 2025 Infos - Comit\u00e9 D\u00e9partemental de Golf de Gironde\",\"isPartOf\":{\"@id\":\"https:\\\/\\\/cdgolf33.com\\\/#website\"},\"datePublished\":\"2024-12-12T15:58:36+00:00\",\"dateModified\":\"2025-09-16T12:14:04+00:00\",\"breadcrumb\":{\"@id\":\"https:\\\/\\\/cdgolf33.com\\\/index.php\\\/pitch-putt-2025-infos\\\/#breadcrumb\"},\"inLanguage\":\"fr-FR\",\"potentialAction\":[{\"@type\":\"ReadAction\",\"target\":[\"https:\\\/\\\/cdgolf33.com\\\/index.php\\\/pitch-putt-2025-infos\\\/\"]}]},{\"@type\":\"BreadcrumbList\",\"@id\":\"https:\\\/\\\/cdgolf33.com\\\/index.php\\\/pitch-putt-2025-infos\\\/#breadcrumb\",\"itemListElement\":[{\"@type\":\"ListItem\",\"position\":1,\"name\":\"Accueil\",\"item\":\"https:\\\/\\\/cdgolf33.com\\\/\"},{\"@type\":\"ListItem\",\"position\":2,\"name\":\"Pitch &#038; Putt 2025 Infos\"}]},{\"@type\":\"WebSite\",\"@id\":\"https:\\\/\\\/cdgolf33.com\\\/#website\",\"url\":\"https:\\\/\\\/cdgolf33.com\\\/\",\"name\":\"Comit\u00e9 D\u00e9partemental de Golf de Gironde\",\"description\":\"Le Comit\u00e9 de Gironde de Golf vous souhaite la bienvenue sur son site !\",\"publisher\":{\"@id\":\"https:\\\/\\\/cdgolf33.com\\\/#organization\"},\"potentialAction\":[{\"@type\":\"SearchAction\",\"target\":{\"@type\":\"EntryPoint\",\"urlTemplate\":\"https:\\\/\\\/cdgolf33.com\\\/?s={search_term_string}\"},\"query-input\":{\"@type\":\"PropertyValueSpecification\",\"valueRequired\":true,\"valueName\":\"search_term_string\"}}],\"inLanguage\":\"fr-FR\"},{\"@type\":\"Organization\",\"@id\":\"https:\\\/\\\/cdgolf33.com\\\/#organization\",\"name\":\"Comit\u00e9 de Golf de Gironde\",\"url\":\"https:\\\/\\\/cdgolf33.com\\\/\",\"logo\":{\"@type\":\"ImageObject\",\"inLanguage\":\"fr-FR\",\"@id\":\"https:\\\/\\\/cdgolf33.com\\\/#\\\/schema\\\/logo\\\/image\\\/\",\"url\":\"https:\\\/\\\/cdgolf33.com\\\/wp-content\\\/uploads\\\/2019\\\/05\\\/LOGOCD33.jpg\",\"contentUrl\":\"https:\\\/\\\/cdgolf33.com\\\/wp-content\\\/uploads\\\/2019\\\/05\\\/LOGOCD33.jpg\",\"width\":220,\"height\":233,\"caption\":\"Comit\u00e9 de Golf de Gironde\"},\"image\":{\"@id\":\"https:\\\/\\\/cdgolf33.com\\\/#\\\/schema\\\/logo\\\/image\\\/\"},\"sameAs\":[\"https:\\\/\\\/x.com\\\/comitegolf33\"]}]}<\/script>\n<!-- \/ Yoast SEO plugin. -->","yoast_head_json":{"title":"Pitch & Putt 2025 Infos - Comit\u00e9 D\u00e9partemental de Golf de Gironde","robots":{"index":"index","follow":"follow","max-snippet":"max-snippet:-1","max-image-preview":"max-image-preview:large","max-video-preview":"max-video-preview:-1"},"canonical":"https:\/\/cdgolf33.com\/index.php\/pitch-putt-2025-infos\/","og_locale":"fr_FR","og_type":"article","og_title":"Pitch & Putt 2025 Infos - Comit\u00e9 D\u00e9partemental de Golf de Gironde","og_description":"Derni\u00e8res informations Les Tours n\u00b01, n\u00b02, n\u00b03, n\u00b04, n\u00b05, n\u00b0 6, la finale (individuel) et la finale interclubs (par \u00e9quipes) sont clos. R\u00e9sultats individuels et par \u00e9quipe, compte-rendus et vid\u00e9os des Tours 1, 2, 3, 4, 5, 6, finale (individuel) et finale interclubs par \u00e9quipes publi\u00e9s. Rendez-vous pour le Pitch [&hellip;]","og_url":"https:\/\/cdgolf33.com\/index.php\/pitch-putt-2025-infos\/","og_site_name":"Comit\u00e9 D\u00e9partemental de Golf de Gironde","article_modified_time":"2025-09-16T12:14:04+00:00","twitter_card":"summary_large_image","twitter_site":"@comitegolf33","twitter_misc":{"Dur\u00e9e de lecture estim\u00e9e":"1 minute"},"schema":{"@context":"https:\/\/schema.org","@graph":[{"@type":"WebPage","@id":"https:\/\/cdgolf33.com\/index.php\/pitch-putt-2025-infos\/","url":"https:\/\/cdgolf33.com\/index.php\/pitch-putt-2025-infos\/","name":"Pitch & Putt 2025 Infos - Comit\u00e9 D\u00e9partemental de Golf de Gironde","isPartOf":{"@id":"https:\/\/cdgolf33.com\/#website"},"datePublished":"2024-12-12T15:58:36+00:00","dateModified":"2025-09-16T12:14:04+00:00","breadcrumb":{"@id":"https:\/\/cdgolf33.com\/index.php\/pitch-putt-2025-infos\/#breadcrumb"},"inLanguage":"fr-FR","potentialAction":[{"@type":"ReadAction","target":["https:\/\/cdgolf33.com\/index.php\/pitch-putt-2025-infos\/"]}]},{"@type":"BreadcrumbList","@id":"https:\/\/cdgolf33.com\/index.php\/pitch-putt-2025-infos\/#breadcrumb","itemListElement":[{"@type":"ListItem","position":1,"name":"Accueil","item":"https:\/\/cdgolf33.com\/"},{"@type":"ListItem","position":2,"name":"Pitch &#038; Putt 2025 Infos"}]},{"@type":"WebSite","@id":"https:\/\/cdgolf33.com\/#website","url":"https:\/\/cdgolf33.com\/","name":"Comit\u00e9 D\u00e9partemental de Golf de Gironde","description":"Le Comit\u00e9 de Gironde de Golf vous souhaite la bienvenue sur son site !","publisher":{"@id":"https:\/\/cdgolf33.com\/#organization"},"potentialAction":[{"@type":"SearchAction","target":{"@type":"EntryPoint","urlTemplate":"https:\/\/cdgolf33.com\/?s={search_term_string}"},"query-input":{"@type":"PropertyValueSpecification","valueRequired":true,"valueName":"search_term_string"}}],"inLanguage":"fr-FR"},{"@type":"Organization","@id":"https:\/\/cdgolf33.com\/#organization","name":"Comit\u00e9 de Golf de Gironde","url":"https:\/\/cdgolf33.com\/","logo":{"@type":"ImageObject","inLanguage":"fr-FR","@id":"https:\/\/cdgolf33.com\/#\/schema\/logo\/image\/","url":"https:\/\/cdgolf33.com\/wp-content\/uploads\/2019\/05\/LOGOCD33.jpg","contentUrl":"https:\/\/cdgolf33.com\/wp-content\/uploads\/2019\/05\/LOGOCD33.jpg","width":220,"height":233,"caption":"Comit\u00e9 de Golf de Gironde"},"image":{"@id":"https:\/\/cdgolf33.com\/#\/schema\/logo\/image\/"},"sameAs":["https:\/\/x.com\/comitegolf33"]}]}},"_links":{"self":[{"href":"https:\/\/cdgolf33.com\/index.php\/wp-json\/wp\/v2\/pages\/7396","targetHints":{"allow":["GET"]}}],"collection":[{"href":"https:\/\/cdgolf33.com\/index.php\/wp-json\/wp\/v2\/pages"}],"about":[{"href":"https:\/\/cdgolf33.com\/index.php\/wp-json\/wp\/v2\/types\/page"}],"author":[{"embeddable":true,"href":"https:\/\/cdgolf33.com\/index.php\/wp-json\/wp\/v2\/users\/2"}],"replies":[{"embeddable":true,"href":"https:\/\/cdgolf33.com\/index.php\/wp-json\/wp\/v2\/comments?post=7396"}],"version-history":[{"count":162,"href":"https:\/\/cdgolf33.com\/index.php\/wp-json\/wp\/v2\/pages\/7396\/revisions"}],"predecessor-version":[{"id":11894,"href":"https:\/\/cdgolf33.com\/index.php\/wp-json\/wp\/v2\/pages\/7396\/revisions\/11894"}],"wp:attachment":[{"href":"https:\/\/cdgolf33.com\/index.php\/wp-json\/wp\/v2\/media?parent=7396"}],"curies":[{"name":"wp","href":"https:\/\/api.w.org\/{rel}","templated":true}]}}