{"id":753,"date":"2014-03-02T19:11:55","date_gmt":"2014-03-02T18:11:55","guid":{"rendered":"http:\/\/www.cdgolf33.com\/?page_id=753"},"modified":"2019-10-24T14:28:02","modified_gmt":"2019-10-24T12:28:02","slug":"golf-de-lacanau-la-mejanne","status":"publish","type":"page","link":"https:\/\/cdgolf33.com\/index.php\/golf-de-lacanau-la-mejanne\/","title":{"rendered":"Golf de Lacanau &#8211; M\u00e9janne"},"content":{"rendered":"<p><a href=\"\/wp-content\/uploads\/2014\/02\/M\u00e9janne.jpg\"><img fetchpriority=\"high\" decoding=\"async\" class=\"wp-image-290 size-full\" src=\"http:\/\/www.cdgolf33.com\/wp-content\/uploads\/2014\/02\/M\u00e9janne.jpg\" alt=\"Golf de Lacanau La M\u00e9janne\" width=\"749\" height=\"220\" srcset=\"https:\/\/cdgolf33.com\/wp-content\/uploads\/2014\/02\/M\u00e9janne.jpg 749w, https:\/\/cdgolf33.com\/wp-content\/uploads\/2014\/02\/M\u00e9janne-300x88.jpg 300w\" sizes=\"(max-width: 749px) 100vw, 749px\" \/><\/a><\/p>\n<h2>Leurs sites internet \u00e0 visiter:<\/h2>\n<p><a href=\"http:\/\/golfsbluegreen.com\/golfs\/golf-bluegreen-lacanau-la-mejanne\/\" target=\"_blank\" rel=\"noopener noreferrer\">&gt;&gt;&gt; Aller vers le site du Golf de Lacanau &#8211; M\u00e9janne<\/a><\/p>\n<h2>Les contacter:<\/h2>\n<p>Le t\u00e9l\u00e9phone du Golf de la M\u00e9janne:\u00a005 56 03 28 80<\/p>\n<p>&nbsp;<\/p>\n<p><a href=\"http:\/\/golfsbluegreen.com\/golfs\/golf-bluegreen-lacanau-la-mejanne\/\" target=\"_blank\" rel=\"noopener noreferrer\">Contacter le Golf de Lacanau &#8211; M\u00e9janne<\/a><\/p>\n<h2>Y aller:<\/h2>\n<p><strong>Golf de la\u00a0<span data-scayt_word=\"M\u00e9janne\" data-scaytid=\"14\">M\u00e9janne<\/span><\/strong><\/p>\n<p>Route de l&rsquo;Oc\u00e9an<br \/>\n33680 <span data-scayt_word=\"Lacanau\" data-scaytid=\"15\">Lacanau<\/span> Oc\u00e9an<\/p>\n<p style=\"text-align: center;\"><iframe width=\"425\" height=\"350\" src=\"https:\/\/maps.google.fr\/maps?f=q&amp;source=s_q&amp;hl=fr&amp;geocode=&amp;q=UCPA+Golf+de+la+m%C3%A9janne&amp;aq=&amp;sll=45.000556,-1.155453&amp;sspn=0.026916,0.066047&amp;t=h&amp;ie=UTF8&amp;hq=UCPA+Golf+de+la+m%C3%A9janne&amp;hnear=&amp;ll=45.004592,-1.158307&amp;spn=0.001328,0.00228&amp;z=18&amp;output=embed\" frameborder=\"0\" marginwidth=\"0\" marginheight=\"0\" scrolling=\"no\"><\/iframe><br \/>\n<small><a style=\"color: #0000ff; text-align: left;\" href=\"https:\/\/maps.google.fr\/maps?f=q&amp;source=embed&amp;hl=fr&amp;geocode=&amp;q=UCPA+Golf+de+la+m%C3%A9janne&amp;aq=&amp;sll=45.000556,-1.155453&amp;sspn=0.026916,0.066047&amp;t=h&amp;ie=UTF8&amp;hq=UCPA+Golf+de+la+m%C3%A9janne&amp;hnear=&amp;ll=45.004592,-1.158307&amp;spn=0.001328,0.00228&amp;z=18\" target=\"_blank\" rel=\"noopener noreferrer\">Agrandir le plan<\/a><\/small><\/p>\n","protected":false},"excerpt":{"rendered":"<p>Leurs sites internet \u00e0 visiter: &gt;&gt;&gt; Aller vers le site du Golf de Lacanau &#8211; M\u00e9janne Les contacter: Le t\u00e9l\u00e9phone du Golf de la M\u00e9janne:\u00a005 56 03 28 80 &nbsp; Contacter le Golf de Lacanau &#8211; M\u00e9janne Y aller: Golf de la\u00a0M\u00e9janne Route de l&rsquo;Oc\u00e9an 33680 Lacanau Oc\u00e9an Agrandir le [&hellip;]<\/p>\n","protected":false},"author":1,"featured_media":0,"parent":0,"menu_order":0,"comment_status":"closed","ping_status":"open","template":"","meta":{"footnotes":""},"class_list":["post-753","page","type-page","status-publish","hentry"],"yoast_head":"<!-- This site is optimized with the Yoast SEO plugin v27.5 - https:\/\/yoast.com\/product\/yoast-seo-wordpress\/ -->\n<title>Golf de Lacanau - M\u00e9janne - Comit\u00e9 D\u00e9partemental de Golf de Gironde<\/title>\n<meta name=\"robots\" content=\"index, follow, max-snippet:-1, max-image-preview:large, max-video-preview:-1\" \/>\n<link rel=\"canonical\" href=\"https:\/\/cdgolf33.com\/index.php\/golf-de-lacanau-la-mejanne\/\" \/>\n<meta property=\"og:locale\" content=\"fr_FR\" \/>\n<meta property=\"og:type\" content=\"article\" \/>\n<meta property=\"og:title\" content=\"Golf de Lacanau - M\u00e9janne - Comit\u00e9 D\u00e9partemental de Golf de Gironde\" \/>\n<meta property=\"og:description\" content=\"Leurs sites internet \u00e0 visiter: &gt;&gt;&gt; Aller vers le site du Golf de Lacanau &#8211; M\u00e9janne Les contacter: Le t\u00e9l\u00e9phone du Golf de la M\u00e9janne:\u00a005 56 03 28 80 &nbsp; Contacter le Golf de Lacanau &#8211; M\u00e9janne Y aller: Golf de la\u00a0M\u00e9janne Route de l&rsquo;Oc\u00e9an 33680 Lacanau Oc\u00e9an Agrandir le [&hellip;]\" \/>\n<meta property=\"og:url\" content=\"https:\/\/cdgolf33.com\/index.php\/golf-de-lacanau-la-mejanne\/\" \/>\n<meta property=\"og:site_name\" content=\"Comit\u00e9 D\u00e9partemental de Golf de Gironde\" \/>\n<meta property=\"article:modified_time\" content=\"2019-10-24T12:28:02+00:00\" \/>\n<meta property=\"og:image\" content=\"http:\/\/www.cdgolf33.com\/wp-content\/uploads\/2014\/02\/M\u00e9janne.jpg\" \/>\n<meta name=\"twitter:card\" content=\"summary_large_image\" \/>\n<meta name=\"twitter:site\" content=\"@comitegolf33\" \/>\n<script type=\"application\/ld+json\" class=\"yoast-schema-graph\">{\"@context\":\"https:\\\/\\\/schema.org\",\"@graph\":[{\"@type\":\"WebPage\",\"@id\":\"https:\\\/\\\/cdgolf33.com\\\/index.php\\\/golf-de-lacanau-la-mejanne\\\/\",\"url\":\"https:\\\/\\\/cdgolf33.com\\\/index.php\\\/golf-de-lacanau-la-mejanne\\\/\",\"name\":\"Golf de Lacanau - M\u00e9janne - Comit\u00e9 D\u00e9partemental de Golf de Gironde\",\"isPartOf\":{\"@id\":\"https:\\\/\\\/cdgolf33.com\\\/#website\"},\"datePublished\":\"2014-03-02T18:11:55+00:00\",\"dateModified\":\"2019-10-24T12:28:02+00:00\",\"breadcrumb\":{\"@id\":\"https:\\\/\\\/cdgolf33.com\\\/index.php\\\/golf-de-lacanau-la-mejanne\\\/#breadcrumb\"},\"inLanguage\":\"fr-FR\",\"potentialAction\":[{\"@type\":\"ReadAction\",\"target\":[\"https:\\\/\\\/cdgolf33.com\\\/index.php\\\/golf-de-lacanau-la-mejanne\\\/\"]}]},{\"@type\":\"BreadcrumbList\",\"@id\":\"https:\\\/\\\/cdgolf33.com\\\/index.php\\\/golf-de-lacanau-la-mejanne\\\/#breadcrumb\",\"itemListElement\":[{\"@type\":\"ListItem\",\"position\":1,\"name\":\"Accueil\",\"item\":\"https:\\\/\\\/cdgolf33.com\\\/\"},{\"@type\":\"ListItem\",\"position\":2,\"name\":\"Golf de Lacanau &#8211; M\u00e9janne\"}]},{\"@type\":\"WebSite\",\"@id\":\"https:\\\/\\\/cdgolf33.com\\\/#website\",\"url\":\"https:\\\/\\\/cdgolf33.com\\\/\",\"name\":\"Comit\u00e9 D\u00e9partemental de Golf de Gironde\",\"description\":\"Le Comit\u00e9 de Gironde de Golf vous souhaite la bienvenue sur son site !\",\"publisher\":{\"@id\":\"https:\\\/\\\/cdgolf33.com\\\/#organization\"},\"potentialAction\":[{\"@type\":\"SearchAction\",\"target\":{\"@type\":\"EntryPoint\",\"urlTemplate\":\"https:\\\/\\\/cdgolf33.com\\\/?s={search_term_string}\"},\"query-input\":{\"@type\":\"PropertyValueSpecification\",\"valueRequired\":true,\"valueName\":\"search_term_string\"}}],\"inLanguage\":\"fr-FR\"},{\"@type\":\"Organization\",\"@id\":\"https:\\\/\\\/cdgolf33.com\\\/#organization\",\"name\":\"Comit\u00e9 de Golf de Gironde\",\"url\":\"https:\\\/\\\/cdgolf33.com\\\/\",\"logo\":{\"@type\":\"ImageObject\",\"inLanguage\":\"fr-FR\",\"@id\":\"https:\\\/\\\/cdgolf33.com\\\/#\\\/schema\\\/logo\\\/image\\\/\",\"url\":\"https:\\\/\\\/cdgolf33.com\\\/wp-content\\\/uploads\\\/2019\\\/05\\\/LOGOCD33.jpg\",\"contentUrl\":\"https:\\\/\\\/cdgolf33.com\\\/wp-content\\\/uploads\\\/2019\\\/05\\\/LOGOCD33.jpg\",\"width\":220,\"height\":233,\"caption\":\"Comit\u00e9 de Golf de Gironde\"},\"image\":{\"@id\":\"https:\\\/\\\/cdgolf33.com\\\/#\\\/schema\\\/logo\\\/image\\\/\"},\"sameAs\":[\"https:\\\/\\\/x.com\\\/comitegolf33\"]}]}<\/script>\n<!-- \/ Yoast SEO plugin. -->","yoast_head_json":{"title":"Golf de Lacanau - M\u00e9janne - Comit\u00e9 D\u00e9partemental de Golf de Gironde","robots":{"index":"index","follow":"follow","max-snippet":"max-snippet:-1","max-image-preview":"max-image-preview:large","max-video-preview":"max-video-preview:-1"},"canonical":"https:\/\/cdgolf33.com\/index.php\/golf-de-lacanau-la-mejanne\/","og_locale":"fr_FR","og_type":"article","og_title":"Golf de Lacanau - M\u00e9janne - Comit\u00e9 D\u00e9partemental de Golf de Gironde","og_description":"Leurs sites internet \u00e0 visiter: &gt;&gt;&gt; Aller vers le site du Golf de Lacanau &#8211; M\u00e9janne Les contacter: Le t\u00e9l\u00e9phone du Golf de la M\u00e9janne:\u00a005 56 03 28 80 &nbsp; Contacter le Golf de Lacanau &#8211; M\u00e9janne Y aller: Golf de la\u00a0M\u00e9janne Route de l&rsquo;Oc\u00e9an 33680 Lacanau Oc\u00e9an Agrandir le [&hellip;]","og_url":"https:\/\/cdgolf33.com\/index.php\/golf-de-lacanau-la-mejanne\/","og_site_name":"Comit\u00e9 D\u00e9partemental de Golf de Gironde","article_modified_time":"2019-10-24T12:28:02+00:00","og_image":[{"url":"http:\/\/www.cdgolf33.com\/wp-content\/uploads\/2014\/02\/M\u00e9janne.jpg","type":"","width":"","height":""}],"twitter_card":"summary_large_image","twitter_site":"@comitegolf33","schema":{"@context":"https:\/\/schema.org","@graph":[{"@type":"WebPage","@id":"https:\/\/cdgolf33.com\/index.php\/golf-de-lacanau-la-mejanne\/","url":"https:\/\/cdgolf33.com\/index.php\/golf-de-lacanau-la-mejanne\/","name":"Golf de Lacanau - M\u00e9janne - Comit\u00e9 D\u00e9partemental de Golf de Gironde","isPartOf":{"@id":"https:\/\/cdgolf33.com\/#website"},"datePublished":"2014-03-02T18:11:55+00:00","dateModified":"2019-10-24T12:28:02+00:00","breadcrumb":{"@id":"https:\/\/cdgolf33.com\/index.php\/golf-de-lacanau-la-mejanne\/#breadcrumb"},"inLanguage":"fr-FR","potentialAction":[{"@type":"ReadAction","target":["https:\/\/cdgolf33.com\/index.php\/golf-de-lacanau-la-mejanne\/"]}]},{"@type":"BreadcrumbList","@id":"https:\/\/cdgolf33.com\/index.php\/golf-de-lacanau-la-mejanne\/#breadcrumb","itemListElement":[{"@type":"ListItem","position":1,"name":"Accueil","item":"https:\/\/cdgolf33.com\/"},{"@type":"ListItem","position":2,"name":"Golf de Lacanau &#8211; M\u00e9janne"}]},{"@type":"WebSite","@id":"https:\/\/cdgolf33.com\/#website","url":"https:\/\/cdgolf33.com\/","name":"Comit\u00e9 D\u00e9partemental de Golf de Gironde","description":"Le Comit\u00e9 de Gironde de Golf vous souhaite la bienvenue sur son site !","publisher":{"@id":"https:\/\/cdgolf33.com\/#organization"},"potentialAction":[{"@type":"SearchAction","target":{"@type":"EntryPoint","urlTemplate":"https:\/\/cdgolf33.com\/?s={search_term_string}"},"query-input":{"@type":"PropertyValueSpecification","valueRequired":true,"valueName":"search_term_string"}}],"inLanguage":"fr-FR"},{"@type":"Organization","@id":"https:\/\/cdgolf33.com\/#organization","name":"Comit\u00e9 de Golf de Gironde","url":"https:\/\/cdgolf33.com\/","logo":{"@type":"ImageObject","inLanguage":"fr-FR","@id":"https:\/\/cdgolf33.com\/#\/schema\/logo\/image\/","url":"https:\/\/cdgolf33.com\/wp-content\/uploads\/2019\/05\/LOGOCD33.jpg","contentUrl":"https:\/\/cdgolf33.com\/wp-content\/uploads\/2019\/05\/LOGOCD33.jpg","width":220,"height":233,"caption":"Comit\u00e9 de Golf de Gironde"},"image":{"@id":"https:\/\/cdgolf33.com\/#\/schema\/logo\/image\/"},"sameAs":["https:\/\/x.com\/comitegolf33"]}]}},"_links":{"self":[{"href":"https:\/\/cdgolf33.com\/index.php\/wp-json\/wp\/v2\/pages\/753","targetHints":{"allow":["GET"]}}],"collection":[{"href":"https:\/\/cdgolf33.com\/index.php\/wp-json\/wp\/v2\/pages"}],"about":[{"href":"https:\/\/cdgolf33.com\/index.php\/wp-json\/wp\/v2\/types\/page"}],"author":[{"embeddable":true,"href":"https:\/\/cdgolf33.com\/index.php\/wp-json\/wp\/v2\/users\/1"}],"replies":[{"embeddable":true,"href":"https:\/\/cdgolf33.com\/index.php\/wp-json\/wp\/v2\/comments?post=753"}],"version-history":[{"count":4,"href":"https:\/\/cdgolf33.com\/index.php\/wp-json\/wp\/v2\/pages\/753\/revisions"}],"predecessor-version":[{"id":4719,"href":"https:\/\/cdgolf33.com\/index.php\/wp-json\/wp\/v2\/pages\/753\/revisions\/4719"}],"wp:attachment":[{"href":"https:\/\/cdgolf33.com\/index.php\/wp-json\/wp\/v2\/media?parent=753"}],"curies":[{"name":"wp","href":"https:\/\/api.w.org\/{rel}","templated":true}]}}