{"id":7850,"date":"2025-01-23T19:49:20","date_gmt":"2025-01-23T18:49:20","guid":{"rendered":"https:\/\/cdgolf33.com\/?page_id=7850"},"modified":"2025-02-25T21:13:28","modified_gmt":"2025-02-25T20:13:28","slug":"liste-des-inscrits-au-tour-n1","status":"publish","type":"page","link":"https:\/\/cdgolf33.com\/index.php\/liste-des-inscrits-au-tour-n1\/","title":{"rendered":"Pitch &amp; Putt 2025 : liste des inscrits au Tour N\u00b01"},"content":{"rendered":"\t\t<div data-elementor-type=\"wp-page\" data-elementor-id=\"7850\" class=\"elementor elementor-7850\">\n\t\t\t\t<div class=\"elementor-element elementor-element-e7cd747 e-flex e-con-boxed e-con e-parent\" data-id=\"e7cd747\" data-element_type=\"container\" data-e-type=\"container\">\n\t\t\t\t\t<div class=\"e-con-inner\">\n\t\t\t\t<div class=\"elementor-element elementor-element-9aa9920 elementor-widget elementor-widget-text-editor\" data-id=\"9aa9920\" data-element_type=\"widget\" data-e-type=\"widget\" data-widget_type=\"text-editor.default\">\n\t\t\t\t<div class=\"elementor-widget-container\">\n\t\t\t\t\t\t\t\t\t<p><strong>Liste des inscrits au Tour N\u00b01<\/strong><\/p>\n<p>Mise \u00e0 jour le <b>25\/02\/2025 &#8211; 21:00<\/b><\/p>\n<p><span style=\"color: #ff0000;\"><b>Les 3 vagues 9h, 12h, 15h sont closes.&nbsp;<\/b><\/span><\/p>\n<p><span style=\"color: #008000;\"><b>Les inscriptions suppl\u00e9mentaires sont mises en liste d&rsquo;attente.<\/b><\/span><\/p>\n<p><strong>Les joueurs et joueuses sont list\u00e9(e)s par date et heure croissantes d&rsquo;inscription.<\/strong><\/p>\n<p><strong>Du fait du succ\u00e8s des inscriptions, 3 vagues sont activ\u00e9es.<\/strong><\/p>\n<p><strong>La vague de 13h00 est pass\u00e9e \u00e0 12h00.<\/strong><\/p>\n<p><span style=\"color: #ff0000;\">Les changements demand\u00e9s sont notifi\u00e9s&nbsp;<\/span><span style=\"color: #ff0000; font-family: var( --e-global-typography-text-font-family ), Sans-serif; font-weight: var( --e-global-typography-text-font-weight ); text-align: var(--text-align);\">dans la liste ci-dessous<\/span><span style=\"color: #ff0000; font-family: var( --e-global-typography-text-font-family ), Sans-serif; font-weight: var( --e-global-typography-text-font-weight ); text-align: var(--text-align);\">&nbsp;<\/span><span style=\"color: #ff0000; font-size: inherit; font-family: var( --e-global-typography-text-font-family ), Sans-serif; font-weight: var( --e-global-typography-text-font-weight ); text-align: var(--text-align);\">au niveau de la colonne \u00ab\u00a0Vague de d\u00e9part\u00a0\u00bb (changement de vague, annulation).<\/span><\/p>\t\t\t\t\t\t\t\t<\/div>\n\t\t\t\t<\/div>\n\t\t\t\t\t<\/div>\n\t\t\t\t<\/div>\n\t\t<div class=\"elementor-element elementor-element-21a07a3 e-con-full e-flex e-con e-parent\" data-id=\"21a07a3\" data-element_type=\"container\" data-e-type=\"container\">\n\t\t\t\t<div class=\"elementor-element elementor-element-c3aae75 elementor-widget elementor-widget-counter\" data-id=\"c3aae75\" data-element_type=\"widget\" data-e-type=\"widget\" data-widget_type=\"counter.default\">\n\t\t\t\t<div class=\"elementor-widget-container\">\n\t\t\t\t\t\t\t<div class=\"elementor-counter\">\n\t\t\t<div class=\"elementor-counter-title\">Nombre d'inscrits<\/div>\t\t\t<div class=\"elementor-counter-number-wrapper\">\n\t\t\t\t<span class=\"elementor-counter-number-prefix\"><\/span>\n\t\t\t\t<span class=\"elementor-counter-number\" data-duration=\"1000\" data-to-value=\"108\" data-from-value=\"0\" data-delimiter=\",\">0<\/span>\n\t\t\t\t<span class=\"elementor-counter-number-suffix\"><\/span>\n\t\t\t<\/div>\n\t\t<\/div>\n\t\t\t\t\t\t<\/div>\n\t\t\t\t<\/div>\n\t\t<div class=\"elementor-element elementor-element-153f4a7 e-flex e-con-boxed e-con e-child\" data-id=\"153f4a7\" data-element_type=\"container\" data-e-type=\"container\">\n\t\t\t\t\t<div class=\"e-con-inner\">\n\t\t\t\t<div class=\"elementor-element elementor-element-67cce3a elementor-widget__width-initial elementor-widget elementor-widget-shortcode\" data-id=\"67cce3a\" data-element_type=\"widget\" data-e-type=\"widget\" data-widget_type=\"shortcode.default\">\n\t\t\t\t<div class=\"elementor-widget-container\">\n\t\t\t\t\t\t\t<div class=\"elementor-shortcode\"><iframe width=\"402\" height=\"346\" frameborder=\"0\" scrolling=\"no\" src=\"https:\/\/1drv.ms\/x\/c\/eb7f4b2553ac692d\/IQQqqQBYa2fVRYx9fsb-pnLwAS47K_aZfWZa_7AP2-ofHpk?em=2&wdHideGridlines=True&wdHideHeaders=True&wdDownloadButton=True&wdInConfigurator=True&wdInConfigurator=True\"><\/iframe><\/div>\n\t\t\t\t\t\t<\/div>\n\t\t\t\t<\/div>\n\t\t\t\t\t<\/div>\n\t\t\t\t<\/div>\n\t\t<div class=\"elementor-element elementor-element-dea4b64 e-flex e-con-boxed e-con e-child\" data-id=\"dea4b64\" data-element_type=\"container\" data-e-type=\"container\">\n\t\t\t\t\t<div class=\"e-con-inner\">\n\t\t\t\t<div class=\"elementor-element elementor-element-fae6ba2 elementor-widget elementor-widget-text-editor\" data-id=\"fae6ba2\" data-element_type=\"widget\" data-e-type=\"widget\" data-widget_type=\"text-editor.default\">\n\t\t\t\t<div class=\"elementor-widget-container\">\n\t\t\t\t\t\t\t\t\t<p>NB : vous pouvez t\u00e9l\u00e9charger la liste ci-dessus en cliquant sur l&rsquo;icone rectangulaire avec fl\u00e8che situ\u00e9e dans la barre noire inf\u00e9rieure.<\/p>\t\t\t\t\t\t\t\t<\/div>\n\t\t\t\t<\/div>\n\t\t\t\t\t<\/div>\n\t\t\t\t<\/div>\n\t\t\t\t<\/div>\n\t\t<div class=\"elementor-element elementor-element-20f1ed1 e-flex e-con-boxed e-con e-parent\" data-id=\"20f1ed1\" data-element_type=\"container\" data-e-type=\"container\">\n\t\t\t\t\t<div class=\"e-con-inner\">\n\t\t\t\t<div class=\"elementor-element elementor-element-e504bc5 elementor-widget elementor-widget-shortcode\" data-id=\"e504bc5\" data-element_type=\"widget\" data-e-type=\"widget\" data-widget_type=\"shortcode.default\">\n\t\t\t\t<div class=\"elementor-widget-container\">\n\t\t\t\t\t\t\t<div class=\"elementor-shortcode\"><input type=\"button\" value=\"Retour\" class=\"alg_back_button_input button\" style=\"background-color:#61B6CE\" onclick=\"window.history.back()\" \/><\/div>\n\t\t\t\t\t\t<\/div>\n\t\t\t\t<\/div>\n\t\t\t\t\t<\/div>\n\t\t\t\t<\/div>\n\t\t\t\t<\/div>\n\t\t","protected":false},"excerpt":{"rendered":"<p>Liste des inscrits au Tour N\u00b01 Mise \u00e0 jour le 25\/02\/2025 &#8211; 21:00 Les 3 vagues 9h, 12h, 15h sont closes.&nbsp; Les inscriptions suppl\u00e9mentaires sont mises en liste d&rsquo;attente. Les joueurs et joueuses sont list\u00e9(e)s par date et heure croissantes d&rsquo;inscription. Du fait du succ\u00e8s des inscriptions, 3 vagues sont [&hellip;]<\/p>\n","protected":false},"author":2,"featured_media":0,"parent":0,"menu_order":0,"comment_status":"closed","ping_status":"closed","template":"","meta":{"footnotes":""},"class_list":["post-7850","page","type-page","status-publish","hentry"],"yoast_head":"<!-- This site is optimized with the Yoast SEO plugin v27.4 - https:\/\/yoast.com\/product\/yoast-seo-wordpress\/ -->\n<title>Pitch &amp; Putt 2025 : liste des inscrits au Tour N\u00b01 - Comit\u00e9 D\u00e9partemental de Golf de Gironde<\/title>\n<meta name=\"robots\" content=\"index, follow, max-snippet:-1, max-image-preview:large, max-video-preview:-1\" \/>\n<link rel=\"canonical\" href=\"https:\/\/cdgolf33.com\/index.php\/liste-des-inscrits-au-tour-n1\/\" \/>\n<meta property=\"og:locale\" content=\"fr_FR\" \/>\n<meta property=\"og:type\" content=\"article\" \/>\n<meta property=\"og:title\" content=\"Pitch &amp; Putt 2025 : liste des inscrits au Tour N\u00b01 - Comit\u00e9 D\u00e9partemental de Golf de Gironde\" \/>\n<meta property=\"og:description\" content=\"Liste des inscrits au Tour N\u00b01 Mise \u00e0 jour le 25\/02\/2025 &#8211; 21:00 Les 3 vagues 9h, 12h, 15h sont closes.&nbsp; Les inscriptions suppl\u00e9mentaires sont mises en liste d&rsquo;attente. Les joueurs et joueuses sont list\u00e9(e)s par date et heure croissantes d&rsquo;inscription. Du fait du succ\u00e8s des inscriptions, 3 vagues sont [&hellip;]\" \/>\n<meta property=\"og:url\" content=\"https:\/\/cdgolf33.com\/index.php\/liste-des-inscrits-au-tour-n1\/\" \/>\n<meta property=\"og:site_name\" content=\"Comit\u00e9 D\u00e9partemental de Golf de Gironde\" \/>\n<meta property=\"article:modified_time\" content=\"2025-02-25T20:13:28+00:00\" \/>\n<meta name=\"twitter:card\" content=\"summary_large_image\" \/>\n<meta name=\"twitter:site\" content=\"@comitegolf33\" \/>\n<meta name=\"twitter:label1\" content=\"Dur\u00e9e de lecture estim\u00e9e\" \/>\n\t<meta name=\"twitter:data1\" content=\"1 minute\" \/>\n<script type=\"application\/ld+json\" class=\"yoast-schema-graph\">{\"@context\":\"https:\\\/\\\/schema.org\",\"@graph\":[{\"@type\":\"WebPage\",\"@id\":\"https:\\\/\\\/cdgolf33.com\\\/index.php\\\/liste-des-inscrits-au-tour-n1\\\/\",\"url\":\"https:\\\/\\\/cdgolf33.com\\\/index.php\\\/liste-des-inscrits-au-tour-n1\\\/\",\"name\":\"Pitch &amp; Putt 2025 : liste des inscrits au Tour N\u00b01 - Comit\u00e9 D\u00e9partemental de Golf de Gironde\",\"isPartOf\":{\"@id\":\"https:\\\/\\\/cdgolf33.com\\\/#website\"},\"datePublished\":\"2025-01-23T18:49:20+00:00\",\"dateModified\":\"2025-02-25T20:13:28+00:00\",\"breadcrumb\":{\"@id\":\"https:\\\/\\\/cdgolf33.com\\\/index.php\\\/liste-des-inscrits-au-tour-n1\\\/#breadcrumb\"},\"inLanguage\":\"fr-FR\",\"potentialAction\":[{\"@type\":\"ReadAction\",\"target\":[\"https:\\\/\\\/cdgolf33.com\\\/index.php\\\/liste-des-inscrits-au-tour-n1\\\/\"]}]},{\"@type\":\"BreadcrumbList\",\"@id\":\"https:\\\/\\\/cdgolf33.com\\\/index.php\\\/liste-des-inscrits-au-tour-n1\\\/#breadcrumb\",\"itemListElement\":[{\"@type\":\"ListItem\",\"position\":1,\"name\":\"Accueil\",\"item\":\"https:\\\/\\\/cdgolf33.com\\\/\"},{\"@type\":\"ListItem\",\"position\":2,\"name\":\"Pitch &amp; Putt 2025 : liste des inscrits au Tour N\u00b01\"}]},{\"@type\":\"WebSite\",\"@id\":\"https:\\\/\\\/cdgolf33.com\\\/#website\",\"url\":\"https:\\\/\\\/cdgolf33.com\\\/\",\"name\":\"Comit\u00e9 D\u00e9partemental de Golf de Gironde\",\"description\":\"Le Comit\u00e9 de Gironde de Golf vous souhaite la bienvenue sur son site !\",\"publisher\":{\"@id\":\"https:\\\/\\\/cdgolf33.com\\\/#organization\"},\"potentialAction\":[{\"@type\":\"SearchAction\",\"target\":{\"@type\":\"EntryPoint\",\"urlTemplate\":\"https:\\\/\\\/cdgolf33.com\\\/?s={search_term_string}\"},\"query-input\":{\"@type\":\"PropertyValueSpecification\",\"valueRequired\":true,\"valueName\":\"search_term_string\"}}],\"inLanguage\":\"fr-FR\"},{\"@type\":\"Organization\",\"@id\":\"https:\\\/\\\/cdgolf33.com\\\/#organization\",\"name\":\"Comit\u00e9 de Golf de Gironde\",\"url\":\"https:\\\/\\\/cdgolf33.com\\\/\",\"logo\":{\"@type\":\"ImageObject\",\"inLanguage\":\"fr-FR\",\"@id\":\"https:\\\/\\\/cdgolf33.com\\\/#\\\/schema\\\/logo\\\/image\\\/\",\"url\":\"https:\\\/\\\/cdgolf33.com\\\/wp-content\\\/uploads\\\/2019\\\/05\\\/LOGOCD33.jpg\",\"contentUrl\":\"https:\\\/\\\/cdgolf33.com\\\/wp-content\\\/uploads\\\/2019\\\/05\\\/LOGOCD33.jpg\",\"width\":220,\"height\":233,\"caption\":\"Comit\u00e9 de Golf de Gironde\"},\"image\":{\"@id\":\"https:\\\/\\\/cdgolf33.com\\\/#\\\/schema\\\/logo\\\/image\\\/\"},\"sameAs\":[\"https:\\\/\\\/x.com\\\/comitegolf33\"]}]}<\/script>\n<!-- \/ Yoast SEO plugin. -->","yoast_head_json":{"title":"Pitch &amp; Putt 2025 : liste des inscrits au Tour N\u00b01 - Comit\u00e9 D\u00e9partemental de Golf de Gironde","robots":{"index":"index","follow":"follow","max-snippet":"max-snippet:-1","max-image-preview":"max-image-preview:large","max-video-preview":"max-video-preview:-1"},"canonical":"https:\/\/cdgolf33.com\/index.php\/liste-des-inscrits-au-tour-n1\/","og_locale":"fr_FR","og_type":"article","og_title":"Pitch &amp; Putt 2025 : liste des inscrits au Tour N\u00b01 - Comit\u00e9 D\u00e9partemental de Golf de Gironde","og_description":"Liste des inscrits au Tour N\u00b01 Mise \u00e0 jour le 25\/02\/2025 &#8211; 21:00 Les 3 vagues 9h, 12h, 15h sont closes.&nbsp; Les inscriptions suppl\u00e9mentaires sont mises en liste d&rsquo;attente. Les joueurs et joueuses sont list\u00e9(e)s par date et heure croissantes d&rsquo;inscription. Du fait du succ\u00e8s des inscriptions, 3 vagues sont [&hellip;]","og_url":"https:\/\/cdgolf33.com\/index.php\/liste-des-inscrits-au-tour-n1\/","og_site_name":"Comit\u00e9 D\u00e9partemental de Golf de Gironde","article_modified_time":"2025-02-25T20:13:28+00:00","twitter_card":"summary_large_image","twitter_site":"@comitegolf33","twitter_misc":{"Dur\u00e9e de lecture estim\u00e9e":"1 minute"},"schema":{"@context":"https:\/\/schema.org","@graph":[{"@type":"WebPage","@id":"https:\/\/cdgolf33.com\/index.php\/liste-des-inscrits-au-tour-n1\/","url":"https:\/\/cdgolf33.com\/index.php\/liste-des-inscrits-au-tour-n1\/","name":"Pitch &amp; Putt 2025 : liste des inscrits au Tour N\u00b01 - Comit\u00e9 D\u00e9partemental de Golf de Gironde","isPartOf":{"@id":"https:\/\/cdgolf33.com\/#website"},"datePublished":"2025-01-23T18:49:20+00:00","dateModified":"2025-02-25T20:13:28+00:00","breadcrumb":{"@id":"https:\/\/cdgolf33.com\/index.php\/liste-des-inscrits-au-tour-n1\/#breadcrumb"},"inLanguage":"fr-FR","potentialAction":[{"@type":"ReadAction","target":["https:\/\/cdgolf33.com\/index.php\/liste-des-inscrits-au-tour-n1\/"]}]},{"@type":"BreadcrumbList","@id":"https:\/\/cdgolf33.com\/index.php\/liste-des-inscrits-au-tour-n1\/#breadcrumb","itemListElement":[{"@type":"ListItem","position":1,"name":"Accueil","item":"https:\/\/cdgolf33.com\/"},{"@type":"ListItem","position":2,"name":"Pitch &amp; Putt 2025 : liste des inscrits au Tour N\u00b01"}]},{"@type":"WebSite","@id":"https:\/\/cdgolf33.com\/#website","url":"https:\/\/cdgolf33.com\/","name":"Comit\u00e9 D\u00e9partemental de Golf de Gironde","description":"Le Comit\u00e9 de Gironde de Golf vous souhaite la bienvenue sur son site !","publisher":{"@id":"https:\/\/cdgolf33.com\/#organization"},"potentialAction":[{"@type":"SearchAction","target":{"@type":"EntryPoint","urlTemplate":"https:\/\/cdgolf33.com\/?s={search_term_string}"},"query-input":{"@type":"PropertyValueSpecification","valueRequired":true,"valueName":"search_term_string"}}],"inLanguage":"fr-FR"},{"@type":"Organization","@id":"https:\/\/cdgolf33.com\/#organization","name":"Comit\u00e9 de Golf de Gironde","url":"https:\/\/cdgolf33.com\/","logo":{"@type":"ImageObject","inLanguage":"fr-FR","@id":"https:\/\/cdgolf33.com\/#\/schema\/logo\/image\/","url":"https:\/\/cdgolf33.com\/wp-content\/uploads\/2019\/05\/LOGOCD33.jpg","contentUrl":"https:\/\/cdgolf33.com\/wp-content\/uploads\/2019\/05\/LOGOCD33.jpg","width":220,"height":233,"caption":"Comit\u00e9 de Golf de Gironde"},"image":{"@id":"https:\/\/cdgolf33.com\/#\/schema\/logo\/image\/"},"sameAs":["https:\/\/x.com\/comitegolf33"]}]}},"_links":{"self":[{"href":"https:\/\/cdgolf33.com\/index.php\/wp-json\/wp\/v2\/pages\/7850","targetHints":{"allow":["GET"]}}],"collection":[{"href":"https:\/\/cdgolf33.com\/index.php\/wp-json\/wp\/v2\/pages"}],"about":[{"href":"https:\/\/cdgolf33.com\/index.php\/wp-json\/wp\/v2\/types\/page"}],"author":[{"embeddable":true,"href":"https:\/\/cdgolf33.com\/index.php\/wp-json\/wp\/v2\/users\/2"}],"replies":[{"embeddable":true,"href":"https:\/\/cdgolf33.com\/index.php\/wp-json\/wp\/v2\/comments?post=7850"}],"version-history":[{"count":221,"href":"https:\/\/cdgolf33.com\/index.php\/wp-json\/wp\/v2\/pages\/7850\/revisions"}],"predecessor-version":[{"id":8593,"href":"https:\/\/cdgolf33.com\/index.php\/wp-json\/wp\/v2\/pages\/7850\/revisions\/8593"}],"wp:attachment":[{"href":"https:\/\/cdgolf33.com\/index.php\/wp-json\/wp\/v2\/media?parent=7850"}],"curies":[{"name":"wp","href":"https:\/\/api.w.org\/{rel}","templated":true}]}}