{"id":8966,"date":"2025-03-07T22:10:03","date_gmt":"2025-03-07T21:10:03","guid":{"rendered":"https:\/\/cdgolf33.com\/?page_id=8966"},"modified":"2025-09-15T17:18:43","modified_gmt":"2025-09-15T15:18:43","slug":"pitch-putt-2025-video-tour1","status":"publish","type":"page","link":"https:\/\/cdgolf33.com\/index.php\/pitch-putt-2025-video-tour1\/","title":{"rendered":"Pitch &#038; Putt 2025 : Vid\u00e9os des Tours 1, 2, 3, 4, 5, 6, 2 finales individuelle et par \u00e9quipes"},"content":{"rendered":"\t\t<div data-elementor-type=\"wp-page\" data-elementor-id=\"8966\" class=\"elementor elementor-8966\">\n\t\t\t\t<div class=\"elementor-element elementor-element-c61a04c e-flex e-con-boxed e-con e-parent\" data-id=\"c61a04c\" data-element_type=\"container\" data-e-type=\"container\">\n\t\t\t\t\t<div class=\"e-con-inner\">\n\t\t\t\t<div class=\"elementor-element elementor-element-5be25e7 elementor-widget elementor-widget-text-editor\" data-id=\"5be25e7\" data-element_type=\"widget\" data-e-type=\"widget\" data-widget_type=\"text-editor.default\">\n\t\t\t\t<div class=\"elementor-widget-container\">\n\t\t\t\t\t\t\t\t\t<h3><span style=\"font-size: 36px; color: inherit;\">Finale interclubs par \u00e9quipes de la Gironde : vid\u00e9o au Golf de Gujan-Mestras,\u00a0<\/span><\/h3><h3><span style=\"font-size: 36px;\">Gujan-Mestras (7 septembre 2025).<\/span><\/h3><div><\/div>\t\t\t\t\t\t\t\t<\/div>\n\t\t\t\t<\/div>\n\t\t\t\t<div class=\"elementor-element elementor-element-6782af3 elementor-widget elementor-widget-video\" data-id=\"6782af3\" data-element_type=\"widget\" data-e-type=\"widget\" data-settings=\"{&quot;youtube_url&quot;:&quot;https:\\\/\\\/youtu.be\\\/e-NLqARp6sk&quot;,&quot;video_type&quot;:&quot;youtube&quot;,&quot;controls&quot;:&quot;yes&quot;}\" data-widget_type=\"video.default\">\n\t\t\t\t<div class=\"elementor-widget-container\">\n\t\t\t\t\t\t\t<div class=\"elementor-wrapper elementor-open-inline\">\n\t\t\t<div class=\"elementor-video\"><\/div>\t\t<\/div>\n\t\t\t\t\t\t<\/div>\n\t\t\t\t<\/div>\n\t\t\t\t\t<\/div>\n\t\t\t\t<\/div>\n\t\t<div class=\"elementor-element elementor-element-70b7a1f e-flex e-con-boxed e-con e-parent\" data-id=\"70b7a1f\" data-element_type=\"container\" data-e-type=\"container\">\n\t\t\t\t\t<div class=\"e-con-inner\">\n\t\t\t\t<div class=\"elementor-element elementor-element-48948fe elementor-widget elementor-widget-text-editor\" data-id=\"48948fe\" data-element_type=\"widget\" data-e-type=\"widget\" data-widget_type=\"text-editor.default\">\n\t\t\t\t<div class=\"elementor-widget-container\">\n\t\t\t\t\t\t\t\t\t<h3><span style=\"font-size: 36px; color: inherit;\">\u00a0<\/span><\/h3><h3><span style=\"font-size: 36px; color: inherit;\">Finale individuelle : vid\u00e9o (drone) au Golf des Argileyres,\u00a0<\/span><\/h3><h3><span style=\"font-size: 36px;\">CESTAS (22 Juin 2025).<\/span><\/h3><div><span style=\"font-size: 24px;\">2 vid\u00e9os propos\u00e9es :<\/span><\/div><div><span style=\"font-size: 24px;\"><br \/>-Format 20 min. L&rsquo;essentiel.<\/span><span style=\"font-size: 24px;\"><br \/><\/span><\/div><div><\/div>\t\t\t\t\t\t\t\t<\/div>\n\t\t\t\t<\/div>\n\t\t\t\t<div class=\"elementor-element elementor-element-78610c8 elementor-widget elementor-widget-video\" data-id=\"78610c8\" data-element_type=\"widget\" data-e-type=\"widget\" data-settings=\"{&quot;youtube_url&quot;:&quot;https:\\\/\\\/youtu.be\\\/5vSa2IEnxps&quot;,&quot;video_type&quot;:&quot;youtube&quot;,&quot;controls&quot;:&quot;yes&quot;}\" data-widget_type=\"video.default\">\n\t\t\t\t<div class=\"elementor-widget-container\">\n\t\t\t\t\t\t\t<div class=\"elementor-wrapper elementor-open-inline\">\n\t\t\t<div class=\"elementor-video\"><\/div>\t\t<\/div>\n\t\t\t\t\t\t<\/div>\n\t\t\t\t<\/div>\n\t\t\t\t<div class=\"elementor-element elementor-element-6a70a8b elementor-widget elementor-widget-text-editor\" data-id=\"6a70a8b\" data-element_type=\"widget\" data-e-type=\"widget\" data-widget_type=\"text-editor.default\">\n\t\t\t\t<div class=\"elementor-widget-container\">\n\t\t\t\t\t\t\t\t\t<h3><span style=\"font-size: 24px;\">-Format 37 min. Bonus avec de nombreuses s\u00e9quences de jeu des participants.<\/span><\/h3><div><\/div>\t\t\t\t\t\t\t\t<\/div>\n\t\t\t\t<\/div>\n\t\t\t\t<div class=\"elementor-element elementor-element-6312fce elementor-widget elementor-widget-video\" data-id=\"6312fce\" data-element_type=\"widget\" data-e-type=\"widget\" data-settings=\"{&quot;youtube_url&quot;:&quot;https:\\\/\\\/youtu.be\\\/3Bvg7M7suek&quot;,&quot;video_type&quot;:&quot;youtube&quot;,&quot;controls&quot;:&quot;yes&quot;}\" data-widget_type=\"video.default\">\n\t\t\t\t<div class=\"elementor-widget-container\">\n\t\t\t\t\t\t\t<div class=\"elementor-wrapper elementor-open-inline\">\n\t\t\t<div class=\"elementor-video\"><\/div>\t\t<\/div>\n\t\t\t\t\t\t<\/div>\n\t\t\t\t<\/div>\n\t\t<div class=\"elementor-element elementor-element-5f6d12a e-con-full e-flex e-con e-child\" data-id=\"5f6d12a\" data-element_type=\"container\" data-e-type=\"container\">\n\t\t\t\t<div class=\"elementor-element elementor-element-2957d82 elementor-widget elementor-widget-text-editor\" data-id=\"2957d82\" data-element_type=\"widget\" data-e-type=\"widget\" data-widget_type=\"text-editor.default\">\n\t\t\t\t<div class=\"elementor-widget-container\">\n\t\t\t\t\t\t\t\t\t<h3><span style=\"font-size: 36px;\">\u00a0<\/span><\/h3><h3><span style=\"font-size: 36px;\">Tour 1 : vid\u00e9o au Golf du Baganais, LACANAU (2 Mars 2025)<\/span><\/h3>\t\t\t\t\t\t\t\t<\/div>\n\t\t\t\t<\/div>\n\t\t\t\t<\/div>\n\t\t\t\t\t<\/div>\n\t\t\t\t<\/div>\n\t\t<div class=\"elementor-element elementor-element-fd64621 e-flex e-con-boxed e-con e-parent\" data-id=\"fd64621\" data-element_type=\"container\" data-e-type=\"container\">\n\t\t\t\t\t<div class=\"e-con-inner\">\n\t\t<div class=\"elementor-element elementor-element-c21b504 e-con-full e-flex e-con e-child\" data-id=\"c21b504\" data-element_type=\"container\" data-e-type=\"container\">\n\t\t\t\t<div class=\"elementor-element elementor-element-4ef296e elementor-widget elementor-widget-video\" data-id=\"4ef296e\" data-element_type=\"widget\" data-e-type=\"widget\" data-settings=\"{&quot;youtube_url&quot;:&quot;https:\\\/\\\/youtu.be\\\/nq_os0Oldto&quot;,&quot;video_type&quot;:&quot;youtube&quot;,&quot;controls&quot;:&quot;yes&quot;}\" data-widget_type=\"video.default\">\n\t\t\t\t<div class=\"elementor-widget-container\">\n\t\t\t\t\t\t\t<div class=\"elementor-wrapper elementor-open-inline\">\n\t\t\t<div class=\"elementor-video\"><\/div>\t\t<\/div>\n\t\t\t\t\t\t<\/div>\n\t\t\t\t<\/div>\n\t\t\t\t<div class=\"elementor-element elementor-element-1e3b8f5 elementor-widget elementor-widget-text-editor\" data-id=\"1e3b8f5\" data-element_type=\"widget\" data-e-type=\"widget\" data-widget_type=\"text-editor.default\">\n\t\t\t\t<div class=\"elementor-widget-container\">\n\t\t\t\t\t\t\t\t\t<h3><span style=\"font-size: 36px;\">\u00a0<\/span><\/h3><h3><span style=\"font-size: 36px;\">Tour 2 : vid\u00e9o (drone) au Golf des Aiguilles Vertes,\u00a0<\/span><\/h3><h3><span style=\"font-size: 36px;\">LANTON (16 Mars 2025)\u00a0<\/span><\/h3>\t\t\t\t\t\t\t\t<\/div>\n\t\t\t\t<\/div>\n\t\t\t\t<div class=\"elementor-element elementor-element-21fdc20 elementor-widget elementor-widget-video\" data-id=\"21fdc20\" data-element_type=\"widget\" data-e-type=\"widget\" data-settings=\"{&quot;youtube_url&quot;:&quot;https:\\\/\\\/youtu.be\\\/CQ78_lKJ2go&quot;,&quot;video_type&quot;:&quot;youtube&quot;,&quot;controls&quot;:&quot;yes&quot;}\" data-widget_type=\"video.default\">\n\t\t\t\t<div class=\"elementor-widget-container\">\n\t\t\t\t\t\t\t<div class=\"elementor-wrapper elementor-open-inline\">\n\t\t\t<div class=\"elementor-video\"><\/div>\t\t<\/div>\n\t\t\t\t\t\t<\/div>\n\t\t\t\t<\/div>\n\t\t\t\t<div class=\"elementor-element elementor-element-38436fc elementor-widget elementor-widget-text-editor\" data-id=\"38436fc\" data-element_type=\"widget\" data-e-type=\"widget\" data-widget_type=\"text-editor.default\">\n\t\t\t\t<div class=\"elementor-widget-container\">\n\t\t\t\t\t\t\t\t\t<h3><span style=\"font-size: 36px; color: inherit; text-align: var(--text-align);\">\u00a0<\/span><\/h3><h3><span style=\"font-size: 36px; color: inherit; text-align: var(--text-align);\">Tour 3 : vid\u00e9o au Golf de Pessac,<\/span><\/h3><h3><span style=\"color: inherit; font-size: 36px; text-align: var(--text-align);\">PESSAC (29 Mars 2025)<\/span><\/h3>\t\t\t\t\t\t\t\t<\/div>\n\t\t\t\t<\/div>\n\t\t\t\t<div class=\"elementor-element elementor-element-1bea265 elementor-widget elementor-widget-video\" data-id=\"1bea265\" data-element_type=\"widget\" data-e-type=\"widget\" data-settings=\"{&quot;youtube_url&quot;:&quot;https:\\\/\\\/youtu.be\\\/K6IbqKj9HmA&quot;,&quot;video_type&quot;:&quot;youtube&quot;,&quot;controls&quot;:&quot;yes&quot;}\" data-widget_type=\"video.default\">\n\t\t\t\t<div class=\"elementor-widget-container\">\n\t\t\t\t\t\t\t<div class=\"elementor-wrapper elementor-open-inline\">\n\t\t\t<div class=\"elementor-video\"><\/div>\t\t<\/div>\n\t\t\t\t\t\t<\/div>\n\t\t\t\t<\/div>\n\t\t\t\t<\/div>\n\t\t\t\t<div class=\"elementor-element elementor-element-b60d5ca elementor-widget elementor-widget-text-editor\" data-id=\"b60d5ca\" data-element_type=\"widget\" data-e-type=\"widget\" data-widget_type=\"text-editor.default\">\n\t\t\t\t<div class=\"elementor-widget-container\">\n\t\t\t\t\t\t\t\t\t<h3><span style=\"font-size: 36px; color: inherit; text-align: var(--text-align);\">\u00a0<\/span><\/h3><h3><span style=\"font-size: 36px; color: inherit; text-align: var(--text-align);\">Tour 4 : vid\u00e9o au Golf de Margaux-Cantenac,<\/span><\/h3><h3><span style=\"color: inherit; font-size: 36px; text-align: var(--text-align);\">MARGAUX (13 Avril 2025)<\/span><\/h3>\t\t\t\t\t\t\t\t<\/div>\n\t\t\t\t<\/div>\n\t\t\t\t<div class=\"elementor-element elementor-element-e9987fe elementor-widget elementor-widget-video\" data-id=\"e9987fe\" data-element_type=\"widget\" data-e-type=\"widget\" data-settings=\"{&quot;youtube_url&quot;:&quot;https:\\\/\\\/youtu.be\\\/0XPLd4dQCNE&quot;,&quot;video_type&quot;:&quot;youtube&quot;,&quot;controls&quot;:&quot;yes&quot;}\" data-widget_type=\"video.default\">\n\t\t\t\t<div class=\"elementor-widget-container\">\n\t\t\t\t\t\t\t<div class=\"elementor-wrapper elementor-open-inline\">\n\t\t\t<div class=\"elementor-video\"><\/div>\t\t<\/div>\n\t\t\t\t\t\t<\/div>\n\t\t\t\t<\/div>\n\t\t\t\t<div class=\"elementor-element elementor-element-525c991 elementor-widget elementor-widget-text-editor\" data-id=\"525c991\" data-element_type=\"widget\" data-e-type=\"widget\" data-widget_type=\"text-editor.default\">\n\t\t\t\t<div class=\"elementor-widget-container\">\n\t\t\t\t\t\t\t\t\t<h3><span style=\"font-size: 36px; color: inherit; text-align: var(--text-align);\">\u00a0<\/span><\/h3><h3><span style=\"font-size: 36px; color: inherit; text-align: var(--text-align);\">Tour 5 : vid\u00e9o au Golf de Cameyrac,<\/span><\/h3><h3><span style=\"color: inherit; font-size: 36px; text-align: var(--text-align);\">CAMEYRAC (26 Avril 2025)<\/span><\/h3>\t\t\t\t\t\t\t\t<\/div>\n\t\t\t\t<\/div>\n\t\t\t\t<div class=\"elementor-element elementor-element-d48974c elementor-widget elementor-widget-video\" data-id=\"d48974c\" data-element_type=\"widget\" data-e-type=\"widget\" data-settings=\"{&quot;youtube_url&quot;:&quot;https:\\\/\\\/youtu.be\\\/iHx6BLc1bo4&quot;,&quot;video_type&quot;:&quot;youtube&quot;,&quot;controls&quot;:&quot;yes&quot;}\" data-widget_type=\"video.default\">\n\t\t\t\t<div class=\"elementor-widget-container\">\n\t\t\t\t\t\t\t<div class=\"elementor-wrapper elementor-open-inline\">\n\t\t\t<div class=\"elementor-video\"><\/div>\t\t<\/div>\n\t\t\t\t\t\t<\/div>\n\t\t\t\t<\/div>\n\t\t\t\t<div class=\"elementor-element elementor-element-f772fd6 elementor-widget elementor-widget-text-editor\" data-id=\"f772fd6\" data-element_type=\"widget\" data-e-type=\"widget\" data-widget_type=\"text-editor.default\">\n\t\t\t\t<div class=\"elementor-widget-container\">\n\t\t\t\t\t\t\t\t\t<h3><span style=\"font-size: 36px; color: inherit; text-align: var(--text-align);\">\u00a0<\/span><\/h3><h3><span style=\"font-size: 36px; color: inherit; text-align: var(--text-align);\">Tour 6 : vid\u00e9o au Golf de Bordeaux-Lac,<\/span><\/h3><h3><span style=\"color: inherit; font-size: 36px; text-align: var(--text-align);\">BORDEAUX-LAC (18 Mai 2025)<\/span><\/h3>\t\t\t\t\t\t\t\t<\/div>\n\t\t\t\t<\/div>\n\t\t\t\t<div class=\"elementor-element elementor-element-9f89750 elementor-widget elementor-widget-video\" data-id=\"9f89750\" data-element_type=\"widget\" data-e-type=\"widget\" data-settings=\"{&quot;youtube_url&quot;:&quot;https:\\\/\\\/youtu.be\\\/RAwh766wk-s&quot;,&quot;video_type&quot;:&quot;youtube&quot;,&quot;controls&quot;:&quot;yes&quot;}\" data-widget_type=\"video.default\">\n\t\t\t\t<div class=\"elementor-widget-container\">\n\t\t\t\t\t\t\t<div class=\"elementor-wrapper elementor-open-inline\">\n\t\t\t<div class=\"elementor-video\"><\/div>\t\t<\/div>\n\t\t\t\t\t\t<\/div>\n\t\t\t\t<\/div>\n\t\t\t\t\t<\/div>\n\t\t\t\t<\/div>\n\t\t<div class=\"elementor-element elementor-element-52d6f95 e-flex e-con-boxed e-con e-parent\" data-id=\"52d6f95\" data-element_type=\"container\" data-e-type=\"container\">\n\t\t\t\t\t<div class=\"e-con-inner\">\n\t\t\t\t<div class=\"elementor-element elementor-element-c11f745 elementor-widget elementor-widget-shortcode\" data-id=\"c11f745\" data-element_type=\"widget\" data-e-type=\"widget\" data-widget_type=\"shortcode.default\">\n\t\t\t\t<div class=\"elementor-widget-container\">\n\t\t\t\t\t\t\t<div class=\"elementor-shortcode\"><input type=\"button\" value=\"Retour\" class=\"alg_back_button_input button\" style=\"background-color:#61B6CE\" onclick=\"window.history.back()\" \/><\/div>\n\t\t\t\t\t\t<\/div>\n\t\t\t\t<\/div>\n\t\t\t\t\t<\/div>\n\t\t\t\t<\/div>\n\t\t\t\t<\/div>\n\t\t","protected":false},"excerpt":{"rendered":"<p>Finale interclubs par \u00e9quipes de la Gironde : vid\u00e9o au Golf de Gujan-Mestras,\u00a0 Gujan-Mestras (7 septembre 2025). https:\/\/youtu.be\/e-NLqARp6sk \u00a0 Finale individuelle : vid\u00e9o (drone) au Golf des Argileyres,\u00a0 CESTAS (22 Juin 2025). 2 vid\u00e9os propos\u00e9es :-Format 20 min. L&rsquo;essentiel.https:\/\/youtu.be\/5vSa2IEnxps -Format 37 min. Bonus avec de nombreuses s\u00e9quences de jeu des [&hellip;]<\/p>\n","protected":false},"author":2,"featured_media":0,"parent":0,"menu_order":0,"comment_status":"closed","ping_status":"closed","template":"","meta":{"footnotes":""},"class_list":["post-8966","page","type-page","status-publish","hentry"],"yoast_head":"<!-- This site is optimized with the Yoast SEO plugin v27.4 - https:\/\/yoast.com\/product\/yoast-seo-wordpress\/ -->\n<title>Pitch &amp; Putt 2025 : Vid\u00e9os des Tours 1, 2, 3, 4, 5, 6, 2 finales individuelle et par \u00e9quipes - Comit\u00e9 D\u00e9partemental de Golf de Gironde<\/title>\n<meta name=\"robots\" content=\"index, follow, max-snippet:-1, max-image-preview:large, max-video-preview:-1\" \/>\n<link rel=\"canonical\" href=\"https:\/\/cdgolf33.com\/index.php\/pitch-putt-2025-video-tour1\/\" \/>\n<meta property=\"og:locale\" content=\"fr_FR\" \/>\n<meta property=\"og:type\" content=\"article\" \/>\n<meta property=\"og:title\" content=\"Pitch &amp; Putt 2025 : Vid\u00e9os des Tours 1, 2, 3, 4, 5, 6, 2 finales individuelle et par \u00e9quipes - Comit\u00e9 D\u00e9partemental de Golf de Gironde\" \/>\n<meta property=\"og:description\" content=\"Finale interclubs par \u00e9quipes de la Gironde : vid\u00e9o au Golf de Gujan-Mestras,\u00a0 Gujan-Mestras (7 septembre 2025). https:\/\/youtu.be\/e-NLqARp6sk \u00a0 Finale individuelle : vid\u00e9o (drone) au Golf des Argileyres,\u00a0 CESTAS (22 Juin 2025). 2 vid\u00e9os propos\u00e9es :-Format 20 min. L&rsquo;essentiel.https:\/\/youtu.be\/5vSa2IEnxps -Format 37 min. Bonus avec de nombreuses s\u00e9quences de jeu des [&hellip;]\" \/>\n<meta property=\"og:url\" content=\"https:\/\/cdgolf33.com\/index.php\/pitch-putt-2025-video-tour1\/\" \/>\n<meta property=\"og:site_name\" content=\"Comit\u00e9 D\u00e9partemental de Golf de Gironde\" \/>\n<meta property=\"article:modified_time\" content=\"2025-09-15T15:18:43+00:00\" \/>\n<meta name=\"twitter:card\" content=\"summary_large_image\" \/>\n<meta name=\"twitter:site\" content=\"@comitegolf33\" \/>\n<meta name=\"twitter:label1\" content=\"Dur\u00e9e de lecture estim\u00e9e\" \/>\n\t<meta name=\"twitter:data1\" content=\"1 minute\" \/>\n<script type=\"application\/ld+json\" class=\"yoast-schema-graph\">{\"@context\":\"https:\\\/\\\/schema.org\",\"@graph\":[{\"@type\":\"WebPage\",\"@id\":\"https:\\\/\\\/cdgolf33.com\\\/index.php\\\/pitch-putt-2025-video-tour1\\\/\",\"url\":\"https:\\\/\\\/cdgolf33.com\\\/index.php\\\/pitch-putt-2025-video-tour1\\\/\",\"name\":\"Pitch & Putt 2025 : Vid\u00e9os des Tours 1, 2, 3, 4, 5, 6, 2 finales individuelle et par \u00e9quipes - Comit\u00e9 D\u00e9partemental de Golf de Gironde\",\"isPartOf\":{\"@id\":\"https:\\\/\\\/cdgolf33.com\\\/#website\"},\"datePublished\":\"2025-03-07T21:10:03+00:00\",\"dateModified\":\"2025-09-15T15:18:43+00:00\",\"breadcrumb\":{\"@id\":\"https:\\\/\\\/cdgolf33.com\\\/index.php\\\/pitch-putt-2025-video-tour1\\\/#breadcrumb\"},\"inLanguage\":\"fr-FR\",\"potentialAction\":[{\"@type\":\"ReadAction\",\"target\":[\"https:\\\/\\\/cdgolf33.com\\\/index.php\\\/pitch-putt-2025-video-tour1\\\/\"]}]},{\"@type\":\"BreadcrumbList\",\"@id\":\"https:\\\/\\\/cdgolf33.com\\\/index.php\\\/pitch-putt-2025-video-tour1\\\/#breadcrumb\",\"itemListElement\":[{\"@type\":\"ListItem\",\"position\":1,\"name\":\"Accueil\",\"item\":\"https:\\\/\\\/cdgolf33.com\\\/\"},{\"@type\":\"ListItem\",\"position\":2,\"name\":\"Pitch &#038; Putt 2025 : Vid\u00e9os des Tours 1, 2, 3, 4, 5, 6, 2 finales individuelle et par \u00e9quipes\"}]},{\"@type\":\"WebSite\",\"@id\":\"https:\\\/\\\/cdgolf33.com\\\/#website\",\"url\":\"https:\\\/\\\/cdgolf33.com\\\/\",\"name\":\"Comit\u00e9 D\u00e9partemental de Golf de Gironde\",\"description\":\"Le Comit\u00e9 de Gironde de Golf vous souhaite la bienvenue sur son site !\",\"publisher\":{\"@id\":\"https:\\\/\\\/cdgolf33.com\\\/#organization\"},\"potentialAction\":[{\"@type\":\"SearchAction\",\"target\":{\"@type\":\"EntryPoint\",\"urlTemplate\":\"https:\\\/\\\/cdgolf33.com\\\/?s={search_term_string}\"},\"query-input\":{\"@type\":\"PropertyValueSpecification\",\"valueRequired\":true,\"valueName\":\"search_term_string\"}}],\"inLanguage\":\"fr-FR\"},{\"@type\":\"Organization\",\"@id\":\"https:\\\/\\\/cdgolf33.com\\\/#organization\",\"name\":\"Comit\u00e9 de Golf de Gironde\",\"url\":\"https:\\\/\\\/cdgolf33.com\\\/\",\"logo\":{\"@type\":\"ImageObject\",\"inLanguage\":\"fr-FR\",\"@id\":\"https:\\\/\\\/cdgolf33.com\\\/#\\\/schema\\\/logo\\\/image\\\/\",\"url\":\"https:\\\/\\\/cdgolf33.com\\\/wp-content\\\/uploads\\\/2019\\\/05\\\/LOGOCD33.jpg\",\"contentUrl\":\"https:\\\/\\\/cdgolf33.com\\\/wp-content\\\/uploads\\\/2019\\\/05\\\/LOGOCD33.jpg\",\"width\":220,\"height\":233,\"caption\":\"Comit\u00e9 de Golf de Gironde\"},\"image\":{\"@id\":\"https:\\\/\\\/cdgolf33.com\\\/#\\\/schema\\\/logo\\\/image\\\/\"},\"sameAs\":[\"https:\\\/\\\/x.com\\\/comitegolf33\"]}]}<\/script>\n<!-- \/ Yoast SEO plugin. -->","yoast_head_json":{"title":"Pitch & Putt 2025 : Vid\u00e9os des Tours 1, 2, 3, 4, 5, 6, 2 finales individuelle et par \u00e9quipes - Comit\u00e9 D\u00e9partemental de Golf de Gironde","robots":{"index":"index","follow":"follow","max-snippet":"max-snippet:-1","max-image-preview":"max-image-preview:large","max-video-preview":"max-video-preview:-1"},"canonical":"https:\/\/cdgolf33.com\/index.php\/pitch-putt-2025-video-tour1\/","og_locale":"fr_FR","og_type":"article","og_title":"Pitch & Putt 2025 : Vid\u00e9os des Tours 1, 2, 3, 4, 5, 6, 2 finales individuelle et par \u00e9quipes - Comit\u00e9 D\u00e9partemental de Golf de Gironde","og_description":"Finale interclubs par \u00e9quipes de la Gironde : vid\u00e9o au Golf de Gujan-Mestras,\u00a0 Gujan-Mestras (7 septembre 2025). https:\/\/youtu.be\/e-NLqARp6sk \u00a0 Finale individuelle : vid\u00e9o (drone) au Golf des Argileyres,\u00a0 CESTAS (22 Juin 2025). 2 vid\u00e9os propos\u00e9es :-Format 20 min. L&rsquo;essentiel.https:\/\/youtu.be\/5vSa2IEnxps -Format 37 min. Bonus avec de nombreuses s\u00e9quences de jeu des [&hellip;]","og_url":"https:\/\/cdgolf33.com\/index.php\/pitch-putt-2025-video-tour1\/","og_site_name":"Comit\u00e9 D\u00e9partemental de Golf de Gironde","article_modified_time":"2025-09-15T15:18:43+00:00","twitter_card":"summary_large_image","twitter_site":"@comitegolf33","twitter_misc":{"Dur\u00e9e de lecture estim\u00e9e":"1 minute"},"schema":{"@context":"https:\/\/schema.org","@graph":[{"@type":"WebPage","@id":"https:\/\/cdgolf33.com\/index.php\/pitch-putt-2025-video-tour1\/","url":"https:\/\/cdgolf33.com\/index.php\/pitch-putt-2025-video-tour1\/","name":"Pitch & Putt 2025 : Vid\u00e9os des Tours 1, 2, 3, 4, 5, 6, 2 finales individuelle et par \u00e9quipes - Comit\u00e9 D\u00e9partemental de Golf de Gironde","isPartOf":{"@id":"https:\/\/cdgolf33.com\/#website"},"datePublished":"2025-03-07T21:10:03+00:00","dateModified":"2025-09-15T15:18:43+00:00","breadcrumb":{"@id":"https:\/\/cdgolf33.com\/index.php\/pitch-putt-2025-video-tour1\/#breadcrumb"},"inLanguage":"fr-FR","potentialAction":[{"@type":"ReadAction","target":["https:\/\/cdgolf33.com\/index.php\/pitch-putt-2025-video-tour1\/"]}]},{"@type":"BreadcrumbList","@id":"https:\/\/cdgolf33.com\/index.php\/pitch-putt-2025-video-tour1\/#breadcrumb","itemListElement":[{"@type":"ListItem","position":1,"name":"Accueil","item":"https:\/\/cdgolf33.com\/"},{"@type":"ListItem","position":2,"name":"Pitch &#038; Putt 2025 : Vid\u00e9os des Tours 1, 2, 3, 4, 5, 6, 2 finales individuelle et par \u00e9quipes"}]},{"@type":"WebSite","@id":"https:\/\/cdgolf33.com\/#website","url":"https:\/\/cdgolf33.com\/","name":"Comit\u00e9 D\u00e9partemental de Golf de Gironde","description":"Le Comit\u00e9 de Gironde de Golf vous souhaite la bienvenue sur son site !","publisher":{"@id":"https:\/\/cdgolf33.com\/#organization"},"potentialAction":[{"@type":"SearchAction","target":{"@type":"EntryPoint","urlTemplate":"https:\/\/cdgolf33.com\/?s={search_term_string}"},"query-input":{"@type":"PropertyValueSpecification","valueRequired":true,"valueName":"search_term_string"}}],"inLanguage":"fr-FR"},{"@type":"Organization","@id":"https:\/\/cdgolf33.com\/#organization","name":"Comit\u00e9 de Golf de Gironde","url":"https:\/\/cdgolf33.com\/","logo":{"@type":"ImageObject","inLanguage":"fr-FR","@id":"https:\/\/cdgolf33.com\/#\/schema\/logo\/image\/","url":"https:\/\/cdgolf33.com\/wp-content\/uploads\/2019\/05\/LOGOCD33.jpg","contentUrl":"https:\/\/cdgolf33.com\/wp-content\/uploads\/2019\/05\/LOGOCD33.jpg","width":220,"height":233,"caption":"Comit\u00e9 de Golf de Gironde"},"image":{"@id":"https:\/\/cdgolf33.com\/#\/schema\/logo\/image\/"},"sameAs":["https:\/\/x.com\/comitegolf33"]}]}},"_links":{"self":[{"href":"https:\/\/cdgolf33.com\/index.php\/wp-json\/wp\/v2\/pages\/8966","targetHints":{"allow":["GET"]}}],"collection":[{"href":"https:\/\/cdgolf33.com\/index.php\/wp-json\/wp\/v2\/pages"}],"about":[{"href":"https:\/\/cdgolf33.com\/index.php\/wp-json\/wp\/v2\/types\/page"}],"author":[{"embeddable":true,"href":"https:\/\/cdgolf33.com\/index.php\/wp-json\/wp\/v2\/users\/2"}],"replies":[{"embeddable":true,"href":"https:\/\/cdgolf33.com\/index.php\/wp-json\/wp\/v2\/comments?post=8966"}],"version-history":[{"count":132,"href":"https:\/\/cdgolf33.com\/index.php\/wp-json\/wp\/v2\/pages\/8966\/revisions"}],"predecessor-version":[{"id":11850,"href":"https:\/\/cdgolf33.com\/index.php\/wp-json\/wp\/v2\/pages\/8966\/revisions\/11850"}],"wp:attachment":[{"href":"https:\/\/cdgolf33.com\/index.php\/wp-json\/wp\/v2\/media?parent=8966"}],"curies":[{"name":"wp","href":"https:\/\/api.w.org\/{rel}","templated":true}]}}