{"id":9052,"date":"2025-03-10T21:11:13","date_gmt":"2025-03-10T20:11:13","guid":{"rendered":"https:\/\/cdgolf33.com\/?page_id=9052"},"modified":"2025-03-24T16:13:04","modified_gmt":"2025-03-24T15:13:04","slug":"pitch-putt-2025-tour1-compte-rendu","status":"publish","type":"page","link":"https:\/\/cdgolf33.com\/index.php\/pitch-putt-2025-tour1-compte-rendu\/","title":{"rendered":"Pitch &#038; Putt 2025 : Tour1, compte-rendu"},"content":{"rendered":"\t\t<div data-elementor-type=\"wp-page\" data-elementor-id=\"9052\" class=\"elementor elementor-9052\">\n\t\t\t\t<div class=\"elementor-element elementor-element-c274b56 e-con-full e-flex e-con e-parent\" data-id=\"c274b56\" data-element_type=\"container\" data-e-type=\"container\">\n\t\t\t\t<div class=\"elementor-element elementor-element-98f6896 elementor-align-center elementor-widget elementor-widget-button\" data-id=\"98f6896\" data-element_type=\"widget\" data-e-type=\"widget\" data-widget_type=\"button.default\">\n\t\t\t\t<div class=\"elementor-widget-container\">\n\t\t\t\t\t\t\t\t\t<div class=\"elementor-button-wrapper\">\n\t\t\t\t\t<a class=\"elementor-button elementor-button-link elementor-size-sm\" href=\"https:\/\/cdgolf33.com\/index.php\/pitch-putt-2025-video-tour1\/\">\n\t\t\t\t\t\t<span class=\"elementor-button-content-wrapper\">\n\t\t\t\t\t\t<span class=\"elementor-button-icon\">\n\t\t\t\t<svg aria-hidden=\"true\" class=\"e-font-icon-svg e-fas-video\" viewBox=\"0 0 576 512\" xmlns=\"http:\/\/www.w3.org\/2000\/svg\"><path d=\"M336.2 64H47.8C21.4 64 0 85.4 0 111.8v288.4C0 426.6 21.4 448 47.8 448h288.4c26.4 0 47.8-21.4 47.8-47.8V111.8c0-26.4-21.4-47.8-47.8-47.8zm189.4 37.7L416 177.3v157.4l109.6 75.5c21.2 14.6 50.4-.3 50.4-25.8V127.5c0-25.4-29.1-40.4-50.4-25.8z\"><\/path><\/svg>\t\t\t<\/span>\n\t\t\t\t\t\t\t\t\t<span class=\"elementor-button-text\">Vid\u00e9os des Tours 1, 2<\/span>\n\t\t\t\t\t<\/span>\n\t\t\t\t\t<\/a>\n\t\t\t\t<\/div>\n\t\t\t\t\t\t\t\t<\/div>\n\t\t\t\t<\/div>\n\t\t\t\t<div class=\"elementor-element elementor-element-8713c29 elementor-widget elementor-widget-text-editor\" data-id=\"8713c29\" data-element_type=\"widget\" data-e-type=\"widget\" data-widget_type=\"text-editor.default\">\n\t\t\t\t<div class=\"elementor-widget-container\">\n\t\t\t\t\t\t\t\t\t<p style=\"text-align: center;\"><span style=\"color: #000000; font-family: Arial, Helvetica, sans-serif; font-size: 24px;\"><b>\u00a0<\/b><\/span><\/p><p style=\"text-align: center;\"><span style=\"color: #000000; font-family: Arial, Helvetica, sans-serif; font-size: 24px;\"><b>Pitch &amp; Putt 2025 : TOUR 1<\/b><\/span><br style=\"color: #000000; font-family: Arial, Helvetica, sans-serif; font-size: 16px;\" \/><span style=\"font-size: 24px;\"><strong><span style=\"color: #000000; font-family: Arial, Helvetica, sans-serif;\">au Golf du Baganais ayant eu lieu le 2 Mars 2025<\/span><\/strong><\/span><\/p><p style=\"text-align: center;\"><span style=\"font-size: 20px;\"><span style=\"color: #000000; font-family: Arial, Helvetica, sans-serif;\">\u00a0<\/span><span style=\"color: #000000; font-family: Arial, Helvetica, sans-serif;\">Les 3 belles vagues de d\u00e9parts \u00e0 LACANAU<\/span><\/span><\/p><p style=\"text-align: center;\"><strong><span style=\"color: #61b6ce; font-family: Arial, Helvetica, sans-serif; font-size: 16px;\">VAGUE 1 de 9h00<\/span><\/strong><br style=\"color: #000000; font-family: Arial, Helvetica, sans-serif; font-size: 16px;\" \/><img fetchpriority=\"high\" decoding=\"async\" src=\"https:\/\/cdgolf33.com\/wp-content\/uploads\/2025\/03\/photo-vague-1.jpeg\" alt=\"\" width=\"1368\" height=\"912\" \/><br style=\"color: #000000; font-family: Arial, Helvetica, sans-serif; font-size: 16px;\" \/><span style=\"color: #000000; font-family: Arial, Helvetica, sans-serif; font-size: 16px;\">\u00a0 \u00a0 \u00a0 \u00a0 \u00a0<\/span><br style=\"color: #000000; font-family: Arial, Helvetica, sans-serif; font-size: 16px;\" \/><span style=\"color: #000000; font-family: Arial, Helvetica, sans-serif; font-size: 16px;\">\u00a0<\/span><strong style=\"color: var( --e-global-color-text ); font-family: var( --e-global-typography-text-font-family ), Sans-serif; text-align: var(--text-align);\"><span style=\"color: #61b6ce; font-family: Arial, Helvetica, sans-serif; font-size: 16px;\">VAGUE 2 de 12h00<\/span><\/strong><\/p><p style=\"text-align: center;\"><img decoding=\"async\" src=\"https:\/\/cdgolf33.com\/wp-content\/uploads\/2025\/03\/photo-vague-2.jpeg\" alt=\"\" width=\"1368\" height=\"912\" \/><br style=\"color: #000000; font-family: Arial, Helvetica, sans-serif; font-size: 16px;\" \/><span style=\"color: #000000; font-family: Arial, Helvetica, sans-serif; font-size: 16px;\">\u00a0 \u00a0 \u00a0 \u00a0 \u00a0<\/span><\/p><p style=\"text-align: center;\"><strong><span style=\"color: #61b6ce; font-family: Arial, Helvetica, sans-serif; font-size: 16px;\">VAGUE 3 de 15h00<\/span><\/strong><\/p><p style=\"text-align: center;\"><img decoding=\"async\" src=\"https:\/\/cdgolf33.com\/wp-content\/uploads\/2025\/03\/photo-vague-3-scaled.jpeg\" alt=\"\" width=\"2560\" height=\"1920\" \/><br style=\"color: #000000; font-family: Arial, Helvetica, sans-serif; font-size: 16px;\" \/><span style=\"color: #000000; font-family: Arial, Helvetica, sans-serif; font-size: 16px;\">\u00a0<\/span><br style=\"color: #000000; font-family: Arial, Helvetica, sans-serif; font-size: 16px;\" \/><span style=\"color: #000000; font-family: Arial, Helvetica, sans-serif; font-size: 16px;\">Un magnifique ciel bleu, un peu de Reggae<\/span><br style=\"color: #000000; font-family: Arial, Helvetica, sans-serif; font-size: 16px;\" \/><span style=\"color: #000000; font-family: Arial, Helvetica, sans-serif; font-size: 16px;\">\u00a0 \u00a0 108 joueurs particuli\u00e8rement\u00a0motiv\u00e9s<\/span><br style=\"color: #000000; font-family: Arial, Helvetica, sans-serif; font-size: 16px;\" \/><span style=\"color: #000000; font-family: Arial, Helvetica, sans-serif; font-size: 16px;\">\u00a0 \u00a0 \u00a0 \u00a0 \u00a0 Un parcours bien pr\u00e9par\u00e9<\/span><br style=\"color: #000000; font-family: Arial, Helvetica, sans-serif; font-size: 16px;\" \/><span style=\"color: #000000; font-family: Arial, Helvetica, sans-serif; font-size: 16px;\">\u00a0 \u00a0 Un cocktail parfait pour d\u00e9marrer\u00a0<\/span><strong><span style=\"color: #61b6ce; font-family: Arial, Helvetica, sans-serif; font-size: 16px;\"><\/span><\/strong><\/p>\t\t\t\t\t\t\t\t<\/div>\n\t\t\t\t<\/div>\n\t\t\t\t<div class=\"elementor-element elementor-element-71c5632 elementor-widget elementor-widget-image\" data-id=\"71c5632\" data-element_type=\"widget\" data-e-type=\"widget\" data-widget_type=\"image.default\">\n\t\t\t\t<div class=\"elementor-widget-container\">\n\t\t\t\t\t\t\t\t\t\t\t\t\t\t\t<img loading=\"lazy\" decoding=\"async\" width=\"300\" height=\"130\" src=\"https:\/\/cdgolf33.com\/wp-content\/uploads\/2025\/03\/Logo-PitchandPutt2025-300x130.png\" class=\"attachment-medium size-medium wp-image-9227\" alt=\"\" srcset=\"https:\/\/cdgolf33.com\/wp-content\/uploads\/2025\/03\/Logo-PitchandPutt2025-300x130.png 300w, https:\/\/cdgolf33.com\/wp-content\/uploads\/2025\/03\/Logo-PitchandPutt2025-1024x443.png 1024w, https:\/\/cdgolf33.com\/wp-content\/uploads\/2025\/03\/Logo-PitchandPutt2025-768x332.png 768w, https:\/\/cdgolf33.com\/wp-content\/uploads\/2025\/03\/Logo-PitchandPutt2025-1536x665.png 1536w, https:\/\/cdgolf33.com\/wp-content\/uploads\/2025\/03\/Logo-PitchandPutt2025.png 2010w\" sizes=\"(max-width: 300px) 100vw, 300px\" \/>\t\t\t\t\t\t\t\t\t\t\t\t\t\t\t<\/div>\n\t\t\t\t<\/div>\n\t\t\t\t<div class=\"elementor-element elementor-element-5c53792 elementor-widget elementor-widget-text-editor\" data-id=\"5c53792\" data-element_type=\"widget\" data-e-type=\"widget\" data-widget_type=\"text-editor.default\">\n\t\t\t\t<div class=\"elementor-widget-container\">\n\t\t\t\t\t\t\t\t\t<p style=\"text-align: center;\"><span style=\"color: #000000; font-family: Arial, Helvetica, sans-serif; font-size: 16px;\">\u00a0 \u00a0\u00a0<\/span><span style=\"color: #000000; font-family: Arial, Helvetica, sans-serif; font-size: 16px;\">La bonne humeur de tous et la convivialit\u00e9 ont fait que les plus jeunes (9 ans)\u00a0<\/span><span style=\"color: #000000; font-family: Arial, Helvetica, sans-serif; font-size: 16px;\">ont pu partager des parties endiabl\u00e9es avec les plus \u00e2g\u00e9es (85 ans).\u00a0<\/span><\/p><p style=\"text-align: center;\"><span style=\"color: #000000; font-family: Arial, Helvetica, sans-serif; font-size: 16px;\">Les plus exp\u00e9riment\u00e9s (score de &#8211; 8) ont pu inspirer des joueurs plus novices avec quelques\u00a0<\/span><span style=\"color: #000000; font-family: Arial, Helvetica, sans-serif; font-size: 16px; font-weight: var( --e-global-typography-text-font-weight );\">exploits marquants (3 trous en 1).<\/span><\/p><p style=\"text-align: center;\"><span style=\"color: #000000; font-family: Arial, Helvetica, sans-serif; font-size: 16px;\">\u00a0 \u00a0 \u00a0 \u00a0 \u00a0 \u00a0 Chacun \u00e9tait l\u00e0 pour des motivations diff\u00e9rentes,\u00a0<\/span><span style=\"color: #000000; font-family: Arial, Helvetica, sans-serif; font-size: 16px;\">soit pour baisser d&rsquo;index (descendre \u00e0 26.4 maxi), soit se qualifier pour la finale, voire devenir le champion de Gironde 2025 ou simplement passer un bon moment.\u00a0<\/span><\/p><p style=\"text-align: center;\"><span style=\"color: #000000; font-family: Arial, Helvetica, sans-serif; font-size: 16px;\">Nous avons tous pass\u00e9 un moment tr\u00e8s agr\u00e9able et nous sommes tous tr\u00e8s impatients de\u00a0<\/span><span style=\"color: #000000; font-family: Arial, Helvetica, sans-serif; font-size: 16px;\">participer au tour 2 \u00e0 Lanton le 16 Mars 2025.<\/span><br style=\"color: #000000; font-family: Arial, Helvetica, sans-serif; font-size: 16px;\" \/><br style=\"color: #000000; font-family: Arial, Helvetica, sans-serif; font-size: 16px;\" \/><span style=\"color: #000000; font-family: Arial, Helvetica, sans-serif; font-size: 16px;\">Merci \u00e0 vous tous pour votre participation.<\/span><br style=\"color: #000000; font-family: Arial, Helvetica, sans-serif; font-size: 16px;\" \/><br style=\"color: #000000; font-family: Arial, Helvetica, sans-serif; font-size: 16px;\" \/><strong><span style=\"color: #61b6ce; font-family: Arial, Helvetica, sans-serif; font-size: 16px;\">L&rsquo;\u00e9quipe du Pitch &amp; Putt Tour 2025<\/span><\/strong><\/p>\t\t\t\t\t\t\t\t<\/div>\n\t\t\t\t<\/div>\n\t\t\t\t<div class=\"elementor-element elementor-element-4e84895 elementor-widget elementor-widget-shortcode\" data-id=\"4e84895\" data-element_type=\"widget\" data-e-type=\"widget\" data-widget_type=\"shortcode.default\">\n\t\t\t\t<div class=\"elementor-widget-container\">\n\t\t\t\t\t\t\t<div class=\"elementor-shortcode\"><input type=\"button\" value=\"Retour\" class=\"alg_back_button_input button\" style=\"background-color:#61B6CE\" onclick=\"window.history.back()\" \/><\/div>\n\t\t\t\t\t\t<\/div>\n\t\t\t\t<\/div>\n\t\t\t\t<\/div>\n\t\t\t\t<\/div>\n\t\t","protected":false},"excerpt":{"rendered":"<p>Vid\u00e9os des Tours 1, 2 \u00a0 Pitch &amp; Putt 2025 : TOUR 1au Golf du Baganais ayant eu lieu le 2 Mars 2025 \u00a0Les 3 belles vagues de d\u00e9parts \u00e0 LACANAU VAGUE 1 de 9h00\u00a0 \u00a0 \u00a0 \u00a0 \u00a0\u00a0VAGUE 2 de 12h00 \u00a0 \u00a0 \u00a0 \u00a0 \u00a0 VAGUE 3 de [&hellip;]<\/p>\n","protected":false},"author":2,"featured_media":0,"parent":0,"menu_order":0,"comment_status":"closed","ping_status":"closed","template":"","meta":{"footnotes":""},"class_list":["post-9052","page","type-page","status-publish","hentry"],"yoast_head":"<!-- This site is optimized with the Yoast SEO plugin v27.4 - https:\/\/yoast.com\/product\/yoast-seo-wordpress\/ -->\n<title>Pitch &amp; Putt 2025 : Tour1, compte-rendu - Comit\u00e9 D\u00e9partemental de Golf de Gironde<\/title>\n<meta name=\"robots\" content=\"index, follow, max-snippet:-1, max-image-preview:large, max-video-preview:-1\" \/>\n<link rel=\"canonical\" href=\"https:\/\/cdgolf33.com\/index.php\/pitch-putt-2025-tour1-compte-rendu\/\" \/>\n<meta property=\"og:locale\" content=\"fr_FR\" \/>\n<meta property=\"og:type\" content=\"article\" \/>\n<meta property=\"og:title\" content=\"Pitch &amp; Putt 2025 : Tour1, compte-rendu - Comit\u00e9 D\u00e9partemental de Golf de Gironde\" \/>\n<meta property=\"og:description\" content=\"Vid\u00e9os des Tours 1, 2 \u00a0 Pitch &amp; Putt 2025 : TOUR 1au Golf du Baganais ayant eu lieu le 2 Mars 2025 \u00a0Les 3 belles vagues de d\u00e9parts \u00e0 LACANAU VAGUE 1 de 9h00\u00a0 \u00a0 \u00a0 \u00a0 \u00a0\u00a0VAGUE 2 de 12h00 \u00a0 \u00a0 \u00a0 \u00a0 \u00a0 VAGUE 3 de [&hellip;]\" \/>\n<meta property=\"og:url\" content=\"https:\/\/cdgolf33.com\/index.php\/pitch-putt-2025-tour1-compte-rendu\/\" \/>\n<meta property=\"og:site_name\" content=\"Comit\u00e9 D\u00e9partemental de Golf de Gironde\" \/>\n<meta property=\"article:modified_time\" content=\"2025-03-24T15:13:04+00:00\" \/>\n<meta property=\"og:image\" content=\"https:\/\/cdgolf33.com\/wp-content\/uploads\/2025\/03\/photo-vague-1.jpeg\" \/>\n<meta name=\"twitter:card\" content=\"summary_large_image\" \/>\n<meta name=\"twitter:site\" content=\"@comitegolf33\" \/>\n<meta name=\"twitter:label1\" content=\"Dur\u00e9e de lecture estim\u00e9e\" \/>\n\t<meta name=\"twitter:data1\" content=\"2 minutes\" \/>\n<script type=\"application\/ld+json\" class=\"yoast-schema-graph\">{\"@context\":\"https:\\\/\\\/schema.org\",\"@graph\":[{\"@type\":\"WebPage\",\"@id\":\"https:\\\/\\\/cdgolf33.com\\\/index.php\\\/pitch-putt-2025-tour1-compte-rendu\\\/\",\"url\":\"https:\\\/\\\/cdgolf33.com\\\/index.php\\\/pitch-putt-2025-tour1-compte-rendu\\\/\",\"name\":\"Pitch & Putt 2025 : Tour1, compte-rendu - Comit\u00e9 D\u00e9partemental de Golf de Gironde\",\"isPartOf\":{\"@id\":\"https:\\\/\\\/cdgolf33.com\\\/#website\"},\"primaryImageOfPage\":{\"@id\":\"https:\\\/\\\/cdgolf33.com\\\/index.php\\\/pitch-putt-2025-tour1-compte-rendu\\\/#primaryimage\"},\"image\":{\"@id\":\"https:\\\/\\\/cdgolf33.com\\\/index.php\\\/pitch-putt-2025-tour1-compte-rendu\\\/#primaryimage\"},\"thumbnailUrl\":\"https:\\\/\\\/cdgolf33.com\\\/wp-content\\\/uploads\\\/2025\\\/03\\\/photo-vague-1.jpeg\",\"datePublished\":\"2025-03-10T20:11:13+00:00\",\"dateModified\":\"2025-03-24T15:13:04+00:00\",\"breadcrumb\":{\"@id\":\"https:\\\/\\\/cdgolf33.com\\\/index.php\\\/pitch-putt-2025-tour1-compte-rendu\\\/#breadcrumb\"},\"inLanguage\":\"fr-FR\",\"potentialAction\":[{\"@type\":\"ReadAction\",\"target\":[\"https:\\\/\\\/cdgolf33.com\\\/index.php\\\/pitch-putt-2025-tour1-compte-rendu\\\/\"]}]},{\"@type\":\"ImageObject\",\"inLanguage\":\"fr-FR\",\"@id\":\"https:\\\/\\\/cdgolf33.com\\\/index.php\\\/pitch-putt-2025-tour1-compte-rendu\\\/#primaryimage\",\"url\":\"https:\\\/\\\/cdgolf33.com\\\/wp-content\\\/uploads\\\/2025\\\/03\\\/photo-vague-1.jpeg\",\"contentUrl\":\"https:\\\/\\\/cdgolf33.com\\\/wp-content\\\/uploads\\\/2025\\\/03\\\/photo-vague-1.jpeg\",\"width\":1368,\"height\":912},{\"@type\":\"BreadcrumbList\",\"@id\":\"https:\\\/\\\/cdgolf33.com\\\/index.php\\\/pitch-putt-2025-tour1-compte-rendu\\\/#breadcrumb\",\"itemListElement\":[{\"@type\":\"ListItem\",\"position\":1,\"name\":\"Accueil\",\"item\":\"https:\\\/\\\/cdgolf33.com\\\/\"},{\"@type\":\"ListItem\",\"position\":2,\"name\":\"Pitch &#038; Putt 2025 : Tour1, compte-rendu\"}]},{\"@type\":\"WebSite\",\"@id\":\"https:\\\/\\\/cdgolf33.com\\\/#website\",\"url\":\"https:\\\/\\\/cdgolf33.com\\\/\",\"name\":\"Comit\u00e9 D\u00e9partemental de Golf de Gironde\",\"description\":\"Le Comit\u00e9 de Gironde de Golf vous souhaite la bienvenue sur son site !\",\"publisher\":{\"@id\":\"https:\\\/\\\/cdgolf33.com\\\/#organization\"},\"potentialAction\":[{\"@type\":\"SearchAction\",\"target\":{\"@type\":\"EntryPoint\",\"urlTemplate\":\"https:\\\/\\\/cdgolf33.com\\\/?s={search_term_string}\"},\"query-input\":{\"@type\":\"PropertyValueSpecification\",\"valueRequired\":true,\"valueName\":\"search_term_string\"}}],\"inLanguage\":\"fr-FR\"},{\"@type\":\"Organization\",\"@id\":\"https:\\\/\\\/cdgolf33.com\\\/#organization\",\"name\":\"Comit\u00e9 de Golf de Gironde\",\"url\":\"https:\\\/\\\/cdgolf33.com\\\/\",\"logo\":{\"@type\":\"ImageObject\",\"inLanguage\":\"fr-FR\",\"@id\":\"https:\\\/\\\/cdgolf33.com\\\/#\\\/schema\\\/logo\\\/image\\\/\",\"url\":\"https:\\\/\\\/cdgolf33.com\\\/wp-content\\\/uploads\\\/2019\\\/05\\\/LOGOCD33.jpg\",\"contentUrl\":\"https:\\\/\\\/cdgolf33.com\\\/wp-content\\\/uploads\\\/2019\\\/05\\\/LOGOCD33.jpg\",\"width\":220,\"height\":233,\"caption\":\"Comit\u00e9 de Golf de Gironde\"},\"image\":{\"@id\":\"https:\\\/\\\/cdgolf33.com\\\/#\\\/schema\\\/logo\\\/image\\\/\"},\"sameAs\":[\"https:\\\/\\\/x.com\\\/comitegolf33\"]}]}<\/script>\n<!-- \/ Yoast SEO plugin. -->","yoast_head_json":{"title":"Pitch & Putt 2025 : Tour1, compte-rendu - Comit\u00e9 D\u00e9partemental de Golf de Gironde","robots":{"index":"index","follow":"follow","max-snippet":"max-snippet:-1","max-image-preview":"max-image-preview:large","max-video-preview":"max-video-preview:-1"},"canonical":"https:\/\/cdgolf33.com\/index.php\/pitch-putt-2025-tour1-compte-rendu\/","og_locale":"fr_FR","og_type":"article","og_title":"Pitch & Putt 2025 : Tour1, compte-rendu - Comit\u00e9 D\u00e9partemental de Golf de Gironde","og_description":"Vid\u00e9os des Tours 1, 2 \u00a0 Pitch &amp; Putt 2025 : TOUR 1au Golf du Baganais ayant eu lieu le 2 Mars 2025 \u00a0Les 3 belles vagues de d\u00e9parts \u00e0 LACANAU VAGUE 1 de 9h00\u00a0 \u00a0 \u00a0 \u00a0 \u00a0\u00a0VAGUE 2 de 12h00 \u00a0 \u00a0 \u00a0 \u00a0 \u00a0 VAGUE 3 de [&hellip;]","og_url":"https:\/\/cdgolf33.com\/index.php\/pitch-putt-2025-tour1-compte-rendu\/","og_site_name":"Comit\u00e9 D\u00e9partemental de Golf de Gironde","article_modified_time":"2025-03-24T15:13:04+00:00","og_image":[{"url":"https:\/\/cdgolf33.com\/wp-content\/uploads\/2025\/03\/photo-vague-1.jpeg","type":"","width":"","height":""}],"twitter_card":"summary_large_image","twitter_site":"@comitegolf33","twitter_misc":{"Dur\u00e9e de lecture estim\u00e9e":"2 minutes"},"schema":{"@context":"https:\/\/schema.org","@graph":[{"@type":"WebPage","@id":"https:\/\/cdgolf33.com\/index.php\/pitch-putt-2025-tour1-compte-rendu\/","url":"https:\/\/cdgolf33.com\/index.php\/pitch-putt-2025-tour1-compte-rendu\/","name":"Pitch & Putt 2025 : Tour1, compte-rendu - Comit\u00e9 D\u00e9partemental de Golf de Gironde","isPartOf":{"@id":"https:\/\/cdgolf33.com\/#website"},"primaryImageOfPage":{"@id":"https:\/\/cdgolf33.com\/index.php\/pitch-putt-2025-tour1-compte-rendu\/#primaryimage"},"image":{"@id":"https:\/\/cdgolf33.com\/index.php\/pitch-putt-2025-tour1-compte-rendu\/#primaryimage"},"thumbnailUrl":"https:\/\/cdgolf33.com\/wp-content\/uploads\/2025\/03\/photo-vague-1.jpeg","datePublished":"2025-03-10T20:11:13+00:00","dateModified":"2025-03-24T15:13:04+00:00","breadcrumb":{"@id":"https:\/\/cdgolf33.com\/index.php\/pitch-putt-2025-tour1-compte-rendu\/#breadcrumb"},"inLanguage":"fr-FR","potentialAction":[{"@type":"ReadAction","target":["https:\/\/cdgolf33.com\/index.php\/pitch-putt-2025-tour1-compte-rendu\/"]}]},{"@type":"ImageObject","inLanguage":"fr-FR","@id":"https:\/\/cdgolf33.com\/index.php\/pitch-putt-2025-tour1-compte-rendu\/#primaryimage","url":"https:\/\/cdgolf33.com\/wp-content\/uploads\/2025\/03\/photo-vague-1.jpeg","contentUrl":"https:\/\/cdgolf33.com\/wp-content\/uploads\/2025\/03\/photo-vague-1.jpeg","width":1368,"height":912},{"@type":"BreadcrumbList","@id":"https:\/\/cdgolf33.com\/index.php\/pitch-putt-2025-tour1-compte-rendu\/#breadcrumb","itemListElement":[{"@type":"ListItem","position":1,"name":"Accueil","item":"https:\/\/cdgolf33.com\/"},{"@type":"ListItem","position":2,"name":"Pitch &#038; Putt 2025 : Tour1, compte-rendu"}]},{"@type":"WebSite","@id":"https:\/\/cdgolf33.com\/#website","url":"https:\/\/cdgolf33.com\/","name":"Comit\u00e9 D\u00e9partemental de Golf de Gironde","description":"Le Comit\u00e9 de Gironde de Golf vous souhaite la bienvenue sur son site !","publisher":{"@id":"https:\/\/cdgolf33.com\/#organization"},"potentialAction":[{"@type":"SearchAction","target":{"@type":"EntryPoint","urlTemplate":"https:\/\/cdgolf33.com\/?s={search_term_string}"},"query-input":{"@type":"PropertyValueSpecification","valueRequired":true,"valueName":"search_term_string"}}],"inLanguage":"fr-FR"},{"@type":"Organization","@id":"https:\/\/cdgolf33.com\/#organization","name":"Comit\u00e9 de Golf de Gironde","url":"https:\/\/cdgolf33.com\/","logo":{"@type":"ImageObject","inLanguage":"fr-FR","@id":"https:\/\/cdgolf33.com\/#\/schema\/logo\/image\/","url":"https:\/\/cdgolf33.com\/wp-content\/uploads\/2019\/05\/LOGOCD33.jpg","contentUrl":"https:\/\/cdgolf33.com\/wp-content\/uploads\/2019\/05\/LOGOCD33.jpg","width":220,"height":233,"caption":"Comit\u00e9 de Golf de Gironde"},"image":{"@id":"https:\/\/cdgolf33.com\/#\/schema\/logo\/image\/"},"sameAs":["https:\/\/x.com\/comitegolf33"]}]}},"_links":{"self":[{"href":"https:\/\/cdgolf33.com\/index.php\/wp-json\/wp\/v2\/pages\/9052","targetHints":{"allow":["GET"]}}],"collection":[{"href":"https:\/\/cdgolf33.com\/index.php\/wp-json\/wp\/v2\/pages"}],"about":[{"href":"https:\/\/cdgolf33.com\/index.php\/wp-json\/wp\/v2\/types\/page"}],"author":[{"embeddable":true,"href":"https:\/\/cdgolf33.com\/index.php\/wp-json\/wp\/v2\/users\/2"}],"replies":[{"embeddable":true,"href":"https:\/\/cdgolf33.com\/index.php\/wp-json\/wp\/v2\/comments?post=9052"}],"version-history":[{"count":89,"href":"https:\/\/cdgolf33.com\/index.php\/wp-json\/wp\/v2\/pages\/9052\/revisions"}],"predecessor-version":[{"id":9781,"href":"https:\/\/cdgolf33.com\/index.php\/wp-json\/wp\/v2\/pages\/9052\/revisions\/9781"}],"wp:attachment":[{"href":"https:\/\/cdgolf33.com\/index.php\/wp-json\/wp\/v2\/media?parent=9052"}],"curies":[{"name":"wp","href":"https:\/\/api.w.org\/{rel}","templated":true}]}}