{"id":9471,"date":"2025-03-24T14:31:40","date_gmt":"2025-03-24T13:31:40","guid":{"rendered":"https:\/\/cdgolf33.com\/?page_id=9471"},"modified":"2025-03-24T16:12:25","modified_gmt":"2025-03-24T15:12:25","slug":"pitch-putt-2025-tour2-compte-rendu","status":"publish","type":"page","link":"https:\/\/cdgolf33.com\/index.php\/pitch-putt-2025-tour2-compte-rendu\/","title":{"rendered":"Pitch &#038; Putt 2025 : Tour2, compte-rendu"},"content":{"rendered":"\n\n\n<div class=\"wp-block-buttons is-content-justification-center is-layout-flex wp-container-core-buttons-is-layout-a89b3969 wp-block-buttons-is-layout-flex\" style=\"border-radius:0px\">\n<div class=\"wp-block-button has-custom-font-size is-style-fill has-medium-font-size\"><a class=\"wp-block-button__link has-white-color has-text-color has-background has-link-color wp-element-button\" href=\"https:\/\/cdgolf33.com\/index.php\/pitch-putt-2025-video-tour1\/\" style=\"border-style:none;border-width:0px;border-radius:0px;background-color:#61b6ce\">Vid\u00e9os des Tours 1, 2<\/a><\/div>\n<\/div>\n\n\n\n<p style=\"text-align: center;\"><span style=\"color: #000000; font-family: Arial, Helvetica, sans-serif; font-size: 24px;\"><b>Pitch &amp; Putt 2025 : TOUR 2<\/b><\/span><br style=\"color: #000000; font-family: Arial, Helvetica, sans-serif; font-size: 16px;\" \/><span style=\"font-size: 24px;\"><strong><span style=\"color: #000000; font-family: Arial, Helvetica, sans-serif;\">au Golf des Aiguilles Vertes \u00e0 Lanton ayant eu lieu le 16 Mars 2025<\/span><\/strong><\/span><\/p>\n<p style=\"text-align: center;\"><a href=\"https:\/\/cdgolf33.com\/index.php\/pitch-putt-2025-video-tour1\/\" title=\"Vid\u00e9os du Tour 2025\">&gt;&gt; Lien vers les vid\u00e9os du Tour 2025<\/a><\/p>\n<p style=\"text-align: center;\">Les 3 belles vagues de d\u00e9parts \u00e0 LANTON<\/p>\n<p style=\"text-align: center;\"><span style=\"color: #61b6ce;\"><strong>VAGUE 1 de 9h00<\/strong><\/span><\/p>\n\n\n\n<figure class=\"wp-block-image size-large\"><img fetchpriority=\"high\" decoding=\"async\" width=\"1024\" height=\"683\" src=\"https:\/\/cdgolf33.com\/wp-content\/uploads\/2025\/03\/Lanton_vague1-1-1024x683.jpg\" alt=\"\" class=\"wp-image-9484\" srcset=\"https:\/\/cdgolf33.com\/wp-content\/uploads\/2025\/03\/Lanton_vague1-1-1024x683.jpg 1024w, https:\/\/cdgolf33.com\/wp-content\/uploads\/2025\/03\/Lanton_vague1-1-300x200.jpg 300w, https:\/\/cdgolf33.com\/wp-content\/uploads\/2025\/03\/Lanton_vague1-1-768x512.jpg 768w, https:\/\/cdgolf33.com\/wp-content\/uploads\/2025\/03\/Lanton_vague1-1-1536x1024.jpg 1536w, https:\/\/cdgolf33.com\/wp-content\/uploads\/2025\/03\/Lanton_vague1-1-2048x1365.jpg 2048w, https:\/\/cdgolf33.com\/wp-content\/uploads\/2025\/03\/Lanton_vague1-1-360x240.jpg 360w\" sizes=\"(max-width: 1024px) 100vw, 1024px\" \/><\/figure>\n\n\n\n<p><\/p>\n<p style=\"text-align: center;\"><span style=\"color: #61b6ce;\"><strong>VAGUE 2 de 12h00<\/strong><\/span><\/p>\n\n\n\n<figure class=\"wp-block-image size-large\"><img decoding=\"async\" width=\"1024\" height=\"683\" src=\"https:\/\/cdgolf33.com\/wp-content\/uploads\/2025\/03\/Lanton_Vague2-1-1024x683.jpg\" alt=\"\" class=\"wp-image-9486\" srcset=\"https:\/\/cdgolf33.com\/wp-content\/uploads\/2025\/03\/Lanton_Vague2-1-1024x683.jpg 1024w, https:\/\/cdgolf33.com\/wp-content\/uploads\/2025\/03\/Lanton_Vague2-1-300x200.jpg 300w, https:\/\/cdgolf33.com\/wp-content\/uploads\/2025\/03\/Lanton_Vague2-1-768x512.jpg 768w, https:\/\/cdgolf33.com\/wp-content\/uploads\/2025\/03\/Lanton_Vague2-1-1536x1024.jpg 1536w, https:\/\/cdgolf33.com\/wp-content\/uploads\/2025\/03\/Lanton_Vague2-1-2048x1365.jpg 2048w, https:\/\/cdgolf33.com\/wp-content\/uploads\/2025\/03\/Lanton_Vague2-1-360x240.jpg 360w\" sizes=\"(max-width: 1024px) 100vw, 1024px\" \/><\/figure>\n\n\n\n<p style=\"text-align: center;\"><span style=\"color: #61b6ce;\"><strong>VAGUE 3 de 15h00<\/strong><\/span><\/p>\n\n\n\n<figure class=\"wp-block-image size-large\"><img decoding=\"async\" width=\"1024\" height=\"576\" src=\"https:\/\/cdgolf33.com\/wp-content\/uploads\/2025\/03\/Lanton_Vague3-1024x576.jpg\" alt=\"\" class=\"wp-image-9482\" srcset=\"https:\/\/cdgolf33.com\/wp-content\/uploads\/2025\/03\/Lanton_Vague3-1024x576.jpg 1024w, https:\/\/cdgolf33.com\/wp-content\/uploads\/2025\/03\/Lanton_Vague3-300x169.jpg 300w, https:\/\/cdgolf33.com\/wp-content\/uploads\/2025\/03\/Lanton_Vague3-768x432.jpg 768w, https:\/\/cdgolf33.com\/wp-content\/uploads\/2025\/03\/Lanton_Vague3-1536x864.jpg 1536w, https:\/\/cdgolf33.com\/wp-content\/uploads\/2025\/03\/Lanton_Vague3-2048x1152.jpg 2048w\" sizes=\"(max-width: 1024px) 100vw, 1024px\" \/><\/figure>\n\n\n\n<p><\/p>\n<p style=\"text-align: center;\"><span>Le rendez-vous \u00e9tait \u00e0 Lanton ce Dimanche 16 mars 2025 pour le deuxi\u00e8me tour du <\/span><span>championnat de Gironde \u00ab Le Pich &amp; Putt tour \u00bb.<\/span><\/p>\n<p style=\"text-align: center;\"><br \/><span>Les 108 participants qui ont r\u00e9pondu pr\u00e9sent, ont eu le plaisir de profiter d\u2019une m\u00e9t\u00e9o digne du bassin d\u2019Arcachon.<\/span><\/p>\n<p style=\"text-align: center;\"><br \/><span>Chaque joueur a trouv\u00e9 ses marques avec des objectifs diff\u00e9rents. <\/span><span>Certains pour baisser leur index,\u00a0 d\u2019autres pour se qualifier pour la finale et peut-\u00eatre \u00eatre dans les 27 premiers, et bien s\u00fbr une poign\u00e9e de joueurs qui sont l\u00e0 pour jouer la gagne et remporter le titre de champion de Gironde, soit chez les Hommes, soit chez les Dames, soit chez les moins de 16 ans, tout cela dans un esprit de convivialit\u00e9, de partage et de bonne humeur qui \u00a0font la sp\u00e9cificit\u00e9 du Pitch &amp; Putt. <\/span><\/p>\n<p style=\"text-align: center;\"><span>Rendez-vous maintenant le 29 Mars 2025 sur le magnifique parcours de Pessac pour continuer le combat.<\/span><\/p>\n<p style=\"text-align: center;\"><br \/><span>Toute l\u2019\u00e9quipe de l\u2019organisation, vous remercie pour cette ambiance sympathique.<\/span><\/p>\n<p style=\"text-align: center;\"><span style=\"color: #61b6ce;\"><strong>L&rsquo;\u00e9quipe du Pitch &amp; Putt Tour 2025<\/strong><\/span><\/p>\n\n\n\n\n<input type=\"button\" value=\"Retour\" class=\"alg_back_button_input button\" style=\"background-color:#61B6CE\" onclick=\"window.history.back()\" \/>\n","protected":false},"excerpt":{"rendered":"<p>Pitch &amp; Putt 2025 : TOUR 2au Golf des Aiguilles Vertes \u00e0 Lanton ayant eu lieu le 16 Mars 2025 &gt;&gt; Lien vers les vid\u00e9os du Tour 2025 Les 3 belles vagues de d\u00e9parts \u00e0 LANTON VAGUE 1 de 9h00 VAGUE 2 de 12h00 VAGUE 3 de 15h00 Le rendez-vous [&hellip;]<\/p>\n","protected":false},"author":2,"featured_media":0,"parent":0,"menu_order":0,"comment_status":"closed","ping_status":"closed","template":"","meta":{"footnotes":""},"class_list":["post-9471","page","type-page","status-publish","hentry"],"yoast_head":"<!-- This site is optimized with the Yoast SEO plugin v27.4 - https:\/\/yoast.com\/product\/yoast-seo-wordpress\/ -->\n<title>Pitch &amp; Putt 2025 : Tour2, compte-rendu - Comit\u00e9 D\u00e9partemental de Golf de Gironde<\/title>\n<meta name=\"robots\" content=\"index, follow, max-snippet:-1, max-image-preview:large, max-video-preview:-1\" \/>\n<link rel=\"canonical\" href=\"https:\/\/cdgolf33.com\/index.php\/pitch-putt-2025-tour2-compte-rendu\/\" \/>\n<meta property=\"og:locale\" content=\"fr_FR\" \/>\n<meta property=\"og:type\" content=\"article\" \/>\n<meta property=\"og:title\" content=\"Pitch &amp; Putt 2025 : Tour2, compte-rendu - Comit\u00e9 D\u00e9partemental de Golf de Gironde\" \/>\n<meta property=\"og:description\" content=\"Pitch &amp; Putt 2025 : TOUR 2au Golf des Aiguilles Vertes \u00e0 Lanton ayant eu lieu le 16 Mars 2025 &gt;&gt; Lien vers les vid\u00e9os du Tour 2025 Les 3 belles vagues de d\u00e9parts \u00e0 LANTON VAGUE 1 de 9h00 VAGUE 2 de 12h00 VAGUE 3 de 15h00 Le rendez-vous [&hellip;]\" \/>\n<meta property=\"og:url\" content=\"https:\/\/cdgolf33.com\/index.php\/pitch-putt-2025-tour2-compte-rendu\/\" \/>\n<meta property=\"og:site_name\" content=\"Comit\u00e9 D\u00e9partemental de Golf de Gironde\" \/>\n<meta property=\"article:modified_time\" content=\"2025-03-24T15:12:25+00:00\" \/>\n<meta property=\"og:image\" content=\"https:\/\/cdgolf33.com\/wp-content\/uploads\/2025\/03\/Lanton_vague1-1-scaled.jpg\" \/>\n\t<meta property=\"og:image:width\" content=\"2560\" \/>\n\t<meta property=\"og:image:height\" content=\"1707\" \/>\n\t<meta property=\"og:image:type\" content=\"image\/jpeg\" \/>\n<meta name=\"twitter:card\" content=\"summary_large_image\" \/>\n<meta name=\"twitter:site\" content=\"@comitegolf33\" \/>\n<meta name=\"twitter:label1\" content=\"Dur\u00e9e de lecture estim\u00e9e\" \/>\n\t<meta name=\"twitter:data1\" content=\"2 minutes\" \/>\n<script type=\"application\/ld+json\" class=\"yoast-schema-graph\">{\"@context\":\"https:\\\/\\\/schema.org\",\"@graph\":[{\"@type\":\"WebPage\",\"@id\":\"https:\\\/\\\/cdgolf33.com\\\/index.php\\\/pitch-putt-2025-tour2-compte-rendu\\\/\",\"url\":\"https:\\\/\\\/cdgolf33.com\\\/index.php\\\/pitch-putt-2025-tour2-compte-rendu\\\/\",\"name\":\"Pitch & Putt 2025 : Tour2, compte-rendu - Comit\u00e9 D\u00e9partemental de Golf de Gironde\",\"isPartOf\":{\"@id\":\"https:\\\/\\\/cdgolf33.com\\\/#website\"},\"primaryImageOfPage\":{\"@id\":\"https:\\\/\\\/cdgolf33.com\\\/index.php\\\/pitch-putt-2025-tour2-compte-rendu\\\/#primaryimage\"},\"image\":{\"@id\":\"https:\\\/\\\/cdgolf33.com\\\/index.php\\\/pitch-putt-2025-tour2-compte-rendu\\\/#primaryimage\"},\"thumbnailUrl\":\"https:\\\/\\\/cdgolf33.com\\\/wp-content\\\/uploads\\\/2025\\\/03\\\/Lanton_vague1-1-1024x683.jpg\",\"datePublished\":\"2025-03-24T13:31:40+00:00\",\"dateModified\":\"2025-03-24T15:12:25+00:00\",\"breadcrumb\":{\"@id\":\"https:\\\/\\\/cdgolf33.com\\\/index.php\\\/pitch-putt-2025-tour2-compte-rendu\\\/#breadcrumb\"},\"inLanguage\":\"fr-FR\",\"potentialAction\":[{\"@type\":\"ReadAction\",\"target\":[\"https:\\\/\\\/cdgolf33.com\\\/index.php\\\/pitch-putt-2025-tour2-compte-rendu\\\/\"]}]},{\"@type\":\"ImageObject\",\"inLanguage\":\"fr-FR\",\"@id\":\"https:\\\/\\\/cdgolf33.com\\\/index.php\\\/pitch-putt-2025-tour2-compte-rendu\\\/#primaryimage\",\"url\":\"https:\\\/\\\/cdgolf33.com\\\/wp-content\\\/uploads\\\/2025\\\/03\\\/Lanton_vague1-1-scaled.jpg\",\"contentUrl\":\"https:\\\/\\\/cdgolf33.com\\\/wp-content\\\/uploads\\\/2025\\\/03\\\/Lanton_vague1-1-scaled.jpg\",\"width\":2560,\"height\":1707},{\"@type\":\"BreadcrumbList\",\"@id\":\"https:\\\/\\\/cdgolf33.com\\\/index.php\\\/pitch-putt-2025-tour2-compte-rendu\\\/#breadcrumb\",\"itemListElement\":[{\"@type\":\"ListItem\",\"position\":1,\"name\":\"Accueil\",\"item\":\"https:\\\/\\\/cdgolf33.com\\\/\"},{\"@type\":\"ListItem\",\"position\":2,\"name\":\"Pitch &#038; Putt 2025 : Tour2, compte-rendu\"}]},{\"@type\":\"WebSite\",\"@id\":\"https:\\\/\\\/cdgolf33.com\\\/#website\",\"url\":\"https:\\\/\\\/cdgolf33.com\\\/\",\"name\":\"Comit\u00e9 D\u00e9partemental de Golf de Gironde\",\"description\":\"Le Comit\u00e9 de Gironde de Golf vous souhaite la bienvenue sur son site !\",\"publisher\":{\"@id\":\"https:\\\/\\\/cdgolf33.com\\\/#organization\"},\"potentialAction\":[{\"@type\":\"SearchAction\",\"target\":{\"@type\":\"EntryPoint\",\"urlTemplate\":\"https:\\\/\\\/cdgolf33.com\\\/?s={search_term_string}\"},\"query-input\":{\"@type\":\"PropertyValueSpecification\",\"valueRequired\":true,\"valueName\":\"search_term_string\"}}],\"inLanguage\":\"fr-FR\"},{\"@type\":\"Organization\",\"@id\":\"https:\\\/\\\/cdgolf33.com\\\/#organization\",\"name\":\"Comit\u00e9 de Golf de Gironde\",\"url\":\"https:\\\/\\\/cdgolf33.com\\\/\",\"logo\":{\"@type\":\"ImageObject\",\"inLanguage\":\"fr-FR\",\"@id\":\"https:\\\/\\\/cdgolf33.com\\\/#\\\/schema\\\/logo\\\/image\\\/\",\"url\":\"https:\\\/\\\/cdgolf33.com\\\/wp-content\\\/uploads\\\/2019\\\/05\\\/LOGOCD33.jpg\",\"contentUrl\":\"https:\\\/\\\/cdgolf33.com\\\/wp-content\\\/uploads\\\/2019\\\/05\\\/LOGOCD33.jpg\",\"width\":220,\"height\":233,\"caption\":\"Comit\u00e9 de Golf de Gironde\"},\"image\":{\"@id\":\"https:\\\/\\\/cdgolf33.com\\\/#\\\/schema\\\/logo\\\/image\\\/\"},\"sameAs\":[\"https:\\\/\\\/x.com\\\/comitegolf33\"]}]}<\/script>\n<!-- \/ Yoast SEO plugin. -->","yoast_head_json":{"title":"Pitch & Putt 2025 : Tour2, compte-rendu - Comit\u00e9 D\u00e9partemental de Golf de Gironde","robots":{"index":"index","follow":"follow","max-snippet":"max-snippet:-1","max-image-preview":"max-image-preview:large","max-video-preview":"max-video-preview:-1"},"canonical":"https:\/\/cdgolf33.com\/index.php\/pitch-putt-2025-tour2-compte-rendu\/","og_locale":"fr_FR","og_type":"article","og_title":"Pitch & Putt 2025 : Tour2, compte-rendu - Comit\u00e9 D\u00e9partemental de Golf de Gironde","og_description":"Pitch &amp; Putt 2025 : TOUR 2au Golf des Aiguilles Vertes \u00e0 Lanton ayant eu lieu le 16 Mars 2025 &gt;&gt; Lien vers les vid\u00e9os du Tour 2025 Les 3 belles vagues de d\u00e9parts \u00e0 LANTON VAGUE 1 de 9h00 VAGUE 2 de 12h00 VAGUE 3 de 15h00 Le rendez-vous [&hellip;]","og_url":"https:\/\/cdgolf33.com\/index.php\/pitch-putt-2025-tour2-compte-rendu\/","og_site_name":"Comit\u00e9 D\u00e9partemental de Golf de Gironde","article_modified_time":"2025-03-24T15:12:25+00:00","og_image":[{"width":2560,"height":1707,"url":"https:\/\/cdgolf33.com\/wp-content\/uploads\/2025\/03\/Lanton_vague1-1-scaled.jpg","type":"image\/jpeg"}],"twitter_card":"summary_large_image","twitter_site":"@comitegolf33","twitter_misc":{"Dur\u00e9e de lecture estim\u00e9e":"2 minutes"},"schema":{"@context":"https:\/\/schema.org","@graph":[{"@type":"WebPage","@id":"https:\/\/cdgolf33.com\/index.php\/pitch-putt-2025-tour2-compte-rendu\/","url":"https:\/\/cdgolf33.com\/index.php\/pitch-putt-2025-tour2-compte-rendu\/","name":"Pitch & Putt 2025 : Tour2, compte-rendu - Comit\u00e9 D\u00e9partemental de Golf de Gironde","isPartOf":{"@id":"https:\/\/cdgolf33.com\/#website"},"primaryImageOfPage":{"@id":"https:\/\/cdgolf33.com\/index.php\/pitch-putt-2025-tour2-compte-rendu\/#primaryimage"},"image":{"@id":"https:\/\/cdgolf33.com\/index.php\/pitch-putt-2025-tour2-compte-rendu\/#primaryimage"},"thumbnailUrl":"https:\/\/cdgolf33.com\/wp-content\/uploads\/2025\/03\/Lanton_vague1-1-1024x683.jpg","datePublished":"2025-03-24T13:31:40+00:00","dateModified":"2025-03-24T15:12:25+00:00","breadcrumb":{"@id":"https:\/\/cdgolf33.com\/index.php\/pitch-putt-2025-tour2-compte-rendu\/#breadcrumb"},"inLanguage":"fr-FR","potentialAction":[{"@type":"ReadAction","target":["https:\/\/cdgolf33.com\/index.php\/pitch-putt-2025-tour2-compte-rendu\/"]}]},{"@type":"ImageObject","inLanguage":"fr-FR","@id":"https:\/\/cdgolf33.com\/index.php\/pitch-putt-2025-tour2-compte-rendu\/#primaryimage","url":"https:\/\/cdgolf33.com\/wp-content\/uploads\/2025\/03\/Lanton_vague1-1-scaled.jpg","contentUrl":"https:\/\/cdgolf33.com\/wp-content\/uploads\/2025\/03\/Lanton_vague1-1-scaled.jpg","width":2560,"height":1707},{"@type":"BreadcrumbList","@id":"https:\/\/cdgolf33.com\/index.php\/pitch-putt-2025-tour2-compte-rendu\/#breadcrumb","itemListElement":[{"@type":"ListItem","position":1,"name":"Accueil","item":"https:\/\/cdgolf33.com\/"},{"@type":"ListItem","position":2,"name":"Pitch &#038; Putt 2025 : Tour2, compte-rendu"}]},{"@type":"WebSite","@id":"https:\/\/cdgolf33.com\/#website","url":"https:\/\/cdgolf33.com\/","name":"Comit\u00e9 D\u00e9partemental de Golf de Gironde","description":"Le Comit\u00e9 de Gironde de Golf vous souhaite la bienvenue sur son site !","publisher":{"@id":"https:\/\/cdgolf33.com\/#organization"},"potentialAction":[{"@type":"SearchAction","target":{"@type":"EntryPoint","urlTemplate":"https:\/\/cdgolf33.com\/?s={search_term_string}"},"query-input":{"@type":"PropertyValueSpecification","valueRequired":true,"valueName":"search_term_string"}}],"inLanguage":"fr-FR"},{"@type":"Organization","@id":"https:\/\/cdgolf33.com\/#organization","name":"Comit\u00e9 de Golf de Gironde","url":"https:\/\/cdgolf33.com\/","logo":{"@type":"ImageObject","inLanguage":"fr-FR","@id":"https:\/\/cdgolf33.com\/#\/schema\/logo\/image\/","url":"https:\/\/cdgolf33.com\/wp-content\/uploads\/2019\/05\/LOGOCD33.jpg","contentUrl":"https:\/\/cdgolf33.com\/wp-content\/uploads\/2019\/05\/LOGOCD33.jpg","width":220,"height":233,"caption":"Comit\u00e9 de Golf de Gironde"},"image":{"@id":"https:\/\/cdgolf33.com\/#\/schema\/logo\/image\/"},"sameAs":["https:\/\/x.com\/comitegolf33"]}]}},"_links":{"self":[{"href":"https:\/\/cdgolf33.com\/index.php\/wp-json\/wp\/v2\/pages\/9471","targetHints":{"allow":["GET"]}}],"collection":[{"href":"https:\/\/cdgolf33.com\/index.php\/wp-json\/wp\/v2\/pages"}],"about":[{"href":"https:\/\/cdgolf33.com\/index.php\/wp-json\/wp\/v2\/types\/page"}],"author":[{"embeddable":true,"href":"https:\/\/cdgolf33.com\/index.php\/wp-json\/wp\/v2\/users\/2"}],"replies":[{"embeddable":true,"href":"https:\/\/cdgolf33.com\/index.php\/wp-json\/wp\/v2\/comments?post=9471"}],"version-history":[{"count":21,"href":"https:\/\/cdgolf33.com\/index.php\/wp-json\/wp\/v2\/pages\/9471\/revisions"}],"predecessor-version":[{"id":9521,"href":"https:\/\/cdgolf33.com\/index.php\/wp-json\/wp\/v2\/pages\/9471\/revisions\/9521"}],"wp:attachment":[{"href":"https:\/\/cdgolf33.com\/index.php\/wp-json\/wp\/v2\/media?parent=9471"}],"curies":[{"name":"wp","href":"https:\/\/api.w.org\/{rel}","templated":true}]}}