{"id":9531,"date":"2025-03-24T16:32:40","date_gmt":"2025-03-24T15:32:40","guid":{"rendered":"https:\/\/cdgolf33.com\/?page_id=9531"},"modified":"2025-04-15T10:04:32","modified_gmt":"2025-04-15T08:04:32","slug":"pitch-putt-2025-inscriptions-tour-n4","status":"publish","type":"page","link":"https:\/\/cdgolf33.com\/index.php\/pitch-putt-2025-inscriptions-tour-n4\/","title":{"rendered":"Pitch &amp; Putt 2025 : Inscriptions-R\u00e9sultats Tour N\u00b04"},"content":{"rendered":"\n<div class=\"wp-block-buttons is-content-justification-center is-layout-flex wp-container-core-buttons-is-layout-a89b3969 wp-block-buttons-is-layout-flex\">\n<div class=\"wp-block-button has-custom-font-size is-style-fill has-large-font-size\"><a class=\"wp-block-button__link has-background wp-element-button\" href=\"https:\/\/cdgolf33.com\/index.php\/pitch-putt-2025-video-tour1\/\" style=\"border-style:none;border-width:0px;border-radius:0px;background-color:#61b6ce;padding-top:0;padding-right:0;padding-bottom:0;padding-left:0\">Vid\u00e9os des tours 1, 2, 3, 4<\/a><\/div>\n<\/div>\n\n\n\n<hr class=\"wp-block-separator has-text-color has-alpha-channel-opacity has-background\" style=\"background-color:#61b6ce;color:#61b6ce\"\/>\n\n\n\n<p><strong>TOUR N\u00b04 : les r\u00e9sultats !&nbsp;<\/strong><\/p>\n\n\n\n<p><strong>Dimanche 13 Avril 2025 au Golf de Margaux-Cantenac.<\/strong><\/p>\n\n\n\n<p><strong>Classements individuel et par \u00e9quipe du Tour N\u00b04.<\/strong><\/p>\n\n\n\n<p><strong>Pour le classement individuel, seuls les 3 meilleurs scores des 6 tours seront pris en compte. Tant que vous n&rsquo;avez pas jou\u00e9 3 tours, le ou les tours manquants comptent pour 100 et vous d\u00e9gradent temporairement votre classement provisoire.<\/strong><\/p>\n\n\n\n<p>CLIQUEZ ICI >\u00a0<a href=\"https:\/\/cdgolf33.com\/index.php\/pitch-putt-2025-resultats-individuels-du-tour-n1\/\">CLASSEMENT INDIVIDUEL DU TOUR N\u00b04.<\/a><\/p>\n\n\n\n<p>CLIQUEZ ICI > <a href=\"https:\/\/cdgolf33.com\/index.php\/pitch-putt-2025-classement-par-equipe\/\">CLASSEMENT PAR EQUIPE DU TOUR N\u00b04.<\/a><\/p>\n\n\n\n<hr class=\"wp-block-separator has-text-color has-alpha-channel-opacity has-background\" style=\"background-color:#61b6ce;color:#61b6ce\"\/>\n\n\n\n<p><strong><span style=\"color: #ff0000;\">TOUR N\u00b04.<\/span><\/strong><\/p>\n<p><strong><span style=\"color: #ff0000;\">Dimanche 13 Avril 2025 au Golf de Margaux.<\/span><\/strong><\/p>\n<p><strong>CONSULTER LA LISTE DES DEPARTS<\/strong><span><strong>\u00a0:<\/strong> CLIQUEZ ICI &gt;\u00a0<a href=\"https:\/\/cdgolf33.com\/index.php\/pitch-putt-2025-les-departs-du-tour-n4\/\" title=\"LISTE DES DEPARTS AU TOUR N\u00b04.\">LISTE DES DEPARTS AU TOUR N\u00b04.<\/a><\/span><\/p>\n<p><b>Mise \u00e0 jour : 10\/04\/2025-11:00.<\/b><\/p>\n<p>\n\n<\/p>\n<hr class=\"wp-block-separator has-alpha-channel-opacity\" \/>\n<p><\/p>\n<p><strong><span style=\"color: #ff0000;\">Inscriptions closes.<\/span><\/strong><\/p>\n<p><span>Les inscriptions se font ici et en ligne obligatoirement.\u00a0<\/span><span>108 joueurs et joueuses maximum<\/span><span>.<\/span><\/p>\n<p><span>3 vagues de d\u00e9parts \u00e0 8h30,12h et 15h, chaque vague \u00e9tant compos\u00e9e de <\/span><span>36 joueurs et joueuses maximum.<\/span><\/p>\n<p><b><span>Rendez-vous 30 <\/span><span>mn avant le d\u00e9part \u00e0 l\u2019accueil du golf.<\/span><\/b><\/p>\n<p><span>D\u00e9parts en shotgun.<\/span><\/p>\n<p><span>Au del\u00e0 de 108 inscrits, inscription en liste d&rsquo;attente.<\/span><\/p>\n<p><span>\u00a0<\/span><\/p>\n<p><span><strong><span style=\"background-color: #ccffff;\">1-PREMIERE ETAPE<\/span> :<\/strong> CLIQUEZ ICI &gt;\u00a0<\/span><span style=\"color: #339966;\"><a href=\"https:\/\/www.helloasso.com\/associations\/com-departemental-golf-de-la-gironde\/paiements\/droit-d-engagement-competition-pitch-and-putt-2025\" target=\"_blank\" title=\"DROIT D'ENGAGEMENT A PAYER UNE SEULE FOIS\" rel=\"noopener\" style=\"color: #339966;\">PAYER LE DROIT D&rsquo;ENGAGEMENT UNE SEULE FOIS POUR L&rsquo;ENSEMBLE DES 6 TOURS ET FINALE<\/a><\/span><\/p>\n<p><span style=\"color: #ff0000;\">NB : ce droit d&rsquo;engagement de 10 \u20ac n&rsquo;est \u00e0 payer qu&rsquo;une seule fois, que vous participiez \u00e0 un ou plusieurs Tours.\u00a0<\/span><\/p>\n<p><span>Voir ci-dessous l&rsquo;explication d\u00e9taill\u00e9e.<\/span><\/p>\n<p><span><strong><span style=\"background-color: #ccffff;\">2-DEUXIEME ETAPE<\/span> :<\/strong> CLIQUEZ ICI &gt;\u00a0<a href=\"https:\/\/forms.gle\/JdTzbSPMv1nTGPnR6\" title=\"INSCRIPTIONS TOUR N\u00b04 AU GOLF DE MARGAUX.\" target=\"_blank\" rel=\"noopener\"><span style=\"color: #339966;\">VOUS INSCRIRE POUR LE TOUR N\u00b04 AYANT LIEU LE 13 AVRIL 2025 AU GOLF DE MARGAUX.<\/span><\/a><\/span><\/p>\n<p><span style=\"color: #ff0000;\"><strong>Attention : ne pas inscrire 2 personnes diff\u00e9rentes (Mr et Mme par exemple) sous les m\u00eames \u00ab\u00a0nom-pr\u00e9nom\u00a0\u00bb, ce sera trait\u00e9 comme \u00e9tant une seule personne !<\/strong><\/span><span><\/span><\/p>\n<p><span>Vous recevrez\u00a0un <strong>mail de confirmation<\/strong>\u00a0une fois votre inscription effectu\u00e9e \u00e0 un Tour : <strong>pensez \u00e0\u00a0v\u00e9rifier vos spams !<\/strong><\/span><\/p>\n<p><span><strong><span style=\"background-color: #ccffff;\">3-CONSULTER LA LISTE DES INSCRITS<\/span> :<\/strong> CLIQUEZ ICI &gt;\u00a0<a href=\"https:\/\/cdgolf33.com\/index.php\/pitch-putt-liste-des-inscrits-au-tour-n4\/\" title=\"LISTE DES INSCRITS AU TOUR N\u00b04.\u00a0\"><span style=\"color: #339966;\">LISTE DES INSCRITS AU TOUR N\u00b04.\u00a0<\/span><\/a><\/span><\/p>\n<p><span>Mise \u00e0 jour le : <strong>08\/04\/2025 &#8211; 18:00<\/strong><\/span><span>\u00a0<\/span><\/p>\n<p><span>Dans le mail re\u00e7u, vous avez acc\u00e8s \u00e0 la possibilit\u00e9 de modifier vos informations d&rsquo;inscriptions (en cas d&rsquo;erreur, d&rsquo;oubli ou changement).\u00a0<\/span><\/p>\n<p><span>Evitez de faire une seconde nouvelle inscription sur le m\u00eame nom-pr\u00e9nom !<\/span><\/p>\n<ul><\/ul>\n<p><b><span>Les heures des d\u00e9parts sont \u00e0 consulter sur le site du comit\u00e9 24 heures\u00a0 avant\u00a0<\/span><\/b><b><span>la comp\u00e9tition.<\/span><\/b><\/p>\n<p><span><u><\/u>\u00a0<u><\/u><\/span><\/p>\n<p><span><img decoding=\"async\" data-emoji=\"\u26a0\ufe0f\" alt=\"\u26a0\ufe0f\" aria-label=\"\u26a0\ufe0f\" draggable=\"false\" src=\"https:\/\/fonts.gstatic.com\/s\/e\/notoemoji\/16.0\/26a0_fe0f\/72.png\" loading=\"lazy\" \/><\/span><span>\u00a0<\/span><b>Un droit d&rsquo;engagement est requis : le d\u00e9tail expliqu\u00e9 ci-apr\u00e8s<\/b><span><img decoding=\"async\" data-emoji=\"\u26a0\ufe0f\" alt=\"\u26a0\ufe0f\" aria-label=\"\u26a0\ufe0f\" draggable=\"false\" src=\"https:\/\/fonts.gstatic.com\/s\/e\/notoemoji\/16.0\/26a0_fe0f\/72.png\" loading=\"lazy\" \/><\/span><\/p>\n<p><span>\u00a0<\/span><\/p>\n<p><b>Ce droit d&rsquo;engagement de 10 \u20ac est \u00e0 payer une seule fois, que vous participiez \u00e0 un ou plusieurs Tours.<\/b><span>\u00a0<\/span><\/p>\n<p><span>Les\u00a0<b>paiements<\/b>\u00a0se font via le module Bordelais\u00a0<b>HelloAsso<\/b>.\u00a0<\/span><\/p>\n<p><span>Vous pouvez choisir de soutenir HelloAsso lors du paiement, mais si vous ne le souhaitez pas, cochez la case \u00ab\u00a0Je ne souhaite pas soutenir HelloAsso\u00a0\u00bb, et le montant restera de 10\u20ac.<u><\/u><u><\/u><\/span><\/p>\n<p><span>HelloAsso reverse la totalit\u00e9 des paiements aux associations sans frais ni commission, leur revenu d\u00e9pend de la g\u00e9n\u00e9rosit\u00e9 des utilisateurs. Votre soutien est important pour qu&rsquo;ils continuent \u00e0 aider gratuitement.<\/span><\/p>\n\n\n<div class=\"wp-block-buttons is-layout-flex wp-block-buttons-is-layout-flex\">\n\n<div class=\"wp-block-button has-custom-font-size has-medium-font-size\"><a class=\"wp-block-button__link has-white-color has-text-color has-background has-link-color wp-element-button\" href=\"https:\/\/cdgolf33.com\/index.php\/pitch-putt-2025-reglement\/\" style=\"border-style:none;border-width:0px;border-radius:0px;background-color:#61b6ce;padding-top:var(--wp--preset--spacing--20);padding-right:var(--wp--preset--spacing--20);padding-bottom:var(--wp--preset--spacing--20);padding-left:var(--wp--preset--spacing--20)\">&gt;&gt; Le R\u00e8glement<\/a><\/div>\n\n<\/div>\n\n\n<p><span>\u00a0<img decoding=\"async\" data-emoji=\"\u26a0\ufe0f\" alt=\"\u26a0\ufe0f\" aria-label=\"\u26a0\ufe0f\" draggable=\"false\" src=\"https:\/\/fonts.gstatic.com\/s\/e\/notoemoji\/16.0\/26a0_fe0f\/72.png\" loading=\"lazy\" \/><\/span><span style=\"color: #ff0000;\">Inscriptions ouvertes jusqu&rsquo;au Mardi 8 Avril 2025 \u00e0 18h00<img decoding=\"async\" data-emoji=\"\u26a0\ufe0f\" alt=\"\u26a0\ufe0f\" aria-label=\"\u26a0\ufe0f\" draggable=\"false\" src=\"https:\/\/fonts.gstatic.com\/s\/e\/notoemoji\/16.0\/26a0_fe0f\/72.png\" loading=\"lazy\" \/><\/span><\/p>\n<p><span><span style=\"color: #ff0000;\"><u><\/u>\u00a0<\/span><u><\/u><\/span><\/p>\n<p><span>En cas de besoin, vous pouvez contacter Dominique BERNEDE (Commission Pitch &amp; Putt) au 06.10.91.21.39.<\/span><\/p>\n\n\n<div class=\"wp-block-buttons is-content-justification-center is-layout-flex wp-container-core-buttons-is-layout-a89b3969 wp-block-buttons-is-layout-flex\">\n\n<div class=\"wp-block-button\"><a class=\"wp-block-button__link has-background wp-element-button\" href=\"https:\/\/cdgolf33.com\/index.php\/pitch-putt-nous-contacter\/\" style=\"border-radius:0px;background-color:#61b6ce;padding-top:var(--wp--preset--spacing--20);padding-right:var(--wp--preset--spacing--20);padding-bottom:var(--wp--preset--spacing--20);padding-left:var(--wp--preset--spacing--20)\" target=\"_blank\" rel=\"noreferrer noopener\">Nous contacter<\/a><\/div>\n\n<\/div>\n\n<input type=\"button\" value=\"Retour\" class=\"alg_back_button_input button\" style=\"background-color:#61B6CE\" onclick=\"window.history.back()\" \/>\n\n","protected":false},"excerpt":{"rendered":"<p>TOUR N\u00b04 : les r\u00e9sultats !&nbsp; Dimanche 13 Avril 2025 au Golf de Margaux-Cantenac. Classements individuel et par \u00e9quipe du Tour N\u00b04. Pour le classement individuel, seuls les 3 meilleurs scores des 6 tours seront pris en compte. Tant que vous n&rsquo;avez pas jou\u00e9 3 tours, le ou les tours [&hellip;]<\/p>\n","protected":false},"author":2,"featured_media":0,"parent":0,"menu_order":0,"comment_status":"closed","ping_status":"closed","template":"","meta":{"footnotes":""},"class_list":["post-9531","page","type-page","status-publish","hentry"],"yoast_head":"<!-- This site is optimized with the Yoast SEO plugin v27.4 - https:\/\/yoast.com\/product\/yoast-seo-wordpress\/ -->\n<title>Pitch &amp; Putt 2025 : Inscriptions-R\u00e9sultats Tour N\u00b04 - Comit\u00e9 D\u00e9partemental de Golf de Gironde<\/title>\n<meta name=\"robots\" content=\"index, follow, max-snippet:-1, max-image-preview:large, max-video-preview:-1\" \/>\n<link rel=\"canonical\" href=\"https:\/\/cdgolf33.com\/index.php\/pitch-putt-2025-inscriptions-tour-n4\/\" \/>\n<meta property=\"og:locale\" content=\"fr_FR\" \/>\n<meta property=\"og:type\" content=\"article\" \/>\n<meta property=\"og:title\" content=\"Pitch &amp; Putt 2025 : Inscriptions-R\u00e9sultats Tour N\u00b04 - Comit\u00e9 D\u00e9partemental de Golf de Gironde\" \/>\n<meta property=\"og:description\" content=\"TOUR N\u00b04 : les r\u00e9sultats !&nbsp; Dimanche 13 Avril 2025 au Golf de Margaux-Cantenac. Classements individuel et par \u00e9quipe du Tour N\u00b04. Pour le classement individuel, seuls les 3 meilleurs scores des 6 tours seront pris en compte. Tant que vous n&rsquo;avez pas jou\u00e9 3 tours, le ou les tours [&hellip;]\" \/>\n<meta property=\"og:url\" content=\"https:\/\/cdgolf33.com\/index.php\/pitch-putt-2025-inscriptions-tour-n4\/\" \/>\n<meta property=\"og:site_name\" content=\"Comit\u00e9 D\u00e9partemental de Golf de Gironde\" \/>\n<meta property=\"article:modified_time\" content=\"2025-04-15T08:04:32+00:00\" \/>\n<meta property=\"og:image\" content=\"https:\/\/fonts.gstatic.com\/s\/e\/notoemoji\/16.0\/26a0_fe0f\/72.png\" \/>\n<meta name=\"twitter:card\" content=\"summary_large_image\" \/>\n<meta name=\"twitter:site\" content=\"@comitegolf33\" \/>\n<meta name=\"twitter:label1\" content=\"Dur\u00e9e de lecture estim\u00e9e\" \/>\n\t<meta name=\"twitter:data1\" content=\"4 minutes\" \/>\n<script type=\"application\/ld+json\" class=\"yoast-schema-graph\">{\"@context\":\"https:\\\/\\\/schema.org\",\"@graph\":[{\"@type\":\"WebPage\",\"@id\":\"https:\\\/\\\/cdgolf33.com\\\/index.php\\\/pitch-putt-2025-inscriptions-tour-n4\\\/\",\"url\":\"https:\\\/\\\/cdgolf33.com\\\/index.php\\\/pitch-putt-2025-inscriptions-tour-n4\\\/\",\"name\":\"Pitch &amp; Putt 2025 : Inscriptions-R\u00e9sultats Tour N\u00b04 - Comit\u00e9 D\u00e9partemental de Golf de Gironde\",\"isPartOf\":{\"@id\":\"https:\\\/\\\/cdgolf33.com\\\/#website\"},\"primaryImageOfPage\":{\"@id\":\"https:\\\/\\\/cdgolf33.com\\\/index.php\\\/pitch-putt-2025-inscriptions-tour-n4\\\/#primaryimage\"},\"image\":{\"@id\":\"https:\\\/\\\/cdgolf33.com\\\/index.php\\\/pitch-putt-2025-inscriptions-tour-n4\\\/#primaryimage\"},\"thumbnailUrl\":\"https:\\\/\\\/fonts.gstatic.com\\\/s\\\/e\\\/notoemoji\\\/16.0\\\/26a0_fe0f\\\/72.png\",\"datePublished\":\"2025-03-24T15:32:40+00:00\",\"dateModified\":\"2025-04-15T08:04:32+00:00\",\"breadcrumb\":{\"@id\":\"https:\\\/\\\/cdgolf33.com\\\/index.php\\\/pitch-putt-2025-inscriptions-tour-n4\\\/#breadcrumb\"},\"inLanguage\":\"fr-FR\",\"potentialAction\":[{\"@type\":\"ReadAction\",\"target\":[\"https:\\\/\\\/cdgolf33.com\\\/index.php\\\/pitch-putt-2025-inscriptions-tour-n4\\\/\"]}]},{\"@type\":\"ImageObject\",\"inLanguage\":\"fr-FR\",\"@id\":\"https:\\\/\\\/cdgolf33.com\\\/index.php\\\/pitch-putt-2025-inscriptions-tour-n4\\\/#primaryimage\",\"url\":\"https:\\\/\\\/fonts.gstatic.com\\\/s\\\/e\\\/notoemoji\\\/16.0\\\/26a0_fe0f\\\/72.png\",\"contentUrl\":\"https:\\\/\\\/fonts.gstatic.com\\\/s\\\/e\\\/notoemoji\\\/16.0\\\/26a0_fe0f\\\/72.png\"},{\"@type\":\"BreadcrumbList\",\"@id\":\"https:\\\/\\\/cdgolf33.com\\\/index.php\\\/pitch-putt-2025-inscriptions-tour-n4\\\/#breadcrumb\",\"itemListElement\":[{\"@type\":\"ListItem\",\"position\":1,\"name\":\"Accueil\",\"item\":\"https:\\\/\\\/cdgolf33.com\\\/\"},{\"@type\":\"ListItem\",\"position\":2,\"name\":\"Pitch &amp; Putt 2025 : Inscriptions-R\u00e9sultats Tour N\u00b04\"}]},{\"@type\":\"WebSite\",\"@id\":\"https:\\\/\\\/cdgolf33.com\\\/#website\",\"url\":\"https:\\\/\\\/cdgolf33.com\\\/\",\"name\":\"Comit\u00e9 D\u00e9partemental de Golf de Gironde\",\"description\":\"Le Comit\u00e9 de Gironde de Golf vous souhaite la bienvenue sur son site !\",\"publisher\":{\"@id\":\"https:\\\/\\\/cdgolf33.com\\\/#organization\"},\"potentialAction\":[{\"@type\":\"SearchAction\",\"target\":{\"@type\":\"EntryPoint\",\"urlTemplate\":\"https:\\\/\\\/cdgolf33.com\\\/?s={search_term_string}\"},\"query-input\":{\"@type\":\"PropertyValueSpecification\",\"valueRequired\":true,\"valueName\":\"search_term_string\"}}],\"inLanguage\":\"fr-FR\"},{\"@type\":\"Organization\",\"@id\":\"https:\\\/\\\/cdgolf33.com\\\/#organization\",\"name\":\"Comit\u00e9 de Golf de Gironde\",\"url\":\"https:\\\/\\\/cdgolf33.com\\\/\",\"logo\":{\"@type\":\"ImageObject\",\"inLanguage\":\"fr-FR\",\"@id\":\"https:\\\/\\\/cdgolf33.com\\\/#\\\/schema\\\/logo\\\/image\\\/\",\"url\":\"https:\\\/\\\/cdgolf33.com\\\/wp-content\\\/uploads\\\/2019\\\/05\\\/LOGOCD33.jpg\",\"contentUrl\":\"https:\\\/\\\/cdgolf33.com\\\/wp-content\\\/uploads\\\/2019\\\/05\\\/LOGOCD33.jpg\",\"width\":220,\"height\":233,\"caption\":\"Comit\u00e9 de Golf de Gironde\"},\"image\":{\"@id\":\"https:\\\/\\\/cdgolf33.com\\\/#\\\/schema\\\/logo\\\/image\\\/\"},\"sameAs\":[\"https:\\\/\\\/x.com\\\/comitegolf33\"]}]}<\/script>\n<!-- \/ Yoast SEO plugin. -->","yoast_head_json":{"title":"Pitch &amp; Putt 2025 : Inscriptions-R\u00e9sultats Tour N\u00b04 - Comit\u00e9 D\u00e9partemental de Golf de Gironde","robots":{"index":"index","follow":"follow","max-snippet":"max-snippet:-1","max-image-preview":"max-image-preview:large","max-video-preview":"max-video-preview:-1"},"canonical":"https:\/\/cdgolf33.com\/index.php\/pitch-putt-2025-inscriptions-tour-n4\/","og_locale":"fr_FR","og_type":"article","og_title":"Pitch &amp; Putt 2025 : Inscriptions-R\u00e9sultats Tour N\u00b04 - Comit\u00e9 D\u00e9partemental de Golf de Gironde","og_description":"TOUR N\u00b04 : les r\u00e9sultats !&nbsp; Dimanche 13 Avril 2025 au Golf de Margaux-Cantenac. Classements individuel et par \u00e9quipe du Tour N\u00b04. Pour le classement individuel, seuls les 3 meilleurs scores des 6 tours seront pris en compte. Tant que vous n&rsquo;avez pas jou\u00e9 3 tours, le ou les tours [&hellip;]","og_url":"https:\/\/cdgolf33.com\/index.php\/pitch-putt-2025-inscriptions-tour-n4\/","og_site_name":"Comit\u00e9 D\u00e9partemental de Golf de Gironde","article_modified_time":"2025-04-15T08:04:32+00:00","og_image":[{"url":"https:\/\/fonts.gstatic.com\/s\/e\/notoemoji\/16.0\/26a0_fe0f\/72.png","type":"","width":"","height":""}],"twitter_card":"summary_large_image","twitter_site":"@comitegolf33","twitter_misc":{"Dur\u00e9e de lecture estim\u00e9e":"4 minutes"},"schema":{"@context":"https:\/\/schema.org","@graph":[{"@type":"WebPage","@id":"https:\/\/cdgolf33.com\/index.php\/pitch-putt-2025-inscriptions-tour-n4\/","url":"https:\/\/cdgolf33.com\/index.php\/pitch-putt-2025-inscriptions-tour-n4\/","name":"Pitch &amp; Putt 2025 : Inscriptions-R\u00e9sultats Tour N\u00b04 - Comit\u00e9 D\u00e9partemental de Golf de Gironde","isPartOf":{"@id":"https:\/\/cdgolf33.com\/#website"},"primaryImageOfPage":{"@id":"https:\/\/cdgolf33.com\/index.php\/pitch-putt-2025-inscriptions-tour-n4\/#primaryimage"},"image":{"@id":"https:\/\/cdgolf33.com\/index.php\/pitch-putt-2025-inscriptions-tour-n4\/#primaryimage"},"thumbnailUrl":"https:\/\/fonts.gstatic.com\/s\/e\/notoemoji\/16.0\/26a0_fe0f\/72.png","datePublished":"2025-03-24T15:32:40+00:00","dateModified":"2025-04-15T08:04:32+00:00","breadcrumb":{"@id":"https:\/\/cdgolf33.com\/index.php\/pitch-putt-2025-inscriptions-tour-n4\/#breadcrumb"},"inLanguage":"fr-FR","potentialAction":[{"@type":"ReadAction","target":["https:\/\/cdgolf33.com\/index.php\/pitch-putt-2025-inscriptions-tour-n4\/"]}]},{"@type":"ImageObject","inLanguage":"fr-FR","@id":"https:\/\/cdgolf33.com\/index.php\/pitch-putt-2025-inscriptions-tour-n4\/#primaryimage","url":"https:\/\/fonts.gstatic.com\/s\/e\/notoemoji\/16.0\/26a0_fe0f\/72.png","contentUrl":"https:\/\/fonts.gstatic.com\/s\/e\/notoemoji\/16.0\/26a0_fe0f\/72.png"},{"@type":"BreadcrumbList","@id":"https:\/\/cdgolf33.com\/index.php\/pitch-putt-2025-inscriptions-tour-n4\/#breadcrumb","itemListElement":[{"@type":"ListItem","position":1,"name":"Accueil","item":"https:\/\/cdgolf33.com\/"},{"@type":"ListItem","position":2,"name":"Pitch &amp; Putt 2025 : Inscriptions-R\u00e9sultats Tour N\u00b04"}]},{"@type":"WebSite","@id":"https:\/\/cdgolf33.com\/#website","url":"https:\/\/cdgolf33.com\/","name":"Comit\u00e9 D\u00e9partemental de Golf de Gironde","description":"Le Comit\u00e9 de Gironde de Golf vous souhaite la bienvenue sur son site !","publisher":{"@id":"https:\/\/cdgolf33.com\/#organization"},"potentialAction":[{"@type":"SearchAction","target":{"@type":"EntryPoint","urlTemplate":"https:\/\/cdgolf33.com\/?s={search_term_string}"},"query-input":{"@type":"PropertyValueSpecification","valueRequired":true,"valueName":"search_term_string"}}],"inLanguage":"fr-FR"},{"@type":"Organization","@id":"https:\/\/cdgolf33.com\/#organization","name":"Comit\u00e9 de Golf de Gironde","url":"https:\/\/cdgolf33.com\/","logo":{"@type":"ImageObject","inLanguage":"fr-FR","@id":"https:\/\/cdgolf33.com\/#\/schema\/logo\/image\/","url":"https:\/\/cdgolf33.com\/wp-content\/uploads\/2019\/05\/LOGOCD33.jpg","contentUrl":"https:\/\/cdgolf33.com\/wp-content\/uploads\/2019\/05\/LOGOCD33.jpg","width":220,"height":233,"caption":"Comit\u00e9 de Golf de Gironde"},"image":{"@id":"https:\/\/cdgolf33.com\/#\/schema\/logo\/image\/"},"sameAs":["https:\/\/x.com\/comitegolf33"]}]}},"_links":{"self":[{"href":"https:\/\/cdgolf33.com\/index.php\/wp-json\/wp\/v2\/pages\/9531","targetHints":{"allow":["GET"]}}],"collection":[{"href":"https:\/\/cdgolf33.com\/index.php\/wp-json\/wp\/v2\/pages"}],"about":[{"href":"https:\/\/cdgolf33.com\/index.php\/wp-json\/wp\/v2\/types\/page"}],"author":[{"embeddable":true,"href":"https:\/\/cdgolf33.com\/index.php\/wp-json\/wp\/v2\/users\/2"}],"replies":[{"embeddable":true,"href":"https:\/\/cdgolf33.com\/index.php\/wp-json\/wp\/v2\/comments?post=9531"}],"version-history":[{"count":61,"href":"https:\/\/cdgolf33.com\/index.php\/wp-json\/wp\/v2\/pages\/9531\/revisions"}],"predecessor-version":[{"id":10089,"href":"https:\/\/cdgolf33.com\/index.php\/wp-json\/wp\/v2\/pages\/9531\/revisions\/10089"}],"wp:attachment":[{"href":"https:\/\/cdgolf33.com\/index.php\/wp-json\/wp\/v2\/media?parent=9531"}],"curies":[{"name":"wp","href":"https:\/\/api.w.org\/{rel}","templated":true}]}}