{"id":9579,"date":"2025-03-24T21:57:21","date_gmt":"2025-03-24T20:57:21","guid":{"rendered":"https:\/\/cdgolf33.com\/?page_id=9579"},"modified":"2025-04-08T14:21:05","modified_gmt":"2025-04-08T12:21:05","slug":"pitch-putt-liste-des-inscrits-au-tour-n4","status":"publish","type":"page","link":"https:\/\/cdgolf33.com\/index.php\/pitch-putt-liste-des-inscrits-au-tour-n4\/","title":{"rendered":"Pitch &amp; Putt 2025 : Liste des inscrits au Tour N\u00b04"},"content":{"rendered":"\n<p><strong>Liste des inscrits au Tour N\u00b04<\/strong><\/p>\n<p>Mise \u00e0 jour le<strong> 08\/04\/2025 &#8211; 18:00<\/strong><\/p>\n<p><span style=\"color: #ff0000;\"><b>Les vagues de d\u00e9parts de 8h30, 12h et 15h sont closes.<\/b><\/span><\/p>\n<p>Les inscriptions au del\u00e0 de 108 sont mises en liste d&rsquo;attente.<\/p>\n<p><strong>Les joueurs et joueuses sont list\u00e9(e)s par date et heure croissantes d&rsquo;inscription.<\/strong><\/p>\n<p><strong><span style=\"color: #ff0000;\">Les changements demand\u00e9s sont notifi\u00e9s\u00a0dans la liste ci-dessous\u00a0au niveau de la colonne \u00ab\u00a0Vague de d\u00e9part\u00a0\u00bb (changement de vague, annulation, liste d&rsquo;attente).<\/span><\/strong><\/p>\n\n\n\n<hr class=\"wp-block-separator has-text-color has-alpha-channel-opacity has-background\" style=\"margin-top:var(--wp--preset--spacing--20);margin-bottom:var(--wp--preset--spacing--20);background-color:#61b6ce;color:#61b6ce\"\/>\n\n\n\n<h1 style=\"text-align: center;\"><span style=\"color: #61b6ce;\">97<\/span><\/h1>\n<p style=\"text-align: center;\"><strong>Nombre d&rsquo;inscrits<\/strong><\/p>\n\n\n\n<hr class=\"wp-block-separator has-text-color has-alpha-channel-opacity has-background\" style=\"margin-top:0;margin-bottom:0;background-color:#61b6ce;color:#61b6ce\"\/>\n\n\n<iframe width=\"700\" height=\"500\" frameborder=\"0\" scrolling=\"no\" src=\"https:\/\/1drv.ms\/x\/c\/eb7f4b2553ac692d\/IQQTHOrmEH2iTb2r7L54GPiDAenhoO6fReIPQAhaQxlJ5uk?em=2&wdAllowInteractivity=False&wdHideGridlines=True&wdHideHeaders=True&wdDownloadButton=True&wdInConfigurator=True&wdInConfigurator=True&edaebf=cc\"><\/iframe>\n\n\n\n<p><span>NB : vous pouvez t\u00e9l\u00e9charger la liste ci-dessus en cliquant sur l&rsquo;icone rectangulaire avec fl\u00e8che situ\u00e9e dans la barre noire inf\u00e9rieure.<\/span><\/p>\n\n\n<input type=\"button\" value=\"Retour\" class=\"alg_back_button_input button\" style=\"background-color:#61B6CE\" onclick=\"window.history.back()\" \/>\n","protected":false},"excerpt":{"rendered":"<p>Liste des inscrits au Tour N\u00b04 Mise \u00e0 jour le 08\/04\/2025 &#8211; 18:00 Les vagues de d\u00e9parts de 8h30, 12h et 15h sont closes. Les inscriptions au del\u00e0 de 108 sont mises en liste d&rsquo;attente. Les joueurs et joueuses sont list\u00e9(e)s par date et heure croissantes d&rsquo;inscription. Les changements demand\u00e9s [&hellip;]<\/p>\n","protected":false},"author":2,"featured_media":0,"parent":0,"menu_order":0,"comment_status":"closed","ping_status":"closed","template":"","meta":{"footnotes":""},"class_list":["post-9579","page","type-page","status-publish","hentry"],"yoast_head":"<!-- This site is optimized with the Yoast SEO plugin v27.4 - https:\/\/yoast.com\/product\/yoast-seo-wordpress\/ -->\n<title>Pitch &amp; Putt 2025 : Liste des inscrits au Tour N\u00b04 - Comit\u00e9 D\u00e9partemental de Golf de Gironde<\/title>\n<meta name=\"robots\" content=\"index, follow, max-snippet:-1, max-image-preview:large, max-video-preview:-1\" \/>\n<link rel=\"canonical\" href=\"https:\/\/cdgolf33.com\/index.php\/pitch-putt-liste-des-inscrits-au-tour-n4\/\" \/>\n<meta property=\"og:locale\" content=\"fr_FR\" \/>\n<meta property=\"og:type\" content=\"article\" \/>\n<meta property=\"og:title\" content=\"Pitch &amp; Putt 2025 : Liste des inscrits au Tour N\u00b04 - Comit\u00e9 D\u00e9partemental de Golf de Gironde\" \/>\n<meta property=\"og:description\" content=\"Liste des inscrits au Tour N\u00b04 Mise \u00e0 jour le 08\/04\/2025 &#8211; 18:00 Les vagues de d\u00e9parts de 8h30, 12h et 15h sont closes. Les inscriptions au del\u00e0 de 108 sont mises en liste d&rsquo;attente. Les joueurs et joueuses sont list\u00e9(e)s par date et heure croissantes d&rsquo;inscription. Les changements demand\u00e9s [&hellip;]\" \/>\n<meta property=\"og:url\" content=\"https:\/\/cdgolf33.com\/index.php\/pitch-putt-liste-des-inscrits-au-tour-n4\/\" \/>\n<meta property=\"og:site_name\" content=\"Comit\u00e9 D\u00e9partemental de Golf de Gironde\" \/>\n<meta property=\"article:modified_time\" content=\"2025-04-08T12:21:05+00:00\" \/>\n<meta name=\"twitter:card\" content=\"summary_large_image\" \/>\n<meta name=\"twitter:site\" content=\"@comitegolf33\" \/>\n<meta name=\"twitter:label1\" content=\"Dur\u00e9e de lecture estim\u00e9e\" \/>\n\t<meta name=\"twitter:data1\" content=\"1 minute\" \/>\n<script type=\"application\/ld+json\" class=\"yoast-schema-graph\">{\"@context\":\"https:\\\/\\\/schema.org\",\"@graph\":[{\"@type\":\"WebPage\",\"@id\":\"https:\\\/\\\/cdgolf33.com\\\/index.php\\\/pitch-putt-liste-des-inscrits-au-tour-n4\\\/\",\"url\":\"https:\\\/\\\/cdgolf33.com\\\/index.php\\\/pitch-putt-liste-des-inscrits-au-tour-n4\\\/\",\"name\":\"Pitch &amp; Putt 2025 : Liste des inscrits au Tour N\u00b04 - Comit\u00e9 D\u00e9partemental de Golf de Gironde\",\"isPartOf\":{\"@id\":\"https:\\\/\\\/cdgolf33.com\\\/#website\"},\"datePublished\":\"2025-03-24T20:57:21+00:00\",\"dateModified\":\"2025-04-08T12:21:05+00:00\",\"breadcrumb\":{\"@id\":\"https:\\\/\\\/cdgolf33.com\\\/index.php\\\/pitch-putt-liste-des-inscrits-au-tour-n4\\\/#breadcrumb\"},\"inLanguage\":\"fr-FR\",\"potentialAction\":[{\"@type\":\"ReadAction\",\"target\":[\"https:\\\/\\\/cdgolf33.com\\\/index.php\\\/pitch-putt-liste-des-inscrits-au-tour-n4\\\/\"]}]},{\"@type\":\"BreadcrumbList\",\"@id\":\"https:\\\/\\\/cdgolf33.com\\\/index.php\\\/pitch-putt-liste-des-inscrits-au-tour-n4\\\/#breadcrumb\",\"itemListElement\":[{\"@type\":\"ListItem\",\"position\":1,\"name\":\"Accueil\",\"item\":\"https:\\\/\\\/cdgolf33.com\\\/\"},{\"@type\":\"ListItem\",\"position\":2,\"name\":\"Pitch &amp; Putt 2025 : Liste des inscrits au Tour N\u00b04\"}]},{\"@type\":\"WebSite\",\"@id\":\"https:\\\/\\\/cdgolf33.com\\\/#website\",\"url\":\"https:\\\/\\\/cdgolf33.com\\\/\",\"name\":\"Comit\u00e9 D\u00e9partemental de Golf de Gironde\",\"description\":\"Le Comit\u00e9 de Gironde de Golf vous souhaite la bienvenue sur son site !\",\"publisher\":{\"@id\":\"https:\\\/\\\/cdgolf33.com\\\/#organization\"},\"potentialAction\":[{\"@type\":\"SearchAction\",\"target\":{\"@type\":\"EntryPoint\",\"urlTemplate\":\"https:\\\/\\\/cdgolf33.com\\\/?s={search_term_string}\"},\"query-input\":{\"@type\":\"PropertyValueSpecification\",\"valueRequired\":true,\"valueName\":\"search_term_string\"}}],\"inLanguage\":\"fr-FR\"},{\"@type\":\"Organization\",\"@id\":\"https:\\\/\\\/cdgolf33.com\\\/#organization\",\"name\":\"Comit\u00e9 de Golf de Gironde\",\"url\":\"https:\\\/\\\/cdgolf33.com\\\/\",\"logo\":{\"@type\":\"ImageObject\",\"inLanguage\":\"fr-FR\",\"@id\":\"https:\\\/\\\/cdgolf33.com\\\/#\\\/schema\\\/logo\\\/image\\\/\",\"url\":\"https:\\\/\\\/cdgolf33.com\\\/wp-content\\\/uploads\\\/2019\\\/05\\\/LOGOCD33.jpg\",\"contentUrl\":\"https:\\\/\\\/cdgolf33.com\\\/wp-content\\\/uploads\\\/2019\\\/05\\\/LOGOCD33.jpg\",\"width\":220,\"height\":233,\"caption\":\"Comit\u00e9 de Golf de Gironde\"},\"image\":{\"@id\":\"https:\\\/\\\/cdgolf33.com\\\/#\\\/schema\\\/logo\\\/image\\\/\"},\"sameAs\":[\"https:\\\/\\\/x.com\\\/comitegolf33\"]}]}<\/script>\n<!-- \/ Yoast SEO plugin. -->","yoast_head_json":{"title":"Pitch &amp; Putt 2025 : Liste des inscrits au Tour N\u00b04 - Comit\u00e9 D\u00e9partemental de Golf de Gironde","robots":{"index":"index","follow":"follow","max-snippet":"max-snippet:-1","max-image-preview":"max-image-preview:large","max-video-preview":"max-video-preview:-1"},"canonical":"https:\/\/cdgolf33.com\/index.php\/pitch-putt-liste-des-inscrits-au-tour-n4\/","og_locale":"fr_FR","og_type":"article","og_title":"Pitch &amp; Putt 2025 : Liste des inscrits au Tour N\u00b04 - Comit\u00e9 D\u00e9partemental de Golf de Gironde","og_description":"Liste des inscrits au Tour N\u00b04 Mise \u00e0 jour le 08\/04\/2025 &#8211; 18:00 Les vagues de d\u00e9parts de 8h30, 12h et 15h sont closes. Les inscriptions au del\u00e0 de 108 sont mises en liste d&rsquo;attente. Les joueurs et joueuses sont list\u00e9(e)s par date et heure croissantes d&rsquo;inscription. Les changements demand\u00e9s [&hellip;]","og_url":"https:\/\/cdgolf33.com\/index.php\/pitch-putt-liste-des-inscrits-au-tour-n4\/","og_site_name":"Comit\u00e9 D\u00e9partemental de Golf de Gironde","article_modified_time":"2025-04-08T12:21:05+00:00","twitter_card":"summary_large_image","twitter_site":"@comitegolf33","twitter_misc":{"Dur\u00e9e de lecture estim\u00e9e":"1 minute"},"schema":{"@context":"https:\/\/schema.org","@graph":[{"@type":"WebPage","@id":"https:\/\/cdgolf33.com\/index.php\/pitch-putt-liste-des-inscrits-au-tour-n4\/","url":"https:\/\/cdgolf33.com\/index.php\/pitch-putt-liste-des-inscrits-au-tour-n4\/","name":"Pitch &amp; Putt 2025 : Liste des inscrits au Tour N\u00b04 - Comit\u00e9 D\u00e9partemental de Golf de Gironde","isPartOf":{"@id":"https:\/\/cdgolf33.com\/#website"},"datePublished":"2025-03-24T20:57:21+00:00","dateModified":"2025-04-08T12:21:05+00:00","breadcrumb":{"@id":"https:\/\/cdgolf33.com\/index.php\/pitch-putt-liste-des-inscrits-au-tour-n4\/#breadcrumb"},"inLanguage":"fr-FR","potentialAction":[{"@type":"ReadAction","target":["https:\/\/cdgolf33.com\/index.php\/pitch-putt-liste-des-inscrits-au-tour-n4\/"]}]},{"@type":"BreadcrumbList","@id":"https:\/\/cdgolf33.com\/index.php\/pitch-putt-liste-des-inscrits-au-tour-n4\/#breadcrumb","itemListElement":[{"@type":"ListItem","position":1,"name":"Accueil","item":"https:\/\/cdgolf33.com\/"},{"@type":"ListItem","position":2,"name":"Pitch &amp; Putt 2025 : Liste des inscrits au Tour N\u00b04"}]},{"@type":"WebSite","@id":"https:\/\/cdgolf33.com\/#website","url":"https:\/\/cdgolf33.com\/","name":"Comit\u00e9 D\u00e9partemental de Golf de Gironde","description":"Le Comit\u00e9 de Gironde de Golf vous souhaite la bienvenue sur son site !","publisher":{"@id":"https:\/\/cdgolf33.com\/#organization"},"potentialAction":[{"@type":"SearchAction","target":{"@type":"EntryPoint","urlTemplate":"https:\/\/cdgolf33.com\/?s={search_term_string}"},"query-input":{"@type":"PropertyValueSpecification","valueRequired":true,"valueName":"search_term_string"}}],"inLanguage":"fr-FR"},{"@type":"Organization","@id":"https:\/\/cdgolf33.com\/#organization","name":"Comit\u00e9 de Golf de Gironde","url":"https:\/\/cdgolf33.com\/","logo":{"@type":"ImageObject","inLanguage":"fr-FR","@id":"https:\/\/cdgolf33.com\/#\/schema\/logo\/image\/","url":"https:\/\/cdgolf33.com\/wp-content\/uploads\/2019\/05\/LOGOCD33.jpg","contentUrl":"https:\/\/cdgolf33.com\/wp-content\/uploads\/2019\/05\/LOGOCD33.jpg","width":220,"height":233,"caption":"Comit\u00e9 de Golf de Gironde"},"image":{"@id":"https:\/\/cdgolf33.com\/#\/schema\/logo\/image\/"},"sameAs":["https:\/\/x.com\/comitegolf33"]}]}},"_links":{"self":[{"href":"https:\/\/cdgolf33.com\/index.php\/wp-json\/wp\/v2\/pages\/9579","targetHints":{"allow":["GET"]}}],"collection":[{"href":"https:\/\/cdgolf33.com\/index.php\/wp-json\/wp\/v2\/pages"}],"about":[{"href":"https:\/\/cdgolf33.com\/index.php\/wp-json\/wp\/v2\/types\/page"}],"author":[{"embeddable":true,"href":"https:\/\/cdgolf33.com\/index.php\/wp-json\/wp\/v2\/users\/2"}],"replies":[{"embeddable":true,"href":"https:\/\/cdgolf33.com\/index.php\/wp-json\/wp\/v2\/comments?post=9579"}],"version-history":[{"count":34,"href":"https:\/\/cdgolf33.com\/index.php\/wp-json\/wp\/v2\/pages\/9579\/revisions"}],"predecessor-version":[{"id":9882,"href":"https:\/\/cdgolf33.com\/index.php\/wp-json\/wp\/v2\/pages\/9579\/revisions\/9882"}],"wp:attachment":[{"href":"https:\/\/cdgolf33.com\/index.php\/wp-json\/wp\/v2\/media?parent=9579"}],"curies":[{"name":"wp","href":"https:\/\/api.w.org\/{rel}","templated":true}]}}