{"id":9779,"date":"2025-04-03T11:29:54","date_gmt":"2025-04-03T09:29:54","guid":{"rendered":"https:\/\/cdgolf33.com\/?page_id=9779"},"modified":"2026-03-14T19:40:57","modified_gmt":"2026-03-14T18:40:57","slug":"pitch-putt-2025-tour3-compte-rendu","status":"publish","type":"page","link":"https:\/\/cdgolf33.com\/index.php\/pitch-putt-2025-tour3-compte-rendu\/","title":{"rendered":"Pitch &#038; Putt 2025 : Tour3, compte-rendu"},"content":{"rendered":"\t\t<div data-elementor-type=\"wp-page\" data-elementor-id=\"9779\" class=\"elementor elementor-9779\">\n\t\t\t\t<div class=\"elementor-element elementor-element-4e41c64 e-flex e-con-boxed e-con e-parent\" data-id=\"4e41c64\" data-element_type=\"container\" data-e-type=\"container\">\n\t\t\t\t\t<div class=\"e-con-inner\">\n\t\t\t\t<div class=\"elementor-element elementor-element-fb455fa elementor-align-center elementor-widget elementor-widget-button\" data-id=\"fb455fa\" data-element_type=\"widget\" data-e-type=\"widget\" data-widget_type=\"button.default\">\n\t\t\t\t<div class=\"elementor-widget-container\">\n\t\t\t\t\t\t\t\t\t<div class=\"elementor-button-wrapper\">\n\t\t\t\t\t<a class=\"elementor-button elementor-button-link elementor-size-sm\" href=\"https:\/\/cdgolf33.com\/index.php\/pitch-putt-2025-video-tour1\/\">\n\t\t\t\t\t\t<span class=\"elementor-button-content-wrapper\">\n\t\t\t\t\t\t<span class=\"elementor-button-icon\">\n\t\t\t\t<svg aria-hidden=\"true\" class=\"e-font-icon-svg e-fas-video\" viewBox=\"0 0 576 512\" xmlns=\"http:\/\/www.w3.org\/2000\/svg\"><path d=\"M336.2 64H47.8C21.4 64 0 85.4 0 111.8v288.4C0 426.6 21.4 448 47.8 448h288.4c26.4 0 47.8-21.4 47.8-47.8V111.8c0-26.4-21.4-47.8-47.8-47.8zm189.4 37.7L416 177.3v157.4l109.6 75.5c21.2 14.6 50.4-.3 50.4-25.8V127.5c0-25.4-29.1-40.4-50.4-25.8z\"><\/path><\/svg>\t\t\t<\/span>\n\t\t\t\t\t\t\t\t\t<span class=\"elementor-button-text\">Vid\u00e9os des Tours 1, 2, 3<\/span>\n\t\t\t\t\t<\/span>\n\t\t\t\t\t<\/a>\n\t\t\t\t<\/div>\n\t\t\t\t\t\t\t\t<\/div>\n\t\t\t\t<\/div>\n\t\t\t\t\t<\/div>\n\t\t\t\t<\/div>\n\t\t<div class=\"elementor-element elementor-element-0b62548 e-flex e-con-boxed e-con e-parent\" data-id=\"0b62548\" data-element_type=\"container\" data-e-type=\"container\">\n\t\t\t\t\t<div class=\"e-con-inner\">\n\t\t\t\t<div class=\"elementor-element elementor-element-8ecd6b0 elementor-widget elementor-widget-text-editor\" data-id=\"8ecd6b0\" data-element_type=\"widget\" data-e-type=\"widget\" data-widget_type=\"text-editor.default\">\n\t\t\t\t<div class=\"elementor-widget-container\">\n\t\t\t\t\t\t\t\t\t<p style=\"text-align: center;\"><span style=\"color: #000000; font-family: Arial, Helvetica, sans-serif; font-size: 24px;\"><b>\u00a0<\/b><\/span><\/p><p style=\"text-align: center;\"><span style=\"color: #000000; font-family: Arial, Helvetica, sans-serif; font-size: 24px;\"><b>Pitch &amp; Putt 2025 : TOUR 3<\/b><\/span><br style=\"color: #000000; font-family: Arial, Helvetica, sans-serif; font-size: 16px;\" \/><span style=\"font-size: 24px;\"><strong><span style=\"color: #000000; font-family: Arial, Helvetica, sans-serif;\">au Golf de Pessac ayant eu lieu le 29 Mars 2025<\/span><\/strong><\/span><\/p><p style=\"text-align: center;\"><span style=\"font-size: 20px;\"><span style=\"color: #000000; font-family: Arial, Helvetica, sans-serif;\">\u00a0<\/span><span style=\"color: #000000; font-family: Arial, Helvetica, sans-serif;\">Les 3 belles vagues de d\u00e9parts \u00e0 Pessac<\/span><\/span><\/p><p style=\"text-align: center;\"><strong><span style=\"color: #61b6ce; font-family: Arial, Helvetica, sans-serif; font-size: 16px;\">VAGUE 1 de 9h00<\/span><\/strong><br style=\"color: #000000; font-family: Arial, Helvetica, sans-serif; font-size: 16px;\" \/><img fetchpriority=\"high\" decoding=\"async\" src=\"https:\/\/cdgolf33.com\/wp-content\/uploads\/2025\/04\/PessacVague_9h-scaled.jpg\" alt=\"\" width=\"2560\" height=\"1707\" class=\"alignnone size-full wp-image-9782\" srcset=\"https:\/\/cdgolf33.com\/wp-content\/uploads\/2025\/04\/PessacVague_9h-scaled.jpg 2560w, https:\/\/cdgolf33.com\/wp-content\/uploads\/2025\/04\/PessacVague_9h-300x200.jpg 300w, https:\/\/cdgolf33.com\/wp-content\/uploads\/2025\/04\/PessacVague_9h-1024x683.jpg 1024w, https:\/\/cdgolf33.com\/wp-content\/uploads\/2025\/04\/PessacVague_9h-768x512.jpg 768w, https:\/\/cdgolf33.com\/wp-content\/uploads\/2025\/04\/PessacVague_9h-1536x1024.jpg 1536w, https:\/\/cdgolf33.com\/wp-content\/uploads\/2025\/04\/PessacVague_9h-2048x1365.jpg 2048w, https:\/\/cdgolf33.com\/wp-content\/uploads\/2025\/04\/PessacVague_9h-360x240.jpg 360w\" sizes=\"(max-width: 2560px) 100vw, 2560px\" \/><br style=\"color: #000000; font-family: Arial, Helvetica, sans-serif; font-size: 16px;\" \/><span style=\"color: #000000; font-family: Arial, Helvetica, sans-serif; font-size: 16px;\">\u00a0 \u00a0 \u00a0 \u00a0 \u00a0<\/span><br style=\"color: #000000; font-family: Arial, Helvetica, sans-serif; font-size: 16px;\" \/><span style=\"color: #000000; font-family: Arial, Helvetica, sans-serif; font-size: 16px;\">\u00a0<\/span><strong style=\"color: var( --e-global-color-text ); font-family: var( --e-global-typography-text-font-family ), Sans-serif; text-align: var(--text-align);\"><span style=\"color: #61b6ce; font-family: Arial, Helvetica, sans-serif; font-size: 16px;\">VAGUE 2 de 12h00<\/span><\/strong><\/p><p style=\"text-align: center;\"><img decoding=\"async\" src=\"https:\/\/cdgolf33.com\/wp-content\/uploads\/2025\/04\/PessacVague_12h-scaled.jpg\" alt=\"\" width=\"2560\" height=\"1440\" class=\"alignnone size-full wp-image-9783\" srcset=\"https:\/\/cdgolf33.com\/wp-content\/uploads\/2025\/04\/PessacVague_12h-scaled.jpg 2560w, https:\/\/cdgolf33.com\/wp-content\/uploads\/2025\/04\/PessacVague_12h-300x169.jpg 300w, https:\/\/cdgolf33.com\/wp-content\/uploads\/2025\/04\/PessacVague_12h-1024x576.jpg 1024w, https:\/\/cdgolf33.com\/wp-content\/uploads\/2025\/04\/PessacVague_12h-768x432.jpg 768w, https:\/\/cdgolf33.com\/wp-content\/uploads\/2025\/04\/PessacVague_12h-1536x864.jpg 1536w, https:\/\/cdgolf33.com\/wp-content\/uploads\/2025\/04\/PessacVague_12h-2048x1152.jpg 2048w\" sizes=\"(max-width: 2560px) 100vw, 2560px\" \/><br style=\"color: #000000; font-family: Arial, Helvetica, sans-serif; font-size: 16px;\" \/><span style=\"color: #000000; font-family: Arial, Helvetica, sans-serif; font-size: 16px;\">\u00a0 \u00a0 \u00a0 \u00a0 \u00a0<\/span><\/p><p style=\"text-align: center;\"><strong><span style=\"color: #61b6ce; font-family: Arial, Helvetica, sans-serif; font-size: 16px;\">VAGUE 3 de 15h00<\/span><\/strong><\/p><p style=\"text-align: center;\"><img decoding=\"async\" src=\"https:\/\/cdgolf33.com\/wp-content\/uploads\/2025\/04\/PessacVague_15h-scaled.jpg\" alt=\"\" width=\"2560\" height=\"1920\" class=\"alignnone size-full wp-image-9786\" srcset=\"https:\/\/cdgolf33.com\/wp-content\/uploads\/2025\/04\/PessacVague_15h-scaled.jpg 2560w, https:\/\/cdgolf33.com\/wp-content\/uploads\/2025\/04\/PessacVague_15h-300x225.jpg 300w, https:\/\/cdgolf33.com\/wp-content\/uploads\/2025\/04\/PessacVague_15h-1024x768.jpg 1024w, https:\/\/cdgolf33.com\/wp-content\/uploads\/2025\/04\/PessacVague_15h-768x576.jpg 768w, https:\/\/cdgolf33.com\/wp-content\/uploads\/2025\/04\/PessacVague_15h-1536x1152.jpg 1536w, https:\/\/cdgolf33.com\/wp-content\/uploads\/2025\/04\/PessacVague_15h-2048x1536.jpg 2048w\" sizes=\"(max-width: 2560px) 100vw, 2560px\" \/><\/p>\t\t\t\t\t\t\t\t<\/div>\n\t\t\t\t<\/div>\n\t\t\t\t<div class=\"elementor-element elementor-element-9e6dfa6 elementor-widget elementor-widget-image\" data-id=\"9e6dfa6\" data-element_type=\"widget\" data-e-type=\"widget\" data-widget_type=\"image.default\">\n\t\t\t\t<div class=\"elementor-widget-container\">\n\t\t\t\t\t\t\t\t\t\t\t\t\t\t\t<img loading=\"lazy\" decoding=\"async\" width=\"300\" height=\"130\" src=\"https:\/\/cdgolf33.com\/wp-content\/uploads\/2025\/03\/Logo-PitchandPutt2025-300x130.png\" class=\"attachment-medium size-medium wp-image-9227\" alt=\"\" srcset=\"https:\/\/cdgolf33.com\/wp-content\/uploads\/2025\/03\/Logo-PitchandPutt2025-300x130.png 300w, https:\/\/cdgolf33.com\/wp-content\/uploads\/2025\/03\/Logo-PitchandPutt2025-1024x443.png 1024w, https:\/\/cdgolf33.com\/wp-content\/uploads\/2025\/03\/Logo-PitchandPutt2025-768x332.png 768w, https:\/\/cdgolf33.com\/wp-content\/uploads\/2025\/03\/Logo-PitchandPutt2025-1536x665.png 1536w, https:\/\/cdgolf33.com\/wp-content\/uploads\/2025\/03\/Logo-PitchandPutt2025.png 2010w\" sizes=\"(max-width: 300px) 100vw, 300px\" \/>\t\t\t\t\t\t\t\t\t\t\t\t\t\t\t<\/div>\n\t\t\t\t<\/div>\n\t\t\t\t<div class=\"elementor-element elementor-element-c77526b elementor-widget elementor-widget-text-editor\" data-id=\"c77526b\" data-element_type=\"widget\" data-e-type=\"widget\" data-widget_type=\"text-editor.default\">\n\t\t\t\t<div class=\"elementor-widget-container\">\n\t\t\t\t\t\t\t\t\t<p style=\"text-align: center;\"><span style=\"color: #000000; font-family: Arial, Helvetica, sans-serif; font-size: 16px;\">&nbsp; &nbsp; L<\/span><span style=\"color: #000000; font-family: Arial, Helvetica, sans-serif; font-size: 16px; font-weight: var( --e-global-typography-text-font-weight ); text-align: var(--text-align);\">a f\u00eate continue sur le magnifique parcours&nbsp;<\/span><span style=\"color: #000000; font-family: Arial, Helvetica, sans-serif; font-size: 16px; font-weight: var( --e-global-typography-text-font-weight ); text-align: var(--text-align);\">&nbsp;de Pessac o\u00f9 nous nous sommes tous retrouv\u00e9s pour le troisi\u00e8me tour de notre championnat.<\/span><\/p>\n<p style=\"text-align: center;\"><span style=\"color: #000000; font-family: Arial, Helvetica, sans-serif; font-size: 16px;\">Bravo \u00e0 tous pour votre engouement et votre \u00e9tat d\u2019esprit&nbsp;qui font de cette comp\u00e9tition un \u00e9v\u00e8nement&nbsp;o\u00f9 la convivialit\u00e9,&nbsp;<\/span><span style=\"color: #000000; font-family: Arial, Helvetica, sans-serif; font-size: 16px; font-weight: var( --e-global-typography-text-font-weight );\">la mixit\u00e9&nbsp;<\/span><\/p>\n<p style=\"text-align: center;\"><span style=\"color: #000000; font-family: Arial, Helvetica, sans-serif; font-size: 16px; font-weight: var( --e-global-typography-text-font-weight );\">et la bonne humeur font la particularit\u00e9 et l\u2019intensit\u00e9 du Pitch &amp;&nbsp;Putt.<\/span><\/p>\n<div style=\"text-align: center;\">\n<p><span style=\"color: #000000; font-family: Arial, Helvetica, sans-serif; font-size: 16px;\">Toute l\u2019\u00e9quipe du Comit\u00e9 de golf de la Gironde, vous remercie pour votre participation,&nbsp;&nbsp;<\/span><\/p>\n<p><span style=\"color: #000000; font-family: Arial, Helvetica, sans-serif; font-size: 16px;\">et vous donne rendez vous pour le <b>quatri\u00e8me tour le Dimanche 13 Avril 2025&nbsp;<\/b><\/span><b><br style=\"color: #000000; font-family: Arial, Helvetica, sans-serif; font-size: 16px;\"><span style=\"color: #000000; font-family: Arial, Helvetica, sans-serif; font-size: 16px;\">sur le golf de Margaux.<\/span><\/b><\/p>\n<p style=\"text-align: center;\"><br style=\"color: #000000; font-family: Arial, Helvetica, sans-serif; font-size: 16px;\"><strong><span style=\"color: #61b6ce; font-family: Arial, Helvetica, sans-serif; font-size: 16px;\">L&rsquo;\u00e9quipe du Pitch &amp; Putt Tour 2025<\/span><\/strong><\/p>\n<\/div>\t\t\t\t\t\t\t\t<\/div>\n\t\t\t\t<\/div>\n\t\t\t\t<div class=\"elementor-element elementor-element-e91e1a8 elementor-widget elementor-widget-shortcode\" data-id=\"e91e1a8\" data-element_type=\"widget\" data-e-type=\"widget\" data-widget_type=\"shortcode.default\">\n\t\t\t\t<div class=\"elementor-widget-container\">\n\t\t\t\t\t\t\t<div class=\"elementor-shortcode\"><input type=\"button\" value=\"Retour\" class=\"alg_back_button_input button\" style=\"background-color:#61B6CE\" onclick=\"window.history.back()\" \/><\/div>\n\t\t\t\t\t\t<\/div>\n\t\t\t\t<\/div>\n\t\t\t\t\t<\/div>\n\t\t\t\t<\/div>\n\t\t\t\t<\/div>\n\t\t","protected":false},"excerpt":{"rendered":"<p>Vid\u00e9os des Tours 1, 2, 3 \u00a0 Pitch &amp; Putt 2025 : TOUR 3au Golf de Pessac ayant eu lieu le 29 Mars 2025 \u00a0Les 3 belles vagues de d\u00e9parts \u00e0 Pessac VAGUE 1 de 9h00\u00a0 \u00a0 \u00a0 \u00a0 \u00a0\u00a0VAGUE 2 de 12h00 \u00a0 \u00a0 \u00a0 \u00a0 \u00a0 VAGUE 3 [&hellip;]<\/p>\n","protected":false},"author":2,"featured_media":0,"parent":0,"menu_order":0,"comment_status":"closed","ping_status":"closed","template":"","meta":{"footnotes":""},"class_list":["post-9779","page","type-page","status-publish","hentry"],"yoast_head":"<!-- This site is optimized with the Yoast SEO plugin v27.4 - https:\/\/yoast.com\/product\/yoast-seo-wordpress\/ -->\n<title>Pitch &amp; Putt 2025 : Tour3, compte-rendu - Comit\u00e9 D\u00e9partemental de Golf de Gironde<\/title>\n<meta name=\"robots\" content=\"index, follow, max-snippet:-1, max-image-preview:large, max-video-preview:-1\" \/>\n<link rel=\"canonical\" href=\"https:\/\/cdgolf33.com\/index.php\/pitch-putt-2025-tour3-compte-rendu\/\" \/>\n<meta property=\"og:locale\" content=\"fr_FR\" \/>\n<meta property=\"og:type\" content=\"article\" \/>\n<meta property=\"og:title\" content=\"Pitch &amp; Putt 2025 : Tour3, compte-rendu - Comit\u00e9 D\u00e9partemental de Golf de Gironde\" \/>\n<meta property=\"og:description\" content=\"Vid\u00e9os des Tours 1, 2, 3 \u00a0 Pitch &amp; Putt 2025 : TOUR 3au Golf de Pessac ayant eu lieu le 29 Mars 2025 \u00a0Les 3 belles vagues de d\u00e9parts \u00e0 Pessac VAGUE 1 de 9h00\u00a0 \u00a0 \u00a0 \u00a0 \u00a0\u00a0VAGUE 2 de 12h00 \u00a0 \u00a0 \u00a0 \u00a0 \u00a0 VAGUE 3 [&hellip;]\" \/>\n<meta property=\"og:url\" content=\"https:\/\/cdgolf33.com\/index.php\/pitch-putt-2025-tour3-compte-rendu\/\" \/>\n<meta property=\"og:site_name\" content=\"Comit\u00e9 D\u00e9partemental de Golf de Gironde\" \/>\n<meta property=\"article:modified_time\" content=\"2026-03-14T18:40:57+00:00\" \/>\n<meta property=\"og:image\" content=\"https:\/\/cdgolf33.com\/wp-content\/uploads\/2025\/04\/PessacVague_9h-scaled.jpg\" \/>\n\t<meta property=\"og:image:width\" content=\"2560\" \/>\n\t<meta property=\"og:image:height\" content=\"1707\" \/>\n\t<meta property=\"og:image:type\" content=\"image\/jpeg\" \/>\n<meta name=\"twitter:card\" content=\"summary_large_image\" \/>\n<meta name=\"twitter:site\" content=\"@comitegolf33\" \/>\n<meta name=\"twitter:label1\" content=\"Dur\u00e9e de lecture estim\u00e9e\" \/>\n\t<meta name=\"twitter:data1\" content=\"2 minutes\" \/>\n<script type=\"application\/ld+json\" class=\"yoast-schema-graph\">{\"@context\":\"https:\\\/\\\/schema.org\",\"@graph\":[{\"@type\":\"WebPage\",\"@id\":\"https:\\\/\\\/cdgolf33.com\\\/index.php\\\/pitch-putt-2025-tour3-compte-rendu\\\/\",\"url\":\"https:\\\/\\\/cdgolf33.com\\\/index.php\\\/pitch-putt-2025-tour3-compte-rendu\\\/\",\"name\":\"Pitch & Putt 2025 : Tour3, compte-rendu - Comit\u00e9 D\u00e9partemental de Golf de Gironde\",\"isPartOf\":{\"@id\":\"https:\\\/\\\/cdgolf33.com\\\/#website\"},\"primaryImageOfPage\":{\"@id\":\"https:\\\/\\\/cdgolf33.com\\\/index.php\\\/pitch-putt-2025-tour3-compte-rendu\\\/#primaryimage\"},\"image\":{\"@id\":\"https:\\\/\\\/cdgolf33.com\\\/index.php\\\/pitch-putt-2025-tour3-compte-rendu\\\/#primaryimage\"},\"thumbnailUrl\":\"https:\\\/\\\/cdgolf33.com\\\/wp-content\\\/uploads\\\/2025\\\/04\\\/PessacVague_9h-scaled.jpg\",\"datePublished\":\"2025-04-03T09:29:54+00:00\",\"dateModified\":\"2026-03-14T18:40:57+00:00\",\"breadcrumb\":{\"@id\":\"https:\\\/\\\/cdgolf33.com\\\/index.php\\\/pitch-putt-2025-tour3-compte-rendu\\\/#breadcrumb\"},\"inLanguage\":\"fr-FR\",\"potentialAction\":[{\"@type\":\"ReadAction\",\"target\":[\"https:\\\/\\\/cdgolf33.com\\\/index.php\\\/pitch-putt-2025-tour3-compte-rendu\\\/\"]}]},{\"@type\":\"ImageObject\",\"inLanguage\":\"fr-FR\",\"@id\":\"https:\\\/\\\/cdgolf33.com\\\/index.php\\\/pitch-putt-2025-tour3-compte-rendu\\\/#primaryimage\",\"url\":\"https:\\\/\\\/cdgolf33.com\\\/wp-content\\\/uploads\\\/2025\\\/04\\\/PessacVague_9h-scaled.jpg\",\"contentUrl\":\"https:\\\/\\\/cdgolf33.com\\\/wp-content\\\/uploads\\\/2025\\\/04\\\/PessacVague_9h-scaled.jpg\",\"width\":2560,\"height\":1707},{\"@type\":\"BreadcrumbList\",\"@id\":\"https:\\\/\\\/cdgolf33.com\\\/index.php\\\/pitch-putt-2025-tour3-compte-rendu\\\/#breadcrumb\",\"itemListElement\":[{\"@type\":\"ListItem\",\"position\":1,\"name\":\"Accueil\",\"item\":\"https:\\\/\\\/cdgolf33.com\\\/\"},{\"@type\":\"ListItem\",\"position\":2,\"name\":\"Pitch &#038; Putt 2025 : Tour3, compte-rendu\"}]},{\"@type\":\"WebSite\",\"@id\":\"https:\\\/\\\/cdgolf33.com\\\/#website\",\"url\":\"https:\\\/\\\/cdgolf33.com\\\/\",\"name\":\"Comit\u00e9 D\u00e9partemental de Golf de Gironde\",\"description\":\"Le Comit\u00e9 de Gironde de Golf vous souhaite la bienvenue sur son site !\",\"publisher\":{\"@id\":\"https:\\\/\\\/cdgolf33.com\\\/#organization\"},\"potentialAction\":[{\"@type\":\"SearchAction\",\"target\":{\"@type\":\"EntryPoint\",\"urlTemplate\":\"https:\\\/\\\/cdgolf33.com\\\/?s={search_term_string}\"},\"query-input\":{\"@type\":\"PropertyValueSpecification\",\"valueRequired\":true,\"valueName\":\"search_term_string\"}}],\"inLanguage\":\"fr-FR\"},{\"@type\":\"Organization\",\"@id\":\"https:\\\/\\\/cdgolf33.com\\\/#organization\",\"name\":\"Comit\u00e9 de Golf de Gironde\",\"url\":\"https:\\\/\\\/cdgolf33.com\\\/\",\"logo\":{\"@type\":\"ImageObject\",\"inLanguage\":\"fr-FR\",\"@id\":\"https:\\\/\\\/cdgolf33.com\\\/#\\\/schema\\\/logo\\\/image\\\/\",\"url\":\"https:\\\/\\\/cdgolf33.com\\\/wp-content\\\/uploads\\\/2019\\\/05\\\/LOGOCD33.jpg\",\"contentUrl\":\"https:\\\/\\\/cdgolf33.com\\\/wp-content\\\/uploads\\\/2019\\\/05\\\/LOGOCD33.jpg\",\"width\":220,\"height\":233,\"caption\":\"Comit\u00e9 de Golf de Gironde\"},\"image\":{\"@id\":\"https:\\\/\\\/cdgolf33.com\\\/#\\\/schema\\\/logo\\\/image\\\/\"},\"sameAs\":[\"https:\\\/\\\/x.com\\\/comitegolf33\"]}]}<\/script>\n<!-- \/ Yoast SEO plugin. -->","yoast_head_json":{"title":"Pitch & Putt 2025 : Tour3, compte-rendu - Comit\u00e9 D\u00e9partemental de Golf de Gironde","robots":{"index":"index","follow":"follow","max-snippet":"max-snippet:-1","max-image-preview":"max-image-preview:large","max-video-preview":"max-video-preview:-1"},"canonical":"https:\/\/cdgolf33.com\/index.php\/pitch-putt-2025-tour3-compte-rendu\/","og_locale":"fr_FR","og_type":"article","og_title":"Pitch & Putt 2025 : Tour3, compte-rendu - Comit\u00e9 D\u00e9partemental de Golf de Gironde","og_description":"Vid\u00e9os des Tours 1, 2, 3 \u00a0 Pitch &amp; Putt 2025 : TOUR 3au Golf de Pessac ayant eu lieu le 29 Mars 2025 \u00a0Les 3 belles vagues de d\u00e9parts \u00e0 Pessac VAGUE 1 de 9h00\u00a0 \u00a0 \u00a0 \u00a0 \u00a0\u00a0VAGUE 2 de 12h00 \u00a0 \u00a0 \u00a0 \u00a0 \u00a0 VAGUE 3 [&hellip;]","og_url":"https:\/\/cdgolf33.com\/index.php\/pitch-putt-2025-tour3-compte-rendu\/","og_site_name":"Comit\u00e9 D\u00e9partemental de Golf de Gironde","article_modified_time":"2026-03-14T18:40:57+00:00","og_image":[{"width":2560,"height":1707,"url":"https:\/\/cdgolf33.com\/wp-content\/uploads\/2025\/04\/PessacVague_9h-scaled.jpg","type":"image\/jpeg"}],"twitter_card":"summary_large_image","twitter_site":"@comitegolf33","twitter_misc":{"Dur\u00e9e de lecture estim\u00e9e":"2 minutes"},"schema":{"@context":"https:\/\/schema.org","@graph":[{"@type":"WebPage","@id":"https:\/\/cdgolf33.com\/index.php\/pitch-putt-2025-tour3-compte-rendu\/","url":"https:\/\/cdgolf33.com\/index.php\/pitch-putt-2025-tour3-compte-rendu\/","name":"Pitch & Putt 2025 : Tour3, compte-rendu - Comit\u00e9 D\u00e9partemental de Golf de Gironde","isPartOf":{"@id":"https:\/\/cdgolf33.com\/#website"},"primaryImageOfPage":{"@id":"https:\/\/cdgolf33.com\/index.php\/pitch-putt-2025-tour3-compte-rendu\/#primaryimage"},"image":{"@id":"https:\/\/cdgolf33.com\/index.php\/pitch-putt-2025-tour3-compte-rendu\/#primaryimage"},"thumbnailUrl":"https:\/\/cdgolf33.com\/wp-content\/uploads\/2025\/04\/PessacVague_9h-scaled.jpg","datePublished":"2025-04-03T09:29:54+00:00","dateModified":"2026-03-14T18:40:57+00:00","breadcrumb":{"@id":"https:\/\/cdgolf33.com\/index.php\/pitch-putt-2025-tour3-compte-rendu\/#breadcrumb"},"inLanguage":"fr-FR","potentialAction":[{"@type":"ReadAction","target":["https:\/\/cdgolf33.com\/index.php\/pitch-putt-2025-tour3-compte-rendu\/"]}]},{"@type":"ImageObject","inLanguage":"fr-FR","@id":"https:\/\/cdgolf33.com\/index.php\/pitch-putt-2025-tour3-compte-rendu\/#primaryimage","url":"https:\/\/cdgolf33.com\/wp-content\/uploads\/2025\/04\/PessacVague_9h-scaled.jpg","contentUrl":"https:\/\/cdgolf33.com\/wp-content\/uploads\/2025\/04\/PessacVague_9h-scaled.jpg","width":2560,"height":1707},{"@type":"BreadcrumbList","@id":"https:\/\/cdgolf33.com\/index.php\/pitch-putt-2025-tour3-compte-rendu\/#breadcrumb","itemListElement":[{"@type":"ListItem","position":1,"name":"Accueil","item":"https:\/\/cdgolf33.com\/"},{"@type":"ListItem","position":2,"name":"Pitch &#038; Putt 2025 : Tour3, compte-rendu"}]},{"@type":"WebSite","@id":"https:\/\/cdgolf33.com\/#website","url":"https:\/\/cdgolf33.com\/","name":"Comit\u00e9 D\u00e9partemental de Golf de Gironde","description":"Le Comit\u00e9 de Gironde de Golf vous souhaite la bienvenue sur son site !","publisher":{"@id":"https:\/\/cdgolf33.com\/#organization"},"potentialAction":[{"@type":"SearchAction","target":{"@type":"EntryPoint","urlTemplate":"https:\/\/cdgolf33.com\/?s={search_term_string}"},"query-input":{"@type":"PropertyValueSpecification","valueRequired":true,"valueName":"search_term_string"}}],"inLanguage":"fr-FR"},{"@type":"Organization","@id":"https:\/\/cdgolf33.com\/#organization","name":"Comit\u00e9 de Golf de Gironde","url":"https:\/\/cdgolf33.com\/","logo":{"@type":"ImageObject","inLanguage":"fr-FR","@id":"https:\/\/cdgolf33.com\/#\/schema\/logo\/image\/","url":"https:\/\/cdgolf33.com\/wp-content\/uploads\/2019\/05\/LOGOCD33.jpg","contentUrl":"https:\/\/cdgolf33.com\/wp-content\/uploads\/2019\/05\/LOGOCD33.jpg","width":220,"height":233,"caption":"Comit\u00e9 de Golf de Gironde"},"image":{"@id":"https:\/\/cdgolf33.com\/#\/schema\/logo\/image\/"},"sameAs":["https:\/\/x.com\/comitegolf33"]}]}},"_links":{"self":[{"href":"https:\/\/cdgolf33.com\/index.php\/wp-json\/wp\/v2\/pages\/9779","targetHints":{"allow":["GET"]}}],"collection":[{"href":"https:\/\/cdgolf33.com\/index.php\/wp-json\/wp\/v2\/pages"}],"about":[{"href":"https:\/\/cdgolf33.com\/index.php\/wp-json\/wp\/v2\/types\/page"}],"author":[{"embeddable":true,"href":"https:\/\/cdgolf33.com\/index.php\/wp-json\/wp\/v2\/users\/2"}],"replies":[{"embeddable":true,"href":"https:\/\/cdgolf33.com\/index.php\/wp-json\/wp\/v2\/comments?post=9779"}],"version-history":[{"count":19,"href":"https:\/\/cdgolf33.com\/index.php\/wp-json\/wp\/v2\/pages\/9779\/revisions"}],"predecessor-version":[{"id":13383,"href":"https:\/\/cdgolf33.com\/index.php\/wp-json\/wp\/v2\/pages\/9779\/revisions\/13383"}],"wp:attachment":[{"href":"https:\/\/cdgolf33.com\/index.php\/wp-json\/wp\/v2\/media?parent=9779"}],"curies":[{"name":"wp","href":"https:\/\/api.w.org\/{rel}","templated":true}]}}