{"id":9829,"date":"2025-04-07T22:53:22","date_gmt":"2025-04-07T20:53:22","guid":{"rendered":"https:\/\/cdgolf33.com\/?page_id=9829"},"modified":"2025-04-22T10:30:23","modified_gmt":"2025-04-22T08:30:23","slug":"pitch-putt-2025-liste-des-inscrits-au-tour-n5","status":"publish","type":"page","link":"https:\/\/cdgolf33.com\/index.php\/pitch-putt-2025-liste-des-inscrits-au-tour-n5\/","title":{"rendered":"Pitch &#038; Putt 2025 : liste des inscrits au Tour N\u00b05"},"content":{"rendered":"\t\t<div data-elementor-type=\"wp-page\" data-elementor-id=\"9829\" class=\"elementor elementor-9829\">\n\t\t\t\t<div class=\"elementor-element elementor-element-9fc21ee e-flex e-con-boxed e-con e-parent\" data-id=\"9fc21ee\" data-element_type=\"container\" data-e-type=\"container\">\n\t\t\t\t\t<div class=\"e-con-inner\">\n\t\t\t\t<div class=\"elementor-element elementor-element-9d683dd elementor-widget elementor-widget-text-editor\" data-id=\"9d683dd\" data-element_type=\"widget\" data-e-type=\"widget\" data-widget_type=\"text-editor.default\">\n\t\t\t\t<div class=\"elementor-widget-container\">\n\t\t\t\t\t\t\t\t\t<p><strong>Liste des inscrits au Tour N\u00b05<\/strong><\/p><p>Mise \u00e0 jour le <b>22\/04\/2025 &#8211; 12:00<\/b><\/p><p><b style=\"font-size: inherit; font-family: var( --e-global-typography-text-font-family ), Sans-serif; text-align: var(--text-align); color: #000000;\">Les inscriptions au del\u00e0 de 108 sont mises en liste d&rsquo;attente.<\/b><\/p><p><strong>Les joueurs et joueuses sont list\u00e9(e)s par date et heure croissantes d&rsquo;inscription.<\/strong><\/p><p><span style=\"color: #ff0000;\">Les changements demand\u00e9s sont notifi\u00e9s\u00a0<\/span><span style=\"color: #ff0000; font-family: var( --e-global-typography-text-font-family ), Sans-serif; font-weight: var( --e-global-typography-text-font-weight ); text-align: var(--text-align);\">dans la liste ci-dessous<\/span><span style=\"color: #ff0000; font-family: var( --e-global-typography-text-font-family ), Sans-serif; font-weight: var( --e-global-typography-text-font-weight ); text-align: var(--text-align);\">\u00a0<\/span><span style=\"color: #ff0000; font-size: inherit; font-family: var( --e-global-typography-text-font-family ), Sans-serif; font-weight: var( --e-global-typography-text-font-weight ); text-align: var(--text-align);\">au niveau de la colonne \u00ab\u00a0Vague de d\u00e9part\u00a0\u00bb (changement de vague, annulation, liste d&rsquo;attente).<\/span><\/p>\t\t\t\t\t\t\t\t<\/div>\n\t\t\t\t<\/div>\n\t\t\t\t\t<\/div>\n\t\t\t\t<\/div>\n\t\t<div class=\"elementor-element elementor-element-fc7ef7f e-flex e-con-boxed e-con e-parent\" data-id=\"fc7ef7f\" data-element_type=\"container\" data-e-type=\"container\">\n\t\t\t\t\t<div class=\"e-con-inner\">\n\t\t\t\t<div class=\"elementor-element elementor-element-31afc04 elementor-widget elementor-widget-counter\" data-id=\"31afc04\" data-element_type=\"widget\" data-e-type=\"widget\" data-widget_type=\"counter.default\">\n\t\t\t\t<div class=\"elementor-widget-container\">\n\t\t\t\t\t\t\t<div class=\"elementor-counter\">\n\t\t\t<div class=\"elementor-counter-title\">Nombre d'inscrits<\/div>\t\t\t<div class=\"elementor-counter-number-wrapper\">\n\t\t\t\t<span class=\"elementor-counter-number-prefix\"><\/span>\n\t\t\t\t<span class=\"elementor-counter-number\" data-duration=\"1000\" data-to-value=\"78\" data-from-value=\"0\" data-delimiter=\",\">0<\/span>\n\t\t\t\t<span class=\"elementor-counter-number-suffix\"><\/span>\n\t\t\t<\/div>\n\t\t<\/div>\n\t\t\t\t\t\t<\/div>\n\t\t\t\t<\/div>\n\t\t\t\t<div class=\"elementor-element elementor-element-a30226a elementor-widget__width-initial elementor-widget elementor-widget-shortcode\" data-id=\"a30226a\" data-element_type=\"widget\" data-e-type=\"widget\" data-widget_type=\"shortcode.default\">\n\t\t\t\t<div class=\"elementor-widget-container\">\n\t\t\t\t\t\t\t<div class=\"elementor-shortcode\"><iframe width=\"402\" height=\"346\" frameborder=\"0\" scrolling=\"no\" src=\"https:\/\/1drv.ms\/x\/c\/eb7f4b2553ac692d\/IQR05MGjtaPGS4xYu3SFRJWRAdrsqVLz6jCtaS0-B6tTu5c?em=2&wdAllowInteractivity=False&wdHideGridlines=True&wdHideHeaders=True&wdDownloadButton=True&wdInConfigurator=True&wdInConfigurator=True&edaebf=cc\"><\/iframe><\/div>\n\t\t\t\t\t\t<\/div>\n\t\t\t\t<\/div>\n\t\t\t\t<div class=\"elementor-element elementor-element-2904bda elementor-widget elementor-widget-text-editor\" data-id=\"2904bda\" data-element_type=\"widget\" data-e-type=\"widget\" data-widget_type=\"text-editor.default\">\n\t\t\t\t<div class=\"elementor-widget-container\">\n\t\t\t\t\t\t\t\t\t<p>NB : vous pouvez t\u00e9l\u00e9charger la liste ci-dessus en cliquant sur l&rsquo;icone rectangulaire avec fl\u00e8che situ\u00e9e dans la barre noire inf\u00e9rieure.<\/p>\t\t\t\t\t\t\t\t<\/div>\n\t\t\t\t<\/div>\n\t\t\t\t<div class=\"elementor-element elementor-element-3f2fae1 elementor-widget elementor-widget-shortcode\" data-id=\"3f2fae1\" data-element_type=\"widget\" data-e-type=\"widget\" data-widget_type=\"shortcode.default\">\n\t\t\t\t<div class=\"elementor-widget-container\">\n\t\t\t\t\t\t\t<div class=\"elementor-shortcode\"><input type=\"button\" value=\"Retour\" class=\"alg_back_button_input button\" style=\"background-color:#61B6CE\" onclick=\"window.history.back()\" \/><\/div>\n\t\t\t\t\t\t<\/div>\n\t\t\t\t<\/div>\n\t\t\t\t\t<\/div>\n\t\t\t\t<\/div>\n\t\t\t\t<\/div>\n\t\t","protected":false},"excerpt":{"rendered":"<p>Liste des inscrits au Tour N\u00b05 Mise \u00e0 jour le 22\/04\/2025 &#8211; 12:00 Les inscriptions au del\u00e0 de 108 sont mises en liste d&rsquo;attente. Les joueurs et joueuses sont list\u00e9(e)s par date et heure croissantes d&rsquo;inscription. Les changements demand\u00e9s sont notifi\u00e9s\u00a0dans la liste ci-dessous\u00a0au niveau de la colonne \u00ab\u00a0Vague de [&hellip;]<\/p>\n","protected":false},"author":2,"featured_media":0,"parent":0,"menu_order":0,"comment_status":"closed","ping_status":"closed","template":"","meta":{"footnotes":""},"class_list":["post-9829","page","type-page","status-publish","hentry"],"yoast_head":"<!-- This site is optimized with the Yoast SEO plugin v27.4 - https:\/\/yoast.com\/product\/yoast-seo-wordpress\/ -->\n<title>Pitch &amp; Putt 2025 : liste des inscrits au Tour N\u00b05 - Comit\u00e9 D\u00e9partemental de Golf de Gironde<\/title>\n<meta name=\"robots\" content=\"index, follow, max-snippet:-1, max-image-preview:large, max-video-preview:-1\" \/>\n<link rel=\"canonical\" href=\"https:\/\/cdgolf33.com\/index.php\/pitch-putt-2025-liste-des-inscrits-au-tour-n5\/\" \/>\n<meta property=\"og:locale\" content=\"fr_FR\" \/>\n<meta property=\"og:type\" content=\"article\" \/>\n<meta property=\"og:title\" content=\"Pitch &amp; Putt 2025 : liste des inscrits au Tour N\u00b05 - Comit\u00e9 D\u00e9partemental de Golf de Gironde\" \/>\n<meta property=\"og:description\" content=\"Liste des inscrits au Tour N\u00b05 Mise \u00e0 jour le 22\/04\/2025 &#8211; 12:00 Les inscriptions au del\u00e0 de 108 sont mises en liste d&rsquo;attente. Les joueurs et joueuses sont list\u00e9(e)s par date et heure croissantes d&rsquo;inscription. Les changements demand\u00e9s sont notifi\u00e9s\u00a0dans la liste ci-dessous\u00a0au niveau de la colonne \u00ab\u00a0Vague de [&hellip;]\" \/>\n<meta property=\"og:url\" content=\"https:\/\/cdgolf33.com\/index.php\/pitch-putt-2025-liste-des-inscrits-au-tour-n5\/\" \/>\n<meta property=\"og:site_name\" content=\"Comit\u00e9 D\u00e9partemental de Golf de Gironde\" \/>\n<meta property=\"article:modified_time\" content=\"2025-04-22T08:30:23+00:00\" \/>\n<meta name=\"twitter:card\" content=\"summary_large_image\" \/>\n<meta name=\"twitter:site\" content=\"@comitegolf33\" \/>\n<meta name=\"twitter:label1\" content=\"Dur\u00e9e de lecture estim\u00e9e\" \/>\n\t<meta name=\"twitter:data1\" content=\"1 minute\" \/>\n<script type=\"application\/ld+json\" class=\"yoast-schema-graph\">{\"@context\":\"https:\\\/\\\/schema.org\",\"@graph\":[{\"@type\":\"WebPage\",\"@id\":\"https:\\\/\\\/cdgolf33.com\\\/index.php\\\/pitch-putt-2025-liste-des-inscrits-au-tour-n5\\\/\",\"url\":\"https:\\\/\\\/cdgolf33.com\\\/index.php\\\/pitch-putt-2025-liste-des-inscrits-au-tour-n5\\\/\",\"name\":\"Pitch & Putt 2025 : liste des inscrits au Tour N\u00b05 - Comit\u00e9 D\u00e9partemental de Golf de Gironde\",\"isPartOf\":{\"@id\":\"https:\\\/\\\/cdgolf33.com\\\/#website\"},\"datePublished\":\"2025-04-07T20:53:22+00:00\",\"dateModified\":\"2025-04-22T08:30:23+00:00\",\"breadcrumb\":{\"@id\":\"https:\\\/\\\/cdgolf33.com\\\/index.php\\\/pitch-putt-2025-liste-des-inscrits-au-tour-n5\\\/#breadcrumb\"},\"inLanguage\":\"fr-FR\",\"potentialAction\":[{\"@type\":\"ReadAction\",\"target\":[\"https:\\\/\\\/cdgolf33.com\\\/index.php\\\/pitch-putt-2025-liste-des-inscrits-au-tour-n5\\\/\"]}]},{\"@type\":\"BreadcrumbList\",\"@id\":\"https:\\\/\\\/cdgolf33.com\\\/index.php\\\/pitch-putt-2025-liste-des-inscrits-au-tour-n5\\\/#breadcrumb\",\"itemListElement\":[{\"@type\":\"ListItem\",\"position\":1,\"name\":\"Accueil\",\"item\":\"https:\\\/\\\/cdgolf33.com\\\/\"},{\"@type\":\"ListItem\",\"position\":2,\"name\":\"Pitch &#038; Putt 2025 : liste des inscrits au Tour N\u00b05\"}]},{\"@type\":\"WebSite\",\"@id\":\"https:\\\/\\\/cdgolf33.com\\\/#website\",\"url\":\"https:\\\/\\\/cdgolf33.com\\\/\",\"name\":\"Comit\u00e9 D\u00e9partemental de Golf de Gironde\",\"description\":\"Le Comit\u00e9 de Gironde de Golf vous souhaite la bienvenue sur son site !\",\"publisher\":{\"@id\":\"https:\\\/\\\/cdgolf33.com\\\/#organization\"},\"potentialAction\":[{\"@type\":\"SearchAction\",\"target\":{\"@type\":\"EntryPoint\",\"urlTemplate\":\"https:\\\/\\\/cdgolf33.com\\\/?s={search_term_string}\"},\"query-input\":{\"@type\":\"PropertyValueSpecification\",\"valueRequired\":true,\"valueName\":\"search_term_string\"}}],\"inLanguage\":\"fr-FR\"},{\"@type\":\"Organization\",\"@id\":\"https:\\\/\\\/cdgolf33.com\\\/#organization\",\"name\":\"Comit\u00e9 de Golf de Gironde\",\"url\":\"https:\\\/\\\/cdgolf33.com\\\/\",\"logo\":{\"@type\":\"ImageObject\",\"inLanguage\":\"fr-FR\",\"@id\":\"https:\\\/\\\/cdgolf33.com\\\/#\\\/schema\\\/logo\\\/image\\\/\",\"url\":\"https:\\\/\\\/cdgolf33.com\\\/wp-content\\\/uploads\\\/2019\\\/05\\\/LOGOCD33.jpg\",\"contentUrl\":\"https:\\\/\\\/cdgolf33.com\\\/wp-content\\\/uploads\\\/2019\\\/05\\\/LOGOCD33.jpg\",\"width\":220,\"height\":233,\"caption\":\"Comit\u00e9 de Golf de Gironde\"},\"image\":{\"@id\":\"https:\\\/\\\/cdgolf33.com\\\/#\\\/schema\\\/logo\\\/image\\\/\"},\"sameAs\":[\"https:\\\/\\\/x.com\\\/comitegolf33\"]}]}<\/script>\n<!-- \/ Yoast SEO plugin. -->","yoast_head_json":{"title":"Pitch & Putt 2025 : liste des inscrits au Tour N\u00b05 - Comit\u00e9 D\u00e9partemental de Golf de Gironde","robots":{"index":"index","follow":"follow","max-snippet":"max-snippet:-1","max-image-preview":"max-image-preview:large","max-video-preview":"max-video-preview:-1"},"canonical":"https:\/\/cdgolf33.com\/index.php\/pitch-putt-2025-liste-des-inscrits-au-tour-n5\/","og_locale":"fr_FR","og_type":"article","og_title":"Pitch & Putt 2025 : liste des inscrits au Tour N\u00b05 - Comit\u00e9 D\u00e9partemental de Golf de Gironde","og_description":"Liste des inscrits au Tour N\u00b05 Mise \u00e0 jour le 22\/04\/2025 &#8211; 12:00 Les inscriptions au del\u00e0 de 108 sont mises en liste d&rsquo;attente. Les joueurs et joueuses sont list\u00e9(e)s par date et heure croissantes d&rsquo;inscription. Les changements demand\u00e9s sont notifi\u00e9s\u00a0dans la liste ci-dessous\u00a0au niveau de la colonne \u00ab\u00a0Vague de [&hellip;]","og_url":"https:\/\/cdgolf33.com\/index.php\/pitch-putt-2025-liste-des-inscrits-au-tour-n5\/","og_site_name":"Comit\u00e9 D\u00e9partemental de Golf de Gironde","article_modified_time":"2025-04-22T08:30:23+00:00","twitter_card":"summary_large_image","twitter_site":"@comitegolf33","twitter_misc":{"Dur\u00e9e de lecture estim\u00e9e":"1 minute"},"schema":{"@context":"https:\/\/schema.org","@graph":[{"@type":"WebPage","@id":"https:\/\/cdgolf33.com\/index.php\/pitch-putt-2025-liste-des-inscrits-au-tour-n5\/","url":"https:\/\/cdgolf33.com\/index.php\/pitch-putt-2025-liste-des-inscrits-au-tour-n5\/","name":"Pitch & Putt 2025 : liste des inscrits au Tour N\u00b05 - Comit\u00e9 D\u00e9partemental de Golf de Gironde","isPartOf":{"@id":"https:\/\/cdgolf33.com\/#website"},"datePublished":"2025-04-07T20:53:22+00:00","dateModified":"2025-04-22T08:30:23+00:00","breadcrumb":{"@id":"https:\/\/cdgolf33.com\/index.php\/pitch-putt-2025-liste-des-inscrits-au-tour-n5\/#breadcrumb"},"inLanguage":"fr-FR","potentialAction":[{"@type":"ReadAction","target":["https:\/\/cdgolf33.com\/index.php\/pitch-putt-2025-liste-des-inscrits-au-tour-n5\/"]}]},{"@type":"BreadcrumbList","@id":"https:\/\/cdgolf33.com\/index.php\/pitch-putt-2025-liste-des-inscrits-au-tour-n5\/#breadcrumb","itemListElement":[{"@type":"ListItem","position":1,"name":"Accueil","item":"https:\/\/cdgolf33.com\/"},{"@type":"ListItem","position":2,"name":"Pitch &#038; Putt 2025 : liste des inscrits au Tour N\u00b05"}]},{"@type":"WebSite","@id":"https:\/\/cdgolf33.com\/#website","url":"https:\/\/cdgolf33.com\/","name":"Comit\u00e9 D\u00e9partemental de Golf de Gironde","description":"Le Comit\u00e9 de Gironde de Golf vous souhaite la bienvenue sur son site !","publisher":{"@id":"https:\/\/cdgolf33.com\/#organization"},"potentialAction":[{"@type":"SearchAction","target":{"@type":"EntryPoint","urlTemplate":"https:\/\/cdgolf33.com\/?s={search_term_string}"},"query-input":{"@type":"PropertyValueSpecification","valueRequired":true,"valueName":"search_term_string"}}],"inLanguage":"fr-FR"},{"@type":"Organization","@id":"https:\/\/cdgolf33.com\/#organization","name":"Comit\u00e9 de Golf de Gironde","url":"https:\/\/cdgolf33.com\/","logo":{"@type":"ImageObject","inLanguage":"fr-FR","@id":"https:\/\/cdgolf33.com\/#\/schema\/logo\/image\/","url":"https:\/\/cdgolf33.com\/wp-content\/uploads\/2019\/05\/LOGOCD33.jpg","contentUrl":"https:\/\/cdgolf33.com\/wp-content\/uploads\/2019\/05\/LOGOCD33.jpg","width":220,"height":233,"caption":"Comit\u00e9 de Golf de Gironde"},"image":{"@id":"https:\/\/cdgolf33.com\/#\/schema\/logo\/image\/"},"sameAs":["https:\/\/x.com\/comitegolf33"]}]}},"_links":{"self":[{"href":"https:\/\/cdgolf33.com\/index.php\/wp-json\/wp\/v2\/pages\/9829","targetHints":{"allow":["GET"]}}],"collection":[{"href":"https:\/\/cdgolf33.com\/index.php\/wp-json\/wp\/v2\/pages"}],"about":[{"href":"https:\/\/cdgolf33.com\/index.php\/wp-json\/wp\/v2\/types\/page"}],"author":[{"embeddable":true,"href":"https:\/\/cdgolf33.com\/index.php\/wp-json\/wp\/v2\/users\/2"}],"replies":[{"embeddable":true,"href":"https:\/\/cdgolf33.com\/index.php\/wp-json\/wp\/v2\/comments?post=9829"}],"version-history":[{"count":49,"href":"https:\/\/cdgolf33.com\/index.php\/wp-json\/wp\/v2\/pages\/9829\/revisions"}],"predecessor-version":[{"id":10329,"href":"https:\/\/cdgolf33.com\/index.php\/wp-json\/wp\/v2\/pages\/9829\/revisions\/10329"}],"wp:attachment":[{"href":"https:\/\/cdgolf33.com\/index.php\/wp-json\/wp\/v2\/media?parent=9829"}],"curies":[{"name":"wp","href":"https:\/\/api.w.org\/{rel}","templated":true}]}}